{"id":80079,"date":"2024-12-10T10:28:28","date_gmt":"2024-12-10T10:28:28","guid":{"rendered":"https:\/\/www.cofb.org\/?page_id=80079"},"modified":"2025-01-17T11:01:50","modified_gmt":"2025-01-17T11:01:50","slug":"politica-de-privacitat-i-avis-legal-app-del-cofb","status":"publish","type":"page","link":"https:\/\/www.cofb.org\/es\/politica-de-privacitat-i-avis-legal-app-del-cofb\/","title":{"rendered":"Condiciones de uso y Pol\u00edtica de privacidad de la APP \u201cCOFB, herramienta trabajo farmac\u00e9utico\u201d"},"content":{"rendered":"<p><strong>Identificaci\u00f3n<\/strong><br><br>El Colegio de Farmac\u00e9uticos de la Provincia de Barcelona (en adelante COFB o Colegio), es una corporaci\u00f3n de derecho p\u00fablico, registrada en el Registro de Colegios Profesionales del Departamento de Justicia e Interior de la Generalidad de Catalu\u00f1a, es el responsable del desarrollo, puesta en producci\u00f3n y explotaci\u00f3n de la APP \u201cCOFB, herramienta el trabajo farmac\u00e9utico\u201d, que proporciona el trabajo farmac\u00e9utico\u201d, para conocer y estar informado de la actividad colegial.<\/p>\n\n\n\n<p><strong>Sus datos contacto e identificaci\u00f3n son: <\/strong>calle Girona, n\u00famero 64, bajos, 08009 BARCELONA, tel\u00e9fono 93 244 07 10, e-mail\u00a0<a href=\"mailto:cofb@cofb.net\">cofb@cofb.net<\/a>\u00a0y n\u00famero de identificaci\u00f3n fiscal Q-0866002-I. Esta instituci\u00f3n se rige por las Leyes de Colegios Profesionales estatal y auton\u00f3mica, y por sus propios estatutos declarados adecuados a la legalidad por el citado departamento por resoluci\u00f3n JUS\/1414\/2008 de 6 de mayo, publicados en el DOGC de 15 de mayo de 20.<\/p>\n\n\n\n<p><strong>Propiedad inteligencia<\/strong>e<strong>ctual<\/strong><br><br>Todo el contenido de esta app es propiedad del Colegio y comprende, a t\u00edtulo enunciativo no limitativo los siguientes elementos: textos, gr\u00e1ficos, im\u00e1genes, logotipos, archivos de software, colores, estructura, selecci\u00f3n, ordenaci\u00f3n y presentaci\u00f3n de contenidos, programa de ordenador para la creaci\u00f3n y el funcionamiento, y est\u00e1 totalmente prohibida la reproducci\u00f3n total y\/o parcial, la comunicaci\u00f3n p\u00fablica y el almacenamiento Ley de propiedad intelectual, sin obtener el consentimiento previo del Colegio.<br><strong><br>Acceso de los usuarios<\/strong><br><strong><br><\/strong>El acceso a la app requiere una autorizaci\u00f3n previa mediante la adjudicaci\u00f3n de un nombre de usuario y contrase\u00f1a que se concede a los farmac\u00e9uticos colegiados, a los empleados del Colegio ya empresas, instituciones u otros organismos relacionados con el sector, para conocer y estar informado de la actividad colegial.<br><br>El usuario se compromete a utilizar este servicio de conformidad con la Ley, las condiciones generales contenidas en este aviso legal, la moral, las buenas costumbres y el orden p\u00fablico. En consecuencia, el usuario se obliga a abstenerse de hacer un uso que puedan lesionar los derechos e intereses de la instituci\u00f3n y de terceros o que de cualquier modo pueda comportar un impedimento en el acceso de otros usuarios autorizados y se hace responsable de los da\u00f1os y perjuicios que el Colegio deba soportar por motivo de este uso de la app.<br><br>Sin embargo, el Colegio se reserva el derecho a suspender y\/o cancelar la autorizaci\u00f3n al acceso, en caso de que el usuario haga un uso inadecuado, cuando se modifiquen las circunstancias en virtud de las cuales se le adjudic\u00f3, o cuando en la modificaci\u00f3n de las claves de acceso utilice palabras malsonantes, injuriosas o degradadoras contrarias a la ley.<br><br><strong>Limitaci\u00f3n de responsabilidad<\/strong><br><br>El Colegio advierte que los contenidos de esta app son de car\u00e1cter informativo para los colegiados y declina toda responsabilidad sobre la informaci\u00f3n que se ofrezca mediante la reproducci\u00f3n de documentos elaborados por otras administraciones p\u00fablicas, noticias de prensa y servicios que proporcionen compa\u00f1\u00edas ajenas al Colegio, dirigidos a los colegiados, como por ejemplo, la agencia de viajes, la banca.<br><br>Tampoco puede hacerse responsable de las versiones electr\u00f3nicas de los documentos publicados en diarios oficiales, cuando se carguen directamente, de las noticias aparecidas en peri\u00f3dicos y revistas de informaci\u00f3n, ni de los contenidos de los links de inter\u00e9s.<br><br>El Colegio se reserva el derecho de modificar, actualizar o suprimir cualquiera de los contenidos de esta web.<br><br>Tampoco se responsabiliza de los da\u00f1os y perjuicios ocasionados en el sistema operativo de los m\u00f3viles de los usuarios por la existencia de virus no detectados oa otros elementos lesivos en los contenidos.<br><br><strong>Pol\u00edtica de Privacidad \u00a0<\/strong><br><br>De acuerdo con el Reglamento del Parlamento Europeo y del Consejo de Protecci\u00f3n de Datos de 27 de abril de 2016 y la ley 3\/2018 de 5 de diciembre de protecci\u00f3n de datos de car\u00e1cter personal y garant\u00eda de los derechos digitales se proporciona informaci\u00f3n b\u00e1sica sobre el tratamiento de los datos:<br><br>El Colegio de Farmac\u00e9uticos de la Provincia de Barcelona es el responsable de tratamiento de la base de datos que se genera con el acceso de los usuarios a esta app. Datos de contacto: C\/ Girona 64, 08009 Barcelona, tel\u00e9fono 932440710, e-mail <a href=\"mailto:cofb@cofb.net\">cofb@cofb.net<\/a><br><br>Datos del Representante: D\u00aa Mercedes Gras Balaguer, C\/ Girona 64, 08009 Barcelona Correo electr\u00f3nico\u00a0<a href=\"http:\/\/mailto.gerencia@cofb.net\/\">gerencia@cofb.net<\/a>Tel. 932440719<br><br>Datos del Delegado de Protecci\u00f3n de Datos: Mercedes Gras Balaguer, sus datos de contacto son los siguientes: C\/ Girona 64, 08009 Barcelona Correo electr\u00f3nico\u00a0<a href=\"mailto:protecciodades.cofb@cofb.cat\">protecciodades.cofb@cofb.cat<\/a> \u00a0Tel. 932440719<\/p>\n\n\n\n<p><strong>Datos personales que tratamos<\/strong><\/p>\n\n\n\n<p>A trav\u00e9s de esta app s\u00f3lo recopilamos la informaci\u00f3n de identificaci\u00f3n del usuario (ID) y su contrase\u00f1a necesaria para darle acceso a la app, y opcionalmente, con el consentimiento del usuario, recopilamos la ID de su dispositivo para poder enviarle notificaciones referentes a su actividad colegial.<br><br>Con el fin de ofrecer un mejor servicio y para facilitar la usabilidad de la app, se contabilizan y analizan el n\u00famero de p\u00e1ginas visitadas, el n\u00famero de las visitas y la actividad de las personas que las visitan, \u00fanicamente con fines estad\u00edsticos.<br><br>No se utilizan cookies para recoger informaci\u00f3n de datos de car\u00e1cter personal y no se registran direcciones IP. S\u00f3lo se utilizan cookies propias, de sesi\u00f3n, con finalidad t\u00e9cnica. Los enlaces a terceros que tiene esta app que no sean del COFB tienen unas pol\u00edticas de privacidad ajenas y el COFB no se hace responsable.\u00a0<br><br>Trataremos sus datos personales \u00fanicamente cuando se est\u00e9 ejecutando por acci\u00f3n del usuario.<br><br><strong>Finalidad del tratamiento: <\/strong>Las finalidades propias del funcionamiento del acceso a la correcta identificaci\u00f3n de los usuarios en la app y otras funciones que permitan mejorar la prestaci\u00f3n del servicio, comunicar incidencias y realizar acci\u00f3n comercial propia de la app.<br><br><strong>Conservaci\u00f3n de los datos: <\/strong>La informaci\u00f3n de los accesos se conserva mientras el usuario est\u00e1 conectado a la app, y una vez finalizado, los datos ser\u00e1n cancelados, hasta el plazo en que prescriban las acciones legales contra el uso inadecuado de las mismas, transcurrido este per\u00edodo, los datos ser\u00e1n destruidos.<br><strong><br><\/strong>No se producen decisiones automatizadas, ni perfiles de actividad del usuario en concreto a trav\u00e9s de la app.<\/p>\n\n\n\n<p><strong>Legitimaci\u00f3n: <\/strong>El Colegio como corporaci\u00f3n de derecho p\u00fablico de acuerdo con las Leyes de Colegios profesionales y sus Estatutos se comunica con sus colegiados a trav\u00e9s de esta herramienta, entre otros y el consentimiento del usuario en acceder a la app y aceptar los criterios de navegaci\u00f3n. El interesado para conocer la actividad colegial debe acceder a la app<strong>.<br>\u00a0<br>Destinatarios: <\/strong>no est\u00e1 prevista ninguna cesi\u00f3n de datos ni transferencias internacionales de los datos.<br><br><strong>Medidas de seguridad: <\/strong>Los datos personales ser\u00e1n tratados de forma absolutamente confidencial El COFB ha implantado medidas t\u00e9cnicas y organizativas, como la doble autenticaci\u00f3n, adecuadas para garantizar su seguridad y evitar su destrucci\u00f3n, p\u00e9rdida, acceso il\u00edcito o alteraci\u00f3n il\u00edcita de los datos personales de los usuarios de la app. A la hora de determinar estas medidas, se han tenido en cuenta criterios como el alcance, los contextos y las finalidades del tratamiento, el estado de la t\u00e9cnica y los riesgos existentes<strong><br>\u00a0<br>Ejercicio de derechos: <\/strong>El usuario tiene derecho al acceso, rectificaci\u00f3n, cancelaci\u00f3n, supresi\u00f3n, y portabilidad, as\u00ed como a la limitaci\u00f3n y oposici\u00f3n, al tratamiento de sus datos, a retirar el consentimiento prestado con una comunicaci\u00f3n escrita dirigida a la calle Girona n\u00famero 64, 08009 Barcelona o por correo electr\u00f3nico a la direcci\u00f3n \u201c<a href=\"http:\/\/mailto:protecciodades.cofb@cofb.cat\/\">protecciodades.cofb@cofb.cat<\/a>\u201c, y en presentar una reclamaci\u00f3n ante la autoridad de control la Autoridad Catalana de Protecci\u00f3n de Datos.<\/p>\n\n\n\n<p><\/p>","protected":false},"excerpt":{"rendered":"<p>Identificaci\u00f3n El Colegio de Farmac\u00e9uticos de la Provincia de Barcelona (en adelante COFB o Colegio), es una corporaci\u00f3n de derecho p\u00fablico, registrada en el Registro de Colegios Profesionales del Departamento de Justicia e Interior de la Generalidad de Catalu\u00f1a, es el responsable del desarrollo, puesta en producci\u00f3n y explotaci\u00f3n de [\u2026]<\/p>","protected":false},"author":7,"featured_media":0,"parent":0,"menu_order":0,"comment_status":"closed","ping_status":"closed","template":"","meta":{"_uag_custom_page_level_css":"","site-sidebar-layout":"default","site-content-layout":"","ast-site-content-layout":"default","site-content-style":"default","site-sidebar-style":"default","ast-global-header-display":"","ast-banner-title-visibility":"","ast-main-header-display":"","ast-hfb-above-header-display":"","ast-hfb-below-header-display":"","ast-hfb-mobile-header-display":"","site-post-title":"","ast-breadcrumbs-content":"","ast-featured-img":"","footer-sml-layout":"","theme-transparent-header-meta":"","adv-header-id-meta":"","stick-header-meta":"","header-above-stick-meta":"","header-main-stick-meta":"","header-below-stick-meta":"","astra-migrate-meta-layouts":"set","ast-page-background-enabled":"default","ast-page-background-meta":{"desktop":{"background-color":"var(--ast-global-color-4)","background-image":"","background-repeat":"repeat","background-position":"center center","background-size":"auto","background-attachment":"scroll","background-type":"","background-media":"","overlay-type":"","overlay-color":"","overlay-opacity":"","overlay-gradient":""},"tablet":{"background-color":"","background-image":"","background-repeat":"repeat","background-position":"center center","background-size":"auto","background-attachment":"scroll","background-type":"","background-media":"","overlay-type":"","overlay-color":"","overlay-opacity":"","overlay-gradient":""},"mobile":{"background-color":"","background-image":"","background-repeat":"repeat","background-position":"center center","background-size":"auto","background-attachment":"scroll","background-type":"","background-media":"","overlay-type":"","overlay-color":"","overlay-opacity":"","overlay-gradient":""}},"ast-content-background-meta":{"desktop":{"background-color":"var(--ast-global-color-5)","background-image":"","background-repeat":"repeat","background-position":"center center","background-size":"auto","background-attachment":"scroll","background-type":"","background-media":"","overlay-type":"","overlay-color":"","overlay-opacity":"","overlay-gradient":""},"tablet":{"background-color":"var(--ast-global-color-5)","background-image":"","background-repeat":"repeat","background-position":"center center","background-size":"auto","background-attachment":"scroll","background-type":"","background-media":"","overlay-type":"","overlay-color":"","overlay-opacity":"","overlay-gradient":""},"mobile":{"background-color":"var(--ast-global-color-5)","background-image":"","background-repeat":"repeat","background-position":"center center","background-size":"auto","background-attachment":"scroll","background-type":"","background-media":"","overlay-type":"","overlay-color":"","overlay-opacity":"","overlay-gradient":""}},"footnotes":""},"class_list":["post-80079","page","type-page","status-publish","hentry"],"yoast_head":"<!-- This site is optimized with the Yoast SEO plugin v22.4 - https:\/\/yoast.com\/wordpress\/plugins\/seo\/ -->\n<title>Condicions d\u2019\u00fas i Pol\u00edtica de privacitat de l\u2019APP \u201cCOFB, eina treball farmac\u00e8utic\u201d - Col\u00b7legi de Farmac\u00e8utics de Barcelona<\/title>\n<meta name=\"robots\" content=\"index, follow, max-snippet:-1, max-image-preview:large, max-video-preview:-1\" \/>\n<link rel=\"canonical\" href=\"https:\/\/www.cofb.org\/es\/politica-de-privacitat-i-avis-legal-app-del-cofb\/\" \/>\n<meta property=\"og:locale\" content=\"es_ES\" \/>\n<meta property=\"og:type\" content=\"article\" \/>\n<meta property=\"og:title\" content=\"Condicions d\u2019\u00fas i Pol\u00edtica de privacitat de l\u2019APP \u201cCOFB, eina treball farmac\u00e8utic\u201d - Col\u00b7legi de Farmac\u00e8utics de Barcelona\" \/>\n<meta property=\"og:description\" content=\"Identificaci\u00f3 El Col\u00b7legi de Farmac\u00e8utics de la Prov\u00edncia de Barcelona (en endavant COFB o Col\u00b7legi), \u00e9s una corporaci\u00f3 de dret p\u00fablic, registrada en el Registre de Col\u00b7legis Professionals del Departament de Just\u00edcia i Interior de la Generalitat de Catalunya, \u00e9s el responsable del desenvolupament, posada en producci\u00f3 i explotaci\u00f3 de [&hellip;]\" \/>\n<meta property=\"og:url\" content=\"https:\/\/www.cofb.org\/es\/politica-de-privacitat-i-avis-legal-app-del-cofb\/\" \/>\n<meta property=\"og:site_name\" content=\"Col\u00b7legi de Farmac\u00e8utics de Barcelona\" \/>\n<meta property=\"article:publisher\" content=\"https:\/\/www.facebook.com\/farmaceuticsbcn\/\" \/>\n<meta property=\"article:modified_time\" content=\"2025-01-17T11:01:50+00:00\" \/>\n<meta name=\"twitter:card\" content=\"summary_large_image\" \/>\n<meta name=\"twitter:site\" content=\"@farmaceuticsbcn\" \/>\n<meta name=\"twitter:label1\" content=\"Tiempo de lectura\" \/>\n\t<meta name=\"twitter:data1\" content=\"7 minutos\" \/>\n<script type=\"application\/ld+json\" class=\"yoast-schema-graph\">{\"@context\":\"https:\/\/schema.org\",\"@graph\":[{\"@type\":\"WebPage\",\"@id\":\"https:\/\/www.cofb.org\/politica-de-privacitat-i-avis-legal-app-del-cofb\/\",\"url\":\"https:\/\/www.cofb.org\/politica-de-privacitat-i-avis-legal-app-del-cofb\/\",\"name\":\"Condicions d\u2019\u00fas i Pol\u00edtica de privacitat de l\u2019APP \u201cCOFB, eina treball farmac\u00e8utic\u201d - Col\u00b7legi de Farmac\u00e8utics de Barcelona\",\"isPartOf\":{\"@id\":\"https:\/\/www.cofb.org\/#website\"},\"datePublished\":\"2024-12-10T10:28:28+00:00\",\"dateModified\":\"2025-01-17T11:01:50+00:00\",\"breadcrumb\":{\"@id\":\"https:\/\/www.cofb.org\/politica-de-privacitat-i-avis-legal-app-del-cofb\/#breadcrumb\"},\"inLanguage\":\"es\",\"potentialAction\":[{\"@type\":\"ReadAction\",\"target\":[\"https:\/\/www.cofb.org\/politica-de-privacitat-i-avis-legal-app-del-cofb\/\"]}]},{\"@type\":\"BreadcrumbList\",\"@id\":\"https:\/\/www.cofb.org\/politica-de-privacitat-i-avis-legal-app-del-cofb\/#breadcrumb\",\"itemListElement\":[{\"@type\":\"ListItem\",\"position\":1,\"name\":\"Inici\",\"item\":\"https:\/\/novaorg.cofb.net\/\"},{\"@type\":\"ListItem\",\"position\":2,\"name\":\"Condicions d\u2019\u00fas i Pol\u00edtica de privacitat de l\u2019APP \u201cCOFB, eina treball farmac\u00e8utic\u201d\"}]},{\"@type\":\"WebSite\",\"@id\":\"https:\/\/www.cofb.org\/#website\",\"url\":\"https:\/\/www.cofb.org\/\",\"name\":\"Col\u00b7legi de Farmac\u00e8utics de Barcelona\",\"description\":\"\",\"publisher\":{\"@id\":\"https:\/\/www.cofb.org\/#organization\"},\"potentialAction\":[{\"@type\":\"SearchAction\",\"target\":{\"@type\":\"EntryPoint\",\"urlTemplate\":\"https:\/\/www.cofb.org\/?s={search_term_string}\"},\"query-input\":\"required name=search_term_string\"}],\"inLanguage\":\"es\"},{\"@type\":\"Organization\",\"@id\":\"https:\/\/www.cofb.org\/#organization\",\"name\":\"Col\u00b7legi de Farmac\u00e8utics de Barcelona\",\"url\":\"https:\/\/www.cofb.org\/\",\"logo\":{\"@type\":\"ImageObject\",\"inLanguage\":\"es\",\"@id\":\"https:\/\/www.cofb.org\/#\/schema\/logo\/image\/\",\"url\":\"https:\/\/www.cofb.org\/wp-content\/uploads\/2023\/11\/cropped-Logotip-COFB.png\",\"contentUrl\":\"https:\/\/www.cofb.org\/wp-content\/uploads\/2023\/11\/cropped-Logotip-COFB.png\",\"width\":500,\"height\":105,\"caption\":\"Col\u00b7legi de Farmac\u00e8utics de Barcelona\"},\"image\":{\"@id\":\"https:\/\/www.cofb.org\/#\/schema\/logo\/image\/\"},\"sameAs\":[\"https:\/\/www.facebook.com\/farmaceuticsbcn\/\",\"https:\/\/twitter.com\/farmaceuticsbcn\",\"https:\/\/www.instagram.com\/farmaceuticsbcn\/\",\"https:\/\/www.linkedin.com\/company\/farmaceuticsbcn\/\"]}]}<\/script>\n<!-- \/ Yoast SEO plugin. -->","yoast_head_json":{"title":"Condicions d\u2019\u00fas i Pol\u00edtica de privacitat de l\u2019APP \u201cCOFB, eina treball farmac\u00e8utic\u201d - Col\u00b7legi de Farmac\u00e8utics de Barcelona","robots":{"index":"index","follow":"follow","max-snippet":"max-snippet:-1","max-image-preview":"max-image-preview:large","max-video-preview":"max-video-preview:-1"},"canonical":"https:\/\/www.cofb.org\/es\/politica-de-privacitat-i-avis-legal-app-del-cofb\/","og_locale":"es_ES","og_type":"article","og_title":"Condicions d\u2019\u00fas i Pol\u00edtica de privacitat de l\u2019APP \u201cCOFB, eina treball farmac\u00e8utic\u201d - Col\u00b7legi de Farmac\u00e8utics de Barcelona","og_description":"Identificaci\u00f3 El Col\u00b7legi de Farmac\u00e8utics de la Prov\u00edncia de Barcelona (en endavant COFB o Col\u00b7legi), \u00e9s una corporaci\u00f3 de dret p\u00fablic, registrada en el Registre de Col\u00b7legis Professionals del Departament de Just\u00edcia i Interior de la Generalitat de Catalunya, \u00e9s el responsable del desenvolupament, posada en producci\u00f3 i explotaci\u00f3 de [&hellip;]","og_url":"https:\/\/www.cofb.org\/es\/politica-de-privacitat-i-avis-legal-app-del-cofb\/","og_site_name":"Col\u00b7legi de Farmac\u00e8utics de Barcelona","article_publisher":"https:\/\/www.facebook.com\/farmaceuticsbcn\/","article_modified_time":"2025-01-17T11:01:50+00:00","twitter_card":"summary_large_image","twitter_site":"@farmaceuticsbcn","twitter_misc":{"Tiempo de lectura":"7 minutos"},"schema":{"@context":"https:\/\/schema.org","@graph":[{"@type":"WebPage","@id":"https:\/\/www.cofb.org\/politica-de-privacitat-i-avis-legal-app-del-cofb\/","url":"https:\/\/www.cofb.org\/politica-de-privacitat-i-avis-legal-app-del-cofb\/","name":"Condicions d\u2019\u00fas i Pol\u00edtica de privacitat de l\u2019APP \u201cCOFB, eina treball farmac\u00e8utic\u201d - Col\u00b7legi de Farmac\u00e8utics de Barcelona","isPartOf":{"@id":"https:\/\/www.cofb.org\/#website"},"datePublished":"2024-12-10T10:28:28+00:00","dateModified":"2025-01-17T11:01:50+00:00","breadcrumb":{"@id":"https:\/\/www.cofb.org\/politica-de-privacitat-i-avis-legal-app-del-cofb\/#breadcrumb"},"inLanguage":"es","potentialAction":[{"@type":"ReadAction","target":["https:\/\/www.cofb.org\/politica-de-privacitat-i-avis-legal-app-del-cofb\/"]}]},{"@type":"BreadcrumbList","@id":"https:\/\/www.cofb.org\/politica-de-privacitat-i-avis-legal-app-del-cofb\/#breadcrumb","itemListElement":[{"@type":"ListItem","position":1,"name":"Inici","item":"https:\/\/novaorg.cofb.net\/"},{"@type":"ListItem","position":2,"name":"Condicions d\u2019\u00fas i Pol\u00edtica de privacitat de l\u2019APP \u201cCOFB, eina treball farmac\u00e8utic\u201d"}]},{"@type":"WebSite","@id":"https:\/\/www.cofb.org\/#website","url":"https:\/\/www.cofb.org\/","name":"Col\u00b7legi de Farmac\u00e8utics de Barcelona","description":"","publisher":{"@id":"https:\/\/www.cofb.org\/#organization"},"potentialAction":[{"@type":"SearchAction","target":{"@type":"EntryPoint","urlTemplate":"https:\/\/www.cofb.org\/?s={search_term_string}"},"query-input":"required name=search_term_string"}],"inLanguage":"es"},{"@type":"Organization","@id":"https:\/\/www.cofb.org\/#organization","name":"Col\u00b7legi de Farmac\u00e8utics de Barcelona","url":"https:\/\/www.cofb.org\/","logo":{"@type":"ImageObject","inLanguage":"es","@id":"https:\/\/www.cofb.org\/#\/schema\/logo\/image\/","url":"https:\/\/www.cofb.org\/wp-content\/uploads\/2023\/11\/cropped-Logotip-COFB.png","contentUrl":"https:\/\/www.cofb.org\/wp-content\/uploads\/2023\/11\/cropped-Logotip-COFB.png","width":500,"height":105,"caption":"Col\u00b7legi de Farmac\u00e8utics de Barcelona"},"image":{"@id":"https:\/\/www.cofb.org\/#\/schema\/logo\/image\/"},"sameAs":["https:\/\/www.facebook.com\/farmaceuticsbcn\/","https:\/\/twitter.com\/farmaceuticsbcn","https:\/\/www.instagram.com\/farmaceuticsbcn\/","https:\/\/www.linkedin.com\/company\/farmaceuticsbcn\/"]}]}},"uagb_featured_image_src":{"full":false,"thumbnail":false,"medium":false,"medium_large":false,"large":false,"1536x1536":false,"2048x2048":false,"trp-custom-language-flag":false},"uagb_author_info":{"display_name":"Gemma Gonz\u00e1lez","author_link":"https:\/\/www.cofb.org\/es\/author\/ggonzalez\/"},"uagb_comment_info":0,"uagb_excerpt":"Identificaci\u00f3 El Col\u00b7legi de Farmac\u00e8utics de la Prov\u00edncia de Barcelona (en endavant COFB o Col\u00b7legi), \u00e9s una corporaci\u00f3 de dret p\u00fablic, registrada en el Registre de Col\u00b7legis Professionals del Departament de Just\u00edcia i Interior de la Generalitat de Catalunya, \u00e9s el responsable del desenvolupament, posada en producci\u00f3 i explotaci\u00f3 de [&hellip;]","_links":{"self":[{"href":"https:\/\/www.cofb.org\/es\/wp-json\/wp\/v2\/pages\/80079","targetHints":{"allow":["GET"]}}],"collection":[{"href":"https:\/\/www.cofb.org\/es\/wp-json\/wp\/v2\/pages"}],"about":[{"href":"https:\/\/www.cofb.org\/es\/wp-json\/wp\/v2\/types\/page"}],"author":[{"embeddable":true,"href":"https:\/\/www.cofb.org\/es\/wp-json\/wp\/v2\/users\/7"}],"replies":[{"embeddable":true,"href":"https:\/\/www.cofb.org\/es\/wp-json\/wp\/v2\/comments?post=80079"}],"version-history":[{"count":4,"href":"https:\/\/www.cofb.org\/es\/wp-json\/wp\/v2\/pages\/80079\/revisions"}],"predecessor-version":[{"id":80436,"href":"https:\/\/www.cofb.org\/es\/wp-json\/wp\/v2\/pages\/80079\/revisions\/80436"}],"wp:attachment":[{"href":"https:\/\/www.cofb.org\/es\/wp-json\/wp\/v2\/media?parent=80079"}],"curies":[{"name":"wp","href":"https:\/\/api.w.org\/{rel}","templated":true}]}}