{"id":78351,"date":"2024-06-27T09:20:41","date_gmt":"2024-06-27T09:20:41","guid":{"rendered":"https:\/\/novaorg.cofb.net\/?page_id=78351"},"modified":"2025-07-22T08:53:06","modified_gmt":"2025-07-22T08:53:06","slug":"vocal-4-albert-de-dalmases-gener","status":"publish","type":"page","link":"https:\/\/www.cofb.org\/es\/qui-som\/com-sorganitza\/junta-de-govern\/vocal-4-albert-de-dalmases-gener\/","title":{"rendered":"Vocal 4: Albert de Dalmases Gener"},"content":{"rendered":"<div class=\"wp-block-columns is-layout-flex wp-container-core-columns-is-layout-d7d455e7 wp-block-columns-is-layout-flex\" style=\"padding-top:0;padding-right:0;padding-bottom:0;padding-left:0\">\n<div class=\"wp-block-column is-layout-flow wp-block-column-is-layout-flow\" style=\"flex-basis:33.33%\">\n<div class=\"wp-block-uagb-image uagb-block-bdee3c8f wp-block-uagb-image--layout-default wp-block-uagb-image--effect-static wp-block-uagb-image--align-none\"><figure class=\"wp-block-uagb-image__figure\"><img loading=\"lazy\" decoding=\"async\" srcset=\"https:\/\/www.cofb.org\/wp-content\/uploads\/2024\/06\/09-Albert-de-Dalmases.png ,https:\/\/www.cofb.org\/wp-content\/uploads\/2024\/06\/09-Albert-de-Dalmases.png 780w, https:\/\/www.cofb.org\/wp-content\/uploads\/2024\/06\/09-Albert-de-Dalmases.png 360w\" sizes=\"auto, (max-width: 480px) 150px\" src=\"https:\/\/www.cofb.org\/wp-content\/uploads\/2024\/06\/09-Albert-de-Dalmases.png\" alt=\"\" class=\"uag-image-78431\" width=\"683\" height=\"1024\" title=\"09 Albert de Dalmases\" role=\"img\"\/><\/figure><\/div>\n<\/div>\n\n\n\n<div class=\"wp-block-column is-layout-flow wp-block-column-is-layout-flow\" style=\"flex-basis:66.66%\">\n<h4 class=\"wp-block-heading\">ACTIVIDAD INSTITUCIONAL&nbsp;<\/h4>\n\n\n\n<ul class=\"wp-block-list\">\n<li>Vocal 4 del Colegio de Farmac\u00e9uticos de Barcelona (2024-actualidad)<\/li>\n<\/ul>\n\n\n\n<h4 class=\"wp-block-heading\">FORMACI\u00d3N ACAD\u00c9MICA<\/h4>\n\n\n\n<ul class=\"wp-block-list\">\n<li>Grado en Farmacia. Universidad de Barcelona (2016 \u2013 2021)<\/li>\n\n\n\n<li>Erasmus, farmacia. Sapienza Universit\u00e0 di Roma (sept 2020 \u2013 feb 2021)<\/li>\n\n\n\n<li>Curso Contabilidad Financiera. Centro de Estudios Financieros (CEF) (oct 2022 \u2013 marzo 2023)<\/li>\n\n\n\n<li>Varios cursos de formaci\u00f3n en oficina de farmacia de la plataforma \u00c1gora Sanitaria y en Fedefarma: anticoncepci\u00f3n, fitoterapia aplicada, patolog\u00edas dermatol\u00f3gicas y abordaje de la hipertensi\u00f3n arterial. (2022-2023)<\/li>\n\n\n\n<li>Programa de gesti\u00f3n de oficina de farmacia, COFB. (2024-2025)<\/li>\n<\/ul>\n\n\n\n<h4 class=\"wp-block-heading\">ACTIVIDAD PROFESIONAL<\/h4>\n\n\n\n<ul class=\"wp-block-list\">\n<li>Farmac\u00e9utico sustituto en Farmacia Dalmases (sept 2021 \u2013 actualidad)<\/li>\n\n\n\n<li>Departamento de Formaci\u00f3n y Proyectos. Colegio Oficial de Farmac\u00e9uticos de Barcelona: atenci\u00f3n y ayuda en las oficinas de farmacia de forma telem\u00e1tica. Organizaci\u00f3n y administraci\u00f3n del Programa de detecci\u00f3n precoz de c\u00e1ncer de colon y recto (PDPCCR). Control y ayuda en la formaci\u00f3n de diferentes proyectos y aportaci\u00f3n de ideas en la creaci\u00f3n de nuevos proyectos (2018-2019)<\/li>\n<\/ul>\n<\/div>\n<\/div>","protected":false},"excerpt":{"rendered":"<p>ACTIVIDAD INSTITUCIONAL FORMACI\u00d3N ACAD\u00c9MICA ACTIVIDAD PROFESIONAL<\/p>","protected":false},"author":1,"featured_media":0,"parent":2614,"menu_order":0,"comment_status":"closed","ping_status":"closed","template":"","meta":{"_uag_custom_page_level_css":"","site-sidebar-layout":"default","site-content-layout":"","ast-site-content-layout":"default","site-content-style":"default","site-sidebar-style":"default","ast-global-header-display":"","ast-banner-title-visibility":"","ast-main-header-display":"","ast-hfb-above-header-display":"","ast-hfb-below-header-display":"","ast-hfb-mobile-header-display":"","site-post-title":"","ast-breadcrumbs-content":"","ast-featured-img":"","footer-sml-layout":"","theme-transparent-header-meta":"","adv-header-id-meta":"","stick-header-meta":"","header-above-stick-meta":"","header-main-stick-meta":"","header-below-stick-meta":"","astra-migrate-meta-layouts":"set","ast-page-background-enabled":"default","ast-page-background-meta":{"desktop":{"background-color":"var(--ast-global-color-4)","background-image":"","background-repeat":"repeat","background-position":"center center","background-size":"auto","background-attachment":"scroll","background-type":"","background-media":"","overlay-type":"","overlay-color":"","overlay-opacity":"","overlay-gradient":""},"tablet":{"background-color":"","background-image":"","background-repeat":"repeat","background-position":"center center","background-size":"auto","background-attachment":"scroll","background-type":"","background-media":"","overlay-type":"","overlay-color":"","overlay-opacity":"","overlay-gradient":""},"mobile":{"background-color":"","background-image":"","background-repeat":"repeat","background-position":"center center","background-size":"auto","background-attachment":"scroll","background-type":"","background-media":"","overlay-type":"","overlay-color":"","overlay-opacity":"","overlay-gradient":""}},"ast-content-background-meta":{"desktop":{"background-color":"var(--ast-global-color-5)","background-image":"","background-repeat":"repeat","background-position":"center center","background-size":"auto","background-attachment":"scroll","background-type":"","background-media":"","overlay-type":"","overlay-color":"","overlay-opacity":"","overlay-gradient":""},"tablet":{"background-color":"var(--ast-global-color-5)","background-image":"","background-repeat":"repeat","background-position":"center center","background-size":"auto","background-attachment":"scroll","background-type":"","background-media":"","overlay-type":"","overlay-color":"","overlay-opacity":"","overlay-gradient":""},"mobile":{"background-color":"var(--ast-global-color-5)","background-image":"","background-repeat":"repeat","background-position":"center center","background-size":"auto","background-attachment":"scroll","background-type":"","background-media":"","overlay-type":"","overlay-color":"","overlay-opacity":"","overlay-gradient":""}},"footnotes":""},"class_list":["post-78351","page","type-page","status-publish","hentry"],"yoast_head":"<!-- This site is optimized with the Yoast SEO plugin v22.4 - https:\/\/yoast.com\/wordpress\/plugins\/seo\/ -->\n<title>Vocal 4: Albert de Dalmases Gener - Col\u00b7legi de Farmac\u00e8utics de Barcelona<\/title>\n<meta name=\"robots\" content=\"index, follow, max-snippet:-1, max-image-preview:large, max-video-preview:-1\" \/>\n<link rel=\"canonical\" href=\"https:\/\/www.cofb.org\/es\/qui-som\/com-sorganitza\/junta-de-govern\/vocal-4-albert-de-dalmases-gener\/\" \/>\n<meta property=\"og:locale\" content=\"es_ES\" \/>\n<meta property=\"og:type\" content=\"article\" \/>\n<meta property=\"og:title\" content=\"Vocal 4: Albert de Dalmases Gener - Col\u00b7legi de Farmac\u00e8utics de Barcelona\" \/>\n<meta property=\"og:description\" content=\"ACTIVITAT INSTITUCIONAL&nbsp; FORMACI\u00d3 ACAD\u00c8MICA ACTIVITAT PROFESSIONAL\" \/>\n<meta property=\"og:url\" content=\"https:\/\/www.cofb.org\/es\/qui-som\/com-sorganitza\/junta-de-govern\/vocal-4-albert-de-dalmases-gener\/\" \/>\n<meta property=\"og:site_name\" content=\"Col\u00b7legi de Farmac\u00e8utics de Barcelona\" \/>\n<meta property=\"article:publisher\" content=\"https:\/\/www.facebook.com\/farmaceuticsbcn\/\" \/>\n<meta property=\"article:modified_time\" content=\"2025-07-22T08:53:06+00:00\" \/>\n<meta property=\"og:image\" content=\"https:\/\/www.cofb.org\/wp-content\/uploads\/2024\/06\/09-Albert-de-Dalmases.png\" \/>\n<meta name=\"twitter:card\" content=\"summary_large_image\" \/>\n<meta name=\"twitter:site\" content=\"@farmaceuticsbcn\" \/>\n<meta name=\"twitter:label1\" content=\"Tiempo de lectura\" \/>\n\t<meta name=\"twitter:data1\" content=\"1 minuto\" \/>\n<script type=\"application\/ld+json\" class=\"yoast-schema-graph\">{\"@context\":\"https:\/\/schema.org\",\"@graph\":[{\"@type\":\"WebPage\",\"@id\":\"https:\/\/www.cofb.org\/qui-som\/com-sorganitza\/junta-de-govern\/vocal-4-albert-de-dalmases-gener\/\",\"url\":\"https:\/\/www.cofb.org\/qui-som\/com-sorganitza\/junta-de-govern\/vocal-4-albert-de-dalmases-gener\/\",\"name\":\"Vocal 4: Albert de Dalmases Gener - Col\u00b7legi de Farmac\u00e8utics de Barcelona\",\"isPartOf\":{\"@id\":\"https:\/\/www.cofb.org\/#website\"},\"primaryImageOfPage\":{\"@id\":\"https:\/\/www.cofb.org\/qui-som\/com-sorganitza\/junta-de-govern\/vocal-4-albert-de-dalmases-gener\/#primaryimage\"},\"image\":{\"@id\":\"https:\/\/www.cofb.org\/qui-som\/com-sorganitza\/junta-de-govern\/vocal-4-albert-de-dalmases-gener\/#primaryimage\"},\"thumbnailUrl\":\"https:\/\/www.cofb.org\/wp-content\/uploads\/2024\/06\/09-Albert-de-Dalmases.png\",\"datePublished\":\"2024-06-27T09:20:41+00:00\",\"dateModified\":\"2025-07-22T08:53:06+00:00\",\"breadcrumb\":{\"@id\":\"https:\/\/www.cofb.org\/qui-som\/com-sorganitza\/junta-de-govern\/vocal-4-albert-de-dalmases-gener\/#breadcrumb\"},\"inLanguage\":\"es\",\"potentialAction\":[{\"@type\":\"ReadAction\",\"target\":[\"https:\/\/www.cofb.org\/qui-som\/com-sorganitza\/junta-de-govern\/vocal-4-albert-de-dalmases-gener\/\"]}]},{\"@type\":\"ImageObject\",\"inLanguage\":\"es\",\"@id\":\"https:\/\/www.cofb.org\/qui-som\/com-sorganitza\/junta-de-govern\/vocal-4-albert-de-dalmases-gener\/#primaryimage\",\"url\":\"https:\/\/www.cofb.org\/wp-content\/uploads\/2024\/06\/09-Albert-de-Dalmases.png\",\"contentUrl\":\"https:\/\/www.cofb.org\/wp-content\/uploads\/2024\/06\/09-Albert-de-Dalmases.png\"},{\"@type\":\"BreadcrumbList\",\"@id\":\"https:\/\/www.cofb.org\/qui-som\/com-sorganitza\/junta-de-govern\/vocal-4-albert-de-dalmases-gener\/#breadcrumb\",\"itemListElement\":[{\"@type\":\"ListItem\",\"position\":1,\"name\":\"Inici\",\"item\":\"https:\/\/novaorg.cofb.net\/\"},{\"@type\":\"ListItem\",\"position\":2,\"name\":\"Qui som?\",\"item\":\"https:\/\/novaorg.cofb.net\/qui-som\/\"},{\"@type\":\"ListItem\",\"position\":3,\"name\":\"Com s&#8217;organitza?\",\"item\":\"https:\/\/novaorg.cofb.net\/qui-som\/com-sorganitza\/\"},{\"@type\":\"ListItem\",\"position\":4,\"name\":\"Junta de Govern\",\"item\":\"https:\/\/www.cofb.org\/qui-som\/com-sorganitza\/junta-de-govern\/\"},{\"@type\":\"ListItem\",\"position\":5,\"name\":\"Vocal 4: Albert de Dalmases Gener\"}]},{\"@type\":\"WebSite\",\"@id\":\"https:\/\/www.cofb.org\/#website\",\"url\":\"https:\/\/www.cofb.org\/\",\"name\":\"Col\u00b7legi de Farmac\u00e8utics de Barcelona\",\"description\":\"\",\"publisher\":{\"@id\":\"https:\/\/www.cofb.org\/#organization\"},\"potentialAction\":[{\"@type\":\"SearchAction\",\"target\":{\"@type\":\"EntryPoint\",\"urlTemplate\":\"https:\/\/www.cofb.org\/?s={search_term_string}\"},\"query-input\":\"required name=search_term_string\"}],\"inLanguage\":\"es\"},{\"@type\":\"Organization\",\"@id\":\"https:\/\/www.cofb.org\/#organization\",\"name\":\"Col\u00b7legi de Farmac\u00e8utics de Barcelona\",\"url\":\"https:\/\/www.cofb.org\/\",\"logo\":{\"@type\":\"ImageObject\",\"inLanguage\":\"es\",\"@id\":\"https:\/\/www.cofb.org\/#\/schema\/logo\/image\/\",\"url\":\"https:\/\/www.cofb.org\/wp-content\/uploads\/2023\/11\/cropped-Logotip-COFB.png\",\"contentUrl\":\"https:\/\/www.cofb.org\/wp-content\/uploads\/2023\/11\/cropped-Logotip-COFB.png\",\"width\":500,\"height\":105,\"caption\":\"Col\u00b7legi de Farmac\u00e8utics de Barcelona\"},\"image\":{\"@id\":\"https:\/\/www.cofb.org\/#\/schema\/logo\/image\/\"},\"sameAs\":[\"https:\/\/www.facebook.com\/farmaceuticsbcn\/\",\"https:\/\/twitter.com\/farmaceuticsbcn\",\"https:\/\/www.instagram.com\/farmaceuticsbcn\/\",\"https:\/\/www.linkedin.com\/company\/farmaceuticsbcn\/\"]}]}<\/script>\n<!-- \/ Yoast SEO plugin. -->","yoast_head_json":{"title":"Vocal 4: Albert de Dalmases Gener - Col\u00b7legi de Farmac\u00e8utics de Barcelona","robots":{"index":"index","follow":"follow","max-snippet":"max-snippet:-1","max-image-preview":"max-image-preview:large","max-video-preview":"max-video-preview:-1"},"canonical":"https:\/\/www.cofb.org\/es\/qui-som\/com-sorganitza\/junta-de-govern\/vocal-4-albert-de-dalmases-gener\/","og_locale":"es_ES","og_type":"article","og_title":"Vocal 4: Albert de Dalmases Gener - Col\u00b7legi de Farmac\u00e8utics de Barcelona","og_description":"ACTIVITAT INSTITUCIONAL&nbsp; FORMACI\u00d3 ACAD\u00c8MICA ACTIVITAT PROFESSIONAL","og_url":"https:\/\/www.cofb.org\/es\/qui-som\/com-sorganitza\/junta-de-govern\/vocal-4-albert-de-dalmases-gener\/","og_site_name":"Col\u00b7legi de Farmac\u00e8utics de Barcelona","article_publisher":"https:\/\/www.facebook.com\/farmaceuticsbcn\/","article_modified_time":"2025-07-22T08:53:06+00:00","og_image":[{"url":"https:\/\/www.cofb.org\/wp-content\/uploads\/2024\/06\/09-Albert-de-Dalmases.png"}],"twitter_card":"summary_large_image","twitter_site":"@farmaceuticsbcn","twitter_misc":{"Tiempo de lectura":"1 minuto"},"schema":{"@context":"https:\/\/schema.org","@graph":[{"@type":"WebPage","@id":"https:\/\/www.cofb.org\/qui-som\/com-sorganitza\/junta-de-govern\/vocal-4-albert-de-dalmases-gener\/","url":"https:\/\/www.cofb.org\/qui-som\/com-sorganitza\/junta-de-govern\/vocal-4-albert-de-dalmases-gener\/","name":"Vocal 4: Albert de Dalmases Gener - Col\u00b7legi de Farmac\u00e8utics de Barcelona","isPartOf":{"@id":"https:\/\/www.cofb.org\/#website"},"primaryImageOfPage":{"@id":"https:\/\/www.cofb.org\/qui-som\/com-sorganitza\/junta-de-govern\/vocal-4-albert-de-dalmases-gener\/#primaryimage"},"image":{"@id":"https:\/\/www.cofb.org\/qui-som\/com-sorganitza\/junta-de-govern\/vocal-4-albert-de-dalmases-gener\/#primaryimage"},"thumbnailUrl":"https:\/\/www.cofb.org\/wp-content\/uploads\/2024\/06\/09-Albert-de-Dalmases.png","datePublished":"2024-06-27T09:20:41+00:00","dateModified":"2025-07-22T08:53:06+00:00","breadcrumb":{"@id":"https:\/\/www.cofb.org\/qui-som\/com-sorganitza\/junta-de-govern\/vocal-4-albert-de-dalmases-gener\/#breadcrumb"},"inLanguage":"es","potentialAction":[{"@type":"ReadAction","target":["https:\/\/www.cofb.org\/qui-som\/com-sorganitza\/junta-de-govern\/vocal-4-albert-de-dalmases-gener\/"]}]},{"@type":"ImageObject","inLanguage":"es","@id":"https:\/\/www.cofb.org\/qui-som\/com-sorganitza\/junta-de-govern\/vocal-4-albert-de-dalmases-gener\/#primaryimage","url":"https:\/\/www.cofb.org\/wp-content\/uploads\/2024\/06\/09-Albert-de-Dalmases.png","contentUrl":"https:\/\/www.cofb.org\/wp-content\/uploads\/2024\/06\/09-Albert-de-Dalmases.png"},{"@type":"BreadcrumbList","@id":"https:\/\/www.cofb.org\/qui-som\/com-sorganitza\/junta-de-govern\/vocal-4-albert-de-dalmases-gener\/#breadcrumb","itemListElement":[{"@type":"ListItem","position":1,"name":"Inici","item":"https:\/\/novaorg.cofb.net\/"},{"@type":"ListItem","position":2,"name":"Qui som?","item":"https:\/\/novaorg.cofb.net\/qui-som\/"},{"@type":"ListItem","position":3,"name":"Com s&#8217;organitza?","item":"https:\/\/novaorg.cofb.net\/qui-som\/com-sorganitza\/"},{"@type":"ListItem","position":4,"name":"Junta de Govern","item":"https:\/\/www.cofb.org\/qui-som\/com-sorganitza\/junta-de-govern\/"},{"@type":"ListItem","position":5,"name":"Vocal 4: Albert de Dalmases Gener"}]},{"@type":"WebSite","@id":"https:\/\/www.cofb.org\/#website","url":"https:\/\/www.cofb.org\/","name":"Col\u00b7legi de Farmac\u00e8utics de Barcelona","description":"","publisher":{"@id":"https:\/\/www.cofb.org\/#organization"},"potentialAction":[{"@type":"SearchAction","target":{"@type":"EntryPoint","urlTemplate":"https:\/\/www.cofb.org\/?s={search_term_string}"},"query-input":"required name=search_term_string"}],"inLanguage":"es"},{"@type":"Organization","@id":"https:\/\/www.cofb.org\/#organization","name":"Col\u00b7legi de Farmac\u00e8utics de Barcelona","url":"https:\/\/www.cofb.org\/","logo":{"@type":"ImageObject","inLanguage":"es","@id":"https:\/\/www.cofb.org\/#\/schema\/logo\/image\/","url":"https:\/\/www.cofb.org\/wp-content\/uploads\/2023\/11\/cropped-Logotip-COFB.png","contentUrl":"https:\/\/www.cofb.org\/wp-content\/uploads\/2023\/11\/cropped-Logotip-COFB.png","width":500,"height":105,"caption":"Col\u00b7legi de Farmac\u00e8utics de Barcelona"},"image":{"@id":"https:\/\/www.cofb.org\/#\/schema\/logo\/image\/"},"sameAs":["https:\/\/www.facebook.com\/farmaceuticsbcn\/","https:\/\/twitter.com\/farmaceuticsbcn","https:\/\/www.instagram.com\/farmaceuticsbcn\/","https:\/\/www.linkedin.com\/company\/farmaceuticsbcn\/"]}]}},"uagb_featured_image_src":{"full":false,"thumbnail":false,"medium":false,"medium_large":false,"large":false,"1536x1536":false,"2048x2048":false,"trp-custom-language-flag":false},"uagb_author_info":{"display_name":"wpAdminCofbOrg","author_link":"https:\/\/www.cofb.org\/es\/author\/wpadmincofborg\/"},"uagb_comment_info":0,"uagb_excerpt":"ACTIVITAT INSTITUCIONAL&nbsp; FORMACI\u00d3 ACAD\u00c8MICA ACTIVITAT PROFESSIONAL","_links":{"self":[{"href":"https:\/\/www.cofb.org\/es\/wp-json\/wp\/v2\/pages\/78351","targetHints":{"allow":["GET"]}}],"collection":[{"href":"https:\/\/www.cofb.org\/es\/wp-json\/wp\/v2\/pages"}],"about":[{"href":"https:\/\/www.cofb.org\/es\/wp-json\/wp\/v2\/types\/page"}],"author":[{"embeddable":true,"href":"https:\/\/www.cofb.org\/es\/wp-json\/wp\/v2\/users\/1"}],"replies":[{"embeddable":true,"href":"https:\/\/www.cofb.org\/es\/wp-json\/wp\/v2\/comments?post=78351"}],"version-history":[{"count":5,"href":"https:\/\/www.cofb.org\/es\/wp-json\/wp\/v2\/pages\/78351\/revisions"}],"predecessor-version":[{"id":82062,"href":"https:\/\/www.cofb.org\/es\/wp-json\/wp\/v2\/pages\/78351\/revisions\/82062"}],"up":[{"embeddable":true,"href":"https:\/\/www.cofb.org\/es\/wp-json\/wp\/v2\/pages\/2614"}],"wp:attachment":[{"href":"https:\/\/www.cofb.org\/es\/wp-json\/wp\/v2\/media?parent=78351"}],"curies":[{"name":"wp","href":"https:\/\/api.w.org\/{rel}","templated":true}]}}