{"id":69564,"date":"2023-11-17T09:37:08","date_gmt":"2023-11-17T09:37:08","guid":{"rendered":"https:\/\/novaorg.cofb.net\/?page_id=69564"},"modified":"2025-07-28T09:11:14","modified_gmt":"2025-07-28T09:11:14","slug":"catsalut","status":"publish","type":"page","link":"https:\/\/www.cofb.org\/es\/qui-som\/el-collegi\/transparencia\/publicitat-activa\/convenis\/catsalut\/","title":{"rendered":"CatSalud"},"content":{"rendered":"<h2 class=\"wp-block-heading\">Concierto CCFC \u2013 SCS<\/h2>\n\n\n\n<p id=\"yui_patched_v3_11_0_1_1700213346870_290\"><strong><em>Concierto de atenci\u00f3n farmac\u00e9utica entre el Servicio Catal\u00e1n de la Salud y el Consejo de Colegios Farmac\u00e9uticos de Catalu\u00f1a&nbsp;<\/em><\/strong><\/p>\n\n\n\n<ul class=\"wp-block-list\">\n<li><a rel=\"noreferrer noopener\" href=\"https:\/\/www.cofb.org\/es\/documents\/10136\/1075572\/Text+ref%C3%B3s+Concert+2020_23.04.2021+amb+data_signat.pdf\/0917c1c5-54d8-4ebd-ac90-348a3a860636\/\" target=\"_blank\">Texto refundido del Concierto de Atenci\u00f3n Farmac\u00e9utica. Este texto agrupa en un \u00fanico documento los anexos y convenios vigentes del Concierto y, por tanto, incorpora tambi\u00e9n aquellos que se han ido firmando desde el \u00faltimo texto refundido del a\u00f1o 2010. En cuanto a su contenido, b\u00e1sicamente se ha hecho una adaptaci\u00f3n de la citaci\u00f3n de las normativas aplicables en aquellos casos en los que ha habido alg\u00fan cambio<\/a><\/li>\n\n\n\n<li><a rel=\"noreferrer noopener\" href=\"https:\/\/www.cofb.org\/es\/documents\/10136\/1075572\/Conveni+Text+ref%C3%B3s+Octubre+2020_23.04.2021_signat.pdf\/57157ee7-606e-4630-a126-cec0f6139df3\/\" target=\"_blank\">Convenio de aceptaci\u00f3n del texto<\/a><\/li>\n<\/ul>\n\n\n\n<h2 class=\"wp-block-heading\">Convenio \u201cPiloto Programa de detecci\u00f3n precoz de c\u00e1ncer de cuello uterino\u201d<\/h2>\n\n\n\n<ul class=\"wp-block-list\">\n<li><a href=\"https:\/\/www.cofb.org\/wp-content\/uploads\/2025\/07\/Conveni_Programa_pilot_DP_Cancer_Coll_Uteri_2025_VF_signat_signed.pdf\" target=\"_blank\" rel=\"noreferrer noopener\">Convenio de colaboraci\u00f3n entre el Servei Catal\u00e0 de la Salut y el Consell de Col\u00b7legis Farmac\u00e8utics de Catalunya con el objeto de desarrollar la fase piloto del programa de detecci\u00f3n precoz de c\u00e1ncer de cuello uterino mediante automuestra en las oficinas de farmacia<\/a><\/li>\n<\/ul>\n\n\n\n<h2 class=\"wp-block-heading\">Convenio de programa \u201cTAR\u201d (Test Antig\u00e9nico R\u00e1pido)<\/h2>\n\n\n\n<p id=\"yui_patched_v3_11_0_1_1700213346870_336\"><strong>Convenio CCFC-SCS<\/strong><\/p>\n\n\n\n<ul class=\"wp-block-list\">\n<li><a rel=\"noreferrer noopener\" href=\"https:\/\/www.cofb.org\/es\/documents\/10136\/1068959\/CCFC+TAR+21+VDEF+29.07.21+-+ANNEXES_signat.pdf\/cfc7a537-2de2-47c9-92d7-7a9c838d677d\/\" target=\"_blank\">Convenio de colaboraci\u00f3n entre el Servicio Catal\u00e1n de la Salud y el Consejo de Colegios Farmac\u00e9uticos de Catalu\u00f1a para el desarrollo del programa de \u201cTAR\u201d (Test Antig\u00e9nico R\u00e1pido) voluntario en las oficinas de farmacia de Catalu\u00f1a<\/a>&nbsp;<\/li>\n\n\n\n<li><a rel=\"noreferrer noopener\" href=\"https:\/\/www.cofb.org\/es\/documents\/10136\/1068959\/Addenda+TAR+en+centres+educatius+05.10.21_revCCFC_signat.pdf\/31c3dda2-77c1-4c45-900d-f4949eb6bf66\/\" target=\"_blank\">Adenda reguladora de la segunda fase de desarrollo del programa de \u201cTAR\u201d (Test Antig\u00e9nico R\u00e1pido) voluntario en las oficinas de farmacia de Catalu\u00f1a, en el marco de colaboraci\u00f3n establecido entre el Servicio Catal\u00e1n de la Salud y el Consejo de Colegios Farmac\u00e9uticos de Catalu\u00f1a mediante el convenio suscrito en fecha 30 de julio de 2021<\/a><\/li>\n\n\n\n<li><a rel=\"noreferrer noopener\" href=\"https:\/\/www.cofb.org\/es\/documents\/10136\/1075572\/CCFC+TAR+21+Addenda+2+V_11012022_signat+JC_GC.pdf\/cd46dab2-839d-4cd8-8137-0a0e69387614\/\" target=\"_blank\">Adenda 2 reguladora de la tercera fase de desarrollo del programa de \u201cTAR\u201d (test antig\u00e9nico r\u00e1pido) en las oficinas de farmacia de Catalu\u00f1a, en el marco de colaboraci\u00f3n establecido entre el Servicio Catal\u00e1n de la Salud y el Consejo de Colegios Farmac\u00e9uticos de Catalu\u00f1a mediante el convenio suscrito en fecha 30 de julio de 2021<\/a><\/li>\n<\/ul>\n\n\n\n<h2 class=\"wp-block-heading\">Convenio entre el Servicio Catal\u00e1n de Salud y el CCFC para el desarrollo de la campa\u00f1a &quot;Mascareta\/Salud&quot;<\/h2>\n\n\n\n<ul class=\"wp-block-list\">\n<li><a rel=\"noreferrer noopener\" href=\"https:\/\/www.cofb.org\/es\/documents\/10136\/1075572\/Conveni+mascaretes_CCFC_CatSalut_20200421_vdef_signat.pdf\/1ebcbf61-4600-413e-b8f7-c39de2a9f563\/\" target=\"_blank\">Convenio de colaboraci\u00f3n entre el Servicio Catal\u00e1n de la Salud y el Consejo de Colegios de Farmac\u00e9uticos de Catalu\u00f1a (CCFC) para el desarrollo de la campa\u00f1a \u201cMascareta \/Salud\u201d<\/a><\/li>\n<\/ul>\n\n\n\n<h2 class=\"wp-block-heading\">Convenio entre CatSalut y CCFC para fomentar el despliegue de la atenci\u00f3n farmac\u00e9utica comunitaria en el sistema p\u00fablico de salud<\/h2>\n\n\n\n<ul class=\"wp-block-list\">\n<li><a rel=\"noreferrer noopener\" href=\"https:\/\/www.cofb.org\/es\/documents\/10136\/1075572\/20210209_Conveni_collaboracio_desenvolupament_projectes_destinats_foment_AF_sistema_public_salut.pdf\/c76481f7-75e9-4c6f-be08-fd0476d8304b\/\" target=\"_blank\">Convenio de colaboraci\u00f3n entre el Servicio Catal\u00e1n de la Salud y el Consejo de Colegios Farmac\u00e9uticos de Catalu\u00f1a con el objeto de desarrollar proyectos destinados a fomentar el despliegue de la atenci\u00f3n farmac\u00e9utica comunitaria en el sistema p\u00fablico de Salud de Catalunya<\/a><\/li>\n<\/ul>\n\n\n\n<h2 class=\"wp-block-heading\">Convenio Servicio Personalizado de Dosificaci\u00f3n (SPD)<\/h2>\n\n\n\n<ul class=\"wp-block-list\">\n<li><a rel=\"noreferrer noopener\" href=\"https:\/\/www.cofb.org\/es\/documents\/10136\/1075572\/20140509_conveni_collaboracio_adhesio_SPD_signat.pdf\/4a9c6301-2de6-4fef-8375-f95e2734b249\/\" target=\"_blank\">Convenio de colaboraci\u00f3n entre el Departamento de Salud y el Consejo de Colegios de Farmac\u00e9uticos de Catalu\u00f1a para la prestaci\u00f3n del servicio profesional de seguimiento farmacoterap\u00e9utico con sistemas personalizados de dosificaci\u00f3n<\/a><a href=\"javascript: window.print()\"><\/a><\/li>\n<\/ul>","protected":false},"excerpt":{"rendered":"<p>Concierto CCFC \u2013 SCS Concierto de atenci\u00f3n farmac\u00e9utica entre el Servicio Catal\u00e1n de la Salud y el Consejo de Colegios Farmac\u00e9uticos de Catalu\u00f1a Convenio \u201cPilot Programa de detecci\u00f3n precoz de c\u00e1ncer de cuello uterino\u201d Convenio de programa \u201cTAR\u201d (Test Antig\u00e9nico R\u00e1pido) Convenio CCFC-SCS Convenio entre el Servicio Catal\u00e1n de Salud<\/p>","protected":false},"author":1,"featured_media":0,"parent":3006,"menu_order":0,"comment_status":"closed","ping_status":"closed","template":"","meta":{"_uag_custom_page_level_css":"","site-sidebar-layout":"default","site-content-layout":"","ast-site-content-layout":"default","site-content-style":"default","site-sidebar-style":"default","ast-global-header-display":"","ast-banner-title-visibility":"","ast-main-header-display":"","ast-hfb-above-header-display":"","ast-hfb-below-header-display":"","ast-hfb-mobile-header-display":"","site-post-title":"","ast-breadcrumbs-content":"","ast-featured-img":"","footer-sml-layout":"","theme-transparent-header-meta":"","adv-header-id-meta":"","stick-header-meta":"","header-above-stick-meta":"","header-main-stick-meta":"","header-below-stick-meta":"","astra-migrate-meta-layouts":"set","ast-page-background-enabled":"default","ast-page-background-meta":{"desktop":{"background-color":"var(--ast-global-color-4)","background-image":"","background-repeat":"repeat","background-position":"center center","background-size":"auto","background-attachment":"scroll","background-type":"","background-media":"","overlay-type":"","overlay-color":"","overlay-opacity":"","overlay-gradient":""},"tablet":{"background-color":"","background-image":"","background-repeat":"repeat","background-position":"center center","background-size":"auto","background-attachment":"scroll","background-type":"","background-media":"","overlay-type":"","overlay-color":"","overlay-opacity":"","overlay-gradient":""},"mobile":{"background-color":"","background-image":"","background-repeat":"repeat","background-position":"center center","background-size":"auto","background-attachment":"scroll","background-type":"","background-media":"","overlay-type":"","overlay-color":"","overlay-opacity":"","overlay-gradient":""}},"ast-content-background-meta":{"desktop":{"background-color":"var(--ast-global-color-5)","background-image":"","background-repeat":"repeat","background-position":"center center","background-size":"auto","background-attachment":"scroll","background-type":"","background-media":"","overlay-type":"","overlay-color":"","overlay-opacity":"","overlay-gradient":""},"tablet":{"background-color":"var(--ast-global-color-5)","background-image":"","background-repeat":"repeat","background-position":"center center","background-size":"auto","background-attachment":"scroll","background-type":"","background-media":"","overlay-type":"","overlay-color":"","overlay-opacity":"","overlay-gradient":""},"mobile":{"background-color":"var(--ast-global-color-5)","background-image":"","background-repeat":"repeat","background-position":"center center","background-size":"auto","background-attachment":"scroll","background-type":"","background-media":"","overlay-type":"","overlay-color":"","overlay-opacity":"","overlay-gradient":""}},"footnotes":""},"class_list":["post-69564","page","type-page","status-publish","hentry"],"yoast_head":"<!-- This site is optimized with the Yoast SEO plugin v22.4 - https:\/\/yoast.com\/wordpress\/plugins\/seo\/ -->\n<title>CatSalut - Col\u00b7legi de Farmac\u00e8utics de Barcelona<\/title>\n<meta name=\"robots\" content=\"index, follow, max-snippet:-1, max-image-preview:large, max-video-preview:-1\" \/>\n<link rel=\"canonical\" href=\"https:\/\/www.cofb.org\/es\/qui-som\/el-collegi\/transparencia\/publicitat-activa\/convenis\/catsalut\/\" \/>\n<meta property=\"og:locale\" content=\"es_ES\" \/>\n<meta property=\"og:type\" content=\"article\" \/>\n<meta property=\"og:title\" content=\"CatSalut - Col\u00b7legi de Farmac\u00e8utics de Barcelona\" \/>\n<meta property=\"og:description\" content=\"Concert CCFC &#8211; SCS Concert d\u2019atenci\u00f3 farmac\u00e8utica entre el Servei&nbsp;Catal\u00e0 de la Salut i el Consell&nbsp;de Col\u00b7legis Farmac\u00e8utics de&nbsp;Catalunya&nbsp; Conveni &#8220;Pilot Programa de detecci\u00f3 preco\u00e7 de c\u00e0ncer de coll uter\u00ed&#8221; Conveni de programa &#8220;TAR&#8221; (Test Antig\u00e8nic R\u00e0pid) Conveni CCFC-SCS Conveni entre el Servei Catal\u00e0 de Salut i el CCFC per [&hellip;]\" \/>\n<meta property=\"og:url\" content=\"https:\/\/www.cofb.org\/es\/qui-som\/el-collegi\/transparencia\/publicitat-activa\/convenis\/catsalut\/\" \/>\n<meta property=\"og:site_name\" content=\"Col\u00b7legi de Farmac\u00e8utics de Barcelona\" \/>\n<meta property=\"article:publisher\" content=\"https:\/\/www.facebook.com\/farmaceuticsbcn\/\" \/>\n<meta property=\"article:modified_time\" content=\"2025-07-28T09:11:14+00:00\" \/>\n<meta name=\"twitter:card\" content=\"summary_large_image\" \/>\n<meta name=\"twitter:site\" content=\"@farmaceuticsbcn\" \/>\n<meta name=\"twitter:label1\" content=\"Tiempo de lectura\" \/>\n\t<meta name=\"twitter:data1\" content=\"3 minutos\" \/>\n<script type=\"application\/ld+json\" class=\"yoast-schema-graph\">{\"@context\":\"https:\/\/schema.org\",\"@graph\":[{\"@type\":\"WebPage\",\"@id\":\"https:\/\/www.cofb.org\/qui-som\/el-collegi\/transparencia\/publicitat-activa\/convenis\/catsalut\/\",\"url\":\"https:\/\/www.cofb.org\/qui-som\/el-collegi\/transparencia\/publicitat-activa\/convenis\/catsalut\/\",\"name\":\"CatSalut - Col\u00b7legi de Farmac\u00e8utics de Barcelona\",\"isPartOf\":{\"@id\":\"https:\/\/www.cofb.org\/#website\"},\"datePublished\":\"2023-11-17T09:37:08+00:00\",\"dateModified\":\"2025-07-28T09:11:14+00:00\",\"breadcrumb\":{\"@id\":\"https:\/\/www.cofb.org\/qui-som\/el-collegi\/transparencia\/publicitat-activa\/convenis\/catsalut\/#breadcrumb\"},\"inLanguage\":\"es\",\"potentialAction\":[{\"@type\":\"ReadAction\",\"target\":[\"https:\/\/www.cofb.org\/qui-som\/el-collegi\/transparencia\/publicitat-activa\/convenis\/catsalut\/\"]}]},{\"@type\":\"BreadcrumbList\",\"@id\":\"https:\/\/www.cofb.org\/qui-som\/el-collegi\/transparencia\/publicitat-activa\/convenis\/catsalut\/#breadcrumb\",\"itemListElement\":[{\"@type\":\"ListItem\",\"position\":1,\"name\":\"Inici\",\"item\":\"https:\/\/novaorg.cofb.net\/\"},{\"@type\":\"ListItem\",\"position\":2,\"name\":\"Qui som?\",\"item\":\"https:\/\/novaorg.cofb.net\/qui-som\/\"},{\"@type\":\"ListItem\",\"position\":3,\"name\":\"El Col\u00b7legi\",\"item\":\"https:\/\/novaorg.cofb.net\/qui-som\/el-collegi\/\"},{\"@type\":\"ListItem\",\"position\":4,\"name\":\"Transpar\u00e8ncia\",\"item\":\"https:\/\/novaorg.cofb.net\/qui-som\/el-collegi\/transparencia\/\"},{\"@type\":\"ListItem\",\"position\":5,\"name\":\"Publicitat activa\",\"item\":\"https:\/\/novaorg.cofb.net\/qui-som\/el-collegi\/transparencia\/publicitat-activa\/\"},{\"@type\":\"ListItem\",\"position\":6,\"name\":\"Convenis\",\"item\":\"https:\/\/www.cofb.org\/qui-som\/el-collegi\/transparencia\/publicitat-activa\/convenis\/\"},{\"@type\":\"ListItem\",\"position\":7,\"name\":\"CatSalut\"}]},{\"@type\":\"WebSite\",\"@id\":\"https:\/\/www.cofb.org\/#website\",\"url\":\"https:\/\/www.cofb.org\/\",\"name\":\"Col\u00b7legi de Farmac\u00e8utics de Barcelona\",\"description\":\"\",\"publisher\":{\"@id\":\"https:\/\/www.cofb.org\/#organization\"},\"potentialAction\":[{\"@type\":\"SearchAction\",\"target\":{\"@type\":\"EntryPoint\",\"urlTemplate\":\"https:\/\/www.cofb.org\/?s={search_term_string}\"},\"query-input\":\"required name=search_term_string\"}],\"inLanguage\":\"es\"},{\"@type\":\"Organization\",\"@id\":\"https:\/\/www.cofb.org\/#organization\",\"name\":\"Col\u00b7legi de Farmac\u00e8utics de Barcelona\",\"url\":\"https:\/\/www.cofb.org\/\",\"logo\":{\"@type\":\"ImageObject\",\"inLanguage\":\"es\",\"@id\":\"https:\/\/www.cofb.org\/#\/schema\/logo\/image\/\",\"url\":\"https:\/\/www.cofb.org\/wp-content\/uploads\/2023\/11\/cropped-Logotip-COFB.png\",\"contentUrl\":\"https:\/\/www.cofb.org\/wp-content\/uploads\/2023\/11\/cropped-Logotip-COFB.png\",\"width\":500,\"height\":105,\"caption\":\"Col\u00b7legi de Farmac\u00e8utics de Barcelona\"},\"image\":{\"@id\":\"https:\/\/www.cofb.org\/#\/schema\/logo\/image\/\"},\"sameAs\":[\"https:\/\/www.facebook.com\/farmaceuticsbcn\/\",\"https:\/\/twitter.com\/farmaceuticsbcn\",\"https:\/\/www.instagram.com\/farmaceuticsbcn\/\",\"https:\/\/www.linkedin.com\/company\/farmaceuticsbcn\/\"]}]}<\/script>\n<!-- \/ Yoast SEO plugin. -->","yoast_head_json":{"title":"CatSalut - Col\u00b7legi de Farmac\u00e8utics de Barcelona","robots":{"index":"index","follow":"follow","max-snippet":"max-snippet:-1","max-image-preview":"max-image-preview:large","max-video-preview":"max-video-preview:-1"},"canonical":"https:\/\/www.cofb.org\/es\/qui-som\/el-collegi\/transparencia\/publicitat-activa\/convenis\/catsalut\/","og_locale":"es_ES","og_type":"article","og_title":"CatSalut - Col\u00b7legi de Farmac\u00e8utics de Barcelona","og_description":"Concert CCFC &#8211; SCS Concert d\u2019atenci\u00f3 farmac\u00e8utica entre el Servei&nbsp;Catal\u00e0 de la Salut i el Consell&nbsp;de Col\u00b7legis Farmac\u00e8utics de&nbsp;Catalunya&nbsp; Conveni &#8220;Pilot Programa de detecci\u00f3 preco\u00e7 de c\u00e0ncer de coll uter\u00ed&#8221; Conveni de programa &#8220;TAR&#8221; (Test Antig\u00e8nic R\u00e0pid) Conveni CCFC-SCS Conveni entre el Servei Catal\u00e0 de Salut i el CCFC per [&hellip;]","og_url":"https:\/\/www.cofb.org\/es\/qui-som\/el-collegi\/transparencia\/publicitat-activa\/convenis\/catsalut\/","og_site_name":"Col\u00b7legi de Farmac\u00e8utics de Barcelona","article_publisher":"https:\/\/www.facebook.com\/farmaceuticsbcn\/","article_modified_time":"2025-07-28T09:11:14+00:00","twitter_card":"summary_large_image","twitter_site":"@farmaceuticsbcn","twitter_misc":{"Tiempo de lectura":"3 minutos"},"schema":{"@context":"https:\/\/schema.org","@graph":[{"@type":"WebPage","@id":"https:\/\/www.cofb.org\/qui-som\/el-collegi\/transparencia\/publicitat-activa\/convenis\/catsalut\/","url":"https:\/\/www.cofb.org\/qui-som\/el-collegi\/transparencia\/publicitat-activa\/convenis\/catsalut\/","name":"CatSalut - Col\u00b7legi de Farmac\u00e8utics de Barcelona","isPartOf":{"@id":"https:\/\/www.cofb.org\/#website"},"datePublished":"2023-11-17T09:37:08+00:00","dateModified":"2025-07-28T09:11:14+00:00","breadcrumb":{"@id":"https:\/\/www.cofb.org\/qui-som\/el-collegi\/transparencia\/publicitat-activa\/convenis\/catsalut\/#breadcrumb"},"inLanguage":"es","potentialAction":[{"@type":"ReadAction","target":["https:\/\/www.cofb.org\/qui-som\/el-collegi\/transparencia\/publicitat-activa\/convenis\/catsalut\/"]}]},{"@type":"BreadcrumbList","@id":"https:\/\/www.cofb.org\/qui-som\/el-collegi\/transparencia\/publicitat-activa\/convenis\/catsalut\/#breadcrumb","itemListElement":[{"@type":"ListItem","position":1,"name":"Inici","item":"https:\/\/novaorg.cofb.net\/"},{"@type":"ListItem","position":2,"name":"Qui som?","item":"https:\/\/novaorg.cofb.net\/qui-som\/"},{"@type":"ListItem","position":3,"name":"El Col\u00b7legi","item":"https:\/\/novaorg.cofb.net\/qui-som\/el-collegi\/"},{"@type":"ListItem","position":4,"name":"Transpar\u00e8ncia","item":"https:\/\/novaorg.cofb.net\/qui-som\/el-collegi\/transparencia\/"},{"@type":"ListItem","position":5,"name":"Publicitat activa","item":"https:\/\/novaorg.cofb.net\/qui-som\/el-collegi\/transparencia\/publicitat-activa\/"},{"@type":"ListItem","position":6,"name":"Convenis","item":"https:\/\/www.cofb.org\/qui-som\/el-collegi\/transparencia\/publicitat-activa\/convenis\/"},{"@type":"ListItem","position":7,"name":"CatSalut"}]},{"@type":"WebSite","@id":"https:\/\/www.cofb.org\/#website","url":"https:\/\/www.cofb.org\/","name":"Col\u00b7legi de Farmac\u00e8utics de Barcelona","description":"","publisher":{"@id":"https:\/\/www.cofb.org\/#organization"},"potentialAction":[{"@type":"SearchAction","target":{"@type":"EntryPoint","urlTemplate":"https:\/\/www.cofb.org\/?s={search_term_string}"},"query-input":"required name=search_term_string"}],"inLanguage":"es"},{"@type":"Organization","@id":"https:\/\/www.cofb.org\/#organization","name":"Col\u00b7legi de Farmac\u00e8utics de Barcelona","url":"https:\/\/www.cofb.org\/","logo":{"@type":"ImageObject","inLanguage":"es","@id":"https:\/\/www.cofb.org\/#\/schema\/logo\/image\/","url":"https:\/\/www.cofb.org\/wp-content\/uploads\/2023\/11\/cropped-Logotip-COFB.png","contentUrl":"https:\/\/www.cofb.org\/wp-content\/uploads\/2023\/11\/cropped-Logotip-COFB.png","width":500,"height":105,"caption":"Col\u00b7legi de Farmac\u00e8utics de Barcelona"},"image":{"@id":"https:\/\/www.cofb.org\/#\/schema\/logo\/image\/"},"sameAs":["https:\/\/www.facebook.com\/farmaceuticsbcn\/","https:\/\/twitter.com\/farmaceuticsbcn","https:\/\/www.instagram.com\/farmaceuticsbcn\/","https:\/\/www.linkedin.com\/company\/farmaceuticsbcn\/"]}]}},"uagb_featured_image_src":{"full":false,"thumbnail":false,"medium":false,"medium_large":false,"large":false,"1536x1536":false,"2048x2048":false,"trp-custom-language-flag":false},"uagb_author_info":{"display_name":"wpAdminCofbOrg","author_link":"https:\/\/www.cofb.org\/es\/author\/wpadmincofborg\/"},"uagb_comment_info":0,"uagb_excerpt":"Concert CCFC &#8211; SCS Concert d\u2019atenci\u00f3 farmac\u00e8utica entre el Servei&nbsp;Catal\u00e0 de la Salut i el Consell&nbsp;de Col\u00b7legis Farmac\u00e8utics de&nbsp;Catalunya&nbsp; Conveni &#8220;Pilot Programa de detecci\u00f3 preco\u00e7 de c\u00e0ncer de coll uter\u00ed&#8221; Conveni de programa &#8220;TAR&#8221; (Test Antig\u00e8nic R\u00e0pid) Conveni CCFC-SCS Conveni entre el Servei Catal\u00e0 de Salut i el CCFC per [&hellip;]","_links":{"self":[{"href":"https:\/\/www.cofb.org\/es\/wp-json\/wp\/v2\/pages\/69564","targetHints":{"allow":["GET"]}}],"collection":[{"href":"https:\/\/www.cofb.org\/es\/wp-json\/wp\/v2\/pages"}],"about":[{"href":"https:\/\/www.cofb.org\/es\/wp-json\/wp\/v2\/types\/page"}],"author":[{"embeddable":true,"href":"https:\/\/www.cofb.org\/es\/wp-json\/wp\/v2\/users\/1"}],"replies":[{"embeddable":true,"href":"https:\/\/www.cofb.org\/es\/wp-json\/wp\/v2\/comments?post=69564"}],"version-history":[{"count":2,"href":"https:\/\/www.cofb.org\/es\/wp-json\/wp\/v2\/pages\/69564\/revisions"}],"predecessor-version":[{"id":82106,"href":"https:\/\/www.cofb.org\/es\/wp-json\/wp\/v2\/pages\/69564\/revisions\/82106"}],"up":[{"embeddable":true,"href":"https:\/\/www.cofb.org\/es\/wp-json\/wp\/v2\/pages\/3006"}],"wp:attachment":[{"href":"https:\/\/www.cofb.org\/es\/wp-json\/wp\/v2\/media?parent=69564"}],"curies":[{"name":"wp","href":"https:\/\/api.w.org\/{rel}","templated":true}]}}