{"id":69104,"date":"2023-10-11T06:25:15","date_gmt":"2023-10-11T06:25:15","guid":{"rendered":"https:\/\/novaorg.cofb.net\/?page_id=69104"},"modified":"2023-10-11T06:25:15","modified_gmt":"2023-10-11T06:25:15","slug":"collegiacio","status":"publish","type":"page","link":"https:\/\/www.cofb.org\/es\/qui-som\/el-collegi\/transparencia\/publicitat-activa\/informacio-i-tramits\/collegiacio\/","title":{"rendered":"Colegiaci\u00f3n"},"content":{"rendered":"<h2 class=\"wp-block-heading\">Solicitud para colegiarse<\/h2>\n\n\n\n<p>Para solicitar la colegiaci\u00f3n<strong>\u00a0<\/strong>el interesado debe presentar una instancia y acreditar las siguientes condiciones:<\/p>\n\n\n\n<ol class=\"wp-block-list\">\n<li>Tener la nacionalidad espa\u00f1ola o la de alguno de los pa\u00edses miembros de la Uni\u00f3n Europea.<\/li>\n\n\n\n<li>En caso de ser persona extranjera y no pertenecer a ninguno de los pa\u00edses de la UE, tener el permiso de residencia y\/o de trabajo.<\/li>\n\n\n\n<li>Ser mayor de edad.<\/li>\n\n\n\n<li>Estar en posesi\u00f3n del t\u00edtulo de licenciado en farmacia expedido por el Estado espa\u00f1ol o por otro Estado, siempre que est\u00e9 convenientemente homologado o convalidado por el Ministerio de Educaci\u00f3n y Ciencia.<\/li>\n\n\n\n<li>Abonar la cuota de ingreso fijada por la Junta General dentro de los presupuestos anuales.<\/li>\n\n\n\n<li>Para el tr\u00e1mite de colegiaci\u00f3n es obligatorio presentar el t\u00edtulo de licenciado en farmacia. Sin embargo, para agilizar el procedimiento, provisionalmente se acepta el resguardo de la universidad que es justificante de haberlo pedido, sin que ello implique que se exime al interesado de la presentaci\u00f3n. No ser\u00e1 necesaria la presentaci\u00f3n del t\u00edtulo cuando el Colegio pueda obtenerlo a trav\u00e9s de la p\u00e1gina de Consulta de T\u00edtulos Oficiales del Ministerio de educaci\u00f3n, Cultura y Deporte.&nbsp;&nbsp;<\/li>\n\n\n\n<li>Cuando el interesado proviene de otro colegio del Estado espa\u00f1ol, los requisitos anteriores tambi\u00e9n deben acreditarse y aportarse un certificado del colegio de origen asegurando que estaba al corriente de pago de las cuotas de colegiaci\u00f3n hasta la baja efectiva.<\/li>\n\n\n\n<li>Los extranjeros pueden incorporarse al Colegio cuando cumplen los requisitos para ejercer la profesi\u00f3n de farmac\u00e9utico en el Estado espa\u00f1ol.<\/li>\n\n\n\n<li>El ejercicio profesional estar\u00e1 sujeto al r\u00e9gimen de incompatibilidades que en cada caso establecen las normativas estatales y auton\u00f3micas que regulan la actividad profesional.<\/li>\n<\/ol>\n\n\n\n<h2 class=\"wp-block-heading\">Expediente de colegiaci\u00f3n <\/h2>\n\n\n\n<p>El expediente de colegiaci\u00f3n debe tramitarse en un tiempo no superior a 30 d\u00edas h\u00e1biles contados a partir de la fecha en que el solicitante ha aportado la documentaci\u00f3n requerida. Si la solicitud presentada no cumple los requisitos establecidos o falta alguno de los documentos preceptivos, el Colegio enviar\u00e1 una comunicaci\u00f3n al interesado para que en el plazo de 10 d\u00edas subsane los defectos detectados. Al mismo tiempo le advertir\u00e1 que transcurrido el plazo citado sin haberlo hecho se archivar\u00e1 el expediente sin m\u00e1s tr\u00e1mite. Una vez subsanados los defectos, el expediente ser\u00e1 presentado a la Junta de Gobierno para que dicte la correspondiente resoluci\u00f3n.<\/p>\n\n\n\n<p>La resoluci\u00f3n de la Junta de Gobierno se comunicar\u00e1 al solicitante en el plazo de cinco d\u00edas siguientes a la fecha del acuerdo. Si la resoluci\u00f3n fuese denegatoria, debe estar motivada, con indicaci\u00f3n de los recursos que pueden interponerse y ante qu\u00e9 organismo.<\/p>\n\n\n\n<p>La desestimaci\u00f3n de la solicitud de colegiaci\u00f3n podr\u00e1 ser fruto de un acuerdo por falta de los requisitos exigidos por las disposiciones vigentes y por \u00e9stos&nbsp;<a href=\"https:\/\/www.cofb.org\/es\/documents\/10136\/13337\/estatuts08.pdf\/d7638dc5-8130-4d34-ac75-2e2c8516cfd6\/\" target=\"_blank\" rel=\"noreferrer noopener\">Estatutos<\/a>&nbsp;y, adem\u00e1s, por:<\/p>\n\n\n\n<ol class=\"wp-block-list\">\n<li>No haber sido rehabilitado de sanciones administrativas y\/o penales que impliquen la inhabilitaci\u00f3n profesional, siempre que las resoluciones que impongan estas sanciones administrativas hayan puesto fin a la v\u00eda administrativa, de acuerdo con lo que disponen los art\u00edculos 23 y 48.4.b) de la Ley 7\/2006.<\/li>\n\n\n\n<li>Incumplimiento de los requisitos legales para el ejercicio de la profesi\u00f3n.<\/li>\n\n\n\n<li>Estar en situaci\u00f3n de expulsi\u00f3n de otro colegio profesional.<\/li>\n\n\n\n<li>Tener una deuda pendiente con el Colegio por cuotas vencidas y no abonadas. Transcurrido el plazo de un mes sin que la Junta haya resuelto la petici\u00f3n de colegiaci\u00f3n, se entender\u00e1 desestimada y quedar\u00e1 abierta la v\u00eda del correspondiente recurso.<\/li>\n<\/ol>\n\n\n\n<p>La incorporaci\u00f3n al Colegio comporta el alta autom\u00e1tica en la Vocal\u00eda correspondiente a la modalidad de ejercicio.<\/p>","protected":false},"excerpt":{"rendered":"<p>Solicitud para colegiarse Para solicitar la colegiaci\u00f3n el interesado debe presentar una instancia y acreditar las siguientes condiciones: Expediente de colegiaci\u00f3n El expediente de colegiaci\u00f3n debe tramitarse en un tiempo no superior a 30 d\u00edas h\u00e1biles contados a partir de la fecha en la que el solicitante ha aportado la documentaci\u00f3n requerida. [\u2026]<\/p>","protected":false},"author":1,"featured_media":0,"parent":3656,"menu_order":1,"comment_status":"closed","ping_status":"closed","template":"","meta":{"_uag_custom_page_level_css":"","site-sidebar-layout":"default","site-content-layout":"","ast-site-content-layout":"default","site-content-style":"default","site-sidebar-style":"default","ast-global-header-display":"","ast-banner-title-visibility":"","ast-main-header-display":"","ast-hfb-above-header-display":"","ast-hfb-below-header-display":"","ast-hfb-mobile-header-display":"","site-post-title":"","ast-breadcrumbs-content":"","ast-featured-img":"","footer-sml-layout":"","theme-transparent-header-meta":"","adv-header-id-meta":"","stick-header-meta":"","header-above-stick-meta":"","header-main-stick-meta":"","header-below-stick-meta":"","astra-migrate-meta-layouts":"default","ast-page-background-enabled":"default","ast-page-background-meta":{"desktop":{"background-color":"var(--ast-global-color-4)","background-image":"","background-repeat":"repeat","background-position":"center center","background-size":"auto","background-attachment":"scroll","background-type":"","background-media":"","overlay-type":"","overlay-color":"","overlay-opacity":"","overlay-gradient":""},"tablet":{"background-color":"","background-image":"","background-repeat":"repeat","background-position":"center center","background-size":"auto","background-attachment":"scroll","background-type":"","background-media":"","overlay-type":"","overlay-color":"","overlay-opacity":"","overlay-gradient":""},"mobile":{"background-color":"","background-image":"","background-repeat":"repeat","background-position":"center center","background-size":"auto","background-attachment":"scroll","background-type":"","background-media":"","overlay-type":"","overlay-color":"","overlay-opacity":"","overlay-gradient":""}},"ast-content-background-meta":{"desktop":{"background-color":"var(--ast-global-color-5)","background-image":"","background-repeat":"repeat","background-position":"center center","background-size":"auto","background-attachment":"scroll","background-type":"","background-media":"","overlay-type":"","overlay-color":"","overlay-opacity":"","overlay-gradient":""},"tablet":{"background-color":"var(--ast-global-color-5)","background-image":"","background-repeat":"repeat","background-position":"center center","background-size":"auto","background-attachment":"scroll","background-type":"","background-media":"","overlay-type":"","overlay-color":"","overlay-opacity":"","overlay-gradient":""},"mobile":{"background-color":"var(--ast-global-color-5)","background-image":"","background-repeat":"repeat","background-position":"center center","background-size":"auto","background-attachment":"scroll","background-type":"","background-media":"","overlay-type":"","overlay-color":"","overlay-opacity":"","overlay-gradient":""}},"footnotes":""},"class_list":["post-69104","page","type-page","status-publish","hentry"],"yoast_head":"<!-- This site is optimized with the Yoast SEO plugin v22.4 - https:\/\/yoast.com\/wordpress\/plugins\/seo\/ -->\n<title>Col\u00b7legiaci\u00f3 - Col\u00b7legi de Farmac\u00e8utics de Barcelona<\/title>\n<meta name=\"robots\" content=\"index, follow, max-snippet:-1, max-image-preview:large, max-video-preview:-1\" \/>\n<link rel=\"canonical\" href=\"https:\/\/novaorg.cofb.net\/qui-som\/el-collegi\/transparencia\/publicitat-activa\/informacio-i-tramits\/collegiacio\/\" \/>\n<meta property=\"og:locale\" content=\"es_ES\" \/>\n<meta property=\"og:type\" content=\"article\" \/>\n<meta property=\"og:title\" content=\"Col\u00b7legiaci\u00f3 - Col\u00b7legi de Farmac\u00e8utics de Barcelona\" \/>\n<meta property=\"og:description\" content=\"Sol\u00b7licitud per col\u00b7legiar-se Per sol\u00b7licitar la col\u00b7legiaci\u00f3\u00a0l&#8217;interessat ha de presentar una inst\u00e0ncia i acreditar les condicions seg\u00fcents: Expedient de col\u00b7legiaci\u00f3 L&#8217;expedient de col\u00b7legiaci\u00f3 s&#8217;ha de tramitar en un temps no superior a 30 dies h\u00e0bils comptats a partir de la data en qu\u00e8 el sol\u00b7licitant ha aportat la documentaci\u00f3 requerida. [&hellip;]\" \/>\n<meta property=\"og:url\" content=\"https:\/\/novaorg.cofb.net\/qui-som\/el-collegi\/transparencia\/publicitat-activa\/informacio-i-tramits\/collegiacio\/\" \/>\n<meta property=\"og:site_name\" content=\"Col\u00b7legi de Farmac\u00e8utics de Barcelona\" \/>\n<meta property=\"article:publisher\" content=\"https:\/\/www.facebook.com\/farmaceuticsbcn\/\" \/>\n<meta name=\"twitter:card\" content=\"summary_large_image\" \/>\n<meta name=\"twitter:site\" content=\"@farmaceuticsbcn\" \/>\n<meta name=\"twitter:label1\" content=\"Tiempo de lectura\" \/>\n\t<meta name=\"twitter:data1\" content=\"3 minutos\" \/>\n<script type=\"application\/ld+json\" class=\"yoast-schema-graph\">{\"@context\":\"https:\/\/schema.org\",\"@graph\":[{\"@type\":\"WebPage\",\"@id\":\"https:\/\/novaorg.cofb.net\/qui-som\/el-collegi\/transparencia\/publicitat-activa\/informacio-i-tramits\/collegiacio\/\",\"url\":\"https:\/\/novaorg.cofb.net\/qui-som\/el-collegi\/transparencia\/publicitat-activa\/informacio-i-tramits\/collegiacio\/\",\"name\":\"Col\u00b7legiaci\u00f3 - Col\u00b7legi de Farmac\u00e8utics de Barcelona\",\"isPartOf\":{\"@id\":\"https:\/\/www.cofb.org\/#website\"},\"datePublished\":\"2023-10-11T06:25:15+00:00\",\"dateModified\":\"2023-10-11T06:25:15+00:00\",\"breadcrumb\":{\"@id\":\"https:\/\/novaorg.cofb.net\/qui-som\/el-collegi\/transparencia\/publicitat-activa\/informacio-i-tramits\/collegiacio\/#breadcrumb\"},\"inLanguage\":\"es\",\"potentialAction\":[{\"@type\":\"ReadAction\",\"target\":[\"https:\/\/novaorg.cofb.net\/qui-som\/el-collegi\/transparencia\/publicitat-activa\/informacio-i-tramits\/collegiacio\/\"]}]},{\"@type\":\"BreadcrumbList\",\"@id\":\"https:\/\/novaorg.cofb.net\/qui-som\/el-collegi\/transparencia\/publicitat-activa\/informacio-i-tramits\/collegiacio\/#breadcrumb\",\"itemListElement\":[{\"@type\":\"ListItem\",\"position\":1,\"name\":\"Inici\",\"item\":\"https:\/\/novaorg.cofb.net\/\"},{\"@type\":\"ListItem\",\"position\":2,\"name\":\"Qui som?\",\"item\":\"https:\/\/novaorg.cofb.net\/qui-som\/\"},{\"@type\":\"ListItem\",\"position\":3,\"name\":\"El Col\u00b7legi\",\"item\":\"https:\/\/novaorg.cofb.net\/qui-som\/el-collegi\/\"},{\"@type\":\"ListItem\",\"position\":4,\"name\":\"Transpar\u00e8ncia\",\"item\":\"https:\/\/novaorg.cofb.net\/qui-som\/el-collegi\/transparencia\/\"},{\"@type\":\"ListItem\",\"position\":5,\"name\":\"Publicitat activa\",\"item\":\"https:\/\/novaorg.cofb.net\/qui-som\/el-collegi\/transparencia\/publicitat-activa\/\"},{\"@type\":\"ListItem\",\"position\":6,\"name\":\"Informaci\u00f3 i tr\u00e0mits\",\"item\":\"https:\/\/novaorg.cofb.net\/qui-som\/el-collegi\/transparencia\/publicitat-activa\/informacio-i-tramits\/\"},{\"@type\":\"ListItem\",\"position\":7,\"name\":\"Col\u00b7legiaci\u00f3\"}]},{\"@type\":\"WebSite\",\"@id\":\"https:\/\/www.cofb.org\/#website\",\"url\":\"https:\/\/www.cofb.org\/\",\"name\":\"Col\u00b7legi de Farmac\u00e8utics de Barcelona\",\"description\":\"\",\"publisher\":{\"@id\":\"https:\/\/www.cofb.org\/#organization\"},\"potentialAction\":[{\"@type\":\"SearchAction\",\"target\":{\"@type\":\"EntryPoint\",\"urlTemplate\":\"https:\/\/www.cofb.org\/?s={search_term_string}\"},\"query-input\":\"required name=search_term_string\"}],\"inLanguage\":\"es\"},{\"@type\":\"Organization\",\"@id\":\"https:\/\/www.cofb.org\/#organization\",\"name\":\"Col\u00b7legi de Farmac\u00e8utics de Barcelona\",\"url\":\"https:\/\/www.cofb.org\/\",\"logo\":{\"@type\":\"ImageObject\",\"inLanguage\":\"es\",\"@id\":\"https:\/\/www.cofb.org\/#\/schema\/logo\/image\/\",\"url\":\"https:\/\/www.cofb.org\/wp-content\/uploads\/2023\/11\/cropped-Logotip-COFB.png\",\"contentUrl\":\"https:\/\/www.cofb.org\/wp-content\/uploads\/2023\/11\/cropped-Logotip-COFB.png\",\"width\":500,\"height\":105,\"caption\":\"Col\u00b7legi de Farmac\u00e8utics de Barcelona\"},\"image\":{\"@id\":\"https:\/\/www.cofb.org\/#\/schema\/logo\/image\/\"},\"sameAs\":[\"https:\/\/www.facebook.com\/farmaceuticsbcn\/\",\"https:\/\/twitter.com\/farmaceuticsbcn\",\"https:\/\/www.instagram.com\/farmaceuticsbcn\/\",\"https:\/\/www.linkedin.com\/company\/farmaceuticsbcn\/\"]}]}<\/script>\n<!-- \/ Yoast SEO plugin. -->","yoast_head_json":{"title":"Col\u00b7legiaci\u00f3 - Col\u00b7legi de Farmac\u00e8utics de Barcelona","robots":{"index":"index","follow":"follow","max-snippet":"max-snippet:-1","max-image-preview":"max-image-preview:large","max-video-preview":"max-video-preview:-1"},"canonical":"https:\/\/novaorg.cofb.net\/qui-som\/el-collegi\/transparencia\/publicitat-activa\/informacio-i-tramits\/collegiacio\/","og_locale":"es_ES","og_type":"article","og_title":"Col\u00b7legiaci\u00f3 - Col\u00b7legi de Farmac\u00e8utics de Barcelona","og_description":"Sol\u00b7licitud per col\u00b7legiar-se Per sol\u00b7licitar la col\u00b7legiaci\u00f3\u00a0l&#8217;interessat ha de presentar una inst\u00e0ncia i acreditar les condicions seg\u00fcents: Expedient de col\u00b7legiaci\u00f3 L&#8217;expedient de col\u00b7legiaci\u00f3 s&#8217;ha de tramitar en un temps no superior a 30 dies h\u00e0bils comptats a partir de la data en qu\u00e8 el sol\u00b7licitant ha aportat la documentaci\u00f3 requerida. [&hellip;]","og_url":"https:\/\/novaorg.cofb.net\/qui-som\/el-collegi\/transparencia\/publicitat-activa\/informacio-i-tramits\/collegiacio\/","og_site_name":"Col\u00b7legi de Farmac\u00e8utics de Barcelona","article_publisher":"https:\/\/www.facebook.com\/farmaceuticsbcn\/","twitter_card":"summary_large_image","twitter_site":"@farmaceuticsbcn","twitter_misc":{"Tiempo de lectura":"3 minutos"},"schema":{"@context":"https:\/\/schema.org","@graph":[{"@type":"WebPage","@id":"https:\/\/novaorg.cofb.net\/qui-som\/el-collegi\/transparencia\/publicitat-activa\/informacio-i-tramits\/collegiacio\/","url":"https:\/\/novaorg.cofb.net\/qui-som\/el-collegi\/transparencia\/publicitat-activa\/informacio-i-tramits\/collegiacio\/","name":"Col\u00b7legiaci\u00f3 - Col\u00b7legi de Farmac\u00e8utics de Barcelona","isPartOf":{"@id":"https:\/\/www.cofb.org\/#website"},"datePublished":"2023-10-11T06:25:15+00:00","dateModified":"2023-10-11T06:25:15+00:00","breadcrumb":{"@id":"https:\/\/novaorg.cofb.net\/qui-som\/el-collegi\/transparencia\/publicitat-activa\/informacio-i-tramits\/collegiacio\/#breadcrumb"},"inLanguage":"es","potentialAction":[{"@type":"ReadAction","target":["https:\/\/novaorg.cofb.net\/qui-som\/el-collegi\/transparencia\/publicitat-activa\/informacio-i-tramits\/collegiacio\/"]}]},{"@type":"BreadcrumbList","@id":"https:\/\/novaorg.cofb.net\/qui-som\/el-collegi\/transparencia\/publicitat-activa\/informacio-i-tramits\/collegiacio\/#breadcrumb","itemListElement":[{"@type":"ListItem","position":1,"name":"Inici","item":"https:\/\/novaorg.cofb.net\/"},{"@type":"ListItem","position":2,"name":"Qui som?","item":"https:\/\/novaorg.cofb.net\/qui-som\/"},{"@type":"ListItem","position":3,"name":"El Col\u00b7legi","item":"https:\/\/novaorg.cofb.net\/qui-som\/el-collegi\/"},{"@type":"ListItem","position":4,"name":"Transpar\u00e8ncia","item":"https:\/\/novaorg.cofb.net\/qui-som\/el-collegi\/transparencia\/"},{"@type":"ListItem","position":5,"name":"Publicitat activa","item":"https:\/\/novaorg.cofb.net\/qui-som\/el-collegi\/transparencia\/publicitat-activa\/"},{"@type":"ListItem","position":6,"name":"Informaci\u00f3 i tr\u00e0mits","item":"https:\/\/novaorg.cofb.net\/qui-som\/el-collegi\/transparencia\/publicitat-activa\/informacio-i-tramits\/"},{"@type":"ListItem","position":7,"name":"Col\u00b7legiaci\u00f3"}]},{"@type":"WebSite","@id":"https:\/\/www.cofb.org\/#website","url":"https:\/\/www.cofb.org\/","name":"Col\u00b7legi de Farmac\u00e8utics de Barcelona","description":"","publisher":{"@id":"https:\/\/www.cofb.org\/#organization"},"potentialAction":[{"@type":"SearchAction","target":{"@type":"EntryPoint","urlTemplate":"https:\/\/www.cofb.org\/?s={search_term_string}"},"query-input":"required name=search_term_string"}],"inLanguage":"es"},{"@type":"Organization","@id":"https:\/\/www.cofb.org\/#organization","name":"Col\u00b7legi de Farmac\u00e8utics de Barcelona","url":"https:\/\/www.cofb.org\/","logo":{"@type":"ImageObject","inLanguage":"es","@id":"https:\/\/www.cofb.org\/#\/schema\/logo\/image\/","url":"https:\/\/www.cofb.org\/wp-content\/uploads\/2023\/11\/cropped-Logotip-COFB.png","contentUrl":"https:\/\/www.cofb.org\/wp-content\/uploads\/2023\/11\/cropped-Logotip-COFB.png","width":500,"height":105,"caption":"Col\u00b7legi de Farmac\u00e8utics de Barcelona"},"image":{"@id":"https:\/\/www.cofb.org\/#\/schema\/logo\/image\/"},"sameAs":["https:\/\/www.facebook.com\/farmaceuticsbcn\/","https:\/\/twitter.com\/farmaceuticsbcn","https:\/\/www.instagram.com\/farmaceuticsbcn\/","https:\/\/www.linkedin.com\/company\/farmaceuticsbcn\/"]}]}},"uagb_featured_image_src":{"full":false,"thumbnail":false,"medium":false,"medium_large":false,"large":false,"1536x1536":false,"2048x2048":false,"trp-custom-language-flag":false},"uagb_author_info":{"display_name":"wpAdminCofbOrg","author_link":"https:\/\/www.cofb.org\/es\/author\/wpadmincofborg\/"},"uagb_comment_info":0,"uagb_excerpt":"Sol\u00b7licitud per col\u00b7legiar-se Per sol\u00b7licitar la col\u00b7legiaci\u00f3\u00a0l&#8217;interessat ha de presentar una inst\u00e0ncia i acreditar les condicions seg\u00fcents: Expedient de col\u00b7legiaci\u00f3 L&#8217;expedient de col\u00b7legiaci\u00f3 s&#8217;ha de tramitar en un temps no superior a 30 dies h\u00e0bils comptats a partir de la data en qu\u00e8 el sol\u00b7licitant ha aportat la documentaci\u00f3 requerida. [&hellip;]","_links":{"self":[{"href":"https:\/\/www.cofb.org\/es\/wp-json\/wp\/v2\/pages\/69104","targetHints":{"allow":["GET"]}}],"collection":[{"href":"https:\/\/www.cofb.org\/es\/wp-json\/wp\/v2\/pages"}],"about":[{"href":"https:\/\/www.cofb.org\/es\/wp-json\/wp\/v2\/types\/page"}],"author":[{"embeddable":true,"href":"https:\/\/www.cofb.org\/es\/wp-json\/wp\/v2\/users\/1"}],"replies":[{"embeddable":true,"href":"https:\/\/www.cofb.org\/es\/wp-json\/wp\/v2\/comments?post=69104"}],"version-history":[{"count":1,"href":"https:\/\/www.cofb.org\/es\/wp-json\/wp\/v2\/pages\/69104\/revisions"}],"predecessor-version":[{"id":69105,"href":"https:\/\/www.cofb.org\/es\/wp-json\/wp\/v2\/pages\/69104\/revisions\/69105"}],"up":[{"embeddable":true,"href":"https:\/\/www.cofb.org\/es\/wp-json\/wp\/v2\/pages\/3656"}],"wp:attachment":[{"href":"https:\/\/www.cofb.org\/es\/wp-json\/wp\/v2\/media?parent=69104"}],"curies":[{"name":"wp","href":"https:\/\/api.w.org\/{rel}","templated":true}]}}