{"id":68568,"date":"2023-09-18T14:51:00","date_gmt":"2023-09-18T14:51:00","guid":{"rendered":"https:\/\/novaorg.cofb.net\/?page_id=68568"},"modified":"2024-10-18T12:01:02","modified_gmt":"2024-10-18T12:01:02","slug":"bonificacio-de-cursos","status":"publish","type":"page","link":"https:\/\/www.cofb.org\/es\/que-oferim\/farmaceutics\/serveis-als-collegiats\/formacio-i-projectes\/bonificacio-de-cursos\/","title":{"rendered":"Bonificaci\u00f3n de cursos"},"content":{"rendered":"<h2 class=\"wp-block-heading\">Sistema de formaci\u00f3n para el empleo<\/h2>\n\n\n\n<p>Est\u00e1 dise\u00f1ado para mejorar y actualizar la calificaci\u00f3n profesional y la competitividad de los trabajadores. Todas las empresas tienen derecho a una <strong>ayuda econ\u00f3mica<\/strong> para formaci\u00f3n, que se hace efectiva a trav\u00e9s de las bonificaciones en las cotizaciones de la Seguridad Social. La bonificaci\u00f3n m\u00ednima ser\u00e1 de 420 euros y aumentar\u00e1 en funci\u00f3n del volumen de la empresa. <\/p>\n\n\n\n<p>S\u00f3lo pueden bonificarse los costes de los cursos correspondientes a los alumnos que cotizan en <strong>R\u00c9GIMEN GENERAL<\/strong> (los aut\u00f3nomos est\u00e1n excluidos).<\/p>\n\n\n<div class=\"wp-block-uagb-faq uagb-faq__outer-wrap uagb-block-83fee876 uagb-faq-icon-row uagb-faq-layout-accordion uagb-faq-expand-first-true uagb-faq-inactive-other-true uagb-faq__wrap uagb-buttons-layout-wrap uagb-faq-equal-height\" data-faqtoggle=\"true\" role=\"tablist\"><div class=\"wp-block-uagb-faq-child uagb-faq-child__outer-wrap uagb-faq-item uagb-block-279ec6c0\" role=\"tab\" tabindex=\"0\"><div class=\"uagb-faq-questions-button uagb-faq-questions\">\t\t\t<span class=\"uagb-icon uagb-faq-icon-wrap\">\n\t\t\t\t\t\t\t\t<svg xmlns=\"https:\/\/www.w3.org\/2000\/svg\" viewbox= \"0 0 448 512\"><path d=\"M432 256c0 17.69-14.33 32.01-32 32.01H256v144c0 17.69-14.33 31.99-32 31.99s-32-14.3-32-31.99v-144H48c-17.67 0-32-14.32-32-32.01s14.33-31.99 32-31.99H192v-144c0-17.69 14.33-32.01 32-32.01s32 14.32 32 32.01v144h144C417.7 224 432 238.3 432 256z\"><\/path><\/svg>\n\t\t\t\t\t\t\t<\/span>\n\t\t\t\t\t\t<span class=\"uagb-icon-active uagb-faq-icon-wrap\">\n\t\t\t\t\t\t\t\t<svg xmlns=\"https:\/\/www.w3.org\/2000\/svg\" viewbox= \"0 0 448 512\"><path d=\"M400 288h-352c-17.69 0-32-14.32-32-32.01s14.31-31.99 32-31.99h352c17.69 0 32 14.3 32 31.99S417.7 288 400 288z\"><\/path><\/svg>\n\t\t\t\t\t\t\t<\/span>\n\t\t\t<span class=\"uagb-question\">\u00bfC\u00f3mo lo tengo que hacer?<\/span><\/div><div class=\"uagb-faq-content\"><p>La empresa puede decidir qu\u00e9 formaci\u00f3n necesita, cu\u00e1ndo hacerla o con qui\u00e9n la quiere hacer y gestionarla ella misma o buscar la colaboraci\u00f3n de una entidad organizadora de cursos y delegar todos los tr\u00e1mites. En 2006, el Col\u00b7legi de Farmac\u00e8utics de Barcelona se constituy\u00f3 como <strong>entidad organizadora<\/strong> y desde entonces, de forma gratuita, se encarga de realizar los tr\u00e1mites para recuperar el cr\u00e9dito anual de las empresas que participan en los cursos que organiza.<\/p><\/div><\/div><div class=\"wp-block-uagb-faq-child uagb-faq-child__outer-wrap uagb-faq-item uagb-block-61242794\" role=\"tab\" tabindex=\"0\"><div class=\"uagb-faq-questions-button uagb-faq-questions\">\t\t\t<span class=\"uagb-icon uagb-faq-icon-wrap\">\n\t\t\t\t\t\t\t\t<svg xmlns=\"https:\/\/www.w3.org\/2000\/svg\" viewbox= \"0 0 448 512\"><path d=\"M432 256c0 17.69-14.33 32.01-32 32.01H256v144c0 17.69-14.33 31.99-32 31.99s-32-14.3-32-31.99v-144H48c-17.67 0-32-14.32-32-32.01s14.33-31.99 32-31.99H192v-144c0-17.69 14.33-32.01 32-32.01s32 14.32 32 32.01v144h144C417.7 224 432 238.3 432 256z\"><\/path><\/svg>\n\t\t\t\t\t\t\t<\/span>\n\t\t\t\t\t\t<span class=\"uagb-icon-active uagb-faq-icon-wrap\">\n\t\t\t\t\t\t\t\t<svg xmlns=\"https:\/\/www.w3.org\/2000\/svg\" viewbox= \"0 0 448 512\"><path d=\"M400 288h-352c-17.69 0-32-14.32-32-32.01s14.31-31.99 32-31.99h352c17.69 0 32 14.3 32 31.99S417.7 288 400 288z\"><\/path><\/svg>\n\t\t\t\t\t\t\t<\/span>\n\t\t\t<span class=\"uagb-question\">\u00bfEntran todos los cursos?<\/span><\/div><div class=\"uagb-faq-content\"><p>Se trata de quienes figuran en el programa con la denominaci\u00f3n <strong>BONIFICABLE<\/strong> porque se ajustan a las condiciones que marca el <em>Sistema de Formaci\u00f3n Profesional para el Empleo<\/em>.<\/p><\/div><\/div><div class=\"wp-block-uagb-faq-child uagb-faq-child__outer-wrap uagb-faq-item uagb-block-13987c04\" role=\"tab\" tabindex=\"0\"><div class=\"uagb-faq-questions-button uagb-faq-questions\">\t\t\t<span class=\"uagb-icon uagb-faq-icon-wrap\">\n\t\t\t\t\t\t\t\t<svg xmlns=\"https:\/\/www.w3.org\/2000\/svg\" viewbox= \"0 0 448 512\"><path d=\"M432 256c0 17.69-14.33 32.01-32 32.01H256v144c0 17.69-14.33 31.99-32 31.99s-32-14.3-32-31.99v-144H48c-17.67 0-32-14.32-32-32.01s14.33-31.99 32-31.99H192v-144c0-17.69 14.33-32.01 32-32.01s32 14.32 32 32.01v144h144C417.7 224 432 238.3 432 256z\"><\/path><\/svg>\n\t\t\t\t\t\t\t<\/span>\n\t\t\t\t\t\t<span class=\"uagb-icon-active uagb-faq-icon-wrap\">\n\t\t\t\t\t\t\t\t<svg xmlns=\"https:\/\/www.w3.org\/2000\/svg\" viewbox= \"0 0 448 512\"><path d=\"M400 288h-352c-17.69 0-32-14.32-32-32.01s14.31-31.99 32-31.99h352c17.69 0 32 14.3 32 31.99S417.7 288 400 288z\"><\/path><\/svg>\n\t\t\t\t\t\t\t<\/span>\n\t\t\t<span class=\"uagb-question\">Pasos a seguir<\/span><\/div><div class=\"uagb-faq-content\"><p><strong>15 d\u00edas h\u00e1biles<\/strong>\u00a0antes de que comience el curso al que desea inscribir alg\u00fan empleado, debe presentar al Col\u00b7legi la siguiente documentaci\u00f3n:<br><br><strong>1. Adhesi\u00f3n al\u00a0<\/strong><em><strong><a href=\"https:\/\/www.cofb.org\/wp-content\/uploads\/2024\/10\/Adhesion-contrato-de-encomienda-COFB-DIGITAL-08052024_ju.pdf\" target=\"_blank\" rel=\"noreferrer noopener\">Contrato de encomienda de organizaci\u00f3n<\/a><\/strong><\/em>, cumplimentado y firmado digitalmente por el titular o representante legal de la empresa. Es muy importante enviar esta documentaci\u00f3n\u00a0<strong>por correo electr\u00f3nico a<\/strong>\u00a0<a href=\"mailto:formacio@cofb.net\">formacio@cofb.net<\/a><br><br><strong>2.\u00a0<\/strong><a href=\"https:\/\/www.cofb.org\/es\/documents\/10136\/1079888\/Formulari+dades+assistent_nou_2.pdf\/b0b812a3-c14f-4331-ba31-a5ac20d2be22\/\" target=\"_blank\" rel=\"noreferrer noopener\"><em><strong>Formulario con los datos de los asistentes<\/strong><\/em>\u00a0<\/a><em><strong>y<\/strong><\/em><strong><em>\u00a0firmado por el trabajador<\/em><\/strong>\u00a0(todos los datos recabados aparecen en la hoja de salario del trabajador). Es muy importante enviar esta documentaci\u00f3n escaneada con la firma del trabajador\u00a0<strong>por correo electr\u00f3nico a<\/strong>\u00a0<a href=\"mailto:formacio@cofb.net\">formacio@cofb.net<\/a><br><br><strong>3.\u00a0<\/strong><em><a href=\"https:\/\/www.cofb.org\/es\/documents\/10136\/1079888\/Contrato+de+encomienda+COFB+-+web+signat+20180104.pdf\/c0360fe8-eae4-40a4-a7ab-610e6602217a\/\" target=\"_blank\" rel=\"noreferrer noopener\"><strong>Contrato de encomienda de organizaci\u00f3n<\/strong><\/a><\/em>. Este documento\u00a0<strong>s\u00f3lo<\/strong>\u00a0es necesario leerlo para firmar la adhesi\u00f3n.\u00a0<strong>No es necesario enviarlo<\/strong>.<br><br>Si la empresa tiene representaci\u00f3n legal de los trabajadores (comit\u00e9 de empresa, delegado de personal), tiene obligaci\u00f3n de anunciar por escrito a los representantes legales de los trabajadores la realizaci\u00f3n del curso 15 d\u00edas antes del comienzo.<br><br><strong>IMPORTANTE: Una vez se haya presentado esta documentaci\u00f3n en el Col\u00b7legi, para los pr\u00f3ximos cursos bonificables<\/strong>\u00a0s\u00f3lo ser\u00e1 necesario presentar el formulario con los datos de los asistentes\u00a0<strong>15 d\u00edas h\u00e1biles<\/strong>\u00a0antes del comienzo del curso.<\/p><\/div><\/div><div class=\"wp-block-uagb-faq-child uagb-faq-child__outer-wrap uagb-faq-item uagb-block-4a9be442\" role=\"tab\" tabindex=\"0\"><div class=\"uagb-faq-questions-button uagb-faq-questions\">\t\t\t<span class=\"uagb-icon uagb-faq-icon-wrap\">\n\t\t\t\t\t\t\t\t<svg xmlns=\"https:\/\/www.w3.org\/2000\/svg\" viewbox= \"0 0 448 512\"><path d=\"M432 256c0 17.69-14.33 32.01-32 32.01H256v144c0 17.69-14.33 31.99-32 31.99s-32-14.3-32-31.99v-144H48c-17.67 0-32-14.32-32-32.01s14.33-31.99 32-31.99H192v-144c0-17.69 14.33-32.01 32-32.01s32 14.32 32 32.01v144h144C417.7 224 432 238.3 432 256z\"><\/path><\/svg>\n\t\t\t\t\t\t\t<\/span>\n\t\t\t\t\t\t<span class=\"uagb-icon-active uagb-faq-icon-wrap\">\n\t\t\t\t\t\t\t\t<svg xmlns=\"https:\/\/www.w3.org\/2000\/svg\" viewbox= \"0 0 448 512\"><path d=\"M400 288h-352c-17.69 0-32-14.32-32-32.01s14.31-31.99 32-31.99h352c17.69 0 32 14.3 32 31.99S417.7 288 400 288z\"><\/path><\/svg>\n\t\t\t\t\t\t\t<\/span>\n\t\t\t<span class=\"uagb-question\">Otros aspectos econ\u00f3micos<\/span><\/div><div class=\"uagb-faq-content\"><p>La reforma del mes de marzo de 2015 de la legislaci\u00f3n que regula la formaci\u00f3n bonificada implica que las empresas tendr\u00e1n que tener en cuenta los siguientes puntos:<br>El c\u00e1lculo del cr\u00e9dito formativo anual por las empresas no ha cambiado, el m\u00ednimo sigue siendo de 420 \u20ac, pero ha cambiado la forma de bonificarlo en los cursos. Ahora se aplican los m\u00f3dulos econ\u00f3micos en todas las formaciones y en todas las empresas, independientemente del n\u00famero de trabajadores que tengan.<br><br><strong>M\u00f3dulos econ\u00f3micos:<br><\/strong>Presencial, nivel b\u00e1sico: 9 euros\/hora lectiva<br>Presencial, nivel medio o superior: 13 euros\/hora lectiva<br>Teleformaci\u00f3n, online: 7,5 euros\/hora lectiva <br>Mixta: Se aplicar\u00e1n los m\u00f3dulos econ\u00f3micos en funci\u00f3n de las horas de formaci\u00f3n presencial y online que tenga la acci\u00f3n formativa<br><br>Por tanto, aunque no se pueda bonificar la totalidad de la matr\u00edcula, las empresas tendr\u00e1n que garantizar la gratuidad de la formaci\u00f3n a sus trabajadores.<br>Ej: <br><strong>Curso presencial<\/strong> de 10 horas que vale 200 \u20ac y participa un trabajador de la empresa, la bonificaci\u00f3n m\u00e1xima ser\u00e1 de <strong>130 \u20ac (10 horas* 13\u20ac\/hora* 1 trabajador)<\/strong> <br><strong>Curso <em>online<\/em><\/strong> de 12 horas que vale 150 \u20ac y participa un trabajador de la empresa, la bonificaci\u00f3n m\u00e1xima ser\u00e1 de <strong>90 \u20ac (12 horas* 7,5\u20ac\/hora* 1 trabajador)<br><\/strong><br>Si desea aclarar alguna duda o alg\u00fan punto que no queda suficientemente expl\u00edcito, p\u00f3ngase en contacto con el Departamento de Formaci\u00f3n y Desarrollo Profesional llamando al tel\u00e9fono 93 2440713 o escribiendo a la direcci\u00f3n electr\u00f3nica\u00a0<a href=\"mailto:cpineda@cofb.net\">cpineda@cofb.net<\/a><\/p><\/div><\/div><div class=\"wp-block-uagb-faq-child uagb-faq-child__outer-wrap uagb-faq-item uagb-block-1f2248bf\" role=\"tab\" tabindex=\"0\"><div class=\"uagb-faq-questions-button uagb-faq-questions\">\t\t\t<span class=\"uagb-icon uagb-faq-icon-wrap\">\n\t\t\t\t\t\t\t\t<svg xmlns=\"https:\/\/www.w3.org\/2000\/svg\" viewbox= \"0 0 448 512\"><path d=\"M432 256c0 17.69-14.33 32.01-32 32.01H256v144c0 17.69-14.33 31.99-32 31.99s-32-14.3-32-31.99v-144H48c-17.67 0-32-14.32-32-32.01s14.33-31.99 32-31.99H192v-144c0-17.69 14.33-32.01 32-32.01s32 14.32 32 32.01v144h144C417.7 224 432 238.3 432 256z\"><\/path><\/svg>\n\t\t\t\t\t\t\t<\/span>\n\t\t\t\t\t\t<span class=\"uagb-icon-active uagb-faq-icon-wrap\">\n\t\t\t\t\t\t\t\t<svg xmlns=\"https:\/\/www.w3.org\/2000\/svg\" viewbox= \"0 0 448 512\"><path d=\"M400 288h-352c-17.69 0-32-14.32-32-32.01s14.31-31.99 32-31.99h352c17.69 0 32 14.3 32 31.99S417.7 288 400 288z\"><\/path><\/svg>\n\t\t\t\t\t\t\t<\/span>\n\t\t\t<span class=\"uagb-question\">Requerimientos<\/span><\/div><div class=\"uagb-faq-content\"><p><strong><strong>Requerimientos tramitaci\u00f3n:<\/strong><br><\/strong>\u00b7 Estar trabajando en una empresa privada. No se admiten funcionarios de la Administraci\u00f3n P\u00fablica.<br>\u00b7 Encontrarse cotizando en R\u00e9gimen General de la Seguridad Social.<br>\u00b7 Solicitar un curso relacionado con el puesto de trabajo o con la actividad empresarial.<br>\u00b7 Que la empresa autorice la formaci\u00f3n.<br>\u00b7 Que la empresa disponga de suficiente cr\u00e9dito formativo para cubrir el coste del curso.<br><br><strong><strong>Requerimientos tramitaci\u00f3n:<\/strong><br><\/strong>\u00b7 El alumno debe visualizar el 100% del contenido del campus virtual.<br>\u00b7 El alumno debe aprobar todas las autoevaluaciones y los ex\u00e1menes.<br>\u00b7 El alumno debe estar conectado al campus virtual al menos 75% de las horas de formaci\u00f3n on line del programa formativo o asistir presencialmente al 75% de las sesiones<br>\u00b7 El alumno debe tener un contrato de trabajo con la empresa que pide la bonificaci\u00f3n<br>\u00b7 La empresa debe tener cr\u00e9dito formativo para poder bonificar la formaci\u00f3n.<\/p><\/div><\/div><\/div>","protected":false},"excerpt":{"rendered":"<p>Sistema de formaci\u00f3n para el empleo Est\u00e1 dise\u00f1ado para mejorar y actualizar la calificaci\u00f3n profesional y la competitividad de los trabajadores. Todas las empresas tienen derecho a una ayuda econ\u00f3mica para formaci\u00f3n, que se hace efectiva a trav\u00e9s de las bonificaciones en las cotizaciones de la Seguridad Social. La bonificaci\u00f3n [\u2026]<\/p>","protected":false},"author":1,"featured_media":0,"parent":2878,"menu_order":0,"comment_status":"closed","ping_status":"closed","template":"","meta":{"_uag_custom_page_level_css":"","site-sidebar-layout":"default","site-content-layout":"","ast-site-content-layout":"default","site-content-style":"default","site-sidebar-style":"default","ast-global-header-display":"","ast-banner-title-visibility":"","ast-main-header-display":"","ast-hfb-above-header-display":"","ast-hfb-below-header-display":"","ast-hfb-mobile-header-display":"","site-post-title":"","ast-breadcrumbs-content":"","ast-featured-img":"","footer-sml-layout":"","theme-transparent-header-meta":"","adv-header-id-meta":"","stick-header-meta":"","header-above-stick-meta":"","header-main-stick-meta":"","header-below-stick-meta":"","astra-migrate-meta-layouts":"set","ast-page-background-enabled":"default","ast-page-background-meta":{"desktop":{"background-color":"var(--ast-global-color-4)","background-image":"","background-repeat":"repeat","background-position":"center center","background-size":"auto","background-attachment":"scroll","background-type":"","background-media":"","overlay-type":"","overlay-color":"","overlay-opacity":"","overlay-gradient":""},"tablet":{"background-color":"","background-image":"","background-repeat":"repeat","background-position":"center center","background-size":"auto","background-attachment":"scroll","background-type":"","background-media":"","overlay-type":"","overlay-color":"","overlay-opacity":"","overlay-gradient":""},"mobile":{"background-color":"","background-image":"","background-repeat":"repeat","background-position":"center center","background-size":"auto","background-attachment":"scroll","background-type":"","background-media":"","overlay-type":"","overlay-color":"","overlay-opacity":"","overlay-gradient":""}},"ast-content-background-meta":{"desktop":{"background-color":"var(--ast-global-color-5)","background-image":"","background-repeat":"repeat","background-position":"center center","background-size":"auto","background-attachment":"scroll","background-type":"","background-media":"","overlay-type":"","overlay-color":"","overlay-opacity":"","overlay-gradient":""},"tablet":{"background-color":"var(--ast-global-color-5)","background-image":"","background-repeat":"repeat","background-position":"center center","background-size":"auto","background-attachment":"scroll","background-type":"","background-media":"","overlay-type":"","overlay-color":"","overlay-opacity":"","overlay-gradient":""},"mobile":{"background-color":"var(--ast-global-color-5)","background-image":"","background-repeat":"repeat","background-position":"center center","background-size":"auto","background-attachment":"scroll","background-type":"","background-media":"","overlay-type":"","overlay-color":"","overlay-opacity":"","overlay-gradient":""}},"footnotes":""},"class_list":["post-68568","page","type-page","status-publish","hentry"],"yoast_head":"<!-- This site is optimized with the Yoast SEO plugin v22.4 - https:\/\/yoast.com\/wordpress\/plugins\/seo\/ -->\n<title>Bonificaci\u00f3 de cursos - Col\u00b7legi de Farmac\u00e8utics de Barcelona<\/title>\n<meta name=\"robots\" content=\"index, follow, max-snippet:-1, max-image-preview:large, max-video-preview:-1\" \/>\n<link rel=\"canonical\" href=\"https:\/\/www.cofb.org\/es\/que-oferim\/farmaceutics\/serveis-als-collegiats\/formacio-i-projectes\/bonificacio-de-cursos\/\" \/>\n<meta property=\"og:locale\" content=\"es_ES\" \/>\n<meta property=\"og:type\" content=\"article\" \/>\n<meta property=\"og:title\" content=\"Bonificaci\u00f3 de cursos - Col\u00b7legi de Farmac\u00e8utics de Barcelona\" \/>\n<meta property=\"og:description\" content=\"Sistema de formaci\u00f3n para el empleo Est\u00e0 dissenyat per millorar i actualitzar la qualificaci\u00f3 professional i la competitivitat dels treballadors. Totes les empreses tenen dret a una ajuda econ\u00f2mica per a formaci\u00f3, que es fa efectiva a trav\u00e9s de les bonificacions a les cotitzacions de la Seguretat Social. La bonificaci\u00f3 [&hellip;]\" \/>\n<meta property=\"og:url\" content=\"https:\/\/www.cofb.org\/es\/que-oferim\/farmaceutics\/serveis-als-collegiats\/formacio-i-projectes\/bonificacio-de-cursos\/\" \/>\n<meta property=\"og:site_name\" content=\"Col\u00b7legi de Farmac\u00e8utics de Barcelona\" \/>\n<meta property=\"article:publisher\" content=\"https:\/\/www.facebook.com\/farmaceuticsbcn\/\" \/>\n<meta property=\"article:modified_time\" content=\"2024-10-18T12:01:02+00:00\" \/>\n<meta name=\"twitter:card\" content=\"summary_large_image\" \/>\n<meta name=\"twitter:site\" content=\"@farmaceuticsbcn\" \/>\n<meta name=\"twitter:label1\" content=\"Tiempo de lectura\" \/>\n\t<meta name=\"twitter:data1\" content=\"5 minutos\" \/>\n<script type=\"application\/ld+json\" class=\"yoast-schema-graph\">{\"@context\":\"https:\/\/schema.org\",\"@graph\":[{\"@type\":\"WebPage\",\"@id\":\"https:\/\/www.cofb.org\/que-oferim\/farmaceutics\/serveis-als-collegiats\/formacio-i-projectes\/bonificacio-de-cursos\/\",\"url\":\"https:\/\/www.cofb.org\/que-oferim\/farmaceutics\/serveis-als-collegiats\/formacio-i-projectes\/bonificacio-de-cursos\/\",\"name\":\"Bonificaci\u00f3 de cursos - Col\u00b7legi de Farmac\u00e8utics de Barcelona\",\"isPartOf\":{\"@id\":\"https:\/\/www.cofb.org\/#website\"},\"datePublished\":\"2023-09-18T14:51:00+00:00\",\"dateModified\":\"2024-10-18T12:01:02+00:00\",\"breadcrumb\":{\"@id\":\"https:\/\/www.cofb.org\/que-oferim\/farmaceutics\/serveis-als-collegiats\/formacio-i-projectes\/bonificacio-de-cursos\/#breadcrumb\"},\"inLanguage\":\"es\",\"potentialAction\":[{\"@type\":\"ReadAction\",\"target\":[\"https:\/\/www.cofb.org\/que-oferim\/farmaceutics\/serveis-als-collegiats\/formacio-i-projectes\/bonificacio-de-cursos\/\"]}]},{\"@type\":\"BreadcrumbList\",\"@id\":\"https:\/\/www.cofb.org\/que-oferim\/farmaceutics\/serveis-als-collegiats\/formacio-i-projectes\/bonificacio-de-cursos\/#breadcrumb\",\"itemListElement\":[{\"@type\":\"ListItem\",\"position\":1,\"name\":\"Inici\",\"item\":\"https:\/\/novaorg.cofb.net\/\"},{\"@type\":\"ListItem\",\"position\":2,\"name\":\"Qu\u00e8 oferim?\",\"item\":\"https:\/\/novaorg.cofb.net\/que-oferim\/\"},{\"@type\":\"ListItem\",\"position\":3,\"name\":\"Farmac\u00e8utics\",\"item\":\"https:\/\/novaorg.cofb.net\/que-oferim\/farmaceutics\/\"},{\"@type\":\"ListItem\",\"position\":4,\"name\":\"Serveis als col\u00b7legiats\",\"item\":\"https:\/\/www.cofb.org\/que-oferim\/farmaceutics\/serveis-als-collegiats\/\"},{\"@type\":\"ListItem\",\"position\":5,\"name\":\"Formaci\u00f3 i projectes\",\"item\":\"https:\/\/www.cofb.org\/que-oferim\/farmaceutics\/serveis-als-collegiats\/formacio-i-projectes\/\"},{\"@type\":\"ListItem\",\"position\":6,\"name\":\"Bonificaci\u00f3 de cursos\"}]},{\"@type\":\"WebSite\",\"@id\":\"https:\/\/www.cofb.org\/#website\",\"url\":\"https:\/\/www.cofb.org\/\",\"name\":\"Col\u00b7legi de Farmac\u00e8utics de Barcelona\",\"description\":\"\",\"publisher\":{\"@id\":\"https:\/\/www.cofb.org\/#organization\"},\"potentialAction\":[{\"@type\":\"SearchAction\",\"target\":{\"@type\":\"EntryPoint\",\"urlTemplate\":\"https:\/\/www.cofb.org\/?s={search_term_string}\"},\"query-input\":\"required name=search_term_string\"}],\"inLanguage\":\"es\"},{\"@type\":\"Organization\",\"@id\":\"https:\/\/www.cofb.org\/#organization\",\"name\":\"Col\u00b7legi de Farmac\u00e8utics de Barcelona\",\"url\":\"https:\/\/www.cofb.org\/\",\"logo\":{\"@type\":\"ImageObject\",\"inLanguage\":\"es\",\"@id\":\"https:\/\/www.cofb.org\/#\/schema\/logo\/image\/\",\"url\":\"https:\/\/www.cofb.org\/wp-content\/uploads\/2023\/11\/cropped-Logotip-COFB.png\",\"contentUrl\":\"https:\/\/www.cofb.org\/wp-content\/uploads\/2023\/11\/cropped-Logotip-COFB.png\",\"width\":500,\"height\":105,\"caption\":\"Col\u00b7legi de Farmac\u00e8utics de Barcelona\"},\"image\":{\"@id\":\"https:\/\/www.cofb.org\/#\/schema\/logo\/image\/\"},\"sameAs\":[\"https:\/\/www.facebook.com\/farmaceuticsbcn\/\",\"https:\/\/twitter.com\/farmaceuticsbcn\",\"https:\/\/www.instagram.com\/farmaceuticsbcn\/\",\"https:\/\/www.linkedin.com\/company\/farmaceuticsbcn\/\"]}]}<\/script>\n<!-- \/ Yoast SEO plugin. -->","yoast_head_json":{"title":"Bonificaci\u00f3 de cursos - Col\u00b7legi de Farmac\u00e8utics de Barcelona","robots":{"index":"index","follow":"follow","max-snippet":"max-snippet:-1","max-image-preview":"max-image-preview:large","max-video-preview":"max-video-preview:-1"},"canonical":"https:\/\/www.cofb.org\/es\/que-oferim\/farmaceutics\/serveis-als-collegiats\/formacio-i-projectes\/bonificacio-de-cursos\/","og_locale":"es_ES","og_type":"article","og_title":"Bonificaci\u00f3 de cursos - Col\u00b7legi de Farmac\u00e8utics de Barcelona","og_description":"Sistema de formaci\u00f3n para el empleo Est\u00e0 dissenyat per millorar i actualitzar la qualificaci\u00f3 professional i la competitivitat dels treballadors. Totes les empreses tenen dret a una ajuda econ\u00f2mica per a formaci\u00f3, que es fa efectiva a trav\u00e9s de les bonificacions a les cotitzacions de la Seguretat Social. La bonificaci\u00f3 [&hellip;]","og_url":"https:\/\/www.cofb.org\/es\/que-oferim\/farmaceutics\/serveis-als-collegiats\/formacio-i-projectes\/bonificacio-de-cursos\/","og_site_name":"Col\u00b7legi de Farmac\u00e8utics de Barcelona","article_publisher":"https:\/\/www.facebook.com\/farmaceuticsbcn\/","article_modified_time":"2024-10-18T12:01:02+00:00","twitter_card":"summary_large_image","twitter_site":"@farmaceuticsbcn","twitter_misc":{"Tiempo de lectura":"5 minutos"},"schema":{"@context":"https:\/\/schema.org","@graph":[{"@type":"WebPage","@id":"https:\/\/www.cofb.org\/que-oferim\/farmaceutics\/serveis-als-collegiats\/formacio-i-projectes\/bonificacio-de-cursos\/","url":"https:\/\/www.cofb.org\/que-oferim\/farmaceutics\/serveis-als-collegiats\/formacio-i-projectes\/bonificacio-de-cursos\/","name":"Bonificaci\u00f3 de cursos - Col\u00b7legi de Farmac\u00e8utics de Barcelona","isPartOf":{"@id":"https:\/\/www.cofb.org\/#website"},"datePublished":"2023-09-18T14:51:00+00:00","dateModified":"2024-10-18T12:01:02+00:00","breadcrumb":{"@id":"https:\/\/www.cofb.org\/que-oferim\/farmaceutics\/serveis-als-collegiats\/formacio-i-projectes\/bonificacio-de-cursos\/#breadcrumb"},"inLanguage":"es","potentialAction":[{"@type":"ReadAction","target":["https:\/\/www.cofb.org\/que-oferim\/farmaceutics\/serveis-als-collegiats\/formacio-i-projectes\/bonificacio-de-cursos\/"]}]},{"@type":"BreadcrumbList","@id":"https:\/\/www.cofb.org\/que-oferim\/farmaceutics\/serveis-als-collegiats\/formacio-i-projectes\/bonificacio-de-cursos\/#breadcrumb","itemListElement":[{"@type":"ListItem","position":1,"name":"Inici","item":"https:\/\/novaorg.cofb.net\/"},{"@type":"ListItem","position":2,"name":"Qu\u00e8 oferim?","item":"https:\/\/novaorg.cofb.net\/que-oferim\/"},{"@type":"ListItem","position":3,"name":"Farmac\u00e8utics","item":"https:\/\/novaorg.cofb.net\/que-oferim\/farmaceutics\/"},{"@type":"ListItem","position":4,"name":"Serveis als col\u00b7legiats","item":"https:\/\/www.cofb.org\/que-oferim\/farmaceutics\/serveis-als-collegiats\/"},{"@type":"ListItem","position":5,"name":"Formaci\u00f3 i projectes","item":"https:\/\/www.cofb.org\/que-oferim\/farmaceutics\/serveis-als-collegiats\/formacio-i-projectes\/"},{"@type":"ListItem","position":6,"name":"Bonificaci\u00f3 de cursos"}]},{"@type":"WebSite","@id":"https:\/\/www.cofb.org\/#website","url":"https:\/\/www.cofb.org\/","name":"Col\u00b7legi de Farmac\u00e8utics de Barcelona","description":"","publisher":{"@id":"https:\/\/www.cofb.org\/#organization"},"potentialAction":[{"@type":"SearchAction","target":{"@type":"EntryPoint","urlTemplate":"https:\/\/www.cofb.org\/?s={search_term_string}"},"query-input":"required name=search_term_string"}],"inLanguage":"es"},{"@type":"Organization","@id":"https:\/\/www.cofb.org\/#organization","name":"Col\u00b7legi de Farmac\u00e8utics de Barcelona","url":"https:\/\/www.cofb.org\/","logo":{"@type":"ImageObject","inLanguage":"es","@id":"https:\/\/www.cofb.org\/#\/schema\/logo\/image\/","url":"https:\/\/www.cofb.org\/wp-content\/uploads\/2023\/11\/cropped-Logotip-COFB.png","contentUrl":"https:\/\/www.cofb.org\/wp-content\/uploads\/2023\/11\/cropped-Logotip-COFB.png","width":500,"height":105,"caption":"Col\u00b7legi de Farmac\u00e8utics de Barcelona"},"image":{"@id":"https:\/\/www.cofb.org\/#\/schema\/logo\/image\/"},"sameAs":["https:\/\/www.facebook.com\/farmaceuticsbcn\/","https:\/\/twitter.com\/farmaceuticsbcn","https:\/\/www.instagram.com\/farmaceuticsbcn\/","https:\/\/www.linkedin.com\/company\/farmaceuticsbcn\/"]}]}},"uagb_featured_image_src":{"full":false,"thumbnail":false,"medium":false,"medium_large":false,"large":false,"1536x1536":false,"2048x2048":false,"trp-custom-language-flag":false},"uagb_author_info":{"display_name":"wpAdminCofbOrg","author_link":"https:\/\/www.cofb.org\/es\/author\/wpadmincofborg\/"},"uagb_comment_info":0,"uagb_excerpt":"Sistema de formaci\u00f3n para el empleo Est\u00e0 dissenyat per millorar i actualitzar la qualificaci\u00f3 professional i la competitivitat dels treballadors. Totes les empreses tenen dret a una ajuda econ\u00f2mica per a formaci\u00f3, que es fa efectiva a trav\u00e9s de les bonificacions a les cotitzacions de la Seguretat Social. La bonificaci\u00f3 [&hellip;]","_links":{"self":[{"href":"https:\/\/www.cofb.org\/es\/wp-json\/wp\/v2\/pages\/68568","targetHints":{"allow":["GET"]}}],"collection":[{"href":"https:\/\/www.cofb.org\/es\/wp-json\/wp\/v2\/pages"}],"about":[{"href":"https:\/\/www.cofb.org\/es\/wp-json\/wp\/v2\/types\/page"}],"author":[{"embeddable":true,"href":"https:\/\/www.cofb.org\/es\/wp-json\/wp\/v2\/users\/1"}],"replies":[{"embeddable":true,"href":"https:\/\/www.cofb.org\/es\/wp-json\/wp\/v2\/comments?post=68568"}],"version-history":[{"count":10,"href":"https:\/\/www.cofb.org\/es\/wp-json\/wp\/v2\/pages\/68568\/revisions"}],"predecessor-version":[{"id":79716,"href":"https:\/\/www.cofb.org\/es\/wp-json\/wp\/v2\/pages\/68568\/revisions\/79716"}],"up":[{"embeddable":true,"href":"https:\/\/www.cofb.org\/es\/wp-json\/wp\/v2\/pages\/2878"}],"wp:attachment":[{"href":"https:\/\/www.cofb.org\/es\/wp-json\/wp\/v2\/media?parent=68568"}],"curies":[{"name":"wp","href":"https:\/\/api.w.org\/{rel}","templated":true}]}}