{"id":68380,"date":"2023-09-08T09:38:31","date_gmt":"2023-09-08T09:38:31","guid":{"rendered":"https:\/\/novaorg.cofb.net\/?page_id=68380"},"modified":"2023-09-08T09:38:31","modified_gmt":"2023-09-08T09:38:31","slug":"taxes-obligatories-per-a-la-creacio-la-construccio-la-modificacio-ladaptacio-o-la-supressio-de-les-oficines-de-farmacia","status":"publish","type":"page","link":"https:\/\/www.cofb.org\/es\/qui-som\/el-collegi\/transparencia\/publicitat-activa\/informacio-i-tramits\/taxes-obligatories-per-a-la-creacio-la-construccio-la-modificacio-ladaptacio-o-la-supressio-de-les-oficines-de-farmacia\/","title":{"rendered":"Tasas obligatorias para la creaci\u00f3n, construcci\u00f3n, modificaci\u00f3n, adaptaci\u00f3n o supresi\u00f3n de las oficinas de farmacia"},"content":{"rendered":"<ol class=\"wp-block-list\">\n<li>Tasa de tramitaci\u00f3n de expedientes de instalaci\u00f3n de nuevas oficinas de farmacia: <strong>309,55 \u20ac<\/strong><\/li>\n\n\n\n<li>Tasa de medici\u00f3n de distancias para la instalaci\u00f3n o traslado de oficinas de farmacia:<strong> 995,80 \u20ac<\/strong><\/li>\n\n\n\n<li>Tasa de tramitaci\u00f3n de expedientes de traslado de oficinas de farmacia: <strong>309,55 \u20ac<\/strong><\/li>\n\n\n\n<li>Tasa de tramitaci\u00f3n de expediente de modificaci\u00f3n de un local destinado a oficina de farmacia: <strong>58,30 \u20ac<\/strong><\/li>\n<\/ol>\n\n\n\n<p><strong>Fuente:<\/strong> <em>Tasas obligatorias que fija la Ley 4\/2017 de presupuestos de la Generalidad de Catalu\u00f1a, de 28 de marzo de 2017, en el art\u00edculo 42, por los servicios de tramitaci\u00f3n y resoluci\u00f3n de las solicitudes de autorizaci\u00f3n para la creaci\u00f3n, la construcci\u00f3n, modificaci\u00f3n, adaptaci\u00f3n o supresi\u00f3n de las oficinas de farmacia. Estos importes se actualizaron con la pr\u00f3rroga de los presupuestos por el Decreto Ley 1\/2018 pendientes de modificaci\u00f3n por parte de la Generalidad de Catalu\u00f1a en la normativa que regule los presupuestos de 2019.<\/em><\/p>","protected":false},"excerpt":{"rendered":"<p>Fuente: Tasas obligatorias que fija la Ley 4\/2017 de presupuestos de la Generalidad de Catalu\u00f1a, de 28 de marzo de 2017, en el art\u00edculo 42, por los servicios de tramitaci\u00f3n y resoluci\u00f3n de las solicitudes de autorizaci\u00f3n para la creaci\u00f3n, construcci\u00f3n, modificaci\u00f3n, adaptaci\u00f3n o supresi\u00f3n de las oficinas de [\u2026]<\/p>","protected":false},"author":1,"featured_media":0,"parent":3656,"menu_order":1,"comment_status":"closed","ping_status":"closed","template":"","meta":{"_uag_custom_page_level_css":"","site-sidebar-layout":"default","site-content-layout":"","ast-site-content-layout":"default","site-content-style":"default","site-sidebar-style":"default","ast-global-header-display":"","ast-banner-title-visibility":"","ast-main-header-display":"","ast-hfb-above-header-display":"","ast-hfb-below-header-display":"","ast-hfb-mobile-header-display":"","site-post-title":"","ast-breadcrumbs-content":"","ast-featured-img":"","footer-sml-layout":"","theme-transparent-header-meta":"","adv-header-id-meta":"","stick-header-meta":"","header-above-stick-meta":"","header-main-stick-meta":"","header-below-stick-meta":"","astra-migrate-meta-layouts":"default","ast-page-background-enabled":"default","ast-page-background-meta":{"desktop":{"background-color":"var(--ast-global-color-4)","background-image":"","background-repeat":"repeat","background-position":"center center","background-size":"auto","background-attachment":"scroll","background-type":"","background-media":"","overlay-type":"","overlay-color":"","overlay-opacity":"","overlay-gradient":""},"tablet":{"background-color":"","background-image":"","background-repeat":"repeat","background-position":"center center","background-size":"auto","background-attachment":"scroll","background-type":"","background-media":"","overlay-type":"","overlay-color":"","overlay-opacity":"","overlay-gradient":""},"mobile":{"background-color":"","background-image":"","background-repeat":"repeat","background-position":"center center","background-size":"auto","background-attachment":"scroll","background-type":"","background-media":"","overlay-type":"","overlay-color":"","overlay-opacity":"","overlay-gradient":""}},"ast-content-background-meta":{"desktop":{"background-color":"var(--ast-global-color-5)","background-image":"","background-repeat":"repeat","background-position":"center center","background-size":"auto","background-attachment":"scroll","background-type":"","background-media":"","overlay-type":"","overlay-color":"","overlay-opacity":"","overlay-gradient":""},"tablet":{"background-color":"var(--ast-global-color-5)","background-image":"","background-repeat":"repeat","background-position":"center center","background-size":"auto","background-attachment":"scroll","background-type":"","background-media":"","overlay-type":"","overlay-color":"","overlay-opacity":"","overlay-gradient":""},"mobile":{"background-color":"var(--ast-global-color-5)","background-image":"","background-repeat":"repeat","background-position":"center center","background-size":"auto","background-attachment":"scroll","background-type":"","background-media":"","overlay-type":"","overlay-color":"","overlay-opacity":"","overlay-gradient":""}},"footnotes":""},"class_list":["post-68380","page","type-page","status-publish","hentry"],"yoast_head":"<!-- This site is optimized with the Yoast SEO plugin v22.4 - https:\/\/yoast.com\/wordpress\/plugins\/seo\/ -->\n<title>Taxes obligat\u00f2ries per a la creaci\u00f3, la construcci\u00f3, la modificaci\u00f3, l&#039;adaptaci\u00f3 o la supressi\u00f3 de les oficines de farm\u00e0cia - Col\u00b7legi de Farmac\u00e8utics de Barcelona<\/title>\n<meta name=\"robots\" content=\"index, follow, max-snippet:-1, max-image-preview:large, max-video-preview:-1\" \/>\n<link rel=\"canonical\" href=\"https:\/\/novaorg.cofb.net\/qui-som\/el-collegi\/transparencia\/publicitat-activa\/informacio-i-tramits\/taxes-obligatories-per-a-la-creacio-la-construccio-la-modificacio-ladaptacio-o-la-supressio-de-les-oficines-de-farmacia\/\" \/>\n<meta property=\"og:locale\" content=\"es_ES\" \/>\n<meta property=\"og:type\" content=\"article\" \/>\n<meta property=\"og:title\" content=\"Taxes obligat\u00f2ries per a la creaci\u00f3, la construcci\u00f3, la modificaci\u00f3, l&#039;adaptaci\u00f3 o la supressi\u00f3 de les oficines de farm\u00e0cia - Col\u00b7legi de Farmac\u00e8utics de Barcelona\" \/>\n<meta property=\"og:description\" content=\"Font: Taxes obligat\u00f2ries que fixa la Llei 4\/2017 de pressupostos de la Generalitat de Catalunya, de 28 de mar\u00e7 de 2017, en l\u2019article 42, pels serveis de tramitaci\u00f3 i resoluci\u00f3 de les sol\u00b7licituds d\u2019autoritzaci\u00f3 per a la creaci\u00f3, la construcci\u00f3, la modificaci\u00f3, l\u2019adaptaci\u00f3 o la supressi\u00f3 de les oficines de [&hellip;]\" \/>\n<meta property=\"og:url\" content=\"https:\/\/novaorg.cofb.net\/qui-som\/el-collegi\/transparencia\/publicitat-activa\/informacio-i-tramits\/taxes-obligatories-per-a-la-creacio-la-construccio-la-modificacio-ladaptacio-o-la-supressio-de-les-oficines-de-farmacia\/\" \/>\n<meta property=\"og:site_name\" content=\"Col\u00b7legi de Farmac\u00e8utics de Barcelona\" \/>\n<meta property=\"article:publisher\" content=\"https:\/\/www.facebook.com\/farmaceuticsbcn\/\" \/>\n<meta name=\"twitter:card\" content=\"summary_large_image\" \/>\n<meta name=\"twitter:site\" content=\"@farmaceuticsbcn\" \/>\n<meta name=\"twitter:label1\" content=\"Tiempo de lectura\" \/>\n\t<meta name=\"twitter:data1\" content=\"1 minuto\" \/>\n<script type=\"application\/ld+json\" class=\"yoast-schema-graph\">{\"@context\":\"https:\/\/schema.org\",\"@graph\":[{\"@type\":\"WebPage\",\"@id\":\"https:\/\/novaorg.cofb.net\/qui-som\/el-collegi\/transparencia\/publicitat-activa\/informacio-i-tramits\/taxes-obligatories-per-a-la-creacio-la-construccio-la-modificacio-ladaptacio-o-la-supressio-de-les-oficines-de-farmacia\/\",\"url\":\"https:\/\/novaorg.cofb.net\/qui-som\/el-collegi\/transparencia\/publicitat-activa\/informacio-i-tramits\/taxes-obligatories-per-a-la-creacio-la-construccio-la-modificacio-ladaptacio-o-la-supressio-de-les-oficines-de-farmacia\/\",\"name\":\"Taxes obligat\u00f2ries per a la creaci\u00f3, la construcci\u00f3, la modificaci\u00f3, l'adaptaci\u00f3 o la supressi\u00f3 de les oficines de farm\u00e0cia - Col\u00b7legi de Farmac\u00e8utics de Barcelona\",\"isPartOf\":{\"@id\":\"https:\/\/www.cofb.org\/#website\"},\"datePublished\":\"2023-09-08T09:38:31+00:00\",\"dateModified\":\"2023-09-08T09:38:31+00:00\",\"breadcrumb\":{\"@id\":\"https:\/\/novaorg.cofb.net\/qui-som\/el-collegi\/transparencia\/publicitat-activa\/informacio-i-tramits\/taxes-obligatories-per-a-la-creacio-la-construccio-la-modificacio-ladaptacio-o-la-supressio-de-les-oficines-de-farmacia\/#breadcrumb\"},\"inLanguage\":\"es\",\"potentialAction\":[{\"@type\":\"ReadAction\",\"target\":[\"https:\/\/novaorg.cofb.net\/qui-som\/el-collegi\/transparencia\/publicitat-activa\/informacio-i-tramits\/taxes-obligatories-per-a-la-creacio-la-construccio-la-modificacio-ladaptacio-o-la-supressio-de-les-oficines-de-farmacia\/\"]}]},{\"@type\":\"BreadcrumbList\",\"@id\":\"https:\/\/novaorg.cofb.net\/qui-som\/el-collegi\/transparencia\/publicitat-activa\/informacio-i-tramits\/taxes-obligatories-per-a-la-creacio-la-construccio-la-modificacio-ladaptacio-o-la-supressio-de-les-oficines-de-farmacia\/#breadcrumb\",\"itemListElement\":[{\"@type\":\"ListItem\",\"position\":1,\"name\":\"Inici\",\"item\":\"https:\/\/novaorg.cofb.net\/\"},{\"@type\":\"ListItem\",\"position\":2,\"name\":\"Qui som?\",\"item\":\"https:\/\/novaorg.cofb.net\/qui-som\/\"},{\"@type\":\"ListItem\",\"position\":3,\"name\":\"El Col\u00b7legi\",\"item\":\"https:\/\/novaorg.cofb.net\/qui-som\/el-collegi\/\"},{\"@type\":\"ListItem\",\"position\":4,\"name\":\"Transpar\u00e8ncia\",\"item\":\"https:\/\/novaorg.cofb.net\/qui-som\/el-collegi\/transparencia\/\"},{\"@type\":\"ListItem\",\"position\":5,\"name\":\"Publicitat activa\",\"item\":\"https:\/\/novaorg.cofb.net\/qui-som\/el-collegi\/transparencia\/publicitat-activa\/\"},{\"@type\":\"ListItem\",\"position\":6,\"name\":\"Informaci\u00f3 i tr\u00e0mits\",\"item\":\"https:\/\/novaorg.cofb.net\/qui-som\/el-collegi\/transparencia\/publicitat-activa\/informacio-i-tramits\/\"},{\"@type\":\"ListItem\",\"position\":7,\"name\":\"Taxes obligat\u00f2ries per a la creaci\u00f3, la construcci\u00f3, la modificaci\u00f3, l&#8217;adaptaci\u00f3 o la supressi\u00f3 de les oficines de farm\u00e0cia\"}]},{\"@type\":\"WebSite\",\"@id\":\"https:\/\/www.cofb.org\/#website\",\"url\":\"https:\/\/www.cofb.org\/\",\"name\":\"Col\u00b7legi de Farmac\u00e8utics de Barcelona\",\"description\":\"\",\"publisher\":{\"@id\":\"https:\/\/www.cofb.org\/#organization\"},\"potentialAction\":[{\"@type\":\"SearchAction\",\"target\":{\"@type\":\"EntryPoint\",\"urlTemplate\":\"https:\/\/www.cofb.org\/?s={search_term_string}\"},\"query-input\":\"required name=search_term_string\"}],\"inLanguage\":\"es\"},{\"@type\":\"Organization\",\"@id\":\"https:\/\/www.cofb.org\/#organization\",\"name\":\"Col\u00b7legi de Farmac\u00e8utics de Barcelona\",\"url\":\"https:\/\/www.cofb.org\/\",\"logo\":{\"@type\":\"ImageObject\",\"inLanguage\":\"es\",\"@id\":\"https:\/\/www.cofb.org\/#\/schema\/logo\/image\/\",\"url\":\"https:\/\/www.cofb.org\/wp-content\/uploads\/2023\/11\/cropped-Logotip-COFB.png\",\"contentUrl\":\"https:\/\/www.cofb.org\/wp-content\/uploads\/2023\/11\/cropped-Logotip-COFB.png\",\"width\":500,\"height\":105,\"caption\":\"Col\u00b7legi de Farmac\u00e8utics de Barcelona\"},\"image\":{\"@id\":\"https:\/\/www.cofb.org\/#\/schema\/logo\/image\/\"},\"sameAs\":[\"https:\/\/www.facebook.com\/farmaceuticsbcn\/\",\"https:\/\/twitter.com\/farmaceuticsbcn\",\"https:\/\/www.instagram.com\/farmaceuticsbcn\/\",\"https:\/\/www.linkedin.com\/company\/farmaceuticsbcn\/\"]}]}<\/script>\n<!-- \/ Yoast SEO plugin. -->","yoast_head_json":{"title":"Taxes obligat\u00f2ries per a la creaci\u00f3, la construcci\u00f3, la modificaci\u00f3, l'adaptaci\u00f3 o la supressi\u00f3 de les oficines de farm\u00e0cia - Col\u00b7legi de Farmac\u00e8utics de Barcelona","robots":{"index":"index","follow":"follow","max-snippet":"max-snippet:-1","max-image-preview":"max-image-preview:large","max-video-preview":"max-video-preview:-1"},"canonical":"https:\/\/novaorg.cofb.net\/qui-som\/el-collegi\/transparencia\/publicitat-activa\/informacio-i-tramits\/taxes-obligatories-per-a-la-creacio-la-construccio-la-modificacio-ladaptacio-o-la-supressio-de-les-oficines-de-farmacia\/","og_locale":"es_ES","og_type":"article","og_title":"Taxes obligat\u00f2ries per a la creaci\u00f3, la construcci\u00f3, la modificaci\u00f3, l'adaptaci\u00f3 o la supressi\u00f3 de les oficines de farm\u00e0cia - Col\u00b7legi de Farmac\u00e8utics de Barcelona","og_description":"Font: Taxes obligat\u00f2ries que fixa la Llei 4\/2017 de pressupostos de la Generalitat de Catalunya, de 28 de mar\u00e7 de 2017, en l\u2019article 42, pels serveis de tramitaci\u00f3 i resoluci\u00f3 de les sol\u00b7licituds d\u2019autoritzaci\u00f3 per a la creaci\u00f3, la construcci\u00f3, la modificaci\u00f3, l\u2019adaptaci\u00f3 o la supressi\u00f3 de les oficines de [&hellip;]","og_url":"https:\/\/novaorg.cofb.net\/qui-som\/el-collegi\/transparencia\/publicitat-activa\/informacio-i-tramits\/taxes-obligatories-per-a-la-creacio-la-construccio-la-modificacio-ladaptacio-o-la-supressio-de-les-oficines-de-farmacia\/","og_site_name":"Col\u00b7legi de Farmac\u00e8utics de Barcelona","article_publisher":"https:\/\/www.facebook.com\/farmaceuticsbcn\/","twitter_card":"summary_large_image","twitter_site":"@farmaceuticsbcn","twitter_misc":{"Tiempo de lectura":"1 minuto"},"schema":{"@context":"https:\/\/schema.org","@graph":[{"@type":"WebPage","@id":"https:\/\/novaorg.cofb.net\/qui-som\/el-collegi\/transparencia\/publicitat-activa\/informacio-i-tramits\/taxes-obligatories-per-a-la-creacio-la-construccio-la-modificacio-ladaptacio-o-la-supressio-de-les-oficines-de-farmacia\/","url":"https:\/\/novaorg.cofb.net\/qui-som\/el-collegi\/transparencia\/publicitat-activa\/informacio-i-tramits\/taxes-obligatories-per-a-la-creacio-la-construccio-la-modificacio-ladaptacio-o-la-supressio-de-les-oficines-de-farmacia\/","name":"Taxes obligat\u00f2ries per a la creaci\u00f3, la construcci\u00f3, la modificaci\u00f3, l'adaptaci\u00f3 o la supressi\u00f3 de les oficines de farm\u00e0cia - Col\u00b7legi de Farmac\u00e8utics de Barcelona","isPartOf":{"@id":"https:\/\/www.cofb.org\/#website"},"datePublished":"2023-09-08T09:38:31+00:00","dateModified":"2023-09-08T09:38:31+00:00","breadcrumb":{"@id":"https:\/\/novaorg.cofb.net\/qui-som\/el-collegi\/transparencia\/publicitat-activa\/informacio-i-tramits\/taxes-obligatories-per-a-la-creacio-la-construccio-la-modificacio-ladaptacio-o-la-supressio-de-les-oficines-de-farmacia\/#breadcrumb"},"inLanguage":"es","potentialAction":[{"@type":"ReadAction","target":["https:\/\/novaorg.cofb.net\/qui-som\/el-collegi\/transparencia\/publicitat-activa\/informacio-i-tramits\/taxes-obligatories-per-a-la-creacio-la-construccio-la-modificacio-ladaptacio-o-la-supressio-de-les-oficines-de-farmacia\/"]}]},{"@type":"BreadcrumbList","@id":"https:\/\/novaorg.cofb.net\/qui-som\/el-collegi\/transparencia\/publicitat-activa\/informacio-i-tramits\/taxes-obligatories-per-a-la-creacio-la-construccio-la-modificacio-ladaptacio-o-la-supressio-de-les-oficines-de-farmacia\/#breadcrumb","itemListElement":[{"@type":"ListItem","position":1,"name":"Inici","item":"https:\/\/novaorg.cofb.net\/"},{"@type":"ListItem","position":2,"name":"Qui som?","item":"https:\/\/novaorg.cofb.net\/qui-som\/"},{"@type":"ListItem","position":3,"name":"El Col\u00b7legi","item":"https:\/\/novaorg.cofb.net\/qui-som\/el-collegi\/"},{"@type":"ListItem","position":4,"name":"Transpar\u00e8ncia","item":"https:\/\/novaorg.cofb.net\/qui-som\/el-collegi\/transparencia\/"},{"@type":"ListItem","position":5,"name":"Publicitat activa","item":"https:\/\/novaorg.cofb.net\/qui-som\/el-collegi\/transparencia\/publicitat-activa\/"},{"@type":"ListItem","position":6,"name":"Informaci\u00f3 i tr\u00e0mits","item":"https:\/\/novaorg.cofb.net\/qui-som\/el-collegi\/transparencia\/publicitat-activa\/informacio-i-tramits\/"},{"@type":"ListItem","position":7,"name":"Taxes obligat\u00f2ries per a la creaci\u00f3, la construcci\u00f3, la modificaci\u00f3, l&#8217;adaptaci\u00f3 o la supressi\u00f3 de les oficines de farm\u00e0cia"}]},{"@type":"WebSite","@id":"https:\/\/www.cofb.org\/#website","url":"https:\/\/www.cofb.org\/","name":"Col\u00b7legi de Farmac\u00e8utics de Barcelona","description":"","publisher":{"@id":"https:\/\/www.cofb.org\/#organization"},"potentialAction":[{"@type":"SearchAction","target":{"@type":"EntryPoint","urlTemplate":"https:\/\/www.cofb.org\/?s={search_term_string}"},"query-input":"required name=search_term_string"}],"inLanguage":"es"},{"@type":"Organization","@id":"https:\/\/www.cofb.org\/#organization","name":"Col\u00b7legi de Farmac\u00e8utics de Barcelona","url":"https:\/\/www.cofb.org\/","logo":{"@type":"ImageObject","inLanguage":"es","@id":"https:\/\/www.cofb.org\/#\/schema\/logo\/image\/","url":"https:\/\/www.cofb.org\/wp-content\/uploads\/2023\/11\/cropped-Logotip-COFB.png","contentUrl":"https:\/\/www.cofb.org\/wp-content\/uploads\/2023\/11\/cropped-Logotip-COFB.png","width":500,"height":105,"caption":"Col\u00b7legi de Farmac\u00e8utics de Barcelona"},"image":{"@id":"https:\/\/www.cofb.org\/#\/schema\/logo\/image\/"},"sameAs":["https:\/\/www.facebook.com\/farmaceuticsbcn\/","https:\/\/twitter.com\/farmaceuticsbcn","https:\/\/www.instagram.com\/farmaceuticsbcn\/","https:\/\/www.linkedin.com\/company\/farmaceuticsbcn\/"]}]}},"uagb_featured_image_src":{"full":false,"thumbnail":false,"medium":false,"medium_large":false,"large":false,"1536x1536":false,"2048x2048":false,"trp-custom-language-flag":false},"uagb_author_info":{"display_name":"wpAdminCofbOrg","author_link":"https:\/\/www.cofb.org\/es\/author\/wpadmincofborg\/"},"uagb_comment_info":0,"uagb_excerpt":"Font: Taxes obligat\u00f2ries que fixa la Llei 4\/2017 de pressupostos de la Generalitat de Catalunya, de 28 de mar\u00e7 de 2017, en l\u2019article 42, pels serveis de tramitaci\u00f3 i resoluci\u00f3 de les sol\u00b7licituds d\u2019autoritzaci\u00f3 per a la creaci\u00f3, la construcci\u00f3, la modificaci\u00f3, l\u2019adaptaci\u00f3 o la supressi\u00f3 de les oficines de [&hellip;]","_links":{"self":[{"href":"https:\/\/www.cofb.org\/es\/wp-json\/wp\/v2\/pages\/68380","targetHints":{"allow":["GET"]}}],"collection":[{"href":"https:\/\/www.cofb.org\/es\/wp-json\/wp\/v2\/pages"}],"about":[{"href":"https:\/\/www.cofb.org\/es\/wp-json\/wp\/v2\/types\/page"}],"author":[{"embeddable":true,"href":"https:\/\/www.cofb.org\/es\/wp-json\/wp\/v2\/users\/1"}],"replies":[{"embeddable":true,"href":"https:\/\/www.cofb.org\/es\/wp-json\/wp\/v2\/comments?post=68380"}],"version-history":[{"count":1,"href":"https:\/\/www.cofb.org\/es\/wp-json\/wp\/v2\/pages\/68380\/revisions"}],"predecessor-version":[{"id":68382,"href":"https:\/\/www.cofb.org\/es\/wp-json\/wp\/v2\/pages\/68380\/revisions\/68382"}],"up":[{"embeddable":true,"href":"https:\/\/www.cofb.org\/es\/wp-json\/wp\/v2\/pages\/3656"}],"wp:attachment":[{"href":"https:\/\/www.cofb.org\/es\/wp-json\/wp\/v2\/media?parent=68380"}],"curies":[{"name":"wp","href":"https:\/\/api.w.org\/{rel}","templated":true}]}}