{"id":68375,"date":"2023-09-08T09:28:26","date_gmt":"2023-09-08T09:28:26","guid":{"rendered":"https:\/\/novaorg.cofb.net\/?page_id=68375"},"modified":"2023-09-08T09:28:26","modified_gmt":"2023-09-08T09:28:26","slug":"gravacio-de-trucades-telefoniques-avis-legal","status":"publish","type":"page","link":"https:\/\/www.cofb.org\/es\/qui-som\/el-collegi\/transparencia\/publicitat-activa\/normativa\/gravacio-de-trucades-telefoniques-avis-legal\/","title":{"rendered":"Grabaci\u00f3n de llamadas telef\u00f3nicas: Aviso legal"},"content":{"rendered":"<h2 class=\"wp-block-heading\">Datos del responsable de tratamiento:<\/h2>\n\n\n\n<p class=\"icones\"><img decoding=\"async\" width=\"75\" height=\"88\" class=\"wp-image-68376\" style=\"width: 75px;\" src=\"https:\/\/www.cofb.org\/wp-content\/uploads\/2023\/09\/logo-cofb-negre.jpg\" alt=\"\" srcset=\"https:\/\/www.cofb.org\/wp-content\/uploads\/2023\/09\/logo-cofb-negre.jpg 255w, https:\/\/www.cofb.org\/wp-content\/uploads\/2023\/09\/logo-cofb-negre-10x12.jpg 10w\" sizes=\"(max-width: 75px) 100vw, 75px\" \/>\u00a0Colegio de Farmac\u00e9uticos de la Provincia de Barcelona<\/p>\n\n\n\n<p class=\"icones\"><img decoding=\"async\" width=\"70\" height=\"70\" class=\"wp-image-68377\" style=\"width: 70px;\" src=\"https:\/\/www.cofb.org\/wp-content\/uploads\/2023\/09\/Localitzacio.png\" alt=\"\" srcset=\"https:\/\/www.cofb.org\/wp-content\/uploads\/2023\/09\/Localitzacio.png 70w, https:\/\/www.cofb.org\/wp-content\/uploads\/2023\/09\/Localitzacio-12x12.png 12w\" sizes=\"(max-width: 70px) 100vw, 70px\" \/>\u00a0Direcci\u00f3n: C\/ Girona 64, 08009 Barcelona<\/p>\n\n\n\n<p class=\"icones\"><img decoding=\"async\" src=\"https:\/\/www.cofb.org\/documents\/10136\/1067764\/Tel%C3%A9fono.png\/83de66f5-8867-4acf-ba6c-ea129dc67556?t=1542018738546\" alt=\"\">&nbsp;Tel\u00e9fono: 93 244 07 10<\/p>\n\n\n\n<p class=\"icones\"><img decoding=\"async\" src=\"https:\/\/www.cofb.org\/documents\/10136\/1067764\/Correu.png\/69f7b5c4-3c19-447d-9ff6-25e8e46c97cf?t=1542018760660\" alt=\"\">\u00a0Correo electr\u00f3nico: <a href=\"mailto:cofb@cofb.net\">cofb@cofb.net<\/a><\/p>\n\n\n\n<h3 class=\"wp-block-heading\">Finalidad del tratamiento<\/h3>\n\n\n\n<p>Gestionar los datos para la prestaci\u00f3n de servicios que el Colegio proporciona a los colegiados. Promoci\u00f3n, informaci\u00f3n, atender consultas, realizar un seguimiento de los servicios que se prestan y de todo aquello que hace referencia al cumplimiento de las finalidades y funciones del Colegio. Los datos se obtienen por la condici\u00f3n del interesado como colegiado y no colegiado.<\/p>\n\n\n\n<p>En el momento en que el Colegio decida proyectar otra finalidad no recogida en las anteriores, informar\u00e1 al interesado con antelaci\u00f3n suficiente para que \u00e9ste pueda oponerse.<\/p>\n\n\n\n<p>El Colegio no realizar\u00e1 con sus datos personales ning\u00fan tratamiento automatizado de perfiles, \u00fanicamente los utilizar\u00e1 para cumplir con los fines por los que se reca\u00edan.<\/p>\n\n\n\n<p>Los datos personales ser\u00e1n cancelados en el momento en que el interesado deje de tener la relaci\u00f3n de colegiado o finalice la prestaci\u00f3n del servicio solicitado por el interlocutor no colegiado con el Colegio. Pero se conservar\u00e1n durante el plazo que establezca la normativa vigente o durante el tiempo en que pueda exigirse alg\u00fan tipo de responsabilidad derivada del tratamiento de los datos.<\/p>\n\n\n\n<h3 class=\"wp-block-heading\">Legitimaci\u00f3n<\/h3>\n\n\n\n<p>La legitimaci\u00f3n que ampara al Col\u00b7legi a tratar sus datos se basa en el cumplimiento de las obligaciones y funciones recogidas en sus Estatutos y para proporcionar seguridad jur\u00eddica a las conversaciones telef\u00f3nicas.<\/p>\n\n\n\n<p>En el momento en que el interlocutor mantiene una conversaci\u00f3n telef\u00f3nica con cualquiera de las personas que responden desde el Colegio, en su calidad de empleados o de representados se entiende que consiente la grabaci\u00f3n y se da por informado de todo aquello que la Ley exige en el \u00e1mbito de la protecci\u00f3n de los datos de car\u00e1cter personal. El consentimiento del interesado legitima en todo caso al Colegio a tratar sus datos personales.<\/p>\n\n\n\n<h3 class=\"wp-block-heading\">Destinatarios<\/h3>\n\n\n\n<p>En este caso no se prev\u00e9n destinatarios de los datos, lo que significa que en principio el Colegio no har\u00e1 ninguna cesi\u00f3n de esta informaci\u00f3n, sin perjuicio de que en momentos puntuales tenga que contratar los servicios de otras empresas o profesionales para realizar alg\u00fan tratamiento espec\u00edfico de acuerdo con las finalidades descritas. En este caso, estos terceros tendr\u00e1n la consideraci\u00f3n de encargados de tratamiento, lo que no implicar\u00e1 cesi\u00f3n alguna.<\/p>\n\n\n\n<h3 class=\"wp-block-heading\">Derechos<\/h3>\n\n\n\n<p>Los interesados podr\u00e1n ejercer los derechos que a continuaci\u00f3n se relacionan:<\/p>\n\n\n\n<ul class=\"wp-block-list\">\n<li>Derecho a solicitar el acceso a sus datos personales<\/li>\n\n\n\n<li>Derecho a solicitar su rectificaci\u00f3n o supresi\u00f3n<\/li>\n\n\n\n<li>Derecho a solicitar su limitaci\u00f3n en el tratamiento<\/li>\n\n\n\n<li>Derecho a oponerse al tratamiento<\/li>\n\n\n\n<li>Derecho a la portabilidad de sus datos<\/li>\n\n\n\n<li>Tambi\u00e9n tiene derecho a retirar el consentimiento de un tratamiento autorizado para una finalidad concreta <\/li>\n<\/ul>\n\n\n\n<p>Para ejercitar los citados derechos, el interesado deber\u00e1 dirigir un escrito por e-mail a la direcci\u00f3n cofb@cofb.net, o por correo postal a la Calle Girona 64, 08009 Barcelona.<\/p>\n\n\n\n<p>En caso de que no se haya obtenido satisfacci\u00f3n por la presentaci\u00f3n de la solicitud para ejercitar cualquiera de los derechos relacionados, el interesado podr\u00e1 presentar reclamaci\u00f3n ante el autorizado de control competente (Agencia Espa\u00f1ola de Protecci\u00f3n de Datos, Jorge Juan num 6, 28001 Madrid, NIF (Q2813014D).<\/p>\n\n\n\n<h3 class=\"wp-block-heading\">Procedencia de los datos<\/h3>\n\n\n\n<ul class=\"wp-block-list\">\n<li>Los datos han sido obtenidos de los propios interesados.<\/li>\n\n\n\n<li>Los datos objeto de tratamiento son el nombre, apellidos, en su caso direcci\u00f3n de la farmacia, postal y electr\u00f3nica del\/la farmac\u00e9utico\/a titular de oficina de farmacia, y aquellos datos que hayan proporcionado por motivo de la solicitud y \/o contrataci\u00f3n de algunos de los servicios que ofrece el Colegio, o de la relaci\u00f3n del colegiado y\/o interlocutor no colegiado y necesitan medidas de seguridad de nivel bajo para garantizar la seguridad en su tratamiento.<\/li>\n<\/ul>","protected":false},"excerpt":{"rendered":"<p>Datos del responsable de tratamiento: Colegio de Farmac\u00e9uticos de la Provincia de Barcelona Direcci\u00f3n: C\/ Girona 64, 08009 Barcelona Tel\u00e9fono: 93 244 07 10 Correo electr\u00f3nico: cofb@cofb.net Finalidad del tratamiento Gestionar los datos para la prestaci\u00f3n de servicios que el Colegio proporciona a los colegiados. Promoci\u00f3n, informaci\u00f3n, atender consultas, hacer un [\u2026]<\/p>","protected":false},"author":1,"featured_media":0,"parent":3650,"menu_order":1,"comment_status":"closed","ping_status":"closed","template":"","meta":{"_uag_custom_page_level_css":"","site-sidebar-layout":"default","site-content-layout":"","ast-site-content-layout":"default","site-content-style":"default","site-sidebar-style":"default","ast-global-header-display":"","ast-banner-title-visibility":"","ast-main-header-display":"","ast-hfb-above-header-display":"","ast-hfb-below-header-display":"","ast-hfb-mobile-header-display":"","site-post-title":"","ast-breadcrumbs-content":"","ast-featured-img":"","footer-sml-layout":"","theme-transparent-header-meta":"","adv-header-id-meta":"","stick-header-meta":"","header-above-stick-meta":"","header-main-stick-meta":"","header-below-stick-meta":"","astra-migrate-meta-layouts":"default","ast-page-background-enabled":"default","ast-page-background-meta":{"desktop":{"background-color":"var(--ast-global-color-4)","background-image":"","background-repeat":"repeat","background-position":"center center","background-size":"auto","background-attachment":"scroll","background-type":"","background-media":"","overlay-type":"","overlay-color":"","overlay-opacity":"","overlay-gradient":""},"tablet":{"background-color":"","background-image":"","background-repeat":"repeat","background-position":"center center","background-size":"auto","background-attachment":"scroll","background-type":"","background-media":"","overlay-type":"","overlay-color":"","overlay-opacity":"","overlay-gradient":""},"mobile":{"background-color":"","background-image":"","background-repeat":"repeat","background-position":"center center","background-size":"auto","background-attachment":"scroll","background-type":"","background-media":"","overlay-type":"","overlay-color":"","overlay-opacity":"","overlay-gradient":""}},"ast-content-background-meta":{"desktop":{"background-color":"var(--ast-global-color-5)","background-image":"","background-repeat":"repeat","background-position":"center center","background-size":"auto","background-attachment":"scroll","background-type":"","background-media":"","overlay-type":"","overlay-color":"","overlay-opacity":"","overlay-gradient":""},"tablet":{"background-color":"var(--ast-global-color-5)","background-image":"","background-repeat":"repeat","background-position":"center center","background-size":"auto","background-attachment":"scroll","background-type":"","background-media":"","overlay-type":"","overlay-color":"","overlay-opacity":"","overlay-gradient":""},"mobile":{"background-color":"var(--ast-global-color-5)","background-image":"","background-repeat":"repeat","background-position":"center center","background-size":"auto","background-attachment":"scroll","background-type":"","background-media":"","overlay-type":"","overlay-color":"","overlay-opacity":"","overlay-gradient":""}},"footnotes":""},"class_list":["post-68375","page","type-page","status-publish","hentry"],"yoast_head":"<!-- This site is optimized with the Yoast SEO plugin v22.4 - https:\/\/yoast.com\/wordpress\/plugins\/seo\/ -->\n<title>Gravaci\u00f3 de trucades telef\u00f2niques: Av\u00eds legal - Col\u00b7legi de Farmac\u00e8utics de Barcelona<\/title>\n<meta name=\"robots\" content=\"index, follow, max-snippet:-1, max-image-preview:large, max-video-preview:-1\" \/>\n<link rel=\"canonical\" href=\"https:\/\/www.cofb.org\/es\/qui-som\/el-collegi\/transparencia\/publicitat-activa\/normativa\/gravacio-de-trucades-telefoniques-avis-legal\/\" \/>\n<meta property=\"og:locale\" content=\"es_ES\" \/>\n<meta property=\"og:type\" content=\"article\" \/>\n<meta property=\"og:title\" content=\"Gravaci\u00f3 de trucades telef\u00f2niques: Av\u00eds legal - Col\u00b7legi de Farmac\u00e8utics de Barcelona\" \/>\n<meta property=\"og:description\" content=\"Dades del responsable de tractament: \u00a0Col\u00b7legi de Farmac\u00e8utics de la Prov\u00edncia de Barcelona \u00a0Adre\u00e7a: C\/ Girona 64, 08009 Barcelona &nbsp;Tel\u00e8fon:&nbsp;93 244 07 10 \u00a0Correu electr\u00f2nic: cofb@cofb.net Finalitat del tractament Gestionar les dades per a la prestaci\u00f3 de serveis que el Col\u00b7legi proporciona als col\u00b7legiats. Promoci\u00f3, informaci\u00f3, atendre consultes, fer un [&hellip;]\" \/>\n<meta property=\"og:url\" content=\"https:\/\/www.cofb.org\/es\/qui-som\/el-collegi\/transparencia\/publicitat-activa\/normativa\/gravacio-de-trucades-telefoniques-avis-legal\/\" \/>\n<meta property=\"og:site_name\" content=\"Col\u00b7legi de Farmac\u00e8utics de Barcelona\" \/>\n<meta property=\"article:publisher\" content=\"https:\/\/www.facebook.com\/farmaceuticsbcn\/\" \/>\n<meta property=\"og:image\" content=\"https:\/\/novaorg.cofb.net\/wp-content\/uploads\/2023\/09\/logo-cofb-negre.jpg\" \/>\n<meta name=\"twitter:card\" content=\"summary_large_image\" \/>\n<meta name=\"twitter:site\" content=\"@farmaceuticsbcn\" \/>\n<meta name=\"twitter:label1\" content=\"Tiempo de lectura\" \/>\n\t<meta name=\"twitter:data1\" content=\"3 minutos\" \/>\n<script type=\"application\/ld+json\" class=\"yoast-schema-graph\">{\"@context\":\"https:\/\/schema.org\",\"@graph\":[{\"@type\":\"WebPage\",\"@id\":\"https:\/\/www.cofb.org\/qui-som\/el-collegi\/transparencia\/publicitat-activa\/normativa\/gravacio-de-trucades-telefoniques-avis-legal\/\",\"url\":\"https:\/\/www.cofb.org\/qui-som\/el-collegi\/transparencia\/publicitat-activa\/normativa\/gravacio-de-trucades-telefoniques-avis-legal\/\",\"name\":\"Gravaci\u00f3 de trucades telef\u00f2niques: Av\u00eds legal - Col\u00b7legi de Farmac\u00e8utics de Barcelona\",\"isPartOf\":{\"@id\":\"https:\/\/www.cofb.org\/#website\"},\"primaryImageOfPage\":{\"@id\":\"https:\/\/www.cofb.org\/qui-som\/el-collegi\/transparencia\/publicitat-activa\/normativa\/gravacio-de-trucades-telefoniques-avis-legal\/#primaryimage\"},\"image\":{\"@id\":\"https:\/\/www.cofb.org\/qui-som\/el-collegi\/transparencia\/publicitat-activa\/normativa\/gravacio-de-trucades-telefoniques-avis-legal\/#primaryimage\"},\"thumbnailUrl\":\"https:\/\/www.cofb.org\/wp-content\/uploads\/2023\/09\/logo-cofb-negre.jpg\",\"datePublished\":\"2023-09-08T09:28:26+00:00\",\"dateModified\":\"2023-09-08T09:28:26+00:00\",\"breadcrumb\":{\"@id\":\"https:\/\/www.cofb.org\/qui-som\/el-collegi\/transparencia\/publicitat-activa\/normativa\/gravacio-de-trucades-telefoniques-avis-legal\/#breadcrumb\"},\"inLanguage\":\"es\",\"potentialAction\":[{\"@type\":\"ReadAction\",\"target\":[\"https:\/\/www.cofb.org\/qui-som\/el-collegi\/transparencia\/publicitat-activa\/normativa\/gravacio-de-trucades-telefoniques-avis-legal\/\"]}]},{\"@type\":\"ImageObject\",\"inLanguage\":\"es\",\"@id\":\"https:\/\/www.cofb.org\/qui-som\/el-collegi\/transparencia\/publicitat-activa\/normativa\/gravacio-de-trucades-telefoniques-avis-legal\/#primaryimage\",\"url\":\"https:\/\/www.cofb.org\/wp-content\/uploads\/2023\/09\/logo-cofb-negre.jpg\",\"contentUrl\":\"https:\/\/www.cofb.org\/wp-content\/uploads\/2023\/09\/logo-cofb-negre.jpg\"},{\"@type\":\"BreadcrumbList\",\"@id\":\"https:\/\/www.cofb.org\/qui-som\/el-collegi\/transparencia\/publicitat-activa\/normativa\/gravacio-de-trucades-telefoniques-avis-legal\/#breadcrumb\",\"itemListElement\":[{\"@type\":\"ListItem\",\"position\":1,\"name\":\"Inici\",\"item\":\"https:\/\/novaorg.cofb.net\/\"},{\"@type\":\"ListItem\",\"position\":2,\"name\":\"Qui som?\",\"item\":\"https:\/\/novaorg.cofb.net\/qui-som\/\"},{\"@type\":\"ListItem\",\"position\":3,\"name\":\"El Col\u00b7legi\",\"item\":\"https:\/\/novaorg.cofb.net\/qui-som\/el-collegi\/\"},{\"@type\":\"ListItem\",\"position\":4,\"name\":\"Transpar\u00e8ncia\",\"item\":\"https:\/\/novaorg.cofb.net\/qui-som\/el-collegi\/transparencia\/\"},{\"@type\":\"ListItem\",\"position\":5,\"name\":\"Publicitat activa\",\"item\":\"https:\/\/novaorg.cofb.net\/qui-som\/el-collegi\/transparencia\/publicitat-activa\/\"},{\"@type\":\"ListItem\",\"position\":6,\"name\":\"Normativa\",\"item\":\"https:\/\/www.cofb.org\/qui-som\/el-collegi\/transparencia\/publicitat-activa\/normativa\/\"},{\"@type\":\"ListItem\",\"position\":7,\"name\":\"Gravaci\u00f3 de trucades telef\u00f2niques: Av\u00eds legal\"}]},{\"@type\":\"WebSite\",\"@id\":\"https:\/\/www.cofb.org\/#website\",\"url\":\"https:\/\/www.cofb.org\/\",\"name\":\"Col\u00b7legi de Farmac\u00e8utics de Barcelona\",\"description\":\"\",\"publisher\":{\"@id\":\"https:\/\/www.cofb.org\/#organization\"},\"potentialAction\":[{\"@type\":\"SearchAction\",\"target\":{\"@type\":\"EntryPoint\",\"urlTemplate\":\"https:\/\/www.cofb.org\/?s={search_term_string}\"},\"query-input\":\"required name=search_term_string\"}],\"inLanguage\":\"es\"},{\"@type\":\"Organization\",\"@id\":\"https:\/\/www.cofb.org\/#organization\",\"name\":\"Col\u00b7legi de Farmac\u00e8utics de Barcelona\",\"url\":\"https:\/\/www.cofb.org\/\",\"logo\":{\"@type\":\"ImageObject\",\"inLanguage\":\"es\",\"@id\":\"https:\/\/www.cofb.org\/#\/schema\/logo\/image\/\",\"url\":\"https:\/\/www.cofb.org\/wp-content\/uploads\/2023\/11\/cropped-Logotip-COFB.png\",\"contentUrl\":\"https:\/\/www.cofb.org\/wp-content\/uploads\/2023\/11\/cropped-Logotip-COFB.png\",\"width\":500,\"height\":105,\"caption\":\"Col\u00b7legi de Farmac\u00e8utics de Barcelona\"},\"image\":{\"@id\":\"https:\/\/www.cofb.org\/#\/schema\/logo\/image\/\"},\"sameAs\":[\"https:\/\/www.facebook.com\/farmaceuticsbcn\/\",\"https:\/\/twitter.com\/farmaceuticsbcn\",\"https:\/\/www.instagram.com\/farmaceuticsbcn\/\",\"https:\/\/www.linkedin.com\/company\/farmaceuticsbcn\/\"]}]}<\/script>\n<!-- \/ Yoast SEO plugin. -->","yoast_head_json":{"title":"Gravaci\u00f3 de trucades telef\u00f2niques: Av\u00eds legal - Col\u00b7legi de Farmac\u00e8utics de Barcelona","robots":{"index":"index","follow":"follow","max-snippet":"max-snippet:-1","max-image-preview":"max-image-preview:large","max-video-preview":"max-video-preview:-1"},"canonical":"https:\/\/www.cofb.org\/es\/qui-som\/el-collegi\/transparencia\/publicitat-activa\/normativa\/gravacio-de-trucades-telefoniques-avis-legal\/","og_locale":"es_ES","og_type":"article","og_title":"Gravaci\u00f3 de trucades telef\u00f2niques: Av\u00eds legal - Col\u00b7legi de Farmac\u00e8utics de Barcelona","og_description":"Dades del responsable de tractament: \u00a0Col\u00b7legi de Farmac\u00e8utics de la Prov\u00edncia de Barcelona \u00a0Adre\u00e7a: C\/ Girona 64, 08009 Barcelona &nbsp;Tel\u00e8fon:&nbsp;93 244 07 10 \u00a0Correu electr\u00f2nic: cofb@cofb.net Finalitat del tractament Gestionar les dades per a la prestaci\u00f3 de serveis que el Col\u00b7legi proporciona als col\u00b7legiats. Promoci\u00f3, informaci\u00f3, atendre consultes, fer un [&hellip;]","og_url":"https:\/\/www.cofb.org\/es\/qui-som\/el-collegi\/transparencia\/publicitat-activa\/normativa\/gravacio-de-trucades-telefoniques-avis-legal\/","og_site_name":"Col\u00b7legi de Farmac\u00e8utics de Barcelona","article_publisher":"https:\/\/www.facebook.com\/farmaceuticsbcn\/","og_image":[{"url":"https:\/\/novaorg.cofb.net\/wp-content\/uploads\/2023\/09\/logo-cofb-negre.jpg"}],"twitter_card":"summary_large_image","twitter_site":"@farmaceuticsbcn","twitter_misc":{"Tiempo de lectura":"3 minutos"},"schema":{"@context":"https:\/\/schema.org","@graph":[{"@type":"WebPage","@id":"https:\/\/www.cofb.org\/qui-som\/el-collegi\/transparencia\/publicitat-activa\/normativa\/gravacio-de-trucades-telefoniques-avis-legal\/","url":"https:\/\/www.cofb.org\/qui-som\/el-collegi\/transparencia\/publicitat-activa\/normativa\/gravacio-de-trucades-telefoniques-avis-legal\/","name":"Gravaci\u00f3 de trucades telef\u00f2niques: Av\u00eds legal - Col\u00b7legi de Farmac\u00e8utics de Barcelona","isPartOf":{"@id":"https:\/\/www.cofb.org\/#website"},"primaryImageOfPage":{"@id":"https:\/\/www.cofb.org\/qui-som\/el-collegi\/transparencia\/publicitat-activa\/normativa\/gravacio-de-trucades-telefoniques-avis-legal\/#primaryimage"},"image":{"@id":"https:\/\/www.cofb.org\/qui-som\/el-collegi\/transparencia\/publicitat-activa\/normativa\/gravacio-de-trucades-telefoniques-avis-legal\/#primaryimage"},"thumbnailUrl":"https:\/\/www.cofb.org\/wp-content\/uploads\/2023\/09\/logo-cofb-negre.jpg","datePublished":"2023-09-08T09:28:26+00:00","dateModified":"2023-09-08T09:28:26+00:00","breadcrumb":{"@id":"https:\/\/www.cofb.org\/qui-som\/el-collegi\/transparencia\/publicitat-activa\/normativa\/gravacio-de-trucades-telefoniques-avis-legal\/#breadcrumb"},"inLanguage":"es","potentialAction":[{"@type":"ReadAction","target":["https:\/\/www.cofb.org\/qui-som\/el-collegi\/transparencia\/publicitat-activa\/normativa\/gravacio-de-trucades-telefoniques-avis-legal\/"]}]},{"@type":"ImageObject","inLanguage":"es","@id":"https:\/\/www.cofb.org\/qui-som\/el-collegi\/transparencia\/publicitat-activa\/normativa\/gravacio-de-trucades-telefoniques-avis-legal\/#primaryimage","url":"https:\/\/www.cofb.org\/wp-content\/uploads\/2023\/09\/logo-cofb-negre.jpg","contentUrl":"https:\/\/www.cofb.org\/wp-content\/uploads\/2023\/09\/logo-cofb-negre.jpg"},{"@type":"BreadcrumbList","@id":"https:\/\/www.cofb.org\/qui-som\/el-collegi\/transparencia\/publicitat-activa\/normativa\/gravacio-de-trucades-telefoniques-avis-legal\/#breadcrumb","itemListElement":[{"@type":"ListItem","position":1,"name":"Inici","item":"https:\/\/novaorg.cofb.net\/"},{"@type":"ListItem","position":2,"name":"Qui som?","item":"https:\/\/novaorg.cofb.net\/qui-som\/"},{"@type":"ListItem","position":3,"name":"El Col\u00b7legi","item":"https:\/\/novaorg.cofb.net\/qui-som\/el-collegi\/"},{"@type":"ListItem","position":4,"name":"Transpar\u00e8ncia","item":"https:\/\/novaorg.cofb.net\/qui-som\/el-collegi\/transparencia\/"},{"@type":"ListItem","position":5,"name":"Publicitat activa","item":"https:\/\/novaorg.cofb.net\/qui-som\/el-collegi\/transparencia\/publicitat-activa\/"},{"@type":"ListItem","position":6,"name":"Normativa","item":"https:\/\/www.cofb.org\/qui-som\/el-collegi\/transparencia\/publicitat-activa\/normativa\/"},{"@type":"ListItem","position":7,"name":"Gravaci\u00f3 de trucades telef\u00f2niques: Av\u00eds legal"}]},{"@type":"WebSite","@id":"https:\/\/www.cofb.org\/#website","url":"https:\/\/www.cofb.org\/","name":"Col\u00b7legi de Farmac\u00e8utics de Barcelona","description":"","publisher":{"@id":"https:\/\/www.cofb.org\/#organization"},"potentialAction":[{"@type":"SearchAction","target":{"@type":"EntryPoint","urlTemplate":"https:\/\/www.cofb.org\/?s={search_term_string}"},"query-input":"required name=search_term_string"}],"inLanguage":"es"},{"@type":"Organization","@id":"https:\/\/www.cofb.org\/#organization","name":"Col\u00b7legi de Farmac\u00e8utics de Barcelona","url":"https:\/\/www.cofb.org\/","logo":{"@type":"ImageObject","inLanguage":"es","@id":"https:\/\/www.cofb.org\/#\/schema\/logo\/image\/","url":"https:\/\/www.cofb.org\/wp-content\/uploads\/2023\/11\/cropped-Logotip-COFB.png","contentUrl":"https:\/\/www.cofb.org\/wp-content\/uploads\/2023\/11\/cropped-Logotip-COFB.png","width":500,"height":105,"caption":"Col\u00b7legi de Farmac\u00e8utics de Barcelona"},"image":{"@id":"https:\/\/www.cofb.org\/#\/schema\/logo\/image\/"},"sameAs":["https:\/\/www.facebook.com\/farmaceuticsbcn\/","https:\/\/twitter.com\/farmaceuticsbcn","https:\/\/www.instagram.com\/farmaceuticsbcn\/","https:\/\/www.linkedin.com\/company\/farmaceuticsbcn\/"]}]}},"uagb_featured_image_src":{"full":false,"thumbnail":false,"medium":false,"medium_large":false,"large":false,"1536x1536":false,"2048x2048":false,"trp-custom-language-flag":false},"uagb_author_info":{"display_name":"wpAdminCofbOrg","author_link":"https:\/\/www.cofb.org\/es\/author\/wpadmincofborg\/"},"uagb_comment_info":0,"uagb_excerpt":"Dades del responsable de tractament: \u00a0Col\u00b7legi de Farmac\u00e8utics de la Prov\u00edncia de Barcelona \u00a0Adre\u00e7a: C\/ Girona 64, 08009 Barcelona &nbsp;Tel\u00e8fon:&nbsp;93 244 07 10 \u00a0Correu electr\u00f2nic: cofb@cofb.net Finalitat del tractament Gestionar les dades per a la prestaci\u00f3 de serveis que el Col\u00b7legi proporciona als col\u00b7legiats. Promoci\u00f3, informaci\u00f3, atendre consultes, fer un [&hellip;]","_links":{"self":[{"href":"https:\/\/www.cofb.org\/es\/wp-json\/wp\/v2\/pages\/68375","targetHints":{"allow":["GET"]}}],"collection":[{"href":"https:\/\/www.cofb.org\/es\/wp-json\/wp\/v2\/pages"}],"about":[{"href":"https:\/\/www.cofb.org\/es\/wp-json\/wp\/v2\/types\/page"}],"author":[{"embeddable":true,"href":"https:\/\/www.cofb.org\/es\/wp-json\/wp\/v2\/users\/1"}],"replies":[{"embeddable":true,"href":"https:\/\/www.cofb.org\/es\/wp-json\/wp\/v2\/comments?post=68375"}],"version-history":[{"count":1,"href":"https:\/\/www.cofb.org\/es\/wp-json\/wp\/v2\/pages\/68375\/revisions"}],"predecessor-version":[{"id":68378,"href":"https:\/\/www.cofb.org\/es\/wp-json\/wp\/v2\/pages\/68375\/revisions\/68378"}],"up":[{"embeddable":true,"href":"https:\/\/www.cofb.org\/es\/wp-json\/wp\/v2\/pages\/3650"}],"wp:attachment":[{"href":"https:\/\/www.cofb.org\/es\/wp-json\/wp\/v2\/media?parent=68375"}],"curies":[{"name":"wp","href":"https:\/\/api.w.org\/{rel}","templated":true}]}}