{"id":67768,"date":"2023-07-27T09:28:21","date_gmt":"2023-07-27T09:28:21","guid":{"rendered":"https:\/\/novaorg.cofb.net\/?page_id=67768"},"modified":"2024-08-22T12:03:25","modified_gmt":"2024-08-22T12:03:25","slug":"seguiment-farmacoterapeutic-amb-sistemes-personalitzats-de-dosificacio-spd","status":"publish","type":"page","link":"https:\/\/www.cofb.org\/es\/que-oferim\/ciutadans\/serveis-a-la-poblacio\/seguiment-farmacoterapeutic-amb-sistemes-personalitzats-de-dosificacio-spd\/","title":{"rendered":"Seguimiento farmacoterap\u00e9utico con sistemas personalizados de dosificaci\u00f3n (SPD)"},"content":{"rendered":"<p><iframe allowfullscreen=\"\" frameborder=\"0\" height=\"500\" mozallowfullscreen=\"\" src=\"https:\/\/player.vimeo.com\/video\/266866659\" webkitallowfullscreen=\"\" width=\"100%\"><\/iframe><\/p>\n\n\n\n<p>&nbsp;<a rel=\"noreferrer noopener\" href=\"https:\/\/vimeo.com\/266866659\" target=\"_blank\">V\u00eddeo<\/a>&nbsp;de la campa\u00f1a \u201cAtenci\u00f3 Medicaci\u00f3\u201d donde se explica el servicio.<\/p>\n\n\n\n<h2 class=\"wp-block-heading\">\u00bfQu\u00e9 es el seguimiento farmacoterap\u00e9utico con SPD?<\/h2>\n\n\n\n<p id=\"yui_patched_v3_11_0_1_1690449830637_327\">El&nbsp;<strong>Programa de Seguimiento Farmacoterap\u00e9utico<\/strong>&nbsp;<strong>con sistemas personalizados de dosificaci\u00f3n (SPD)<\/strong>&nbsp;es un servicio dise\u00f1ado por&nbsp;<strong>mejorar la adherencia terap\u00e9utica<\/strong>&nbsp;y&nbsp;<strong>garantizar la efectividad y seguridad de los tratamientos establecidos<\/strong>, mediante la utilizaci\u00f3n de dispositivos de dosificaci\u00f3n personalizada.<\/p>\n\n\n\n<p id=\"yui_patched_v3_11_0_1_1690449830637_334\">Se dirige a aquellas&nbsp;<strong>personas que tienen dificultades en la gesti\u00f3n de la medicaci\u00f3n&nbsp;<\/strong>y en la observancia terap\u00e9utica.&nbsp;<\/p>\n\n\n\n<h2 class=\"wp-block-heading\">\u00bfQu\u00e9 objetivo tiene?<\/h2>\n\n\n\n<p id=\"yui_patched_v3_11_0_1_1690449830637_338\">El<strong>optimizaci\u00f3n del plan terap\u00e9utico de pacientes fr\u00e1giles y polimedicados<\/strong>. En otras palabras,&nbsp;<strong>garantizar que los pacientes sigan de forma correcta el tratamiento terap\u00e9utico&nbsp;<\/strong>prescrito por el m\u00e9dico.<\/p>\n\n\n\n<h2 class=\"wp-block-heading\">\u00bfC\u00f3mo funciona?<\/h2>\n\n\n\n<p id=\"yui_patched_v3_11_0_1_1690449830637_343\">El programa se basa en la&nbsp;<strong>preparaci\u00f3n semanal de la medicaci\u00f3n de los pacientes seg\u00fan la pauta establecida.<\/strong>&nbsp;El farmac\u00e9utico concilia la medicaci\u00f3n con el resto de profesionales, revisa la medicaci\u00f3n y la condiciona en un dispositivo bl\u00edster sellado de f\u00e1cil manejo, debidamente identificado. Esto hace que la&nbsp;<strong>dispensaci\u00f3n sea segura y efectiva<\/strong>.<\/p>\n\n\n\n<p id=\"yui_patched_v3_11_0_1_1690449830637_347\">El procedimiento se recoge en la&nbsp;<strong>Gu\u00eda de seguimiento farmacoterap\u00e9utico<\/strong>&nbsp;-elaborada el a\u00f1o 2012- por el Departamento de Salud de la Generalidad de Catalu\u00f1a y el Consejo de Colegios de Farmac\u00e9uticos de Catalu\u00f1a.<\/p>\n\n\n\n<h2 class=\"wp-block-heading\">\u00bfQu\u00e9 se ha logrado? <\/h2>\n\n\n\n<p>En 2023:<\/p>\n\n\n\n<ul class=\"wp-block-list\">\n<li>Hay un total de&nbsp;<strong>1.694<\/strong>&nbsp;farmacias adheridas. A lo largo del a\u00f1o, se han formado&nbsp;<strong>250 <\/strong>farmac\u00e9uticos y&nbsp;<strong>341 <\/strong>t\u00e9cnicos auxiliares.&nbsp;<\/li>\n<\/ul>\n\n\n\n<h2 class=\"wp-block-heading\">\u00bfD\u00f3nde se lleva a cabo?<\/h2>\n\n\n\n<p>Participan voluntariamente las farmacias de Barcelona acreditadas para prestar el servicio. Puedes consultar en&nbsp;<a rel=\"noreferrer noopener\" href=\"https:\/\/www.farmaceuticonline.com\/serveis-addicionals\/sistema-personalitzat-de-dosificacio\/\" target=\"_blank\">farmaceuticonline.com<\/a>&nbsp;las farmacias que participan.<\/p>\n\n\n\n<h2 class=\"wp-block-heading\">Material de soporte<\/h2>\n\n\n\n<div class=\"wp-block-uagb-image uagb-block-0e97aacc wp-block-uagb-image--layout-default wp-block-uagb-image--effect-static wp-block-uagb-image--align-none\"><figure class=\"wp-block-uagb-image__figure\"><a class=\"\" href=\"https:\/\/www.cofb.org\/wp-content\/uploads\/2023\/09\/spd.jpg\" target=\"_blank\" rel=\"noreferrer noopener\"><img loading=\"lazy\" decoding=\"async\" srcset=\"https:\/\/www.cofb.org\/wp-content\/uploads\/2023\/09\/spd.jpg \" sizes=\"auto, (max-width: 480px) 150px\" src=\"https:\/\/www.cofb.org\/wp-content\/uploads\/2023\/09\/spd.jpg\" alt=\"\" class=\"uag-image-68529\" width=\"333\" height=\"416\" title=\"\" role=\"img\"\/><\/a><\/figure><\/div>\n\n\n\n<h2 class=\"wp-block-heading\">M\u00e1s informaci\u00f3n<\/h2>\n\n\n\n<p class=\"icones\"><img decoding=\"async\" width=\"150\" height=\"176\" class=\"wp-image-67596\" style=\"width: 150px;\" src=\"https:\/\/www.cofb.org\/wp-content\/uploads\/2023\/07\/logo-cofb-negre.jpg\" alt=\"\">&nbsp;Departamento de Formaci\u00f3n y Desarrollo Profesional del COFB<\/p>\n\n\n\n<p class=\"icones\"><img decoding=\"async\" alt=\"\" src=\"https:\/\/www.cofb.org\/documents\/10136\/1067764\/Correu.png\/69f7b5c4-3c19-447d-9ff6-25e8e46c97cf?t=1542018760660\">&nbsp;Correo electr\u00f3nico:&nbsp;<a href=\"mailto:projectes@cofb.net\">projectes@cofb.net<\/a><\/p>\n\n\n\n<p class=\"icones\"><img decoding=\"async\" src=\"https:\/\/www.cofb.org\/documents\/10136\/1067764\/Tel%C3%A9fono.png\/83de66f5-8867-4acf-ba6c-ea129dc67556?t=1542018738546\" alt=\"\">&nbsp;Tel\u00e9fono: 93 244 07 10 (ext. 2)<\/p>\n\n\n\n<p class=\"icones\"><img decoding=\"async\" width=\"70\" height=\"70\" class=\"wp-image-67601\" style=\"width: 70px;\" src=\"https:\/\/www.cofb.org\/wp-content\/uploads\/2023\/07\/web-cofb-1.png\" alt=\"\">&nbsp;<a href=\"https:\/\/www.farmaceuticonline.com\/serveis-addicionals\/sistema-personalitzat-de-dosificacio\/\" data-type=\"URL\" data-id=\"https:\/\/www.farmaceuticonline.com\/serveis-addicionals\/sistema-personalitzat-de-dosificacio\/\" target=\"_blank\" rel=\"noreferrer noopener\">Farmaceuticonline<\/a><\/p>\n\n\n\n<p class=\"icones\"><img decoding=\"async\" width=\"70\" height=\"70\" class=\"wp-image-67603\" style=\"width: 70px;\" src=\"https:\/\/www.cofb.org\/wp-content\/uploads\/2023\/07\/pantalla.png\" alt=\"\">\u00a0<a href=\"https:\/\/www.cofb.org\/es\/2018\/04\/26\/marxa-campanya-atenciomedicacio-cofb\/\" target=\"_blank\" rel=\"noreferrer noopener\">Blog del COFB<\/a><\/p>","protected":false},"excerpt":{"rendered":"<p>&nbsp;V\u00eddeo de la campa\u00f1a \u201cAtenci\u00f3 Medicaci\u00f3\u201d donde se explica el servicio. \u00bfQu\u00e9 es el seguimiento farmacoterap\u00e9utico con SPD? El Programa de Seguimiento Farmacoterap\u00e9utico con sistemas personalizados de dosificaci\u00f3n (SPD) es un servicio dise\u00f1ado para mejorar la adherencia terap\u00e9utica y garantizar la efectividad y seguridad de los tratamientos establecidos mediante la utilizaci\u00f3n de dispositivos de dosificaci\u00f3n personalizada. Se dirige a aquellas personas que tienen dificultades [\u2026]<\/p>","protected":false},"author":1,"featured_media":0,"parent":2951,"menu_order":10,"comment_status":"closed","ping_status":"closed","template":"","meta":{"_uag_custom_page_level_css":"","site-sidebar-layout":"default","site-content-layout":"","ast-site-content-layout":"default","site-content-style":"default","site-sidebar-style":"default","ast-global-header-display":"","ast-banner-title-visibility":"","ast-main-header-display":"","ast-hfb-above-header-display":"","ast-hfb-below-header-display":"","ast-hfb-mobile-header-display":"","site-post-title":"","ast-breadcrumbs-content":"","ast-featured-img":"","footer-sml-layout":"","theme-transparent-header-meta":"","adv-header-id-meta":"","stick-header-meta":"","header-above-stick-meta":"","header-main-stick-meta":"","header-below-stick-meta":"","astra-migrate-meta-layouts":"set","ast-page-background-enabled":"default","ast-page-background-meta":{"desktop":{"background-color":"var(--ast-global-color-4)","background-image":"","background-repeat":"repeat","background-position":"center center","background-size":"auto","background-attachment":"scroll","background-type":"","background-media":"","overlay-type":"","overlay-color":"","overlay-opacity":"","overlay-gradient":""},"tablet":{"background-color":"","background-image":"","background-repeat":"repeat","background-position":"center center","background-size":"auto","background-attachment":"scroll","background-type":"","background-media":"","overlay-type":"","overlay-color":"","overlay-opacity":"","overlay-gradient":""},"mobile":{"background-color":"","background-image":"","background-repeat":"repeat","background-position":"center center","background-size":"auto","background-attachment":"scroll","background-type":"","background-media":"","overlay-type":"","overlay-color":"","overlay-opacity":"","overlay-gradient":""}},"ast-content-background-meta":{"desktop":{"background-color":"var(--ast-global-color-5)","background-image":"","background-repeat":"repeat","background-position":"center center","background-size":"auto","background-attachment":"scroll","background-type":"","background-media":"","overlay-type":"","overlay-color":"","overlay-opacity":"","overlay-gradient":""},"tablet":{"background-color":"var(--ast-global-color-5)","background-image":"","background-repeat":"repeat","background-position":"center center","background-size":"auto","background-attachment":"scroll","background-type":"","background-media":"","overlay-type":"","overlay-color":"","overlay-opacity":"","overlay-gradient":""},"mobile":{"background-color":"var(--ast-global-color-5)","background-image":"","background-repeat":"repeat","background-position":"center center","background-size":"auto","background-attachment":"scroll","background-type":"","background-media":"","overlay-type":"","overlay-color":"","overlay-opacity":"","overlay-gradient":""}},"footnotes":""},"class_list":["post-67768","page","type-page","status-publish","hentry"],"yoast_head":"<!-- This site is optimized with the Yoast SEO plugin v22.4 - https:\/\/yoast.com\/wordpress\/plugins\/seo\/ -->\n<title>Seguiment farmacoterap\u00e8utic amb sistemes personalitzats de dosificaci\u00f3 (SPD) - Col\u00b7legi de Farmac\u00e8utics de Barcelona<\/title>\n<meta name=\"robots\" content=\"index, follow, max-snippet:-1, max-image-preview:large, max-video-preview:-1\" \/>\n<link rel=\"canonical\" href=\"https:\/\/www.cofb.org\/es\/que-oferim\/ciutadans\/serveis-a-la-poblacio\/seguiment-farmacoterapeutic-amb-sistemes-personalitzats-de-dosificacio-spd\/\" \/>\n<meta property=\"og:locale\" content=\"es_ES\" \/>\n<meta property=\"og:type\" content=\"article\" \/>\n<meta property=\"og:title\" content=\"Seguiment farmacoterap\u00e8utic amb sistemes personalitzats de dosificaci\u00f3 (SPD) - Col\u00b7legi de Farmac\u00e8utics de Barcelona\" \/>\n<meta property=\"og:description\" content=\"&nbsp;V\u00eddeo&nbsp;de la campanya &#8220;Atenci\u00f3 Medicaci\u00f3&#8221; on s&#8217;explica el servei. Qu\u00e8 \u00e9s el seguiment farmacoterap\u00e8utic amb SPD? El&nbsp;Programa de Seguiment Farmacoterap\u00e8utic&nbsp;amb sistemes personalitzats de dosificaci\u00f3&nbsp;(SPD)&nbsp;\u00e9s un servei dissenyat per&nbsp;millorar l\u2019adher\u00e8ncia terap\u00e8utica&nbsp;i&nbsp;garantir l\u2019efectivitat i seguretat dels tractaments establerts, mitjan\u00e7ant la utilitzaci\u00f3 de dispositius de dosificaci\u00f3 personalitzada. S&#8217;adre\u00e7a a aquelles&nbsp;persones que tenen dificultats [&hellip;]\" \/>\n<meta property=\"og:url\" content=\"https:\/\/www.cofb.org\/es\/que-oferim\/ciutadans\/serveis-a-la-poblacio\/seguiment-farmacoterapeutic-amb-sistemes-personalitzats-de-dosificacio-spd\/\" \/>\n<meta property=\"og:site_name\" content=\"Col\u00b7legi de Farmac\u00e8utics de Barcelona\" \/>\n<meta property=\"article:publisher\" content=\"https:\/\/www.facebook.com\/farmaceuticsbcn\/\" \/>\n<meta property=\"article:modified_time\" content=\"2024-08-22T12:03:25+00:00\" \/>\n<meta property=\"og:image\" content=\"https:\/\/www.cofb.org\/wp-content\/uploads\/2023\/09\/spd.jpg\" \/>\n<meta name=\"twitter:card\" content=\"summary_large_image\" \/>\n<meta name=\"twitter:site\" content=\"@farmaceuticsbcn\" \/>\n<meta name=\"twitter:label1\" content=\"Tiempo de lectura\" \/>\n\t<meta name=\"twitter:data1\" content=\"3 minutos\" \/>\n<script type=\"application\/ld+json\" class=\"yoast-schema-graph\">{\"@context\":\"https:\/\/schema.org\",\"@graph\":[{\"@type\":\"WebPage\",\"@id\":\"https:\/\/www.cofb.org\/que-oferim\/ciutadans\/serveis-a-la-poblacio\/seguiment-farmacoterapeutic-amb-sistemes-personalitzats-de-dosificacio-spd\/\",\"url\":\"https:\/\/www.cofb.org\/que-oferim\/ciutadans\/serveis-a-la-poblacio\/seguiment-farmacoterapeutic-amb-sistemes-personalitzats-de-dosificacio-spd\/\",\"name\":\"Seguiment farmacoterap\u00e8utic amb sistemes personalitzats de dosificaci\u00f3 (SPD) - Col\u00b7legi de Farmac\u00e8utics de Barcelona\",\"isPartOf\":{\"@id\":\"https:\/\/www.cofb.org\/#website\"},\"primaryImageOfPage\":{\"@id\":\"https:\/\/www.cofb.org\/que-oferim\/ciutadans\/serveis-a-la-poblacio\/seguiment-farmacoterapeutic-amb-sistemes-personalitzats-de-dosificacio-spd\/#primaryimage\"},\"image\":{\"@id\":\"https:\/\/www.cofb.org\/que-oferim\/ciutadans\/serveis-a-la-poblacio\/seguiment-farmacoterapeutic-amb-sistemes-personalitzats-de-dosificacio-spd\/#primaryimage\"},\"thumbnailUrl\":\"https:\/\/www.cofb.org\/wp-content\/uploads\/2023\/09\/spd.jpg\",\"datePublished\":\"2023-07-27T09:28:21+00:00\",\"dateModified\":\"2024-08-22T12:03:25+00:00\",\"breadcrumb\":{\"@id\":\"https:\/\/www.cofb.org\/que-oferim\/ciutadans\/serveis-a-la-poblacio\/seguiment-farmacoterapeutic-amb-sistemes-personalitzats-de-dosificacio-spd\/#breadcrumb\"},\"inLanguage\":\"es\",\"potentialAction\":[{\"@type\":\"ReadAction\",\"target\":[\"https:\/\/www.cofb.org\/que-oferim\/ciutadans\/serveis-a-la-poblacio\/seguiment-farmacoterapeutic-amb-sistemes-personalitzats-de-dosificacio-spd\/\"]}]},{\"@type\":\"ImageObject\",\"inLanguage\":\"es\",\"@id\":\"https:\/\/www.cofb.org\/que-oferim\/ciutadans\/serveis-a-la-poblacio\/seguiment-farmacoterapeutic-amb-sistemes-personalitzats-de-dosificacio-spd\/#primaryimage\",\"url\":\"https:\/\/www.cofb.org\/wp-content\/uploads\/2023\/09\/spd.jpg\",\"contentUrl\":\"https:\/\/www.cofb.org\/wp-content\/uploads\/2023\/09\/spd.jpg\"},{\"@type\":\"BreadcrumbList\",\"@id\":\"https:\/\/www.cofb.org\/que-oferim\/ciutadans\/serveis-a-la-poblacio\/seguiment-farmacoterapeutic-amb-sistemes-personalitzats-de-dosificacio-spd\/#breadcrumb\",\"itemListElement\":[{\"@type\":\"ListItem\",\"position\":1,\"name\":\"Inici\",\"item\":\"https:\/\/novaorg.cofb.net\/\"},{\"@type\":\"ListItem\",\"position\":2,\"name\":\"Qu\u00e8 oferim?\",\"item\":\"https:\/\/novaorg.cofb.net\/que-oferim\/\"},{\"@type\":\"ListItem\",\"position\":3,\"name\":\"Ciutadans\",\"item\":\"https:\/\/novaorg.cofb.net\/que-oferim\/ciutadans\/\"},{\"@type\":\"ListItem\",\"position\":4,\"name\":\"Serveis a la poblaci\u00f3\",\"item\":\"https:\/\/www.cofb.org\/que-oferim\/ciutadans\/serveis-a-la-poblacio\/\"},{\"@type\":\"ListItem\",\"position\":5,\"name\":\"Seguiment farmacoterap\u00e8utic amb sistemes personalitzats de dosificaci\u00f3 (SPD)\"}]},{\"@type\":\"WebSite\",\"@id\":\"https:\/\/www.cofb.org\/#website\",\"url\":\"https:\/\/www.cofb.org\/\",\"name\":\"Col\u00b7legi de Farmac\u00e8utics de Barcelona\",\"description\":\"\",\"publisher\":{\"@id\":\"https:\/\/www.cofb.org\/#organization\"},\"potentialAction\":[{\"@type\":\"SearchAction\",\"target\":{\"@type\":\"EntryPoint\",\"urlTemplate\":\"https:\/\/www.cofb.org\/?s={search_term_string}\"},\"query-input\":\"required name=search_term_string\"}],\"inLanguage\":\"es\"},{\"@type\":\"Organization\",\"@id\":\"https:\/\/www.cofb.org\/#organization\",\"name\":\"Col\u00b7legi de Farmac\u00e8utics de Barcelona\",\"url\":\"https:\/\/www.cofb.org\/\",\"logo\":{\"@type\":\"ImageObject\",\"inLanguage\":\"es\",\"@id\":\"https:\/\/www.cofb.org\/#\/schema\/logo\/image\/\",\"url\":\"https:\/\/www.cofb.org\/wp-content\/uploads\/2023\/11\/cropped-Logotip-COFB.png\",\"contentUrl\":\"https:\/\/www.cofb.org\/wp-content\/uploads\/2023\/11\/cropped-Logotip-COFB.png\",\"width\":500,\"height\":105,\"caption\":\"Col\u00b7legi de Farmac\u00e8utics de Barcelona\"},\"image\":{\"@id\":\"https:\/\/www.cofb.org\/#\/schema\/logo\/image\/\"},\"sameAs\":[\"https:\/\/www.facebook.com\/farmaceuticsbcn\/\",\"https:\/\/twitter.com\/farmaceuticsbcn\",\"https:\/\/www.instagram.com\/farmaceuticsbcn\/\",\"https:\/\/www.linkedin.com\/company\/farmaceuticsbcn\/\"]}]}<\/script>\n<!-- \/ Yoast SEO plugin. -->","yoast_head_json":{"title":"Seguiment farmacoterap\u00e8utic amb sistemes personalitzats de dosificaci\u00f3 (SPD) - Col\u00b7legi de Farmac\u00e8utics de Barcelona","robots":{"index":"index","follow":"follow","max-snippet":"max-snippet:-1","max-image-preview":"max-image-preview:large","max-video-preview":"max-video-preview:-1"},"canonical":"https:\/\/www.cofb.org\/es\/que-oferim\/ciutadans\/serveis-a-la-poblacio\/seguiment-farmacoterapeutic-amb-sistemes-personalitzats-de-dosificacio-spd\/","og_locale":"es_ES","og_type":"article","og_title":"Seguiment farmacoterap\u00e8utic amb sistemes personalitzats de dosificaci\u00f3 (SPD) - Col\u00b7legi de Farmac\u00e8utics de Barcelona","og_description":"&nbsp;V\u00eddeo&nbsp;de la campanya &#8220;Atenci\u00f3 Medicaci\u00f3&#8221; on s&#8217;explica el servei. Qu\u00e8 \u00e9s el seguiment farmacoterap\u00e8utic amb SPD? El&nbsp;Programa de Seguiment Farmacoterap\u00e8utic&nbsp;amb sistemes personalitzats de dosificaci\u00f3&nbsp;(SPD)&nbsp;\u00e9s un servei dissenyat per&nbsp;millorar l\u2019adher\u00e8ncia terap\u00e8utica&nbsp;i&nbsp;garantir l\u2019efectivitat i seguretat dels tractaments establerts, mitjan\u00e7ant la utilitzaci\u00f3 de dispositius de dosificaci\u00f3 personalitzada. S&#8217;adre\u00e7a a aquelles&nbsp;persones que tenen dificultats [&hellip;]","og_url":"https:\/\/www.cofb.org\/es\/que-oferim\/ciutadans\/serveis-a-la-poblacio\/seguiment-farmacoterapeutic-amb-sistemes-personalitzats-de-dosificacio-spd\/","og_site_name":"Col\u00b7legi de Farmac\u00e8utics de Barcelona","article_publisher":"https:\/\/www.facebook.com\/farmaceuticsbcn\/","article_modified_time":"2024-08-22T12:03:25+00:00","og_image":[{"url":"https:\/\/www.cofb.org\/wp-content\/uploads\/2023\/09\/spd.jpg"}],"twitter_card":"summary_large_image","twitter_site":"@farmaceuticsbcn","twitter_misc":{"Tiempo de lectura":"3 minutos"},"schema":{"@context":"https:\/\/schema.org","@graph":[{"@type":"WebPage","@id":"https:\/\/www.cofb.org\/que-oferim\/ciutadans\/serveis-a-la-poblacio\/seguiment-farmacoterapeutic-amb-sistemes-personalitzats-de-dosificacio-spd\/","url":"https:\/\/www.cofb.org\/que-oferim\/ciutadans\/serveis-a-la-poblacio\/seguiment-farmacoterapeutic-amb-sistemes-personalitzats-de-dosificacio-spd\/","name":"Seguiment farmacoterap\u00e8utic amb sistemes personalitzats de dosificaci\u00f3 (SPD) - Col\u00b7legi de Farmac\u00e8utics de Barcelona","isPartOf":{"@id":"https:\/\/www.cofb.org\/#website"},"primaryImageOfPage":{"@id":"https:\/\/www.cofb.org\/que-oferim\/ciutadans\/serveis-a-la-poblacio\/seguiment-farmacoterapeutic-amb-sistemes-personalitzats-de-dosificacio-spd\/#primaryimage"},"image":{"@id":"https:\/\/www.cofb.org\/que-oferim\/ciutadans\/serveis-a-la-poblacio\/seguiment-farmacoterapeutic-amb-sistemes-personalitzats-de-dosificacio-spd\/#primaryimage"},"thumbnailUrl":"https:\/\/www.cofb.org\/wp-content\/uploads\/2023\/09\/spd.jpg","datePublished":"2023-07-27T09:28:21+00:00","dateModified":"2024-08-22T12:03:25+00:00","breadcrumb":{"@id":"https:\/\/www.cofb.org\/que-oferim\/ciutadans\/serveis-a-la-poblacio\/seguiment-farmacoterapeutic-amb-sistemes-personalitzats-de-dosificacio-spd\/#breadcrumb"},"inLanguage":"es","potentialAction":[{"@type":"ReadAction","target":["https:\/\/www.cofb.org\/que-oferim\/ciutadans\/serveis-a-la-poblacio\/seguiment-farmacoterapeutic-amb-sistemes-personalitzats-de-dosificacio-spd\/"]}]},{"@type":"ImageObject","inLanguage":"es","@id":"https:\/\/www.cofb.org\/que-oferim\/ciutadans\/serveis-a-la-poblacio\/seguiment-farmacoterapeutic-amb-sistemes-personalitzats-de-dosificacio-spd\/#primaryimage","url":"https:\/\/www.cofb.org\/wp-content\/uploads\/2023\/09\/spd.jpg","contentUrl":"https:\/\/www.cofb.org\/wp-content\/uploads\/2023\/09\/spd.jpg"},{"@type":"BreadcrumbList","@id":"https:\/\/www.cofb.org\/que-oferim\/ciutadans\/serveis-a-la-poblacio\/seguiment-farmacoterapeutic-amb-sistemes-personalitzats-de-dosificacio-spd\/#breadcrumb","itemListElement":[{"@type":"ListItem","position":1,"name":"Inici","item":"https:\/\/novaorg.cofb.net\/"},{"@type":"ListItem","position":2,"name":"Qu\u00e8 oferim?","item":"https:\/\/novaorg.cofb.net\/que-oferim\/"},{"@type":"ListItem","position":3,"name":"Ciutadans","item":"https:\/\/novaorg.cofb.net\/que-oferim\/ciutadans\/"},{"@type":"ListItem","position":4,"name":"Serveis a la poblaci\u00f3","item":"https:\/\/www.cofb.org\/que-oferim\/ciutadans\/serveis-a-la-poblacio\/"},{"@type":"ListItem","position":5,"name":"Seguiment farmacoterap\u00e8utic amb sistemes personalitzats de dosificaci\u00f3 (SPD)"}]},{"@type":"WebSite","@id":"https:\/\/www.cofb.org\/#website","url":"https:\/\/www.cofb.org\/","name":"Col\u00b7legi de Farmac\u00e8utics de Barcelona","description":"","publisher":{"@id":"https:\/\/www.cofb.org\/#organization"},"potentialAction":[{"@type":"SearchAction","target":{"@type":"EntryPoint","urlTemplate":"https:\/\/www.cofb.org\/?s={search_term_string}"},"query-input":"required name=search_term_string"}],"inLanguage":"es"},{"@type":"Organization","@id":"https:\/\/www.cofb.org\/#organization","name":"Col\u00b7legi de Farmac\u00e8utics de Barcelona","url":"https:\/\/www.cofb.org\/","logo":{"@type":"ImageObject","inLanguage":"es","@id":"https:\/\/www.cofb.org\/#\/schema\/logo\/image\/","url":"https:\/\/www.cofb.org\/wp-content\/uploads\/2023\/11\/cropped-Logotip-COFB.png","contentUrl":"https:\/\/www.cofb.org\/wp-content\/uploads\/2023\/11\/cropped-Logotip-COFB.png","width":500,"height":105,"caption":"Col\u00b7legi de Farmac\u00e8utics de Barcelona"},"image":{"@id":"https:\/\/www.cofb.org\/#\/schema\/logo\/image\/"},"sameAs":["https:\/\/www.facebook.com\/farmaceuticsbcn\/","https:\/\/twitter.com\/farmaceuticsbcn","https:\/\/www.instagram.com\/farmaceuticsbcn\/","https:\/\/www.linkedin.com\/company\/farmaceuticsbcn\/"]}]}},"uagb_featured_image_src":{"full":false,"thumbnail":false,"medium":false,"medium_large":false,"large":false,"1536x1536":false,"2048x2048":false,"trp-custom-language-flag":false},"uagb_author_info":{"display_name":"wpAdminCofbOrg","author_link":"https:\/\/www.cofb.org\/es\/author\/wpadmincofborg\/"},"uagb_comment_info":0,"uagb_excerpt":"&nbsp;V\u00eddeo&nbsp;de la campanya &#8220;Atenci\u00f3 Medicaci\u00f3&#8221; on s&#8217;explica el servei. Qu\u00e8 \u00e9s el seguiment farmacoterap\u00e8utic amb SPD? El&nbsp;Programa de Seguiment Farmacoterap\u00e8utic&nbsp;amb sistemes personalitzats de dosificaci\u00f3&nbsp;(SPD)&nbsp;\u00e9s un servei dissenyat per&nbsp;millorar l\u2019adher\u00e8ncia terap\u00e8utica&nbsp;i&nbsp;garantir l\u2019efectivitat i seguretat dels tractaments establerts, mitjan\u00e7ant la utilitzaci\u00f3 de dispositius de dosificaci\u00f3 personalitzada. S&#8217;adre\u00e7a a aquelles&nbsp;persones que tenen dificultats [&hellip;]","_links":{"self":[{"href":"https:\/\/www.cofb.org\/es\/wp-json\/wp\/v2\/pages\/67768","targetHints":{"allow":["GET"]}}],"collection":[{"href":"https:\/\/www.cofb.org\/es\/wp-json\/wp\/v2\/pages"}],"about":[{"href":"https:\/\/www.cofb.org\/es\/wp-json\/wp\/v2\/types\/page"}],"author":[{"embeddable":true,"href":"https:\/\/www.cofb.org\/es\/wp-json\/wp\/v2\/users\/1"}],"replies":[{"embeddable":true,"href":"https:\/\/www.cofb.org\/es\/wp-json\/wp\/v2\/comments?post=67768"}],"version-history":[{"count":4,"href":"https:\/\/www.cofb.org\/es\/wp-json\/wp\/v2\/pages\/67768\/revisions"}],"predecessor-version":[{"id":79365,"href":"https:\/\/www.cofb.org\/es\/wp-json\/wp\/v2\/pages\/67768\/revisions\/79365"}],"up":[{"embeddable":true,"href":"https:\/\/www.cofb.org\/es\/wp-json\/wp\/v2\/pages\/2951"}],"wp:attachment":[{"href":"https:\/\/www.cofb.org\/es\/wp-json\/wp\/v2\/media?parent=67768"}],"curies":[{"name":"wp","href":"https:\/\/api.w.org\/{rel}","templated":true}]}}