{"id":67634,"date":"2023-07-26T11:35:17","date_gmt":"2023-07-26T11:35:17","guid":{"rendered":"https:\/\/novaorg.cofb.net\/?page_id=67634"},"modified":"2024-08-22T12:25:16","modified_gmt":"2024-08-22T12:25:16","slug":"radars","status":"publish","type":"page","link":"https:\/\/www.cofb.org\/es\/que-oferim\/ciutadans\/serveis-a-la-poblacio\/radars\/","title":{"rendered":"Radares"},"content":{"rendered":"<p><iframe allow=\"accelerometer; autoplay; encrypted-media; gyroscope; picture-in-picture\" allowfullscreen=\"\" frameborder=\"0\" height=\"500\" scrolling=\"no\" src=\"https:\/\/www.youtube.com\/embed\/-K3EQVNANuI\" width=\"100%\"><\/iframe><\/p>\n\n\n\n<h2 class=\"wp-block-heading\">\u00bfQu\u00e9 es el proyecto radares?<\/h2>\n\n\n\n<p id=\"yui_patched_v3_11_0_1_1690369859229_304\">RADARS es un&nbsp;<strong>proyecto de acci\u00f3n comunitaria en la ciudad de Barcelona<\/strong>&nbsp;liderado por el Ayuntamiento de Barcelona a trav\u00e9s de los Servicios Sociales de cada barrio.<\/p>\n\n\n\n<h2 class=\"wp-block-heading\">\u00bfQu\u00e9 objetivo tiene? <\/h2>\n\n\n\n<p id=\"yui_patched_v3_11_0_1_1690369859229_315\">El proyecto RADARS de acci\u00f3n comunitaria contempla diferentes&nbsp;<strong>actividades dirigidas a identificar a personas mayores con riesgo de aislamiento y exclusi\u00f3n social<\/strong>&nbsp;que viven solas o acompa\u00f1adas tambi\u00e9n por personas mayores.<\/p>\n\n\n\n<h2 class=\"wp-block-heading\">\u00bfC\u00f3mo funciona?<\/h2>\n\n\n\n<p id=\"yui_patched_v3_11_0_1_1690369859229_318\">Las acciones que se llevan a cabo en el marco de RADARS combinan el&nbsp;<strong>liderazgo y papel activo de los servicios sociales con la participaci\u00f3n activa de los agentes locales<\/strong>. Esto implica que vecinos, asociaciones, entidades locales y servicios trabajen conjuntamente. En este proyecto comunitario&nbsp;&nbsp;<strong>el farmac\u00e9utico act\u00faa como vecino integrado plenamente en el tejido social del entorno y como agente de salud<\/strong>, factor importante que le permite tener elementos para realizar una correcta evaluaci\u00f3n de la situaci\u00f3n.<\/p>\n\n\n\n<p id=\"yui_patched_v3_11_0_1_1690369859229_320\">El farmac\u00e9utico\/a comunitario\/a:<\/p>\n\n\n\n<ul class=\"wp-block-list\">\n<li>Facilita&nbsp;<strong>informaci\u00f3n&nbsp;<\/strong>y&nbsp;<strong>difusi\u00f3n<\/strong>&nbsp;del proyecto RADARS y de los recursos de Servicios Sociales existentes<\/li>\n\n\n\n<li><strong>Identifica&nbsp;<\/strong>y comunica&nbsp;<strong>situaciones de riesgo<\/strong><\/li>\n\n\n\n<li>Act\u00faa como&nbsp;<strong>mediador<\/strong>&nbsp;y cede la&nbsp;<strong>farmacia como espacio de mediaci\u00f3n<\/strong><\/li>\n\n\n\n<li>Aconseja y, en los usuarios que lo requieren,&nbsp;<strong>propone servicios de la farmacia comunitaria dirigidos a la mejora de la adherencia<\/strong>&nbsp;ya la educaci\u00f3n sanitaria<\/li>\n<\/ul>\n\n\n\n<h2 class=\"wp-block-heading\">\u00bfQu\u00e9 se ha logrado?<\/h2>\n\n\n\n<ul class=\"wp-block-list\">\n<li>Durante el&nbsp;<strong>2023<\/strong>, las <strong>farmacias<\/strong> de <strong>59 barrios radares de Barcelona<\/strong> han notificado <strong>15 situaciones de riesgo<\/strong>. A lo largo del a\u00f1o, se han <strong>atendido 2.385 personas<\/strong> y las personas voluntarias han recogido <strong>986 notificaciones<\/strong>.<\/li>\n<\/ul>\n\n\n\n<h2 class=\"wp-block-heading\">\u00bfD\u00f3nde se lleva a cabo?<\/h2>\n\n\n\n<p id=\"yui_patched_v3_11_0_1_1690369859229_331\">Barcelona ciudad, Igualada, Granollers y Arenys de Mar.<a href=\"mailto:projectes@cofb.net\"><\/a><\/p>\n\n\n\n<h2 class=\"wp-block-heading\">Material de soporte<\/h2>\n\n\n\n<div class=\"wp-block-columns is-layout-flex wp-container-core-columns-is-layout-28f84493 wp-block-columns-is-layout-flex\">\n<div class=\"wp-block-column is-layout-flow wp-block-column-is-layout-flow\">\n<div class=\"wp-block-uagb-image aligncenter uagb-block-9b5f208a wp-block-uagb-image--layout-default wp-block-uagb-image--effect-static wp-block-uagb-image--align-center\"><figure class=\"wp-block-uagb-image__figure\"><img loading=\"lazy\" decoding=\"async\" srcset=\"https:\/\/www.cofb.org\/wp-content\/uploads\/2023\/09\/radars-cartell-1-435x1024.jpg \" sizes=\"auto, (max-width: 480px) 150px\" src=\"https:\/\/www.cofb.org\/wp-content\/uploads\/2023\/09\/radars-cartell-1-435x1024.jpg\" alt=\"\" class=\"uag-image-68514\" width=\"243\" height=\"572\" title=\"\" role=\"img\"\/><\/figure><\/div>\n<\/div>\n\n\n\n<div class=\"wp-block-column is-layout-flow wp-block-column-is-layout-flow\">\n<div class=\"wp-block-uagb-image aligncenter uagb-block-aa059bd5 wp-block-uagb-image--layout-default wp-block-uagb-image--effect-static wp-block-uagb-image--align-center\"><figure class=\"wp-block-uagb-image__figure\"><img loading=\"lazy\" decoding=\"async\" srcset=\"https:\/\/www.cofb.org\/wp-content\/uploads\/2023\/09\/Radars.JPG.jpg \" sizes=\"auto, (max-width: 480px) 150px\" src=\"https:\/\/www.cofb.org\/wp-content\/uploads\/2023\/09\/Radars.JPG.jpg\" alt=\"\" class=\"uag-image-68515\" width=\"365\" height=\"312\" title=\"\" role=\"img\"\/><\/figure><\/div>\n<\/div>\n<\/div>\n\n\n\n<h2 class=\"wp-block-heading\">M\u00e1s informaci\u00f3n<\/h2>\n\n\n\n<p class=\"icones\"><img decoding=\"async\" width=\"150\" height=\"176\" class=\"wp-image-67596\" style=\"width: 150px;\" src=\"https:\/\/www.cofb.org\/wp-content\/uploads\/2023\/07\/logo-cofb-negre.jpg\" alt=\"\">&nbsp;Departamento de Formaci\u00f3n y Desarrollo Profesional del COFB<\/p>\n\n\n\n<p class=\"icones\"><img decoding=\"async\" alt=\"\" src=\"https:\/\/www.cofb.org\/documents\/10136\/1067764\/Correu.png\/69f7b5c4-3c19-447d-9ff6-25e8e46c97cf?t=1542018760660\">&nbsp;Correo electr\u00f3nico:&nbsp;<a href=\"mailto:projectes@cofb.net\">projectes@cofb.net<\/a><\/p>\n\n\n\n<p class=\"icones\"><img decoding=\"async\" src=\"https:\/\/www.cofb.org\/documents\/10136\/1067764\/Tel%C3%A9fono.png\/83de66f5-8867-4acf-ba6c-ea129dc67556?t=1542018738546\" alt=\"\">&nbsp;Tel\u00e9fono: 93 244 07 10 (ext. 2)<\/p>\n\n\n\n<p class=\"icones\"><img decoding=\"async\" width=\"70\" height=\"70\" class=\"wp-image-67601\" style=\"width: 70px;\" src=\"https:\/\/www.cofb.org\/wp-content\/uploads\/2023\/07\/web-cofb-1.png\" alt=\"\">&nbsp;<a href=\"https:\/\/ajuntament.barcelona.cat\/serveissocials\/ca\" data-type=\"URL\" data-id=\"https:\/\/ajuntament.barcelona.cat\/serveissocials\/ca\" target=\"_blank\" rel=\"noreferrer noopener\">Ayuntamiento de Barcelona<\/a><\/p>\n\n\n\n<p class=\"icones\"><img decoding=\"async\" width=\"70\" height=\"70\" class=\"wp-image-67603\" style=\"width: 70px;\" src=\"https:\/\/www.cofb.org\/wp-content\/uploads\/2023\/07\/pantalla.png\" alt=\"\">\u00a0<a href=\"https:\/\/www.cofb.org\/es\/2016\/10\/25\/lajuntament-el-cofb-acorden-estendre-la-xarxa-de-radars\/\" target=\"_blank\" rel=\"noreferrer noopener\">Blog del COFB<\/a><\/p>","protected":false},"excerpt":{"rendered":"<p>\u00bfQu\u00e9 es el proyecto radares? RADARS es un proyecto de acci\u00f3n comunitaria en la ciudad de Barcelona liderado por el Ayuntamiento de Barcelona a trav\u00e9s de los Servicios Sociales de cada barrio. \u00bfQu\u00e9 objetivo tiene? El proyecto RADARS de acci\u00f3n comunitaria contempla diferentes actividades dirigidas a identificar a personas mayores con riesgo de aislamiento y exclusi\u00f3n social que viven solas o acompa\u00f1adas [\u2026]<\/p>","protected":false},"author":1,"featured_media":0,"parent":2951,"menu_order":5,"comment_status":"closed","ping_status":"closed","template":"","meta":{"_uag_custom_page_level_css":"","site-sidebar-layout":"default","site-content-layout":"","ast-site-content-layout":"default","site-content-style":"default","site-sidebar-style":"default","ast-global-header-display":"","ast-banner-title-visibility":"","ast-main-header-display":"","ast-hfb-above-header-display":"","ast-hfb-below-header-display":"","ast-hfb-mobile-header-display":"","site-post-title":"","ast-breadcrumbs-content":"","ast-featured-img":"","footer-sml-layout":"","theme-transparent-header-meta":"","adv-header-id-meta":"","stick-header-meta":"","header-above-stick-meta":"","header-main-stick-meta":"","header-below-stick-meta":"","astra-migrate-meta-layouts":"set","ast-page-background-enabled":"default","ast-page-background-meta":{"desktop":{"background-color":"var(--ast-global-color-4)","background-image":"","background-repeat":"repeat","background-position":"center center","background-size":"auto","background-attachment":"scroll","background-type":"","background-media":"","overlay-type":"","overlay-color":"","overlay-opacity":"","overlay-gradient":""},"tablet":{"background-color":"","background-image":"","background-repeat":"repeat","background-position":"center center","background-size":"auto","background-attachment":"scroll","background-type":"","background-media":"","overlay-type":"","overlay-color":"","overlay-opacity":"","overlay-gradient":""},"mobile":{"background-color":"","background-image":"","background-repeat":"repeat","background-position":"center center","background-size":"auto","background-attachment":"scroll","background-type":"","background-media":"","overlay-type":"","overlay-color":"","overlay-opacity":"","overlay-gradient":""}},"ast-content-background-meta":{"desktop":{"background-color":"var(--ast-global-color-5)","background-image":"","background-repeat":"repeat","background-position":"center center","background-size":"auto","background-attachment":"scroll","background-type":"","background-media":"","overlay-type":"","overlay-color":"","overlay-opacity":"","overlay-gradient":""},"tablet":{"background-color":"var(--ast-global-color-5)","background-image":"","background-repeat":"repeat","background-position":"center center","background-size":"auto","background-attachment":"scroll","background-type":"","background-media":"","overlay-type":"","overlay-color":"","overlay-opacity":"","overlay-gradient":""},"mobile":{"background-color":"var(--ast-global-color-5)","background-image":"","background-repeat":"repeat","background-position":"center center","background-size":"auto","background-attachment":"scroll","background-type":"","background-media":"","overlay-type":"","overlay-color":"","overlay-opacity":"","overlay-gradient":""}},"footnotes":""},"class_list":["post-67634","page","type-page","status-publish","hentry"],"yoast_head":"<!-- This site is optimized with the Yoast SEO plugin v22.4 - https:\/\/yoast.com\/wordpress\/plugins\/seo\/ -->\n<title>Radars - Col\u00b7legi de Farmac\u00e8utics de Barcelona<\/title>\n<meta name=\"robots\" content=\"index, follow, max-snippet:-1, max-image-preview:large, max-video-preview:-1\" \/>\n<link rel=\"canonical\" href=\"https:\/\/www.cofb.org\/es\/que-oferim\/ciutadans\/serveis-a-la-poblacio\/radars\/\" \/>\n<meta property=\"og:locale\" content=\"es_ES\" \/>\n<meta property=\"og:type\" content=\"article\" \/>\n<meta property=\"og:title\" content=\"Radars - Col\u00b7legi de Farmac\u00e8utics de Barcelona\" \/>\n<meta property=\"og:description\" content=\"Qu\u00e8 \u00e9s el projecte radars? RADARS \u00e9s un&nbsp;projecte d\u2019acci\u00f3 comunit\u00e0ria a la ciutat de Barcelona&nbsp;liderat per l\u2019Ajuntament de Barcelona mitjan\u00e7ant&nbsp;els Serveis Socials de cada barri. Quin objectiu t\u00e9? El projecte RADARS d\u2019acci\u00f3 comunit\u00e0ria contempla diferents&nbsp;activitats adre\u00e7ades a identificar persones grans amb risc d\u2019a\u00efllament i exclusi\u00f3 social&nbsp;que viuen soles o acompanyades [&hellip;]\" \/>\n<meta property=\"og:url\" content=\"https:\/\/www.cofb.org\/es\/que-oferim\/ciutadans\/serveis-a-la-poblacio\/radars\/\" \/>\n<meta property=\"og:site_name\" content=\"Col\u00b7legi de Farmac\u00e8utics de Barcelona\" \/>\n<meta property=\"article:publisher\" content=\"https:\/\/www.facebook.com\/farmaceuticsbcn\/\" \/>\n<meta property=\"article:modified_time\" content=\"2024-08-22T12:25:16+00:00\" \/>\n<meta property=\"og:image\" content=\"https:\/\/www.cofb.org\/wp-content\/uploads\/2023\/09\/radars-cartell-1-435x1024.jpg\" \/>\n<meta name=\"twitter:card\" content=\"summary_large_image\" \/>\n<meta name=\"twitter:site\" content=\"@farmaceuticsbcn\" \/>\n<meta name=\"twitter:label1\" content=\"Tiempo de lectura\" \/>\n\t<meta name=\"twitter:data1\" content=\"3 minutos\" \/>\n<script type=\"application\/ld+json\" class=\"yoast-schema-graph\">{\"@context\":\"https:\/\/schema.org\",\"@graph\":[{\"@type\":\"WebPage\",\"@id\":\"https:\/\/www.cofb.org\/que-oferim\/ciutadans\/serveis-a-la-poblacio\/radars\/\",\"url\":\"https:\/\/www.cofb.org\/que-oferim\/ciutadans\/serveis-a-la-poblacio\/radars\/\",\"name\":\"Radars - Col\u00b7legi de Farmac\u00e8utics de Barcelona\",\"isPartOf\":{\"@id\":\"https:\/\/www.cofb.org\/#website\"},\"primaryImageOfPage\":{\"@id\":\"https:\/\/www.cofb.org\/que-oferim\/ciutadans\/serveis-a-la-poblacio\/radars\/#primaryimage\"},\"image\":{\"@id\":\"https:\/\/www.cofb.org\/que-oferim\/ciutadans\/serveis-a-la-poblacio\/radars\/#primaryimage\"},\"thumbnailUrl\":\"https:\/\/www.cofb.org\/wp-content\/uploads\/2023\/09\/radars-cartell-1-435x1024.jpg\",\"datePublished\":\"2023-07-26T11:35:17+00:00\",\"dateModified\":\"2024-08-22T12:25:16+00:00\",\"breadcrumb\":{\"@id\":\"https:\/\/www.cofb.org\/que-oferim\/ciutadans\/serveis-a-la-poblacio\/radars\/#breadcrumb\"},\"inLanguage\":\"es\",\"potentialAction\":[{\"@type\":\"ReadAction\",\"target\":[\"https:\/\/www.cofb.org\/que-oferim\/ciutadans\/serveis-a-la-poblacio\/radars\/\"]}]},{\"@type\":\"ImageObject\",\"inLanguage\":\"es\",\"@id\":\"https:\/\/www.cofb.org\/que-oferim\/ciutadans\/serveis-a-la-poblacio\/radars\/#primaryimage\",\"url\":\"https:\/\/www.cofb.org\/wp-content\/uploads\/2023\/09\/radars-cartell-1-435x1024.jpg\",\"contentUrl\":\"https:\/\/www.cofb.org\/wp-content\/uploads\/2023\/09\/radars-cartell-1-435x1024.jpg\"},{\"@type\":\"BreadcrumbList\",\"@id\":\"https:\/\/www.cofb.org\/que-oferim\/ciutadans\/serveis-a-la-poblacio\/radars\/#breadcrumb\",\"itemListElement\":[{\"@type\":\"ListItem\",\"position\":1,\"name\":\"Inici\",\"item\":\"https:\/\/novaorg.cofb.net\/\"},{\"@type\":\"ListItem\",\"position\":2,\"name\":\"Qu\u00e8 oferim?\",\"item\":\"https:\/\/novaorg.cofb.net\/que-oferim\/\"},{\"@type\":\"ListItem\",\"position\":3,\"name\":\"Ciutadans\",\"item\":\"https:\/\/novaorg.cofb.net\/que-oferim\/ciutadans\/\"},{\"@type\":\"ListItem\",\"position\":4,\"name\":\"Serveis a la poblaci\u00f3\",\"item\":\"https:\/\/www.cofb.org\/que-oferim\/ciutadans\/serveis-a-la-poblacio\/\"},{\"@type\":\"ListItem\",\"position\":5,\"name\":\"Radars\"}]},{\"@type\":\"WebSite\",\"@id\":\"https:\/\/www.cofb.org\/#website\",\"url\":\"https:\/\/www.cofb.org\/\",\"name\":\"Col\u00b7legi de Farmac\u00e8utics de Barcelona\",\"description\":\"\",\"publisher\":{\"@id\":\"https:\/\/www.cofb.org\/#organization\"},\"potentialAction\":[{\"@type\":\"SearchAction\",\"target\":{\"@type\":\"EntryPoint\",\"urlTemplate\":\"https:\/\/www.cofb.org\/?s={search_term_string}\"},\"query-input\":\"required name=search_term_string\"}],\"inLanguage\":\"es\"},{\"@type\":\"Organization\",\"@id\":\"https:\/\/www.cofb.org\/#organization\",\"name\":\"Col\u00b7legi de Farmac\u00e8utics de Barcelona\",\"url\":\"https:\/\/www.cofb.org\/\",\"logo\":{\"@type\":\"ImageObject\",\"inLanguage\":\"es\",\"@id\":\"https:\/\/www.cofb.org\/#\/schema\/logo\/image\/\",\"url\":\"https:\/\/www.cofb.org\/wp-content\/uploads\/2023\/11\/cropped-Logotip-COFB.png\",\"contentUrl\":\"https:\/\/www.cofb.org\/wp-content\/uploads\/2023\/11\/cropped-Logotip-COFB.png\",\"width\":500,\"height\":105,\"caption\":\"Col\u00b7legi de Farmac\u00e8utics de Barcelona\"},\"image\":{\"@id\":\"https:\/\/www.cofb.org\/#\/schema\/logo\/image\/\"},\"sameAs\":[\"https:\/\/www.facebook.com\/farmaceuticsbcn\/\",\"https:\/\/twitter.com\/farmaceuticsbcn\",\"https:\/\/www.instagram.com\/farmaceuticsbcn\/\",\"https:\/\/www.linkedin.com\/company\/farmaceuticsbcn\/\"]}]}<\/script>\n<!-- \/ Yoast SEO plugin. -->","yoast_head_json":{"title":"Radars - Col\u00b7legi de Farmac\u00e8utics de Barcelona","robots":{"index":"index","follow":"follow","max-snippet":"max-snippet:-1","max-image-preview":"max-image-preview:large","max-video-preview":"max-video-preview:-1"},"canonical":"https:\/\/www.cofb.org\/es\/que-oferim\/ciutadans\/serveis-a-la-poblacio\/radars\/","og_locale":"es_ES","og_type":"article","og_title":"Radars - Col\u00b7legi de Farmac\u00e8utics de Barcelona","og_description":"Qu\u00e8 \u00e9s el projecte radars? RADARS \u00e9s un&nbsp;projecte d\u2019acci\u00f3 comunit\u00e0ria a la ciutat de Barcelona&nbsp;liderat per l\u2019Ajuntament de Barcelona mitjan\u00e7ant&nbsp;els Serveis Socials de cada barri. Quin objectiu t\u00e9? El projecte RADARS d\u2019acci\u00f3 comunit\u00e0ria contempla diferents&nbsp;activitats adre\u00e7ades a identificar persones grans amb risc d\u2019a\u00efllament i exclusi\u00f3 social&nbsp;que viuen soles o acompanyades [&hellip;]","og_url":"https:\/\/www.cofb.org\/es\/que-oferim\/ciutadans\/serveis-a-la-poblacio\/radars\/","og_site_name":"Col\u00b7legi de Farmac\u00e8utics de Barcelona","article_publisher":"https:\/\/www.facebook.com\/farmaceuticsbcn\/","article_modified_time":"2024-08-22T12:25:16+00:00","og_image":[{"url":"https:\/\/www.cofb.org\/wp-content\/uploads\/2023\/09\/radars-cartell-1-435x1024.jpg"}],"twitter_card":"summary_large_image","twitter_site":"@farmaceuticsbcn","twitter_misc":{"Tiempo de lectura":"3 minutos"},"schema":{"@context":"https:\/\/schema.org","@graph":[{"@type":"WebPage","@id":"https:\/\/www.cofb.org\/que-oferim\/ciutadans\/serveis-a-la-poblacio\/radars\/","url":"https:\/\/www.cofb.org\/que-oferim\/ciutadans\/serveis-a-la-poblacio\/radars\/","name":"Radars - Col\u00b7legi de Farmac\u00e8utics de Barcelona","isPartOf":{"@id":"https:\/\/www.cofb.org\/#website"},"primaryImageOfPage":{"@id":"https:\/\/www.cofb.org\/que-oferim\/ciutadans\/serveis-a-la-poblacio\/radars\/#primaryimage"},"image":{"@id":"https:\/\/www.cofb.org\/que-oferim\/ciutadans\/serveis-a-la-poblacio\/radars\/#primaryimage"},"thumbnailUrl":"https:\/\/www.cofb.org\/wp-content\/uploads\/2023\/09\/radars-cartell-1-435x1024.jpg","datePublished":"2023-07-26T11:35:17+00:00","dateModified":"2024-08-22T12:25:16+00:00","breadcrumb":{"@id":"https:\/\/www.cofb.org\/que-oferim\/ciutadans\/serveis-a-la-poblacio\/radars\/#breadcrumb"},"inLanguage":"es","potentialAction":[{"@type":"ReadAction","target":["https:\/\/www.cofb.org\/que-oferim\/ciutadans\/serveis-a-la-poblacio\/radars\/"]}]},{"@type":"ImageObject","inLanguage":"es","@id":"https:\/\/www.cofb.org\/que-oferim\/ciutadans\/serveis-a-la-poblacio\/radars\/#primaryimage","url":"https:\/\/www.cofb.org\/wp-content\/uploads\/2023\/09\/radars-cartell-1-435x1024.jpg","contentUrl":"https:\/\/www.cofb.org\/wp-content\/uploads\/2023\/09\/radars-cartell-1-435x1024.jpg"},{"@type":"BreadcrumbList","@id":"https:\/\/www.cofb.org\/que-oferim\/ciutadans\/serveis-a-la-poblacio\/radars\/#breadcrumb","itemListElement":[{"@type":"ListItem","position":1,"name":"Inici","item":"https:\/\/novaorg.cofb.net\/"},{"@type":"ListItem","position":2,"name":"Qu\u00e8 oferim?","item":"https:\/\/novaorg.cofb.net\/que-oferim\/"},{"@type":"ListItem","position":3,"name":"Ciutadans","item":"https:\/\/novaorg.cofb.net\/que-oferim\/ciutadans\/"},{"@type":"ListItem","position":4,"name":"Serveis a la poblaci\u00f3","item":"https:\/\/www.cofb.org\/que-oferim\/ciutadans\/serveis-a-la-poblacio\/"},{"@type":"ListItem","position":5,"name":"Radars"}]},{"@type":"WebSite","@id":"https:\/\/www.cofb.org\/#website","url":"https:\/\/www.cofb.org\/","name":"Col\u00b7legi de Farmac\u00e8utics de Barcelona","description":"","publisher":{"@id":"https:\/\/www.cofb.org\/#organization"},"potentialAction":[{"@type":"SearchAction","target":{"@type":"EntryPoint","urlTemplate":"https:\/\/www.cofb.org\/?s={search_term_string}"},"query-input":"required name=search_term_string"}],"inLanguage":"es"},{"@type":"Organization","@id":"https:\/\/www.cofb.org\/#organization","name":"Col\u00b7legi de Farmac\u00e8utics de Barcelona","url":"https:\/\/www.cofb.org\/","logo":{"@type":"ImageObject","inLanguage":"es","@id":"https:\/\/www.cofb.org\/#\/schema\/logo\/image\/","url":"https:\/\/www.cofb.org\/wp-content\/uploads\/2023\/11\/cropped-Logotip-COFB.png","contentUrl":"https:\/\/www.cofb.org\/wp-content\/uploads\/2023\/11\/cropped-Logotip-COFB.png","width":500,"height":105,"caption":"Col\u00b7legi de Farmac\u00e8utics de Barcelona"},"image":{"@id":"https:\/\/www.cofb.org\/#\/schema\/logo\/image\/"},"sameAs":["https:\/\/www.facebook.com\/farmaceuticsbcn\/","https:\/\/twitter.com\/farmaceuticsbcn","https:\/\/www.instagram.com\/farmaceuticsbcn\/","https:\/\/www.linkedin.com\/company\/farmaceuticsbcn\/"]}]}},"uagb_featured_image_src":{"full":false,"thumbnail":false,"medium":false,"medium_large":false,"large":false,"1536x1536":false,"2048x2048":false,"trp-custom-language-flag":false},"uagb_author_info":{"display_name":"wpAdminCofbOrg","author_link":"https:\/\/www.cofb.org\/es\/author\/wpadmincofborg\/"},"uagb_comment_info":0,"uagb_excerpt":"Qu\u00e8 \u00e9s el projecte radars? RADARS \u00e9s un&nbsp;projecte d\u2019acci\u00f3 comunit\u00e0ria a la ciutat de Barcelona&nbsp;liderat per l\u2019Ajuntament de Barcelona mitjan\u00e7ant&nbsp;els Serveis Socials de cada barri. Quin objectiu t\u00e9? El projecte RADARS d\u2019acci\u00f3 comunit\u00e0ria contempla diferents&nbsp;activitats adre\u00e7ades a identificar persones grans amb risc d\u2019a\u00efllament i exclusi\u00f3 social&nbsp;que viuen soles o acompanyades [&hellip;]","_links":{"self":[{"href":"https:\/\/www.cofb.org\/es\/wp-json\/wp\/v2\/pages\/67634","targetHints":{"allow":["GET"]}}],"collection":[{"href":"https:\/\/www.cofb.org\/es\/wp-json\/wp\/v2\/pages"}],"about":[{"href":"https:\/\/www.cofb.org\/es\/wp-json\/wp\/v2\/types\/page"}],"author":[{"embeddable":true,"href":"https:\/\/www.cofb.org\/es\/wp-json\/wp\/v2\/users\/1"}],"replies":[{"embeddable":true,"href":"https:\/\/www.cofb.org\/es\/wp-json\/wp\/v2\/comments?post=67634"}],"version-history":[{"count":6,"href":"https:\/\/www.cofb.org\/es\/wp-json\/wp\/v2\/pages\/67634\/revisions"}],"predecessor-version":[{"id":79383,"href":"https:\/\/www.cofb.org\/es\/wp-json\/wp\/v2\/pages\/67634\/revisions\/79383"}],"up":[{"embeddable":true,"href":"https:\/\/www.cofb.org\/es\/wp-json\/wp\/v2\/pages\/2951"}],"wp:attachment":[{"href":"https:\/\/www.cofb.org\/es\/wp-json\/wp\/v2\/media?parent=67634"}],"curies":[{"name":"wp","href":"https:\/\/api.w.org\/{rel}","templated":true}]}}