{"id":67544,"date":"2023-07-26T10:20:32","date_gmt":"2023-07-26T10:20:32","guid":{"rendered":"https:\/\/novaorg.cofb.net\/?page_id=67544"},"modified":"2026-01-14T14:02:01","modified_gmt":"2026-01-14T14:02:01","slug":"programa-deducacio-sanitaria-pel-bon-us-dels-medicaments","status":"publish","type":"page","link":"https:\/\/www.cofb.org\/es\/que-oferim\/ciutadans\/serveis-a-la-poblacio\/programa-deducacio-sanitaria-pel-bon-us-dels-medicaments\/","title":{"rendered":"Programa de educaci\u00f3n sanitaria para el buen uso de los medicamentos"},"content":{"rendered":"<div class=\"wp-block-uagb-image uagb-block-64ec559e wp-block-uagb-image--layout-default wp-block-uagb-image--effect-static wp-block-uagb-image--align-none\"><figure class=\"wp-block-uagb-image__figure\"><img loading=\"lazy\" decoding=\"async\" srcset=\"https:\/\/www.cofb.org\/wp-content\/uploads\/2023\/07\/bon-us-medicaments.jpg \" sizes=\"auto, (max-width: 480px) 150px\" src=\"https:\/\/www.cofb.org\/wp-content\/uploads\/2023\/07\/bon-us-medicaments.jpg\" alt=\"\" class=\"uag-image-67546\" width=\"800\" height=\"390\" title=\"\" role=\"img\"\/><\/figure><\/div>\n\n\n\n<h2 class=\"wp-block-heading\">\u00bfQu\u00e9 es el programa de educaci\u00f3n sanitaria en el buen uso de los medicamentos?<\/h2>\n\n\n\n<p id=\"yui_patched_v3_11_0_1_1690366472436_290\">El&nbsp;<strong>Programa de educaci\u00f3n sanitaria en el buen uso de los medicamentos (PESBUM)<\/strong>&nbsp;es una iniciativa que consta de&nbsp;<strong>charlas informativas impartidas por farmac\u00e9uticos comunitarios<\/strong>.<\/p>\n\n\n\n<h2 class=\"wp-block-heading\">\u00bfQu\u00e9 objetivo tiene? <\/h2>\n\n\n\n<p id=\"yui_patched_v3_11_0_1_1690366472436_299\"><strong>Aumentar el conocimiento sobre el uso de los medicamentos&nbsp;<\/strong>y mejorar las habilidades en su manejo.<\/p>\n\n\n\n<h2 class=\"wp-block-heading\">\u00bfC\u00f3mo funciona?<\/h2>\n\n\n\n<p id=\"yui_patched_v3_11_0_1_1690366472436_301\">El farmac\u00e9utico&nbsp;<strong>imparte las charlas en formato taller en los equipamientos de las entidades y organizaciones que lo soliciten,<\/strong>&nbsp;como pueden ser bibliotecas, locales comunitarios municipales, casales de la gente mayor, centros c\u00edvicos, centros de atenci\u00f3n primaria, o la propia farmacia, entre otros.<\/p>\n\n\n\n<p id=\"yui_patched_v3_11_0_1_1690366472436_303\">El Programa se enmarca en las\u00a0<strong>l\u00edneas estrat\u00e9gicas del CatSalut y del Plan de salud<\/strong>\u00a0y ofrece los siguientes temas:\u00a0<strong>\u201cQu\u00e9 saber de los antibi\u00f3ticos\u201d, \u201cQu\u00e9 saber del dolor\u201d, \u201cQu\u00e9 saber de la diabetes\u201d, \u201cQu\u00e9 saber de la hipercolesterolemia\u201d, \u201cQu\u00e9 saber de la hipertensi\u00f3n arterial\u201d, \u201cQu\u00e9 saber del insomnio\u201d\u00a0<\/strong>y\u00a0<strong>\u201cQu\u00e9 saber de la incontinencia urinaria\u201d, \u201cQu\u00e9 saber de las vacunas\u201d, \u201cQu\u00e9 saber de la enfermedad de Alzheimer\u201d, \u201cQu\u00e9 saber de la osteoporosis\u201d, y \u201cQu\u00e9 saber de la menopausia\u201d.<\/strong><\/p>\n\n\n\n<p id=\"yui_patched_v3_11_0_1_1690366472436_303\"><strong>\u00a0<\/strong>Aparte, ofrece\u00a0<strong>dos sesiones sobre la salud bucodental<\/strong>\u00a0y un ciclo de dos charlas: una primera con conceptos b\u00e1sicos sobre\u00a0<strong>&quot;El buen uso de los medicamentos&quot;<\/strong>\u00a0y una segunda sesi\u00f3n en formato taller sobre la\u00a0<strong>&quot;Importancia de seguir bien los tratamientos&quot;<\/strong>.<\/p>\n\n\n\n<p id=\"yui_patched_v3_11_0_1_1690366472436_306\">Las sesiones&nbsp;<strong>tienen una duraci\u00f3n aproximada de 45 minutos y la asistencia es voluntaria y sin coste alguno para los participantes<\/strong>. .<\/p>\n\n\n\n<p id=\"yui_patched_v3_11_0_1_1690366472436_309\">El PESBUM es fruto de la colaboraci\u00f3n entre el Consejo de Colegios Farmac\u00e9uticos de Catalunya y el CatSalut.<\/p>\n\n\n\n<h2 class=\"wp-block-heading\">\u00bfQu\u00e9 se ha logrado?<\/h2>\n\n\n\n<ul class=\"wp-block-list\">\n<li>En 2025 se han realizado\u00a0<strong>117 sesiones\u00a0<\/strong>en\u00a0<strong>20 poblaciones\u00a0<\/strong>(77 sesiones en Barcelona ciudad y 40 sesiones fuera de Barcelona), con un total de <strong>1.895 asistentes<\/strong> y <strong>43 formadores\/as<\/strong>.<\/li>\n<\/ul>\n\n\n\n<h2 class=\"wp-block-heading\">\u00bfD\u00f3nde se lleva a cabo?<\/h2>\n\n\n\n<p>Barcelona ciudad y provincia. <\/p>\n\n\n\n<h2 class=\"wp-block-heading\">Material de soporte<\/h2>\n\n\n\n<div class=\"wp-block-uagb-image uagb-block-82e93d26 wp-block-uagb-image--layout-default wp-block-uagb-image--effect-static wp-block-uagb-image--align-none\"><figure class=\"wp-block-uagb-image__figure\"><a class=\"\" href=\"https:\/\/www.cofb.org\/wp-content\/uploads\/2026\/01\/pesbum-2026.jpg\" target=\"_blank\" rel=\"noreferrer noopener\"><img loading=\"lazy\" decoding=\"async\" srcset=\"https:\/\/www.cofb.org\/wp-content\/uploads\/2026\/01\/pesbum-2026-724x1024.jpg ,https:\/\/www.cofb.org\/wp-content\/uploads\/2026\/01\/pesbum-2026.jpg 780w, https:\/\/www.cofb.org\/wp-content\/uploads\/2026\/01\/pesbum-2026.jpg 360w\" sizes=\"auto, (max-width: 480px) 150px\" src=\"https:\/\/www.cofb.org\/wp-content\/uploads\/2026\/01\/pesbum-2026-724x1024.jpg\" alt=\"\" class=\"uag-image-83837\" width=\"577\" height=\"833\" title=\"pesbum 2026\" role=\"img\"\/><\/a><\/figure><\/div>\n\n\n\n<h2 class=\"wp-block-heading\">M\u00e1s informaci\u00f3n<\/h2>\n\n\n\n<p class=\"icones\"><img decoding=\"async\" width=\"70\" height=\"70\" class=\"wp-image-67601\" style=\"width: 70px;\" src=\"https:\/\/www.cofb.org\/wp-content\/uploads\/2023\/07\/web-cofb-1.png\" alt=\"\">&nbsp;<a data-type=\"URL\" data-id=\"https:\/\/medicaments.gencat.cat\/ca\/ciutadania\/formacio\/programa-educacio-sanitaria-bon-us-medicaments\/index.html\" href=\"https:\/\/medicaments.gencat.cat\/ca\/ciutadania\/formacio\/programa-educacio-sanitaria-bon-us-medicaments\/index.html\">Enero<\/a><a data-type=\"URL\" data-id=\"https:\/\/medicaments.gencat.cat\/ca\/ciutadania\/formacio\/programa-educacio-sanitaria-bon-us-medicaments\/index.html\" href=\"https:\/\/medicaments.gencat.cat\/ca\/ciutadania\/formacio\/programa-educacio-sanitaria-bon-us-medicaments\/index.html\" target=\"_blank\" rel=\"noreferrer noopener\">alidad de Catalu\u00f1a<\/a><\/p>\n\n\n\n<h2 class=\"wp-block-heading\">Para reservar sesiones<\/h2>\n\n\n\n<p><a href=\"https:\/\/pesbum.cofb.net\/public\/registre-entitats\" data-type=\"URL\" data-id=\"https:\/\/pesbum.cofb.net\/public\/registre-entitats\" target=\"_blank\" rel=\"noreferrer noopener\">Reg\u00edstrate como Entidad colaboradora PESBUM<\/a><\/p>\n\n\n\n<p class=\"icones\"><img decoding=\"async\" width=\"150\" height=\"176\" class=\"wp-image-67596\" style=\"width: 150px;\" src=\"https:\/\/www.cofb.org\/wp-content\/uploads\/2023\/07\/logo-cofb-negre.jpg\" alt=\"\">&nbsp;Departamento de Formaci\u00f3n y Desarrollo Profesional del COFB<\/p>\n\n\n\n<p class=\"icones\"><img decoding=\"async\" width=\"70\" height=\"70\" class=\"wp-image-67631\" style=\"width: 70px;\" src=\"https:\/\/www.cofb.org\/wp-content\/uploads\/2023\/07\/Telefono.png\" alt=\"\">&nbsp;93 244 07 10 (ext. 2)<\/p>","protected":false},"excerpt":{"rendered":"<p>\u00bfQu\u00e9 es el programa de educaci\u00f3n sanitaria en el buen uso de los medicamentos? El Programa de educaci\u00f3n sanitaria en el buen uso de los medicamentos (PESBUM) es una iniciativa que consta de charlas informativas impartidas por farmac\u00e9uticos comunitarios. \u00bfQu\u00e9 objetivo tiene? Aumentar el conocimiento sobre el uso de los medicamentos y mejorar las habilidades en su manejo. C\u00f3mo [\u2026]<\/p>","protected":false},"author":1,"featured_media":0,"parent":2951,"menu_order":3,"comment_status":"closed","ping_status":"closed","template":"","meta":{"_uag_custom_page_level_css":"","site-sidebar-layout":"default","site-content-layout":"","ast-site-content-layout":"default","site-content-style":"default","site-sidebar-style":"default","ast-global-header-display":"","ast-banner-title-visibility":"","ast-main-header-display":"","ast-hfb-above-header-display":"","ast-hfb-below-header-display":"","ast-hfb-mobile-header-display":"","site-post-title":"","ast-breadcrumbs-content":"","ast-featured-img":"","footer-sml-layout":"","theme-transparent-header-meta":"","adv-header-id-meta":"","stick-header-meta":"","header-above-stick-meta":"","header-main-stick-meta":"","header-below-stick-meta":"","astra-migrate-meta-layouts":"set","ast-page-background-enabled":"default","ast-page-background-meta":{"desktop":{"background-color":"var(--ast-global-color-4)","background-image":"","background-repeat":"repeat","background-position":"center center","background-size":"auto","background-attachment":"scroll","background-type":"","background-media":"","overlay-type":"","overlay-color":"","overlay-opacity":"","overlay-gradient":""},"tablet":{"background-color":"","background-image":"","background-repeat":"repeat","background-position":"center center","background-size":"auto","background-attachment":"scroll","background-type":"","background-media":"","overlay-type":"","overlay-color":"","overlay-opacity":"","overlay-gradient":""},"mobile":{"background-color":"","background-image":"","background-repeat":"repeat","background-position":"center center","background-size":"auto","background-attachment":"scroll","background-type":"","background-media":"","overlay-type":"","overlay-color":"","overlay-opacity":"","overlay-gradient":""}},"ast-content-background-meta":{"desktop":{"background-color":"var(--ast-global-color-5)","background-image":"","background-repeat":"repeat","background-position":"center center","background-size":"auto","background-attachment":"scroll","background-type":"","background-media":"","overlay-type":"","overlay-color":"","overlay-opacity":"","overlay-gradient":""},"tablet":{"background-color":"var(--ast-global-color-5)","background-image":"","background-repeat":"repeat","background-position":"center center","background-size":"auto","background-attachment":"scroll","background-type":"","background-media":"","overlay-type":"","overlay-color":"","overlay-opacity":"","overlay-gradient":""},"mobile":{"background-color":"var(--ast-global-color-5)","background-image":"","background-repeat":"repeat","background-position":"center center","background-size":"auto","background-attachment":"scroll","background-type":"","background-media":"","overlay-type":"","overlay-color":"","overlay-opacity":"","overlay-gradient":""}},"footnotes":""},"class_list":["post-67544","page","type-page","status-publish","hentry"],"yoast_head":"<!-- This site is optimized with the Yoast SEO plugin v22.4 - https:\/\/yoast.com\/wordpress\/plugins\/seo\/ -->\n<title>Programa d&#039;educaci\u00f3 sanit\u00e0ria pel bon \u00fas dels medicaments - Col\u00b7legi de Farmac\u00e8utics de Barcelona<\/title>\n<meta name=\"robots\" content=\"index, follow, max-snippet:-1, max-image-preview:large, max-video-preview:-1\" \/>\n<link rel=\"canonical\" href=\"https:\/\/www.cofb.org\/es\/que-oferim\/ciutadans\/serveis-a-la-poblacio\/programa-deducacio-sanitaria-pel-bon-us-dels-medicaments\/\" \/>\n<meta property=\"og:locale\" content=\"es_ES\" \/>\n<meta property=\"og:type\" content=\"article\" \/>\n<meta property=\"og:title\" content=\"Programa d&#039;educaci\u00f3 sanit\u00e0ria pel bon \u00fas dels medicaments - Col\u00b7legi de Farmac\u00e8utics de Barcelona\" \/>\n<meta property=\"og:description\" content=\"Qu\u00e8 \u00e9s el programa d&#8217;educaci\u00f3 sanit\u00e0ria en el bon \u00fas dels medicaments? El&nbsp;Programa d\u2019educaci\u00f3 sanit\u00e0ria en el bon \u00fas dels medicaments (PESBUM)&nbsp;\u00e9s una iniciativa que consta de&nbsp;xerrades informatives impartides per farmac\u00e8utics comunitaris. Quin objectiu t\u00e9? Augmentar el coneixement sobre l\u2019\u00fas dels medicaments&nbsp;i millorar les habilitats en el seu maneig. Com [&hellip;]\" \/>\n<meta property=\"og:url\" content=\"https:\/\/www.cofb.org\/es\/que-oferim\/ciutadans\/serveis-a-la-poblacio\/programa-deducacio-sanitaria-pel-bon-us-dels-medicaments\/\" \/>\n<meta property=\"og:site_name\" content=\"Col\u00b7legi de Farmac\u00e8utics de Barcelona\" \/>\n<meta property=\"article:publisher\" content=\"https:\/\/www.facebook.com\/farmaceuticsbcn\/\" \/>\n<meta property=\"article:modified_time\" content=\"2026-01-14T14:02:01+00:00\" \/>\n<meta property=\"og:image\" content=\"https:\/\/www.cofb.org\/wp-content\/uploads\/2023\/07\/bon-us-medicaments.jpg\" \/>\n<meta name=\"twitter:card\" content=\"summary_large_image\" \/>\n<meta name=\"twitter:site\" content=\"@farmaceuticsbcn\" \/>\n<meta name=\"twitter:label1\" content=\"Tiempo de lectura\" \/>\n\t<meta name=\"twitter:data1\" content=\"3 minutos\" \/>\n<script type=\"application\/ld+json\" class=\"yoast-schema-graph\">{\"@context\":\"https:\/\/schema.org\",\"@graph\":[{\"@type\":\"WebPage\",\"@id\":\"https:\/\/www.cofb.org\/que-oferim\/ciutadans\/serveis-a-la-poblacio\/programa-deducacio-sanitaria-pel-bon-us-dels-medicaments\/\",\"url\":\"https:\/\/www.cofb.org\/que-oferim\/ciutadans\/serveis-a-la-poblacio\/programa-deducacio-sanitaria-pel-bon-us-dels-medicaments\/\",\"name\":\"Programa d'educaci\u00f3 sanit\u00e0ria pel bon \u00fas dels medicaments - Col\u00b7legi de Farmac\u00e8utics de Barcelona\",\"isPartOf\":{\"@id\":\"https:\/\/www.cofb.org\/#website\"},\"primaryImageOfPage\":{\"@id\":\"https:\/\/www.cofb.org\/que-oferim\/ciutadans\/serveis-a-la-poblacio\/programa-deducacio-sanitaria-pel-bon-us-dels-medicaments\/#primaryimage\"},\"image\":{\"@id\":\"https:\/\/www.cofb.org\/que-oferim\/ciutadans\/serveis-a-la-poblacio\/programa-deducacio-sanitaria-pel-bon-us-dels-medicaments\/#primaryimage\"},\"thumbnailUrl\":\"https:\/\/www.cofb.org\/wp-content\/uploads\/2023\/07\/bon-us-medicaments.jpg\",\"datePublished\":\"2023-07-26T10:20:32+00:00\",\"dateModified\":\"2026-01-14T14:02:01+00:00\",\"breadcrumb\":{\"@id\":\"https:\/\/www.cofb.org\/que-oferim\/ciutadans\/serveis-a-la-poblacio\/programa-deducacio-sanitaria-pel-bon-us-dels-medicaments\/#breadcrumb\"},\"inLanguage\":\"es\",\"potentialAction\":[{\"@type\":\"ReadAction\",\"target\":[\"https:\/\/www.cofb.org\/que-oferim\/ciutadans\/serveis-a-la-poblacio\/programa-deducacio-sanitaria-pel-bon-us-dels-medicaments\/\"]}]},{\"@type\":\"ImageObject\",\"inLanguage\":\"es\",\"@id\":\"https:\/\/www.cofb.org\/que-oferim\/ciutadans\/serveis-a-la-poblacio\/programa-deducacio-sanitaria-pel-bon-us-dels-medicaments\/#primaryimage\",\"url\":\"https:\/\/www.cofb.org\/wp-content\/uploads\/2023\/07\/bon-us-medicaments.jpg\",\"contentUrl\":\"https:\/\/www.cofb.org\/wp-content\/uploads\/2023\/07\/bon-us-medicaments.jpg\"},{\"@type\":\"BreadcrumbList\",\"@id\":\"https:\/\/www.cofb.org\/que-oferim\/ciutadans\/serveis-a-la-poblacio\/programa-deducacio-sanitaria-pel-bon-us-dels-medicaments\/#breadcrumb\",\"itemListElement\":[{\"@type\":\"ListItem\",\"position\":1,\"name\":\"Inici\",\"item\":\"https:\/\/novaorg.cofb.net\/\"},{\"@type\":\"ListItem\",\"position\":2,\"name\":\"Qu\u00e8 oferim?\",\"item\":\"https:\/\/novaorg.cofb.net\/que-oferim\/\"},{\"@type\":\"ListItem\",\"position\":3,\"name\":\"Ciutadans\",\"item\":\"https:\/\/novaorg.cofb.net\/que-oferim\/ciutadans\/\"},{\"@type\":\"ListItem\",\"position\":4,\"name\":\"Serveis a la poblaci\u00f3\",\"item\":\"https:\/\/www.cofb.org\/que-oferim\/ciutadans\/serveis-a-la-poblacio\/\"},{\"@type\":\"ListItem\",\"position\":5,\"name\":\"Programa d&#8217;educaci\u00f3 sanit\u00e0ria pel bon \u00fas dels medicaments\"}]},{\"@type\":\"WebSite\",\"@id\":\"https:\/\/www.cofb.org\/#website\",\"url\":\"https:\/\/www.cofb.org\/\",\"name\":\"Col\u00b7legi de Farmac\u00e8utics de Barcelona\",\"description\":\"\",\"publisher\":{\"@id\":\"https:\/\/www.cofb.org\/#organization\"},\"potentialAction\":[{\"@type\":\"SearchAction\",\"target\":{\"@type\":\"EntryPoint\",\"urlTemplate\":\"https:\/\/www.cofb.org\/?s={search_term_string}\"},\"query-input\":\"required name=search_term_string\"}],\"inLanguage\":\"es\"},{\"@type\":\"Organization\",\"@id\":\"https:\/\/www.cofb.org\/#organization\",\"name\":\"Col\u00b7legi de Farmac\u00e8utics de Barcelona\",\"url\":\"https:\/\/www.cofb.org\/\",\"logo\":{\"@type\":\"ImageObject\",\"inLanguage\":\"es\",\"@id\":\"https:\/\/www.cofb.org\/#\/schema\/logo\/image\/\",\"url\":\"https:\/\/www.cofb.org\/wp-content\/uploads\/2023\/11\/cropped-Logotip-COFB.png\",\"contentUrl\":\"https:\/\/www.cofb.org\/wp-content\/uploads\/2023\/11\/cropped-Logotip-COFB.png\",\"width\":500,\"height\":105,\"caption\":\"Col\u00b7legi de Farmac\u00e8utics de Barcelona\"},\"image\":{\"@id\":\"https:\/\/www.cofb.org\/#\/schema\/logo\/image\/\"},\"sameAs\":[\"https:\/\/www.facebook.com\/farmaceuticsbcn\/\",\"https:\/\/twitter.com\/farmaceuticsbcn\",\"https:\/\/www.instagram.com\/farmaceuticsbcn\/\",\"https:\/\/www.linkedin.com\/company\/farmaceuticsbcn\/\"]}]}<\/script>\n<!-- \/ Yoast SEO plugin. -->","yoast_head_json":{"title":"Programa d'educaci\u00f3 sanit\u00e0ria pel bon \u00fas dels medicaments - Col\u00b7legi de Farmac\u00e8utics de Barcelona","robots":{"index":"index","follow":"follow","max-snippet":"max-snippet:-1","max-image-preview":"max-image-preview:large","max-video-preview":"max-video-preview:-1"},"canonical":"https:\/\/www.cofb.org\/es\/que-oferim\/ciutadans\/serveis-a-la-poblacio\/programa-deducacio-sanitaria-pel-bon-us-dels-medicaments\/","og_locale":"es_ES","og_type":"article","og_title":"Programa d'educaci\u00f3 sanit\u00e0ria pel bon \u00fas dels medicaments - Col\u00b7legi de Farmac\u00e8utics de Barcelona","og_description":"Qu\u00e8 \u00e9s el programa d&#8217;educaci\u00f3 sanit\u00e0ria en el bon \u00fas dels medicaments? El&nbsp;Programa d\u2019educaci\u00f3 sanit\u00e0ria en el bon \u00fas dels medicaments (PESBUM)&nbsp;\u00e9s una iniciativa que consta de&nbsp;xerrades informatives impartides per farmac\u00e8utics comunitaris. Quin objectiu t\u00e9? Augmentar el coneixement sobre l\u2019\u00fas dels medicaments&nbsp;i millorar les habilitats en el seu maneig. Com [&hellip;]","og_url":"https:\/\/www.cofb.org\/es\/que-oferim\/ciutadans\/serveis-a-la-poblacio\/programa-deducacio-sanitaria-pel-bon-us-dels-medicaments\/","og_site_name":"Col\u00b7legi de Farmac\u00e8utics de Barcelona","article_publisher":"https:\/\/www.facebook.com\/farmaceuticsbcn\/","article_modified_time":"2026-01-14T14:02:01+00:00","og_image":[{"url":"https:\/\/www.cofb.org\/wp-content\/uploads\/2023\/07\/bon-us-medicaments.jpg"}],"twitter_card":"summary_large_image","twitter_site":"@farmaceuticsbcn","twitter_misc":{"Tiempo de lectura":"3 minutos"},"schema":{"@context":"https:\/\/schema.org","@graph":[{"@type":"WebPage","@id":"https:\/\/www.cofb.org\/que-oferim\/ciutadans\/serveis-a-la-poblacio\/programa-deducacio-sanitaria-pel-bon-us-dels-medicaments\/","url":"https:\/\/www.cofb.org\/que-oferim\/ciutadans\/serveis-a-la-poblacio\/programa-deducacio-sanitaria-pel-bon-us-dels-medicaments\/","name":"Programa d'educaci\u00f3 sanit\u00e0ria pel bon \u00fas dels medicaments - Col\u00b7legi de Farmac\u00e8utics de Barcelona","isPartOf":{"@id":"https:\/\/www.cofb.org\/#website"},"primaryImageOfPage":{"@id":"https:\/\/www.cofb.org\/que-oferim\/ciutadans\/serveis-a-la-poblacio\/programa-deducacio-sanitaria-pel-bon-us-dels-medicaments\/#primaryimage"},"image":{"@id":"https:\/\/www.cofb.org\/que-oferim\/ciutadans\/serveis-a-la-poblacio\/programa-deducacio-sanitaria-pel-bon-us-dels-medicaments\/#primaryimage"},"thumbnailUrl":"https:\/\/www.cofb.org\/wp-content\/uploads\/2023\/07\/bon-us-medicaments.jpg","datePublished":"2023-07-26T10:20:32+00:00","dateModified":"2026-01-14T14:02:01+00:00","breadcrumb":{"@id":"https:\/\/www.cofb.org\/que-oferim\/ciutadans\/serveis-a-la-poblacio\/programa-deducacio-sanitaria-pel-bon-us-dels-medicaments\/#breadcrumb"},"inLanguage":"es","potentialAction":[{"@type":"ReadAction","target":["https:\/\/www.cofb.org\/que-oferim\/ciutadans\/serveis-a-la-poblacio\/programa-deducacio-sanitaria-pel-bon-us-dels-medicaments\/"]}]},{"@type":"ImageObject","inLanguage":"es","@id":"https:\/\/www.cofb.org\/que-oferim\/ciutadans\/serveis-a-la-poblacio\/programa-deducacio-sanitaria-pel-bon-us-dels-medicaments\/#primaryimage","url":"https:\/\/www.cofb.org\/wp-content\/uploads\/2023\/07\/bon-us-medicaments.jpg","contentUrl":"https:\/\/www.cofb.org\/wp-content\/uploads\/2023\/07\/bon-us-medicaments.jpg"},{"@type":"BreadcrumbList","@id":"https:\/\/www.cofb.org\/que-oferim\/ciutadans\/serveis-a-la-poblacio\/programa-deducacio-sanitaria-pel-bon-us-dels-medicaments\/#breadcrumb","itemListElement":[{"@type":"ListItem","position":1,"name":"Inici","item":"https:\/\/novaorg.cofb.net\/"},{"@type":"ListItem","position":2,"name":"Qu\u00e8 oferim?","item":"https:\/\/novaorg.cofb.net\/que-oferim\/"},{"@type":"ListItem","position":3,"name":"Ciutadans","item":"https:\/\/novaorg.cofb.net\/que-oferim\/ciutadans\/"},{"@type":"ListItem","position":4,"name":"Serveis a la poblaci\u00f3","item":"https:\/\/www.cofb.org\/que-oferim\/ciutadans\/serveis-a-la-poblacio\/"},{"@type":"ListItem","position":5,"name":"Programa d&#8217;educaci\u00f3 sanit\u00e0ria pel bon \u00fas dels medicaments"}]},{"@type":"WebSite","@id":"https:\/\/www.cofb.org\/#website","url":"https:\/\/www.cofb.org\/","name":"Col\u00b7legi de Farmac\u00e8utics de Barcelona","description":"","publisher":{"@id":"https:\/\/www.cofb.org\/#organization"},"potentialAction":[{"@type":"SearchAction","target":{"@type":"EntryPoint","urlTemplate":"https:\/\/www.cofb.org\/?s={search_term_string}"},"query-input":"required name=search_term_string"}],"inLanguage":"es"},{"@type":"Organization","@id":"https:\/\/www.cofb.org\/#organization","name":"Col\u00b7legi de Farmac\u00e8utics de Barcelona","url":"https:\/\/www.cofb.org\/","logo":{"@type":"ImageObject","inLanguage":"es","@id":"https:\/\/www.cofb.org\/#\/schema\/logo\/image\/","url":"https:\/\/www.cofb.org\/wp-content\/uploads\/2023\/11\/cropped-Logotip-COFB.png","contentUrl":"https:\/\/www.cofb.org\/wp-content\/uploads\/2023\/11\/cropped-Logotip-COFB.png","width":500,"height":105,"caption":"Col\u00b7legi de Farmac\u00e8utics de Barcelona"},"image":{"@id":"https:\/\/www.cofb.org\/#\/schema\/logo\/image\/"},"sameAs":["https:\/\/www.facebook.com\/farmaceuticsbcn\/","https:\/\/twitter.com\/farmaceuticsbcn","https:\/\/www.instagram.com\/farmaceuticsbcn\/","https:\/\/www.linkedin.com\/company\/farmaceuticsbcn\/"]}]}},"uagb_featured_image_src":{"full":false,"thumbnail":false,"medium":false,"medium_large":false,"large":false,"1536x1536":false,"2048x2048":false,"trp-custom-language-flag":false},"uagb_author_info":{"display_name":"wpAdminCofbOrg","author_link":"https:\/\/www.cofb.org\/es\/author\/wpadmincofborg\/"},"uagb_comment_info":0,"uagb_excerpt":"Qu\u00e8 \u00e9s el programa d&#8217;educaci\u00f3 sanit\u00e0ria en el bon \u00fas dels medicaments? El&nbsp;Programa d\u2019educaci\u00f3 sanit\u00e0ria en el bon \u00fas dels medicaments (PESBUM)&nbsp;\u00e9s una iniciativa que consta de&nbsp;xerrades informatives impartides per farmac\u00e8utics comunitaris. Quin objectiu t\u00e9? Augmentar el coneixement sobre l\u2019\u00fas dels medicaments&nbsp;i millorar les habilitats en el seu maneig. Com [&hellip;]","_links":{"self":[{"href":"https:\/\/www.cofb.org\/es\/wp-json\/wp\/v2\/pages\/67544","targetHints":{"allow":["GET"]}}],"collection":[{"href":"https:\/\/www.cofb.org\/es\/wp-json\/wp\/v2\/pages"}],"about":[{"href":"https:\/\/www.cofb.org\/es\/wp-json\/wp\/v2\/types\/page"}],"author":[{"embeddable":true,"href":"https:\/\/www.cofb.org\/es\/wp-json\/wp\/v2\/users\/1"}],"replies":[{"embeddable":true,"href":"https:\/\/www.cofb.org\/es\/wp-json\/wp\/v2\/comments?post=67544"}],"version-history":[{"count":11,"href":"https:\/\/www.cofb.org\/es\/wp-json\/wp\/v2\/pages\/67544\/revisions"}],"predecessor-version":[{"id":83838,"href":"https:\/\/www.cofb.org\/es\/wp-json\/wp\/v2\/pages\/67544\/revisions\/83838"}],"up":[{"embeddable":true,"href":"https:\/\/www.cofb.org\/es\/wp-json\/wp\/v2\/pages\/2951"}],"wp:attachment":[{"href":"https:\/\/www.cofb.org\/es\/wp-json\/wp\/v2\/media?parent=67544"}],"curies":[{"name":"wp","href":"https:\/\/api.w.org\/{rel}","templated":true}]}}