{"id":67536,"date":"2023-07-26T10:14:02","date_gmt":"2023-07-26T10:14:02","guid":{"rendered":"https:\/\/novaorg.cofb.net\/?page_id=67536"},"modified":"2025-11-28T11:46:25","modified_gmt":"2025-11-28T11:46:25","slug":"programa-de-deteccio-precoc-del-cancer-de-colon-i-recte-pdpccr","status":"publish","type":"page","link":"https:\/\/www.cofb.org\/es\/que-oferim\/ciutadans\/serveis-a-la-poblacio\/programa-de-deteccio-precoc-del-cancer-de-colon-i-recte-pdpccr\/","title":{"rendered":"Programa de detecci\u00f3n precoz del c\u00e1ncer de colon y recto (PDPCCR)"},"content":{"rendered":"<p><iframe loading=\"lazy\" allow=\"accelerometer; autoplay; encrypted-media; gyroscope; picture-in-picture\" allowfullscreen=\"\" frameborder=\"0\" height=\"350\" src=\"https:\/\/www.youtube.com\/embed\/_R0lbZUKNwM\" width=\"100%\"><\/iframe><\/p>\n\n\n\n<h2 class=\"wp-block-heading\">\u00bfQu\u00e9 es el programa de detecci\u00f3n precoz del c\u00e1ncer de colon y recto (PDPCCR)<\/h2>\n\n\n\n<p>Se trata de un&nbsp;<strong>servicio para la detecci\u00f3n precoz del c\u00e1ncer de colon y recto mediante la b\u00fasqueda de sangre oculta en heces<\/strong>. En las provincias de Barcelona y Girona, la farmacia participa dando&nbsp;<strong>consejo farmac\u00e9utico&nbsp;<\/strong>por la prevenci\u00f3n del c\u00e1ncer de colon y recto,&nbsp;<strong>resolviendo consultas y dudas<\/strong>,&nbsp;<strong>detectando criterios de exclusi\u00f3n<\/strong>,&nbsp;<strong>facilitando los kits para tomar la muestra<\/strong>, donante&nbsp;<strong>informaci\u00f3n sobre la toma de muestra<\/strong>,&nbsp;<strong>verificando los datos del usuario<\/strong>,&nbsp;<strong>recogiendo las muestras<\/strong>&nbsp;y&nbsp;<strong>envi\u00e1ndolas al laboratorio de an\u00e1lisis<\/strong>.&nbsp;<\/p>\n\n\n\n<h2 class=\"wp-block-heading\">\u00bfQu\u00e9 objetivo tiene?<\/h2>\n\n\n\n<p id=\"yui_patched_v3_11_0_1_1690364506939_306\"><strong>Diagnosticar y tratar los casos de c\u00e1ncer de colon y recto lo antes posible<\/strong>&nbsp;para aumentar posibilidades de curaci\u00f3n, as\u00ed como<strong>&nbsp;incrementar la participaci\u00f3n de la poblaci\u00f3n diana del programa<\/strong>. El cribado permite&nbsp;<strong>detectar lesiones precancerosas&nbsp;<\/strong>e intervenir en las fases tempranas evitando su evoluci\u00f3n en estadios m\u00e1s avanzados donde la<strong>&nbsp;tasa de supervivencia es inferior y la mortalidad m\u00e1s elevada<\/strong>.<\/p>\n\n\n\n<h2 class=\"wp-block-heading\">\u00bfC\u00f3mo funciona?<\/h2>\n\n\n\n<p id=\"yui_patched_v3_11_0_1_1690364506939_315\">El&nbsp;<strong>cribado se organiza en rondas de 2 a\u00f1os<\/strong>&nbsp;y se invita a participar a toda la poblaci\u00f3n sana y asintom\u00e1tica entre 50 y 69 a\u00f1os. Desde las oficinas t\u00e9cnicas de cribado del territorio,&nbsp;<strong>se env\u00eda una carta invitando a participar a la poblaci\u00f3n que cumple los criterios de inclusi\u00f3n en el programa<\/strong>. Para poder realizar la prueba,&nbsp;<strong>se debe ir a la farmacia a buscar el kit del programa<\/strong>. Una vez recogida en casa la muestra,&nbsp;<strong>se devuelve el kit a la farmacia<\/strong>, que se encarga de enviarla al laboratorio de referencia para su an\u00e1lisis. Se trata de una&nbsp;<strong>prueba gratuita&nbsp;<\/strong>por el usuario, ya que se trata de un&nbsp;<strong>servicio concertado<\/strong>&nbsp;con el Departamento de Salud de la Generalidad de Catalu\u00f1a.&nbsp;<\/p>\n\n\n\n<div class=\"wp-block-uagb-image uagb-block-cc7c8501 wp-block-uagb-image--layout-default wp-block-uagb-image--effect-static wp-block-uagb-image--align-none\"><figure class=\"wp-block-uagb-image__figure\"><img decoding=\"async\" srcset=\"https:\/\/www.cofb.org\/wp-content\/uploads\/2023\/07\/programa-deteccio-cancer-colon.jpg \" sizes=\"auto, (max-width: 480px) 150px\" src=\"https:\/\/www.cofb.org\/wp-content\/uploads\/2023\/07\/programa-deteccio-cancer-colon.jpg\" alt=\"\" class=\"uag-image-67539\" width=\"840\" height=\"270\" title=\"\" loading=\"lazy\" role=\"img\"\/><\/figure><\/div>\n\n\n\n<h2 class=\"wp-block-heading\">\u00bfQu\u00e9 se ha logrado?<\/h2>\n\n\n\n<ul class=\"wp-block-list\">\n<li>Durante el\u00a0<strong>2024<\/strong>, han participado\u00a0<strong>370.401 <\/strong>usuarios y se han recogido\u00a0<strong>353.297\u00a0<\/strong>muestras. Han colaborado\u00a0<strong>1.741\u00a0<\/strong>farmacias y en total hay <strong>2.127 <\/strong>farmacias comunitarias adheridas al programa.<\/li>\n\n\n\n<li>Durante la primera d\u00e9cada del programa, se han&nbsp;<strong>diagnosticado cerca de 1.300 c\u00e1nceres invasivos<\/strong>&nbsp;y se han&nbsp;<strong>extirpado p\u00f3lipos con potencial de malignizaci\u00f3n a 15.500 personas<\/strong>. Se han enviado cerca de&nbsp;<strong>1,4 millones de invitaciones<\/strong>&nbsp;personales adem\u00e1s de&nbsp;<strong>566.000 personas<\/strong>, con&nbsp;<strong>una participaci\u00f3n de entorno el 50%<\/strong>, y en algunas \u00e1reas se ha llegado al 60%.<\/li>\n<\/ul>\n\n\n\n<h2 class=\"wp-block-heading\">\u00bfD\u00f3nde se lleva a cabo?<\/h2>\n\n\n\n<p id=\"yui_patched_v3_11_0_1_1690364506939_340\">Se lleva a cabo en las&nbsp;<strong>farmacias<\/strong>&nbsp;de la&nbsp;<strong>provincia de Barcelona<\/strong>, <strong>Gerona<\/strong> y ahora tambi\u00e9n <strong>Tarragona<\/strong>, mientras que en la provincia de <strong>Lleida <\/strong>se realiza a partir de los CAPs.<a href=\"mailto:projectes@cofb.net\"><\/a><\/p>\n\n\n\n<h2 class=\"wp-block-heading\">M\u00e1s informaci\u00f3n<\/h2>\n\n\n\n<p class=\"icones\"><img loading=\"lazy\" decoding=\"async\" width=\"150\" height=\"176\" class=\"wp-image-67596\" style=\"width: 150px;\" src=\"https:\/\/www.cofb.org\/wp-content\/uploads\/2023\/07\/logo-cofb-negre.jpg\" alt=\"\">&nbsp;Departamento de Formaci\u00f3n y Desarrollo Profesional del COFB<\/p>\n\n\n\n<p class=\"icones\"><img decoding=\"async\" alt=\"\" src=\"https:\/\/www.cofb.org\/documents\/10136\/1067764\/Correu.png\/69f7b5c4-3c19-447d-9ff6-25e8e46c97cf?t=1542018760660\">&nbsp;Correo electr\u00f3nico:&nbsp;<a href=\"mailto:projectes@cofb.net\">projectes@cofb.net<\/a><\/p>\n\n\n\n<p class=\"icones\"><img decoding=\"async\" src=\"https:\/\/www.cofb.org\/documents\/10136\/1067764\/Tel%C3%A9fono.png\/83de66f5-8867-4acf-ba6c-ea129dc67556?t=1542018738546\" alt=\"\">&nbsp;Tel\u00e9fono: 93 244 07 10 (ext. 2)<\/p>\n\n\n\n<p class=\"icones\"><img loading=\"lazy\" decoding=\"async\" width=\"70\" height=\"70\" class=\"wp-image-67601\" style=\"width: 70px;\" src=\"https:\/\/www.cofb.org\/wp-content\/uploads\/2023\/07\/web-cofb-1.png\" alt=\"\">&nbsp;<a href=\"https:\/\/www.farmaceuticonline.com\/serveis-addicionals\/programa-de-deteccio-precoc-de-cancer-de-colon-i-recte\/\" target=\"_blank\" rel=\"noreferrer noopener\">Farmaceuticonline<\/a>, <a data-type=\"URL\" data-id=\"https:\/\/www.prevenciocolonbcn.org\/ca\/\" href=\"https:\/\/www.prevenciocolonbcn.org\/ca\/\" target=\"_blank\" rel=\"noreferrer noopener\">p\u00e1gina web del programa<\/a> y <a data-type=\"URL\" data-id=\"https:\/\/www.tauli.cat\/tauli\/cdcdcir\" href=\"https:\/\/www.tauli.cat\/tauli\/cdcdcir\" target=\"_blank\" rel=\"noreferrer noopener\">apartado de la web del Hospital del Parc Taul\u00ed<\/a><\/p>\n\n\n\n<p class=\"icones\"><img loading=\"lazy\" decoding=\"async\" width=\"70\" height=\"70\" class=\"wp-image-67603\" style=\"width: 70px;\" src=\"https:\/\/www.cofb.org\/wp-content\/uploads\/2023\/07\/pantalla.png\" alt=\"\">&nbsp;<a href=\"https:\/\/www.cofb.org\/es\/2015\/10\/27\/el-programa-de-deteccio-precoc-del-cancer-de-colon-sesten-a-tota-la-provincia-de-barcelona-amb-la-implicacio-de-les-farmacies\/\" target=\"_blank\" rel=\"noreferrer noopener\">Blog del COFB<\/a><\/p>","protected":false},"excerpt":{"rendered":"<p>Qu\u00e9 es el programa de detecci\u00f3n precoz del c\u00e1ncer de colon y recto (PDPCCR) Se trata de un servicio para la detecci\u00f3n precoz del c\u00e1ncer de colon y recto mediante la b\u00fasqueda de sangre oculta en heces. En las provincias de Barcelona y Girona, la farmacia participa dando consejo farmac\u00e9utico para la prevenci\u00f3n del [\u2026]<\/p>","protected":false},"author":1,"featured_media":0,"parent":2951,"menu_order":2,"comment_status":"closed","ping_status":"closed","template":"","meta":{"_uag_custom_page_level_css":"","site-sidebar-layout":"default","site-content-layout":"","ast-site-content-layout":"default","site-content-style":"default","site-sidebar-style":"default","ast-global-header-display":"","ast-banner-title-visibility":"","ast-main-header-display":"","ast-hfb-above-header-display":"","ast-hfb-below-header-display":"","ast-hfb-mobile-header-display":"","site-post-title":"","ast-breadcrumbs-content":"","ast-featured-img":"","footer-sml-layout":"","theme-transparent-header-meta":"","adv-header-id-meta":"","stick-header-meta":"","header-above-stick-meta":"","header-main-stick-meta":"","header-below-stick-meta":"","astra-migrate-meta-layouts":"set","ast-page-background-enabled":"default","ast-page-background-meta":{"desktop":{"background-color":"var(--ast-global-color-4)","background-image":"","background-repeat":"repeat","background-position":"center center","background-size":"auto","background-attachment":"scroll","background-type":"","background-media":"","overlay-type":"","overlay-color":"","overlay-opacity":"","overlay-gradient":""},"tablet":{"background-color":"","background-image":"","background-repeat":"repeat","background-position":"center center","background-size":"auto","background-attachment":"scroll","background-type":"","background-media":"","overlay-type":"","overlay-color":"","overlay-opacity":"","overlay-gradient":""},"mobile":{"background-color":"","background-image":"","background-repeat":"repeat","background-position":"center center","background-size":"auto","background-attachment":"scroll","background-type":"","background-media":"","overlay-type":"","overlay-color":"","overlay-opacity":"","overlay-gradient":""}},"ast-content-background-meta":{"desktop":{"background-color":"var(--ast-global-color-5)","background-image":"","background-repeat":"repeat","background-position":"center center","background-size":"auto","background-attachment":"scroll","background-type":"","background-media":"","overlay-type":"","overlay-color":"","overlay-opacity":"","overlay-gradient":""},"tablet":{"background-color":"var(--ast-global-color-5)","background-image":"","background-repeat":"repeat","background-position":"center center","background-size":"auto","background-attachment":"scroll","background-type":"","background-media":"","overlay-type":"","overlay-color":"","overlay-opacity":"","overlay-gradient":""},"mobile":{"background-color":"var(--ast-global-color-5)","background-image":"","background-repeat":"repeat","background-position":"center center","background-size":"auto","background-attachment":"scroll","background-type":"","background-media":"","overlay-type":"","overlay-color":"","overlay-opacity":"","overlay-gradient":""}},"footnotes":""},"class_list":["post-67536","page","type-page","status-publish","hentry"],"yoast_head":"<!-- This site is optimized with the Yoast SEO plugin v22.4 - https:\/\/yoast.com\/wordpress\/plugins\/seo\/ -->\n<title>Programa de detecci\u00f3 preco\u00e7 del c\u00e0ncer de c\u00f2lon i recte (PDPCCR) - Col\u00b7legi de Farmac\u00e8utics de Barcelona<\/title>\n<meta name=\"robots\" content=\"index, follow, max-snippet:-1, max-image-preview:large, max-video-preview:-1\" \/>\n<link rel=\"canonical\" href=\"https:\/\/www.cofb.org\/es\/que-oferim\/ciutadans\/serveis-a-la-poblacio\/programa-de-deteccio-precoc-del-cancer-de-colon-i-recte-pdpccr\/\" \/>\n<meta property=\"og:locale\" content=\"es_ES\" \/>\n<meta property=\"og:type\" content=\"article\" \/>\n<meta property=\"og:title\" content=\"Programa de detecci\u00f3 preco\u00e7 del c\u00e0ncer de c\u00f2lon i recte (PDPCCR) - Col\u00b7legi de Farmac\u00e8utics de Barcelona\" \/>\n<meta property=\"og:description\" content=\"Qu\u00e8 \u00e9s el programa de detecci\u00f3 preco\u00e7 del c\u00e0ncer de c\u00f2lon i recte (PDPCCR) Es tracta d&#8217;un&nbsp;servei&nbsp;per la detecci\u00f3 preco\u00e7 del c\u00e0ncer de c\u00f2lon&nbsp;i recte mitjan\u00e7ant la cerca de sang oculta en femta. A les prov\u00edncies de Barcelona i Girona, la farm\u00e0cia participa donant&nbsp;consell farmac\u00e8utic&nbsp;per la prevenci\u00f3 del c\u00e0ncer de [&hellip;]\" \/>\n<meta property=\"og:url\" content=\"https:\/\/www.cofb.org\/es\/que-oferim\/ciutadans\/serveis-a-la-poblacio\/programa-de-deteccio-precoc-del-cancer-de-colon-i-recte-pdpccr\/\" \/>\n<meta property=\"og:site_name\" content=\"Col\u00b7legi de Farmac\u00e8utics de Barcelona\" \/>\n<meta property=\"article:publisher\" content=\"https:\/\/www.facebook.com\/farmaceuticsbcn\/\" \/>\n<meta property=\"article:modified_time\" content=\"2025-11-28T11:46:25+00:00\" \/>\n<meta property=\"og:image\" content=\"https:\/\/www.cofb.org\/wp-content\/uploads\/2023\/07\/programa-deteccio-cancer-colon.jpg\" \/>\n<meta name=\"twitter:card\" content=\"summary_large_image\" \/>\n<meta name=\"twitter:site\" content=\"@farmaceuticsbcn\" \/>\n<meta name=\"twitter:label1\" content=\"Tiempo de lectura\" \/>\n\t<meta name=\"twitter:data1\" content=\"4 minutos\" \/>\n<script type=\"application\/ld+json\" class=\"yoast-schema-graph\">{\"@context\":\"https:\/\/schema.org\",\"@graph\":[{\"@type\":\"WebPage\",\"@id\":\"https:\/\/www.cofb.org\/que-oferim\/ciutadans\/serveis-a-la-poblacio\/programa-de-deteccio-precoc-del-cancer-de-colon-i-recte-pdpccr\/\",\"url\":\"https:\/\/www.cofb.org\/que-oferim\/ciutadans\/serveis-a-la-poblacio\/programa-de-deteccio-precoc-del-cancer-de-colon-i-recte-pdpccr\/\",\"name\":\"Programa de detecci\u00f3 preco\u00e7 del c\u00e0ncer de c\u00f2lon i recte (PDPCCR) - Col\u00b7legi de Farmac\u00e8utics de Barcelona\",\"isPartOf\":{\"@id\":\"https:\/\/www.cofb.org\/#website\"},\"primaryImageOfPage\":{\"@id\":\"https:\/\/www.cofb.org\/que-oferim\/ciutadans\/serveis-a-la-poblacio\/programa-de-deteccio-precoc-del-cancer-de-colon-i-recte-pdpccr\/#primaryimage\"},\"image\":{\"@id\":\"https:\/\/www.cofb.org\/que-oferim\/ciutadans\/serveis-a-la-poblacio\/programa-de-deteccio-precoc-del-cancer-de-colon-i-recte-pdpccr\/#primaryimage\"},\"thumbnailUrl\":\"https:\/\/www.cofb.org\/wp-content\/uploads\/2023\/07\/programa-deteccio-cancer-colon.jpg\",\"datePublished\":\"2023-07-26T10:14:02+00:00\",\"dateModified\":\"2025-11-28T11:46:25+00:00\",\"breadcrumb\":{\"@id\":\"https:\/\/www.cofb.org\/que-oferim\/ciutadans\/serveis-a-la-poblacio\/programa-de-deteccio-precoc-del-cancer-de-colon-i-recte-pdpccr\/#breadcrumb\"},\"inLanguage\":\"es\",\"potentialAction\":[{\"@type\":\"ReadAction\",\"target\":[\"https:\/\/www.cofb.org\/que-oferim\/ciutadans\/serveis-a-la-poblacio\/programa-de-deteccio-precoc-del-cancer-de-colon-i-recte-pdpccr\/\"]}]},{\"@type\":\"ImageObject\",\"inLanguage\":\"es\",\"@id\":\"https:\/\/www.cofb.org\/que-oferim\/ciutadans\/serveis-a-la-poblacio\/programa-de-deteccio-precoc-del-cancer-de-colon-i-recte-pdpccr\/#primaryimage\",\"url\":\"https:\/\/www.cofb.org\/wp-content\/uploads\/2023\/07\/programa-deteccio-cancer-colon.jpg\",\"contentUrl\":\"https:\/\/www.cofb.org\/wp-content\/uploads\/2023\/07\/programa-deteccio-cancer-colon.jpg\"},{\"@type\":\"BreadcrumbList\",\"@id\":\"https:\/\/www.cofb.org\/que-oferim\/ciutadans\/serveis-a-la-poblacio\/programa-de-deteccio-precoc-del-cancer-de-colon-i-recte-pdpccr\/#breadcrumb\",\"itemListElement\":[{\"@type\":\"ListItem\",\"position\":1,\"name\":\"Inici\",\"item\":\"https:\/\/novaorg.cofb.net\/\"},{\"@type\":\"ListItem\",\"position\":2,\"name\":\"Qu\u00e8 oferim?\",\"item\":\"https:\/\/novaorg.cofb.net\/que-oferim\/\"},{\"@type\":\"ListItem\",\"position\":3,\"name\":\"Ciutadans\",\"item\":\"https:\/\/novaorg.cofb.net\/que-oferim\/ciutadans\/\"},{\"@type\":\"ListItem\",\"position\":4,\"name\":\"Serveis a la poblaci\u00f3\",\"item\":\"https:\/\/www.cofb.org\/que-oferim\/ciutadans\/serveis-a-la-poblacio\/\"},{\"@type\":\"ListItem\",\"position\":5,\"name\":\"Programa de detecci\u00f3 preco\u00e7 del c\u00e0ncer de c\u00f2lon i recte (PDPCCR)\"}]},{\"@type\":\"WebSite\",\"@id\":\"https:\/\/www.cofb.org\/#website\",\"url\":\"https:\/\/www.cofb.org\/\",\"name\":\"Col\u00b7legi de Farmac\u00e8utics de Barcelona\",\"description\":\"\",\"publisher\":{\"@id\":\"https:\/\/www.cofb.org\/#organization\"},\"potentialAction\":[{\"@type\":\"SearchAction\",\"target\":{\"@type\":\"EntryPoint\",\"urlTemplate\":\"https:\/\/www.cofb.org\/?s={search_term_string}\"},\"query-input\":\"required name=search_term_string\"}],\"inLanguage\":\"es\"},{\"@type\":\"Organization\",\"@id\":\"https:\/\/www.cofb.org\/#organization\",\"name\":\"Col\u00b7legi de Farmac\u00e8utics de Barcelona\",\"url\":\"https:\/\/www.cofb.org\/\",\"logo\":{\"@type\":\"ImageObject\",\"inLanguage\":\"es\",\"@id\":\"https:\/\/www.cofb.org\/#\/schema\/logo\/image\/\",\"url\":\"https:\/\/www.cofb.org\/wp-content\/uploads\/2023\/11\/cropped-Logotip-COFB.png\",\"contentUrl\":\"https:\/\/www.cofb.org\/wp-content\/uploads\/2023\/11\/cropped-Logotip-COFB.png\",\"width\":500,\"height\":105,\"caption\":\"Col\u00b7legi de Farmac\u00e8utics de Barcelona\"},\"image\":{\"@id\":\"https:\/\/www.cofb.org\/#\/schema\/logo\/image\/\"},\"sameAs\":[\"https:\/\/www.facebook.com\/farmaceuticsbcn\/\",\"https:\/\/twitter.com\/farmaceuticsbcn\",\"https:\/\/www.instagram.com\/farmaceuticsbcn\/\",\"https:\/\/www.linkedin.com\/company\/farmaceuticsbcn\/\"]}]}<\/script>\n<!-- \/ Yoast SEO plugin. -->","yoast_head_json":{"title":"Programa de detecci\u00f3 preco\u00e7 del c\u00e0ncer de c\u00f2lon i recte (PDPCCR) - Col\u00b7legi de Farmac\u00e8utics de Barcelona","robots":{"index":"index","follow":"follow","max-snippet":"max-snippet:-1","max-image-preview":"max-image-preview:large","max-video-preview":"max-video-preview:-1"},"canonical":"https:\/\/www.cofb.org\/es\/que-oferim\/ciutadans\/serveis-a-la-poblacio\/programa-de-deteccio-precoc-del-cancer-de-colon-i-recte-pdpccr\/","og_locale":"es_ES","og_type":"article","og_title":"Programa de detecci\u00f3 preco\u00e7 del c\u00e0ncer de c\u00f2lon i recte (PDPCCR) - Col\u00b7legi de Farmac\u00e8utics de Barcelona","og_description":"Qu\u00e8 \u00e9s el programa de detecci\u00f3 preco\u00e7 del c\u00e0ncer de c\u00f2lon i recte (PDPCCR) Es tracta d&#8217;un&nbsp;servei&nbsp;per la detecci\u00f3 preco\u00e7 del c\u00e0ncer de c\u00f2lon&nbsp;i recte mitjan\u00e7ant la cerca de sang oculta en femta. A les prov\u00edncies de Barcelona i Girona, la farm\u00e0cia participa donant&nbsp;consell farmac\u00e8utic&nbsp;per la prevenci\u00f3 del c\u00e0ncer de [&hellip;]","og_url":"https:\/\/www.cofb.org\/es\/que-oferim\/ciutadans\/serveis-a-la-poblacio\/programa-de-deteccio-precoc-del-cancer-de-colon-i-recte-pdpccr\/","og_site_name":"Col\u00b7legi de Farmac\u00e8utics de Barcelona","article_publisher":"https:\/\/www.facebook.com\/farmaceuticsbcn\/","article_modified_time":"2025-11-28T11:46:25+00:00","og_image":[{"url":"https:\/\/www.cofb.org\/wp-content\/uploads\/2023\/07\/programa-deteccio-cancer-colon.jpg"}],"twitter_card":"summary_large_image","twitter_site":"@farmaceuticsbcn","twitter_misc":{"Tiempo de lectura":"4 minutos"},"schema":{"@context":"https:\/\/schema.org","@graph":[{"@type":"WebPage","@id":"https:\/\/www.cofb.org\/que-oferim\/ciutadans\/serveis-a-la-poblacio\/programa-de-deteccio-precoc-del-cancer-de-colon-i-recte-pdpccr\/","url":"https:\/\/www.cofb.org\/que-oferim\/ciutadans\/serveis-a-la-poblacio\/programa-de-deteccio-precoc-del-cancer-de-colon-i-recte-pdpccr\/","name":"Programa de detecci\u00f3 preco\u00e7 del c\u00e0ncer de c\u00f2lon i recte (PDPCCR) - Col\u00b7legi de Farmac\u00e8utics de Barcelona","isPartOf":{"@id":"https:\/\/www.cofb.org\/#website"},"primaryImageOfPage":{"@id":"https:\/\/www.cofb.org\/que-oferim\/ciutadans\/serveis-a-la-poblacio\/programa-de-deteccio-precoc-del-cancer-de-colon-i-recte-pdpccr\/#primaryimage"},"image":{"@id":"https:\/\/www.cofb.org\/que-oferim\/ciutadans\/serveis-a-la-poblacio\/programa-de-deteccio-precoc-del-cancer-de-colon-i-recte-pdpccr\/#primaryimage"},"thumbnailUrl":"https:\/\/www.cofb.org\/wp-content\/uploads\/2023\/07\/programa-deteccio-cancer-colon.jpg","datePublished":"2023-07-26T10:14:02+00:00","dateModified":"2025-11-28T11:46:25+00:00","breadcrumb":{"@id":"https:\/\/www.cofb.org\/que-oferim\/ciutadans\/serveis-a-la-poblacio\/programa-de-deteccio-precoc-del-cancer-de-colon-i-recte-pdpccr\/#breadcrumb"},"inLanguage":"es","potentialAction":[{"@type":"ReadAction","target":["https:\/\/www.cofb.org\/que-oferim\/ciutadans\/serveis-a-la-poblacio\/programa-de-deteccio-precoc-del-cancer-de-colon-i-recte-pdpccr\/"]}]},{"@type":"ImageObject","inLanguage":"es","@id":"https:\/\/www.cofb.org\/que-oferim\/ciutadans\/serveis-a-la-poblacio\/programa-de-deteccio-precoc-del-cancer-de-colon-i-recte-pdpccr\/#primaryimage","url":"https:\/\/www.cofb.org\/wp-content\/uploads\/2023\/07\/programa-deteccio-cancer-colon.jpg","contentUrl":"https:\/\/www.cofb.org\/wp-content\/uploads\/2023\/07\/programa-deteccio-cancer-colon.jpg"},{"@type":"BreadcrumbList","@id":"https:\/\/www.cofb.org\/que-oferim\/ciutadans\/serveis-a-la-poblacio\/programa-de-deteccio-precoc-del-cancer-de-colon-i-recte-pdpccr\/#breadcrumb","itemListElement":[{"@type":"ListItem","position":1,"name":"Inici","item":"https:\/\/novaorg.cofb.net\/"},{"@type":"ListItem","position":2,"name":"Qu\u00e8 oferim?","item":"https:\/\/novaorg.cofb.net\/que-oferim\/"},{"@type":"ListItem","position":3,"name":"Ciutadans","item":"https:\/\/novaorg.cofb.net\/que-oferim\/ciutadans\/"},{"@type":"ListItem","position":4,"name":"Serveis a la poblaci\u00f3","item":"https:\/\/www.cofb.org\/que-oferim\/ciutadans\/serveis-a-la-poblacio\/"},{"@type":"ListItem","position":5,"name":"Programa de detecci\u00f3 preco\u00e7 del c\u00e0ncer de c\u00f2lon i recte (PDPCCR)"}]},{"@type":"WebSite","@id":"https:\/\/www.cofb.org\/#website","url":"https:\/\/www.cofb.org\/","name":"Col\u00b7legi de Farmac\u00e8utics de Barcelona","description":"","publisher":{"@id":"https:\/\/www.cofb.org\/#organization"},"potentialAction":[{"@type":"SearchAction","target":{"@type":"EntryPoint","urlTemplate":"https:\/\/www.cofb.org\/?s={search_term_string}"},"query-input":"required name=search_term_string"}],"inLanguage":"es"},{"@type":"Organization","@id":"https:\/\/www.cofb.org\/#organization","name":"Col\u00b7legi de Farmac\u00e8utics de Barcelona","url":"https:\/\/www.cofb.org\/","logo":{"@type":"ImageObject","inLanguage":"es","@id":"https:\/\/www.cofb.org\/#\/schema\/logo\/image\/","url":"https:\/\/www.cofb.org\/wp-content\/uploads\/2023\/11\/cropped-Logotip-COFB.png","contentUrl":"https:\/\/www.cofb.org\/wp-content\/uploads\/2023\/11\/cropped-Logotip-COFB.png","width":500,"height":105,"caption":"Col\u00b7legi de Farmac\u00e8utics de Barcelona"},"image":{"@id":"https:\/\/www.cofb.org\/#\/schema\/logo\/image\/"},"sameAs":["https:\/\/www.facebook.com\/farmaceuticsbcn\/","https:\/\/twitter.com\/farmaceuticsbcn","https:\/\/www.instagram.com\/farmaceuticsbcn\/","https:\/\/www.linkedin.com\/company\/farmaceuticsbcn\/"]}]}},"uagb_featured_image_src":{"full":false,"thumbnail":false,"medium":false,"medium_large":false,"large":false,"1536x1536":false,"2048x2048":false,"trp-custom-language-flag":false},"uagb_author_info":{"display_name":"wpAdminCofbOrg","author_link":"https:\/\/www.cofb.org\/es\/author\/wpadmincofborg\/"},"uagb_comment_info":0,"uagb_excerpt":"Qu\u00e8 \u00e9s el programa de detecci\u00f3 preco\u00e7 del c\u00e0ncer de c\u00f2lon i recte (PDPCCR) Es tracta d&#8217;un&nbsp;servei&nbsp;per la detecci\u00f3 preco\u00e7 del c\u00e0ncer de c\u00f2lon&nbsp;i recte mitjan\u00e7ant la cerca de sang oculta en femta. A les prov\u00edncies de Barcelona i Girona, la farm\u00e0cia participa donant&nbsp;consell farmac\u00e8utic&nbsp;per la prevenci\u00f3 del c\u00e0ncer de [&hellip;]","_links":{"self":[{"href":"https:\/\/www.cofb.org\/es\/wp-json\/wp\/v2\/pages\/67536","targetHints":{"allow":["GET"]}}],"collection":[{"href":"https:\/\/www.cofb.org\/es\/wp-json\/wp\/v2\/pages"}],"about":[{"href":"https:\/\/www.cofb.org\/es\/wp-json\/wp\/v2\/types\/page"}],"author":[{"embeddable":true,"href":"https:\/\/www.cofb.org\/es\/wp-json\/wp\/v2\/users\/1"}],"replies":[{"embeddable":true,"href":"https:\/\/www.cofb.org\/es\/wp-json\/wp\/v2\/comments?post=67536"}],"version-history":[{"count":8,"href":"https:\/\/www.cofb.org\/es\/wp-json\/wp\/v2\/pages\/67536\/revisions"}],"predecessor-version":[{"id":83015,"href":"https:\/\/www.cofb.org\/es\/wp-json\/wp\/v2\/pages\/67536\/revisions\/83015"}],"up":[{"embeddable":true,"href":"https:\/\/www.cofb.org\/es\/wp-json\/wp\/v2\/pages\/2951"}],"wp:attachment":[{"href":"https:\/\/www.cofb.org\/es\/wp-json\/wp\/v2\/media?parent=67536"}],"curies":[{"name":"wp","href":"https:\/\/api.w.org\/{rel}","templated":true}]}}