{"id":67420,"date":"2023-07-25T11:11:34","date_gmt":"2023-07-25T11:11:34","guid":{"rendered":"https:\/\/novaorg.cofb.net\/?page_id=67420"},"modified":"2023-07-25T11:11:34","modified_gmt":"2023-07-25T11:11:34","slug":"un-espai-per-a-cada-necessitat","status":"publish","type":"page","link":"https:\/\/www.cofb.org\/es\/que-oferim\/empreses-entitats\/un-espai-per-a-cada-necessitat\/","title":{"rendered":"UN ESPACIO PARA CADA NECESIDAD"},"content":{"rendered":"<p><strong>Si desde tu empresa o entidad quieres organizar alguna actividad&nbsp;<\/strong>(formaciones, presentaciones, jornadas, simposios, reuniones, etc.)<strong>&nbsp;en el COFB encontrar\u00e1s tu espacio.<\/strong><\/p>\n\n\n\n<p class=\"translation-block\">Puedes descargar la informaci\u00f3n de las instalaciones en PDF.<\/p>\n\n\n\n<h2 class=\"wp-block-heading\">AULAS H\u00cdBRIDAS&nbsp;<\/h2>\n\n\n\n<p>Permiten organizar&nbsp;<strong>experiencias formativas innovadoras<\/strong>&nbsp;y&nbsp;<strong>de calidad<\/strong>, con asistentes presenciales y a distancia.<\/p>\n\n\n\n<p>Disponemos de una infraestructura y de un equipo humano especializado en herramientas digitales que nos permite realizar webinars y actividades h\u00edbridas con todas la garant\u00edas<\/p>\n\n\n\n<p>Posibilitan llevar a cabo&nbsp;<strong>actos formativos o presentaciones de 10 a 1.000 participantes<\/strong>. Ofrecen una experiencia docente m\u00e1s cercana a la de un aula convencional, puesto que la interacci\u00f3n de los profesores con los alumnos que est\u00e1n conectados es muy natural.&nbsp;<\/p>\n\n\n\n<p><a href=\"https:\/\/www.cofb.org\/es\/que-ofrecemos-entidades\/alquiler-instalaciones\/aula-hibrida\/\" target=\"_blank\" rel=\"noreferrer noopener\">Aula h\u00edbrida<\/a><\/p>\n\n\n\n<h2 class=\"wp-block-heading\">GRAN AFORO: SALA DE ACTOS<\/h2>\n\n\n\n<p>Con una capacidad para&nbsp;<strong>214 personas<\/strong>&nbsp;y equipada con la tecnolog\u00eda necesaria para desarrollar todo tipo de actos, esta sala es el espacio ideal para realizar&nbsp;<strong>conferencias, debates y cualquier acto de gran aforo.&nbsp;<\/strong><\/p>\n\n\n\n<p><a href=\"https:\/\/www.cofb.org\/es\/que-oferim\/entitats\/lloguer-dinstalacions\/sala-actes\/\" target=\"_blank\" rel=\"noreferrer noopener\">Sal\u00f3n de actos<\/a><\/p>\n\n\n\n<h2 class=\"wp-block-heading\">ENTRE 20 Y 75 PERSONAS: AULAS<\/h2>\n\n\n\n<p>Las aulas, equipadas con el&nbsp;<strong>material tecnol\u00f3gico<\/strong>&nbsp;y el&nbsp;<strong>mobiliario necesario<\/strong>, son espacios preparados para todo tipo de actividades formativas. Tienen una capacidad de&nbsp;<strong>hasta 75 personas<\/strong>.&nbsp;<\/p>\n\n\n\n<p><a href=\"https:\/\/www.cofb.org\/es\/que-oferim\/entitats\/lloguer-dinstalacions\/aula-a\/\" target=\"_blank\" rel=\"noreferrer noopener\">Aula A<\/a>&nbsp;&nbsp;<a href=\"https:\/\/www.cofb.org\/es\/que-oferim\/entitats\/lloguer-dinstalacions\/aula-c\/\" target=\"_blank\" rel=\"noreferrer noopener\">Aula C<\/a>&nbsp;&nbsp;<a href=\"https:\/\/www.cofb.org\/es\/que-oferim\/entitats\/lloguer-dinstalacions\/aula-b-c\/\" target=\"_blank\" rel=\"noreferrer noopener\">Aula B+C<\/a><\/p>\n\n\n\n<h2 class=\"wp-block-heading\">PARA GRUPOS REDUCIDOS: SALAS DE REUNIONES<\/h2>\n\n\n\n<p>Las salas de reuniones constituyen una soluci\u00f3n \u00f3ptima para&nbsp;<strong>grupos reducidos<\/strong>. Se trata de espacios con distintas capacidades y distribuciones que se adaptan a todos los requisitos de este tipo de actividades.<\/p>\n\n\n\n<p><a href=\"https:\/\/www.cofb.org\/es\/que-oferim\/entitats\/lloguer-dinstalacions\/sales-de-reunions\/\" target=\"_blank\" rel=\"noreferrer noopener\">Salas de reuniones<\/a><\/p>\n\n\n\n<h2 class=\"wp-block-heading\">RECIBIR INVITADOS, EXPONER PRODUCTOS O CATERING: ESPACIOS COMUNES<\/h2>\n\n\n\n<p>Las zonas de acceso y los espacios comunes del Col\u00b7legi, amplios y acogedores, son el lugar perfecto tanto para recibir invitados y exponer productos, como para hacer&nbsp;<em>coffee break<\/em>&nbsp;o para disfrutar de un servicio de c\u00f3ctel que acompa\u00f1e al acto organizado.<\/p>\n\n\n\n<p><a href=\"https:\/\/www.cofb.org\/es\/que-oferim\/entitats\/lloguer-dinstalacions\/espais-comuns\/\" target=\"_blank\" rel=\"noreferrer noopener\">Espacios comunes<\/a><\/p>\n\n\n\n<h2 class=\"wp-block-heading\">SERVICIOS ADICIONALES<\/h2>\n\n\n\n<p>Para completar el acto podemos facilitar la retransmisi\u00f3n v\u00eda&nbsp;<em>streaming<\/em>&nbsp;del evento y la grabaci\u00f3n del mismo. Asimismo, tambi\u00e9n podemos ofrecer la contrataci\u00f3n de personal auxiliar, de servicio de catering, traducci\u00f3n simult\u00e1nea y tecnolog\u00eda&nbsp;<em>ad hoc<\/em>&nbsp;para cualquier actividad.<\/p>\n\n\n\n<h2 class=\"wp-block-heading\">M\u00c1S INFORMACI\u00d3N<\/h2>\n\n\n\n<p>Departamento de Formaci\u00f3n y Desarrollo Profesional del COFB<\/p>\n\n\n\n<p><a href=\"mailto:institucions@cofb.net\">institucions@cofb.net<\/a><\/p>\n\n\n\n<p>93 244 07 10 (Ext. 108)<\/p>\n\n\n\n<p><a href=\"javascript: window.print()\"><\/a><\/p>","protected":false},"excerpt":{"rendered":"<p>Si desde tu empresa o entidad quieres organizar alguna actividad (formaciones, presentaciones, jornadas, simposios, reuniones, etc.) en el COFB encontrar\u00e1s tu espacio. Puedes descargar la informaci\u00f3n de las instalaciones en PDF. AULAS H\u00cdBRIDAS Permiten organizar experiencias formativas innovadoras y de calidad, con asistentes presenciales ya distancia. Disponemos de una infraestructura y de un equipo humano especializado [\u2026]<\/p>","protected":false},"author":1,"featured_media":0,"parent":2963,"menu_order":0,"comment_status":"closed","ping_status":"closed","template":"","meta":{"_uag_custom_page_level_css":"","site-sidebar-layout":"default","site-content-layout":"","ast-site-content-layout":"default","site-content-style":"default","site-sidebar-style":"default","ast-global-header-display":"","ast-banner-title-visibility":"","ast-main-header-display":"","ast-hfb-above-header-display":"","ast-hfb-below-header-display":"","ast-hfb-mobile-header-display":"","site-post-title":"","ast-breadcrumbs-content":"","ast-featured-img":"","footer-sml-layout":"","theme-transparent-header-meta":"","adv-header-id-meta":"","stick-header-meta":"","header-above-stick-meta":"","header-main-stick-meta":"","header-below-stick-meta":"","astra-migrate-meta-layouts":"default","ast-page-background-enabled":"default","ast-page-background-meta":{"desktop":{"background-color":"var(--ast-global-color-4)","background-image":"","background-repeat":"repeat","background-position":"center center","background-size":"auto","background-attachment":"scroll","background-type":"","background-media":"","overlay-type":"","overlay-color":"","overlay-opacity":"","overlay-gradient":""},"tablet":{"background-color":"","background-image":"","background-repeat":"repeat","background-position":"center center","background-size":"auto","background-attachment":"scroll","background-type":"","background-media":"","overlay-type":"","overlay-color":"","overlay-opacity":"","overlay-gradient":""},"mobile":{"background-color":"","background-image":"","background-repeat":"repeat","background-position":"center center","background-size":"auto","background-attachment":"scroll","background-type":"","background-media":"","overlay-type":"","overlay-color":"","overlay-opacity":"","overlay-gradient":""}},"ast-content-background-meta":{"desktop":{"background-color":"var(--ast-global-color-5)","background-image":"","background-repeat":"repeat","background-position":"center center","background-size":"auto","background-attachment":"scroll","background-type":"","background-media":"","overlay-type":"","overlay-color":"","overlay-opacity":"","overlay-gradient":""},"tablet":{"background-color":"var(--ast-global-color-5)","background-image":"","background-repeat":"repeat","background-position":"center center","background-size":"auto","background-attachment":"scroll","background-type":"","background-media":"","overlay-type":"","overlay-color":"","overlay-opacity":"","overlay-gradient":""},"mobile":{"background-color":"var(--ast-global-color-5)","background-image":"","background-repeat":"repeat","background-position":"center center","background-size":"auto","background-attachment":"scroll","background-type":"","background-media":"","overlay-type":"","overlay-color":"","overlay-opacity":"","overlay-gradient":""}},"footnotes":""},"class_list":["post-67420","page","type-page","status-publish","hentry"],"yoast_head":"<!-- This site is optimized with the Yoast SEO plugin v22.4 - https:\/\/yoast.com\/wordpress\/plugins\/seo\/ -->\n<title>UN ESPAI PER A CADA NECESSITAT - Col\u00b7legi de Farmac\u00e8utics de Barcelona<\/title>\n<meta name=\"robots\" content=\"index, follow, max-snippet:-1, max-image-preview:large, max-video-preview:-1\" \/>\n<link rel=\"canonical\" href=\"https:\/\/novaorg.cofb.net\/que-oferim\/empreses-entitats\/un-espai-per-a-cada-necessitat\/\" \/>\n<meta property=\"og:locale\" content=\"es_ES\" \/>\n<meta property=\"og:type\" content=\"article\" \/>\n<meta property=\"og:title\" content=\"UN ESPAI PER A CADA NECESSITAT - Col\u00b7legi de Farmac\u00e8utics de Barcelona\" \/>\n<meta property=\"og:description\" content=\"Si des de la teva empresa o entitat vols organitzar alguna activitat&nbsp;(formacions, presentacions, jornades, simposis, reunions, etc.)&nbsp;al COFB trobar\u00e0s el teu espai. Pots descarregar la&nbsp;informaci\u00f3 de les instal\u00b7lacions&nbsp;en PDF. AULES H\u00cdBRIDES&nbsp; Permeten organitzar&nbsp;experi\u00e8ncies formatives innovadores&nbsp;i&nbsp;de qualitat, amb assistents presencials i a dist\u00e0ncia. Disposem d&#8217;una infraestructura i d&#8217;un equip hum\u00e0 especialitzat [&hellip;]\" \/>\n<meta property=\"og:url\" content=\"https:\/\/novaorg.cofb.net\/que-oferim\/empreses-entitats\/un-espai-per-a-cada-necessitat\/\" \/>\n<meta property=\"og:site_name\" content=\"Col\u00b7legi de Farmac\u00e8utics de Barcelona\" \/>\n<meta property=\"article:publisher\" content=\"https:\/\/www.facebook.com\/farmaceuticsbcn\/\" \/>\n<meta name=\"twitter:card\" content=\"summary_large_image\" \/>\n<meta name=\"twitter:site\" content=\"@farmaceuticsbcn\" \/>\n<meta name=\"twitter:label1\" content=\"Tiempo de lectura\" \/>\n\t<meta name=\"twitter:data1\" content=\"2 minutos\" \/>\n<script type=\"application\/ld+json\" class=\"yoast-schema-graph\">{\"@context\":\"https:\/\/schema.org\",\"@graph\":[{\"@type\":\"WebPage\",\"@id\":\"https:\/\/novaorg.cofb.net\/que-oferim\/empreses-entitats\/un-espai-per-a-cada-necessitat\/\",\"url\":\"https:\/\/novaorg.cofb.net\/que-oferim\/empreses-entitats\/un-espai-per-a-cada-necessitat\/\",\"name\":\"UN ESPAI PER A CADA NECESSITAT - Col\u00b7legi de Farmac\u00e8utics de Barcelona\",\"isPartOf\":{\"@id\":\"https:\/\/www.cofb.org\/#website\"},\"datePublished\":\"2023-07-25T11:11:34+00:00\",\"dateModified\":\"2023-07-25T11:11:34+00:00\",\"breadcrumb\":{\"@id\":\"https:\/\/novaorg.cofb.net\/que-oferim\/empreses-entitats\/un-espai-per-a-cada-necessitat\/#breadcrumb\"},\"inLanguage\":\"es\",\"potentialAction\":[{\"@type\":\"ReadAction\",\"target\":[\"https:\/\/novaorg.cofb.net\/que-oferim\/empreses-entitats\/un-espai-per-a-cada-necessitat\/\"]}]},{\"@type\":\"BreadcrumbList\",\"@id\":\"https:\/\/novaorg.cofb.net\/que-oferim\/empreses-entitats\/un-espai-per-a-cada-necessitat\/#breadcrumb\",\"itemListElement\":[{\"@type\":\"ListItem\",\"position\":1,\"name\":\"Inici\",\"item\":\"https:\/\/novaorg.cofb.net\/\"},{\"@type\":\"ListItem\",\"position\":2,\"name\":\"Qu\u00e8 oferim?\",\"item\":\"https:\/\/novaorg.cofb.net\/que-oferim\/\"},{\"@type\":\"ListItem\",\"position\":3,\"name\":\"Empreses\/Entitats\",\"item\":\"https:\/\/novaorg.cofb.net\/que-oferim\/empreses-entitats\/\"},{\"@type\":\"ListItem\",\"position\":4,\"name\":\"UN ESPAI PER A CADA NECESSITAT\"}]},{\"@type\":\"WebSite\",\"@id\":\"https:\/\/www.cofb.org\/#website\",\"url\":\"https:\/\/www.cofb.org\/\",\"name\":\"Col\u00b7legi de Farmac\u00e8utics de Barcelona\",\"description\":\"\",\"publisher\":{\"@id\":\"https:\/\/www.cofb.org\/#organization\"},\"potentialAction\":[{\"@type\":\"SearchAction\",\"target\":{\"@type\":\"EntryPoint\",\"urlTemplate\":\"https:\/\/www.cofb.org\/?s={search_term_string}\"},\"query-input\":\"required name=search_term_string\"}],\"inLanguage\":\"es\"},{\"@type\":\"Organization\",\"@id\":\"https:\/\/www.cofb.org\/#organization\",\"name\":\"Col\u00b7legi de Farmac\u00e8utics de Barcelona\",\"url\":\"https:\/\/www.cofb.org\/\",\"logo\":{\"@type\":\"ImageObject\",\"inLanguage\":\"es\",\"@id\":\"https:\/\/www.cofb.org\/#\/schema\/logo\/image\/\",\"url\":\"https:\/\/www.cofb.org\/wp-content\/uploads\/2023\/11\/cropped-Logotip-COFB.png\",\"contentUrl\":\"https:\/\/www.cofb.org\/wp-content\/uploads\/2023\/11\/cropped-Logotip-COFB.png\",\"width\":500,\"height\":105,\"caption\":\"Col\u00b7legi de Farmac\u00e8utics de Barcelona\"},\"image\":{\"@id\":\"https:\/\/www.cofb.org\/#\/schema\/logo\/image\/\"},\"sameAs\":[\"https:\/\/www.facebook.com\/farmaceuticsbcn\/\",\"https:\/\/twitter.com\/farmaceuticsbcn\",\"https:\/\/www.instagram.com\/farmaceuticsbcn\/\",\"https:\/\/www.linkedin.com\/company\/farmaceuticsbcn\/\"]}]}<\/script>\n<!-- \/ Yoast SEO plugin. -->","yoast_head_json":{"title":"UN ESPAI PER A CADA NECESSITAT - Col\u00b7legi de Farmac\u00e8utics de Barcelona","robots":{"index":"index","follow":"follow","max-snippet":"max-snippet:-1","max-image-preview":"max-image-preview:large","max-video-preview":"max-video-preview:-1"},"canonical":"https:\/\/novaorg.cofb.net\/que-oferim\/empreses-entitats\/un-espai-per-a-cada-necessitat\/","og_locale":"es_ES","og_type":"article","og_title":"UN ESPAI PER A CADA NECESSITAT - Col\u00b7legi de Farmac\u00e8utics de Barcelona","og_description":"Si des de la teva empresa o entitat vols organitzar alguna activitat&nbsp;(formacions, presentacions, jornades, simposis, reunions, etc.)&nbsp;al COFB trobar\u00e0s el teu espai. Pots descarregar la&nbsp;informaci\u00f3 de les instal\u00b7lacions&nbsp;en PDF. AULES H\u00cdBRIDES&nbsp; Permeten organitzar&nbsp;experi\u00e8ncies formatives innovadores&nbsp;i&nbsp;de qualitat, amb assistents presencials i a dist\u00e0ncia. Disposem d&#8217;una infraestructura i d&#8217;un equip hum\u00e0 especialitzat [&hellip;]","og_url":"https:\/\/novaorg.cofb.net\/que-oferim\/empreses-entitats\/un-espai-per-a-cada-necessitat\/","og_site_name":"Col\u00b7legi de Farmac\u00e8utics de Barcelona","article_publisher":"https:\/\/www.facebook.com\/farmaceuticsbcn\/","twitter_card":"summary_large_image","twitter_site":"@farmaceuticsbcn","twitter_misc":{"Tiempo de lectura":"2 minutos"},"schema":{"@context":"https:\/\/schema.org","@graph":[{"@type":"WebPage","@id":"https:\/\/novaorg.cofb.net\/que-oferim\/empreses-entitats\/un-espai-per-a-cada-necessitat\/","url":"https:\/\/novaorg.cofb.net\/que-oferim\/empreses-entitats\/un-espai-per-a-cada-necessitat\/","name":"UN ESPAI PER A CADA NECESSITAT - Col\u00b7legi de Farmac\u00e8utics de Barcelona","isPartOf":{"@id":"https:\/\/www.cofb.org\/#website"},"datePublished":"2023-07-25T11:11:34+00:00","dateModified":"2023-07-25T11:11:34+00:00","breadcrumb":{"@id":"https:\/\/novaorg.cofb.net\/que-oferim\/empreses-entitats\/un-espai-per-a-cada-necessitat\/#breadcrumb"},"inLanguage":"es","potentialAction":[{"@type":"ReadAction","target":["https:\/\/novaorg.cofb.net\/que-oferim\/empreses-entitats\/un-espai-per-a-cada-necessitat\/"]}]},{"@type":"BreadcrumbList","@id":"https:\/\/novaorg.cofb.net\/que-oferim\/empreses-entitats\/un-espai-per-a-cada-necessitat\/#breadcrumb","itemListElement":[{"@type":"ListItem","position":1,"name":"Inici","item":"https:\/\/novaorg.cofb.net\/"},{"@type":"ListItem","position":2,"name":"Qu\u00e8 oferim?","item":"https:\/\/novaorg.cofb.net\/que-oferim\/"},{"@type":"ListItem","position":3,"name":"Empreses\/Entitats","item":"https:\/\/novaorg.cofb.net\/que-oferim\/empreses-entitats\/"},{"@type":"ListItem","position":4,"name":"UN ESPAI PER A CADA NECESSITAT"}]},{"@type":"WebSite","@id":"https:\/\/www.cofb.org\/#website","url":"https:\/\/www.cofb.org\/","name":"Col\u00b7legi de Farmac\u00e8utics de Barcelona","description":"","publisher":{"@id":"https:\/\/www.cofb.org\/#organization"},"potentialAction":[{"@type":"SearchAction","target":{"@type":"EntryPoint","urlTemplate":"https:\/\/www.cofb.org\/?s={search_term_string}"},"query-input":"required name=search_term_string"}],"inLanguage":"es"},{"@type":"Organization","@id":"https:\/\/www.cofb.org\/#organization","name":"Col\u00b7legi de Farmac\u00e8utics de Barcelona","url":"https:\/\/www.cofb.org\/","logo":{"@type":"ImageObject","inLanguage":"es","@id":"https:\/\/www.cofb.org\/#\/schema\/logo\/image\/","url":"https:\/\/www.cofb.org\/wp-content\/uploads\/2023\/11\/cropped-Logotip-COFB.png","contentUrl":"https:\/\/www.cofb.org\/wp-content\/uploads\/2023\/11\/cropped-Logotip-COFB.png","width":500,"height":105,"caption":"Col\u00b7legi de Farmac\u00e8utics de Barcelona"},"image":{"@id":"https:\/\/www.cofb.org\/#\/schema\/logo\/image\/"},"sameAs":["https:\/\/www.facebook.com\/farmaceuticsbcn\/","https:\/\/twitter.com\/farmaceuticsbcn","https:\/\/www.instagram.com\/farmaceuticsbcn\/","https:\/\/www.linkedin.com\/company\/farmaceuticsbcn\/"]}]}},"uagb_featured_image_src":{"full":false,"thumbnail":false,"medium":false,"medium_large":false,"large":false,"1536x1536":false,"2048x2048":false,"trp-custom-language-flag":false},"uagb_author_info":{"display_name":"wpAdminCofbOrg","author_link":"https:\/\/www.cofb.org\/es\/author\/wpadmincofborg\/"},"uagb_comment_info":0,"uagb_excerpt":"Si des de la teva empresa o entitat vols organitzar alguna activitat&nbsp;(formacions, presentacions, jornades, simposis, reunions, etc.)&nbsp;al COFB trobar\u00e0s el teu espai. Pots descarregar la&nbsp;informaci\u00f3 de les instal\u00b7lacions&nbsp;en PDF. AULES H\u00cdBRIDES&nbsp; Permeten organitzar&nbsp;experi\u00e8ncies formatives innovadores&nbsp;i&nbsp;de qualitat, amb assistents presencials i a dist\u00e0ncia. Disposem d&#8217;una infraestructura i d&#8217;un equip hum\u00e0 especialitzat [&hellip;]","_links":{"self":[{"href":"https:\/\/www.cofb.org\/es\/wp-json\/wp\/v2\/pages\/67420","targetHints":{"allow":["GET"]}}],"collection":[{"href":"https:\/\/www.cofb.org\/es\/wp-json\/wp\/v2\/pages"}],"about":[{"href":"https:\/\/www.cofb.org\/es\/wp-json\/wp\/v2\/types\/page"}],"author":[{"embeddable":true,"href":"https:\/\/www.cofb.org\/es\/wp-json\/wp\/v2\/users\/1"}],"replies":[{"embeddable":true,"href":"https:\/\/www.cofb.org\/es\/wp-json\/wp\/v2\/comments?post=67420"}],"version-history":[{"count":1,"href":"https:\/\/www.cofb.org\/es\/wp-json\/wp\/v2\/pages\/67420\/revisions"}],"predecessor-version":[{"id":67422,"href":"https:\/\/www.cofb.org\/es\/wp-json\/wp\/v2\/pages\/67420\/revisions\/67422"}],"up":[{"embeddable":true,"href":"https:\/\/www.cofb.org\/es\/wp-json\/wp\/v2\/pages\/2963"}],"wp:attachment":[{"href":"https:\/\/www.cofb.org\/es\/wp-json\/wp\/v2\/media?parent=67420"}],"curies":[{"name":"wp","href":"https:\/\/api.w.org\/{rel}","templated":true}]}}