{"id":67410,"date":"2023-07-25T11:11:36","date_gmt":"2023-07-25T11:11:36","guid":{"rendered":"https:\/\/novaorg.cofb.net\/?page_id=67410"},"modified":"2023-07-25T11:11:36","modified_gmt":"2023-07-25T11:11:36","slug":"sales-de-reunions","status":"publish","type":"page","link":"https:\/\/www.cofb.org\/es\/que-oferim\/empreses-entitats\/lloguer-dinstallacions\/sales-de-reunions\/","title":{"rendered":"Salas de reuniones"},"content":{"rendered":"<div class=\"wp-block-uagb-image uagb-block-03136ee0 wp-block-uagb-image--layout-default wp-block-uagb-image--effect-static wp-block-uagb-image--align-none\"><figure class=\"wp-block-uagb-image__figure\"><img decoding=\"async\" srcset=\"https:\/\/www.cofb.org\/wp-content\/uploads\/2023\/07\/Def-SALA-3-1024x683.jpg \" sizes=\"auto, (max-width: 480px) 150px\" src=\"https:\/\/www.cofb.org\/wp-content\/uploads\/2023\/07\/Def-SALA-3-1024x683.jpg\" alt=\"\" class=\"uag-image-67411\" width=\"1024\" height=\"683\" title=\"\" loading=\"lazy\"\/><\/figure><\/div>\n\n\n\n<h2 class=\"wp-block-heading\">Sala de reuniones 35 m<sup>2<\/sup><\/h2>\n\n\n\n<h3 class=\"wp-block-heading\">Capacidad y distribuci\u00f3n<\/h3>\n\n\n\n<p><strong>Distribuci\u00f3n sala de juntas:<\/strong>\u00a014 personas<br><strong>Distribuci\u00f3n U:<\/strong>\u00a012 personas<br><strong>Distribuci\u00f3n escuela<\/strong>: 10 personas<\/p>\n\n\n\n<div class=\"wp-block-columns is-layout-flex wp-container-core-columns-is-layout-28f84493 wp-block-columns-is-layout-flex\">\n<div class=\"wp-block-column is-layout-flow wp-block-column-is-layout-flow\">\n<div class=\"wp-block-uagb-image uagb-block-ef60073c wp-block-uagb-image--layout-default wp-block-uagb-image--effect-static wp-block-uagb-image--align-none\"><figure class=\"wp-block-uagb-image__figure\"><img decoding=\"async\" srcset=\"https:\/\/www.cofb.org\/wp-content\/uploads\/2023\/07\/Sala-Reunions-Juntes-adaptada.png \" sizes=\"auto, (max-width: 480px) 150px\" src=\"https:\/\/www.cofb.org\/wp-content\/uploads\/2023\/07\/Sala-Reunions-Juntes-adaptada.png\" alt=\"\" class=\"uag-image-67412\" width=\"350\" height=\"200\" title=\"\" loading=\"lazy\"\/><\/figure><\/div>\n<\/div>\n\n\n\n<div class=\"wp-block-column is-layout-flow wp-block-column-is-layout-flow\">\n<div class=\"wp-block-uagb-image uagb-block-e79d0db6 wp-block-uagb-image--layout-default wp-block-uagb-image--effect-static wp-block-uagb-image--align-none\"><figure class=\"wp-block-uagb-image__figure\"><img decoding=\"async\" srcset=\"https:\/\/www.cofb.org\/wp-content\/uploads\/2023\/07\/Planell-Sala-Reunions-U-adaptada.png \" sizes=\"auto, (max-width: 480px) 150px\" src=\"https:\/\/www.cofb.org\/wp-content\/uploads\/2023\/07\/Planell-Sala-Reunions-U-adaptada.png\" alt=\"\" class=\"uag-image-67413\" width=\"350\" height=\"200\" title=\"\" loading=\"lazy\"\/><\/figure><\/div>\n<\/div>\n\n\n\n<div class=\"wp-block-column is-layout-flow wp-block-column-is-layout-flow\">\n<div class=\"wp-block-uagb-image uagb-block-28869210 wp-block-uagb-image--layout-default wp-block-uagb-image--effect-static wp-block-uagb-image--align-none\"><figure class=\"wp-block-uagb-image__figure\"><img decoding=\"async\" srcset=\"https:\/\/www.cofb.org\/wp-content\/uploads\/2023\/07\/Planell-Sala-Reunions-Escola-adaptada.png \" sizes=\"auto, (max-width: 480px) 150px\" src=\"https:\/\/www.cofb.org\/wp-content\/uploads\/2023\/07\/Planell-Sala-Reunions-Escola-adaptada.png\" alt=\"\" class=\"uag-image-67414\" width=\"350\" height=\"200\" title=\"\" loading=\"lazy\"\/><\/figure><\/div>\n<\/div>\n<\/div>\n\n\n\n<h3 class=\"wp-block-heading\">Equipamiento<\/h3>\n\n\n\n<p><strong>Proyecci\u00f3n <\/strong><\/p>\n\n\n\n<ul class=\"wp-block-list\">\n<li>Monitor TV de proyecci\u00f3n Samsung formato 16:9 de 70\u201d<\/li>\n\n\n\n<li>Ordenador Toshiba i5 4 GB Ram<\/li>\n\n\n\n<li>Sistema operativo Windows 10<\/li>\n\n\n\n<li>Flipchart<\/li>\n\n\n\n<li>Pasador de diapositivas<\/li>\n<\/ul>\n\n\n\n<p><strong>Wifi<\/strong><\/p>\n\n\n\n<h2 class=\"wp-block-heading\">Sala de reuniones 25 m<sup>2<\/sup><\/h2>\n\n\n\n<h3 class=\"wp-block-heading\">Capacidad y distribuci\u00f3n<\/h3>\n\n\n\n<p id=\"yui_patched_v3_11_0_1_1690282870406_342\"><strong>Distribuci\u00f3n sala de juntas:<\/strong>\u00a012 personas<\/p>\n\n\n\n<div class=\"wp-block-uagb-image uagb-block-190e7f48 wp-block-uagb-image--layout-default wp-block-uagb-image--effect-static wp-block-uagb-image--align-none\"><figure class=\"wp-block-uagb-image__figure\"><img decoding=\"async\" srcset=\"https:\/\/www.cofb.org\/wp-content\/uploads\/2023\/07\/Sala-Reunions-Juntes-adaptada-1.png \" sizes=\"auto, (max-width: 480px) 150px\" src=\"https:\/\/www.cofb.org\/wp-content\/uploads\/2023\/07\/Sala-Reunions-Juntes-adaptada-1.png\" alt=\"\" class=\"uag-image-67419\" width=\"350\" height=\"200\" title=\"\" loading=\"lazy\"\/><\/figure><\/div>\n\n\n\n<h3 class=\"wp-block-heading\">Equipamiento<\/h3>\n\n\n\n<p><strong>Proyecci\u00f3n<\/strong><\/p>\n\n\n\n<ul class=\"wp-block-list\">\n<li>Monitor TV de proyecci\u00f3n Samsung formato 16:9 de 70\u201d<\/li>\n\n\n\n<li>Ordenador Toshiba i5 4 GB Ram<\/li>\n\n\n\n<li>Sistema operativo Windows 10<\/li>\n\n\n\n<li>Flipchart<\/li>\n\n\n\n<li>Pasador de diapositivas<\/li>\n<\/ul>\n\n\n\n<p><strong>Wifi<\/strong><\/p>","protected":false},"excerpt":{"rendered":"<p>Sala de reuniones 35 m2 Capacidad y distribuci\u00f3n Distribuci\u00f3n sala de juntas: 14 personasDistribuci\u00f3n U: 12 personasDistribuci\u00f3n escuela: 10 personas Equipamiento Proyecci\u00f3n Wifi Sala de reuniones 25 m2 Capacidad y distribuci\u00f3n Distribuci\u00f3n sala de juntas: 12 personas Equipamiento Proyecci\u00f3n Wifi<\/p>","protected":false},"author":1,"featured_media":0,"parent":2967,"menu_order":6,"comment_status":"closed","ping_status":"closed","template":"","meta":{"_uag_custom_page_level_css":"","site-sidebar-layout":"default","site-content-layout":"","ast-site-content-layout":"default","site-content-style":"default","site-sidebar-style":"default","ast-global-header-display":"","ast-banner-title-visibility":"","ast-main-header-display":"","ast-hfb-above-header-display":"","ast-hfb-below-header-display":"","ast-hfb-mobile-header-display":"","site-post-title":"","ast-breadcrumbs-content":"","ast-featured-img":"","footer-sml-layout":"","theme-transparent-header-meta":"","adv-header-id-meta":"","stick-header-meta":"","header-above-stick-meta":"","header-main-stick-meta":"","header-below-stick-meta":"","astra-migrate-meta-layouts":"default","ast-page-background-enabled":"default","ast-page-background-meta":{"desktop":{"background-color":"var(--ast-global-color-4)","background-image":"","background-repeat":"repeat","background-position":"center center","background-size":"auto","background-attachment":"scroll","background-type":"","background-media":"","overlay-type":"","overlay-color":"","overlay-opacity":"","overlay-gradient":""},"tablet":{"background-color":"","background-image":"","background-repeat":"repeat","background-position":"center center","background-size":"auto","background-attachment":"scroll","background-type":"","background-media":"","overlay-type":"","overlay-color":"","overlay-opacity":"","overlay-gradient":""},"mobile":{"background-color":"","background-image":"","background-repeat":"repeat","background-position":"center center","background-size":"auto","background-attachment":"scroll","background-type":"","background-media":"","overlay-type":"","overlay-color":"","overlay-opacity":"","overlay-gradient":""}},"ast-content-background-meta":{"desktop":{"background-color":"var(--ast-global-color-5)","background-image":"","background-repeat":"repeat","background-position":"center center","background-size":"auto","background-attachment":"scroll","background-type":"","background-media":"","overlay-type":"","overlay-color":"","overlay-opacity":"","overlay-gradient":""},"tablet":{"background-color":"var(--ast-global-color-5)","background-image":"","background-repeat":"repeat","background-position":"center center","background-size":"auto","background-attachment":"scroll","background-type":"","background-media":"","overlay-type":"","overlay-color":"","overlay-opacity":"","overlay-gradient":""},"mobile":{"background-color":"var(--ast-global-color-5)","background-image":"","background-repeat":"repeat","background-position":"center center","background-size":"auto","background-attachment":"scroll","background-type":"","background-media":"","overlay-type":"","overlay-color":"","overlay-opacity":"","overlay-gradient":""}},"footnotes":""},"class_list":["post-67410","page","type-page","status-publish","hentry"],"yoast_head":"<!-- This site is optimized with the Yoast SEO plugin v22.4 - https:\/\/yoast.com\/wordpress\/plugins\/seo\/ -->\n<title>Sales de reunions - Col\u00b7legi de Farmac\u00e8utics de Barcelona<\/title>\n<meta name=\"robots\" content=\"index, follow, max-snippet:-1, max-image-preview:large, max-video-preview:-1\" \/>\n<link rel=\"canonical\" href=\"https:\/\/www.cofb.org\/es\/que-oferim\/empreses-entitats\/lloguer-dinstallacions\/sales-de-reunions\/\" \/>\n<meta property=\"og:locale\" content=\"es_ES\" \/>\n<meta property=\"og:type\" content=\"article\" \/>\n<meta property=\"og:title\" content=\"Sales de reunions - Col\u00b7legi de Farmac\u00e8utics de Barcelona\" \/>\n<meta property=\"og:description\" content=\"Sala de reunions 35 m2 Capacitat i distribuci\u00f3 Distribuci\u00f3 sala de juntes:\u00a014 personesDistribuci\u00f3 U:\u00a012 personesDistribuci\u00f3 escola: 10 persones Equipament Projecci\u00f3 Wifi Sala de reunions 25 m2 Capacitat i distribuci\u00f3 Distribuci\u00f3 sala de juntes:\u00a012 persones Equipament Projecci\u00f3 Wifi\" \/>\n<meta property=\"og:url\" content=\"https:\/\/www.cofb.org\/es\/que-oferim\/empreses-entitats\/lloguer-dinstallacions\/sales-de-reunions\/\" \/>\n<meta property=\"og:site_name\" content=\"Col\u00b7legi de Farmac\u00e8utics de Barcelona\" \/>\n<meta property=\"article:publisher\" content=\"https:\/\/www.facebook.com\/farmaceuticsbcn\/\" \/>\n<meta property=\"og:image\" content=\"https:\/\/novaorg.cofb.net\/wp-content\/uploads\/2023\/07\/Def-SALA-3-1024x683.jpg\" \/>\n<meta name=\"twitter:card\" content=\"summary_large_image\" \/>\n<meta name=\"twitter:site\" content=\"@farmaceuticsbcn\" \/>\n<script type=\"application\/ld+json\" class=\"yoast-schema-graph\">{\"@context\":\"https:\/\/schema.org\",\"@graph\":[{\"@type\":\"WebPage\",\"@id\":\"https:\/\/www.cofb.org\/que-oferim\/empreses-entitats\/lloguer-dinstallacions\/sales-de-reunions\/\",\"url\":\"https:\/\/www.cofb.org\/que-oferim\/empreses-entitats\/lloguer-dinstallacions\/sales-de-reunions\/\",\"name\":\"Sales de reunions - Col\u00b7legi de Farmac\u00e8utics de Barcelona\",\"isPartOf\":{\"@id\":\"https:\/\/www.cofb.org\/#website\"},\"primaryImageOfPage\":{\"@id\":\"https:\/\/www.cofb.org\/que-oferim\/empreses-entitats\/lloguer-dinstallacions\/sales-de-reunions\/#primaryimage\"},\"image\":{\"@id\":\"https:\/\/www.cofb.org\/que-oferim\/empreses-entitats\/lloguer-dinstallacions\/sales-de-reunions\/#primaryimage\"},\"thumbnailUrl\":\"https:\/\/www.cofb.org\/wp-content\/uploads\/2023\/07\/Def-SALA-3-1024x683.jpg\",\"datePublished\":\"2023-07-25T11:11:36+00:00\",\"dateModified\":\"2023-07-25T11:11:36+00:00\",\"breadcrumb\":{\"@id\":\"https:\/\/www.cofb.org\/que-oferim\/empreses-entitats\/lloguer-dinstallacions\/sales-de-reunions\/#breadcrumb\"},\"inLanguage\":\"es\",\"potentialAction\":[{\"@type\":\"ReadAction\",\"target\":[\"https:\/\/www.cofb.org\/que-oferim\/empreses-entitats\/lloguer-dinstallacions\/sales-de-reunions\/\"]}]},{\"@type\":\"ImageObject\",\"inLanguage\":\"es\",\"@id\":\"https:\/\/www.cofb.org\/que-oferim\/empreses-entitats\/lloguer-dinstallacions\/sales-de-reunions\/#primaryimage\",\"url\":\"https:\/\/www.cofb.org\/wp-content\/uploads\/2023\/07\/Def-SALA-3-1024x683.jpg\",\"contentUrl\":\"https:\/\/www.cofb.org\/wp-content\/uploads\/2023\/07\/Def-SALA-3-1024x683.jpg\"},{\"@type\":\"BreadcrumbList\",\"@id\":\"https:\/\/www.cofb.org\/que-oferim\/empreses-entitats\/lloguer-dinstallacions\/sales-de-reunions\/#breadcrumb\",\"itemListElement\":[{\"@type\":\"ListItem\",\"position\":1,\"name\":\"Inici\",\"item\":\"https:\/\/novaorg.cofb.net\/\"},{\"@type\":\"ListItem\",\"position\":2,\"name\":\"Qu\u00e8 oferim?\",\"item\":\"https:\/\/novaorg.cofb.net\/que-oferim\/\"},{\"@type\":\"ListItem\",\"position\":3,\"name\":\"Empreses\/Entitats\",\"item\":\"https:\/\/novaorg.cofb.net\/que-oferim\/empreses-entitats\/\"},{\"@type\":\"ListItem\",\"position\":4,\"name\":\"Lloguer d&#8217;instal\u00b7lacions\",\"item\":\"https:\/\/www.cofb.org\/que-oferim\/empreses-entitats\/lloguer-dinstallacions\/\"},{\"@type\":\"ListItem\",\"position\":5,\"name\":\"Sales de reunions\"}]},{\"@type\":\"WebSite\",\"@id\":\"https:\/\/www.cofb.org\/#website\",\"url\":\"https:\/\/www.cofb.org\/\",\"name\":\"Col\u00b7legi de Farmac\u00e8utics de Barcelona\",\"description\":\"\",\"publisher\":{\"@id\":\"https:\/\/www.cofb.org\/#organization\"},\"potentialAction\":[{\"@type\":\"SearchAction\",\"target\":{\"@type\":\"EntryPoint\",\"urlTemplate\":\"https:\/\/www.cofb.org\/?s={search_term_string}\"},\"query-input\":\"required name=search_term_string\"}],\"inLanguage\":\"es\"},{\"@type\":\"Organization\",\"@id\":\"https:\/\/www.cofb.org\/#organization\",\"name\":\"Col\u00b7legi de Farmac\u00e8utics de Barcelona\",\"url\":\"https:\/\/www.cofb.org\/\",\"logo\":{\"@type\":\"ImageObject\",\"inLanguage\":\"es\",\"@id\":\"https:\/\/www.cofb.org\/#\/schema\/logo\/image\/\",\"url\":\"https:\/\/www.cofb.org\/wp-content\/uploads\/2023\/11\/cropped-Logotip-COFB.png\",\"contentUrl\":\"https:\/\/www.cofb.org\/wp-content\/uploads\/2023\/11\/cropped-Logotip-COFB.png\",\"width\":500,\"height\":105,\"caption\":\"Col\u00b7legi de Farmac\u00e8utics de Barcelona\"},\"image\":{\"@id\":\"https:\/\/www.cofb.org\/#\/schema\/logo\/image\/\"},\"sameAs\":[\"https:\/\/www.facebook.com\/farmaceuticsbcn\/\",\"https:\/\/twitter.com\/farmaceuticsbcn\",\"https:\/\/www.instagram.com\/farmaceuticsbcn\/\",\"https:\/\/www.linkedin.com\/company\/farmaceuticsbcn\/\"]}]}<\/script>\n<!-- \/ Yoast SEO plugin. -->","yoast_head_json":{"title":"Sales de reunions - Col\u00b7legi de Farmac\u00e8utics de Barcelona","robots":{"index":"index","follow":"follow","max-snippet":"max-snippet:-1","max-image-preview":"max-image-preview:large","max-video-preview":"max-video-preview:-1"},"canonical":"https:\/\/www.cofb.org\/es\/que-oferim\/empreses-entitats\/lloguer-dinstallacions\/sales-de-reunions\/","og_locale":"es_ES","og_type":"article","og_title":"Sales de reunions - Col\u00b7legi de Farmac\u00e8utics de Barcelona","og_description":"Sala de reunions 35 m2 Capacitat i distribuci\u00f3 Distribuci\u00f3 sala de juntes:\u00a014 personesDistribuci\u00f3 U:\u00a012 personesDistribuci\u00f3 escola: 10 persones Equipament Projecci\u00f3 Wifi Sala de reunions 25 m2 Capacitat i distribuci\u00f3 Distribuci\u00f3 sala de juntes:\u00a012 persones Equipament Projecci\u00f3 Wifi","og_url":"https:\/\/www.cofb.org\/es\/que-oferim\/empreses-entitats\/lloguer-dinstallacions\/sales-de-reunions\/","og_site_name":"Col\u00b7legi de Farmac\u00e8utics de Barcelona","article_publisher":"https:\/\/www.facebook.com\/farmaceuticsbcn\/","og_image":[{"url":"https:\/\/novaorg.cofb.net\/wp-content\/uploads\/2023\/07\/Def-SALA-3-1024x683.jpg"}],"twitter_card":"summary_large_image","twitter_site":"@farmaceuticsbcn","schema":{"@context":"https:\/\/schema.org","@graph":[{"@type":"WebPage","@id":"https:\/\/www.cofb.org\/que-oferim\/empreses-entitats\/lloguer-dinstallacions\/sales-de-reunions\/","url":"https:\/\/www.cofb.org\/que-oferim\/empreses-entitats\/lloguer-dinstallacions\/sales-de-reunions\/","name":"Sales de reunions - Col\u00b7legi de Farmac\u00e8utics de Barcelona","isPartOf":{"@id":"https:\/\/www.cofb.org\/#website"},"primaryImageOfPage":{"@id":"https:\/\/www.cofb.org\/que-oferim\/empreses-entitats\/lloguer-dinstallacions\/sales-de-reunions\/#primaryimage"},"image":{"@id":"https:\/\/www.cofb.org\/que-oferim\/empreses-entitats\/lloguer-dinstallacions\/sales-de-reunions\/#primaryimage"},"thumbnailUrl":"https:\/\/www.cofb.org\/wp-content\/uploads\/2023\/07\/Def-SALA-3-1024x683.jpg","datePublished":"2023-07-25T11:11:36+00:00","dateModified":"2023-07-25T11:11:36+00:00","breadcrumb":{"@id":"https:\/\/www.cofb.org\/que-oferim\/empreses-entitats\/lloguer-dinstallacions\/sales-de-reunions\/#breadcrumb"},"inLanguage":"es","potentialAction":[{"@type":"ReadAction","target":["https:\/\/www.cofb.org\/que-oferim\/empreses-entitats\/lloguer-dinstallacions\/sales-de-reunions\/"]}]},{"@type":"ImageObject","inLanguage":"es","@id":"https:\/\/www.cofb.org\/que-oferim\/empreses-entitats\/lloguer-dinstallacions\/sales-de-reunions\/#primaryimage","url":"https:\/\/www.cofb.org\/wp-content\/uploads\/2023\/07\/Def-SALA-3-1024x683.jpg","contentUrl":"https:\/\/www.cofb.org\/wp-content\/uploads\/2023\/07\/Def-SALA-3-1024x683.jpg"},{"@type":"BreadcrumbList","@id":"https:\/\/www.cofb.org\/que-oferim\/empreses-entitats\/lloguer-dinstallacions\/sales-de-reunions\/#breadcrumb","itemListElement":[{"@type":"ListItem","position":1,"name":"Inici","item":"https:\/\/novaorg.cofb.net\/"},{"@type":"ListItem","position":2,"name":"Qu\u00e8 oferim?","item":"https:\/\/novaorg.cofb.net\/que-oferim\/"},{"@type":"ListItem","position":3,"name":"Empreses\/Entitats","item":"https:\/\/novaorg.cofb.net\/que-oferim\/empreses-entitats\/"},{"@type":"ListItem","position":4,"name":"Lloguer d&#8217;instal\u00b7lacions","item":"https:\/\/www.cofb.org\/que-oferim\/empreses-entitats\/lloguer-dinstallacions\/"},{"@type":"ListItem","position":5,"name":"Sales de reunions"}]},{"@type":"WebSite","@id":"https:\/\/www.cofb.org\/#website","url":"https:\/\/www.cofb.org\/","name":"Col\u00b7legi de Farmac\u00e8utics de Barcelona","description":"","publisher":{"@id":"https:\/\/www.cofb.org\/#organization"},"potentialAction":[{"@type":"SearchAction","target":{"@type":"EntryPoint","urlTemplate":"https:\/\/www.cofb.org\/?s={search_term_string}"},"query-input":"required name=search_term_string"}],"inLanguage":"es"},{"@type":"Organization","@id":"https:\/\/www.cofb.org\/#organization","name":"Col\u00b7legi de Farmac\u00e8utics de Barcelona","url":"https:\/\/www.cofb.org\/","logo":{"@type":"ImageObject","inLanguage":"es","@id":"https:\/\/www.cofb.org\/#\/schema\/logo\/image\/","url":"https:\/\/www.cofb.org\/wp-content\/uploads\/2023\/11\/cropped-Logotip-COFB.png","contentUrl":"https:\/\/www.cofb.org\/wp-content\/uploads\/2023\/11\/cropped-Logotip-COFB.png","width":500,"height":105,"caption":"Col\u00b7legi de Farmac\u00e8utics de Barcelona"},"image":{"@id":"https:\/\/www.cofb.org\/#\/schema\/logo\/image\/"},"sameAs":["https:\/\/www.facebook.com\/farmaceuticsbcn\/","https:\/\/twitter.com\/farmaceuticsbcn","https:\/\/www.instagram.com\/farmaceuticsbcn\/","https:\/\/www.linkedin.com\/company\/farmaceuticsbcn\/"]}]}},"uagb_featured_image_src":{"full":false,"thumbnail":false,"medium":false,"medium_large":false,"large":false,"1536x1536":false,"2048x2048":false,"trp-custom-language-flag":false},"uagb_author_info":{"display_name":"wpAdminCofbOrg","author_link":"https:\/\/www.cofb.org\/es\/author\/wpadmincofborg\/"},"uagb_comment_info":0,"uagb_excerpt":"Sala de reunions 35 m2 Capacitat i distribuci\u00f3 Distribuci\u00f3 sala de juntes:\u00a014 personesDistribuci\u00f3 U:\u00a012 personesDistribuci\u00f3 escola: 10 persones Equipament Projecci\u00f3 Wifi Sala de reunions 25 m2 Capacitat i distribuci\u00f3 Distribuci\u00f3 sala de juntes:\u00a012 persones Equipament Projecci\u00f3 Wifi","_links":{"self":[{"href":"https:\/\/www.cofb.org\/es\/wp-json\/wp\/v2\/pages\/67410","targetHints":{"allow":["GET"]}}],"collection":[{"href":"https:\/\/www.cofb.org\/es\/wp-json\/wp\/v2\/pages"}],"about":[{"href":"https:\/\/www.cofb.org\/es\/wp-json\/wp\/v2\/types\/page"}],"author":[{"embeddable":true,"href":"https:\/\/www.cofb.org\/es\/wp-json\/wp\/v2\/users\/1"}],"replies":[{"embeddable":true,"href":"https:\/\/www.cofb.org\/es\/wp-json\/wp\/v2\/comments?post=67410"}],"version-history":[{"count":2,"href":"https:\/\/www.cofb.org\/es\/wp-json\/wp\/v2\/pages\/67410\/revisions"}],"predecessor-version":[{"id":83579,"href":"https:\/\/www.cofb.org\/es\/wp-json\/wp\/v2\/pages\/67410\/revisions\/83579"}],"up":[{"embeddable":true,"href":"https:\/\/www.cofb.org\/es\/wp-json\/wp\/v2\/pages\/2967"}],"wp:attachment":[{"href":"https:\/\/www.cofb.org\/es\/wp-json\/wp\/v2\/media?parent=67410"}],"curies":[{"name":"wp","href":"https:\/\/api.w.org\/{rel}","templated":true}]}}