{"id":67376,"date":"2023-07-25T10:15:00","date_gmt":"2023-07-25T10:15:00","guid":{"rendered":"https:\/\/novaorg.cofb.net\/?page_id=67376"},"modified":"2023-07-25T10:46:55","modified_gmt":"2023-07-25T10:46:55","slug":"aula-hibrida","status":"publish","type":"page","link":"https:\/\/www.cofb.org\/es\/que-oferim\/empreses-entitats\/lloguer-dinstallacions\/aula-hibrida\/","title":{"rendered":"Aula h\u00edbrida"},"content":{"rendered":"<div class=\"wp-block-uagb-image uagb-block-91862215 wp-block-uagb-image--layout-default wp-block-uagb-image--effect-static wp-block-uagb-image--align-none\"><figure class=\"wp-block-uagb-image__figure\"><img decoding=\"async\" srcset=\"https:\/\/www.cofb.org\/wp-content\/uploads\/2023\/07\/Aula-hibrida.jpg \" sizes=\"auto, (max-width: 480px) 150px\" src=\"https:\/\/www.cofb.org\/wp-content\/uploads\/2023\/07\/Aula-hibrida.jpg\" alt=\"\" class=\"uag-image-67381\" width=\"819\" height=\"409\" title=\"\" loading=\"lazy\"\/><\/figure><\/div>\n\n\n\n<h2 class=\"wp-block-heading\">Caracter\u00edsticas<\/h2>\n\n\n\n<ul class=\"wp-block-list\">\n<li>Permite llevar a cabo&nbsp;<strong>actos formativos o presentaciones de 10 a 1.000 participantes<\/strong>&nbsp;(con participantes y ponentes a distancia y presenciales).<\/li>\n\n\n\n<li><strong>Se adapta a las necesidades de los participantes<\/strong>, que tienen la opci\u00f3n de asistir presencialmente oa distancia; genera proximidad entre participantes y ponentes y fomenta la participaci\u00f3n y la interacci\u00f3n entre ellos. Asimismo, permite expandir el alcance de la formaci\u00f3n a m\u00e1s territorios.&nbsp;<\/li>\n\n\n\n<li>Los organizadores del acto tienen la oportunidad de&nbsp;<strong>desarrollar una experiencia formativa innovadora y de calidad<\/strong>, con&nbsp;<strong>asistentes presenciales ya distancia<\/strong>. Adem\u00e1s contar\u00e1n con apoyo a lo largo de todo el acto: apoyo previo al ponente a la hora de preparar la sesi\u00f3n; soporte t\u00e9cnico a los participantes a distancia y soporte t\u00e9cnico&nbsp;<em>in situ<\/em>.<\/li>\n<\/ul>\n\n\n\n<p>*Consulta el <a href=\"https:\/\/www.cofb.org\/es\/documents\/10136\/1065690\/C%C3%80TALEG+INSTAL%C2%B7LACIONS_297X210_CAT_IMP.pdf\/e8e69aa0-0431-4764-8153-1ae1e28e3364\/\" target=\"_blank\" rel=\"noreferrer noopener\">cat\u00e1logo espec\u00edfico<\/a> del aula h\u00edbrida en PDF.<\/p>\n\n\n\n<h2 class=\"wp-block-heading\">Dimensiones<\/h2>\n\n\n\n<p id=\"yui_patched_v3_11_0_1_1690280457228_352\">60 m<sup>2<\/sup>\/ 97 m<sup>2<\/sup><\/p>\n\n\n\n<h2 class=\"wp-block-heading\">Capacidad y distribuci\u00f3n<\/h2>\n\n\n\n<ul class=\"wp-block-list\">\n<li>Hasta 75 asistentes presenciales y hasta 1.000 participantes a distancia. <\/li>\n<\/ul>\n\n\n\n<div class=\"wp-block-uagb-image uagb-block-b1bf322a wp-block-uagb-image--layout-default wp-block-uagb-image--effect-static wp-block-uagb-image--align-none\"><figure class=\"wp-block-uagb-image__figure\"><img decoding=\"async\" srcset=\"https:\/\/www.cofb.org\/wp-content\/uploads\/2023\/07\/Aula-hibrida-1024x562.png \" sizes=\"auto, (max-width: 480px) 150px\" src=\"https:\/\/www.cofb.org\/wp-content\/uploads\/2023\/07\/Aula-hibrida-1024x562.png\" alt=\"\" class=\"uag-image-67385\" width=\"1024\" height=\"562\" title=\"\" loading=\"lazy\"\/><\/figure><\/div>\n\n\n\n<h2 class=\"wp-block-heading\">Equipamiento<\/h2>\n\n\n\n<p id=\"yui_patched_v3_11_0_1_1690280457228_355\">Nuestros espacios digitales disponen de todos los elementos tecnol\u00f3gicos necesarios para realizar webinares y actos h\u00edbridos con todas las garant\u00edas.&nbsp;<\/p>\n\n\n\n<ul class=\"wp-block-list\">\n<li><strong>C\u00e1mara con&nbsp;<em>autotracking<\/em><\/strong>&nbsp;para seguir los movimientos del poniente con posibilidad de cambio de planes y zoom para mostrar detalles.<\/li>\n\n\n\n<li>Sistema de&nbsp;<strong>megafon\u00eda inal\u00e1mbrica<\/strong>. Micr\u00f3fonos en formato barra de sonido que pueden captar la voz de los ponentes o asistentes y minimizar el ruido ambiente.<\/li>\n\n\n\n<li>Posibilidad de ver a los&nbsp;<strong>asistentes a distancia<\/strong>&nbsp;en una segunda pantalla situada en el fondo de la sala.<\/li>\n\n\n\n<li><strong>Compartici\u00f3n de contenidos diversos<\/strong>&nbsp;(presentaciones, anotaciones en la pizarra) tanto de los ponentes como de los asistentes.<\/li>\n\n\n\n<li><strong>Iluminaci\u00f3n<\/strong>&nbsp;adecuado para una buena retransmisi\u00f3n.<\/li>\n\n\n\n<li><strong>Wifi<\/strong>.<\/li>\n<\/ul>","protected":false},"excerpt":{"rendered":"<p>Caracter\u00edsticas *Consulta el cat\u00e1logo espec\u00edfico del aula h\u00edbrida en PDF. Dimensiones 60 m2\/ 97 m2 Capacidad y distribuci\u00f3n Equipamiento Nuestros espacios digitales disponen de todos los elementos tecnol\u00f3gicos necesarios para realizar webinares y actos h\u00edbridos con todas las garant\u00edas.&nbsp;<\/p>","protected":false},"author":1,"featured_media":0,"parent":2967,"menu_order":1,"comment_status":"closed","ping_status":"closed","template":"","meta":{"_uag_custom_page_level_css":"","site-sidebar-layout":"default","site-content-layout":"","ast-site-content-layout":"default","site-content-style":"default","site-sidebar-style":"default","ast-global-header-display":"","ast-banner-title-visibility":"","ast-main-header-display":"","ast-hfb-above-header-display":"","ast-hfb-below-header-display":"","ast-hfb-mobile-header-display":"","site-post-title":"","ast-breadcrumbs-content":"","ast-featured-img":"","footer-sml-layout":"","theme-transparent-header-meta":"","adv-header-id-meta":"","stick-header-meta":"","header-above-stick-meta":"","header-main-stick-meta":"","header-below-stick-meta":"","astra-migrate-meta-layouts":"default","ast-page-background-enabled":"default","ast-page-background-meta":{"desktop":{"background-color":"var(--ast-global-color-4)","background-image":"","background-repeat":"repeat","background-position":"center center","background-size":"auto","background-attachment":"scroll","background-type":"","background-media":"","overlay-type":"","overlay-color":"","overlay-opacity":"","overlay-gradient":""},"tablet":{"background-color":"","background-image":"","background-repeat":"repeat","background-position":"center center","background-size":"auto","background-attachment":"scroll","background-type":"","background-media":"","overlay-type":"","overlay-color":"","overlay-opacity":"","overlay-gradient":""},"mobile":{"background-color":"","background-image":"","background-repeat":"repeat","background-position":"center center","background-size":"auto","background-attachment":"scroll","background-type":"","background-media":"","overlay-type":"","overlay-color":"","overlay-opacity":"","overlay-gradient":""}},"ast-content-background-meta":{"desktop":{"background-color":"var(--ast-global-color-5)","background-image":"","background-repeat":"repeat","background-position":"center center","background-size":"auto","background-attachment":"scroll","background-type":"","background-media":"","overlay-type":"","overlay-color":"","overlay-opacity":"","overlay-gradient":""},"tablet":{"background-color":"var(--ast-global-color-5)","background-image":"","background-repeat":"repeat","background-position":"center center","background-size":"auto","background-attachment":"scroll","background-type":"","background-media":"","overlay-type":"","overlay-color":"","overlay-opacity":"","overlay-gradient":""},"mobile":{"background-color":"var(--ast-global-color-5)","background-image":"","background-repeat":"repeat","background-position":"center center","background-size":"auto","background-attachment":"scroll","background-type":"","background-media":"","overlay-type":"","overlay-color":"","overlay-opacity":"","overlay-gradient":""}},"footnotes":""},"class_list":["post-67376","page","type-page","status-publish","hentry"],"yoast_head":"<!-- This site is optimized with the Yoast SEO plugin v22.4 - https:\/\/yoast.com\/wordpress\/plugins\/seo\/ -->\n<title>Aula h\u00edbrida - Col\u00b7legi de Farmac\u00e8utics de Barcelona<\/title>\n<meta name=\"robots\" content=\"index, follow, max-snippet:-1, max-image-preview:large, max-video-preview:-1\" \/>\n<link rel=\"canonical\" href=\"https:\/\/www.cofb.org\/es\/que-oferim\/empreses-entitats\/lloguer-dinstallacions\/aula-hibrida\/\" \/>\n<meta property=\"og:locale\" content=\"es_ES\" \/>\n<meta property=\"og:type\" content=\"article\" \/>\n<meta property=\"og:title\" content=\"Aula h\u00edbrida - Col\u00b7legi de Farmac\u00e8utics de Barcelona\" \/>\n<meta property=\"og:description\" content=\"Caracter\u00edstiques *Consulta el cat\u00e0leg espec\u00edfic de l&#8217;aula h\u00edbrida en PDF. Dimensions 60 m2\/\u00a097 m2 Capacitat i distribuci\u00f3 Equipament Els nostres espais digitals disposen de tots els elements tecnol\u00f2gics necessaris per dur a terme webinars i actes h\u00edbrids amb totes les garanties.&nbsp;\" \/>\n<meta property=\"og:url\" content=\"https:\/\/www.cofb.org\/es\/que-oferim\/empreses-entitats\/lloguer-dinstallacions\/aula-hibrida\/\" \/>\n<meta property=\"og:site_name\" content=\"Col\u00b7legi de Farmac\u00e8utics de Barcelona\" \/>\n<meta property=\"article:publisher\" content=\"https:\/\/www.facebook.com\/farmaceuticsbcn\/\" \/>\n<meta property=\"article:modified_time\" content=\"2023-07-25T10:46:55+00:00\" \/>\n<meta property=\"og:image\" content=\"https:\/\/novaorg.cofb.net\/wp-content\/uploads\/2023\/07\/Aula-hibrida.jpg\" \/>\n<meta name=\"twitter:card\" content=\"summary_large_image\" \/>\n<meta name=\"twitter:site\" content=\"@farmaceuticsbcn\" \/>\n<meta name=\"twitter:label1\" content=\"Tiempo de lectura\" \/>\n\t<meta name=\"twitter:data1\" content=\"1 minuto\" \/>\n<script type=\"application\/ld+json\" class=\"yoast-schema-graph\">{\"@context\":\"https:\/\/schema.org\",\"@graph\":[{\"@type\":\"WebPage\",\"@id\":\"https:\/\/www.cofb.org\/que-oferim\/empreses-entitats\/lloguer-dinstallacions\/aula-hibrida\/\",\"url\":\"https:\/\/www.cofb.org\/que-oferim\/empreses-entitats\/lloguer-dinstallacions\/aula-hibrida\/\",\"name\":\"Aula h\u00edbrida - Col\u00b7legi de Farmac\u00e8utics de Barcelona\",\"isPartOf\":{\"@id\":\"https:\/\/www.cofb.org\/#website\"},\"primaryImageOfPage\":{\"@id\":\"https:\/\/www.cofb.org\/que-oferim\/empreses-entitats\/lloguer-dinstallacions\/aula-hibrida\/#primaryimage\"},\"image\":{\"@id\":\"https:\/\/www.cofb.org\/que-oferim\/empreses-entitats\/lloguer-dinstallacions\/aula-hibrida\/#primaryimage\"},\"thumbnailUrl\":\"https:\/\/www.cofb.org\/wp-content\/uploads\/2023\/07\/Aula-hibrida.jpg\",\"datePublished\":\"2023-07-25T10:15:00+00:00\",\"dateModified\":\"2023-07-25T10:46:55+00:00\",\"breadcrumb\":{\"@id\":\"https:\/\/www.cofb.org\/que-oferim\/empreses-entitats\/lloguer-dinstallacions\/aula-hibrida\/#breadcrumb\"},\"inLanguage\":\"es\",\"potentialAction\":[{\"@type\":\"ReadAction\",\"target\":[\"https:\/\/www.cofb.org\/que-oferim\/empreses-entitats\/lloguer-dinstallacions\/aula-hibrida\/\"]}]},{\"@type\":\"ImageObject\",\"inLanguage\":\"es\",\"@id\":\"https:\/\/www.cofb.org\/que-oferim\/empreses-entitats\/lloguer-dinstallacions\/aula-hibrida\/#primaryimage\",\"url\":\"https:\/\/www.cofb.org\/wp-content\/uploads\/2023\/07\/Aula-hibrida.jpg\",\"contentUrl\":\"https:\/\/www.cofb.org\/wp-content\/uploads\/2023\/07\/Aula-hibrida.jpg\"},{\"@type\":\"BreadcrumbList\",\"@id\":\"https:\/\/www.cofb.org\/que-oferim\/empreses-entitats\/lloguer-dinstallacions\/aula-hibrida\/#breadcrumb\",\"itemListElement\":[{\"@type\":\"ListItem\",\"position\":1,\"name\":\"Inici\",\"item\":\"https:\/\/novaorg.cofb.net\/\"},{\"@type\":\"ListItem\",\"position\":2,\"name\":\"Qu\u00e8 oferim?\",\"item\":\"https:\/\/novaorg.cofb.net\/que-oferim\/\"},{\"@type\":\"ListItem\",\"position\":3,\"name\":\"Empreses\/Entitats\",\"item\":\"https:\/\/novaorg.cofb.net\/que-oferim\/empreses-entitats\/\"},{\"@type\":\"ListItem\",\"position\":4,\"name\":\"Lloguer d&#8217;instal\u00b7lacions\",\"item\":\"https:\/\/www.cofb.org\/que-oferim\/empreses-entitats\/lloguer-dinstallacions\/\"},{\"@type\":\"ListItem\",\"position\":5,\"name\":\"Aula h\u00edbrida\"}]},{\"@type\":\"WebSite\",\"@id\":\"https:\/\/www.cofb.org\/#website\",\"url\":\"https:\/\/www.cofb.org\/\",\"name\":\"Col\u00b7legi de Farmac\u00e8utics de Barcelona\",\"description\":\"\",\"publisher\":{\"@id\":\"https:\/\/www.cofb.org\/#organization\"},\"potentialAction\":[{\"@type\":\"SearchAction\",\"target\":{\"@type\":\"EntryPoint\",\"urlTemplate\":\"https:\/\/www.cofb.org\/?s={search_term_string}\"},\"query-input\":\"required name=search_term_string\"}],\"inLanguage\":\"es\"},{\"@type\":\"Organization\",\"@id\":\"https:\/\/www.cofb.org\/#organization\",\"name\":\"Col\u00b7legi de Farmac\u00e8utics de Barcelona\",\"url\":\"https:\/\/www.cofb.org\/\",\"logo\":{\"@type\":\"ImageObject\",\"inLanguage\":\"es\",\"@id\":\"https:\/\/www.cofb.org\/#\/schema\/logo\/image\/\",\"url\":\"https:\/\/www.cofb.org\/wp-content\/uploads\/2023\/11\/cropped-Logotip-COFB.png\",\"contentUrl\":\"https:\/\/www.cofb.org\/wp-content\/uploads\/2023\/11\/cropped-Logotip-COFB.png\",\"width\":500,\"height\":105,\"caption\":\"Col\u00b7legi de Farmac\u00e8utics de Barcelona\"},\"image\":{\"@id\":\"https:\/\/www.cofb.org\/#\/schema\/logo\/image\/\"},\"sameAs\":[\"https:\/\/www.facebook.com\/farmaceuticsbcn\/\",\"https:\/\/twitter.com\/farmaceuticsbcn\",\"https:\/\/www.instagram.com\/farmaceuticsbcn\/\",\"https:\/\/www.linkedin.com\/company\/farmaceuticsbcn\/\"]}]}<\/script>\n<!-- \/ Yoast SEO plugin. -->","yoast_head_json":{"title":"Aula h\u00edbrida - Col\u00b7legi de Farmac\u00e8utics de Barcelona","robots":{"index":"index","follow":"follow","max-snippet":"max-snippet:-1","max-image-preview":"max-image-preview:large","max-video-preview":"max-video-preview:-1"},"canonical":"https:\/\/www.cofb.org\/es\/que-oferim\/empreses-entitats\/lloguer-dinstallacions\/aula-hibrida\/","og_locale":"es_ES","og_type":"article","og_title":"Aula h\u00edbrida - Col\u00b7legi de Farmac\u00e8utics de Barcelona","og_description":"Caracter\u00edstiques *Consulta el cat\u00e0leg espec\u00edfic de l&#8217;aula h\u00edbrida en PDF. Dimensions 60 m2\/\u00a097 m2 Capacitat i distribuci\u00f3 Equipament Els nostres espais digitals disposen de tots els elements tecnol\u00f2gics necessaris per dur a terme webinars i actes h\u00edbrids amb totes les garanties.&nbsp;","og_url":"https:\/\/www.cofb.org\/es\/que-oferim\/empreses-entitats\/lloguer-dinstallacions\/aula-hibrida\/","og_site_name":"Col\u00b7legi de Farmac\u00e8utics de Barcelona","article_publisher":"https:\/\/www.facebook.com\/farmaceuticsbcn\/","article_modified_time":"2023-07-25T10:46:55+00:00","og_image":[{"url":"https:\/\/novaorg.cofb.net\/wp-content\/uploads\/2023\/07\/Aula-hibrida.jpg"}],"twitter_card":"summary_large_image","twitter_site":"@farmaceuticsbcn","twitter_misc":{"Tiempo de lectura":"1 minuto"},"schema":{"@context":"https:\/\/schema.org","@graph":[{"@type":"WebPage","@id":"https:\/\/www.cofb.org\/que-oferim\/empreses-entitats\/lloguer-dinstallacions\/aula-hibrida\/","url":"https:\/\/www.cofb.org\/que-oferim\/empreses-entitats\/lloguer-dinstallacions\/aula-hibrida\/","name":"Aula h\u00edbrida - Col\u00b7legi de Farmac\u00e8utics de Barcelona","isPartOf":{"@id":"https:\/\/www.cofb.org\/#website"},"primaryImageOfPage":{"@id":"https:\/\/www.cofb.org\/que-oferim\/empreses-entitats\/lloguer-dinstallacions\/aula-hibrida\/#primaryimage"},"image":{"@id":"https:\/\/www.cofb.org\/que-oferim\/empreses-entitats\/lloguer-dinstallacions\/aula-hibrida\/#primaryimage"},"thumbnailUrl":"https:\/\/www.cofb.org\/wp-content\/uploads\/2023\/07\/Aula-hibrida.jpg","datePublished":"2023-07-25T10:15:00+00:00","dateModified":"2023-07-25T10:46:55+00:00","breadcrumb":{"@id":"https:\/\/www.cofb.org\/que-oferim\/empreses-entitats\/lloguer-dinstallacions\/aula-hibrida\/#breadcrumb"},"inLanguage":"es","potentialAction":[{"@type":"ReadAction","target":["https:\/\/www.cofb.org\/que-oferim\/empreses-entitats\/lloguer-dinstallacions\/aula-hibrida\/"]}]},{"@type":"ImageObject","inLanguage":"es","@id":"https:\/\/www.cofb.org\/que-oferim\/empreses-entitats\/lloguer-dinstallacions\/aula-hibrida\/#primaryimage","url":"https:\/\/www.cofb.org\/wp-content\/uploads\/2023\/07\/Aula-hibrida.jpg","contentUrl":"https:\/\/www.cofb.org\/wp-content\/uploads\/2023\/07\/Aula-hibrida.jpg"},{"@type":"BreadcrumbList","@id":"https:\/\/www.cofb.org\/que-oferim\/empreses-entitats\/lloguer-dinstallacions\/aula-hibrida\/#breadcrumb","itemListElement":[{"@type":"ListItem","position":1,"name":"Inici","item":"https:\/\/novaorg.cofb.net\/"},{"@type":"ListItem","position":2,"name":"Qu\u00e8 oferim?","item":"https:\/\/novaorg.cofb.net\/que-oferim\/"},{"@type":"ListItem","position":3,"name":"Empreses\/Entitats","item":"https:\/\/novaorg.cofb.net\/que-oferim\/empreses-entitats\/"},{"@type":"ListItem","position":4,"name":"Lloguer d&#8217;instal\u00b7lacions","item":"https:\/\/www.cofb.org\/que-oferim\/empreses-entitats\/lloguer-dinstallacions\/"},{"@type":"ListItem","position":5,"name":"Aula h\u00edbrida"}]},{"@type":"WebSite","@id":"https:\/\/www.cofb.org\/#website","url":"https:\/\/www.cofb.org\/","name":"Col\u00b7legi de Farmac\u00e8utics de Barcelona","description":"","publisher":{"@id":"https:\/\/www.cofb.org\/#organization"},"potentialAction":[{"@type":"SearchAction","target":{"@type":"EntryPoint","urlTemplate":"https:\/\/www.cofb.org\/?s={search_term_string}"},"query-input":"required name=search_term_string"}],"inLanguage":"es"},{"@type":"Organization","@id":"https:\/\/www.cofb.org\/#organization","name":"Col\u00b7legi de Farmac\u00e8utics de Barcelona","url":"https:\/\/www.cofb.org\/","logo":{"@type":"ImageObject","inLanguage":"es","@id":"https:\/\/www.cofb.org\/#\/schema\/logo\/image\/","url":"https:\/\/www.cofb.org\/wp-content\/uploads\/2023\/11\/cropped-Logotip-COFB.png","contentUrl":"https:\/\/www.cofb.org\/wp-content\/uploads\/2023\/11\/cropped-Logotip-COFB.png","width":500,"height":105,"caption":"Col\u00b7legi de Farmac\u00e8utics de Barcelona"},"image":{"@id":"https:\/\/www.cofb.org\/#\/schema\/logo\/image\/"},"sameAs":["https:\/\/www.facebook.com\/farmaceuticsbcn\/","https:\/\/twitter.com\/farmaceuticsbcn","https:\/\/www.instagram.com\/farmaceuticsbcn\/","https:\/\/www.linkedin.com\/company\/farmaceuticsbcn\/"]}]}},"uagb_featured_image_src":{"full":false,"thumbnail":false,"medium":false,"medium_large":false,"large":false,"1536x1536":false,"2048x2048":false,"trp-custom-language-flag":false},"uagb_author_info":{"display_name":"wpAdminCofbOrg","author_link":"https:\/\/www.cofb.org\/es\/author\/wpadmincofborg\/"},"uagb_comment_info":0,"uagb_excerpt":"Caracter\u00edstiques *Consulta el cat\u00e0leg espec\u00edfic de l&#8217;aula h\u00edbrida en PDF. Dimensions 60 m2\/\u00a097 m2 Capacitat i distribuci\u00f3 Equipament Els nostres espais digitals disposen de tots els elements tecnol\u00f2gics necessaris per dur a terme webinars i actes h\u00edbrids amb totes les garanties.&nbsp;","_links":{"self":[{"href":"https:\/\/www.cofb.org\/es\/wp-json\/wp\/v2\/pages\/67376","targetHints":{"allow":["GET"]}}],"collection":[{"href":"https:\/\/www.cofb.org\/es\/wp-json\/wp\/v2\/pages"}],"about":[{"href":"https:\/\/www.cofb.org\/es\/wp-json\/wp\/v2\/types\/page"}],"author":[{"embeddable":true,"href":"https:\/\/www.cofb.org\/es\/wp-json\/wp\/v2\/users\/1"}],"replies":[{"embeddable":true,"href":"https:\/\/www.cofb.org\/es\/wp-json\/wp\/v2\/comments?post=67376"}],"version-history":[{"count":3,"href":"https:\/\/www.cofb.org\/es\/wp-json\/wp\/v2\/pages\/67376\/revisions"}],"predecessor-version":[{"id":67399,"href":"https:\/\/www.cofb.org\/es\/wp-json\/wp\/v2\/pages\/67376\/revisions\/67399"}],"up":[{"embeddable":true,"href":"https:\/\/www.cofb.org\/es\/wp-json\/wp\/v2\/pages\/2967"}],"wp:attachment":[{"href":"https:\/\/www.cofb.org\/es\/wp-json\/wp\/v2\/media?parent=67376"}],"curies":[{"name":"wp","href":"https:\/\/api.w.org\/{rel}","templated":true}]}}