{"id":67371,"date":"2023-07-25T07:13:33","date_gmt":"2023-07-25T07:13:33","guid":{"rendered":"https:\/\/novaorg.cofb.net\/?page_id=67371"},"modified":"2024-07-15T09:50:45","modified_gmt":"2024-07-15T09:50:45","slug":"avis-legal","status":"publish","type":"page","link":"https:\/\/www.cofb.org\/es\/mes-informacio\/avis-legal\/","title":{"rendered":"AVISO LEGAL"},"content":{"rendered":"<h2 class=\"wp-block-heading\">IDENTIFICACI\u00d3N<\/h2>\n\n\n\n<p>El Col\u00b7legi de Farmac\u00e8utics de la Prov\u00edncia de Barcelona, es una corporaci\u00f3n de derecho p\u00fablico, registrada en el Registro de Colegios Profesionales del Departamento de Justicia e Interior de la Generalidad de Catalu\u00f1a, situado en la calle Girona, n\u00famero 64, bajos, 08009 BARCELONA, tel\u00e9fono 93 244 07 10, e-mail cofb@cofb.net y n\u00famero de identificaci\u00f3n fiscal Q-0866002-I. Esta instituci\u00f3n se rige por las Leyes de colegios profesionales estatal y auton\u00f3mica, y por sus propios estatutos declarados adecuados a la legalidad por el citado departamento por Resoluci\u00f3n JUS\/1414\/2008 de 6 de mayo, publicados en el DOGC de 15 de mayo de 2008. Inscripci\u00f3n n\u00famero F\/B 211.<\/p>\n\n\n\n<h2 class=\"wp-block-heading\">PROPIEDAD INTELECTUAL<\/h2>\n\n\n\n<p>Todo el contenido de las p\u00e1ginas de esta web (http:\/\/www.cofb.org\/) es propiedad del Col\u00b7legi, y comprende, a t\u00edtulo enunciativo no limitativo los siguientes elementos: textos, gr\u00e1ficos, im\u00e1genes, logotipos, archivos de software, colores, estructura, selecci\u00f3n, ordenaci\u00f3n y presentaci\u00f3n de contenidos, programa de ordenador para su creaci\u00f3n y funcionamiento, y est\u00e1 totalmente prohibida la reproducci\u00f3n total y\/o parcial, la comunicaci\u00f3n p\u00fablica y el almacenamiento de esta p\u00e1gina y de cualquier otro material y\/o elemento que la integre protegido por la Ley de propiedad intelectual, sin obtener el previo consentimiento del Col\u00b7legi.<\/p>\n\n\n\n<h2 class=\"wp-block-heading\">ACCESO DE LOS USUARIOS<\/h2>\n\n\n\n<p>El usuario se compromete a utilizar este servicio de conformidad con la Ley, las condiciones generales contenidas en este aviso legal, la moral, las buenas costumbres y el orden p\u00fablico. En consecuencia, el usuario se obliga a abstenerse de hacer un uso mediante el cual se lesionen los derechos e intereses de la instituci\u00f3n y de terceros o que de cualquier modo pueda comportar un impedimento en el acceso de otros usuarios autorizados y se hace responsable de los da\u00f1os y perjuicios que el colegio deba soportar por motivo de este uso del portal.<\/p>\n\n\n\n<h2 class=\"wp-block-heading\">LIMITACI\u00d3N DE RESPONSABILIDAD<\/h2>\n\n\n\n<p>El Col\u00b7legi advierte que los contenidos de esta web son de car\u00e1cter informativo y declina toda responsabilidad sobre la informaci\u00f3n que se ofrezca mediante la reproducci\u00f3n de documentos elaborados por otras administraciones p\u00fablicas, noticias de prensa y servicios que proporcionen compa\u00f1\u00edas ajenas al Col\u00b7legi.<\/p>\n\n\n\n<p>Tampoco puede hacerse responsable de las versiones electr\u00f3nicas de los documentos publicados en diarios oficiales, cuando se carguen directamente, de las noticias aparecidas en peri\u00f3dicos y revistas de informaci\u00f3n, ni de los contenidos de los links de inter\u00e9s.<\/p>\n\n\n\n<p>El Col\u00b7legi se reserva el derecho de modificar, actualizar o suprimir cualquiera de los contenidos de esta web.<\/p>\n\n\n\n<p>Tampoco se responsabiliza de los da\u00f1os y perjuicios ocasionados en el sistema inform\u00e1tico de los usuarios por la existencia de virus no detectados u otros elementos lesivos en sus contenidos.<\/p>\n\n\n\n<h2 class=\"wp-block-heading\">PROTECCI\u00d3N DE DATOS:<\/h2>\n\n\n\n<p>De acuerdo con el Reglamento del Parlamento Europeo y del Consejo de Protecci\u00f3n de Datos de 27 de abril de 2016,&nbsp;<br>El Col\u00b7legi de Farmac\u00e8utics de la Prov\u00edncia de Barcelona es el responsable de tratamiento de la base de datos que se genera con el acceso de los usuarios a esta web.<\/p>\n\n\n\n<p>Datos del Representante:<br>Sra. Mercedes Gras Balaguer, Gerente:<br>C\/ Girona 64<br>Correo electr\u00f3nico gerencia@cofb.net<br>Tel. 932440719<\/p>\n\n\n\n<p>Datos del Delegado de Protecci\u00f3n de Datos:<br>Sra. Mercedes Gras Balaguer.<br>C\/ Girona 64<br>Correo electr\u00f3nico protecciodades.cofb@cofb.cat<br>Tel. 932440719<\/p>\n\n\n\n<p><em>Finalidad del tratamiento:&nbsp;<\/em><br>las finalidades propias del funcionamiento del acceso y para aquellas otras funciones que permitan mejorar la prestaci\u00f3n del servicio, comunicar incidencias y realizar acci\u00f3n comercial propia de la web.<\/p>\n\n\n\n<p><em>Conservaci\u00f3n de la informaci\u00f3n:<\/em><br>La informaci\u00f3n de los accesos se conserva durante 38 meses.<br>No se producen decisiones automatizadas, ni perfiles de actividad del usuario en concreto a trav\u00e9s de la web.<\/p>\n\n\n\n<p><em>Legitimaci\u00f3n<\/em>: El Col\u00b7legi como corporaci\u00f3n de derecho p\u00fablico de acuerdo con la Ley de Colegios profesionales, sus Estatutos, la normativa sobre transparencia, y el consentimiento del usuario al acceder a la p\u00e1gina y aceptar los criterios de navegaci\u00f3n .<\/p>\n\n\n\n<p><em>Destinatarios<\/em>: no est\u00e1 prevista ninguna cesi\u00f3n de datos ni transferencias internacionales de los datos.<\/p>\n\n\n\n<p><em>Ejercicio de derechos<\/em>: El usuario tiene derecho al acceso, rectificaci\u00f3n, cancelaci\u00f3n, supresi\u00f3n, y portabilidad, as\u00ed como la limitaci\u00f3n y oposici\u00f3n, al tratamiento de sus datos, a retirar el consentimiento prestado con una comunicaci\u00f3n escrita dirigida a la calle Girona n\u00famero 64, 08009 Barcelona o por correo electr\u00f3nico a la direcci\u00f3n &quot;protecciodades.cofb@cofb.cat&quot;, ya presentar una reclamaci\u00f3n ante la autoridad de control la Autoridad Catalana de Protecci\u00f3n de Datos.<\/p>","protected":false},"excerpt":{"rendered":"<p>IDENTIFICACI\u00d3N El Colegio de Farmac\u00e9uticos de la Provincia de Barcelona, es una corporaci\u00f3n de derecho p\u00fablico, registrada en el Registro de Colegios Profesionales del Departamento de Justicia e Interior de la Generalidad de Catalu\u00f1a, situado en la calle Girona, n\u00famero 64, bajos , 08009 BARCELONA, tel\u00e9fono 93 244 07 10, e-mail cofb@cofb.net y n\u00famero [\u2026]<\/p>","protected":false},"author":1,"featured_media":0,"parent":67454,"menu_order":0,"comment_status":"closed","ping_status":"closed","template":"","meta":{"_uag_custom_page_level_css":"","site-sidebar-layout":"default","site-content-layout":"","ast-site-content-layout":"default","site-content-style":"default","site-sidebar-style":"default","ast-global-header-display":"","ast-banner-title-visibility":"","ast-main-header-display":"","ast-hfb-above-header-display":"","ast-hfb-below-header-display":"","ast-hfb-mobile-header-display":"","site-post-title":"","ast-breadcrumbs-content":"","ast-featured-img":"","footer-sml-layout":"","theme-transparent-header-meta":"","adv-header-id-meta":"","stick-header-meta":"","header-above-stick-meta":"","header-main-stick-meta":"","header-below-stick-meta":"","astra-migrate-meta-layouts":"set","ast-page-background-enabled":"default","ast-page-background-meta":{"desktop":{"background-color":"var(--ast-global-color-4)","background-image":"","background-repeat":"repeat","background-position":"center center","background-size":"auto","background-attachment":"scroll","background-type":"","background-media":"","overlay-type":"","overlay-color":"","overlay-opacity":"","overlay-gradient":""},"tablet":{"background-color":"","background-image":"","background-repeat":"repeat","background-position":"center center","background-size":"auto","background-attachment":"scroll","background-type":"","background-media":"","overlay-type":"","overlay-color":"","overlay-opacity":"","overlay-gradient":""},"mobile":{"background-color":"","background-image":"","background-repeat":"repeat","background-position":"center center","background-size":"auto","background-attachment":"scroll","background-type":"","background-media":"","overlay-type":"","overlay-color":"","overlay-opacity":"","overlay-gradient":""}},"ast-content-background-meta":{"desktop":{"background-color":"var(--ast-global-color-5)","background-image":"","background-repeat":"repeat","background-position":"center center","background-size":"auto","background-attachment":"scroll","background-type":"","background-media":"","overlay-type":"","overlay-color":"","overlay-opacity":"","overlay-gradient":""},"tablet":{"background-color":"var(--ast-global-color-5)","background-image":"","background-repeat":"repeat","background-position":"center center","background-size":"auto","background-attachment":"scroll","background-type":"","background-media":"","overlay-type":"","overlay-color":"","overlay-opacity":"","overlay-gradient":""},"mobile":{"background-color":"var(--ast-global-color-5)","background-image":"","background-repeat":"repeat","background-position":"center center","background-size":"auto","background-attachment":"scroll","background-type":"","background-media":"","overlay-type":"","overlay-color":"","overlay-opacity":"","overlay-gradient":""}},"footnotes":""},"class_list":["post-67371","page","type-page","status-publish","hentry"],"yoast_head":"<!-- This site is optimized with the Yoast SEO plugin v22.4 - https:\/\/yoast.com\/wordpress\/plugins\/seo\/ -->\n<title>AV\u00cdS LEGAL - Col\u00b7legi de Farmac\u00e8utics de Barcelona<\/title>\n<meta name=\"robots\" content=\"index, follow, max-snippet:-1, max-image-preview:large, max-video-preview:-1\" \/>\n<link rel=\"canonical\" href=\"https:\/\/www.cofb.org\/es\/mes-informacio\/avis-legal\/\" \/>\n<meta property=\"og:locale\" content=\"es_ES\" \/>\n<meta property=\"og:type\" content=\"article\" \/>\n<meta property=\"og:title\" content=\"AV\u00cdS LEGAL - Col\u00b7legi de Farmac\u00e8utics de Barcelona\" \/>\n<meta property=\"og:description\" content=\"IDENTIFICACI\u00d3 El Col\u00b7legi de Farmac\u00e8utics de la Prov\u00edncia de Barcelona, \u00e9s una corporaci\u00f3 de dret p\u00fablic, registrada en el Registre de Col\u00b7legis Professionals del Departament de Just\u00edcia i Interior de la Generalitat de Catalunya, situat al carrer Girona, n\u00famero 64, baixos, 08009 BARCELONA, tel\u00e8fon 93 244 07 10, e-mail&nbsp;cofb@cofb.net&nbsp;i n\u00famero [&hellip;]\" \/>\n<meta property=\"og:url\" content=\"https:\/\/www.cofb.org\/es\/mes-informacio\/avis-legal\/\" \/>\n<meta property=\"og:site_name\" content=\"Col\u00b7legi de Farmac\u00e8utics de Barcelona\" \/>\n<meta property=\"article:publisher\" content=\"https:\/\/www.facebook.com\/farmaceuticsbcn\/\" \/>\n<meta property=\"article:modified_time\" content=\"2024-07-15T09:50:45+00:00\" \/>\n<meta name=\"twitter:card\" content=\"summary_large_image\" \/>\n<meta name=\"twitter:site\" content=\"@farmaceuticsbcn\" \/>\n<meta name=\"twitter:label1\" content=\"Tiempo de lectura\" \/>\n\t<meta name=\"twitter:data1\" content=\"4 minutos\" \/>\n<script type=\"application\/ld+json\" class=\"yoast-schema-graph\">{\"@context\":\"https:\/\/schema.org\",\"@graph\":[{\"@type\":\"WebPage\",\"@id\":\"https:\/\/www.cofb.org\/mes-informacio\/avis-legal\/\",\"url\":\"https:\/\/www.cofb.org\/mes-informacio\/avis-legal\/\",\"name\":\"AV\u00cdS LEGAL - Col\u00b7legi de Farmac\u00e8utics de Barcelona\",\"isPartOf\":{\"@id\":\"https:\/\/www.cofb.org\/#website\"},\"datePublished\":\"2023-07-25T07:13:33+00:00\",\"dateModified\":\"2024-07-15T09:50:45+00:00\",\"breadcrumb\":{\"@id\":\"https:\/\/www.cofb.org\/mes-informacio\/avis-legal\/#breadcrumb\"},\"inLanguage\":\"es\",\"potentialAction\":[{\"@type\":\"ReadAction\",\"target\":[\"https:\/\/www.cofb.org\/mes-informacio\/avis-legal\/\"]}]},{\"@type\":\"BreadcrumbList\",\"@id\":\"https:\/\/www.cofb.org\/mes-informacio\/avis-legal\/#breadcrumb\",\"itemListElement\":[{\"@type\":\"ListItem\",\"position\":1,\"name\":\"Inici\",\"item\":\"https:\/\/novaorg.cofb.net\/\"},{\"@type\":\"ListItem\",\"position\":2,\"name\":\"M\u00e9s informaci\u00f3\",\"item\":\"https:\/\/novaorg.cofb.net\/mes-informacio\/\"},{\"@type\":\"ListItem\",\"position\":3,\"name\":\"AV\u00cdS LEGAL\"}]},{\"@type\":\"WebSite\",\"@id\":\"https:\/\/www.cofb.org\/#website\",\"url\":\"https:\/\/www.cofb.org\/\",\"name\":\"Col\u00b7legi de Farmac\u00e8utics de Barcelona\",\"description\":\"\",\"publisher\":{\"@id\":\"https:\/\/www.cofb.org\/#organization\"},\"potentialAction\":[{\"@type\":\"SearchAction\",\"target\":{\"@type\":\"EntryPoint\",\"urlTemplate\":\"https:\/\/www.cofb.org\/?s={search_term_string}\"},\"query-input\":\"required name=search_term_string\"}],\"inLanguage\":\"es\"},{\"@type\":\"Organization\",\"@id\":\"https:\/\/www.cofb.org\/#organization\",\"name\":\"Col\u00b7legi de Farmac\u00e8utics de Barcelona\",\"url\":\"https:\/\/www.cofb.org\/\",\"logo\":{\"@type\":\"ImageObject\",\"inLanguage\":\"es\",\"@id\":\"https:\/\/www.cofb.org\/#\/schema\/logo\/image\/\",\"url\":\"https:\/\/www.cofb.org\/wp-content\/uploads\/2023\/11\/cropped-Logotip-COFB.png\",\"contentUrl\":\"https:\/\/www.cofb.org\/wp-content\/uploads\/2023\/11\/cropped-Logotip-COFB.png\",\"width\":500,\"height\":105,\"caption\":\"Col\u00b7legi de Farmac\u00e8utics de Barcelona\"},\"image\":{\"@id\":\"https:\/\/www.cofb.org\/#\/schema\/logo\/image\/\"},\"sameAs\":[\"https:\/\/www.facebook.com\/farmaceuticsbcn\/\",\"https:\/\/twitter.com\/farmaceuticsbcn\",\"https:\/\/www.instagram.com\/farmaceuticsbcn\/\",\"https:\/\/www.linkedin.com\/company\/farmaceuticsbcn\/\"]}]}<\/script>\n<!-- \/ Yoast SEO plugin. -->","yoast_head_json":{"title":"AV\u00cdS LEGAL - Col\u00b7legi de Farmac\u00e8utics de Barcelona","robots":{"index":"index","follow":"follow","max-snippet":"max-snippet:-1","max-image-preview":"max-image-preview:large","max-video-preview":"max-video-preview:-1"},"canonical":"https:\/\/www.cofb.org\/es\/mes-informacio\/avis-legal\/","og_locale":"es_ES","og_type":"article","og_title":"AV\u00cdS LEGAL - Col\u00b7legi de Farmac\u00e8utics de Barcelona","og_description":"IDENTIFICACI\u00d3 El Col\u00b7legi de Farmac\u00e8utics de la Prov\u00edncia de Barcelona, \u00e9s una corporaci\u00f3 de dret p\u00fablic, registrada en el Registre de Col\u00b7legis Professionals del Departament de Just\u00edcia i Interior de la Generalitat de Catalunya, situat al carrer Girona, n\u00famero 64, baixos, 08009 BARCELONA, tel\u00e8fon 93 244 07 10, e-mail&nbsp;cofb@cofb.net&nbsp;i n\u00famero [&hellip;]","og_url":"https:\/\/www.cofb.org\/es\/mes-informacio\/avis-legal\/","og_site_name":"Col\u00b7legi de Farmac\u00e8utics de Barcelona","article_publisher":"https:\/\/www.facebook.com\/farmaceuticsbcn\/","article_modified_time":"2024-07-15T09:50:45+00:00","twitter_card":"summary_large_image","twitter_site":"@farmaceuticsbcn","twitter_misc":{"Tiempo de lectura":"4 minutos"},"schema":{"@context":"https:\/\/schema.org","@graph":[{"@type":"WebPage","@id":"https:\/\/www.cofb.org\/mes-informacio\/avis-legal\/","url":"https:\/\/www.cofb.org\/mes-informacio\/avis-legal\/","name":"AV\u00cdS LEGAL - Col\u00b7legi de Farmac\u00e8utics de Barcelona","isPartOf":{"@id":"https:\/\/www.cofb.org\/#website"},"datePublished":"2023-07-25T07:13:33+00:00","dateModified":"2024-07-15T09:50:45+00:00","breadcrumb":{"@id":"https:\/\/www.cofb.org\/mes-informacio\/avis-legal\/#breadcrumb"},"inLanguage":"es","potentialAction":[{"@type":"ReadAction","target":["https:\/\/www.cofb.org\/mes-informacio\/avis-legal\/"]}]},{"@type":"BreadcrumbList","@id":"https:\/\/www.cofb.org\/mes-informacio\/avis-legal\/#breadcrumb","itemListElement":[{"@type":"ListItem","position":1,"name":"Inici","item":"https:\/\/novaorg.cofb.net\/"},{"@type":"ListItem","position":2,"name":"M\u00e9s informaci\u00f3","item":"https:\/\/novaorg.cofb.net\/mes-informacio\/"},{"@type":"ListItem","position":3,"name":"AV\u00cdS LEGAL"}]},{"@type":"WebSite","@id":"https:\/\/www.cofb.org\/#website","url":"https:\/\/www.cofb.org\/","name":"Col\u00b7legi de Farmac\u00e8utics de Barcelona","description":"","publisher":{"@id":"https:\/\/www.cofb.org\/#organization"},"potentialAction":[{"@type":"SearchAction","target":{"@type":"EntryPoint","urlTemplate":"https:\/\/www.cofb.org\/?s={search_term_string}"},"query-input":"required name=search_term_string"}],"inLanguage":"es"},{"@type":"Organization","@id":"https:\/\/www.cofb.org\/#organization","name":"Col\u00b7legi de Farmac\u00e8utics de Barcelona","url":"https:\/\/www.cofb.org\/","logo":{"@type":"ImageObject","inLanguage":"es","@id":"https:\/\/www.cofb.org\/#\/schema\/logo\/image\/","url":"https:\/\/www.cofb.org\/wp-content\/uploads\/2023\/11\/cropped-Logotip-COFB.png","contentUrl":"https:\/\/www.cofb.org\/wp-content\/uploads\/2023\/11\/cropped-Logotip-COFB.png","width":500,"height":105,"caption":"Col\u00b7legi de Farmac\u00e8utics de Barcelona"},"image":{"@id":"https:\/\/www.cofb.org\/#\/schema\/logo\/image\/"},"sameAs":["https:\/\/www.facebook.com\/farmaceuticsbcn\/","https:\/\/twitter.com\/farmaceuticsbcn","https:\/\/www.instagram.com\/farmaceuticsbcn\/","https:\/\/www.linkedin.com\/company\/farmaceuticsbcn\/"]}]}},"uagb_featured_image_src":{"full":false,"thumbnail":false,"medium":false,"medium_large":false,"large":false,"1536x1536":false,"2048x2048":false,"trp-custom-language-flag":false},"uagb_author_info":{"display_name":"wpAdminCofbOrg","author_link":"https:\/\/www.cofb.org\/es\/author\/wpadmincofborg\/"},"uagb_comment_info":0,"uagb_excerpt":"IDENTIFICACI\u00d3 El Col\u00b7legi de Farmac\u00e8utics de la Prov\u00edncia de Barcelona, \u00e9s una corporaci\u00f3 de dret p\u00fablic, registrada en el Registre de Col\u00b7legis Professionals del Departament de Just\u00edcia i Interior de la Generalitat de Catalunya, situat al carrer Girona, n\u00famero 64, baixos, 08009 BARCELONA, tel\u00e8fon 93 244 07 10, e-mail&nbsp;cofb@cofb.net&nbsp;i n\u00famero [&hellip;]","_links":{"self":[{"href":"https:\/\/www.cofb.org\/es\/wp-json\/wp\/v2\/pages\/67371","targetHints":{"allow":["GET"]}}],"collection":[{"href":"https:\/\/www.cofb.org\/es\/wp-json\/wp\/v2\/pages"}],"about":[{"href":"https:\/\/www.cofb.org\/es\/wp-json\/wp\/v2\/types\/page"}],"author":[{"embeddable":true,"href":"https:\/\/www.cofb.org\/es\/wp-json\/wp\/v2\/users\/1"}],"replies":[{"embeddable":true,"href":"https:\/\/www.cofb.org\/es\/wp-json\/wp\/v2\/comments?post=67371"}],"version-history":[{"count":4,"href":"https:\/\/www.cofb.org\/es\/wp-json\/wp\/v2\/pages\/67371\/revisions"}],"predecessor-version":[{"id":78935,"href":"https:\/\/www.cofb.org\/es\/wp-json\/wp\/v2\/pages\/67371\/revisions\/78935"}],"up":[{"embeddable":true,"href":"https:\/\/www.cofb.org\/es\/wp-json\/wp\/v2\/pages\/67454"}],"wp:attachment":[{"href":"https:\/\/www.cofb.org\/es\/wp-json\/wp\/v2\/media?parent=67371"}],"curies":[{"name":"wp","href":"https:\/\/api.w.org\/{rel}","templated":true}]}}