{"id":3760,"date":"2023-07-07T11:17:20","date_gmt":"2023-07-07T11:17:20","guid":{"rendered":"https:\/\/novaorg.cofb.net\/?page_id=3760"},"modified":"2024-08-29T12:13:19","modified_gmt":"2024-08-29T12:13:19","slug":"tramitacio-dalta-com-a-collegiat","status":"publish","type":"page","link":"https:\/\/www.cofb.org\/es\/que-oferim\/farmaceutics\/collegiat\/tramitacio-dalta-com-a-collegiat\/","title":{"rendered":"Tramitaci\u00f3n de alta como colegiado"},"content":{"rendered":"<p id=\"yui_patched_v3_11_0_1_1688728516677_286\">Para que puedas darte de alta como colegiado, es imprescindible haber cursado la licenciatura\/grado en Farmacia.<\/p>\n\n\n\n<p>La incorporaci\u00f3n en el colegio profesional correspondiente es un requisito necesario para el ejercicio de las profesiones colegiadas, seg\u00fan la Ley 7\/2006, de 31 de mayo, del ejercicio de profesiones tituladas y de los colegios profesionales.<\/p>\n\n\n\n<p>El ingreso en el Col\u00b7legi es condici\u00f3n previa y requisito indispensable para poder ejercer la profesi\u00f3n en cualquiera de las modalidades, siempre que el domicilio profesional \u00fanico o principal est\u00e9 situado en esta provincia.<\/p>\n\n\n\n<p>Si eres un profesional colegiado en otro colegio del Estado, deber\u00e1s comunicarlo al COFB antes de empezar a ejercer. En el caso de los farmac\u00e9uticos intercomunitarios, se necesitar\u00e1 un&nbsp;<strong>reconocimiento&nbsp;<\/strong>del t\u00edtulo y por los extracomunitarios, una&nbsp;<strong>homologaci\u00f3n&nbsp;<\/strong>de \u00e9ste.<\/p>\n\n\n\n<p>Para m\u00e1s informaci\u00f3n, consulta el apartado&nbsp;<a data-type=\"page\" data-id=\"69104\" href=\"https:\/\/www.cofb.org\/es\/qui-som\/el-collegi\/transparencia\/publicitat-activa\/informacio-i-tramits\/collegiacio\/\" target=\"_blank\" rel=\"noreferrer noopener\">Colegiaci\u00f3n<\/a>&nbsp;del&nbsp;<a data-type=\"page\" data-id=\"2616\" href=\"https:\/\/www.cofb.org\/es\/qui-som\/el-collegi\/transparencia\/\" target=\"_blank\" rel=\"noreferrer noopener\">Portal de Transparencia<\/a>.<\/p>\n\n\n\n<h2 class=\"wp-block-heading\">Colegiaci\u00f3n presencial<\/h2>\n\n\n\n<p>Para colegiarte presencialmente, s\u00f3lo tienes que presentar la siguiente documentaci\u00f3n en la Secretar\u00eda del Col\u00b7legi:<\/p>\n\n\n\n<ul class=\"wp-block-list\">\n<li>T\u00edtulo original expedido por la Facultad de Farmacia o, en caso de no tenerlo, copia del resguardo<\/li>\n\n\n\n<li>Documento Nacional de Identidad (DNI) o NIE<\/li>\n\n\n\n<li>Datos bancarios (cuenta corriente)<\/li>\n\n\n\n<li>Certificado de baja de colegiaci\u00f3n en caso de proceder de otro colegio de farmac\u00e9uticos.<\/li>\n<\/ul>\n\n\n\n<p>Horario:<\/p>\n\n\n\n<p><a href=\"https:\/\/tramits.cofb.net\/Ciutadania\/DetallTramit.aspx?Cercador=True&amp;IdTramit=55\" target=\"_blank\" rel=\"noreferrer noopener\"><strong>Ser\u00e1 necesario solicitar cita previa:&nbsp;<\/strong><\/a><\/p>\n\n\n\n<ul class=\"wp-block-list\">\n<li>De lunes a jueves: de 9 ha 14:30 h<\/li>\n\n\n\n<li>Viernes: de 8:30 ha 14:30 h<\/li>\n<\/ul>\n\n\n\n<p><strong>Horario de verano (del 15 de julio al 31 de agosto):<\/strong><br>De lunes a viernes: de 8:00 ha 14:30 h<\/p>\n\n\n\n<h2 class=\"wp-block-heading\">Colegiaci\u00f3n online<\/h2>\n\n\n\n<p>Consulta c\u00f3mo hacerlo a trav\u00e9s del&nbsp;<a href=\"https:\/\/tramits.cofb.net\/Ciutadania\/DetallTramit.aspx?Cercador=True&amp;IdTramit=5\" target=\"_blank\" rel=\"noreferrer noopener\">portal de tr\u00e1mites del COFB<\/a>.&nbsp;<\/p>\n\n\n\n<p><a href=\"javascript: window.print()\"><\/a><\/p>","protected":false},"excerpt":{"rendered":"<p>Para que puedas darte de alta como colegiado, es imprescindible haber cursado la licenciatura\/grado en Farmacia. La incorporaci\u00f3n en el colegio profesional correspondiente es un requisito necesario para el ejercicio de las profesiones colegiadas, seg\u00fan la Ley 7\/2006, de 31 de mayo, del ejercicio de profesiones tituladas y de los colegios profesionales. [\u2026]<\/p>","protected":false},"author":1,"featured_media":0,"parent":2762,"menu_order":0,"comment_status":"closed","ping_status":"closed","template":"","meta":{"_uag_custom_page_level_css":"","site-sidebar-layout":"default","site-content-layout":"","ast-site-content-layout":"default","site-content-style":"default","site-sidebar-style":"default","ast-global-header-display":"","ast-banner-title-visibility":"","ast-main-header-display":"","ast-hfb-above-header-display":"","ast-hfb-below-header-display":"","ast-hfb-mobile-header-display":"","site-post-title":"","ast-breadcrumbs-content":"","ast-featured-img":"","footer-sml-layout":"","theme-transparent-header-meta":"","adv-header-id-meta":"","stick-header-meta":"","header-above-stick-meta":"","header-main-stick-meta":"","header-below-stick-meta":"","astra-migrate-meta-layouts":"set","ast-page-background-enabled":"default","ast-page-background-meta":{"desktop":{"background-color":"var(--ast-global-color-4)","background-image":"","background-repeat":"repeat","background-position":"center center","background-size":"auto","background-attachment":"scroll","background-type":"","background-media":"","overlay-type":"","overlay-color":"","overlay-opacity":"","overlay-gradient":""},"tablet":{"background-color":"","background-image":"","background-repeat":"repeat","background-position":"center center","background-size":"auto","background-attachment":"scroll","background-type":"","background-media":"","overlay-type":"","overlay-color":"","overlay-opacity":"","overlay-gradient":""},"mobile":{"background-color":"","background-image":"","background-repeat":"repeat","background-position":"center center","background-size":"auto","background-attachment":"scroll","background-type":"","background-media":"","overlay-type":"","overlay-color":"","overlay-opacity":"","overlay-gradient":""}},"ast-content-background-meta":{"desktop":{"background-color":"var(--ast-global-color-5)","background-image":"","background-repeat":"repeat","background-position":"center center","background-size":"auto","background-attachment":"scroll","background-type":"","background-media":"","overlay-type":"","overlay-color":"","overlay-opacity":"","overlay-gradient":""},"tablet":{"background-color":"var(--ast-global-color-5)","background-image":"","background-repeat":"repeat","background-position":"center center","background-size":"auto","background-attachment":"scroll","background-type":"","background-media":"","overlay-type":"","overlay-color":"","overlay-opacity":"","overlay-gradient":""},"mobile":{"background-color":"var(--ast-global-color-5)","background-image":"","background-repeat":"repeat","background-position":"center center","background-size":"auto","background-attachment":"scroll","background-type":"","background-media":"","overlay-type":"","overlay-color":"","overlay-opacity":"","overlay-gradient":""}},"footnotes":""},"class_list":["post-3760","page","type-page","status-publish","hentry"],"yoast_head":"<!-- This site is optimized with the Yoast SEO plugin v22.4 - https:\/\/yoast.com\/wordpress\/plugins\/seo\/ -->\n<title>Tramitaci\u00f3 d&#039;alta com a col\u00b7legiat - Col\u00b7legi de Farmac\u00e8utics de Barcelona<\/title>\n<meta name=\"robots\" content=\"index, follow, max-snippet:-1, max-image-preview:large, max-video-preview:-1\" \/>\n<link rel=\"canonical\" href=\"https:\/\/www.cofb.org\/es\/que-oferim\/farmaceutics\/collegiat\/tramitacio-dalta-com-a-collegiat\/\" \/>\n<meta property=\"og:locale\" content=\"es_ES\" \/>\n<meta property=\"og:type\" content=\"article\" \/>\n<meta property=\"og:title\" content=\"Tramitaci\u00f3 d&#039;alta com a col\u00b7legiat - Col\u00b7legi de Farmac\u00e8utics de Barcelona\" \/>\n<meta property=\"og:description\" content=\"Perqu\u00e8 et puguis donar d\u2019alta com a col\u00b7legiat, \u00e9s imprescindible haver cursat la llicenciatura\/grau en Farm\u00e0cia. La incorporaci\u00f3 al col\u00b7legi professional corresponent \u00e9s un requisit necessari per a l&#8217;exercici de les professions col\u00b7legiades, segons la Llei 7\/2006, de 31 de maig, de l&#8217;exercici de professions titulades i dels col\u00b7legis professionals. [&hellip;]\" \/>\n<meta property=\"og:url\" content=\"https:\/\/www.cofb.org\/es\/que-oferim\/farmaceutics\/collegiat\/tramitacio-dalta-com-a-collegiat\/\" \/>\n<meta property=\"og:site_name\" content=\"Col\u00b7legi de Farmac\u00e8utics de Barcelona\" \/>\n<meta property=\"article:publisher\" content=\"https:\/\/www.facebook.com\/farmaceuticsbcn\/\" \/>\n<meta property=\"article:modified_time\" content=\"2024-08-29T12:13:19+00:00\" \/>\n<meta name=\"twitter:card\" content=\"summary_large_image\" \/>\n<meta name=\"twitter:site\" content=\"@farmaceuticsbcn\" \/>\n<meta name=\"twitter:label1\" content=\"Tiempo de lectura\" \/>\n\t<meta name=\"twitter:data1\" content=\"2 minutos\" \/>\n<script type=\"application\/ld+json\" class=\"yoast-schema-graph\">{\"@context\":\"https:\/\/schema.org\",\"@graph\":[{\"@type\":\"WebPage\",\"@id\":\"https:\/\/www.cofb.org\/que-oferim\/farmaceutics\/collegiat\/tramitacio-dalta-com-a-collegiat\/\",\"url\":\"https:\/\/www.cofb.org\/que-oferim\/farmaceutics\/collegiat\/tramitacio-dalta-com-a-collegiat\/\",\"name\":\"Tramitaci\u00f3 d'alta com a col\u00b7legiat - Col\u00b7legi de Farmac\u00e8utics de Barcelona\",\"isPartOf\":{\"@id\":\"https:\/\/www.cofb.org\/#website\"},\"datePublished\":\"2023-07-07T11:17:20+00:00\",\"dateModified\":\"2024-08-29T12:13:19+00:00\",\"breadcrumb\":{\"@id\":\"https:\/\/www.cofb.org\/que-oferim\/farmaceutics\/collegiat\/tramitacio-dalta-com-a-collegiat\/#breadcrumb\"},\"inLanguage\":\"es\",\"potentialAction\":[{\"@type\":\"ReadAction\",\"target\":[\"https:\/\/www.cofb.org\/que-oferim\/farmaceutics\/collegiat\/tramitacio-dalta-com-a-collegiat\/\"]}]},{\"@type\":\"BreadcrumbList\",\"@id\":\"https:\/\/www.cofb.org\/que-oferim\/farmaceutics\/collegiat\/tramitacio-dalta-com-a-collegiat\/#breadcrumb\",\"itemListElement\":[{\"@type\":\"ListItem\",\"position\":1,\"name\":\"Inici\",\"item\":\"https:\/\/novaorg.cofb.net\/\"},{\"@type\":\"ListItem\",\"position\":2,\"name\":\"Qu\u00e8 oferim?\",\"item\":\"https:\/\/novaorg.cofb.net\/que-oferim\/\"},{\"@type\":\"ListItem\",\"position\":3,\"name\":\"Farmac\u00e8utics\",\"item\":\"https:\/\/novaorg.cofb.net\/que-oferim\/farmaceutics\/\"},{\"@type\":\"ListItem\",\"position\":4,\"name\":\"Col\u00b7legia&#8217;t\",\"item\":\"https:\/\/www.cofb.org\/que-oferim\/farmaceutics\/collegiat\/\"},{\"@type\":\"ListItem\",\"position\":5,\"name\":\"Tramitaci\u00f3 d&#8217;alta com a col\u00b7legiat\"}]},{\"@type\":\"WebSite\",\"@id\":\"https:\/\/www.cofb.org\/#website\",\"url\":\"https:\/\/www.cofb.org\/\",\"name\":\"Col\u00b7legi de Farmac\u00e8utics de Barcelona\",\"description\":\"\",\"publisher\":{\"@id\":\"https:\/\/www.cofb.org\/#organization\"},\"potentialAction\":[{\"@type\":\"SearchAction\",\"target\":{\"@type\":\"EntryPoint\",\"urlTemplate\":\"https:\/\/www.cofb.org\/?s={search_term_string}\"},\"query-input\":\"required name=search_term_string\"}],\"inLanguage\":\"es\"},{\"@type\":\"Organization\",\"@id\":\"https:\/\/www.cofb.org\/#organization\",\"name\":\"Col\u00b7legi de Farmac\u00e8utics de Barcelona\",\"url\":\"https:\/\/www.cofb.org\/\",\"logo\":{\"@type\":\"ImageObject\",\"inLanguage\":\"es\",\"@id\":\"https:\/\/www.cofb.org\/#\/schema\/logo\/image\/\",\"url\":\"https:\/\/www.cofb.org\/wp-content\/uploads\/2023\/11\/cropped-Logotip-COFB.png\",\"contentUrl\":\"https:\/\/www.cofb.org\/wp-content\/uploads\/2023\/11\/cropped-Logotip-COFB.png\",\"width\":500,\"height\":105,\"caption\":\"Col\u00b7legi de Farmac\u00e8utics de Barcelona\"},\"image\":{\"@id\":\"https:\/\/www.cofb.org\/#\/schema\/logo\/image\/\"},\"sameAs\":[\"https:\/\/www.facebook.com\/farmaceuticsbcn\/\",\"https:\/\/twitter.com\/farmaceuticsbcn\",\"https:\/\/www.instagram.com\/farmaceuticsbcn\/\",\"https:\/\/www.linkedin.com\/company\/farmaceuticsbcn\/\"]}]}<\/script>\n<!-- \/ Yoast SEO plugin. -->","yoast_head_json":{"title":"Tramitaci\u00f3 d'alta com a col\u00b7legiat - Col\u00b7legi de Farmac\u00e8utics de Barcelona","robots":{"index":"index","follow":"follow","max-snippet":"max-snippet:-1","max-image-preview":"max-image-preview:large","max-video-preview":"max-video-preview:-1"},"canonical":"https:\/\/www.cofb.org\/es\/que-oferim\/farmaceutics\/collegiat\/tramitacio-dalta-com-a-collegiat\/","og_locale":"es_ES","og_type":"article","og_title":"Tramitaci\u00f3 d'alta com a col\u00b7legiat - Col\u00b7legi de Farmac\u00e8utics de Barcelona","og_description":"Perqu\u00e8 et puguis donar d\u2019alta com a col\u00b7legiat, \u00e9s imprescindible haver cursat la llicenciatura\/grau en Farm\u00e0cia. La incorporaci\u00f3 al col\u00b7legi professional corresponent \u00e9s un requisit necessari per a l&#8217;exercici de les professions col\u00b7legiades, segons la Llei 7\/2006, de 31 de maig, de l&#8217;exercici de professions titulades i dels col\u00b7legis professionals. [&hellip;]","og_url":"https:\/\/www.cofb.org\/es\/que-oferim\/farmaceutics\/collegiat\/tramitacio-dalta-com-a-collegiat\/","og_site_name":"Col\u00b7legi de Farmac\u00e8utics de Barcelona","article_publisher":"https:\/\/www.facebook.com\/farmaceuticsbcn\/","article_modified_time":"2024-08-29T12:13:19+00:00","twitter_card":"summary_large_image","twitter_site":"@farmaceuticsbcn","twitter_misc":{"Tiempo de lectura":"2 minutos"},"schema":{"@context":"https:\/\/schema.org","@graph":[{"@type":"WebPage","@id":"https:\/\/www.cofb.org\/que-oferim\/farmaceutics\/collegiat\/tramitacio-dalta-com-a-collegiat\/","url":"https:\/\/www.cofb.org\/que-oferim\/farmaceutics\/collegiat\/tramitacio-dalta-com-a-collegiat\/","name":"Tramitaci\u00f3 d'alta com a col\u00b7legiat - Col\u00b7legi de Farmac\u00e8utics de Barcelona","isPartOf":{"@id":"https:\/\/www.cofb.org\/#website"},"datePublished":"2023-07-07T11:17:20+00:00","dateModified":"2024-08-29T12:13:19+00:00","breadcrumb":{"@id":"https:\/\/www.cofb.org\/que-oferim\/farmaceutics\/collegiat\/tramitacio-dalta-com-a-collegiat\/#breadcrumb"},"inLanguage":"es","potentialAction":[{"@type":"ReadAction","target":["https:\/\/www.cofb.org\/que-oferim\/farmaceutics\/collegiat\/tramitacio-dalta-com-a-collegiat\/"]}]},{"@type":"BreadcrumbList","@id":"https:\/\/www.cofb.org\/que-oferim\/farmaceutics\/collegiat\/tramitacio-dalta-com-a-collegiat\/#breadcrumb","itemListElement":[{"@type":"ListItem","position":1,"name":"Inici","item":"https:\/\/novaorg.cofb.net\/"},{"@type":"ListItem","position":2,"name":"Qu\u00e8 oferim?","item":"https:\/\/novaorg.cofb.net\/que-oferim\/"},{"@type":"ListItem","position":3,"name":"Farmac\u00e8utics","item":"https:\/\/novaorg.cofb.net\/que-oferim\/farmaceutics\/"},{"@type":"ListItem","position":4,"name":"Col\u00b7legia&#8217;t","item":"https:\/\/www.cofb.org\/que-oferim\/farmaceutics\/collegiat\/"},{"@type":"ListItem","position":5,"name":"Tramitaci\u00f3 d&#8217;alta com a col\u00b7legiat"}]},{"@type":"WebSite","@id":"https:\/\/www.cofb.org\/#website","url":"https:\/\/www.cofb.org\/","name":"Col\u00b7legi de Farmac\u00e8utics de Barcelona","description":"","publisher":{"@id":"https:\/\/www.cofb.org\/#organization"},"potentialAction":[{"@type":"SearchAction","target":{"@type":"EntryPoint","urlTemplate":"https:\/\/www.cofb.org\/?s={search_term_string}"},"query-input":"required name=search_term_string"}],"inLanguage":"es"},{"@type":"Organization","@id":"https:\/\/www.cofb.org\/#organization","name":"Col\u00b7legi de Farmac\u00e8utics de Barcelona","url":"https:\/\/www.cofb.org\/","logo":{"@type":"ImageObject","inLanguage":"es","@id":"https:\/\/www.cofb.org\/#\/schema\/logo\/image\/","url":"https:\/\/www.cofb.org\/wp-content\/uploads\/2023\/11\/cropped-Logotip-COFB.png","contentUrl":"https:\/\/www.cofb.org\/wp-content\/uploads\/2023\/11\/cropped-Logotip-COFB.png","width":500,"height":105,"caption":"Col\u00b7legi de Farmac\u00e8utics de Barcelona"},"image":{"@id":"https:\/\/www.cofb.org\/#\/schema\/logo\/image\/"},"sameAs":["https:\/\/www.facebook.com\/farmaceuticsbcn\/","https:\/\/twitter.com\/farmaceuticsbcn","https:\/\/www.instagram.com\/farmaceuticsbcn\/","https:\/\/www.linkedin.com\/company\/farmaceuticsbcn\/"]}]}},"uagb_featured_image_src":{"full":false,"thumbnail":false,"medium":false,"medium_large":false,"large":false,"1536x1536":false,"2048x2048":false,"trp-custom-language-flag":false},"uagb_author_info":{"display_name":"wpAdminCofbOrg","author_link":"https:\/\/www.cofb.org\/es\/author\/wpadmincofborg\/"},"uagb_comment_info":0,"uagb_excerpt":"Perqu\u00e8 et puguis donar d\u2019alta com a col\u00b7legiat, \u00e9s imprescindible haver cursat la llicenciatura\/grau en Farm\u00e0cia. La incorporaci\u00f3 al col\u00b7legi professional corresponent \u00e9s un requisit necessari per a l&#8217;exercici de les professions col\u00b7legiades, segons la Llei 7\/2006, de 31 de maig, de l&#8217;exercici de professions titulades i dels col\u00b7legis professionals. [&hellip;]","_links":{"self":[{"href":"https:\/\/www.cofb.org\/es\/wp-json\/wp\/v2\/pages\/3760","targetHints":{"allow":["GET"]}}],"collection":[{"href":"https:\/\/www.cofb.org\/es\/wp-json\/wp\/v2\/pages"}],"about":[{"href":"https:\/\/www.cofb.org\/es\/wp-json\/wp\/v2\/types\/page"}],"author":[{"embeddable":true,"href":"https:\/\/www.cofb.org\/es\/wp-json\/wp\/v2\/users\/1"}],"replies":[{"embeddable":true,"href":"https:\/\/www.cofb.org\/es\/wp-json\/wp\/v2\/comments?post=3760"}],"version-history":[{"count":8,"href":"https:\/\/www.cofb.org\/es\/wp-json\/wp\/v2\/pages\/3760\/revisions"}],"predecessor-version":[{"id":79518,"href":"https:\/\/www.cofb.org\/es\/wp-json\/wp\/v2\/pages\/3760\/revisions\/79518"}],"up":[{"embeddable":true,"href":"https:\/\/www.cofb.org\/es\/wp-json\/wp\/v2\/pages\/2762"}],"wp:attachment":[{"href":"https:\/\/www.cofb.org\/es\/wp-json\/wp\/v2\/media?parent=3760"}],"curies":[{"name":"wp","href":"https:\/\/api.w.org\/{rel}","templated":true}]}}