{"id":3682,"date":"2023-07-07T10:03:21","date_gmt":"2023-07-07T10:03:21","guid":{"rendered":"https:\/\/novaorg.cofb.net\/?page_id=3682"},"modified":"2026-03-13T10:00:38","modified_gmt":"2026-03-13T10:00:38","slug":"convenis","status":"publish","type":"page","link":"https:\/\/www.cofb.org\/es\/qui-som\/convenis\/","title":{"rendered":"Convenios"},"content":{"rendered":"<div class=\"wp-block-uagb-image uagb-block-6fc8c43c wp-block-uagb-image--layout-default wp-block-uagb-image--effect-static wp-block-uagb-image--align-none\"><figure class=\"wp-block-uagb-image__figure\"><img loading=\"lazy\" decoding=\"async\" srcset=\"https:\/\/www.cofb.org\/wp-content\/uploads\/2024\/08\/convenisOK.jpg ,https:\/\/www.cofb.org\/wp-content\/uploads\/2024\/08\/convenisOK.jpg 780w, https:\/\/www.cofb.org\/wp-content\/uploads\/2024\/08\/convenisOK.jpg 360w\" sizes=\"auto, (max-width: 480px) 150px\" src=\"https:\/\/www.cofb.org\/wp-content\/uploads\/2024\/08\/convenisOK.jpg\" alt=\"\" class=\"uag-image-79505\" width=\"987\" height=\"343\" title=\"conveniosOK\" role=\"img\"\/><\/figure><\/div>\n\n\n\n<p><strong>El COFB ha firmado convenios<\/strong>\u00a0<strong>con diferentes entidades<\/strong>\u00a0para contribuir al desarrollo de la profesi\u00f3n y mejorar la salud desde la farmacia.<\/p>\n\n\n\n<p>Son ejemplos los&nbsp;<strong>convenios entre el Col\u00b7legi y el Catsalut<\/strong>&nbsp;para desarrollar una&nbsp;<strong>cartera de servicios profesionales<\/strong>&nbsp;en beneficio del paciente, que se materializa en los&nbsp;<strong>programas de detecci\u00f3n precoz de c\u00e1ncer de colon y recto o del VIH<\/strong>.<\/p>\n\n\n\n<p>En el \u00e1mbito de la&nbsp;<strong>RSC<\/strong>, destacan&nbsp;<strong>colaboraciones con ONGs de la farmacia y asociaciones de pacientes,&nbsp;<\/strong>c\u00f3mo&nbsp;<strong>Farmamundi, Banco Farmac\u00e9utico y Acci\u00f3n Psoriasis.<\/strong><\/p>\n\n\n\n<h2 class=\"wp-block-heading\">\u00bfQuieres colaborar con el COFB?<\/h2>\n\n\n\n<p>En caso de que seas una instituci\u00f3n interesada en el \u00e1mbito farmac\u00e9utico y quieras establecer futuras colaboraciones con el COFB,&nbsp;<a href=\"https:\/\/www.cofb.org\/es\/contacte\/\" data-type=\"page\" data-id=\"2786\" target=\"_blank\" rel=\"noreferrer noopener\">aqu\u00ed&nbsp;<\/a>encontrar\u00e1s el contacto.<\/p>","protected":false},"excerpt":{"rendered":"<p>El COFB ha firmado convenios con diferentes entidades para contribuir al desarrollo de la profesi\u00f3n y mejorar la salud desde la farmacia. Son ejemplos los convenios entre el Colegio y el Catsalut para desarrollar una cartera de servicios profesionales en beneficio del paciente, que se materializa en los programas de detecci\u00f3n precoz de c\u00e1ncer [\u2026]<\/p>","protected":false},"author":1,"featured_media":79505,"parent":2408,"menu_order":10,"comment_status":"closed","ping_status":"closed","template":"","meta":{"_uag_custom_page_level_css":"","site-sidebar-layout":"default","site-content-layout":"","ast-site-content-layout":"default","site-content-style":"default","site-sidebar-style":"default","ast-global-header-display":"","ast-banner-title-visibility":"","ast-main-header-display":"","ast-hfb-above-header-display":"","ast-hfb-below-header-display":"","ast-hfb-mobile-header-display":"","site-post-title":"","ast-breadcrumbs-content":"","ast-featured-img":"disabled","footer-sml-layout":"","theme-transparent-header-meta":"","adv-header-id-meta":"","stick-header-meta":"","header-above-stick-meta":"","header-main-stick-meta":"","header-below-stick-meta":"","astra-migrate-meta-layouts":"set","ast-page-background-enabled":"default","ast-page-background-meta":{"desktop":{"background-color":"var(--ast-global-color-4)","background-image":"","background-repeat":"repeat","background-position":"center center","background-size":"auto","background-attachment":"scroll","background-type":"","background-media":"","overlay-type":"","overlay-color":"","overlay-opacity":"","overlay-gradient":""},"tablet":{"background-color":"","background-image":"","background-repeat":"repeat","background-position":"center center","background-size":"auto","background-attachment":"scroll","background-type":"","background-media":"","overlay-type":"","overlay-color":"","overlay-opacity":"","overlay-gradient":""},"mobile":{"background-color":"","background-image":"","background-repeat":"repeat","background-position":"center center","background-size":"auto","background-attachment":"scroll","background-type":"","background-media":"","overlay-type":"","overlay-color":"","overlay-opacity":"","overlay-gradient":""}},"ast-content-background-meta":{"desktop":{"background-color":"var(--ast-global-color-5)","background-image":"","background-repeat":"repeat","background-position":"center center","background-size":"auto","background-attachment":"scroll","background-type":"","background-media":"","overlay-type":"","overlay-color":"","overlay-opacity":"","overlay-gradient":""},"tablet":{"background-color":"var(--ast-global-color-5)","background-image":"","background-repeat":"repeat","background-position":"center center","background-size":"auto","background-attachment":"scroll","background-type":"","background-media":"","overlay-type":"","overlay-color":"","overlay-opacity":"","overlay-gradient":""},"mobile":{"background-color":"var(--ast-global-color-5)","background-image":"","background-repeat":"repeat","background-position":"center center","background-size":"auto","background-attachment":"scroll","background-type":"","background-media":"","overlay-type":"","overlay-color":"","overlay-opacity":"","overlay-gradient":""}},"footnotes":""},"class_list":["post-3682","page","type-page","status-publish","has-post-thumbnail","hentry"],"yoast_head":"<!-- This site is optimized with the Yoast SEO plugin v22.4 - https:\/\/yoast.com\/wordpress\/plugins\/seo\/ -->\n<title>Convenis - Col\u00b7legi de Farmac\u00e8utics de Barcelona<\/title>\n<meta name=\"robots\" content=\"index, follow, max-snippet:-1, max-image-preview:large, max-video-preview:-1\" \/>\n<link rel=\"canonical\" href=\"https:\/\/www.cofb.org\/es\/qui-som\/convenis\/\" \/>\n<meta property=\"og:locale\" content=\"es_ES\" \/>\n<meta property=\"og:type\" content=\"article\" \/>\n<meta property=\"og:title\" content=\"Convenis - Col\u00b7legi de Farmac\u00e8utics de Barcelona\" \/>\n<meta property=\"og:description\" content=\"El COFB ha signat convenis\u00a0amb diferents entitats\u00a0per contribuir al desenvolupament de la professi\u00f3 i a millorar la salut des de la farm\u00e0cia. En s\u00f3n exemples els&nbsp;convenis entre el Col\u00b7legi i el Catsalut&nbsp;per desenvolupar una&nbsp;cartera de serveis professionals&nbsp;en benefici del pacient, que es materialitza en els&nbsp;programes de detecci\u00f3 preco\u00e7 de c\u00e0ncer [&hellip;]\" \/>\n<meta property=\"og:url\" content=\"https:\/\/www.cofb.org\/es\/qui-som\/convenis\/\" \/>\n<meta property=\"og:site_name\" content=\"Col\u00b7legi de Farmac\u00e8utics de Barcelona\" \/>\n<meta property=\"article:publisher\" content=\"https:\/\/www.facebook.com\/farmaceuticsbcn\/\" \/>\n<meta property=\"article:modified_time\" content=\"2026-03-13T10:00:38+00:00\" \/>\n<meta property=\"og:image\" content=\"https:\/\/www.cofb.org\/wp-content\/uploads\/2024\/08\/convenisOK.jpg\" \/>\n\t<meta property=\"og:image:width\" content=\"864\" \/>\n\t<meta property=\"og:image:height\" content=\"300\" \/>\n\t<meta property=\"og:image:type\" content=\"image\/jpeg\" \/>\n<meta name=\"twitter:card\" content=\"summary_large_image\" \/>\n<meta name=\"twitter:site\" content=\"@farmaceuticsbcn\" \/>\n<meta name=\"twitter:label1\" content=\"Tiempo de lectura\" \/>\n\t<meta name=\"twitter:data1\" content=\"2 minutos\" \/>\n<script type=\"application\/ld+json\" class=\"yoast-schema-graph\">{\"@context\":\"https:\/\/schema.org\",\"@graph\":[{\"@type\":\"WebPage\",\"@id\":\"https:\/\/www.cofb.org\/qui-som\/convenis\/\",\"url\":\"https:\/\/www.cofb.org\/qui-som\/convenis\/\",\"name\":\"Convenis - Col\u00b7legi de Farmac\u00e8utics de Barcelona\",\"isPartOf\":{\"@id\":\"https:\/\/www.cofb.org\/#website\"},\"primaryImageOfPage\":{\"@id\":\"https:\/\/www.cofb.org\/qui-som\/convenis\/#primaryimage\"},\"image\":{\"@id\":\"https:\/\/www.cofb.org\/qui-som\/convenis\/#primaryimage\"},\"thumbnailUrl\":\"https:\/\/www.cofb.org\/wp-content\/uploads\/2024\/08\/convenisOK.jpg\",\"datePublished\":\"2023-07-07T10:03:21+00:00\",\"dateModified\":\"2026-03-13T10:00:38+00:00\",\"breadcrumb\":{\"@id\":\"https:\/\/www.cofb.org\/qui-som\/convenis\/#breadcrumb\"},\"inLanguage\":\"es\",\"potentialAction\":[{\"@type\":\"ReadAction\",\"target\":[\"https:\/\/www.cofb.org\/qui-som\/convenis\/\"]}]},{\"@type\":\"ImageObject\",\"inLanguage\":\"es\",\"@id\":\"https:\/\/www.cofb.org\/qui-som\/convenis\/#primaryimage\",\"url\":\"https:\/\/www.cofb.org\/wp-content\/uploads\/2024\/08\/convenisOK.jpg\",\"contentUrl\":\"https:\/\/www.cofb.org\/wp-content\/uploads\/2024\/08\/convenisOK.jpg\",\"width\":864,\"height\":300},{\"@type\":\"BreadcrumbList\",\"@id\":\"https:\/\/www.cofb.org\/qui-som\/convenis\/#breadcrumb\",\"itemListElement\":[{\"@type\":\"ListItem\",\"position\":1,\"name\":\"Inici\",\"item\":\"https:\/\/novaorg.cofb.net\/\"},{\"@type\":\"ListItem\",\"position\":2,\"name\":\"Qui som?\",\"item\":\"https:\/\/novaorg.cofb.net\/qui-som\/\"},{\"@type\":\"ListItem\",\"position\":3,\"name\":\"Convenis\"}]},{\"@type\":\"WebSite\",\"@id\":\"https:\/\/www.cofb.org\/#website\",\"url\":\"https:\/\/www.cofb.org\/\",\"name\":\"Col\u00b7legi de Farmac\u00e8utics de Barcelona\",\"description\":\"\",\"publisher\":{\"@id\":\"https:\/\/www.cofb.org\/#organization\"},\"potentialAction\":[{\"@type\":\"SearchAction\",\"target\":{\"@type\":\"EntryPoint\",\"urlTemplate\":\"https:\/\/www.cofb.org\/?s={search_term_string}\"},\"query-input\":\"required name=search_term_string\"}],\"inLanguage\":\"es\"},{\"@type\":\"Organization\",\"@id\":\"https:\/\/www.cofb.org\/#organization\",\"name\":\"Col\u00b7legi de Farmac\u00e8utics de Barcelona\",\"url\":\"https:\/\/www.cofb.org\/\",\"logo\":{\"@type\":\"ImageObject\",\"inLanguage\":\"es\",\"@id\":\"https:\/\/www.cofb.org\/#\/schema\/logo\/image\/\",\"url\":\"https:\/\/www.cofb.org\/wp-content\/uploads\/2023\/11\/cropped-Logotip-COFB.png\",\"contentUrl\":\"https:\/\/www.cofb.org\/wp-content\/uploads\/2023\/11\/cropped-Logotip-COFB.png\",\"width\":500,\"height\":105,\"caption\":\"Col\u00b7legi de Farmac\u00e8utics de Barcelona\"},\"image\":{\"@id\":\"https:\/\/www.cofb.org\/#\/schema\/logo\/image\/\"},\"sameAs\":[\"https:\/\/www.facebook.com\/farmaceuticsbcn\/\",\"https:\/\/twitter.com\/farmaceuticsbcn\",\"https:\/\/www.instagram.com\/farmaceuticsbcn\/\",\"https:\/\/www.linkedin.com\/company\/farmaceuticsbcn\/\"]}]}<\/script>\n<!-- \/ Yoast SEO plugin. -->","yoast_head_json":{"title":"Convenis - Col\u00b7legi de Farmac\u00e8utics de Barcelona","robots":{"index":"index","follow":"follow","max-snippet":"max-snippet:-1","max-image-preview":"max-image-preview:large","max-video-preview":"max-video-preview:-1"},"canonical":"https:\/\/www.cofb.org\/es\/qui-som\/convenis\/","og_locale":"es_ES","og_type":"article","og_title":"Convenis - Col\u00b7legi de Farmac\u00e8utics de Barcelona","og_description":"El COFB ha signat convenis\u00a0amb diferents entitats\u00a0per contribuir al desenvolupament de la professi\u00f3 i a millorar la salut des de la farm\u00e0cia. En s\u00f3n exemples els&nbsp;convenis entre el Col\u00b7legi i el Catsalut&nbsp;per desenvolupar una&nbsp;cartera de serveis professionals&nbsp;en benefici del pacient, que es materialitza en els&nbsp;programes de detecci\u00f3 preco\u00e7 de c\u00e0ncer [&hellip;]","og_url":"https:\/\/www.cofb.org\/es\/qui-som\/convenis\/","og_site_name":"Col\u00b7legi de Farmac\u00e8utics de Barcelona","article_publisher":"https:\/\/www.facebook.com\/farmaceuticsbcn\/","article_modified_time":"2026-03-13T10:00:38+00:00","og_image":[{"width":864,"height":300,"url":"https:\/\/www.cofb.org\/wp-content\/uploads\/2024\/08\/convenisOK.jpg","type":"image\/jpeg"}],"twitter_card":"summary_large_image","twitter_site":"@farmaceuticsbcn","twitter_misc":{"Tiempo de lectura":"2 minutos"},"schema":{"@context":"https:\/\/schema.org","@graph":[{"@type":"WebPage","@id":"https:\/\/www.cofb.org\/qui-som\/convenis\/","url":"https:\/\/www.cofb.org\/qui-som\/convenis\/","name":"Convenis - Col\u00b7legi de Farmac\u00e8utics de Barcelona","isPartOf":{"@id":"https:\/\/www.cofb.org\/#website"},"primaryImageOfPage":{"@id":"https:\/\/www.cofb.org\/qui-som\/convenis\/#primaryimage"},"image":{"@id":"https:\/\/www.cofb.org\/qui-som\/convenis\/#primaryimage"},"thumbnailUrl":"https:\/\/www.cofb.org\/wp-content\/uploads\/2024\/08\/convenisOK.jpg","datePublished":"2023-07-07T10:03:21+00:00","dateModified":"2026-03-13T10:00:38+00:00","breadcrumb":{"@id":"https:\/\/www.cofb.org\/qui-som\/convenis\/#breadcrumb"},"inLanguage":"es","potentialAction":[{"@type":"ReadAction","target":["https:\/\/www.cofb.org\/qui-som\/convenis\/"]}]},{"@type":"ImageObject","inLanguage":"es","@id":"https:\/\/www.cofb.org\/qui-som\/convenis\/#primaryimage","url":"https:\/\/www.cofb.org\/wp-content\/uploads\/2024\/08\/convenisOK.jpg","contentUrl":"https:\/\/www.cofb.org\/wp-content\/uploads\/2024\/08\/convenisOK.jpg","width":864,"height":300},{"@type":"BreadcrumbList","@id":"https:\/\/www.cofb.org\/qui-som\/convenis\/#breadcrumb","itemListElement":[{"@type":"ListItem","position":1,"name":"Inici","item":"https:\/\/novaorg.cofb.net\/"},{"@type":"ListItem","position":2,"name":"Qui som?","item":"https:\/\/novaorg.cofb.net\/qui-som\/"},{"@type":"ListItem","position":3,"name":"Convenis"}]},{"@type":"WebSite","@id":"https:\/\/www.cofb.org\/#website","url":"https:\/\/www.cofb.org\/","name":"Col\u00b7legi de Farmac\u00e8utics de Barcelona","description":"","publisher":{"@id":"https:\/\/www.cofb.org\/#organization"},"potentialAction":[{"@type":"SearchAction","target":{"@type":"EntryPoint","urlTemplate":"https:\/\/www.cofb.org\/?s={search_term_string}"},"query-input":"required name=search_term_string"}],"inLanguage":"es"},{"@type":"Organization","@id":"https:\/\/www.cofb.org\/#organization","name":"Col\u00b7legi de Farmac\u00e8utics de Barcelona","url":"https:\/\/www.cofb.org\/","logo":{"@type":"ImageObject","inLanguage":"es","@id":"https:\/\/www.cofb.org\/#\/schema\/logo\/image\/","url":"https:\/\/www.cofb.org\/wp-content\/uploads\/2023\/11\/cropped-Logotip-COFB.png","contentUrl":"https:\/\/www.cofb.org\/wp-content\/uploads\/2023\/11\/cropped-Logotip-COFB.png","width":500,"height":105,"caption":"Col\u00b7legi de Farmac\u00e8utics de Barcelona"},"image":{"@id":"https:\/\/www.cofb.org\/#\/schema\/logo\/image\/"},"sameAs":["https:\/\/www.facebook.com\/farmaceuticsbcn\/","https:\/\/twitter.com\/farmaceuticsbcn","https:\/\/www.instagram.com\/farmaceuticsbcn\/","https:\/\/www.linkedin.com\/company\/farmaceuticsbcn\/"]}]}},"uagb_featured_image_src":{"full":["https:\/\/www.cofb.org\/wp-content\/uploads\/2024\/08\/convenisOK.jpg",864,300,false],"thumbnail":["https:\/\/www.cofb.org\/wp-content\/uploads\/2024\/08\/convenisOK-150x150.jpg",150,150,true],"medium":["https:\/\/www.cofb.org\/wp-content\/uploads\/2024\/08\/convenisOK-300x104.jpg",300,104,true],"medium_large":["https:\/\/www.cofb.org\/wp-content\/uploads\/2024\/08\/convenisOK-768x267.jpg",768,267,true],"large":["https:\/\/www.cofb.org\/wp-content\/uploads\/2024\/08\/convenisOK.jpg",864,300,false],"1536x1536":["https:\/\/www.cofb.org\/wp-content\/uploads\/2024\/08\/convenisOK.jpg",864,300,false],"2048x2048":["https:\/\/www.cofb.org\/wp-content\/uploads\/2024\/08\/convenisOK.jpg",864,300,false],"trp-custom-language-flag":["https:\/\/www.cofb.org\/wp-content\/uploads\/2024\/08\/convenisOK-18x6.jpg",18,6,true]},"uagb_author_info":{"display_name":"wpAdminCofbOrg","author_link":"https:\/\/www.cofb.org\/es\/author\/wpadmincofborg\/"},"uagb_comment_info":0,"uagb_excerpt":"El COFB ha signat convenis\u00a0amb diferents entitats\u00a0per contribuir al desenvolupament de la professi\u00f3 i a millorar la salut des de la farm\u00e0cia. En s\u00f3n exemples els&nbsp;convenis entre el Col\u00b7legi i el Catsalut&nbsp;per desenvolupar una&nbsp;cartera de serveis professionals&nbsp;en benefici del pacient, que es materialitza en els&nbsp;programes de detecci\u00f3 preco\u00e7 de c\u00e0ncer [&hellip;]","_links":{"self":[{"href":"https:\/\/www.cofb.org\/es\/wp-json\/wp\/v2\/pages\/3682","targetHints":{"allow":["GET"]}}],"collection":[{"href":"https:\/\/www.cofb.org\/es\/wp-json\/wp\/v2\/pages"}],"about":[{"href":"https:\/\/www.cofb.org\/es\/wp-json\/wp\/v2\/types\/page"}],"author":[{"embeddable":true,"href":"https:\/\/www.cofb.org\/es\/wp-json\/wp\/v2\/users\/1"}],"replies":[{"embeddable":true,"href":"https:\/\/www.cofb.org\/es\/wp-json\/wp\/v2\/comments?post=3682"}],"version-history":[{"count":9,"href":"https:\/\/www.cofb.org\/es\/wp-json\/wp\/v2\/pages\/3682\/revisions"}],"predecessor-version":[{"id":79508,"href":"https:\/\/www.cofb.org\/es\/wp-json\/wp\/v2\/pages\/3682\/revisions\/79508"}],"up":[{"embeddable":true,"href":"https:\/\/www.cofb.org\/es\/wp-json\/wp\/v2\/pages\/2408"}],"wp:featuredmedia":[{"embeddable":true,"href":"https:\/\/www.cofb.org\/es\/wp-json\/wp\/v2\/media\/79505"}],"wp:attachment":[{"href":"https:\/\/www.cofb.org\/es\/wp-json\/wp\/v2\/media?parent=3682"}],"curies":[{"name":"wp","href":"https:\/\/api.w.org\/{rel}","templated":true}]}}