{"id":3668,"date":"2023-07-07T09:46:27","date_gmt":"2023-07-07T09:46:27","guid":{"rendered":"https:\/\/novaorg.cofb.net\/?page_id=3668"},"modified":"2023-07-07T10:23:46","modified_gmt":"2023-07-07T10:23:46","slug":"cercador-de-farmacies-2","status":"publish","type":"page","link":"https:\/\/www.cofb.org\/es\/qui-som\/el-collegi\/cercador-de-farmacies-2\/","title":{"rendered":"Buscador de farmacias"},"content":{"rendered":"<figure class=\"wp-block-table\"><table><tbody><tr><td><strong>C\u00f3digo postal:<\/strong><\/td><td><\/td><\/tr><tr><td><strong>Municipio:<\/strong><\/td><td>&nbsp;\u2014- ABRERA AGUILAR DE SEGARRA AIGUAFREDA ALELLA ALPENS ALMENDRA DEL VALL\u00c8S, EL ARENYS DE MAR ARENYS DE MONTE ARGEN\u00c7OLA ARGENTONA ART\u00c9S AVI\u00c0 BEGAS BELLPRAT BERGA BIGUES Y RIELLS BORRED\u00c0 BRUC, EL BRULL, EL CABA\u00d1AS, LAS CABRERA DE ANOIA CABRERA DE MAR CABRILS CALAF CALDERS CALDES DE ESTRAC CALDES DE MONTBUI CALELLA CALLDETENES CALL\u00daS CALONGE DE SEGARRA CAMPINS ERRAS CASTILLO DEL ARENY CASTELLAR DE HUG CASTELLAR DEL R\u00cdO CASTELLAR DEL VALL\u00c8S CASTELLBELL Y EL VILAR CASTELLBISBAL CASTILLO CASTELLDEFELS CASTELLET Y LA GORNAL CASTELLFOLLIT DE RIUBREG\u00d3S CASTELLFOLLIT DEL BOIX CASTELLGAL\u00cd ANAS CENTELLES CERCS CERDANYOLA DEL VALL\u00c8S CERVELL\u00d3 COLLBAT\u00d3 COLLSUSPINA CUPONS CORBERA DE LLOBREGAT CORNELL\u00c0 DE LLOBREGAT CUBELLES DOSRIUS ESPARREGUERA ESPLUGUES DE LLOBREGAT ESPUNYOLA, LA ARDILLA, EL ESTANY, EL FIGAR\u00d3-MONTMANY F\u00cdGOLES FOGARES DE LA SELVA FOGARS DE MONTCL\u00daS FOLGUERO AI\u00c0 GALLIFA GARRIGA, LA GAV\u00c0 GELIDA GIRONELLA GISCLARENY GRANADA, LA GRANERA GRANOLLERS GUALBA GUARDIOLA DE BERGUED\u00c0 GURB HOSPITALET DE LLOBREGAT, EL HOSTALETS DE PIEROLA, LOS IGUALADA JORBA LAGUNA, LA LAGUESTA VALL\u00c0 DE ALL DE MAR MALLA MANLLEU MANRESA MARGANELL MARTORELL MARTORELLES MAS\u00cdAS DE RUEDA, LAS MAS\u00cdAS DE VOLTREG\u00c0, LAS MASNOU, EL MASQUEFA MATADEPERA MATAR\u00d3 MEDIONA MOI\u00c0 MOLINOS DE REY MOLLET DEL VALL\u00c8S MONISTROL DE CALDERS MONISTROL MONTSERRAT MONTCADA MONTMANEU MONTMEL\u00d3 MONTORN\u00c9S DEL VALL\u00c8S MONTSENY MONTA\u00d1OLA MURA NAVARCLES NAV\u00c0S NOU DE BERGUED\u00c0, LA \u00d3DENA OL\u00c9RDOLA OLESA DE BONESVALLS OLESA DE MONTSERRAT OLIVELLA OLOST OLVAN OR\u00cdSTE ORP\u00cd ORRIUS PACOS DEL PENED\u00c9S PALAFOLLS PALAU-SOLIT\u00c0 DE PALL\u00c9PALO AFITA PIERA PINAR DE MAR LLANO DEL PENED\u00c8S, EL PUEBLA DE CLARAMUNT, LA PUEBLA DE LILLET, LA POLINY\u00c0 PUENTE DE VILOMARA Y ROCAFORT, EL PONTONS PRAT DE LLOBREGAT, EL PRATS DE LLU\u00c7AN\u00c8S PRATS DE REI, LOS PREMIANO DE ARRIBA PREMIA DE MAR PUIG-REIG PUIGD\u00c0LBER DEL VALL\u00c8S, LA RUEDA DE TER RUB\u00cd RUBI\u00d3N RUPIDO Y PRUITO SABADELL SAG\u00c0S SALDES SALLENT SANT ADRI\u00c0 DE BES\u00d3S Y DE LUZANERO SANTO CEBRI\u00c0 DE VALLALTA SAN CELONIO SAN CLIMENTO DE LLOBREGAT SAN CUGAT DEL VALL\u00c8S SAN CUGAT SESGARRIGUES SAN ESTEVE DE PALAUTORDERA SAN ESTEVE SESROVIRES SAN FELIU DE CODINAS SAN FELIU DE LLOBREGAT SAN FELIU ANTE HIP\u00d3LITO DE VOLTREG\u00c0 SAN ISCLO DE VALLALTA SANT JAUME DE FRONTA\u00d1A SANT JOAN DE VILATORRADA SANT JOAN DESP\u00cd SANT JULI\u00c0 DE CERDANYOLA SANT JULI\u00c0 DE VILATORTA SANT JUST DESVERN SANT LLOREN\u00c7 DE HORTONS SANT LLOREN\u00c7 SAVALL SANT MART\u00cd DE ALBARS SANT MART\u00cd MAR SESGUEIOLAS SANTO MATEO DE BAGES SAN PERE DE RIBES SAN PERE DE RIUDEBITLLES SAN PERE DE TORELL\u00d3 SAN PERE DE VILAMAJOR SAN PERE SALLAVINERA SAN POLO DE MAR SAN QUINTINO DE MEDIONA SAN QUIRCE DE BESORA SAN QUIRCE DEL VALL\u00c8S SAN QUIR OSORMORT SAN SALVADOR DE GUARDIOLA SANT VICEN\u00c7 DE CASTILLO SAN VICEN\u00c7 DE MONTALT SANT VICEN\u00c7 DE TORELL\u00d3 SAN VICEN\u00c7 DE LOS HUERTOS SANTA CECILIA DE VOLTREG\u00c0 SANTA COLOMA DE CERVELL\u00d3N SANTA COLOMA DE GRAMENETA L\u00cdA DE RONZANA SANTA FE DEL PENED\u00c9S SANTA MARGARIDA DE MONTBUI SANTA MARGARIDA Y LOS MONJOS SANTA MARIA DE OL\u00d3N SANTA MARIA DE BESORA SANTA MARIA DE MARTORELLAS SANTA MARIA DE MERL\u00c9S SANTA MARIA DE ESPEJAS SANTA MARIA DE PALAUTORDERA SANTA PERPETUA DE MOGODA SANTA SUSAN \u00daRIA TAGAMANENTE TALAMANCA TARADELL TAB\u00c9RNOLAS TAVERTET TEI\u00c0 TERRAZA TIANA TONEL TORDERA TORELL\u00d3 TORRE DE CLARAMUNT, LA TORRELAVIDO TORRELLAS DE FOIX CABALLOS VILAFRANCA DEL PENED\u00c8S VILALBA SASSERRA VILANOVA DE SAU VILANOVA DEL CAMINO VILANOVA DEL VALL\u00c8S VILANOVA Y LA GELTR\u00da VILASSAR DE ARRIBA VILASSAR DE MAR VILOB\u00cd DEL PENED\u00c8S VIVERO Y SERRATE&nbsp;<\/td><\/tr><tr><td colspan=\"2\"><\/td><\/tr><tr><td colspan=\"2\"><a href=\"javascript:void(0)\">&nbsp;Buscar<\/a><\/td><\/tr><\/tbody><\/table><\/figure>\n\n\n\n<figure class=\"wp-block-table\"><table><tbody><tr><td><strong>Regi\u00f3n sanitaria:<\/strong><\/td><td>&nbsp;\u2014- Barcelona Catalu\u00f1a Central Girona&nbsp;<\/td><\/tr><tr><td><strong>Sector sanitario:<\/strong><\/td><td>&nbsp;\u2014- Alt Pened\u00e8s-Garraf Anoia Bages-Bergued\u00e0-Moian\u00e8s-Solson\u00e8s Bajo Litoral Baix Llobregat Centro Baix Llobregat Norte Barcelona Ciudad Vieja Barcelona Eixample Barcelona Gracia Barcelona Horta-Guinard\u00f3 Barcelona Les Corts Barcelona Sarri\u00e0 \u2013 S.Gervasi Barcelon\u00e8s Nord Girona Sud L&#039;Hospitalet de Llobregat y el Prat Maresme Osona Vall\u00e8s Occidental Este Vall\u00e8s Occidental Oeste Vall\u00e8s Oriental&nbsp;<\/td><\/tr><tr><td><strong>ABS:<\/strong><\/td><td>&nbsp;\u2014- Abrera Alt Bergued\u00e0 Alto Mogent Anoia \u2013 rural Arenys de Mar Argentona Art\u00e9s Badalona 1 Badalona 2 Badalona 3 Badalona 4 Badalona 5 Badalona 6 Badalona 7-A Badalona 7-B Badalona 8 Badalona 9 Badalona 10 Badalona 11 Barber\u00e1 del Vall\u00e9s Barcelona 1-A Barcelona 1-B Barcelona 1-C Barcelona 1-D Barcelona 1-E Barcelona 2-A Barcelona 2-B Barcelona 2-C Barcelona 2-D Barcelona 2-E Barcelona 2-G Barcelona 2- H Barcelona 2-I Barcelona 2-J Barcelona 2-K Barcelona 3-A Barcelona 3-B Barcelona 3-C Barcelona 3-D Barcelona 3-E Barcelona 3-G Barcelona 3-H Barcelona 3-I Barcelona 4-A Barcelona 4-B Barcelona 4-C Barcelona 5-A Barcelona 5-B Barcelona 5-C Barcelona 5-D Barcelona 5-E Barcelona 6-A Barcelona 6-B Barcelona 6-C Barcelona 6-D Barcelona 6-E Barcelona 7- En Barcelona 7-B Barcelona 7-C Barcelona 7-D Barcelona 7-E Barcelona 7-F Barcelona 7-G Barcelona 8-C Barcelona 8-F Barcelona 8-G Barcelona 8-H Barcelona 8-I Barcelona 8-J Barcelona 8-K Barcelona 8-L Barcelona 9-A Barcelona 9-C Barcelona 9-E Barcelona 9-F Barcelona 9-H Barcelona 9-I Barcelona 9-J Barcelona 10-A Barcelona 10-B Barcelona 10-C Barcelona 10- D Barcelona 10-E Barcelona 10-F Barcelona 10-G Barcelona 10-H Barcelona 10-I Barcelona 10-J Begas Berga Calaf Caldes de Montbui Calella Canet de Mar Capellades Cardedeu Cardona Castellar del Vall\u00e8s Castellbisbal del Vall\u00e9s 1 Cerdanyola del Vall\u00e8s 2 Cerdanyola-Ripollet Corbera de Llobregat Cornell\u00e1 de Llobregat 1 Cornell\u00e1 de Llobregat 2 Cornell\u00e1 de Llobregat 3 Cornell\u00e1 de Llobregat 4 Cubelles-Cunit El Masnou-Alella El Prat de Llobregat 1 El Prat 3 Esparreguera Esplugues de Llobregat 1 Esplugues de Llobregat 2 Gav\u00e0 1 Gav\u00e0 2 Granollers 1 Oeste Granollers 2 Norte Granollers 3 Centro \u2013 Este Granollers 4 Sur Hospitalet de Llobregat 1 Hospitalet de Llobregat 2 Hospitalet de Llo te de Llobregat 6 Hospitalet de Llobregat 7 Hospitalet de Llobregat 8 Hospitalet de Llobregat 9 Hospitalet de Llobregat 10 Hospitalet de Llobregat 11 Hospitalet de Llobregat 12 Igualada 1 Igualada 2 La Garriga La Llagosta 2 Manresa 3 Manresa 4 Martorell Martorell Rural Martorelles Matar\u00f3 1 Matar\u00f3 2 Matar\u00f3 3 Matar\u00f3 4 Matar\u00f3 5 Matar\u00f3 6 Matar\u00f3 7 Moi\u00e0 Molinos de Rey Mollet del Vall\u00e8s 1 Este Mollet del Vall\u00e8s 2 Oeste Montcada y Reixac-1 Montcada i Reixa Montmel\u00f3 Montserrat Navarcles-S.Fruit\u00f3s de Bages Nav\u00e0s \u2013 Balsareny Ocata-Tei\u00e0 Olesa de Montserrat Palau solit\u00e0 y Plegamans Pallej\u00e0 Parets del Vall\u00e8s Pened\u00e8s rural Este Pened\u00e8s rural Oeste Piera 2 Rueda de Ter Roquetes-Canyelles Rub\u00ed 1 Rub\u00ed 2 Rub\u00ed 3 Sabadell 1-A Sabadell 1-B Sabadell 2 Sabadell 3-A Sabadell 3-B Sabadell 4-A Sabadell 4-B Sabadell 5 Sabadell 6 Sabadell 7 Sallent Sant Adri\u00e0 del Besos 1 Sant Adri\u00e0 del Besos 2 Sant Andreu de la Barca Sant Andreu de Llavaneres Sant Boi de Llobregat 1 Sant Boi de Llobregat 2 Sant Boi de Llobregat 3 Sant Boi de Llobregat 4 Sant Celoni Sant Cugat del Vall\u00e8s-1 Sant Cugat del Vall\u00e8s-2 Sant Cugat del Vall\u00e8s-3 San Feliu de Llobregat 1 San Feliu de Llobregat 2 San Hip\u00f3lito de Voltreg\u00e0 San Juan de Vilatorrada San Juan Desp\u00ed 1 San Juan Desp\u00ed 2 San Justo Desvern San Quirce de Besora San Quirce del Vall\u00e9s San Sadurn\u00ed de Anoia San Vicente de los Huertos-1 San Vicente de los Huertos-2 Santa Coloma de Gramanet 1 Santa Coloma de Gramanet 2 Santa Coloma de Gramanet 3 Santa Coloma de Gramanet 4 Santa Coloma de Gramanet 5 Santa Coloma de Gramanet 6 Santa Eugenia de Berga Santa Margarita de Montbui Santa Perpetua de Mogoda Santpedor Sitges S\u00faria Terraza En Terraza B Terraza C Terraza D Terraza E Terraza F Terraza H Terraza-G Tona Tordera Vall de Tenes Vallirana Vic 1 Vic 2 Viladecans 1 Viladecans 2 Viladecans 3 Vilafranca del Pened\u00e8s 1 Vilafranca del Pened\u00e8s2 Camino Vilanova y la Geltr\u00fa 1 Vilanova y la Geltr\u00fa 2 Vilanova y la Geltr\u00fa 3 Vilassar de Dalt Vilassar de Mar&nbsp;<\/td><\/tr><tr><td colspan=\"2\"><\/td><\/tr><tr><td colspan=\"2\"><a href=\"javascript:void(0)\">&nbsp;Buscar<\/a><\/td><\/tr><\/tbody><\/table><\/figure>\n\n\n\n<ul class=\"wp-block-list\">\n<li><\/li>\n<\/ul>","protected":false},"excerpt":{"rendered":"<p>C\u00f3digo postal: Municipio: \u2014- ABRERA AGUILAR DE SEGARRA AIGUAFREDA ALELLA ALPENS ALMENDRA DEL VALL\u00c8S, EL AR\u00c9NES DE MAR ARENYS DE MONTE ARGEN\u00c7OLA ARGENTONA ES BARCELONA BEGUES BELLPRAT BERGA BIGUES I RIELLS BORRED\u00c0 BRUCO, EL BRULL, EL CABA\u00d1AS, LAS CABRERA DE ANOIA CABRERA DE MAR CABRILS CALAF CALDES DE ESTRAC CALDES DE MONTBUI CALELLA CALLDETENES CALL\u00daS CALONGE DE SEGARRA CAMPINS CANET DE MARCAN CARDEDEU CARDONA CARME CASSERRES CASTILLO DEL ARENY CASTELLAR DE HUG CASTELLAR DEL R\u00cdO CASTELLAR DEL VALL\u00c8S CASTELLBELL Y EL VILAR CASTELLBISBAL CASTILLERO CASTELLDEFELS CASTELLET Y LA GORNAL CASTELLFOLLIT [\u2026]<\/p>","protected":false},"author":1,"featured_media":0,"parent":2980,"menu_order":0,"comment_status":"closed","ping_status":"closed","template":"","meta":{"_uag_custom_page_level_css":"","site-sidebar-layout":"default","site-content-layout":"","ast-site-content-layout":"default","site-content-style":"default","site-sidebar-style":"default","ast-global-header-display":"","ast-banner-title-visibility":"","ast-main-header-display":"","ast-hfb-above-header-display":"","ast-hfb-below-header-display":"","ast-hfb-mobile-header-display":"","site-post-title":"","ast-breadcrumbs-content":"","ast-featured-img":"","footer-sml-layout":"","theme-transparent-header-meta":"","adv-header-id-meta":"","stick-header-meta":"","header-above-stick-meta":"","header-main-stick-meta":"","header-below-stick-meta":"","astra-migrate-meta-layouts":"default","ast-page-background-enabled":"default","ast-page-background-meta":{"desktop":{"background-color":"var(--ast-global-color-4)","background-image":"","background-repeat":"repeat","background-position":"center center","background-size":"auto","background-attachment":"scroll","background-type":"","background-media":"","overlay-type":"","overlay-color":"","overlay-opacity":"","overlay-gradient":""},"tablet":{"background-color":"","background-image":"","background-repeat":"repeat","background-position":"center center","background-size":"auto","background-attachment":"scroll","background-type":"","background-media":"","overlay-type":"","overlay-color":"","overlay-opacity":"","overlay-gradient":""},"mobile":{"background-color":"","background-image":"","background-repeat":"repeat","background-position":"center center","background-size":"auto","background-attachment":"scroll","background-type":"","background-media":"","overlay-type":"","overlay-color":"","overlay-opacity":"","overlay-gradient":""}},"ast-content-background-meta":{"desktop":{"background-color":"var(--ast-global-color-5)","background-image":"","background-repeat":"repeat","background-position":"center center","background-size":"auto","background-attachment":"scroll","background-type":"","background-media":"","overlay-type":"","overlay-color":"","overlay-opacity":"","overlay-gradient":""},"tablet":{"background-color":"var(--ast-global-color-5)","background-image":"","background-repeat":"repeat","background-position":"center center","background-size":"auto","background-attachment":"scroll","background-type":"","background-media":"","overlay-type":"","overlay-color":"","overlay-opacity":"","overlay-gradient":""},"mobile":{"background-color":"var(--ast-global-color-5)","background-image":"","background-repeat":"repeat","background-position":"center center","background-size":"auto","background-attachment":"scroll","background-type":"","background-media":"","overlay-type":"","overlay-color":"","overlay-opacity":"","overlay-gradient":""}},"footnotes":""},"class_list":["post-3668","page","type-page","status-publish","hentry"],"yoast_head":"<!-- This site is optimized with the Yoast SEO plugin v22.4 - https:\/\/yoast.com\/wordpress\/plugins\/seo\/ -->\n<title>Cercador de farm\u00e0cies - Col\u00b7legi de Farmac\u00e8utics de Barcelona<\/title>\n<meta name=\"robots\" content=\"index, follow, max-snippet:-1, max-image-preview:large, max-video-preview:-1\" \/>\n<link rel=\"canonical\" href=\"https:\/\/novaorg.cofb.net\/qui-som\/el-collegi\/cercador-de-farmacies-2\/\" \/>\n<meta property=\"og:locale\" content=\"es_ES\" \/>\n<meta property=\"og:type\" content=\"article\" \/>\n<meta property=\"og:title\" content=\"Cercador de farm\u00e0cies - Col\u00b7legi de Farmac\u00e8utics de Barcelona\" \/>\n<meta property=\"og:description\" content=\"Codi postal: Municipi: &nbsp;&#8212;-&nbsp;ABRERA&nbsp;AGUILAR DE SEGARRA&nbsp;AIGUAFREDA&nbsp;ALELLA&nbsp;ALPENS&nbsp;AMETLLA DEL VALL\u00c8S, L&#8217;&nbsp;ARENYS DE MAR&nbsp;ARENYS DE MUNT&nbsp;ARGEN\u00c7OLA&nbsp;ARGENTONA&nbsp;ART\u00c9S&nbsp;AVI\u00c0&nbsp;AVINY\u00d3&nbsp;AVINYONET DEL PENED\u00c8S&nbsp;BADALONA&nbsp;BADIA DEL VALL\u00c8S&nbsp;BAG\u00c0&nbsp;BALENY\u00c0&nbsp;BALSARENY&nbsp;BARBER\u00c0 DEL VALL\u00c8S&nbsp;BARCELONA&nbsp;BEGUES&nbsp;BELLPRAT&nbsp;BERGA&nbsp;BIGUES I RIELLS&nbsp;BORRED\u00c0&nbsp;BRUC, EL&nbsp;BRULL, EL&nbsp;CABANYES, LES&nbsp;CABRERA D&#8217;ANOIA&nbsp;CABRERA DE MAR&nbsp;CABRILS&nbsp;CALAF&nbsp;CALDERS&nbsp;CALDES D&#8217;ESTRAC&nbsp;CALDES DE MONTBUI&nbsp;CALELLA&nbsp;CALLDETENES&nbsp;CALL\u00daS&nbsp;CALONGE DE SEGARRA&nbsp;CAMPINS&nbsp;CANET DE MAR&nbsp;CANOVELLES&nbsp;C\u00c0NOVES I SAMAL\u00daS&nbsp;CANYELLES&nbsp;CAPELLADES&nbsp;CAPOLAT&nbsp;CARDEDEU&nbsp;CARDONA&nbsp;CARME&nbsp;CASSERRES&nbsp;CASTELL DE L&#8217;ARENY&nbsp;CASTELLAR DE N&#8217;HUG&nbsp;CASTELLAR DEL RIU&nbsp;CASTELLAR DEL VALL\u00c8S&nbsp;CASTELLBELL I EL VILAR&nbsp;CASTELLBISBAL&nbsp;CASTELLCIR&nbsp;CASTELLDEFELS&nbsp;CASTELLET I LA GORNAL&nbsp;CASTELLFOLLIT [&hellip;]\" \/>\n<meta property=\"og:url\" content=\"https:\/\/novaorg.cofb.net\/qui-som\/el-collegi\/cercador-de-farmacies-2\/\" \/>\n<meta property=\"og:site_name\" content=\"Col\u00b7legi de Farmac\u00e8utics de Barcelona\" \/>\n<meta property=\"article:publisher\" content=\"https:\/\/www.facebook.com\/farmaceuticsbcn\/\" \/>\n<meta property=\"article:modified_time\" content=\"2023-07-07T10:23:46+00:00\" \/>\n<meta name=\"twitter:card\" content=\"summary_large_image\" \/>\n<meta name=\"twitter:site\" content=\"@farmaceuticsbcn\" \/>\n<meta name=\"twitter:label1\" content=\"Tiempo de lectura\" \/>\n\t<meta name=\"twitter:data1\" content=\"10 minutos\" \/>\n<script type=\"application\/ld+json\" class=\"yoast-schema-graph\">{\"@context\":\"https:\/\/schema.org\",\"@graph\":[{\"@type\":\"WebPage\",\"@id\":\"https:\/\/novaorg.cofb.net\/qui-som\/el-collegi\/cercador-de-farmacies-2\/\",\"url\":\"https:\/\/novaorg.cofb.net\/qui-som\/el-collegi\/cercador-de-farmacies-2\/\",\"name\":\"Cercador de farm\u00e0cies - Col\u00b7legi de Farmac\u00e8utics de Barcelona\",\"isPartOf\":{\"@id\":\"https:\/\/www.cofb.org\/#website\"},\"datePublished\":\"2023-07-07T09:46:27+00:00\",\"dateModified\":\"2023-07-07T10:23:46+00:00\",\"breadcrumb\":{\"@id\":\"https:\/\/novaorg.cofb.net\/qui-som\/el-collegi\/cercador-de-farmacies-2\/#breadcrumb\"},\"inLanguage\":\"es\",\"potentialAction\":[{\"@type\":\"ReadAction\",\"target\":[\"https:\/\/novaorg.cofb.net\/qui-som\/el-collegi\/cercador-de-farmacies-2\/\"]}]},{\"@type\":\"BreadcrumbList\",\"@id\":\"https:\/\/novaorg.cofb.net\/qui-som\/el-collegi\/cercador-de-farmacies-2\/#breadcrumb\",\"itemListElement\":[{\"@type\":\"ListItem\",\"position\":1,\"name\":\"Inici\",\"item\":\"https:\/\/novaorg.cofb.net\/\"},{\"@type\":\"ListItem\",\"position\":2,\"name\":\"Qui som?\",\"item\":\"https:\/\/novaorg.cofb.net\/qui-som\/\"},{\"@type\":\"ListItem\",\"position\":3,\"name\":\"El Col\u00b7legi\",\"item\":\"https:\/\/novaorg.cofb.net\/qui-som\/el-collegi\/\"},{\"@type\":\"ListItem\",\"position\":4,\"name\":\"Cercador de farm\u00e0cies\"}]},{\"@type\":\"WebSite\",\"@id\":\"https:\/\/www.cofb.org\/#website\",\"url\":\"https:\/\/www.cofb.org\/\",\"name\":\"Col\u00b7legi de Farmac\u00e8utics de Barcelona\",\"description\":\"\",\"publisher\":{\"@id\":\"https:\/\/www.cofb.org\/#organization\"},\"potentialAction\":[{\"@type\":\"SearchAction\",\"target\":{\"@type\":\"EntryPoint\",\"urlTemplate\":\"https:\/\/www.cofb.org\/?s={search_term_string}\"},\"query-input\":\"required name=search_term_string\"}],\"inLanguage\":\"es\"},{\"@type\":\"Organization\",\"@id\":\"https:\/\/www.cofb.org\/#organization\",\"name\":\"Col\u00b7legi de Farmac\u00e8utics de Barcelona\",\"url\":\"https:\/\/www.cofb.org\/\",\"logo\":{\"@type\":\"ImageObject\",\"inLanguage\":\"es\",\"@id\":\"https:\/\/www.cofb.org\/#\/schema\/logo\/image\/\",\"url\":\"https:\/\/www.cofb.org\/wp-content\/uploads\/2023\/11\/cropped-Logotip-COFB.png\",\"contentUrl\":\"https:\/\/www.cofb.org\/wp-content\/uploads\/2023\/11\/cropped-Logotip-COFB.png\",\"width\":500,\"height\":105,\"caption\":\"Col\u00b7legi de Farmac\u00e8utics de Barcelona\"},\"image\":{\"@id\":\"https:\/\/www.cofb.org\/#\/schema\/logo\/image\/\"},\"sameAs\":[\"https:\/\/www.facebook.com\/farmaceuticsbcn\/\",\"https:\/\/twitter.com\/farmaceuticsbcn\",\"https:\/\/www.instagram.com\/farmaceuticsbcn\/\",\"https:\/\/www.linkedin.com\/company\/farmaceuticsbcn\/\"]}]}<\/script>\n<!-- \/ Yoast SEO plugin. -->","yoast_head_json":{"title":"Cercador de farm\u00e0cies - Col\u00b7legi de Farmac\u00e8utics de Barcelona","robots":{"index":"index","follow":"follow","max-snippet":"max-snippet:-1","max-image-preview":"max-image-preview:large","max-video-preview":"max-video-preview:-1"},"canonical":"https:\/\/novaorg.cofb.net\/qui-som\/el-collegi\/cercador-de-farmacies-2\/","og_locale":"es_ES","og_type":"article","og_title":"Cercador de farm\u00e0cies - Col\u00b7legi de Farmac\u00e8utics de Barcelona","og_description":"Codi postal: Municipi: &nbsp;&#8212;-&nbsp;ABRERA&nbsp;AGUILAR DE SEGARRA&nbsp;AIGUAFREDA&nbsp;ALELLA&nbsp;ALPENS&nbsp;AMETLLA DEL VALL\u00c8S, L&#8217;&nbsp;ARENYS DE MAR&nbsp;ARENYS DE MUNT&nbsp;ARGEN\u00c7OLA&nbsp;ARGENTONA&nbsp;ART\u00c9S&nbsp;AVI\u00c0&nbsp;AVINY\u00d3&nbsp;AVINYONET DEL PENED\u00c8S&nbsp;BADALONA&nbsp;BADIA DEL VALL\u00c8S&nbsp;BAG\u00c0&nbsp;BALENY\u00c0&nbsp;BALSARENY&nbsp;BARBER\u00c0 DEL VALL\u00c8S&nbsp;BARCELONA&nbsp;BEGUES&nbsp;BELLPRAT&nbsp;BERGA&nbsp;BIGUES I RIELLS&nbsp;BORRED\u00c0&nbsp;BRUC, EL&nbsp;BRULL, EL&nbsp;CABANYES, LES&nbsp;CABRERA D&#8217;ANOIA&nbsp;CABRERA DE MAR&nbsp;CABRILS&nbsp;CALAF&nbsp;CALDERS&nbsp;CALDES D&#8217;ESTRAC&nbsp;CALDES DE MONTBUI&nbsp;CALELLA&nbsp;CALLDETENES&nbsp;CALL\u00daS&nbsp;CALONGE DE SEGARRA&nbsp;CAMPINS&nbsp;CANET DE MAR&nbsp;CANOVELLES&nbsp;C\u00c0NOVES I SAMAL\u00daS&nbsp;CANYELLES&nbsp;CAPELLADES&nbsp;CAPOLAT&nbsp;CARDEDEU&nbsp;CARDONA&nbsp;CARME&nbsp;CASSERRES&nbsp;CASTELL DE L&#8217;ARENY&nbsp;CASTELLAR DE N&#8217;HUG&nbsp;CASTELLAR DEL RIU&nbsp;CASTELLAR DEL VALL\u00c8S&nbsp;CASTELLBELL I EL VILAR&nbsp;CASTELLBISBAL&nbsp;CASTELLCIR&nbsp;CASTELLDEFELS&nbsp;CASTELLET I LA GORNAL&nbsp;CASTELLFOLLIT [&hellip;]","og_url":"https:\/\/novaorg.cofb.net\/qui-som\/el-collegi\/cercador-de-farmacies-2\/","og_site_name":"Col\u00b7legi de Farmac\u00e8utics de Barcelona","article_publisher":"https:\/\/www.facebook.com\/farmaceuticsbcn\/","article_modified_time":"2023-07-07T10:23:46+00:00","twitter_card":"summary_large_image","twitter_site":"@farmaceuticsbcn","twitter_misc":{"Tiempo de lectura":"10 minutos"},"schema":{"@context":"https:\/\/schema.org","@graph":[{"@type":"WebPage","@id":"https:\/\/novaorg.cofb.net\/qui-som\/el-collegi\/cercador-de-farmacies-2\/","url":"https:\/\/novaorg.cofb.net\/qui-som\/el-collegi\/cercador-de-farmacies-2\/","name":"Cercador de farm\u00e0cies - Col\u00b7legi de Farmac\u00e8utics de Barcelona","isPartOf":{"@id":"https:\/\/www.cofb.org\/#website"},"datePublished":"2023-07-07T09:46:27+00:00","dateModified":"2023-07-07T10:23:46+00:00","breadcrumb":{"@id":"https:\/\/novaorg.cofb.net\/qui-som\/el-collegi\/cercador-de-farmacies-2\/#breadcrumb"},"inLanguage":"es","potentialAction":[{"@type":"ReadAction","target":["https:\/\/novaorg.cofb.net\/qui-som\/el-collegi\/cercador-de-farmacies-2\/"]}]},{"@type":"BreadcrumbList","@id":"https:\/\/novaorg.cofb.net\/qui-som\/el-collegi\/cercador-de-farmacies-2\/#breadcrumb","itemListElement":[{"@type":"ListItem","position":1,"name":"Inici","item":"https:\/\/novaorg.cofb.net\/"},{"@type":"ListItem","position":2,"name":"Qui som?","item":"https:\/\/novaorg.cofb.net\/qui-som\/"},{"@type":"ListItem","position":3,"name":"El Col\u00b7legi","item":"https:\/\/novaorg.cofb.net\/qui-som\/el-collegi\/"},{"@type":"ListItem","position":4,"name":"Cercador de farm\u00e0cies"}]},{"@type":"WebSite","@id":"https:\/\/www.cofb.org\/#website","url":"https:\/\/www.cofb.org\/","name":"Col\u00b7legi de Farmac\u00e8utics de Barcelona","description":"","publisher":{"@id":"https:\/\/www.cofb.org\/#organization"},"potentialAction":[{"@type":"SearchAction","target":{"@type":"EntryPoint","urlTemplate":"https:\/\/www.cofb.org\/?s={search_term_string}"},"query-input":"required name=search_term_string"}],"inLanguage":"es"},{"@type":"Organization","@id":"https:\/\/www.cofb.org\/#organization","name":"Col\u00b7legi de Farmac\u00e8utics de Barcelona","url":"https:\/\/www.cofb.org\/","logo":{"@type":"ImageObject","inLanguage":"es","@id":"https:\/\/www.cofb.org\/#\/schema\/logo\/image\/","url":"https:\/\/www.cofb.org\/wp-content\/uploads\/2023\/11\/cropped-Logotip-COFB.png","contentUrl":"https:\/\/www.cofb.org\/wp-content\/uploads\/2023\/11\/cropped-Logotip-COFB.png","width":500,"height":105,"caption":"Col\u00b7legi de Farmac\u00e8utics de Barcelona"},"image":{"@id":"https:\/\/www.cofb.org\/#\/schema\/logo\/image\/"},"sameAs":["https:\/\/www.facebook.com\/farmaceuticsbcn\/","https:\/\/twitter.com\/farmaceuticsbcn","https:\/\/www.instagram.com\/farmaceuticsbcn\/","https:\/\/www.linkedin.com\/company\/farmaceuticsbcn\/"]}]}},"uagb_featured_image_src":{"full":false,"thumbnail":false,"medium":false,"medium_large":false,"large":false,"1536x1536":false,"2048x2048":false,"trp-custom-language-flag":false},"uagb_author_info":{"display_name":"wpAdminCofbOrg","author_link":"https:\/\/www.cofb.org\/es\/author\/wpadmincofborg\/"},"uagb_comment_info":0,"uagb_excerpt":"Codi postal: Municipi: &nbsp;&#8212;-&nbsp;ABRERA&nbsp;AGUILAR DE SEGARRA&nbsp;AIGUAFREDA&nbsp;ALELLA&nbsp;ALPENS&nbsp;AMETLLA DEL VALL\u00c8S, L&#8217;&nbsp;ARENYS DE MAR&nbsp;ARENYS DE MUNT&nbsp;ARGEN\u00c7OLA&nbsp;ARGENTONA&nbsp;ART\u00c9S&nbsp;AVI\u00c0&nbsp;AVINY\u00d3&nbsp;AVINYONET DEL PENED\u00c8S&nbsp;BADALONA&nbsp;BADIA DEL VALL\u00c8S&nbsp;BAG\u00c0&nbsp;BALENY\u00c0&nbsp;BALSARENY&nbsp;BARBER\u00c0 DEL VALL\u00c8S&nbsp;BARCELONA&nbsp;BEGUES&nbsp;BELLPRAT&nbsp;BERGA&nbsp;BIGUES I RIELLS&nbsp;BORRED\u00c0&nbsp;BRUC, EL&nbsp;BRULL, EL&nbsp;CABANYES, LES&nbsp;CABRERA D&#8217;ANOIA&nbsp;CABRERA DE MAR&nbsp;CABRILS&nbsp;CALAF&nbsp;CALDERS&nbsp;CALDES D&#8217;ESTRAC&nbsp;CALDES DE MONTBUI&nbsp;CALELLA&nbsp;CALLDETENES&nbsp;CALL\u00daS&nbsp;CALONGE DE SEGARRA&nbsp;CAMPINS&nbsp;CANET DE MAR&nbsp;CANOVELLES&nbsp;C\u00c0NOVES I SAMAL\u00daS&nbsp;CANYELLES&nbsp;CAPELLADES&nbsp;CAPOLAT&nbsp;CARDEDEU&nbsp;CARDONA&nbsp;CARME&nbsp;CASSERRES&nbsp;CASTELL DE L&#8217;ARENY&nbsp;CASTELLAR DE N&#8217;HUG&nbsp;CASTELLAR DEL RIU&nbsp;CASTELLAR DEL VALL\u00c8S&nbsp;CASTELLBELL I EL VILAR&nbsp;CASTELLBISBAL&nbsp;CASTELLCIR&nbsp;CASTELLDEFELS&nbsp;CASTELLET I LA GORNAL&nbsp;CASTELLFOLLIT [&hellip;]","_links":{"self":[{"href":"https:\/\/www.cofb.org\/es\/wp-json\/wp\/v2\/pages\/3668","targetHints":{"allow":["GET"]}}],"collection":[{"href":"https:\/\/www.cofb.org\/es\/wp-json\/wp\/v2\/pages"}],"about":[{"href":"https:\/\/www.cofb.org\/es\/wp-json\/wp\/v2\/types\/page"}],"author":[{"embeddable":true,"href":"https:\/\/www.cofb.org\/es\/wp-json\/wp\/v2\/users\/1"}],"replies":[{"embeddable":true,"href":"https:\/\/www.cofb.org\/es\/wp-json\/wp\/v2\/comments?post=3668"}],"version-history":[{"count":3,"href":"https:\/\/www.cofb.org\/es\/wp-json\/wp\/v2\/pages\/3668\/revisions"}],"predecessor-version":[{"id":3691,"href":"https:\/\/www.cofb.org\/es\/wp-json\/wp\/v2\/pages\/3668\/revisions\/3691"}],"up":[{"embeddable":true,"href":"https:\/\/www.cofb.org\/es\/wp-json\/wp\/v2\/pages\/2980"}],"wp:attachment":[{"href":"https:\/\/www.cofb.org\/es\/wp-json\/wp\/v2\/media?parent=3668"}],"curies":[{"name":"wp","href":"https:\/\/api.w.org\/{rel}","templated":true}]}}