{"id":3662,"date":"2023-07-07T09:44:41","date_gmt":"2023-07-07T09:44:41","guid":{"rendered":"https:\/\/novaorg.cofb.net\/?page_id=3662"},"modified":"2023-07-18T07:08:06","modified_gmt":"2023-07-18T07:08:06","slug":"procediment","status":"publish","type":"page","link":"https:\/\/www.cofb.org\/es\/qui-som\/el-collegi\/transparencia\/acces-a-la-informacio-publica\/procediment\/","title":{"rendered":"Procedimiento"},"content":{"rendered":"<p>Las solicitudes de acceso a la informaci\u00f3n p\u00fablica pueden realizarse por cualquier medio que permita tener constancia de la identidad del solicitante, la informaci\u00f3n precisa a la que se quiere tener acceso, sin necesidad de indicar ning\u00fan documento ni expediente concretos , la forma o formato en el que se prefiere tener acceso a la informaci\u00f3n, y una direcci\u00f3n de contacto, preferentemente electr\u00f3nica, que sirva para las comunicaciones entre el solicitante y la Administraci\u00f3n.<\/p>\n\n\n\n<p><strong>Las solicitudes presentadas por medios electr\u00f3nicos deben poder tramitarse con el uso de la firma electr\u00f3nica, mediante un formulario electr\u00f3nico sencillo y f\u00e1cilmente accesible que el Portal de la Transparencia<\/strong>&nbsp;debe poner a disposici\u00f3n de los ciudadanos, o por cualquier otro medio que se establezca por reglamento.<\/p>\n\n\n\n<p>Una vez presentada la solicitud, se notificar\u00e1 al solicitante la recepci\u00f3n de la solicitud indicando el d\u00eda de recepci\u00f3n, la fecha m\u00e1xima para resolver y la persona responsable de la tramitaci\u00f3n.<\/p>\n\n\n\n<p>Si una solicitud de acceso a la informaci\u00f3n p\u00fablica se ha formulado en t\u00e9rminos imprecisos o demasiado gen\u00e9ricos, el Colegio lo comunicar\u00e1 al solicitante y le pedir\u00e1 que concrete la informaci\u00f3n a la que desea tener acceso en un plazo de 10 d\u00edas a contar a partir del d\u00eda siguiente al del recibimiento del requerimiento.<\/p>\n\n\n\n<p>Si el interesado no contesta dentro del plazo establecido, se le tendr\u00e1 por desistido.<\/p>\n\n\n\n<p>Inadmisi\u00f3n de solicitudes: No ser\u00e1n admitidas a tr\u00e1mite las solicitudes de acceso a la informaci\u00f3n p\u00fablica en los siguientes supuestos:<\/p>\n\n\n\n<p>a) Si piden notas, borradores, res\u00famenes, opiniones o cualquier documento de trabajo interno sin relevancia o inter\u00e9s p\u00fablico.<\/p>\n\n\n\n<p>b) Si para obtener la informaci\u00f3n que piden es necesaria una tarea compleja de elaboraci\u00f3n o reelaboraci\u00f3n. En este caso, podr\u00e1 darse la informaci\u00f3n de forma desglosada, previa audiencia del solicitante.<\/p>\n\n\n\n<p>c) Si la informaci\u00f3n que solicitan es en fase de elaboraci\u00f3n y debe hacerse p\u00fablica, de acuerdo con las obligaciones de transparencia del t\u00edtulo II, dentro del plazo de tres meses.<\/p>\n\n\n\n<p>Tampoco ser\u00e1n admitidas a tr\u00e1mite las solicitudes de informaci\u00f3n consistentes en consultas jur\u00eddicas o peticiones de informes o dict\u00e1menes, sin perjuicio de los supuestos de consulta u orientaci\u00f3n establecidos por la legislaci\u00f3n general de procedimiento administrativo y por las leyes sectoriales que se soliciten de acuerdo con la normativa correspondiente.<\/p>\n\n\n\n<p>La inadmisi\u00f3n de solicitudes debe ser motivada y comunicada al solicitante.<\/p>\n\n\n\n<h2 class=\"wp-block-heading\">Plazo para resolver:<\/h2>\n\n\n\n<ol class=\"wp-block-list\">\n<li>Las solicitudes deben resolverse en el plazo de un mes, a contar desde el d\u00eda siguiente a la recepci\u00f3n de la solicitud.<\/li>\n\n\n\n<li>El Colegio puede prorrogar este plazo, si lo justifican el volumen o complejidad de la informaci\u00f3n requerida, hasta un plazo igual a la mitad del inicial.<\/li>\n<\/ol>\n\n\n\n<p>Resoluci\u00f3n: La resoluci\u00f3n debe ser estimatoria de la solicitud, salvo que sea de aplicaci\u00f3n alguno de los l\u00edmites establecidos de la Ley de transparencia.<\/p>\n\n\n\n<p>La resoluci\u00f3n deber\u00e1 indicar los recursos que el interesado en caso de que se estime parcialmente el acceso a la informaci\u00f3n, o se desestime en su totalidad.<\/p>\n\n\n\n<h2 class=\"wp-block-heading\">Silencio administrativo:<\/h2>\n\n\n\n<ol class=\"wp-block-list\">\n<li>Si la Administraci\u00f3n no resuelve y notifica dentro del plazo establecido, la solicitud se entiende estimada, salvo que una norma con rango de ley establezca expresamente un efecto desestimatorio, total o parcial, en relaci\u00f3n con una determinada informaci\u00f3n.<\/li>\n\n\n\n<li>En caso de silencio administrativo estimatorio, el Colegio est\u00e1 obligado a facilitar el acceso a la informaci\u00f3n p\u00fablica en el plazo de 30 d\u00edas, a contar desde el momento en que el Colegio incurre en silencio.<\/li>\n<\/ol>\n\n\n\n<h2 class=\"wp-block-heading\">Gratuidad y contraprestaciones<\/h2>\n\n\n\n<ol class=\"wp-block-list\">\n<li>El acceso a la informaci\u00f3n p\u00fablica es gratuito si los datos son consultados en el lugar donde se encuentran depositados, o bien si existen en formato electr\u00f3nico, en cuyo caso deben ser entregados por correo electr\u00f3nico.<\/li>\n\n\n\n<li>La expedici\u00f3n de copias y la transposici\u00f3n a formatos distintos al original pueden estar sujetos a una contraprestaci\u00f3n econ\u00f3mica, la cual no puede exceder del coste de la operaci\u00f3n.<\/li>\n<\/ol>\n\n\n\n<p><a href=\"javascript: window.print()\"><\/a><\/p>","protected":false},"excerpt":{"rendered":"<p>Las solicitudes de acceso a la informaci\u00f3n p\u00fablica pueden realizarse por cualquier medio que permita tener constancia de la identidad del solicitante, la informaci\u00f3n precisa a la que se quiere tener acceso, sin necesidad de indicar ning\u00fan documento ni expediente concretos, la forma o formato en que se prefiere tener [\u2026]<\/p>","protected":false},"author":1,"featured_media":0,"parent":3658,"menu_order":0,"comment_status":"closed","ping_status":"closed","template":"","meta":{"_uag_custom_page_level_css":"","site-sidebar-layout":"default","site-content-layout":"","ast-site-content-layout":"default","site-content-style":"default","site-sidebar-style":"default","ast-global-header-display":"","ast-banner-title-visibility":"","ast-main-header-display":"","ast-hfb-above-header-display":"","ast-hfb-below-header-display":"","ast-hfb-mobile-header-display":"","site-post-title":"","ast-breadcrumbs-content":"","ast-featured-img":"","footer-sml-layout":"","theme-transparent-header-meta":"","adv-header-id-meta":"","stick-header-meta":"","header-above-stick-meta":"","header-main-stick-meta":"","header-below-stick-meta":"","astra-migrate-meta-layouts":"default","ast-page-background-enabled":"default","ast-page-background-meta":{"desktop":{"background-color":"var(--ast-global-color-4)","background-image":"","background-repeat":"repeat","background-position":"center center","background-size":"auto","background-attachment":"scroll","background-type":"","background-media":"","overlay-type":"","overlay-color":"","overlay-opacity":"","overlay-gradient":""},"tablet":{"background-color":"","background-image":"","background-repeat":"repeat","background-position":"center center","background-size":"auto","background-attachment":"scroll","background-type":"","background-media":"","overlay-type":"","overlay-color":"","overlay-opacity":"","overlay-gradient":""},"mobile":{"background-color":"","background-image":"","background-repeat":"repeat","background-position":"center center","background-size":"auto","background-attachment":"scroll","background-type":"","background-media":"","overlay-type":"","overlay-color":"","overlay-opacity":"","overlay-gradient":""}},"ast-content-background-meta":{"desktop":{"background-color":"var(--ast-global-color-5)","background-image":"","background-repeat":"repeat","background-position":"center center","background-size":"auto","background-attachment":"scroll","background-type":"","background-media":"","overlay-type":"","overlay-color":"","overlay-opacity":"","overlay-gradient":""},"tablet":{"background-color":"var(--ast-global-color-5)","background-image":"","background-repeat":"repeat","background-position":"center center","background-size":"auto","background-attachment":"scroll","background-type":"","background-media":"","overlay-type":"","overlay-color":"","overlay-opacity":"","overlay-gradient":""},"mobile":{"background-color":"var(--ast-global-color-5)","background-image":"","background-repeat":"repeat","background-position":"center center","background-size":"auto","background-attachment":"scroll","background-type":"","background-media":"","overlay-type":"","overlay-color":"","overlay-opacity":"","overlay-gradient":""}},"footnotes":""},"class_list":["post-3662","page","type-page","status-publish","hentry"],"yoast_head":"<!-- This site is optimized with the Yoast SEO plugin v22.4 - https:\/\/yoast.com\/wordpress\/plugins\/seo\/ -->\n<title>Procediment - Col\u00b7legi de Farmac\u00e8utics de Barcelona<\/title>\n<meta name=\"robots\" content=\"index, follow, max-snippet:-1, max-image-preview:large, max-video-preview:-1\" \/>\n<link rel=\"canonical\" href=\"https:\/\/novaorg.cofb.net\/qui-som\/el-collegi\/transparencia\/acces-a-la-informacio-publica\/procediment\/\" \/>\n<meta property=\"og:locale\" content=\"es_ES\" \/>\n<meta property=\"og:type\" content=\"article\" \/>\n<meta property=\"og:title\" content=\"Procediment - Col\u00b7legi de Farmac\u00e8utics de Barcelona\" \/>\n<meta property=\"og:description\" content=\"Les sol\u00b7licituds d&#8217;acc\u00e9s a la informaci\u00f3 p\u00fablica es poden fer per qualsevol mitj\u00e0 que permeti tenir const\u00e0ncia de la identitat del sol\u00b7licitant, la informaci\u00f3 precisa a la qual es vol tenir acc\u00e9s, sense necessitat d&#8217;indicar cap document ni expedient concrets, la forma o el format en qu\u00e8 es prefereix tenir [&hellip;]\" \/>\n<meta property=\"og:url\" content=\"https:\/\/novaorg.cofb.net\/qui-som\/el-collegi\/transparencia\/acces-a-la-informacio-publica\/procediment\/\" \/>\n<meta property=\"og:site_name\" content=\"Col\u00b7legi de Farmac\u00e8utics de Barcelona\" \/>\n<meta property=\"article:publisher\" content=\"https:\/\/www.facebook.com\/farmaceuticsbcn\/\" \/>\n<meta property=\"article:modified_time\" content=\"2023-07-18T07:08:06+00:00\" \/>\n<meta name=\"twitter:card\" content=\"summary_large_image\" \/>\n<meta name=\"twitter:site\" content=\"@farmaceuticsbcn\" \/>\n<meta name=\"twitter:label1\" content=\"Tiempo de lectura\" \/>\n\t<meta name=\"twitter:data1\" content=\"3 minutos\" \/>\n<script type=\"application\/ld+json\" class=\"yoast-schema-graph\">{\"@context\":\"https:\/\/schema.org\",\"@graph\":[{\"@type\":\"WebPage\",\"@id\":\"https:\/\/novaorg.cofb.net\/qui-som\/el-collegi\/transparencia\/acces-a-la-informacio-publica\/procediment\/\",\"url\":\"https:\/\/novaorg.cofb.net\/qui-som\/el-collegi\/transparencia\/acces-a-la-informacio-publica\/procediment\/\",\"name\":\"Procediment - Col\u00b7legi de Farmac\u00e8utics de Barcelona\",\"isPartOf\":{\"@id\":\"https:\/\/www.cofb.org\/#website\"},\"datePublished\":\"2023-07-07T09:44:41+00:00\",\"dateModified\":\"2023-07-18T07:08:06+00:00\",\"breadcrumb\":{\"@id\":\"https:\/\/novaorg.cofb.net\/qui-som\/el-collegi\/transparencia\/acces-a-la-informacio-publica\/procediment\/#breadcrumb\"},\"inLanguage\":\"es\",\"potentialAction\":[{\"@type\":\"ReadAction\",\"target\":[\"https:\/\/novaorg.cofb.net\/qui-som\/el-collegi\/transparencia\/acces-a-la-informacio-publica\/procediment\/\"]}]},{\"@type\":\"BreadcrumbList\",\"@id\":\"https:\/\/novaorg.cofb.net\/qui-som\/el-collegi\/transparencia\/acces-a-la-informacio-publica\/procediment\/#breadcrumb\",\"itemListElement\":[{\"@type\":\"ListItem\",\"position\":1,\"name\":\"Inici\",\"item\":\"https:\/\/novaorg.cofb.net\/\"},{\"@type\":\"ListItem\",\"position\":2,\"name\":\"Qui som?\",\"item\":\"https:\/\/novaorg.cofb.net\/qui-som\/\"},{\"@type\":\"ListItem\",\"position\":3,\"name\":\"El Col\u00b7legi\",\"item\":\"https:\/\/novaorg.cofb.net\/qui-som\/el-collegi\/\"},{\"@type\":\"ListItem\",\"position\":4,\"name\":\"Transpar\u00e8ncia\",\"item\":\"https:\/\/novaorg.cofb.net\/qui-som\/el-collegi\/transparencia\/\"},{\"@type\":\"ListItem\",\"position\":5,\"name\":\"Acc\u00e9s a la informaci\u00f3 p\u00fablica\",\"item\":\"https:\/\/novaorg.cofb.net\/qui-som\/el-collegi\/transparencia\/acces-a-la-informacio-publica\/\"},{\"@type\":\"ListItem\",\"position\":6,\"name\":\"Procediment\"}]},{\"@type\":\"WebSite\",\"@id\":\"https:\/\/www.cofb.org\/#website\",\"url\":\"https:\/\/www.cofb.org\/\",\"name\":\"Col\u00b7legi de Farmac\u00e8utics de Barcelona\",\"description\":\"\",\"publisher\":{\"@id\":\"https:\/\/www.cofb.org\/#organization\"},\"potentialAction\":[{\"@type\":\"SearchAction\",\"target\":{\"@type\":\"EntryPoint\",\"urlTemplate\":\"https:\/\/www.cofb.org\/?s={search_term_string}\"},\"query-input\":\"required name=search_term_string\"}],\"inLanguage\":\"es\"},{\"@type\":\"Organization\",\"@id\":\"https:\/\/www.cofb.org\/#organization\",\"name\":\"Col\u00b7legi de Farmac\u00e8utics de Barcelona\",\"url\":\"https:\/\/www.cofb.org\/\",\"logo\":{\"@type\":\"ImageObject\",\"inLanguage\":\"es\",\"@id\":\"https:\/\/www.cofb.org\/#\/schema\/logo\/image\/\",\"url\":\"https:\/\/www.cofb.org\/wp-content\/uploads\/2023\/11\/cropped-Logotip-COFB.png\",\"contentUrl\":\"https:\/\/www.cofb.org\/wp-content\/uploads\/2023\/11\/cropped-Logotip-COFB.png\",\"width\":500,\"height\":105,\"caption\":\"Col\u00b7legi de Farmac\u00e8utics de Barcelona\"},\"image\":{\"@id\":\"https:\/\/www.cofb.org\/#\/schema\/logo\/image\/\"},\"sameAs\":[\"https:\/\/www.facebook.com\/farmaceuticsbcn\/\",\"https:\/\/twitter.com\/farmaceuticsbcn\",\"https:\/\/www.instagram.com\/farmaceuticsbcn\/\",\"https:\/\/www.linkedin.com\/company\/farmaceuticsbcn\/\"]}]}<\/script>\n<!-- \/ Yoast SEO plugin. -->","yoast_head_json":{"title":"Procediment - Col\u00b7legi de Farmac\u00e8utics de Barcelona","robots":{"index":"index","follow":"follow","max-snippet":"max-snippet:-1","max-image-preview":"max-image-preview:large","max-video-preview":"max-video-preview:-1"},"canonical":"https:\/\/novaorg.cofb.net\/qui-som\/el-collegi\/transparencia\/acces-a-la-informacio-publica\/procediment\/","og_locale":"es_ES","og_type":"article","og_title":"Procediment - Col\u00b7legi de Farmac\u00e8utics de Barcelona","og_description":"Les sol\u00b7licituds d&#8217;acc\u00e9s a la informaci\u00f3 p\u00fablica es poden fer per qualsevol mitj\u00e0 que permeti tenir const\u00e0ncia de la identitat del sol\u00b7licitant, la informaci\u00f3 precisa a la qual es vol tenir acc\u00e9s, sense necessitat d&#8217;indicar cap document ni expedient concrets, la forma o el format en qu\u00e8 es prefereix tenir [&hellip;]","og_url":"https:\/\/novaorg.cofb.net\/qui-som\/el-collegi\/transparencia\/acces-a-la-informacio-publica\/procediment\/","og_site_name":"Col\u00b7legi de Farmac\u00e8utics de Barcelona","article_publisher":"https:\/\/www.facebook.com\/farmaceuticsbcn\/","article_modified_time":"2023-07-18T07:08:06+00:00","twitter_card":"summary_large_image","twitter_site":"@farmaceuticsbcn","twitter_misc":{"Tiempo de lectura":"3 minutos"},"schema":{"@context":"https:\/\/schema.org","@graph":[{"@type":"WebPage","@id":"https:\/\/novaorg.cofb.net\/qui-som\/el-collegi\/transparencia\/acces-a-la-informacio-publica\/procediment\/","url":"https:\/\/novaorg.cofb.net\/qui-som\/el-collegi\/transparencia\/acces-a-la-informacio-publica\/procediment\/","name":"Procediment - Col\u00b7legi de Farmac\u00e8utics de Barcelona","isPartOf":{"@id":"https:\/\/www.cofb.org\/#website"},"datePublished":"2023-07-07T09:44:41+00:00","dateModified":"2023-07-18T07:08:06+00:00","breadcrumb":{"@id":"https:\/\/novaorg.cofb.net\/qui-som\/el-collegi\/transparencia\/acces-a-la-informacio-publica\/procediment\/#breadcrumb"},"inLanguage":"es","potentialAction":[{"@type":"ReadAction","target":["https:\/\/novaorg.cofb.net\/qui-som\/el-collegi\/transparencia\/acces-a-la-informacio-publica\/procediment\/"]}]},{"@type":"BreadcrumbList","@id":"https:\/\/novaorg.cofb.net\/qui-som\/el-collegi\/transparencia\/acces-a-la-informacio-publica\/procediment\/#breadcrumb","itemListElement":[{"@type":"ListItem","position":1,"name":"Inici","item":"https:\/\/novaorg.cofb.net\/"},{"@type":"ListItem","position":2,"name":"Qui som?","item":"https:\/\/novaorg.cofb.net\/qui-som\/"},{"@type":"ListItem","position":3,"name":"El Col\u00b7legi","item":"https:\/\/novaorg.cofb.net\/qui-som\/el-collegi\/"},{"@type":"ListItem","position":4,"name":"Transpar\u00e8ncia","item":"https:\/\/novaorg.cofb.net\/qui-som\/el-collegi\/transparencia\/"},{"@type":"ListItem","position":5,"name":"Acc\u00e9s a la informaci\u00f3 p\u00fablica","item":"https:\/\/novaorg.cofb.net\/qui-som\/el-collegi\/transparencia\/acces-a-la-informacio-publica\/"},{"@type":"ListItem","position":6,"name":"Procediment"}]},{"@type":"WebSite","@id":"https:\/\/www.cofb.org\/#website","url":"https:\/\/www.cofb.org\/","name":"Col\u00b7legi de Farmac\u00e8utics de Barcelona","description":"","publisher":{"@id":"https:\/\/www.cofb.org\/#organization"},"potentialAction":[{"@type":"SearchAction","target":{"@type":"EntryPoint","urlTemplate":"https:\/\/www.cofb.org\/?s={search_term_string}"},"query-input":"required name=search_term_string"}],"inLanguage":"es"},{"@type":"Organization","@id":"https:\/\/www.cofb.org\/#organization","name":"Col\u00b7legi de Farmac\u00e8utics de Barcelona","url":"https:\/\/www.cofb.org\/","logo":{"@type":"ImageObject","inLanguage":"es","@id":"https:\/\/www.cofb.org\/#\/schema\/logo\/image\/","url":"https:\/\/www.cofb.org\/wp-content\/uploads\/2023\/11\/cropped-Logotip-COFB.png","contentUrl":"https:\/\/www.cofb.org\/wp-content\/uploads\/2023\/11\/cropped-Logotip-COFB.png","width":500,"height":105,"caption":"Col\u00b7legi de Farmac\u00e8utics de Barcelona"},"image":{"@id":"https:\/\/www.cofb.org\/#\/schema\/logo\/image\/"},"sameAs":["https:\/\/www.facebook.com\/farmaceuticsbcn\/","https:\/\/twitter.com\/farmaceuticsbcn","https:\/\/www.instagram.com\/farmaceuticsbcn\/","https:\/\/www.linkedin.com\/company\/farmaceuticsbcn\/"]}]}},"uagb_featured_image_src":{"full":false,"thumbnail":false,"medium":false,"medium_large":false,"large":false,"1536x1536":false,"2048x2048":false,"trp-custom-language-flag":false},"uagb_author_info":{"display_name":"wpAdminCofbOrg","author_link":"https:\/\/www.cofb.org\/es\/author\/wpadmincofborg\/"},"uagb_comment_info":0,"uagb_excerpt":"Les sol\u00b7licituds d&#8217;acc\u00e9s a la informaci\u00f3 p\u00fablica es poden fer per qualsevol mitj\u00e0 que permeti tenir const\u00e0ncia de la identitat del sol\u00b7licitant, la informaci\u00f3 precisa a la qual es vol tenir acc\u00e9s, sense necessitat d&#8217;indicar cap document ni expedient concrets, la forma o el format en qu\u00e8 es prefereix tenir [&hellip;]","_links":{"self":[{"href":"https:\/\/www.cofb.org\/es\/wp-json\/wp\/v2\/pages\/3662","targetHints":{"allow":["GET"]}}],"collection":[{"href":"https:\/\/www.cofb.org\/es\/wp-json\/wp\/v2\/pages"}],"about":[{"href":"https:\/\/www.cofb.org\/es\/wp-json\/wp\/v2\/types\/page"}],"author":[{"embeddable":true,"href":"https:\/\/www.cofb.org\/es\/wp-json\/wp\/v2\/users\/1"}],"replies":[{"embeddable":true,"href":"https:\/\/www.cofb.org\/es\/wp-json\/wp\/v2\/comments?post=3662"}],"version-history":[{"count":4,"href":"https:\/\/www.cofb.org\/es\/wp-json\/wp\/v2\/pages\/3662\/revisions"}],"predecessor-version":[{"id":67187,"href":"https:\/\/www.cofb.org\/es\/wp-json\/wp\/v2\/pages\/3662\/revisions\/67187"}],"up":[{"embeddable":true,"href":"https:\/\/www.cofb.org\/es\/wp-json\/wp\/v2\/pages\/3658"}],"wp:attachment":[{"href":"https:\/\/www.cofb.org\/es\/wp-json\/wp\/v2\/media?parent=3662"}],"curies":[{"name":"wp","href":"https:\/\/api.w.org\/{rel}","templated":true}]}}