{"id":3656,"date":"2023-07-07T09:41:34","date_gmt":"2023-07-07T09:41:34","guid":{"rendered":"https:\/\/novaorg.cofb.net\/?page_id=3656"},"modified":"2023-11-09T13:42:47","modified_gmt":"2023-11-09T13:42:47","slug":"informacio-i-tramits","status":"publish","type":"page","link":"https:\/\/www.cofb.org\/es\/qui-som\/el-collegi\/transparencia\/publicitat-activa\/informacio-i-tramits\/","title":{"rendered":"Informaci\u00f3n y tr\u00e1mites"},"content":{"rendered":"<h2 class=\"wp-block-heading\">Colegiaci\u00f3n<\/h2>\n\n\n\n<p>Toda la informaci\u00f3n por&nbsp;<strong>solicitar la colegiaci\u00f3n<\/strong>&nbsp;y la&nbsp;<strong>tramitaci\u00f3n del expediente<\/strong>&nbsp;en el apartado \u201c<a href=\"https:\/\/www.cofb.org\/es\/colegi\/transparencia\/publicitat-activa\/informacio-tramits\/colegiacio-cofb\/\" target=\"_blank\" rel=\"noreferrer noopener\">Colegiaci\u00f3n<\/a>&#8220;.<\/p>\n\n\n\n<h2 class=\"wp-block-heading\">Expedientes de oficina de farmacia<\/h2>\n\n\n\n<h3 class=\"wp-block-heading\">Manual de tramitaci\u00f3n:<\/h3>\n\n\n\n<ul class=\"wp-block-list\">\n<li><a href=\"https:\/\/www.cofb.org\/es\/documents\/10136\/1077223\/Guia_tramitacio_index.pdf\/84677c6f-64cd-4559-a7d7-f5d74289de07\/\" target=\"_blank\" rel=\"noreferrer noopener\">Procedimiento<\/a><\/li>\n\n\n\n<li><a href=\"https:\/\/www.cofb.net\/group\/guest\/assessoria-juridica-i-tramitacio-d-expedients?p_p_id=taulellpeticions_WAR_webportletTaulellPeticions_INSTANCE_nAgbU5gwG0Rf&amp;p_p_lifecycle=0&amp;p_p_state=normal&amp;p_p_mode=view&amp;p_p_col_id=layout-column_column-1&amp;p_p_col_pos=1&amp;p_p_col_count=3&amp;_taulellpeticions_WAR_webportletTaulellPeticions_INSTANCE_nAgbU5gwG0Rf_strutsAction=entrarLlistatDies\" target=\"_blank\" rel=\"noreferrer noopener\">Tabl\u00f3n de anuncios<\/a><\/li>\n\n\n\n<li>Solicitud (modelo):&nbsp;<a rel=\"noreferrer noopener\" href=\"https:\/\/www.cofb.org\/es\/documents\/10136\/1077223\/instancia-cofb.pdf\/d420670d-eb35-4851-a43e-1b2eb1539834\/\" target=\"_blank\">Instancia<\/a>* y&nbsp;<a href=\"https:\/\/www.cofb.org\/es\/qui-som\/el-collegi\/transparencia\/publicitat-activa\/informacio-i-tramits\/taxes-obligatories-per-a-la-creacio-la-construccio-la-modificacio-ladaptacio-o-la-supressio-de-les-oficines-de-farmacia\/\" data-type=\"page\" data-id=\"68380\" target=\"_blank\" rel=\"noreferrer noopener\">Tasas<\/a><\/li>\n<\/ul>\n\n\n\n<p>*Para poder acreditar la identidad del remitente y dar validez a todos los efectos a la solicitud formulada deber\u00e1 utilizar el&nbsp;<strong>certificado digital<\/strong>. Consulte las&nbsp;<a href=\"https:\/\/www.cofb.org\/es\/documents\/10136\/1077223\/SignaDigitDoc.pdf\/c196e810-3fcf-4827-810e-1874b3b3504a\/\" target=\"_blank\" rel=\"noreferrer noopener\"><strong>instrucciones<\/strong><\/a>&nbsp;para rellenar el formulario.<\/p>\n\n\n\n<h2 class=\"wp-block-heading\">Acceso al registro de colegiaci\u00f3n<\/h2>\n\n\n\n<p>Consulte el&nbsp;<a href=\"https:\/\/www.cofb.org\/es\/qui-som\/el-collegi\/directori-de-col%c2%b7legiats\/\" data-type=\"page\" data-id=\"3666\">Directorio de Colegiados<\/a>.<\/p>\n\n\n\n<h2 class=\"wp-block-heading\">Presentaci\u00f3n de documentaci\u00f3n<\/h2>\n\n\n\n<p>Toda la informaci\u00f3n en el apartado&nbsp;<a href=\"https:\/\/www.cofb.org\/es\/que-oferim\/farmaceutics__trashed\/collegiat-2\/\" data-type=\"page\" data-id=\"3758\" target=\"_blank\" rel=\"noreferrer noopener\">Col\u00e9giate<\/a>.<\/p>\n\n\n\n<h2 class=\"wp-block-heading\">Consulta del estado de los tr\u00e1mites (pendientes)<\/h2>\n\n\n\n<h2 class=\"wp-block-heading\">Consultas<\/h2>\n\n\n\n<p>Si tienes alguna consulta relacionada con el Colegio, puedes tramitarla en el formulario que encontrar\u00e1s en el espacio de la web&nbsp;<a href=\"https:\/\/www.cofb.org\/es\/contacte\/\" data-type=\"page\" data-id=\"2786\" target=\"_blank\" rel=\"noreferrer noopener\">Contacto<\/a>. Tambi\u00e9n ver\u00e1s otras opciones de ponerte en contacto con el COFB y d\u00f3nde est\u00e1 situado.<\/p>\n\n\n\n<h2 class=\"wp-block-heading\">Quejas, consultas y reclamaciones<\/h2>\n\n\n\n<ul class=\"wp-block-list\">\n<li><a rel=\"noreferrer noopener\" href=\"https:\/\/www.cofb.org\/es\/que-oferim\/ciutadans\/deontologia\/\" data-type=\"page\" data-id=\"2947\" target=\"_blank\">Formulario de quejas, consultas y comunicaciones<\/a>&nbsp;(Apartado de Deontolog\u00eda) <\/li>\n\n\n\n<li><a href=\"https:\/\/www.cofb.org\/es\/documents\/10136\/1077223\/Procediment+per+tramitar+la+QUEIXA+2018.pdf\/7a7f939d-70ef-4ffb-aa71-92ea4acc855e\/\" target=\"_blank\" rel=\"noreferrer noopener\">Procedimientos<\/a><\/li>\n<\/ul>\n\n\n\n<h2 class=\"wp-block-heading\">Canal \u00c9tico<\/h2>\n\n\n\n<p>Accede al<a rel=\"noreferrer noopener\" href=\"https:\/\/www.cofb.org\/es\/canal-etic\/\" data-type=\"link\" data-id=\"https:\/\/www.cofb.org\/ca\/canal-etic\/\" target=\"_blank\"> <\/a><a href=\"\/es\/canal-etic\/\" data-type=\"link\" data-id=\"https:\/\/www.cofb.org\/ca\/canal-etic\/\" target=\"_blank\" rel=\"noreferrer noopener\">formulario del Canal \u00c9tico<\/a><\/p>","protected":false},"excerpt":{"rendered":"<p>Colegiaci\u00f3n Toda la informaci\u00f3n para solicitar la colegiaci\u00f3n y la tramitaci\u00f3n del expediente en el apartado \u201cColegiaci\u00f3n\u201c. Expedientes de oficina de farmacia Manual de tramitaci\u00f3n: *Para poder acreditar la identidad del remitente y dar validez a todos los efectos a la solicitud formulada ser\u00e1 necesario que utilice el certificado digital. Consulte las instrucciones para rellenar el formulario. Acceso al registro de [\u2026]<\/p>","protected":false},"author":1,"featured_media":0,"parent":3645,"menu_order":0,"comment_status":"closed","ping_status":"closed","template":"","meta":{"_uag_custom_page_level_css":"","site-sidebar-layout":"default","site-content-layout":"","ast-site-content-layout":"default","site-content-style":"default","site-sidebar-style":"default","ast-global-header-display":"","ast-banner-title-visibility":"","ast-main-header-display":"","ast-hfb-above-header-display":"","ast-hfb-below-header-display":"","ast-hfb-mobile-header-display":"","site-post-title":"","ast-breadcrumbs-content":"","ast-featured-img":"","footer-sml-layout":"","theme-transparent-header-meta":"","adv-header-id-meta":"","stick-header-meta":"","header-above-stick-meta":"","header-main-stick-meta":"","header-below-stick-meta":"","astra-migrate-meta-layouts":"set","ast-page-background-enabled":"default","ast-page-background-meta":{"desktop":{"background-color":"var(--ast-global-color-4)","background-image":"","background-repeat":"repeat","background-position":"center center","background-size":"auto","background-attachment":"scroll","background-type":"","background-media":"","overlay-type":"","overlay-color":"","overlay-opacity":"","overlay-gradient":""},"tablet":{"background-color":"","background-image":"","background-repeat":"repeat","background-position":"center center","background-size":"auto","background-attachment":"scroll","background-type":"","background-media":"","overlay-type":"","overlay-color":"","overlay-opacity":"","overlay-gradient":""},"mobile":{"background-color":"","background-image":"","background-repeat":"repeat","background-position":"center center","background-size":"auto","background-attachment":"scroll","background-type":"","background-media":"","overlay-type":"","overlay-color":"","overlay-opacity":"","overlay-gradient":""}},"ast-content-background-meta":{"desktop":{"background-color":"var(--ast-global-color-5)","background-image":"","background-repeat":"repeat","background-position":"center center","background-size":"auto","background-attachment":"scroll","background-type":"","background-media":"","overlay-type":"","overlay-color":"","overlay-opacity":"","overlay-gradient":""},"tablet":{"background-color":"var(--ast-global-color-5)","background-image":"","background-repeat":"repeat","background-position":"center center","background-size":"auto","background-attachment":"scroll","background-type":"","background-media":"","overlay-type":"","overlay-color":"","overlay-opacity":"","overlay-gradient":""},"mobile":{"background-color":"var(--ast-global-color-5)","background-image":"","background-repeat":"repeat","background-position":"center center","background-size":"auto","background-attachment":"scroll","background-type":"","background-media":"","overlay-type":"","overlay-color":"","overlay-opacity":"","overlay-gradient":""}},"footnotes":""},"class_list":["post-3656","page","type-page","status-publish","hentry"],"yoast_head":"<!-- This site is optimized with the Yoast SEO plugin v22.4 - https:\/\/yoast.com\/wordpress\/plugins\/seo\/ -->\n<title>Informaci\u00f3 i tr\u00e0mits - Col\u00b7legi de Farmac\u00e8utics de Barcelona<\/title>\n<meta name=\"robots\" content=\"index, follow, max-snippet:-1, max-image-preview:large, max-video-preview:-1\" \/>\n<link rel=\"canonical\" href=\"https:\/\/novaorg.cofb.net\/qui-som\/el-collegi\/transparencia\/publicitat-activa\/informacio-i-tramits\/\" \/>\n<meta property=\"og:locale\" content=\"es_ES\" \/>\n<meta property=\"og:type\" content=\"article\" \/>\n<meta property=\"og:title\" content=\"Informaci\u00f3 i tr\u00e0mits - Col\u00b7legi de Farmac\u00e8utics de Barcelona\" \/>\n<meta property=\"og:description\" content=\"Col\u00b7legiaci\u00f3 Tota la informaci\u00f3 per&nbsp;sol\u00b7licitar la col\u00b7legiaci\u00f3&nbsp;i la&nbsp;tramitaci\u00f3 de&nbsp;l&#8217;expedient&nbsp;a l&#8217;apartat &#8220;Col\u00b7legiaci\u00f3&#8220;. Expedients d&#8217;oficina de farm\u00e0cia Manual de tramitaci\u00f3: *Per poder acreditar la identitat del remitent i donar validesa a tots els efectes a la sol\u00b7licitud formulada caldr\u00e0 que utilitzeu el&nbsp;certificat digital. Consulteu les&nbsp;instruccions&nbsp;per emplenar el formulari. Acc\u00e9s al registre de [&hellip;]\" \/>\n<meta property=\"og:url\" content=\"https:\/\/novaorg.cofb.net\/qui-som\/el-collegi\/transparencia\/publicitat-activa\/informacio-i-tramits\/\" \/>\n<meta property=\"og:site_name\" content=\"Col\u00b7legi de Farmac\u00e8utics de Barcelona\" \/>\n<meta property=\"article:publisher\" content=\"https:\/\/www.facebook.com\/farmaceuticsbcn\/\" \/>\n<meta property=\"article:modified_time\" content=\"2023-11-09T13:42:47+00:00\" \/>\n<meta name=\"twitter:card\" content=\"summary_large_image\" \/>\n<meta name=\"twitter:site\" content=\"@farmaceuticsbcn\" \/>\n<meta name=\"twitter:label1\" content=\"Tiempo de lectura\" \/>\n\t<meta name=\"twitter:data1\" content=\"1 minuto\" \/>\n<script type=\"application\/ld+json\" class=\"yoast-schema-graph\">{\"@context\":\"https:\/\/schema.org\",\"@graph\":[{\"@type\":\"WebPage\",\"@id\":\"https:\/\/novaorg.cofb.net\/qui-som\/el-collegi\/transparencia\/publicitat-activa\/informacio-i-tramits\/\",\"url\":\"https:\/\/novaorg.cofb.net\/qui-som\/el-collegi\/transparencia\/publicitat-activa\/informacio-i-tramits\/\",\"name\":\"Informaci\u00f3 i tr\u00e0mits - Col\u00b7legi de Farmac\u00e8utics de Barcelona\",\"isPartOf\":{\"@id\":\"https:\/\/www.cofb.org\/#website\"},\"datePublished\":\"2023-07-07T09:41:34+00:00\",\"dateModified\":\"2023-11-09T13:42:47+00:00\",\"breadcrumb\":{\"@id\":\"https:\/\/novaorg.cofb.net\/qui-som\/el-collegi\/transparencia\/publicitat-activa\/informacio-i-tramits\/#breadcrumb\"},\"inLanguage\":\"es\",\"potentialAction\":[{\"@type\":\"ReadAction\",\"target\":[\"https:\/\/novaorg.cofb.net\/qui-som\/el-collegi\/transparencia\/publicitat-activa\/informacio-i-tramits\/\"]}]},{\"@type\":\"BreadcrumbList\",\"@id\":\"https:\/\/novaorg.cofb.net\/qui-som\/el-collegi\/transparencia\/publicitat-activa\/informacio-i-tramits\/#breadcrumb\",\"itemListElement\":[{\"@type\":\"ListItem\",\"position\":1,\"name\":\"Inici\",\"item\":\"https:\/\/novaorg.cofb.net\/\"},{\"@type\":\"ListItem\",\"position\":2,\"name\":\"Qui som?\",\"item\":\"https:\/\/novaorg.cofb.net\/qui-som\/\"},{\"@type\":\"ListItem\",\"position\":3,\"name\":\"El Col\u00b7legi\",\"item\":\"https:\/\/novaorg.cofb.net\/qui-som\/el-collegi\/\"},{\"@type\":\"ListItem\",\"position\":4,\"name\":\"Transpar\u00e8ncia\",\"item\":\"https:\/\/novaorg.cofb.net\/qui-som\/el-collegi\/transparencia\/\"},{\"@type\":\"ListItem\",\"position\":5,\"name\":\"Publicitat activa\",\"item\":\"https:\/\/novaorg.cofb.net\/qui-som\/el-collegi\/transparencia\/publicitat-activa\/\"},{\"@type\":\"ListItem\",\"position\":6,\"name\":\"Informaci\u00f3 i tr\u00e0mits\"}]},{\"@type\":\"WebSite\",\"@id\":\"https:\/\/www.cofb.org\/#website\",\"url\":\"https:\/\/www.cofb.org\/\",\"name\":\"Col\u00b7legi de Farmac\u00e8utics de Barcelona\",\"description\":\"\",\"publisher\":{\"@id\":\"https:\/\/www.cofb.org\/#organization\"},\"potentialAction\":[{\"@type\":\"SearchAction\",\"target\":{\"@type\":\"EntryPoint\",\"urlTemplate\":\"https:\/\/www.cofb.org\/?s={search_term_string}\"},\"query-input\":\"required name=search_term_string\"}],\"inLanguage\":\"es\"},{\"@type\":\"Organization\",\"@id\":\"https:\/\/www.cofb.org\/#organization\",\"name\":\"Col\u00b7legi de Farmac\u00e8utics de Barcelona\",\"url\":\"https:\/\/www.cofb.org\/\",\"logo\":{\"@type\":\"ImageObject\",\"inLanguage\":\"es\",\"@id\":\"https:\/\/www.cofb.org\/#\/schema\/logo\/image\/\",\"url\":\"https:\/\/www.cofb.org\/wp-content\/uploads\/2023\/11\/cropped-Logotip-COFB.png\",\"contentUrl\":\"https:\/\/www.cofb.org\/wp-content\/uploads\/2023\/11\/cropped-Logotip-COFB.png\",\"width\":500,\"height\":105,\"caption\":\"Col\u00b7legi de Farmac\u00e8utics de Barcelona\"},\"image\":{\"@id\":\"https:\/\/www.cofb.org\/#\/schema\/logo\/image\/\"},\"sameAs\":[\"https:\/\/www.facebook.com\/farmaceuticsbcn\/\",\"https:\/\/twitter.com\/farmaceuticsbcn\",\"https:\/\/www.instagram.com\/farmaceuticsbcn\/\",\"https:\/\/www.linkedin.com\/company\/farmaceuticsbcn\/\"]}]}<\/script>\n<!-- \/ Yoast SEO plugin. -->","yoast_head_json":{"title":"Informaci\u00f3 i tr\u00e0mits - Col\u00b7legi de Farmac\u00e8utics de Barcelona","robots":{"index":"index","follow":"follow","max-snippet":"max-snippet:-1","max-image-preview":"max-image-preview:large","max-video-preview":"max-video-preview:-1"},"canonical":"https:\/\/novaorg.cofb.net\/qui-som\/el-collegi\/transparencia\/publicitat-activa\/informacio-i-tramits\/","og_locale":"es_ES","og_type":"article","og_title":"Informaci\u00f3 i tr\u00e0mits - Col\u00b7legi de Farmac\u00e8utics de Barcelona","og_description":"Col\u00b7legiaci\u00f3 Tota la informaci\u00f3 per&nbsp;sol\u00b7licitar la col\u00b7legiaci\u00f3&nbsp;i la&nbsp;tramitaci\u00f3 de&nbsp;l&#8217;expedient&nbsp;a l&#8217;apartat &#8220;Col\u00b7legiaci\u00f3&#8220;. Expedients d&#8217;oficina de farm\u00e0cia Manual de tramitaci\u00f3: *Per poder acreditar la identitat del remitent i donar validesa a tots els efectes a la sol\u00b7licitud formulada caldr\u00e0 que utilitzeu el&nbsp;certificat digital. Consulteu les&nbsp;instruccions&nbsp;per emplenar el formulari. Acc\u00e9s al registre de [&hellip;]","og_url":"https:\/\/novaorg.cofb.net\/qui-som\/el-collegi\/transparencia\/publicitat-activa\/informacio-i-tramits\/","og_site_name":"Col\u00b7legi de Farmac\u00e8utics de Barcelona","article_publisher":"https:\/\/www.facebook.com\/farmaceuticsbcn\/","article_modified_time":"2023-11-09T13:42:47+00:00","twitter_card":"summary_large_image","twitter_site":"@farmaceuticsbcn","twitter_misc":{"Tiempo de lectura":"1 minuto"},"schema":{"@context":"https:\/\/schema.org","@graph":[{"@type":"WebPage","@id":"https:\/\/novaorg.cofb.net\/qui-som\/el-collegi\/transparencia\/publicitat-activa\/informacio-i-tramits\/","url":"https:\/\/novaorg.cofb.net\/qui-som\/el-collegi\/transparencia\/publicitat-activa\/informacio-i-tramits\/","name":"Informaci\u00f3 i tr\u00e0mits - Col\u00b7legi de Farmac\u00e8utics de Barcelona","isPartOf":{"@id":"https:\/\/www.cofb.org\/#website"},"datePublished":"2023-07-07T09:41:34+00:00","dateModified":"2023-11-09T13:42:47+00:00","breadcrumb":{"@id":"https:\/\/novaorg.cofb.net\/qui-som\/el-collegi\/transparencia\/publicitat-activa\/informacio-i-tramits\/#breadcrumb"},"inLanguage":"es","potentialAction":[{"@type":"ReadAction","target":["https:\/\/novaorg.cofb.net\/qui-som\/el-collegi\/transparencia\/publicitat-activa\/informacio-i-tramits\/"]}]},{"@type":"BreadcrumbList","@id":"https:\/\/novaorg.cofb.net\/qui-som\/el-collegi\/transparencia\/publicitat-activa\/informacio-i-tramits\/#breadcrumb","itemListElement":[{"@type":"ListItem","position":1,"name":"Inici","item":"https:\/\/novaorg.cofb.net\/"},{"@type":"ListItem","position":2,"name":"Qui som?","item":"https:\/\/novaorg.cofb.net\/qui-som\/"},{"@type":"ListItem","position":3,"name":"El Col\u00b7legi","item":"https:\/\/novaorg.cofb.net\/qui-som\/el-collegi\/"},{"@type":"ListItem","position":4,"name":"Transpar\u00e8ncia","item":"https:\/\/novaorg.cofb.net\/qui-som\/el-collegi\/transparencia\/"},{"@type":"ListItem","position":5,"name":"Publicitat activa","item":"https:\/\/novaorg.cofb.net\/qui-som\/el-collegi\/transparencia\/publicitat-activa\/"},{"@type":"ListItem","position":6,"name":"Informaci\u00f3 i tr\u00e0mits"}]},{"@type":"WebSite","@id":"https:\/\/www.cofb.org\/#website","url":"https:\/\/www.cofb.org\/","name":"Col\u00b7legi de Farmac\u00e8utics de Barcelona","description":"","publisher":{"@id":"https:\/\/www.cofb.org\/#organization"},"potentialAction":[{"@type":"SearchAction","target":{"@type":"EntryPoint","urlTemplate":"https:\/\/www.cofb.org\/?s={search_term_string}"},"query-input":"required name=search_term_string"}],"inLanguage":"es"},{"@type":"Organization","@id":"https:\/\/www.cofb.org\/#organization","name":"Col\u00b7legi de Farmac\u00e8utics de Barcelona","url":"https:\/\/www.cofb.org\/","logo":{"@type":"ImageObject","inLanguage":"es","@id":"https:\/\/www.cofb.org\/#\/schema\/logo\/image\/","url":"https:\/\/www.cofb.org\/wp-content\/uploads\/2023\/11\/cropped-Logotip-COFB.png","contentUrl":"https:\/\/www.cofb.org\/wp-content\/uploads\/2023\/11\/cropped-Logotip-COFB.png","width":500,"height":105,"caption":"Col\u00b7legi de Farmac\u00e8utics de Barcelona"},"image":{"@id":"https:\/\/www.cofb.org\/#\/schema\/logo\/image\/"},"sameAs":["https:\/\/www.facebook.com\/farmaceuticsbcn\/","https:\/\/twitter.com\/farmaceuticsbcn","https:\/\/www.instagram.com\/farmaceuticsbcn\/","https:\/\/www.linkedin.com\/company\/farmaceuticsbcn\/"]}]}},"uagb_featured_image_src":{"full":false,"thumbnail":false,"medium":false,"medium_large":false,"large":false,"1536x1536":false,"2048x2048":false,"trp-custom-language-flag":false},"uagb_author_info":{"display_name":"wpAdminCofbOrg","author_link":"https:\/\/www.cofb.org\/es\/author\/wpadmincofborg\/"},"uagb_comment_info":0,"uagb_excerpt":"Col\u00b7legiaci\u00f3 Tota la informaci\u00f3 per&nbsp;sol\u00b7licitar la col\u00b7legiaci\u00f3&nbsp;i la&nbsp;tramitaci\u00f3 de&nbsp;l&#8217;expedient&nbsp;a l&#8217;apartat &#8220;Col\u00b7legiaci\u00f3&#8220;. Expedients d&#8217;oficina de farm\u00e0cia Manual de tramitaci\u00f3: *Per poder acreditar la identitat del remitent i donar validesa a tots els efectes a la sol\u00b7licitud formulada caldr\u00e0 que utilitzeu el&nbsp;certificat digital. Consulteu les&nbsp;instruccions&nbsp;per emplenar el formulari. Acc\u00e9s al registre de [&hellip;]","_links":{"self":[{"href":"https:\/\/www.cofb.org\/es\/wp-json\/wp\/v2\/pages\/3656","targetHints":{"allow":["GET"]}}],"collection":[{"href":"https:\/\/www.cofb.org\/es\/wp-json\/wp\/v2\/pages"}],"about":[{"href":"https:\/\/www.cofb.org\/es\/wp-json\/wp\/v2\/types\/page"}],"author":[{"embeddable":true,"href":"https:\/\/www.cofb.org\/es\/wp-json\/wp\/v2\/users\/1"}],"replies":[{"embeddable":true,"href":"https:\/\/www.cofb.org\/es\/wp-json\/wp\/v2\/comments?post=3656"}],"version-history":[{"count":10,"href":"https:\/\/www.cofb.org\/es\/wp-json\/wp\/v2\/pages\/3656\/revisions"}],"predecessor-version":[{"id":69472,"href":"https:\/\/www.cofb.org\/es\/wp-json\/wp\/v2\/pages\/3656\/revisions\/69472"}],"up":[{"embeddable":true,"href":"https:\/\/www.cofb.org\/es\/wp-json\/wp\/v2\/pages\/3645"}],"wp:attachment":[{"href":"https:\/\/www.cofb.org\/es\/wp-json\/wp\/v2\/media?parent=3656"}],"curies":[{"name":"wp","href":"https:\/\/api.w.org\/{rel}","templated":true}]}}