{"id":3642,"date":"2023-07-07T07:43:19","date_gmt":"2023-07-07T07:43:19","guid":{"rendered":"https:\/\/novaorg.cofb.net\/?page_id=3642"},"modified":"2023-10-06T09:26:34","modified_gmt":"2023-10-06T09:26:34","slug":"coordinadors-i-delegats","status":"publish","type":"page","link":"https:\/\/www.cofb.org\/es\/qui-som\/com-sorganitza\/coordinadors-i-delegats\/","title":{"rendered":"Coordinadores y delegados"},"content":{"rendered":"<div class=\"wp-block-uagb-image uagb-block-c67809de wp-block-uagb-image--layout-default wp-block-uagb-image--effect-static wp-block-uagb-image--align-none\"><figure class=\"wp-block-uagb-image__figure\"><img loading=\"lazy\" decoding=\"async\" srcset=\"https:\/\/www.cofb.org\/wp-content\/uploads\/2023\/10\/pexels-photo-1078850.jpeg \" sizes=\"auto, (max-width: 480px) 150px\" src=\"https:\/\/www.cofb.org\/wp-content\/uploads\/2023\/10\/pexels-photo-1078850.jpeg\" alt=\"\" class=\"uag-image-68888\" width=\"864\" height=\"300\" title=\"\"\/><\/figure><\/div>\n\n\n\n<p>La&nbsp;<strong>red de coordinadores y delegados<\/strong>&nbsp;es el mecanismo a trav\u00e9s del cual el Col\u00b7legi de Farmac\u00e9uticos de Barcelona, en tanto que representante de la profesi\u00f3n farmac\u00e9utica,&nbsp;<strong>organiza la coordinaci\u00f3n y participaci\u00f3n de los farmac\u00e9uticos titulares de oficina de farmacia en el \u00e1mbito asistencial de la salud p\u00fablica<\/strong>.<\/p>\n\n\n\n<p>Su objetivo es&nbsp;<strong>potenciar al farmac\u00e9utico como agente de salud&nbsp;<\/strong>en el territorio y&nbsp;<strong>colaborar con la administraci\u00f3n p\u00fablica<\/strong>&nbsp;en la consecuci\u00f3n de la mejora de la atenci\u00f3n sanitaria prestada a la ciudadan\u00eda.<\/p>\n\n\n\n<p>Esta estructura es una herramienta para la&nbsp;<strong>creaci\u00f3n de alianzas&nbsp;<\/strong>con otros profesionales sanitarios,&nbsp;<strong>reforzando&nbsp;<\/strong>los&nbsp;<strong>canales de comunicaci\u00f3n&nbsp;<\/strong>de la oficina de farmacia con los CAPs, hospitales y centros de atenci\u00f3n continuada e implic\u00e1ndose para posicionar al farmac\u00e9utico como un agente activo en todos aquellos foros destinados a la promoci\u00f3n de la salud, la prevenci\u00f3n de la dolencia, la educaci\u00f3n sanitaria, el buen uso de los medicamentos y el seguimiento de los tratamientos farmacol\u00f3gicos.<\/p>\n\n\n\n<p>La red de coordinadores y delegados se asienta sobre una&nbsp;<strong>organizaci\u00f3n territorial&nbsp;<\/strong>basada en el<strong>&nbsp;sector sanitario&nbsp;<\/strong>y&nbsp;<strong>el \u00e1rea b\u00e1sica de salud<\/strong>, y se vehicula a trav\u00e9s de las figuras del coordinador y del delegado.<\/p>\n\n\n\n<p>El \u00e1mbito territorial de actuaci\u00f3n de los coordinadores y delegados se divide en&nbsp;<strong>21 sectores sanitarios<\/strong>&nbsp;y<strong>&nbsp;262 \u00e1reas b\u00e1sicas de salud<\/strong>.<\/p>\n\n\n\n<h2 class=\"wp-block-heading\">El sector sanitario<\/h2>\n\n\n\n<p>El sector sanitario es una&nbsp;<strong>unidad territorial<\/strong>&nbsp;que integra un conjunto&nbsp;<strong>de \u00e1reas b\u00e1sicas,<\/strong>&nbsp;en las que se&nbsp;<strong>desarrollan y coordinan&nbsp;<\/strong>las&nbsp;<strong>actividades de promoci\u00f3n de la salud<\/strong>&nbsp;y<strong>&nbsp;prevenci\u00f3n de la dolencia<\/strong>. Cada uno de los sectores sanitarios tiene un coordinador designado a propuesta del Vocal de Oficina de Farmacia del COFB.&nbsp;<\/p>\n\n\n\n<p>Sus funciones principales son:&nbsp;<\/p>\n\n\n\n<ul class=\"wp-block-list\">\n<li><strong>Hacer de enlace<\/strong>&nbsp;entre el COFB y los distintos estamentos sanitarios del territorio para coordinar actividades profesionales en los que participen las oficinas de farmacia de su sector sanitario.<\/li>\n\n\n\n<li><strong>Asistir a las reuniones del \u00e1mbito de la salud<\/strong>&nbsp;de su territorio y&nbsp;<strong>participar&nbsp;<\/strong>en las iniciativas que requieran la colaboraci\u00f3n de las oficinas de farmacia en coordinaci\u00f3n con el resto de agentes de salud de un \u00e1mbito territorial.<\/li>\n<\/ul>\n\n\n\n<figure class=\"wp-block-image\"><img decoding=\"async\" src=\"https:\/\/www.cofb.org\/documents\/10136\/1056753\/Coordinadors.jpg\/24238dbf-fb24-44e8-bf8a-1445aaed9f69?t=1549542808897\" alt=\"\"\/><\/figure>\n\n\n\n<h2 class=\"wp-block-heading\">\u00c1rea B\u00e1sica de Salud (ABS)<\/h2>\n\n\n\n<p>El \u00c1rea B\u00e1sica de Salud (ABS) es la&nbsp;<strong>unidad territorial elemental&nbsp;<\/strong>que&nbsp;<strong>integra varias oficinas de farmacia<\/strong>&nbsp;en la que se presta&nbsp;<strong>asistencia sanitaria primaria<\/strong>&nbsp;de acceso directo a la poblaci\u00f3n y constituye el eje vertebrador del sistema sanitario, en cuyo \u00e1mbito desarrolla sus actividades el equipo de atenci\u00f3n primaria. Cada ABS tiene un delegado, designado por sus titulares de farmacia de \u00e9sta.<\/p>\n\n\n\n<p>Los delegados son el enlace entre el coordinador, los titulares de oficina de farmacia y los diferentes \u00e1mbitos asistenciales del \u00c1rea B\u00e1sica de Salud (ABS).<\/p>\n\n\n\n<p>Sus funciones principales son:&nbsp;<\/p>\n\n\n\n<ul class=\"wp-block-list\">\n<li><strong>Coordinar&nbsp;<\/strong>y&nbsp;<strong>representar&nbsp;<\/strong>a los farmac\u00e9uticos titulares de las OF del ABS ante el coordinador del sector, el COFB y las estructuras sanitarias del ABS.<\/li>\n\n\n\n<li>Cuando proceda,&nbsp;<strong>planificar&nbsp;<\/strong>los horarios, los servicios de urgencia y las vacaciones de las oficinas de farmacia del ABS.<\/li>\n\n\n\n<li><strong>Participar&nbsp;<\/strong>en los proyectos profesionales que ponga en marcha el Col\u00b7legi y apoyar al coordinador en todas las actividades en las que \u00e9ste deba participar.<\/li>\n<\/ul>\n\n\n\n<p><\/p>","protected":false},"excerpt":{"rendered":"<p>La red de coordinadores y delegados es el mecanismo a trav\u00e9s del cual el Colegio de Farmac\u00e9uticos de Barcelona, en tanto representante de la profesi\u00f3n farmac\u00e9utica, organiza la coordinaci\u00f3n y participaci\u00f3n de los farmac\u00e9uticos titulares de oficina de farmacia en el \u00e1mbito asistencial de la salud p\u00fablica. Su objetivo es potenciar al farmac\u00e9utico como agente de [\u2026]<\/p>","protected":false},"author":1,"featured_media":0,"parent":68372,"menu_order":4,"comment_status":"closed","ping_status":"closed","template":"","meta":{"_uag_custom_page_level_css":"","site-sidebar-layout":"default","site-content-layout":"","ast-site-content-layout":"default","site-content-style":"default","site-sidebar-style":"default","ast-global-header-display":"","ast-banner-title-visibility":"","ast-main-header-display":"","ast-hfb-above-header-display":"","ast-hfb-below-header-display":"","ast-hfb-mobile-header-display":"","site-post-title":"","ast-breadcrumbs-content":"","ast-featured-img":"","footer-sml-layout":"","theme-transparent-header-meta":"","adv-header-id-meta":"","stick-header-meta":"","header-above-stick-meta":"","header-main-stick-meta":"","header-below-stick-meta":"","astra-migrate-meta-layouts":"default","ast-page-background-enabled":"default","ast-page-background-meta":{"desktop":{"background-color":"var(--ast-global-color-4)","background-image":"","background-repeat":"repeat","background-position":"center center","background-size":"auto","background-attachment":"scroll","background-type":"","background-media":"","overlay-type":"","overlay-color":"","overlay-opacity":"","overlay-gradient":""},"tablet":{"background-color":"","background-image":"","background-repeat":"repeat","background-position":"center center","background-size":"auto","background-attachment":"scroll","background-type":"","background-media":"","overlay-type":"","overlay-color":"","overlay-opacity":"","overlay-gradient":""},"mobile":{"background-color":"","background-image":"","background-repeat":"repeat","background-position":"center center","background-size":"auto","background-attachment":"scroll","background-type":"","background-media":"","overlay-type":"","overlay-color":"","overlay-opacity":"","overlay-gradient":""}},"ast-content-background-meta":{"desktop":{"background-color":"var(--ast-global-color-5)","background-image":"","background-repeat":"repeat","background-position":"center center","background-size":"auto","background-attachment":"scroll","background-type":"","background-media":"","overlay-type":"","overlay-color":"","overlay-opacity":"","overlay-gradient":""},"tablet":{"background-color":"var(--ast-global-color-5)","background-image":"","background-repeat":"repeat","background-position":"center center","background-size":"auto","background-attachment":"scroll","background-type":"","background-media":"","overlay-type":"","overlay-color":"","overlay-opacity":"","overlay-gradient":""},"mobile":{"background-color":"var(--ast-global-color-5)","background-image":"","background-repeat":"repeat","background-position":"center center","background-size":"auto","background-attachment":"scroll","background-type":"","background-media":"","overlay-type":"","overlay-color":"","overlay-opacity":"","overlay-gradient":""}},"footnotes":""},"class_list":["post-3642","page","type-page","status-publish","hentry"],"yoast_head":"<!-- This site is optimized with the Yoast SEO plugin v22.4 - https:\/\/yoast.com\/wordpress\/plugins\/seo\/ -->\n<title>Coordinadors i delegats - Col\u00b7legi de Farmac\u00e8utics de Barcelona<\/title>\n<meta name=\"robots\" content=\"index, follow, max-snippet:-1, max-image-preview:large, max-video-preview:-1\" \/>\n<link rel=\"canonical\" href=\"https:\/\/novaorg.cofb.net\/qui-som\/com-sorganitza\/coordinadors-i-delegats\/\" \/>\n<meta property=\"og:locale\" content=\"es_ES\" \/>\n<meta property=\"og:type\" content=\"article\" \/>\n<meta property=\"og:title\" content=\"Coordinadors i delegats - Col\u00b7legi de Farmac\u00e8utics de Barcelona\" \/>\n<meta property=\"og:description\" content=\"La&nbsp;xarxa de coordinadors i delegats&nbsp;\u00e9s el mecanisme a trav\u00e9s del qual el Col\u00b7legi de Farmac\u00e8utics de Barcelona, en tan&nbsp;representant de la professi\u00f3 farmac\u00e8utica,&nbsp;organitza la coordinaci\u00f3 i participaci\u00f3 dels farmac\u00e8utics titulars d\u2019oficina de farm\u00e0cia en l\u2019\u00e0mbit assistencial de la salut p\u00fablica. El seu objectiu \u00e9s&nbsp;potenciar el farmac\u00e8utic com a agent de [&hellip;]\" \/>\n<meta property=\"og:url\" content=\"https:\/\/novaorg.cofb.net\/qui-som\/com-sorganitza\/coordinadors-i-delegats\/\" \/>\n<meta property=\"og:site_name\" content=\"Col\u00b7legi de Farmac\u00e8utics de Barcelona\" \/>\n<meta property=\"article:publisher\" content=\"https:\/\/www.facebook.com\/farmaceuticsbcn\/\" \/>\n<meta property=\"article:modified_time\" content=\"2023-10-06T09:26:34+00:00\" \/>\n<meta property=\"og:image\" content=\"https:\/\/novaorg.cofb.net\/wp-content\/uploads\/2023\/10\/pexels-photo-1078850.jpeg\" \/>\n<meta name=\"twitter:card\" content=\"summary_large_image\" \/>\n<meta name=\"twitter:site\" content=\"@farmaceuticsbcn\" \/>\n<meta name=\"twitter:label1\" content=\"Tiempo de lectura\" \/>\n\t<meta name=\"twitter:data1\" content=\"3 minutos\" \/>\n<script type=\"application\/ld+json\" class=\"yoast-schema-graph\">{\"@context\":\"https:\/\/schema.org\",\"@graph\":[{\"@type\":\"WebPage\",\"@id\":\"https:\/\/novaorg.cofb.net\/qui-som\/com-sorganitza\/coordinadors-i-delegats\/\",\"url\":\"https:\/\/novaorg.cofb.net\/qui-som\/com-sorganitza\/coordinadors-i-delegats\/\",\"name\":\"Coordinadors i delegats - Col\u00b7legi de Farmac\u00e8utics de Barcelona\",\"isPartOf\":{\"@id\":\"https:\/\/www.cofb.org\/#website\"},\"primaryImageOfPage\":{\"@id\":\"https:\/\/novaorg.cofb.net\/qui-som\/com-sorganitza\/coordinadors-i-delegats\/#primaryimage\"},\"image\":{\"@id\":\"https:\/\/novaorg.cofb.net\/qui-som\/com-sorganitza\/coordinadors-i-delegats\/#primaryimage\"},\"thumbnailUrl\":\"https:\/\/www.cofb.org\/wp-content\/uploads\/2023\/10\/pexels-photo-1078850.jpeg\",\"datePublished\":\"2023-07-07T07:43:19+00:00\",\"dateModified\":\"2023-10-06T09:26:34+00:00\",\"breadcrumb\":{\"@id\":\"https:\/\/novaorg.cofb.net\/qui-som\/com-sorganitza\/coordinadors-i-delegats\/#breadcrumb\"},\"inLanguage\":\"es\",\"potentialAction\":[{\"@type\":\"ReadAction\",\"target\":[\"https:\/\/novaorg.cofb.net\/qui-som\/com-sorganitza\/coordinadors-i-delegats\/\"]}]},{\"@type\":\"ImageObject\",\"inLanguage\":\"es\",\"@id\":\"https:\/\/novaorg.cofb.net\/qui-som\/com-sorganitza\/coordinadors-i-delegats\/#primaryimage\",\"url\":\"https:\/\/www.cofb.org\/wp-content\/uploads\/2023\/10\/pexels-photo-1078850.jpeg\",\"contentUrl\":\"https:\/\/www.cofb.org\/wp-content\/uploads\/2023\/10\/pexels-photo-1078850.jpeg\"},{\"@type\":\"BreadcrumbList\",\"@id\":\"https:\/\/novaorg.cofb.net\/qui-som\/com-sorganitza\/coordinadors-i-delegats\/#breadcrumb\",\"itemListElement\":[{\"@type\":\"ListItem\",\"position\":1,\"name\":\"Inici\",\"item\":\"https:\/\/novaorg.cofb.net\/\"},{\"@type\":\"ListItem\",\"position\":2,\"name\":\"Qui som?\",\"item\":\"https:\/\/novaorg.cofb.net\/qui-som\/\"},{\"@type\":\"ListItem\",\"position\":3,\"name\":\"Com s&#8217;organitza?\",\"item\":\"https:\/\/novaorg.cofb.net\/qui-som\/com-sorganitza\/\"},{\"@type\":\"ListItem\",\"position\":4,\"name\":\"Coordinadors i delegats\"}]},{\"@type\":\"WebSite\",\"@id\":\"https:\/\/www.cofb.org\/#website\",\"url\":\"https:\/\/www.cofb.org\/\",\"name\":\"Col\u00b7legi de Farmac\u00e8utics de Barcelona\",\"description\":\"\",\"publisher\":{\"@id\":\"https:\/\/www.cofb.org\/#organization\"},\"potentialAction\":[{\"@type\":\"SearchAction\",\"target\":{\"@type\":\"EntryPoint\",\"urlTemplate\":\"https:\/\/www.cofb.org\/?s={search_term_string}\"},\"query-input\":\"required name=search_term_string\"}],\"inLanguage\":\"es\"},{\"@type\":\"Organization\",\"@id\":\"https:\/\/www.cofb.org\/#organization\",\"name\":\"Col\u00b7legi de Farmac\u00e8utics de Barcelona\",\"url\":\"https:\/\/www.cofb.org\/\",\"logo\":{\"@type\":\"ImageObject\",\"inLanguage\":\"es\",\"@id\":\"https:\/\/www.cofb.org\/#\/schema\/logo\/image\/\",\"url\":\"https:\/\/www.cofb.org\/wp-content\/uploads\/2023\/11\/cropped-Logotip-COFB.png\",\"contentUrl\":\"https:\/\/www.cofb.org\/wp-content\/uploads\/2023\/11\/cropped-Logotip-COFB.png\",\"width\":500,\"height\":105,\"caption\":\"Col\u00b7legi de Farmac\u00e8utics de Barcelona\"},\"image\":{\"@id\":\"https:\/\/www.cofb.org\/#\/schema\/logo\/image\/\"},\"sameAs\":[\"https:\/\/www.facebook.com\/farmaceuticsbcn\/\",\"https:\/\/twitter.com\/farmaceuticsbcn\",\"https:\/\/www.instagram.com\/farmaceuticsbcn\/\",\"https:\/\/www.linkedin.com\/company\/farmaceuticsbcn\/\"]}]}<\/script>\n<!-- \/ Yoast SEO plugin. -->","yoast_head_json":{"title":"Coordinadors i delegats - Col\u00b7legi de Farmac\u00e8utics de Barcelona","robots":{"index":"index","follow":"follow","max-snippet":"max-snippet:-1","max-image-preview":"max-image-preview:large","max-video-preview":"max-video-preview:-1"},"canonical":"https:\/\/novaorg.cofb.net\/qui-som\/com-sorganitza\/coordinadors-i-delegats\/","og_locale":"es_ES","og_type":"article","og_title":"Coordinadors i delegats - Col\u00b7legi de Farmac\u00e8utics de Barcelona","og_description":"La&nbsp;xarxa de coordinadors i delegats&nbsp;\u00e9s el mecanisme a trav\u00e9s del qual el Col\u00b7legi de Farmac\u00e8utics de Barcelona, en tan&nbsp;representant de la professi\u00f3 farmac\u00e8utica,&nbsp;organitza la coordinaci\u00f3 i participaci\u00f3 dels farmac\u00e8utics titulars d\u2019oficina de farm\u00e0cia en l\u2019\u00e0mbit assistencial de la salut p\u00fablica. El seu objectiu \u00e9s&nbsp;potenciar el farmac\u00e8utic com a agent de [&hellip;]","og_url":"https:\/\/novaorg.cofb.net\/qui-som\/com-sorganitza\/coordinadors-i-delegats\/","og_site_name":"Col\u00b7legi de Farmac\u00e8utics de Barcelona","article_publisher":"https:\/\/www.facebook.com\/farmaceuticsbcn\/","article_modified_time":"2023-10-06T09:26:34+00:00","og_image":[{"url":"https:\/\/novaorg.cofb.net\/wp-content\/uploads\/2023\/10\/pexels-photo-1078850.jpeg"}],"twitter_card":"summary_large_image","twitter_site":"@farmaceuticsbcn","twitter_misc":{"Tiempo de lectura":"3 minutos"},"schema":{"@context":"https:\/\/schema.org","@graph":[{"@type":"WebPage","@id":"https:\/\/novaorg.cofb.net\/qui-som\/com-sorganitza\/coordinadors-i-delegats\/","url":"https:\/\/novaorg.cofb.net\/qui-som\/com-sorganitza\/coordinadors-i-delegats\/","name":"Coordinadors i delegats - Col\u00b7legi de Farmac\u00e8utics de Barcelona","isPartOf":{"@id":"https:\/\/www.cofb.org\/#website"},"primaryImageOfPage":{"@id":"https:\/\/novaorg.cofb.net\/qui-som\/com-sorganitza\/coordinadors-i-delegats\/#primaryimage"},"image":{"@id":"https:\/\/novaorg.cofb.net\/qui-som\/com-sorganitza\/coordinadors-i-delegats\/#primaryimage"},"thumbnailUrl":"https:\/\/www.cofb.org\/wp-content\/uploads\/2023\/10\/pexels-photo-1078850.jpeg","datePublished":"2023-07-07T07:43:19+00:00","dateModified":"2023-10-06T09:26:34+00:00","breadcrumb":{"@id":"https:\/\/novaorg.cofb.net\/qui-som\/com-sorganitza\/coordinadors-i-delegats\/#breadcrumb"},"inLanguage":"es","potentialAction":[{"@type":"ReadAction","target":["https:\/\/novaorg.cofb.net\/qui-som\/com-sorganitza\/coordinadors-i-delegats\/"]}]},{"@type":"ImageObject","inLanguage":"es","@id":"https:\/\/novaorg.cofb.net\/qui-som\/com-sorganitza\/coordinadors-i-delegats\/#primaryimage","url":"https:\/\/www.cofb.org\/wp-content\/uploads\/2023\/10\/pexels-photo-1078850.jpeg","contentUrl":"https:\/\/www.cofb.org\/wp-content\/uploads\/2023\/10\/pexels-photo-1078850.jpeg"},{"@type":"BreadcrumbList","@id":"https:\/\/novaorg.cofb.net\/qui-som\/com-sorganitza\/coordinadors-i-delegats\/#breadcrumb","itemListElement":[{"@type":"ListItem","position":1,"name":"Inici","item":"https:\/\/novaorg.cofb.net\/"},{"@type":"ListItem","position":2,"name":"Qui som?","item":"https:\/\/novaorg.cofb.net\/qui-som\/"},{"@type":"ListItem","position":3,"name":"Com s&#8217;organitza?","item":"https:\/\/novaorg.cofb.net\/qui-som\/com-sorganitza\/"},{"@type":"ListItem","position":4,"name":"Coordinadors i delegats"}]},{"@type":"WebSite","@id":"https:\/\/www.cofb.org\/#website","url":"https:\/\/www.cofb.org\/","name":"Col\u00b7legi de Farmac\u00e8utics de Barcelona","description":"","publisher":{"@id":"https:\/\/www.cofb.org\/#organization"},"potentialAction":[{"@type":"SearchAction","target":{"@type":"EntryPoint","urlTemplate":"https:\/\/www.cofb.org\/?s={search_term_string}"},"query-input":"required name=search_term_string"}],"inLanguage":"es"},{"@type":"Organization","@id":"https:\/\/www.cofb.org\/#organization","name":"Col\u00b7legi de Farmac\u00e8utics de Barcelona","url":"https:\/\/www.cofb.org\/","logo":{"@type":"ImageObject","inLanguage":"es","@id":"https:\/\/www.cofb.org\/#\/schema\/logo\/image\/","url":"https:\/\/www.cofb.org\/wp-content\/uploads\/2023\/11\/cropped-Logotip-COFB.png","contentUrl":"https:\/\/www.cofb.org\/wp-content\/uploads\/2023\/11\/cropped-Logotip-COFB.png","width":500,"height":105,"caption":"Col\u00b7legi de Farmac\u00e8utics de Barcelona"},"image":{"@id":"https:\/\/www.cofb.org\/#\/schema\/logo\/image\/"},"sameAs":["https:\/\/www.facebook.com\/farmaceuticsbcn\/","https:\/\/twitter.com\/farmaceuticsbcn","https:\/\/www.instagram.com\/farmaceuticsbcn\/","https:\/\/www.linkedin.com\/company\/farmaceuticsbcn\/"]}]}},"uagb_featured_image_src":{"full":false,"thumbnail":false,"medium":false,"medium_large":false,"large":false,"1536x1536":false,"2048x2048":false,"trp-custom-language-flag":false},"uagb_author_info":{"display_name":"wpAdminCofbOrg","author_link":"https:\/\/www.cofb.org\/es\/author\/wpadmincofborg\/"},"uagb_comment_info":0,"uagb_excerpt":"La&nbsp;xarxa de coordinadors i delegats&nbsp;\u00e9s el mecanisme a trav\u00e9s del qual el Col\u00b7legi de Farmac\u00e8utics de Barcelona, en tan&nbsp;representant de la professi\u00f3 farmac\u00e8utica,&nbsp;organitza la coordinaci\u00f3 i participaci\u00f3 dels farmac\u00e8utics titulars d\u2019oficina de farm\u00e0cia en l\u2019\u00e0mbit assistencial de la salut p\u00fablica. El seu objectiu \u00e9s&nbsp;potenciar el farmac\u00e8utic com a agent de [&hellip;]","_links":{"self":[{"href":"https:\/\/www.cofb.org\/es\/wp-json\/wp\/v2\/pages\/3642","targetHints":{"allow":["GET"]}}],"collection":[{"href":"https:\/\/www.cofb.org\/es\/wp-json\/wp\/v2\/pages"}],"about":[{"href":"https:\/\/www.cofb.org\/es\/wp-json\/wp\/v2\/types\/page"}],"author":[{"embeddable":true,"href":"https:\/\/www.cofb.org\/es\/wp-json\/wp\/v2\/users\/1"}],"replies":[{"embeddable":true,"href":"https:\/\/www.cofb.org\/es\/wp-json\/wp\/v2\/comments?post=3642"}],"version-history":[{"count":11,"href":"https:\/\/www.cofb.org\/es\/wp-json\/wp\/v2\/pages\/3642\/revisions"}],"predecessor-version":[{"id":68889,"href":"https:\/\/www.cofb.org\/es\/wp-json\/wp\/v2\/pages\/3642\/revisions\/68889"}],"up":[{"embeddable":true,"href":"https:\/\/www.cofb.org\/es\/wp-json\/wp\/v2\/pages\/68372"}],"wp:attachment":[{"href":"https:\/\/www.cofb.org\/es\/wp-json\/wp\/v2\/media?parent=3642"}],"curies":[{"name":"wp","href":"https:\/\/api.w.org\/{rel}","templated":true}]}}