{"id":3640,"date":"2023-07-07T07:12:52","date_gmt":"2023-07-07T07:12:52","guid":{"rendered":"https:\/\/novaorg.cofb.net\/?page_id=3640"},"modified":"2023-09-08T10:43:56","modified_gmt":"2023-09-08T10:43:56","slug":"vocalies","status":"publish","type":"page","link":"https:\/\/www.cofb.org\/es\/qui-som\/com-sorganitza\/vocalies\/","title":{"rendered":"Vocal\u00edas y grupos de trabajo"},"content":{"rendered":"<p><img decoding=\"async\" src=\"https:\/\/www.cofb.org\/documents\/10136\/1101267\/vocalies1OK.jpg\/ba1d34d3-7ad4-47be-865e-f6efbc3619ff?t=1548842963000\"><\/p>\n\n\n\n<h2 class=\"wp-block-heading\">\u00bfQu\u00e9 hacen?<\/h2>\n\n\n\n<p>Las vocal\u00edas son un nexo y punto de encuentro entre colegiados que te permitir\u00e1n, entre otras opciones:<\/p>\n\n\n\n<ul class=\"wp-block-list\">\n<li>Acceder a informaciones espec\u00edficas.<\/li>\n\n\n\n<li>Participar en la discusi\u00f3n de temas de inter\u00e9s del sector en las reuniones que se organizan.<\/li>\n\n\n\n<li>Colaborar en el dise\u00f1o de trabajos y presentaciones cient\u00edficas.<\/li>\n<\/ul>\n\n\n\n<h2 class=\"wp-block-heading\">\u00bfQu\u00e9 vocal\u00edas hay y c\u00f3mo puedes formar parte de ella?<\/h2>\n\n\n\n<p class=\"icones\"><img decoding=\"async\" alt=\"\" src=\"https:\/\/www.cofb.org\/documents\/10136\/1065998\/8.png\/00f32832-0cad-4c9d-968d-d0389785ee2e?t=1541597062000\">&nbsp; Alimentaci\u00f3n y Nutrici\u00f3n<\/p>\n\n\n\n<p class=\"icones\"><img decoding=\"async\" alt=\"\" src=\"https:\/\/www.cofb.org\/documents\/10136\/1065998\/9.png\/e3cb0462-6b24-43d2-ae4f-8cc20770f058?t=1541597062000\">&nbsp; An\u00e1lisis Cl\u00ednicos<\/p>\n\n\n\n<p class=\"icones\"><img decoding=\"async\" alt=\"\" src=\"https:\/\/www.cofb.org\/documents\/10136\/1059696\/Copia+de+Icones+.ORG+%282%29.png\/4fefdf40-75e5-4e6e-90e9-3466a7e57c0a?t=1542011711420\">&nbsp; Atenci\u00f3n Primaria<\/p>\n\n\n\n<p class=\"icones\"><img decoding=\"async\" alt=\"\" src=\"https:\/\/www.cofb.org\/documents\/10136\/1065998\/11.png\/5325db37-5cc3-411e-980b-288b53088758?t=1541597063000\">&nbsp; Dermofarmacia y Productos Sanitarios<\/p>\n\n\n\n<p class=\"icones\"><img decoding=\"async\" alt=\"\" src=\"https:\/\/www.cofb.org\/documents\/10136\/1065998\/12.png\/1da9d853-ddfe-45bd-8b65-2e8761f3a294?t=1541597063000\">&nbsp; Distribuci\u00f3n<\/p>\n\n\n\n<p class=\"icones\"><img decoding=\"async\" alt=\"\" src=\"https:\/\/www.cofb.org\/documents\/10136\/1065998\/13.png\/555d0a75-6d18-4997-b5dc-5f350df1914b?t=1541597063000\">&nbsp; Hospitales<\/p>\n\n\n\n<p class=\"icones\"><img decoding=\"async\" alt=\"\" src=\"https:\/\/www.cofb.org\/documents\/10136\/1065998\/vocalia-industria.png\/8263b1cb-de85-4877-b2dc-7f61643db213?t=1542964576708\">&nbsp; Industria<\/p>\n\n\n\n<p class=\"icones\"><img decoding=\"async\" alt=\"\" src=\"https:\/\/www.cofb.org\/documents\/10136\/1065998\/15.png\/f742afb1-8b77-4d6b-af49-9d4b9a7d968e?t=1541597063000\">&nbsp; Investigaci\u00f3n y Docencia<\/p>\n\n\n\n<p class=\"icones\"><img decoding=\"async\" alt=\"\" src=\"https:\/\/www.cofb.org\/documents\/10136\/1065998\/16.png\/1a5222cf-f5bd-4dfb-bc6d-f9862b651847?t=1541597063000\">&nbsp;&nbsp;Oficina de Farmacia<\/p>\n\n\n\n<p class=\"icones\"><img decoding=\"async\" alt=\"\" src=\"https:\/\/www.cofb.org\/documents\/10136\/1065998\/17.png\/8a265e08-4d8f-49a3-8a00-fa0935dbccfb?t=1541597063000\">&nbsp; Ortopedia<\/p>\n\n\n\n<p class=\"icones\"><img decoding=\"async\" alt=\"\" src=\"https:\/\/www.cofb.org\/documents\/10136\/1065998\/18.png\/73293d5f-2688-452c-821e-a2a445e38811?t=1541597063000\">&nbsp; Plantas Medicinales y Homeopat\u00eda<\/p>\n\n\n\n<p class=\"icones\"><img decoding=\"async\" alt=\"\" src=\"https:\/\/www.cofb.org\/documents\/10136\/1065998\/19.png\/a1931009-e3b4-4e47-b89e-1101d83ce6bc?t=1541597063000\">&nbsp; Salud P\u00fablica<\/p>\n\n\n\n<p>El ingreso en las vocal\u00edas se lleva a cabo mediante petici\u00f3n escrita a presentar a Secretar\u00eda.<\/p>\n\n\n\n<p>En el apartado&nbsp;<a href=\"https:\/\/www.cofb.org\/es\/colegi\/que-es\/cofb-en-xifres\/\" target=\"_blank\" rel=\"noreferrer noopener\">El Col\u00b7legi en cifras<\/a>, podr\u00e1s ver el n\u00famero de colegiados que hay por vocal\u00eda.<\/p>\n\n\n\n<h2 class=\"wp-block-heading\">M\u00e1s informaci\u00f3n<\/h2>\n\n\n\n<p>Si quieres m\u00e1s informaci\u00f3n sobre las actividades de las vocal\u00edas, solo tienes que ponerte en contacto con el Departamento de Formaci\u00f3n y Desarrollo Profesional del COFB:<\/p>\n\n\n\n<p class=\"icones\"><img decoding=\"async\" alt=\"\" src=\"https:\/\/www.cofb.org\/documents\/10136\/1067764\/Tel%C3%A9fono.png\/83de66f5-8867-4acf-ba6c-ea129dc67556?t=1542018738546\">&nbsp;Tel\u00e9fono: 93 244 07 10 (ext. 2)<\/p>\n\n\n\n<p class=\"icones\"><img decoding=\"async\" alt=\"\" src=\"https:\/\/www.cofb.org\/documents\/10136\/1067764\/Correu.png\/69f7b5c4-3c19-447d-9ff6-25e8e46c97cf?t=1542018760660\">&nbsp;Correo electr\u00f3nico:&nbsp;<a href=\"mailto:projectes@cofb.net\">projectes@cofb.net<\/a><\/p>\n\n\n\n<p><span style=\"line-height: 1.2; font-size: 2.375rem; margin-bottom: 0.2; font-weight: 400; color:#00ac97; font-family; 'Roboto', sans-serif;\">Grupos de trabajo<\/span><\/p>\n\n\n\n<p><img decoding=\"async\" src=\"https:\/\/www.cofb.org\/documents\/10136\/1101267\/vocalies2OK.jpg\/0e9d3c22-15d8-420e-9e00-0d0939101798?t=1548842963000\"><\/p>\n\n\n\n<h2 class=\"wp-block-heading\">\u00bfQu\u00e9 hacen?<\/h2>\n\n\n\n<p>Participante en un&nbsp;<strong>grupo de trabajo del COFB<\/strong>, siempre liderado por un experto en la materia, podr\u00e1s:<\/p>\n\n\n\n<ul class=\"wp-block-list\">\n<li>Asistir de forma voluntaria y peri\u00f3dicamente a&nbsp;<strong>reuniones&nbsp;<\/strong>para debatir, compartir y exponer tus inquietudes en diferentes \u00e1reas<strong>.<\/strong><\/li>\n\n\n\n<li>Acceder a&nbsp;<strong>formaci\u00f3n.<\/strong><\/li>\n\n\n\n<li>Recibir&nbsp;<strong>ayuda en la redacci\u00f3n de art\u00edculos<\/strong>&nbsp;para presentar en revistas cient\u00edficas y congresos y participaci\u00f3n preferente en la elaboraci\u00f3n y dise\u00f1o de estudios.<\/li>\n\n\n\n<li>Obtener&nbsp;<strong>inscripciones gratuitas a cursos, congresos o jornadas de inter\u00e9s<\/strong>.<\/li>\n<\/ul>\n\n\n\n<h2 class=\"wp-block-heading\">\u00bfQu\u00e9 grupos de trabajo hay y c\u00f3mo puedes formar parte?<\/h2>\n\n\n\n<p>Actualmente est\u00e1n los siguientes grupos de trabajo:<\/p>\n\n\n\n<ul class=\"wp-block-list\">\n<li>Alimentaci\u00f3n y nutrici\u00f3n en personas mayores<\/li>\n\n\n\n<li>Complementos alimenticios<\/li>\n\n\n\n<li>Envejecimiento activo y saludable<\/li>\n\n\n\n<li>Nutrici\u00f3n y deporte<\/li>\n<\/ul>\n\n\n\n<h2 class=\"wp-block-heading\">M\u00e1s informaci\u00f3n<\/h2>\n\n\n\n<p>Si quieres m\u00e1s informaci\u00f3n o formar parte de alguna vocal\u00eda, s\u00f3lo tienes que ponerte en contacto con el Departamento de Formaci\u00f3n del COFB:<\/p>\n\n\n\n<p class=\"icones\"><img decoding=\"async\" alt=\"\" src=\"https:\/\/www.cofb.org\/documents\/10136\/1067764\/Tel%C3%A9fono.png\/83de66f5-8867-4acf-ba6c-ea129dc67556?t=1542018738546\">&nbsp;Tel\u00e9fono: 93 244 07 10 (ext. 2)<\/p>\n\n\n\n<p class=\"icones\"><img decoding=\"async\" alt=\"\" src=\"https:\/\/www.cofb.org\/documents\/10136\/1067764\/Correu.png\/69f7b5c4-3c19-447d-9ff6-25e8e46c97cf?t=1542018760660\">&nbsp;Correo electr\u00f3nico:&nbsp;<a href=\"mailto:projectes@cofb.net\">projectes@cofb.net<\/a><\/p>","protected":false},"excerpt":{"rendered":"<p>\u00bfQu\u00e9 hacen? Las vocal\u00edas son un nexo y punto de encuentro entre colegiados que te permitir\u00e1n, entre otras opciones: \u00bfQu\u00e9 vocal\u00edas hay y c\u00f3mo puedes formar parte de ella?  Alimentaci\u00f3n y Nutrici\u00f3n An\u00e1lisis Cl\u00ednicos Atenci\u00f3n Primaria Dermofarmacia y Productos Sanitarios Distribuci\u00f3n Hospitales Industria [\u2026]<\/p>","protected":false},"author":1,"featured_media":0,"parent":68372,"menu_order":3,"comment_status":"closed","ping_status":"closed","template":"","meta":{"_uag_custom_page_level_css":"","site-sidebar-layout":"default","site-content-layout":"","ast-site-content-layout":"default","site-content-style":"default","site-sidebar-style":"default","ast-global-header-display":"","ast-banner-title-visibility":"","ast-main-header-display":"","ast-hfb-above-header-display":"","ast-hfb-below-header-display":"","ast-hfb-mobile-header-display":"","site-post-title":"","ast-breadcrumbs-content":"","ast-featured-img":"","footer-sml-layout":"","theme-transparent-header-meta":"","adv-header-id-meta":"","stick-header-meta":"","header-above-stick-meta":"","header-main-stick-meta":"","header-below-stick-meta":"","astra-migrate-meta-layouts":"default","ast-page-background-enabled":"default","ast-page-background-meta":{"desktop":{"background-color":"var(--ast-global-color-4)","background-image":"","background-repeat":"repeat","background-position":"center center","background-size":"auto","background-attachment":"scroll","background-type":"","background-media":"","overlay-type":"","overlay-color":"","overlay-opacity":"","overlay-gradient":""},"tablet":{"background-color":"","background-image":"","background-repeat":"repeat","background-position":"center center","background-size":"auto","background-attachment":"scroll","background-type":"","background-media":"","overlay-type":"","overlay-color":"","overlay-opacity":"","overlay-gradient":""},"mobile":{"background-color":"","background-image":"","background-repeat":"repeat","background-position":"center center","background-size":"auto","background-attachment":"scroll","background-type":"","background-media":"","overlay-type":"","overlay-color":"","overlay-opacity":"","overlay-gradient":""}},"ast-content-background-meta":{"desktop":{"background-color":"var(--ast-global-color-5)","background-image":"","background-repeat":"repeat","background-position":"center center","background-size":"auto","background-attachment":"scroll","background-type":"","background-media":"","overlay-type":"","overlay-color":"","overlay-opacity":"","overlay-gradient":""},"tablet":{"background-color":"var(--ast-global-color-5)","background-image":"","background-repeat":"repeat","background-position":"center center","background-size":"auto","background-attachment":"scroll","background-type":"","background-media":"","overlay-type":"","overlay-color":"","overlay-opacity":"","overlay-gradient":""},"mobile":{"background-color":"var(--ast-global-color-5)","background-image":"","background-repeat":"repeat","background-position":"center center","background-size":"auto","background-attachment":"scroll","background-type":"","background-media":"","overlay-type":"","overlay-color":"","overlay-opacity":"","overlay-gradient":""}},"footnotes":""},"class_list":["post-3640","page","type-page","status-publish","hentry"],"yoast_head":"<!-- This site is optimized with the Yoast SEO plugin v22.4 - https:\/\/yoast.com\/wordpress\/plugins\/seo\/ -->\n<title>Vocalies i grups de treball - Col\u00b7legi de Farmac\u00e8utics de Barcelona<\/title>\n<meta name=\"robots\" content=\"index, follow, max-snippet:-1, max-image-preview:large, max-video-preview:-1\" \/>\n<link rel=\"canonical\" href=\"https:\/\/novaorg.cofb.net\/qui-som\/com-sorganitza\/vocalies\/\" \/>\n<meta property=\"og:locale\" content=\"es_ES\" \/>\n<meta property=\"og:type\" content=\"article\" \/>\n<meta property=\"og:title\" content=\"Vocalies i grups de treball - Col\u00b7legi de Farmac\u00e8utics de Barcelona\" \/>\n<meta property=\"og:description\" content=\"Qu\u00e8 fan? Les vocalies s\u00f3n un nexe i punt de trobada entre col\u00b7legiats que et permetran, entre altres opcions: Quines vocalies hi ha i com pots formar-ne part? &nbsp; Alimentaci\u00f3 i Nutrici\u00f3 &nbsp; An\u00e0lisis Cl\u00edniques &nbsp; Atenci\u00f3 Prim\u00e0ria &nbsp; Dermofarm\u00e0cia i Productes Sanitaris &nbsp; Distribuci\u00f3 &nbsp; Hospitals &nbsp; Ind\u00fastria &nbsp; [&hellip;]\" \/>\n<meta property=\"og:url\" content=\"https:\/\/novaorg.cofb.net\/qui-som\/com-sorganitza\/vocalies\/\" \/>\n<meta property=\"og:site_name\" content=\"Col\u00b7legi de Farmac\u00e8utics de Barcelona\" \/>\n<meta property=\"article:publisher\" content=\"https:\/\/www.facebook.com\/farmaceuticsbcn\/\" \/>\n<meta property=\"article:modified_time\" content=\"2023-09-08T10:43:56+00:00\" \/>\n<meta property=\"og:image\" content=\"https:\/\/www.cofb.org\/documents\/10136\/1101267\/vocalies1OK.jpg\/ba1d34d3-7ad4-47be-865e-f6efbc3619ff?t=1548842963000\" \/>\n<meta name=\"twitter:card\" content=\"summary_large_image\" \/>\n<meta name=\"twitter:site\" content=\"@farmaceuticsbcn\" \/>\n<meta name=\"twitter:label1\" content=\"Tiempo de lectura\" \/>\n\t<meta name=\"twitter:data1\" content=\"2 minutos\" \/>\n<script type=\"application\/ld+json\" class=\"yoast-schema-graph\">{\"@context\":\"https:\/\/schema.org\",\"@graph\":[{\"@type\":\"WebPage\",\"@id\":\"https:\/\/novaorg.cofb.net\/qui-som\/com-sorganitza\/vocalies\/\",\"url\":\"https:\/\/novaorg.cofb.net\/qui-som\/com-sorganitza\/vocalies\/\",\"name\":\"Vocalies i grups de treball - Col\u00b7legi de Farmac\u00e8utics de Barcelona\",\"isPartOf\":{\"@id\":\"https:\/\/www.cofb.org\/#website\"},\"primaryImageOfPage\":{\"@id\":\"https:\/\/novaorg.cofb.net\/qui-som\/com-sorganitza\/vocalies\/#primaryimage\"},\"image\":{\"@id\":\"https:\/\/novaorg.cofb.net\/qui-som\/com-sorganitza\/vocalies\/#primaryimage\"},\"thumbnailUrl\":\"https:\/\/www.cofb.org\/documents\/10136\/1101267\/vocalies1OK.jpg\/ba1d34d3-7ad4-47be-865e-f6efbc3619ff?t=1548842963000\",\"datePublished\":\"2023-07-07T07:12:52+00:00\",\"dateModified\":\"2023-09-08T10:43:56+00:00\",\"breadcrumb\":{\"@id\":\"https:\/\/novaorg.cofb.net\/qui-som\/com-sorganitza\/vocalies\/#breadcrumb\"},\"inLanguage\":\"es\",\"potentialAction\":[{\"@type\":\"ReadAction\",\"target\":[\"https:\/\/novaorg.cofb.net\/qui-som\/com-sorganitza\/vocalies\/\"]}]},{\"@type\":\"ImageObject\",\"inLanguage\":\"es\",\"@id\":\"https:\/\/novaorg.cofb.net\/qui-som\/com-sorganitza\/vocalies\/#primaryimage\",\"url\":\"https:\/\/www.cofb.org\/documents\/10136\/1101267\/vocalies1OK.jpg\/ba1d34d3-7ad4-47be-865e-f6efbc3619ff?t=1548842963000\",\"contentUrl\":\"https:\/\/www.cofb.org\/documents\/10136\/1101267\/vocalies1OK.jpg\/ba1d34d3-7ad4-47be-865e-f6efbc3619ff?t=1548842963000\"},{\"@type\":\"BreadcrumbList\",\"@id\":\"https:\/\/novaorg.cofb.net\/qui-som\/com-sorganitza\/vocalies\/#breadcrumb\",\"itemListElement\":[{\"@type\":\"ListItem\",\"position\":1,\"name\":\"Inici\",\"item\":\"https:\/\/novaorg.cofb.net\/\"},{\"@type\":\"ListItem\",\"position\":2,\"name\":\"Qui som?\",\"item\":\"https:\/\/novaorg.cofb.net\/qui-som\/\"},{\"@type\":\"ListItem\",\"position\":3,\"name\":\"Com s&#8217;organitza?\",\"item\":\"https:\/\/novaorg.cofb.net\/qui-som\/com-sorganitza\/\"},{\"@type\":\"ListItem\",\"position\":4,\"name\":\"Vocalies i grups de treball\"}]},{\"@type\":\"WebSite\",\"@id\":\"https:\/\/www.cofb.org\/#website\",\"url\":\"https:\/\/www.cofb.org\/\",\"name\":\"Col\u00b7legi de Farmac\u00e8utics de Barcelona\",\"description\":\"\",\"publisher\":{\"@id\":\"https:\/\/www.cofb.org\/#organization\"},\"potentialAction\":[{\"@type\":\"SearchAction\",\"target\":{\"@type\":\"EntryPoint\",\"urlTemplate\":\"https:\/\/www.cofb.org\/?s={search_term_string}\"},\"query-input\":\"required name=search_term_string\"}],\"inLanguage\":\"es\"},{\"@type\":\"Organization\",\"@id\":\"https:\/\/www.cofb.org\/#organization\",\"name\":\"Col\u00b7legi de Farmac\u00e8utics de Barcelona\",\"url\":\"https:\/\/www.cofb.org\/\",\"logo\":{\"@type\":\"ImageObject\",\"inLanguage\":\"es\",\"@id\":\"https:\/\/www.cofb.org\/#\/schema\/logo\/image\/\",\"url\":\"https:\/\/www.cofb.org\/wp-content\/uploads\/2023\/11\/cropped-Logotip-COFB.png\",\"contentUrl\":\"https:\/\/www.cofb.org\/wp-content\/uploads\/2023\/11\/cropped-Logotip-COFB.png\",\"width\":500,\"height\":105,\"caption\":\"Col\u00b7legi de Farmac\u00e8utics de Barcelona\"},\"image\":{\"@id\":\"https:\/\/www.cofb.org\/#\/schema\/logo\/image\/\"},\"sameAs\":[\"https:\/\/www.facebook.com\/farmaceuticsbcn\/\",\"https:\/\/twitter.com\/farmaceuticsbcn\",\"https:\/\/www.instagram.com\/farmaceuticsbcn\/\",\"https:\/\/www.linkedin.com\/company\/farmaceuticsbcn\/\"]}]}<\/script>\n<!-- \/ Yoast SEO plugin. -->","yoast_head_json":{"title":"Vocalies i grups de treball - Col\u00b7legi de Farmac\u00e8utics de Barcelona","robots":{"index":"index","follow":"follow","max-snippet":"max-snippet:-1","max-image-preview":"max-image-preview:large","max-video-preview":"max-video-preview:-1"},"canonical":"https:\/\/novaorg.cofb.net\/qui-som\/com-sorganitza\/vocalies\/","og_locale":"es_ES","og_type":"article","og_title":"Vocalies i grups de treball - Col\u00b7legi de Farmac\u00e8utics de Barcelona","og_description":"Qu\u00e8 fan? Les vocalies s\u00f3n un nexe i punt de trobada entre col\u00b7legiats que et permetran, entre altres opcions: Quines vocalies hi ha i com pots formar-ne part? &nbsp; Alimentaci\u00f3 i Nutrici\u00f3 &nbsp; An\u00e0lisis Cl\u00edniques &nbsp; Atenci\u00f3 Prim\u00e0ria &nbsp; Dermofarm\u00e0cia i Productes Sanitaris &nbsp; Distribuci\u00f3 &nbsp; Hospitals &nbsp; Ind\u00fastria &nbsp; [&hellip;]","og_url":"https:\/\/novaorg.cofb.net\/qui-som\/com-sorganitza\/vocalies\/","og_site_name":"Col\u00b7legi de Farmac\u00e8utics de Barcelona","article_publisher":"https:\/\/www.facebook.com\/farmaceuticsbcn\/","article_modified_time":"2023-09-08T10:43:56+00:00","og_image":[{"url":"https:\/\/www.cofb.org\/documents\/10136\/1101267\/vocalies1OK.jpg\/ba1d34d3-7ad4-47be-865e-f6efbc3619ff?t=1548842963000"}],"twitter_card":"summary_large_image","twitter_site":"@farmaceuticsbcn","twitter_misc":{"Tiempo de lectura":"2 minutos"},"schema":{"@context":"https:\/\/schema.org","@graph":[{"@type":"WebPage","@id":"https:\/\/novaorg.cofb.net\/qui-som\/com-sorganitza\/vocalies\/","url":"https:\/\/novaorg.cofb.net\/qui-som\/com-sorganitza\/vocalies\/","name":"Vocalies i grups de treball - Col\u00b7legi de Farmac\u00e8utics de Barcelona","isPartOf":{"@id":"https:\/\/www.cofb.org\/#website"},"primaryImageOfPage":{"@id":"https:\/\/novaorg.cofb.net\/qui-som\/com-sorganitza\/vocalies\/#primaryimage"},"image":{"@id":"https:\/\/novaorg.cofb.net\/qui-som\/com-sorganitza\/vocalies\/#primaryimage"},"thumbnailUrl":"https:\/\/www.cofb.org\/documents\/10136\/1101267\/vocalies1OK.jpg\/ba1d34d3-7ad4-47be-865e-f6efbc3619ff?t=1548842963000","datePublished":"2023-07-07T07:12:52+00:00","dateModified":"2023-09-08T10:43:56+00:00","breadcrumb":{"@id":"https:\/\/novaorg.cofb.net\/qui-som\/com-sorganitza\/vocalies\/#breadcrumb"},"inLanguage":"es","potentialAction":[{"@type":"ReadAction","target":["https:\/\/novaorg.cofb.net\/qui-som\/com-sorganitza\/vocalies\/"]}]},{"@type":"ImageObject","inLanguage":"es","@id":"https:\/\/novaorg.cofb.net\/qui-som\/com-sorganitza\/vocalies\/#primaryimage","url":"https:\/\/www.cofb.org\/documents\/10136\/1101267\/vocalies1OK.jpg\/ba1d34d3-7ad4-47be-865e-f6efbc3619ff?t=1548842963000","contentUrl":"https:\/\/www.cofb.org\/documents\/10136\/1101267\/vocalies1OK.jpg\/ba1d34d3-7ad4-47be-865e-f6efbc3619ff?t=1548842963000"},{"@type":"BreadcrumbList","@id":"https:\/\/novaorg.cofb.net\/qui-som\/com-sorganitza\/vocalies\/#breadcrumb","itemListElement":[{"@type":"ListItem","position":1,"name":"Inici","item":"https:\/\/novaorg.cofb.net\/"},{"@type":"ListItem","position":2,"name":"Qui som?","item":"https:\/\/novaorg.cofb.net\/qui-som\/"},{"@type":"ListItem","position":3,"name":"Com s&#8217;organitza?","item":"https:\/\/novaorg.cofb.net\/qui-som\/com-sorganitza\/"},{"@type":"ListItem","position":4,"name":"Vocalies i grups de treball"}]},{"@type":"WebSite","@id":"https:\/\/www.cofb.org\/#website","url":"https:\/\/www.cofb.org\/","name":"Col\u00b7legi de Farmac\u00e8utics de Barcelona","description":"","publisher":{"@id":"https:\/\/www.cofb.org\/#organization"},"potentialAction":[{"@type":"SearchAction","target":{"@type":"EntryPoint","urlTemplate":"https:\/\/www.cofb.org\/?s={search_term_string}"},"query-input":"required name=search_term_string"}],"inLanguage":"es"},{"@type":"Organization","@id":"https:\/\/www.cofb.org\/#organization","name":"Col\u00b7legi de Farmac\u00e8utics de Barcelona","url":"https:\/\/www.cofb.org\/","logo":{"@type":"ImageObject","inLanguage":"es","@id":"https:\/\/www.cofb.org\/#\/schema\/logo\/image\/","url":"https:\/\/www.cofb.org\/wp-content\/uploads\/2023\/11\/cropped-Logotip-COFB.png","contentUrl":"https:\/\/www.cofb.org\/wp-content\/uploads\/2023\/11\/cropped-Logotip-COFB.png","width":500,"height":105,"caption":"Col\u00b7legi de Farmac\u00e8utics de Barcelona"},"image":{"@id":"https:\/\/www.cofb.org\/#\/schema\/logo\/image\/"},"sameAs":["https:\/\/www.facebook.com\/farmaceuticsbcn\/","https:\/\/twitter.com\/farmaceuticsbcn","https:\/\/www.instagram.com\/farmaceuticsbcn\/","https:\/\/www.linkedin.com\/company\/farmaceuticsbcn\/"]}]}},"uagb_featured_image_src":{"full":false,"thumbnail":false,"medium":false,"medium_large":false,"large":false,"1536x1536":false,"2048x2048":false,"trp-custom-language-flag":false},"uagb_author_info":{"display_name":"wpAdminCofbOrg","author_link":"https:\/\/www.cofb.org\/es\/author\/wpadmincofborg\/"},"uagb_comment_info":0,"uagb_excerpt":"Qu\u00e8 fan? Les vocalies s\u00f3n un nexe i punt de trobada entre col\u00b7legiats que et permetran, entre altres opcions: Quines vocalies hi ha i com pots formar-ne part? &nbsp; Alimentaci\u00f3 i Nutrici\u00f3 &nbsp; An\u00e0lisis Cl\u00edniques &nbsp; Atenci\u00f3 Prim\u00e0ria &nbsp; Dermofarm\u00e0cia i Productes Sanitaris &nbsp; Distribuci\u00f3 &nbsp; Hospitals &nbsp; Ind\u00fastria &nbsp; [&hellip;]","_links":{"self":[{"href":"https:\/\/www.cofb.org\/es\/wp-json\/wp\/v2\/pages\/3640","targetHints":{"allow":["GET"]}}],"collection":[{"href":"https:\/\/www.cofb.org\/es\/wp-json\/wp\/v2\/pages"}],"about":[{"href":"https:\/\/www.cofb.org\/es\/wp-json\/wp\/v2\/types\/page"}],"author":[{"embeddable":true,"href":"https:\/\/www.cofb.org\/es\/wp-json\/wp\/v2\/users\/1"}],"replies":[{"embeddable":true,"href":"https:\/\/www.cofb.org\/es\/wp-json\/wp\/v2\/comments?post=3640"}],"version-history":[{"count":20,"href":"https:\/\/www.cofb.org\/es\/wp-json\/wp\/v2\/pages\/3640\/revisions"}],"predecessor-version":[{"id":68398,"href":"https:\/\/www.cofb.org\/es\/wp-json\/wp\/v2\/pages\/3640\/revisions\/68398"}],"up":[{"embeddable":true,"href":"https:\/\/www.cofb.org\/es\/wp-json\/wp\/v2\/pages\/68372"}],"wp:attachment":[{"href":"https:\/\/www.cofb.org\/es\/wp-json\/wp\/v2\/media?parent=3640"}],"curies":[{"name":"wp","href":"https:\/\/api.w.org\/{rel}","templated":true}]}}