{"id":3634,"date":"2023-07-07T06:04:30","date_gmt":"2023-07-07T06:04:30","guid":{"rendered":"https:\/\/novaorg.cofb.net\/?page_id=3634"},"modified":"2024-08-23T11:05:47","modified_gmt":"2024-08-23T11:05:47","slug":"el-col%c2%b7legi-en-xifres","status":"publish","type":"page","link":"https:\/\/www.cofb.org\/es\/qui-som\/el-collegi\/que-es-el-collegi\/el-col%c2%b7legi-en-xifres\/","title":{"rendered":"El Col\u00b7legi en cifras"},"content":{"rendered":"<h2 class=\"wp-block-heading\" id=\"yui_patched_v3_11_0_1_1688709547864_292\">Evoluci\u00f3n del n\u00famero de colegiados<\/h2>\n\n\n\n<figure class=\"wp-block-image size-large is-resized\"><a href=\"https:\/\/www.cofb.org\/wp-content\/uploads\/2024\/08\/COFB_En-xifres-2023.jpg\" target=\"_blank\" rel=\"noreferrer noopener\"><img fetchpriority=\"high\" decoding=\"async\" width=\"1024\" height=\"679\" src=\"https:\/\/www.cofb.org\/wp-content\/uploads\/2024\/08\/COFB_En-xifres-2023-1024x679.jpg\" alt=\"\" class=\"wp-image-79387\" style=\"width:790px;height:auto\" srcset=\"https:\/\/www.cofb.org\/wp-content\/uploads\/2024\/08\/COFB_En-xifres-2023-1024x679.jpg 1024w, https:\/\/www.cofb.org\/wp-content\/uploads\/2024\/08\/COFB_En-xifres-2023-300x199.jpg 300w, https:\/\/www.cofb.org\/wp-content\/uploads\/2024\/08\/COFB_En-xifres-2023-768x509.jpg 768w, https:\/\/www.cofb.org\/wp-content\/uploads\/2024\/08\/COFB_En-xifres-2023-18x12.jpg 18w, https:\/\/www.cofb.org\/wp-content\/uploads\/2024\/08\/COFB_En-xifres-2023.jpg 1117w\" sizes=\"(max-width: 1024px) 100vw, 1024px\" \/><\/a><\/figure>\n\n\n\n<h2 class=\"wp-block-heading\">\u00bfCu\u00e1ntos colegiados hay por vocal\u00eda?<\/h2>\n<div class=\"columnes\">\n\n\n\n<p class=\"icones\"><img decoding=\"async\" src=\"https:\/\/www.cofb.org\/documents\/10136\/1065998\/8.png\/00f32832-0cad-4c9d-968d-d0389785ee2e?t=1541597062000\" alt=\"\">\u00a0 Alimentaci\u00f3n y Nutrici\u00f3n: 462<\/p>\n\n\n\n<p class=\"icones\"><img decoding=\"async\" src=\"https:\/\/www.cofb.org\/documents\/10136\/1065998\/9.png\/e3cb0462-6b24-43d2-ae4f-8cc20770f058?t=1541597062000\" alt=\"\">\u00a0 An\u00e1lisis: 153<\/p>\n\n\n\n<p class=\"icones\"><img decoding=\"async\" src=\"https:\/\/www.cofb.org\/documents\/10136\/1059696\/Copia+de+Icones+.ORG+%282%29.png\/4fefdf40-75e5-4e6e-90e9-3466a7e57c0a?t=1542011711420\" alt=\"\">\u00a0 Atenci\u00f3n Primaria: 68<\/p>\n\n\n\n<p class=\"icones\"><img decoding=\"async\" src=\"https:\/\/www.cofb.org\/documents\/10136\/1065998\/11.png\/5325db37-5cc3-411e-980b-288b53088758?t=1541597063000\" alt=\"\">\u00a0 Dermofarmacia y Productos Sanitarios: 235<\/p>\n\n\n\n<p class=\"icones\"><img decoding=\"async\" src=\"https:\/\/www.cofb.org\/documents\/10136\/1065998\/12.png\/1da9d853-ddfe-45bd-8b65-2e8761f3a294?t=1541597063000\" alt=\"\">\u00a0 Distribuci\u00f3n: 116<\/p>\n\n\n\n<p class=\"icones\"><img decoding=\"async\" src=\"https:\/\/www.cofb.org\/documents\/10136\/1065998\/13.png\/555d0a75-6d18-4997-b5dc-5f350df1914b?t=1541597063000\" alt=\"\">\u00a0 Hospitales: 263<\/p>\n\n\n\n<p class=\"icones\"><img decoding=\"async\" src=\"https:\/\/www.cofb.org\/documents\/10136\/1065998\/vocalia-industria.png\/8263b1cb-de85-4877-b2dc-7f61643db213?t=1542964576708\" alt=\"\">\u00a0 Industria: 394<\/p>\n\n\n\n<p class=\"icones\"><img decoding=\"async\" src=\"https:\/\/www.cofb.org\/documents\/10136\/1065998\/15.png\/f742afb1-8b77-4d6b-af49-9d4b9a7d968e?t=1541597063000\" alt=\"\">\u00a0 Investigaci\u00f3n y Docencia: 70<\/p>\n\n\n\n<p class=\"icones\"><img decoding=\"async\" src=\"https:\/\/www.cofb.org\/documents\/10136\/1065998\/16.png\/1a5222cf-f5bd-4dfb-bc6d-f9862b651847?t=1541597063000\" alt=\"\">\u00a0\u00a0Oficina de Farmacia: 5.865<\/p>\n\n\n\n<p class=\"icones\"><img decoding=\"async\" src=\"https:\/\/www.cofb.org\/documents\/10136\/1065998\/17.png\/8a265e08-4d8f-49a3-8a00-fa0935dbccfb?t=1541597063000\" alt=\"\">\u00a0 Ortopedia: 547<\/p>\n\n\n\n<p class=\"icones\"><img decoding=\"async\" src=\"https:\/\/www.cofb.org\/documents\/10136\/1065998\/18.png\/73293d5f-2688-452c-821e-a2a445e38811?t=1541597063000\" alt=\"\">\u00a0 Plantas Medicinales y Homeopat\u00eda: 183<\/p>\n\n\n\n<p class=\"icones\"><img decoding=\"async\" src=\"https:\/\/www.cofb.org\/documents\/10136\/1065998\/19.png\/a1931009-e3b4-4e47-b89e-1101d83ce6bc?t=1541597063000\" alt=\"\">\u00a0 Salud P\u00fablica: 96<\/p>\n\n\n\n<h2 class=\"wp-block-heading\">Servicios de farmacia hospitalaria<\/h2>\n\n\n\n<figure class=\"wp-block-table\"><table><tbody><tr><td>Barcelona capital<\/td><td>48<\/td><\/tr><tr><td>Barcelona provincia<\/td><td>46<\/td><\/tr><\/tbody><\/table><\/figure>\n\n\n\n<h2 class=\"wp-block-heading\">Oficinas de farmacia. Capital\/Provincia<\/h2>\n\n\n\n<figure class=\"wp-block-table\"><table><tbody><tr><td>N\u00famero de oficinas de farmacia<\/td><td class=\"has-text-align-right\" data-align=\"right\">1.017<\/td><td class=\"has-text-align-right\" data-align=\"right\">1.351<\/td><\/tr><tr><td>Farmac\u00e9uticos titulares de oficina de farmacia<\/td><td class=\"has-text-align-right\" data-align=\"right\">893<\/td><td class=\"has-text-align-right\" data-align=\"right\">1.051<\/td><\/tr><tr><td>Farmac\u00e9uticos en r\u00e9gimen de copropiedad de oficina de farmacia<\/td><td class=\"has-text-align-right\" data-align=\"right\">253<\/td><td class=\"has-text-align-right\" data-align=\"right\">596<\/td><\/tr><tr><td>Farmac\u00e9uticos adjuntos de oficina de farmacia<\/td><td class=\"has-text-align-right\" data-align=\"right\">70<\/td><td class=\"has-text-align-right\" data-align=\"right\">97<\/td><\/tr><tr><td>Farmac\u00e9uticos sustitutos de oficina de farmacia<\/td><td class=\"has-text-align-right\" data-align=\"right\">1.244<\/td><td class=\"has-text-align-right\" data-align=\"right\">1.637<\/td><\/tr><tr><td>Oficinas de farmacia en r\u00e9gimen de copropiedad<\/td><td class=\"has-text-align-right\" data-align=\"right\">121<\/td><td class=\"has-text-align-right\" data-align=\"right\">292<\/td><\/tr><tr><td>Oficinas de farmacia en r\u00e9gimen de regencia<\/td><td class=\"has-text-align-right\" data-align=\"right\">3<\/td><td class=\"has-text-align-right\" data-align=\"right\">8<\/td><\/tr><tr><td>Nuevas oficinas de farmacia instaladas durante el a\u00f1o 2019<\/td><td class=\"has-text-align-right\" data-align=\"right\">0<\/td><td class=\"has-text-align-right\" data-align=\"right\">12<\/td><\/tr><\/tbody><\/table><figcaption class=\"wp-element-caption\"><strong>N\u00famero total de oficinas de farmacia: 2.368<\/strong><\/figcaption><\/figure>\n\n\n\n<h2 class=\"wp-block-heading\">En las 2.368 farmacias de Barcelona se han realizado<\/h2>\n\n\n\n<ul class=\"wp-block-list\">\n<li>Se han hecho <strong>19.398 servicios de guardia nocturna<\/strong>. Cada noche han trabajado <strong>una media de 53 farmacias.<\/strong><\/li>\n\n\n\n<li>Se han facturado <strong>118.073.839 recetas.<\/strong> De estas, <strong>97,96%<\/strong> han sido <strong>electr\u00f3nicas<\/strong>.<\/li>\n<\/ul>\n\n\n\n<h2 class=\"wp-block-heading\">Por la excelencia en el ejercicio<\/h2>\n\n\n\n<ul class=\"wp-block-list\">\n<li><strong>222 solicitudes de intervenci\u00f3n<\/strong>\u00a0de la Comisi\u00f3n de Deontolog\u00eda: 75 denuncias, 16 quejas, 10 reclamaciones, 61 consultas y 60 comunicaciones.<\/li>\n\n\n\n<li><strong>662 visitas de inspecci\u00f3n\/asesoramiento\u00a0<\/strong>(303 en Barcelona ciudad y 359 en Barcelona provincia) para comprobar, en primer lugar, la presencia de farmac\u00e9utico responsable y que se cumplen los requisitos de la normativa vigente.<\/li>\n\n\n\n<li><strong>4 expedientes disciplinarios incoados<\/strong> y <strong>4 expedientes disciplinarios resueltos<\/strong> (1 incoado en 2023 y 3 incoados en 2022).<\/li>\n<\/ul>\n\n\n\n<h2 class=\"wp-block-heading\">Resolvemos consultas<\/h2>\n\n\n\n<ul class=\"wp-block-list\">\n<li><strong>154.597 consultas telef\u00f3nicas atendidas<\/strong><\/li>\n\n\n\n<li><strong>13.950<\/strong>\u00a0desde Administraci\u00f3n y Facturaci\u00f3n de Recetas<\/li>\n\n\n\n<li><strong>9.136<\/strong>\u00a0desde Asesor\u00eda Jur\u00eddica<\/li>\n\n\n\n<li><strong>4.302<\/strong>\u00a0desde Biblioteca y Comunicaci\u00f3n Colegial<\/li>\n\n\n\n<li><strong>61.284<\/strong>\u00a0desde el Centro de Informaci\u00f3n del Medicamento<\/li>\n\n\n\n<li><strong>1.206\u00a0<\/strong>desde Deontolog\u00eda<\/li>\n\n\n\n<li><strong>31.019<\/strong>\u00a0desde Formaci\u00f3n y Desarrollo Profesional<\/li>\n\n\n\n<li><strong>18.641<\/strong>\u00a0desde Secretar\u00eda<\/li>\n\n\n\n<li><strong>8.975<\/strong>\u00a0desde Sistemas y\u00a0<strong>8.193 <\/strong>controles remotos<\/li>\n\n\n\n<li><strong>6.084 <\/strong>desde COFBServeis<\/li>\n<\/ul>\n\n\n\n<h2 class=\"wp-block-heading\">Actividad en la red<\/h2>\n\n\n\n<ul class=\"wp-block-list\">\n<li>Los\u00a0<strong>espacios web del Colegio\u00a0<\/strong>han recibido un total de\u00a0<strong>6.746.354 visitas<\/strong>\u00a0y se han visualizado\u00a0<strong>13.974.538 p\u00e1ginas<\/strong>.<\/li>\n\n\n\n<li><strong>1.263 publicaciones en redes sociales<\/strong>\u00a0que han generado m\u00e1s de\u00a0<strong>12.500 interacciones<\/strong>. A su vez, la\u00a0<strong>comunidad del COFB\u00a0<\/strong>en redes sociales ha crecido un\u00a0<strong>6,48%.<\/strong><\/li>\n\n\n\n<li><strong>485 <\/strong>descargas de\u00a0<strong>la App del COFB<\/strong>.<\/li>\n\n\n\n<li>La aplicaci\u00f3n\u00a0<a href=\"http:\/\/www.farmaguia.net\/desktop\/\">Farmagu\u00eda\u00a0<\/a>se ha descargado\u00a0<strong>2.777 veces<\/strong>\u00a0y ha tenido\u00a0<strong>122.632 visitas<\/strong>.<strong>\u00a0225 descargas<\/strong>\u00a0del traductor de s\u00edntomas\u00a0<a href=\"http:\/\/play.google.com\/store\/apps\/details?id=net.cofb.android.traductor&amp;hl=es\">Health symptoms translator<\/a>.\u00a0<\/li>\n\n\n\n<li>La\u00a0<strong>Gu\u00eda de Dispensaci\u00f3n<\/strong>\u00a0ha recibido\u00a0<strong>410.651 visitas<\/strong>.<\/li>\n\n\n\n<li>En la\u00a0<strong>bolsa de trabajo<\/strong>\u00a0<em>online\u00a0<\/em>del COFB ha recibido\u00a0<strong>6.033 inscripciones<\/strong>\u00a0y se han tramitado\u00a0<strong>2.741 ofertas de empleo<\/strong>.<\/li>\n\n\n\n<li>Hemos enviado\u00a0<strong>1.205 comunicaciones<\/strong>\u00a0a los colegiados.\u00a0<\/li>\n\n\n\n<li>Se han emitido\u00a0<strong>2.373 certificados digitales<\/strong>.<\/li>\n<\/ul>\n\n\n\n<h2 class=\"wp-block-heading\">Hemos tramitado<\/h2>\n\n\n\n<ul class=\"wp-block-list\">\n<li><strong>3.046 expedientes<\/strong>\u00a0desde\u00a0<strong>Secretar\u00eda<\/strong>.\u00a0<\/li>\n\n\n\n<li><strong>Asesor\u00eda Jur\u00eddica: 1.525 documentos de entrada<\/strong>\u00a0registrados y\u00a0<strong>647 expedientes presentados<\/strong>\u00a0a la Junta de Gobierno por resolver.\u00a0<\/li>\n\n\n\n<li><strong>6.908 tr\u00e1mites<\/strong>\u00a0realizados a trav\u00e9s del\u00a0<strong>Portal de tr\u00e1mites.<\/strong><a href=\"javascript: window.print()\"><\/a><\/li>\n<\/ul>","protected":false},"excerpt":{"rendered":"<p>Evoluci\u00f3n del n\u00famero de colegiados \u00bfCu\u00e1ntos colegiados hay por vocal\u00eda?  Alimentaci\u00f3n y Nutrici\u00f3n: 462 An\u00e1lisis: 153 Atenci\u00f3n Primaria: 68 Dermofarmacia y Productos Sanitarios: 235 Distribuci\u00f3n: 116 Hospitales: 263 Industria: 394 Investigaci\u00f3n y Docencia: 70 Oficina de Farmacia: 5.865 Ortopedia:<\/p>","protected":false},"author":1,"featured_media":0,"parent":2612,"menu_order":0,"comment_status":"closed","ping_status":"closed","template":"","meta":{"_uag_custom_page_level_css":"","site-sidebar-layout":"default","site-content-layout":"","ast-site-content-layout":"default","site-content-style":"default","site-sidebar-style":"default","ast-global-header-display":"","ast-banner-title-visibility":"","ast-main-header-display":"","ast-hfb-above-header-display":"","ast-hfb-below-header-display":"","ast-hfb-mobile-header-display":"","site-post-title":"","ast-breadcrumbs-content":"","ast-featured-img":"","footer-sml-layout":"","theme-transparent-header-meta":"","adv-header-id-meta":"","stick-header-meta":"","header-above-stick-meta":"","header-main-stick-meta":"","header-below-stick-meta":"","astra-migrate-meta-layouts":"set","ast-page-background-enabled":"default","ast-page-background-meta":{"desktop":{"background-color":"var(--ast-global-color-4)","background-image":"","background-repeat":"repeat","background-position":"center center","background-size":"auto","background-attachment":"scroll","background-type":"","background-media":"","overlay-type":"","overlay-color":"","overlay-opacity":"","overlay-gradient":""},"tablet":{"background-color":"","background-image":"","background-repeat":"repeat","background-position":"center center","background-size":"auto","background-attachment":"scroll","background-type":"","background-media":"","overlay-type":"","overlay-color":"","overlay-opacity":"","overlay-gradient":""},"mobile":{"background-color":"","background-image":"","background-repeat":"repeat","background-position":"center center","background-size":"auto","background-attachment":"scroll","background-type":"","background-media":"","overlay-type":"","overlay-color":"","overlay-opacity":"","overlay-gradient":""}},"ast-content-background-meta":{"desktop":{"background-color":"var(--ast-global-color-5)","background-image":"","background-repeat":"repeat","background-position":"center center","background-size":"auto","background-attachment":"scroll","background-type":"","background-media":"","overlay-type":"","overlay-color":"","overlay-opacity":"","overlay-gradient":""},"tablet":{"background-color":"var(--ast-global-color-5)","background-image":"","background-repeat":"repeat","background-position":"center center","background-size":"auto","background-attachment":"scroll","background-type":"","background-media":"","overlay-type":"","overlay-color":"","overlay-opacity":"","overlay-gradient":""},"mobile":{"background-color":"var(--ast-global-color-5)","background-image":"","background-repeat":"repeat","background-position":"center center","background-size":"auto","background-attachment":"scroll","background-type":"","background-media":"","overlay-type":"","overlay-color":"","overlay-opacity":"","overlay-gradient":""}},"footnotes":""},"class_list":["post-3634","page","type-page","status-publish","hentry"],"yoast_head":"<!-- This site is optimized with the Yoast SEO plugin v22.4 - https:\/\/yoast.com\/wordpress\/plugins\/seo\/ -->\n<title>El Col\u00b7legi en xifres - Col\u00b7legi de Farmac\u00e8utics de Barcelona<\/title>\n<meta name=\"robots\" content=\"index, follow, max-snippet:-1, max-image-preview:large, max-video-preview:-1\" \/>\n<link rel=\"canonical\" href=\"https:\/\/www.cofb.org\/es\/qui-som\/el-collegi\/que-es-el-collegi\/el-col\u00b7legi-en-xifres\/\" \/>\n<meta property=\"og:locale\" content=\"es_ES\" \/>\n<meta property=\"og:type\" content=\"article\" \/>\n<meta property=\"og:title\" content=\"El Col\u00b7legi en xifres - Col\u00b7legi de Farmac\u00e8utics de Barcelona\" \/>\n<meta property=\"og:description\" content=\"Evoluci\u00f3 del nombre de col\u00b7legiats Quants col\u00b7legiats hi ha per vocalia? \u00a0 Alimentaci\u00f3 i Nutrici\u00f3: 462 \u00a0 An\u00e0lisi: 153 \u00a0 Atenci\u00f3 Prim\u00e0ria: 68 \u00a0 Dermofarm\u00e0cia i Productes Sanitaris: 235 \u00a0 Distribuci\u00f3: 116 \u00a0 Hospitals: 263 \u00a0 Ind\u00fastria: 394 \u00a0 Investigaci\u00f3 i Doc\u00e8ncia: 70 \u00a0\u00a0Oficina de Farm\u00e0cia: 5.865 \u00a0 Ortop\u00e8dia: 547 [&hellip;]\" \/>\n<meta property=\"og:url\" content=\"https:\/\/www.cofb.org\/es\/qui-som\/el-collegi\/que-es-el-collegi\/el-col\u00b7legi-en-xifres\/\" \/>\n<meta property=\"og:site_name\" content=\"Col\u00b7legi de Farmac\u00e8utics de Barcelona\" \/>\n<meta property=\"article:publisher\" content=\"https:\/\/www.facebook.com\/farmaceuticsbcn\/\" \/>\n<meta property=\"article:modified_time\" content=\"2024-08-23T11:05:47+00:00\" \/>\n<meta property=\"og:image\" content=\"https:\/\/www.cofb.org\/wp-content\/uploads\/2024\/08\/COFB_En-xifres-2023-1024x679.jpg\" \/>\n<meta name=\"twitter:card\" content=\"summary_large_image\" \/>\n<meta name=\"twitter:site\" content=\"@farmaceuticsbcn\" \/>\n<meta name=\"twitter:label1\" content=\"Tiempo de lectura\" \/>\n\t<meta name=\"twitter:data1\" content=\"6 minutos\" \/>\n<script type=\"application\/ld+json\" class=\"yoast-schema-graph\">{\"@context\":\"https:\/\/schema.org\",\"@graph\":[{\"@type\":\"WebPage\",\"@id\":\"https:\/\/www.cofb.org\/qui-som\/el-collegi\/que-es-el-collegi\/el-col%c2%b7legi-en-xifres\/\",\"url\":\"https:\/\/www.cofb.org\/qui-som\/el-collegi\/que-es-el-collegi\/el-col%c2%b7legi-en-xifres\/\",\"name\":\"El Col\u00b7legi en xifres - Col\u00b7legi de Farmac\u00e8utics de Barcelona\",\"isPartOf\":{\"@id\":\"https:\/\/www.cofb.org\/#website\"},\"primaryImageOfPage\":{\"@id\":\"https:\/\/www.cofb.org\/qui-som\/el-collegi\/que-es-el-collegi\/el-col%c2%b7legi-en-xifres\/#primaryimage\"},\"image\":{\"@id\":\"https:\/\/www.cofb.org\/qui-som\/el-collegi\/que-es-el-collegi\/el-col%c2%b7legi-en-xifres\/#primaryimage\"},\"thumbnailUrl\":\"https:\/\/www.cofb.org\/wp-content\/uploads\/2024\/08\/COFB_En-xifres-2023-1024x679.jpg\",\"datePublished\":\"2023-07-07T06:04:30+00:00\",\"dateModified\":\"2024-08-23T11:05:47+00:00\",\"breadcrumb\":{\"@id\":\"https:\/\/www.cofb.org\/qui-som\/el-collegi\/que-es-el-collegi\/el-col%c2%b7legi-en-xifres\/#breadcrumb\"},\"inLanguage\":\"es\",\"potentialAction\":[{\"@type\":\"ReadAction\",\"target\":[\"https:\/\/www.cofb.org\/qui-som\/el-collegi\/que-es-el-collegi\/el-col%c2%b7legi-en-xifres\/\"]}]},{\"@type\":\"ImageObject\",\"inLanguage\":\"es\",\"@id\":\"https:\/\/www.cofb.org\/qui-som\/el-collegi\/que-es-el-collegi\/el-col%c2%b7legi-en-xifres\/#primaryimage\",\"url\":\"https:\/\/www.cofb.org\/wp-content\/uploads\/2024\/08\/COFB_En-xifres-2023-1024x679.jpg\",\"contentUrl\":\"https:\/\/www.cofb.org\/wp-content\/uploads\/2024\/08\/COFB_En-xifres-2023-1024x679.jpg\"},{\"@type\":\"BreadcrumbList\",\"@id\":\"https:\/\/www.cofb.org\/qui-som\/el-collegi\/que-es-el-collegi\/el-col%c2%b7legi-en-xifres\/#breadcrumb\",\"itemListElement\":[{\"@type\":\"ListItem\",\"position\":1,\"name\":\"Inici\",\"item\":\"https:\/\/novaorg.cofb.net\/\"},{\"@type\":\"ListItem\",\"position\":2,\"name\":\"Qui som?\",\"item\":\"https:\/\/novaorg.cofb.net\/qui-som\/\"},{\"@type\":\"ListItem\",\"position\":3,\"name\":\"El Col\u00b7legi\",\"item\":\"https:\/\/novaorg.cofb.net\/qui-som\/el-collegi\/\"},{\"@type\":\"ListItem\",\"position\":4,\"name\":\"Qu\u00e8 \u00e9s el Col\u00b7legi?\",\"item\":\"https:\/\/www.cofb.org\/qui-som\/el-collegi\/que-es-el-collegi\/\"},{\"@type\":\"ListItem\",\"position\":5,\"name\":\"El Col\u00b7legi en xifres\"}]},{\"@type\":\"WebSite\",\"@id\":\"https:\/\/www.cofb.org\/#website\",\"url\":\"https:\/\/www.cofb.org\/\",\"name\":\"Col\u00b7legi de Farmac\u00e8utics de Barcelona\",\"description\":\"\",\"publisher\":{\"@id\":\"https:\/\/www.cofb.org\/#organization\"},\"potentialAction\":[{\"@type\":\"SearchAction\",\"target\":{\"@type\":\"EntryPoint\",\"urlTemplate\":\"https:\/\/www.cofb.org\/?s={search_term_string}\"},\"query-input\":\"required name=search_term_string\"}],\"inLanguage\":\"es\"},{\"@type\":\"Organization\",\"@id\":\"https:\/\/www.cofb.org\/#organization\",\"name\":\"Col\u00b7legi de Farmac\u00e8utics de Barcelona\",\"url\":\"https:\/\/www.cofb.org\/\",\"logo\":{\"@type\":\"ImageObject\",\"inLanguage\":\"es\",\"@id\":\"https:\/\/www.cofb.org\/#\/schema\/logo\/image\/\",\"url\":\"https:\/\/www.cofb.org\/wp-content\/uploads\/2023\/11\/cropped-Logotip-COFB.png\",\"contentUrl\":\"https:\/\/www.cofb.org\/wp-content\/uploads\/2023\/11\/cropped-Logotip-COFB.png\",\"width\":500,\"height\":105,\"caption\":\"Col\u00b7legi de Farmac\u00e8utics de Barcelona\"},\"image\":{\"@id\":\"https:\/\/www.cofb.org\/#\/schema\/logo\/image\/\"},\"sameAs\":[\"https:\/\/www.facebook.com\/farmaceuticsbcn\/\",\"https:\/\/twitter.com\/farmaceuticsbcn\",\"https:\/\/www.instagram.com\/farmaceuticsbcn\/\",\"https:\/\/www.linkedin.com\/company\/farmaceuticsbcn\/\"]}]}<\/script>\n<!-- \/ Yoast SEO plugin. -->","yoast_head_json":{"title":"El Col\u00b7legi en xifres - Col\u00b7legi de Farmac\u00e8utics de Barcelona","robots":{"index":"index","follow":"follow","max-snippet":"max-snippet:-1","max-image-preview":"max-image-preview:large","max-video-preview":"max-video-preview:-1"},"canonical":"https:\/\/www.cofb.org\/es\/qui-som\/el-collegi\/que-es-el-collegi\/el-col\u00b7legi-en-xifres\/","og_locale":"es_ES","og_type":"article","og_title":"El Col\u00b7legi en xifres - Col\u00b7legi de Farmac\u00e8utics de Barcelona","og_description":"Evoluci\u00f3 del nombre de col\u00b7legiats Quants col\u00b7legiats hi ha per vocalia? \u00a0 Alimentaci\u00f3 i Nutrici\u00f3: 462 \u00a0 An\u00e0lisi: 153 \u00a0 Atenci\u00f3 Prim\u00e0ria: 68 \u00a0 Dermofarm\u00e0cia i Productes Sanitaris: 235 \u00a0 Distribuci\u00f3: 116 \u00a0 Hospitals: 263 \u00a0 Ind\u00fastria: 394 \u00a0 Investigaci\u00f3 i Doc\u00e8ncia: 70 \u00a0\u00a0Oficina de Farm\u00e0cia: 5.865 \u00a0 Ortop\u00e8dia: 547 [&hellip;]","og_url":"https:\/\/www.cofb.org\/es\/qui-som\/el-collegi\/que-es-el-collegi\/el-col\u00b7legi-en-xifres\/","og_site_name":"Col\u00b7legi de Farmac\u00e8utics de Barcelona","article_publisher":"https:\/\/www.facebook.com\/farmaceuticsbcn\/","article_modified_time":"2024-08-23T11:05:47+00:00","og_image":[{"url":"https:\/\/www.cofb.org\/wp-content\/uploads\/2024\/08\/COFB_En-xifres-2023-1024x679.jpg"}],"twitter_card":"summary_large_image","twitter_site":"@farmaceuticsbcn","twitter_misc":{"Tiempo de lectura":"6 minutos"},"schema":{"@context":"https:\/\/schema.org","@graph":[{"@type":"WebPage","@id":"https:\/\/www.cofb.org\/qui-som\/el-collegi\/que-es-el-collegi\/el-col%c2%b7legi-en-xifres\/","url":"https:\/\/www.cofb.org\/qui-som\/el-collegi\/que-es-el-collegi\/el-col%c2%b7legi-en-xifres\/","name":"El Col\u00b7legi en xifres - Col\u00b7legi de Farmac\u00e8utics de Barcelona","isPartOf":{"@id":"https:\/\/www.cofb.org\/#website"},"primaryImageOfPage":{"@id":"https:\/\/www.cofb.org\/qui-som\/el-collegi\/que-es-el-collegi\/el-col%c2%b7legi-en-xifres\/#primaryimage"},"image":{"@id":"https:\/\/www.cofb.org\/qui-som\/el-collegi\/que-es-el-collegi\/el-col%c2%b7legi-en-xifres\/#primaryimage"},"thumbnailUrl":"https:\/\/www.cofb.org\/wp-content\/uploads\/2024\/08\/COFB_En-xifres-2023-1024x679.jpg","datePublished":"2023-07-07T06:04:30+00:00","dateModified":"2024-08-23T11:05:47+00:00","breadcrumb":{"@id":"https:\/\/www.cofb.org\/qui-som\/el-collegi\/que-es-el-collegi\/el-col%c2%b7legi-en-xifres\/#breadcrumb"},"inLanguage":"es","potentialAction":[{"@type":"ReadAction","target":["https:\/\/www.cofb.org\/qui-som\/el-collegi\/que-es-el-collegi\/el-col%c2%b7legi-en-xifres\/"]}]},{"@type":"ImageObject","inLanguage":"es","@id":"https:\/\/www.cofb.org\/qui-som\/el-collegi\/que-es-el-collegi\/el-col%c2%b7legi-en-xifres\/#primaryimage","url":"https:\/\/www.cofb.org\/wp-content\/uploads\/2024\/08\/COFB_En-xifres-2023-1024x679.jpg","contentUrl":"https:\/\/www.cofb.org\/wp-content\/uploads\/2024\/08\/COFB_En-xifres-2023-1024x679.jpg"},{"@type":"BreadcrumbList","@id":"https:\/\/www.cofb.org\/qui-som\/el-collegi\/que-es-el-collegi\/el-col%c2%b7legi-en-xifres\/#breadcrumb","itemListElement":[{"@type":"ListItem","position":1,"name":"Inici","item":"https:\/\/novaorg.cofb.net\/"},{"@type":"ListItem","position":2,"name":"Qui som?","item":"https:\/\/novaorg.cofb.net\/qui-som\/"},{"@type":"ListItem","position":3,"name":"El Col\u00b7legi","item":"https:\/\/novaorg.cofb.net\/qui-som\/el-collegi\/"},{"@type":"ListItem","position":4,"name":"Qu\u00e8 \u00e9s el Col\u00b7legi?","item":"https:\/\/www.cofb.org\/qui-som\/el-collegi\/que-es-el-collegi\/"},{"@type":"ListItem","position":5,"name":"El Col\u00b7legi en xifres"}]},{"@type":"WebSite","@id":"https:\/\/www.cofb.org\/#website","url":"https:\/\/www.cofb.org\/","name":"Col\u00b7legi de Farmac\u00e8utics de Barcelona","description":"","publisher":{"@id":"https:\/\/www.cofb.org\/#organization"},"potentialAction":[{"@type":"SearchAction","target":{"@type":"EntryPoint","urlTemplate":"https:\/\/www.cofb.org\/?s={search_term_string}"},"query-input":"required name=search_term_string"}],"inLanguage":"es"},{"@type":"Organization","@id":"https:\/\/www.cofb.org\/#organization","name":"Col\u00b7legi de Farmac\u00e8utics de Barcelona","url":"https:\/\/www.cofb.org\/","logo":{"@type":"ImageObject","inLanguage":"es","@id":"https:\/\/www.cofb.org\/#\/schema\/logo\/image\/","url":"https:\/\/www.cofb.org\/wp-content\/uploads\/2023\/11\/cropped-Logotip-COFB.png","contentUrl":"https:\/\/www.cofb.org\/wp-content\/uploads\/2023\/11\/cropped-Logotip-COFB.png","width":500,"height":105,"caption":"Col\u00b7legi de Farmac\u00e8utics de Barcelona"},"image":{"@id":"https:\/\/www.cofb.org\/#\/schema\/logo\/image\/"},"sameAs":["https:\/\/www.facebook.com\/farmaceuticsbcn\/","https:\/\/twitter.com\/farmaceuticsbcn","https:\/\/www.instagram.com\/farmaceuticsbcn\/","https:\/\/www.linkedin.com\/company\/farmaceuticsbcn\/"]}]}},"uagb_featured_image_src":{"full":false,"thumbnail":false,"medium":false,"medium_large":false,"large":false,"1536x1536":false,"2048x2048":false,"trp-custom-language-flag":false},"uagb_author_info":{"display_name":"wpAdminCofbOrg","author_link":"https:\/\/www.cofb.org\/es\/author\/wpadmincofborg\/"},"uagb_comment_info":0,"uagb_excerpt":"Evoluci\u00f3 del nombre de col\u00b7legiats Quants col\u00b7legiats hi ha per vocalia? \u00a0 Alimentaci\u00f3 i Nutrici\u00f3: 462 \u00a0 An\u00e0lisi: 153 \u00a0 Atenci\u00f3 Prim\u00e0ria: 68 \u00a0 Dermofarm\u00e0cia i Productes Sanitaris: 235 \u00a0 Distribuci\u00f3: 116 \u00a0 Hospitals: 263 \u00a0 Ind\u00fastria: 394 \u00a0 Investigaci\u00f3 i Doc\u00e8ncia: 70 \u00a0\u00a0Oficina de Farm\u00e0cia: 5.865 \u00a0 Ortop\u00e8dia: 547 [&hellip;]","_links":{"self":[{"href":"https:\/\/www.cofb.org\/es\/wp-json\/wp\/v2\/pages\/3634","targetHints":{"allow":["GET"]}}],"collection":[{"href":"https:\/\/www.cofb.org\/es\/wp-json\/wp\/v2\/pages"}],"about":[{"href":"https:\/\/www.cofb.org\/es\/wp-json\/wp\/v2\/types\/page"}],"author":[{"embeddable":true,"href":"https:\/\/www.cofb.org\/es\/wp-json\/wp\/v2\/users\/1"}],"replies":[{"embeddable":true,"href":"https:\/\/www.cofb.org\/es\/wp-json\/wp\/v2\/comments?post=3634"}],"version-history":[{"count":20,"href":"https:\/\/www.cofb.org\/es\/wp-json\/wp\/v2\/pages\/3634\/revisions"}],"predecessor-version":[{"id":79396,"href":"https:\/\/www.cofb.org\/es\/wp-json\/wp\/v2\/pages\/3634\/revisions\/79396"}],"up":[{"embeddable":true,"href":"https:\/\/www.cofb.org\/es\/wp-json\/wp\/v2\/pages\/2612"}],"wp:attachment":[{"href":"https:\/\/www.cofb.org\/es\/wp-json\/wp\/v2\/media?parent=3634"}],"curies":[{"name":"wp","href":"https:\/\/api.w.org\/{rel}","templated":true}]}}