{"id":3602,"date":"2023-07-05T11:58:41","date_gmt":"2023-07-05T11:58:41","guid":{"rendered":"https:\/\/novaorg.cofb.net\/?page_id=3602"},"modified":"2024-06-27T17:21:22","modified_gmt":"2024-06-27T17:21:22","slug":"vocal-dindustria-meritxell-cortes","status":"publish","type":"page","link":"https:\/\/www.cofb.org\/es\/qui-som\/com-sorganitza\/junta-de-govern\/vocal-dindustria-meritxell-cortes\/","title":{"rendered":"Vocal de industria: Meritxell Cort\u00e9s L\u00f3pez"},"content":{"rendered":"<div class=\"wp-block-columns is-layout-flex wp-container-core-columns-is-layout-d7d455e7 wp-block-columns-is-layout-flex\" style=\"padding-top:0;padding-right:0;padding-bottom:0;padding-left:0\">\n<div class=\"wp-block-column is-layout-flow wp-block-column-is-layout-flow\" style=\"flex-basis:33.33%\">\n<div class=\"wp-block-uagb-image uagb-block-ddd7be85 wp-block-uagb-image--layout-default wp-block-uagb-image--effect-static wp-block-uagb-image--align-none\"><figure class=\"wp-block-uagb-image__figure\"><img loading=\"lazy\" decoding=\"async\" srcset=\"https:\/\/www.cofb.org\/wp-content\/uploads\/2024\/06\/17-Meritxell-Cortes.png ,https:\/\/www.cofb.org\/wp-content\/uploads\/2024\/06\/17-Meritxell-Cortes.png 780w, https:\/\/www.cofb.org\/wp-content\/uploads\/2024\/06\/17-Meritxell-Cortes.png 360w\" sizes=\"auto, (max-width: 480px) 150px\" src=\"https:\/\/www.cofb.org\/wp-content\/uploads\/2024\/06\/17-Meritxell-Cortes.png\" alt=\"\" class=\"uag-image-78439\" width=\"683\" height=\"1024\" title=\"17 Meritxell Cort\u00e9s\" role=\"img\"\/><\/figure><\/div>\n<\/div>\n\n\n\n<div class=\"wp-block-column is-layout-flow wp-block-column-is-layout-flow\" style=\"flex-basis:66.66%\">\n<h4 class=\"wp-block-heading\">ACTIVIDAD INSTITUCIONAL<\/h4>\n\n\n\n<ul class=\"wp-block-list\">\n<li>Vocal de Industria del Colegio de Farmac\u00e9uticos de Barcelona (2020 \u2013 actualidad)<\/li>\n<\/ul>\n\n\n\n<h4 class=\"wp-block-heading\">FORMACI\u00d3N ACAD\u00c9MICA&nbsp;<\/h4>\n\n\n\n<ul class=\"wp-block-list\">\n<li>Programa de Market Access (EADA, 2022).&nbsp;<\/li>\n\n\n\n<li>Programa de Direcci\u00f3n General, Administraci\u00f3n y Direcci\u00f3n de Empresas (PDG 2019) por IESE Business School<\/li>\n\n\n\n<li>M\u00e1ster en Industria Farmac\u00e9utica y Parafarmac\u00e9utica. CESIF, Barcelona (2004)<\/li>\n\n\n\n<li>Licenciada en farmacia. Universidad de Barcelona, Barcelona (1997 \u2013 2003)<\/li>\n<\/ul>\n\n\n\n<h4 class=\"wp-block-heading\">ACTIVIDAD PROFESIONAL<\/h4>\n\n\n\n<ul class=\"wp-block-list\">\n<li>Laboratorios Gebro Pharma, SA, Barcelona. Directora M\u00e9dica, de Calidad y de Acceso al Mercado en Laboratorios Gebro Pharma (2021 \u2013 actualidad)<\/li>\n\n\n\n<li>Laboratorios Gebro Pharma, SA, Barcelona. Directora T\u00e9cnica, de Asuntos Regulatorios y Farmacovigilancia. (2018 \u2013 2021)<\/li>\n<\/ul>\n\n\n\n<p>Liderar y supervisar todas las actividades regulatorias para medicamentos y medical devices a nivel nacional e internacional (UE). Estrategia regulatoria para el mantenimiento y desarrollo de la cartera de productos. Evaluaci\u00f3n de escenarios regulatorios para posibles nuevos productos. Dise\u00f1ar la estrategia de financiaci\u00f3n (precio y reembolso) m\u00e1s adecuada para los productos y negociar con las autoridades locales los precios, con el fin de conseguir el objetivo estrat\u00e9gico de la Compa\u00f1\u00eda. Liderar la estrategia de Farmacovigilancia de la Compa\u00f1\u00eda y actuar como suplente del QPPV. Actuar como Director T\u00e9cnico Farmac\u00e9utico ante las Autoridades Nacionales. Gesti\u00f3n del equipo y presupuesto<\/p>\n\n\n\n<ul class=\"wp-block-list\">\n<li>Laboratorios Gebro Pharma, SA, Barcelona. Jefe de Asuntos Regulatorios y Directora T\u00e9cnica (2010 \u2013 2017)<\/li>\n<\/ul>\n\n\n\n<p>Gestionar todos los asuntos regulatorios de LGP en territorio espa\u00f1ol. Coordinar la implementaci\u00f3n de la estrategia regulatoria m\u00e1s adecuada. Asistir a Direcci\u00f3n General y al Departamento de Desarrollo de Negocio en la revisi\u00f3n t\u00e9cnica de los medicamentos\/productos sanitarios en evaluaci\u00f3n. Actuar como Director T\u00e9cnico Farmac\u00e9utico ante las Autoridades nacionales. Dirigir la preparaci\u00f3n de la documentaci\u00f3n y participar en la negociaci\u00f3n de precio y reembolso con las Autoridades Sanitarias de los medicamentos\/productos sanitarios de LGP.<\/p>\n\n\n\n<ul class=\"wp-block-list\">\n<li>Laboratorios Gebro Pharma, SA, Barcelona. Responsable de Asuntos Regulatorios y Directora T\u00e9cnica (2009 \u2013 2010)<\/li>\n\n\n\n<li>SE de Carburos Met\u00e1licos, SA (Grupo Air Products), Barcelona. Director T\u00e9cnico, Gases Medicinales (2005 \u2013 2009)<\/li>\n<\/ul>\n<\/div>\n<\/div>","protected":false},"excerpt":{"rendered":"<p>ACTIVIDAD INSTITUCIONAL FORMACI\u00d3N ACAD\u00c9MICA ACTIVIDAD PROFESIONAL Liderar y supervisar todas las actividades regulatorias para medicamentos y medical devices a nivel nacional e internacional (UE). Estrategia regulatoria para el mantenimiento y desarrollo de la cartera de productos. Evaluaci\u00f3n de escenarios regulatorios para posibles nuevos productos. Dise\u00f1ar la estrategia de financiaci\u00f3n (precio [\u2026]<\/p>","protected":false},"author":1,"featured_media":0,"parent":2614,"menu_order":0,"comment_status":"closed","ping_status":"closed","template":"","meta":{"_uag_custom_page_level_css":"","site-sidebar-layout":"default","site-content-layout":"","ast-site-content-layout":"default","site-content-style":"default","site-sidebar-style":"default","ast-global-header-display":"","ast-banner-title-visibility":"","ast-main-header-display":"","ast-hfb-above-header-display":"","ast-hfb-below-header-display":"","ast-hfb-mobile-header-display":"","site-post-title":"","ast-breadcrumbs-content":"","ast-featured-img":"","footer-sml-layout":"","theme-transparent-header-meta":"","adv-header-id-meta":"","stick-header-meta":"","header-above-stick-meta":"","header-main-stick-meta":"","header-below-stick-meta":"","astra-migrate-meta-layouts":"set","ast-page-background-enabled":"default","ast-page-background-meta":{"desktop":{"background-color":"var(--ast-global-color-4)","background-image":"","background-repeat":"repeat","background-position":"center center","background-size":"auto","background-attachment":"scroll","background-type":"","background-media":"","overlay-type":"","overlay-color":"","overlay-opacity":"","overlay-gradient":""},"tablet":{"background-color":"","background-image":"","background-repeat":"repeat","background-position":"center center","background-size":"auto","background-attachment":"scroll","background-type":"","background-media":"","overlay-type":"","overlay-color":"","overlay-opacity":"","overlay-gradient":""},"mobile":{"background-color":"","background-image":"","background-repeat":"repeat","background-position":"center center","background-size":"auto","background-attachment":"scroll","background-type":"","background-media":"","overlay-type":"","overlay-color":"","overlay-opacity":"","overlay-gradient":""}},"ast-content-background-meta":{"desktop":{"background-color":"var(--ast-global-color-5)","background-image":"","background-repeat":"repeat","background-position":"center center","background-size":"auto","background-attachment":"scroll","background-type":"","background-media":"","overlay-type":"","overlay-color":"","overlay-opacity":"","overlay-gradient":""},"tablet":{"background-color":"var(--ast-global-color-5)","background-image":"","background-repeat":"repeat","background-position":"center center","background-size":"auto","background-attachment":"scroll","background-type":"","background-media":"","overlay-type":"","overlay-color":"","overlay-opacity":"","overlay-gradient":""},"mobile":{"background-color":"var(--ast-global-color-5)","background-image":"","background-repeat":"repeat","background-position":"center center","background-size":"auto","background-attachment":"scroll","background-type":"","background-media":"","overlay-type":"","overlay-color":"","overlay-opacity":"","overlay-gradient":""}},"footnotes":""},"class_list":["post-3602","page","type-page","status-publish","hentry"],"yoast_head":"<!-- This site is optimized with the Yoast SEO plugin v22.4 - https:\/\/yoast.com\/wordpress\/plugins\/seo\/ -->\n<title>Vocal d&#039;ind\u00fastria: Meritxell Cort\u00e9s L\u00f3pez - Col\u00b7legi de Farmac\u00e8utics de Barcelona<\/title>\n<meta name=\"robots\" content=\"index, follow, max-snippet:-1, max-image-preview:large, max-video-preview:-1\" \/>\n<link rel=\"canonical\" href=\"https:\/\/www.cofb.org\/es\/qui-som\/com-sorganitza\/junta-de-govern\/vocal-dindustria-meritxell-cortes\/\" \/>\n<meta property=\"og:locale\" content=\"es_ES\" \/>\n<meta property=\"og:type\" content=\"article\" \/>\n<meta property=\"og:title\" content=\"Vocal d&#039;ind\u00fastria: Meritxell Cort\u00e9s L\u00f3pez - Col\u00b7legi de Farmac\u00e8utics de Barcelona\" \/>\n<meta property=\"og:description\" content=\"ACTIVITAT INSTITUCIONAL FORMACI\u00d3 ACAD\u00c8MICA&nbsp; ACTIVITAT PROFESSIONAL Liderar i supervisar totes les activitats regulat\u00f2ries per a medicaments i medical devices en l&#8217;\u00e0mbit nacional i internacional (UE). Estrat\u00e8gia regulat\u00f2ria per al manteniment i desenvolupament de la cartera de productes. Avaluaci\u00f3 d&#8217;escenaris regulatoris per a possibles nous productes. Dissenyar l&#8217;estrat\u00e8gia de finan\u00e7ament (preu [&hellip;]\" \/>\n<meta property=\"og:url\" content=\"https:\/\/www.cofb.org\/es\/qui-som\/com-sorganitza\/junta-de-govern\/vocal-dindustria-meritxell-cortes\/\" \/>\n<meta property=\"og:site_name\" content=\"Col\u00b7legi de Farmac\u00e8utics de Barcelona\" \/>\n<meta property=\"article:publisher\" content=\"https:\/\/www.facebook.com\/farmaceuticsbcn\/\" \/>\n<meta property=\"article:modified_time\" content=\"2024-06-27T17:21:22+00:00\" \/>\n<meta property=\"og:image\" content=\"https:\/\/www.cofb.org\/wp-content\/uploads\/2024\/06\/17-Meritxell-Cortes.png\" \/>\n<meta name=\"twitter:card\" content=\"summary_large_image\" \/>\n<meta name=\"twitter:site\" content=\"@farmaceuticsbcn\" \/>\n<meta name=\"twitter:label1\" content=\"Tiempo de lectura\" \/>\n\t<meta name=\"twitter:data1\" content=\"2 minutos\" \/>\n<script type=\"application\/ld+json\" class=\"yoast-schema-graph\">{\"@context\":\"https:\/\/schema.org\",\"@graph\":[{\"@type\":\"WebPage\",\"@id\":\"https:\/\/www.cofb.org\/qui-som\/com-sorganitza\/junta-de-govern\/vocal-dindustria-meritxell-cortes\/\",\"url\":\"https:\/\/www.cofb.org\/qui-som\/com-sorganitza\/junta-de-govern\/vocal-dindustria-meritxell-cortes\/\",\"name\":\"Vocal d'ind\u00fastria: Meritxell Cort\u00e9s L\u00f3pez - Col\u00b7legi de Farmac\u00e8utics de Barcelona\",\"isPartOf\":{\"@id\":\"https:\/\/www.cofb.org\/#website\"},\"primaryImageOfPage\":{\"@id\":\"https:\/\/www.cofb.org\/qui-som\/com-sorganitza\/junta-de-govern\/vocal-dindustria-meritxell-cortes\/#primaryimage\"},\"image\":{\"@id\":\"https:\/\/www.cofb.org\/qui-som\/com-sorganitza\/junta-de-govern\/vocal-dindustria-meritxell-cortes\/#primaryimage\"},\"thumbnailUrl\":\"https:\/\/www.cofb.org\/wp-content\/uploads\/2024\/06\/17-Meritxell-Cortes.png\",\"datePublished\":\"2023-07-05T11:58:41+00:00\",\"dateModified\":\"2024-06-27T17:21:22+00:00\",\"breadcrumb\":{\"@id\":\"https:\/\/www.cofb.org\/qui-som\/com-sorganitza\/junta-de-govern\/vocal-dindustria-meritxell-cortes\/#breadcrumb\"},\"inLanguage\":\"es\",\"potentialAction\":[{\"@type\":\"ReadAction\",\"target\":[\"https:\/\/www.cofb.org\/qui-som\/com-sorganitza\/junta-de-govern\/vocal-dindustria-meritxell-cortes\/\"]}]},{\"@type\":\"ImageObject\",\"inLanguage\":\"es\",\"@id\":\"https:\/\/www.cofb.org\/qui-som\/com-sorganitza\/junta-de-govern\/vocal-dindustria-meritxell-cortes\/#primaryimage\",\"url\":\"https:\/\/www.cofb.org\/wp-content\/uploads\/2024\/06\/17-Meritxell-Cortes.png\",\"contentUrl\":\"https:\/\/www.cofb.org\/wp-content\/uploads\/2024\/06\/17-Meritxell-Cortes.png\"},{\"@type\":\"BreadcrumbList\",\"@id\":\"https:\/\/www.cofb.org\/qui-som\/com-sorganitza\/junta-de-govern\/vocal-dindustria-meritxell-cortes\/#breadcrumb\",\"itemListElement\":[{\"@type\":\"ListItem\",\"position\":1,\"name\":\"Inici\",\"item\":\"https:\/\/novaorg.cofb.net\/\"},{\"@type\":\"ListItem\",\"position\":2,\"name\":\"Qui som?\",\"item\":\"https:\/\/novaorg.cofb.net\/qui-som\/\"},{\"@type\":\"ListItem\",\"position\":3,\"name\":\"Com s&#8217;organitza?\",\"item\":\"https:\/\/novaorg.cofb.net\/qui-som\/com-sorganitza\/\"},{\"@type\":\"ListItem\",\"position\":4,\"name\":\"Junta de Govern\",\"item\":\"https:\/\/www.cofb.org\/qui-som\/com-sorganitza\/junta-de-govern\/\"},{\"@type\":\"ListItem\",\"position\":5,\"name\":\"Vocal d&#8217;ind\u00fastria: Meritxell Cort\u00e9s L\u00f3pez\"}]},{\"@type\":\"WebSite\",\"@id\":\"https:\/\/www.cofb.org\/#website\",\"url\":\"https:\/\/www.cofb.org\/\",\"name\":\"Col\u00b7legi de Farmac\u00e8utics de Barcelona\",\"description\":\"\",\"publisher\":{\"@id\":\"https:\/\/www.cofb.org\/#organization\"},\"potentialAction\":[{\"@type\":\"SearchAction\",\"target\":{\"@type\":\"EntryPoint\",\"urlTemplate\":\"https:\/\/www.cofb.org\/?s={search_term_string}\"},\"query-input\":\"required name=search_term_string\"}],\"inLanguage\":\"es\"},{\"@type\":\"Organization\",\"@id\":\"https:\/\/www.cofb.org\/#organization\",\"name\":\"Col\u00b7legi de Farmac\u00e8utics de Barcelona\",\"url\":\"https:\/\/www.cofb.org\/\",\"logo\":{\"@type\":\"ImageObject\",\"inLanguage\":\"es\",\"@id\":\"https:\/\/www.cofb.org\/#\/schema\/logo\/image\/\",\"url\":\"https:\/\/www.cofb.org\/wp-content\/uploads\/2023\/11\/cropped-Logotip-COFB.png\",\"contentUrl\":\"https:\/\/www.cofb.org\/wp-content\/uploads\/2023\/11\/cropped-Logotip-COFB.png\",\"width\":500,\"height\":105,\"caption\":\"Col\u00b7legi de Farmac\u00e8utics de Barcelona\"},\"image\":{\"@id\":\"https:\/\/www.cofb.org\/#\/schema\/logo\/image\/\"},\"sameAs\":[\"https:\/\/www.facebook.com\/farmaceuticsbcn\/\",\"https:\/\/twitter.com\/farmaceuticsbcn\",\"https:\/\/www.instagram.com\/farmaceuticsbcn\/\",\"https:\/\/www.linkedin.com\/company\/farmaceuticsbcn\/\"]}]}<\/script>\n<!-- \/ Yoast SEO plugin. -->","yoast_head_json":{"title":"Vocal d'ind\u00fastria: Meritxell Cort\u00e9s L\u00f3pez - Col\u00b7legi de Farmac\u00e8utics de Barcelona","robots":{"index":"index","follow":"follow","max-snippet":"max-snippet:-1","max-image-preview":"max-image-preview:large","max-video-preview":"max-video-preview:-1"},"canonical":"https:\/\/www.cofb.org\/es\/qui-som\/com-sorganitza\/junta-de-govern\/vocal-dindustria-meritxell-cortes\/","og_locale":"es_ES","og_type":"article","og_title":"Vocal d'ind\u00fastria: Meritxell Cort\u00e9s L\u00f3pez - Col\u00b7legi de Farmac\u00e8utics de Barcelona","og_description":"ACTIVITAT INSTITUCIONAL FORMACI\u00d3 ACAD\u00c8MICA&nbsp; ACTIVITAT PROFESSIONAL Liderar i supervisar totes les activitats regulat\u00f2ries per a medicaments i medical devices en l&#8217;\u00e0mbit nacional i internacional (UE). Estrat\u00e8gia regulat\u00f2ria per al manteniment i desenvolupament de la cartera de productes. Avaluaci\u00f3 d&#8217;escenaris regulatoris per a possibles nous productes. Dissenyar l&#8217;estrat\u00e8gia de finan\u00e7ament (preu [&hellip;]","og_url":"https:\/\/www.cofb.org\/es\/qui-som\/com-sorganitza\/junta-de-govern\/vocal-dindustria-meritxell-cortes\/","og_site_name":"Col\u00b7legi de Farmac\u00e8utics de Barcelona","article_publisher":"https:\/\/www.facebook.com\/farmaceuticsbcn\/","article_modified_time":"2024-06-27T17:21:22+00:00","og_image":[{"url":"https:\/\/www.cofb.org\/wp-content\/uploads\/2024\/06\/17-Meritxell-Cortes.png"}],"twitter_card":"summary_large_image","twitter_site":"@farmaceuticsbcn","twitter_misc":{"Tiempo de lectura":"2 minutos"},"schema":{"@context":"https:\/\/schema.org","@graph":[{"@type":"WebPage","@id":"https:\/\/www.cofb.org\/qui-som\/com-sorganitza\/junta-de-govern\/vocal-dindustria-meritxell-cortes\/","url":"https:\/\/www.cofb.org\/qui-som\/com-sorganitza\/junta-de-govern\/vocal-dindustria-meritxell-cortes\/","name":"Vocal d'ind\u00fastria: Meritxell Cort\u00e9s L\u00f3pez - Col\u00b7legi de Farmac\u00e8utics de Barcelona","isPartOf":{"@id":"https:\/\/www.cofb.org\/#website"},"primaryImageOfPage":{"@id":"https:\/\/www.cofb.org\/qui-som\/com-sorganitza\/junta-de-govern\/vocal-dindustria-meritxell-cortes\/#primaryimage"},"image":{"@id":"https:\/\/www.cofb.org\/qui-som\/com-sorganitza\/junta-de-govern\/vocal-dindustria-meritxell-cortes\/#primaryimage"},"thumbnailUrl":"https:\/\/www.cofb.org\/wp-content\/uploads\/2024\/06\/17-Meritxell-Cortes.png","datePublished":"2023-07-05T11:58:41+00:00","dateModified":"2024-06-27T17:21:22+00:00","breadcrumb":{"@id":"https:\/\/www.cofb.org\/qui-som\/com-sorganitza\/junta-de-govern\/vocal-dindustria-meritxell-cortes\/#breadcrumb"},"inLanguage":"es","potentialAction":[{"@type":"ReadAction","target":["https:\/\/www.cofb.org\/qui-som\/com-sorganitza\/junta-de-govern\/vocal-dindustria-meritxell-cortes\/"]}]},{"@type":"ImageObject","inLanguage":"es","@id":"https:\/\/www.cofb.org\/qui-som\/com-sorganitza\/junta-de-govern\/vocal-dindustria-meritxell-cortes\/#primaryimage","url":"https:\/\/www.cofb.org\/wp-content\/uploads\/2024\/06\/17-Meritxell-Cortes.png","contentUrl":"https:\/\/www.cofb.org\/wp-content\/uploads\/2024\/06\/17-Meritxell-Cortes.png"},{"@type":"BreadcrumbList","@id":"https:\/\/www.cofb.org\/qui-som\/com-sorganitza\/junta-de-govern\/vocal-dindustria-meritxell-cortes\/#breadcrumb","itemListElement":[{"@type":"ListItem","position":1,"name":"Inici","item":"https:\/\/novaorg.cofb.net\/"},{"@type":"ListItem","position":2,"name":"Qui som?","item":"https:\/\/novaorg.cofb.net\/qui-som\/"},{"@type":"ListItem","position":3,"name":"Com s&#8217;organitza?","item":"https:\/\/novaorg.cofb.net\/qui-som\/com-sorganitza\/"},{"@type":"ListItem","position":4,"name":"Junta de Govern","item":"https:\/\/www.cofb.org\/qui-som\/com-sorganitza\/junta-de-govern\/"},{"@type":"ListItem","position":5,"name":"Vocal d&#8217;ind\u00fastria: Meritxell Cort\u00e9s L\u00f3pez"}]},{"@type":"WebSite","@id":"https:\/\/www.cofb.org\/#website","url":"https:\/\/www.cofb.org\/","name":"Col\u00b7legi de Farmac\u00e8utics de Barcelona","description":"","publisher":{"@id":"https:\/\/www.cofb.org\/#organization"},"potentialAction":[{"@type":"SearchAction","target":{"@type":"EntryPoint","urlTemplate":"https:\/\/www.cofb.org\/?s={search_term_string}"},"query-input":"required name=search_term_string"}],"inLanguage":"es"},{"@type":"Organization","@id":"https:\/\/www.cofb.org\/#organization","name":"Col\u00b7legi de Farmac\u00e8utics de Barcelona","url":"https:\/\/www.cofb.org\/","logo":{"@type":"ImageObject","inLanguage":"es","@id":"https:\/\/www.cofb.org\/#\/schema\/logo\/image\/","url":"https:\/\/www.cofb.org\/wp-content\/uploads\/2023\/11\/cropped-Logotip-COFB.png","contentUrl":"https:\/\/www.cofb.org\/wp-content\/uploads\/2023\/11\/cropped-Logotip-COFB.png","width":500,"height":105,"caption":"Col\u00b7legi de Farmac\u00e8utics de Barcelona"},"image":{"@id":"https:\/\/www.cofb.org\/#\/schema\/logo\/image\/"},"sameAs":["https:\/\/www.facebook.com\/farmaceuticsbcn\/","https:\/\/twitter.com\/farmaceuticsbcn","https:\/\/www.instagram.com\/farmaceuticsbcn\/","https:\/\/www.linkedin.com\/company\/farmaceuticsbcn\/"]}]}},"uagb_featured_image_src":{"full":false,"thumbnail":false,"medium":false,"medium_large":false,"large":false,"1536x1536":false,"2048x2048":false,"trp-custom-language-flag":false},"uagb_author_info":{"display_name":"wpAdminCofbOrg","author_link":"https:\/\/www.cofb.org\/es\/author\/wpadmincofborg\/"},"uagb_comment_info":0,"uagb_excerpt":"ACTIVITAT INSTITUCIONAL FORMACI\u00d3 ACAD\u00c8MICA&nbsp; ACTIVITAT PROFESSIONAL Liderar i supervisar totes les activitats regulat\u00f2ries per a medicaments i medical devices en l&#8217;\u00e0mbit nacional i internacional (UE). Estrat\u00e8gia regulat\u00f2ria per al manteniment i desenvolupament de la cartera de productes. Avaluaci\u00f3 d&#8217;escenaris regulatoris per a possibles nous productes. Dissenyar l&#8217;estrat\u00e8gia de finan\u00e7ament (preu [&hellip;]","_links":{"self":[{"href":"https:\/\/www.cofb.org\/es\/wp-json\/wp\/v2\/pages\/3602","targetHints":{"allow":["GET"]}}],"collection":[{"href":"https:\/\/www.cofb.org\/es\/wp-json\/wp\/v2\/pages"}],"about":[{"href":"https:\/\/www.cofb.org\/es\/wp-json\/wp\/v2\/types\/page"}],"author":[{"embeddable":true,"href":"https:\/\/www.cofb.org\/es\/wp-json\/wp\/v2\/users\/1"}],"replies":[{"embeddable":true,"href":"https:\/\/www.cofb.org\/es\/wp-json\/wp\/v2\/comments?post=3602"}],"version-history":[{"count":4,"href":"https:\/\/www.cofb.org\/es\/wp-json\/wp\/v2\/pages\/3602\/revisions"}],"predecessor-version":[{"id":78479,"href":"https:\/\/www.cofb.org\/es\/wp-json\/wp\/v2\/pages\/3602\/revisions\/78479"}],"up":[{"embeddable":true,"href":"https:\/\/www.cofb.org\/es\/wp-json\/wp\/v2\/pages\/2614"}],"wp:attachment":[{"href":"https:\/\/www.cofb.org\/es\/wp-json\/wp\/v2\/media?parent=3602"}],"curies":[{"name":"wp","href":"https:\/\/api.w.org\/{rel}","templated":true}]}}