{"id":3599,"date":"2023-07-05T11:47:29","date_gmt":"2023-07-05T11:47:29","guid":{"rendered":"https:\/\/novaorg.cofb.net\/?page_id=3599"},"modified":"2024-06-27T17:21:01","modified_gmt":"2024-06-27T17:21:01","slug":"vocal-dhospitals-david-conde","status":"publish","type":"page","link":"https:\/\/www.cofb.org\/es\/qui-som\/com-sorganitza\/junta-de-govern\/vocal-dhospitals-david-conde\/","title":{"rendered":"Vocal de hospitales: David Conde Est\u00e9vez"},"content":{"rendered":"<div class=\"wp-block-columns is-layout-flex wp-container-core-columns-is-layout-d7d455e7 wp-block-columns-is-layout-flex\" style=\"padding-top:0;padding-right:0;padding-bottom:0;padding-left:0\">\n<div class=\"wp-block-column is-layout-flow wp-block-column-is-layout-flow\" style=\"flex-basis:33.33%\">\n<div class=\"wp-block-uagb-image uagb-block-ba57dfc1 wp-block-uagb-image--layout-default wp-block-uagb-image--effect-static wp-block-uagb-image--align-none\"><figure class=\"wp-block-uagb-image__figure\"><img loading=\"lazy\" decoding=\"async\" srcset=\"https:\/\/www.cofb.org\/wp-content\/uploads\/2024\/06\/16-David-Conde.png ,https:\/\/www.cofb.org\/wp-content\/uploads\/2024\/06\/16-David-Conde.png 780w, https:\/\/www.cofb.org\/wp-content\/uploads\/2024\/06\/16-David-Conde.png 360w\" sizes=\"auto, (max-width: 480px) 150px\" src=\"https:\/\/www.cofb.org\/wp-content\/uploads\/2024\/06\/16-David-Conde.png\" alt=\"\" class=\"uag-image-78438\" width=\"683\" height=\"1024\" title=\"16 David Conde\" role=\"img\"\/><\/figure><\/div>\n<\/div>\n\n\n\n<div class=\"wp-block-column is-layout-flow wp-block-column-is-layout-flow\" style=\"flex-basis:66.66%\">\n<h4 class=\"wp-block-heading\">ACTIVIDAD INSTITUCIONAL&nbsp;<\/h4>\n\n\n\n<ul class=\"wp-block-list\">\n<li>Vocal de Hospitales de la Junta de Gobierno del Colegio de Farmac\u00e9uticos de Barcelona (2020 \u2013 actualidad)<\/li>\n\n\n\n<li>Miembro de la Sociedad Espa\u00f1ola de Farmacia Hospitalaria (SEFH) (2005 \u2013 actualidad)<\/li>\n\n\n\n<li>Miembro de la vocal\u00eda de hospitales del Colegio Oficial de Farmac\u00e9uticos de Barcelona (2005 \u2013 actualidad)<\/li>\n\n\n\n<li>Miembro de la GEDEFO y de la European Society of Oncology Pharmacy (ESOP)<\/li>\n\n\n\n<li>Vocal del Comit\u00e9 de \u00c9tica de la Investigaci\u00f3n con medicamentos (CEIM) del Parque de Salud Mar (2018 \u2013 2020)<\/li>\n<\/ul>\n\n\n\n<h4 class=\"wp-block-heading\">FORMACI\u00d3N ACAD\u00c9MICA&nbsp;<\/h4>\n\n\n\n<ul class=\"wp-block-list\">\n<li>Doctor por la facultad de Medicina de la Universidad Aut\u00f3noma de Barcelona (UAB)<\/li>\n\n\n\n<li>Board Pharmaceutical Specialty Oncology Pharmacy (American Pharmacists Association) (desde 2011 y recertificado 2018)<\/li>\n\n\n\n<li>M\u00e1ster \u201cAplicaci\u00f3n y Control de la Terap\u00e9utica Antimicrobiana Intrahospitalaria\u201d de la UAB (2009)<\/li>\n\n\n\n<li>M\u00e1ster de Inmunoterapia del C\u00e1ncer, Universidad Internacional Men\u00e9ndez Pelayo (UIMP) (2019)<\/li>\n\n\n\n<li>Formaci\u00f3n FIR en el Hospital del Mar (residencia 2005 \u2013 2009). Especialista de Farmacia Hospitalaria<\/li>\n\n\n\n<li>Certificado en Pharmacy Practice. School of Pharmacy University of London (2008)<\/li>\n\n\n\n<li>Licenciado en Bioqu\u00edmica por la Universidad de Barcelona (2005)<\/li>\n\n\n\n<li>Licenciado en Farmacia por la Universidad de Barcelona (2002)<\/li>\n<\/ul>\n\n\n\n<h4 class=\"wp-block-heading\">ACTIVIDAD PROFESIONAL<\/h4>\n\n\n\n<ul class=\"wp-block-list\">\n<li>Profesor asociado del Departamento de Farmacolog\u00eda y Toxicolog\u00eda en la facultad de Medicina de la UAB (2018 \u2013 actualidad)<\/li>\n\n\n\n<li>Tutor de residentes de farmacia hospitalaria del Hospital del Mar<\/li>\n\n\n\n<li>Farmac\u00e9utico adjunto del Hospital del Mar de Barcelona, responsable del \u00e1rea de oncolog\u00eda y hematolog\u00eda (2009 \u2013 actualidad)<\/li>\n<\/ul>\n\n\n\n<h4 class=\"wp-block-heading\">OTROS<\/h4>\n\n\n\n<ul class=\"wp-block-list\">\n<li>Publicaci\u00f3n de m\u00e1s de una treintena de art\u00edculos cient\u00edficos y algunos cap\u00edtulos de libros<\/li>\n\n\n\n<li>Involucrado en proyectos nacionales del grupo GEDEFO (grupo espa\u00f1ol de farmac\u00e9uticos de onco-hematolog\u00eda)<\/li>\n\n\n\n<li>Direcci\u00f3n de una tesis doctoral en el programa de doctorado del Departamento de Medicina de la UAB<\/li>\n\n\n\n<li>Miembro del grupo de investigaci\u00f3n del Programa de C\u00e1ncer del Instituto Hospital del Mar de Investigaciones M\u00e9dicas (IMIM)<\/li>\n\n\n\n<li>Participaci\u00f3n y organizaci\u00f3n de congresos, conferencias y actividades cient\u00edficas diversas<\/li>\n<\/ul>\n<\/div>\n<\/div>","protected":false},"excerpt":{"rendered":"<p>ACTIVIDAD INSTITUCIONAL FORMACI\u00d3N ACAD\u00c9MICA ACTIVIDAD PROFESIONAL OTROS<\/p>","protected":false},"author":1,"featured_media":0,"parent":2614,"menu_order":0,"comment_status":"closed","ping_status":"closed","template":"","meta":{"_uag_custom_page_level_css":"","site-sidebar-layout":"default","site-content-layout":"","ast-site-content-layout":"default","site-content-style":"default","site-sidebar-style":"default","ast-global-header-display":"","ast-banner-title-visibility":"","ast-main-header-display":"","ast-hfb-above-header-display":"","ast-hfb-below-header-display":"","ast-hfb-mobile-header-display":"","site-post-title":"","ast-breadcrumbs-content":"","ast-featured-img":"","footer-sml-layout":"","theme-transparent-header-meta":"","adv-header-id-meta":"","stick-header-meta":"","header-above-stick-meta":"","header-main-stick-meta":"","header-below-stick-meta":"","astra-migrate-meta-layouts":"set","ast-page-background-enabled":"default","ast-page-background-meta":{"desktop":{"background-color":"var(--ast-global-color-4)","background-image":"","background-repeat":"repeat","background-position":"center center","background-size":"auto","background-attachment":"scroll","background-type":"","background-media":"","overlay-type":"","overlay-color":"","overlay-opacity":"","overlay-gradient":""},"tablet":{"background-color":"","background-image":"","background-repeat":"repeat","background-position":"center center","background-size":"auto","background-attachment":"scroll","background-type":"","background-media":"","overlay-type":"","overlay-color":"","overlay-opacity":"","overlay-gradient":""},"mobile":{"background-color":"","background-image":"","background-repeat":"repeat","background-position":"center center","background-size":"auto","background-attachment":"scroll","background-type":"","background-media":"","overlay-type":"","overlay-color":"","overlay-opacity":"","overlay-gradient":""}},"ast-content-background-meta":{"desktop":{"background-color":"var(--ast-global-color-5)","background-image":"","background-repeat":"repeat","background-position":"center center","background-size":"auto","background-attachment":"scroll","background-type":"","background-media":"","overlay-type":"","overlay-color":"","overlay-opacity":"","overlay-gradient":""},"tablet":{"background-color":"var(--ast-global-color-5)","background-image":"","background-repeat":"repeat","background-position":"center center","background-size":"auto","background-attachment":"scroll","background-type":"","background-media":"","overlay-type":"","overlay-color":"","overlay-opacity":"","overlay-gradient":""},"mobile":{"background-color":"var(--ast-global-color-5)","background-image":"","background-repeat":"repeat","background-position":"center center","background-size":"auto","background-attachment":"scroll","background-type":"","background-media":"","overlay-type":"","overlay-color":"","overlay-opacity":"","overlay-gradient":""}},"footnotes":""},"class_list":["post-3599","page","type-page","status-publish","hentry"],"yoast_head":"<!-- This site is optimized with the Yoast SEO plugin v22.4 - https:\/\/yoast.com\/wordpress\/plugins\/seo\/ -->\n<title>Vocal d&#039;hospitals: David Conde Est\u00e9vez - Col\u00b7legi de Farmac\u00e8utics de Barcelona<\/title>\n<meta name=\"robots\" content=\"index, follow, max-snippet:-1, max-image-preview:large, max-video-preview:-1\" \/>\n<link rel=\"canonical\" href=\"https:\/\/www.cofb.org\/es\/qui-som\/com-sorganitza\/junta-de-govern\/vocal-dhospitals-david-conde\/\" \/>\n<meta property=\"og:locale\" content=\"es_ES\" \/>\n<meta property=\"og:type\" content=\"article\" \/>\n<meta property=\"og:title\" content=\"Vocal d&#039;hospitals: David Conde Est\u00e9vez - Col\u00b7legi de Farmac\u00e8utics de Barcelona\" \/>\n<meta property=\"og:description\" content=\"ACTIVITAT INSTITUCIONAL&nbsp; FORMACI\u00d3 ACAD\u00c8MICA&nbsp; ACTIVITAT PROFESSIONAL ALTRES\" \/>\n<meta property=\"og:url\" content=\"https:\/\/www.cofb.org\/es\/qui-som\/com-sorganitza\/junta-de-govern\/vocal-dhospitals-david-conde\/\" \/>\n<meta property=\"og:site_name\" content=\"Col\u00b7legi de Farmac\u00e8utics de Barcelona\" \/>\n<meta property=\"article:publisher\" content=\"https:\/\/www.facebook.com\/farmaceuticsbcn\/\" \/>\n<meta property=\"article:modified_time\" content=\"2024-06-27T17:21:01+00:00\" \/>\n<meta property=\"og:image\" content=\"https:\/\/www.cofb.org\/wp-content\/uploads\/2024\/06\/16-David-Conde.png\" \/>\n<meta name=\"twitter:card\" content=\"summary_large_image\" \/>\n<meta name=\"twitter:site\" content=\"@farmaceuticsbcn\" \/>\n<meta name=\"twitter:label1\" content=\"Tiempo de lectura\" \/>\n\t<meta name=\"twitter:data1\" content=\"2 minutos\" \/>\n<script type=\"application\/ld+json\" class=\"yoast-schema-graph\">{\"@context\":\"https:\/\/schema.org\",\"@graph\":[{\"@type\":\"WebPage\",\"@id\":\"https:\/\/www.cofb.org\/qui-som\/com-sorganitza\/junta-de-govern\/vocal-dhospitals-david-conde\/\",\"url\":\"https:\/\/www.cofb.org\/qui-som\/com-sorganitza\/junta-de-govern\/vocal-dhospitals-david-conde\/\",\"name\":\"Vocal d'hospitals: David Conde Est\u00e9vez - Col\u00b7legi de Farmac\u00e8utics de Barcelona\",\"isPartOf\":{\"@id\":\"https:\/\/www.cofb.org\/#website\"},\"primaryImageOfPage\":{\"@id\":\"https:\/\/www.cofb.org\/qui-som\/com-sorganitza\/junta-de-govern\/vocal-dhospitals-david-conde\/#primaryimage\"},\"image\":{\"@id\":\"https:\/\/www.cofb.org\/qui-som\/com-sorganitza\/junta-de-govern\/vocal-dhospitals-david-conde\/#primaryimage\"},\"thumbnailUrl\":\"https:\/\/www.cofb.org\/wp-content\/uploads\/2024\/06\/16-David-Conde.png\",\"datePublished\":\"2023-07-05T11:47:29+00:00\",\"dateModified\":\"2024-06-27T17:21:01+00:00\",\"breadcrumb\":{\"@id\":\"https:\/\/www.cofb.org\/qui-som\/com-sorganitza\/junta-de-govern\/vocal-dhospitals-david-conde\/#breadcrumb\"},\"inLanguage\":\"es\",\"potentialAction\":[{\"@type\":\"ReadAction\",\"target\":[\"https:\/\/www.cofb.org\/qui-som\/com-sorganitza\/junta-de-govern\/vocal-dhospitals-david-conde\/\"]}]},{\"@type\":\"ImageObject\",\"inLanguage\":\"es\",\"@id\":\"https:\/\/www.cofb.org\/qui-som\/com-sorganitza\/junta-de-govern\/vocal-dhospitals-david-conde\/#primaryimage\",\"url\":\"https:\/\/www.cofb.org\/wp-content\/uploads\/2024\/06\/16-David-Conde.png\",\"contentUrl\":\"https:\/\/www.cofb.org\/wp-content\/uploads\/2024\/06\/16-David-Conde.png\"},{\"@type\":\"BreadcrumbList\",\"@id\":\"https:\/\/www.cofb.org\/qui-som\/com-sorganitza\/junta-de-govern\/vocal-dhospitals-david-conde\/#breadcrumb\",\"itemListElement\":[{\"@type\":\"ListItem\",\"position\":1,\"name\":\"Inici\",\"item\":\"https:\/\/novaorg.cofb.net\/\"},{\"@type\":\"ListItem\",\"position\":2,\"name\":\"Qui som?\",\"item\":\"https:\/\/novaorg.cofb.net\/qui-som\/\"},{\"@type\":\"ListItem\",\"position\":3,\"name\":\"Com s&#8217;organitza?\",\"item\":\"https:\/\/novaorg.cofb.net\/qui-som\/com-sorganitza\/\"},{\"@type\":\"ListItem\",\"position\":4,\"name\":\"Junta de Govern\",\"item\":\"https:\/\/www.cofb.org\/qui-som\/com-sorganitza\/junta-de-govern\/\"},{\"@type\":\"ListItem\",\"position\":5,\"name\":\"Vocal d&#8217;hospitals: David Conde Est\u00e9vez\"}]},{\"@type\":\"WebSite\",\"@id\":\"https:\/\/www.cofb.org\/#website\",\"url\":\"https:\/\/www.cofb.org\/\",\"name\":\"Col\u00b7legi de Farmac\u00e8utics de Barcelona\",\"description\":\"\",\"publisher\":{\"@id\":\"https:\/\/www.cofb.org\/#organization\"},\"potentialAction\":[{\"@type\":\"SearchAction\",\"target\":{\"@type\":\"EntryPoint\",\"urlTemplate\":\"https:\/\/www.cofb.org\/?s={search_term_string}\"},\"query-input\":\"required name=search_term_string\"}],\"inLanguage\":\"es\"},{\"@type\":\"Organization\",\"@id\":\"https:\/\/www.cofb.org\/#organization\",\"name\":\"Col\u00b7legi de Farmac\u00e8utics de Barcelona\",\"url\":\"https:\/\/www.cofb.org\/\",\"logo\":{\"@type\":\"ImageObject\",\"inLanguage\":\"es\",\"@id\":\"https:\/\/www.cofb.org\/#\/schema\/logo\/image\/\",\"url\":\"https:\/\/www.cofb.org\/wp-content\/uploads\/2023\/11\/cropped-Logotip-COFB.png\",\"contentUrl\":\"https:\/\/www.cofb.org\/wp-content\/uploads\/2023\/11\/cropped-Logotip-COFB.png\",\"width\":500,\"height\":105,\"caption\":\"Col\u00b7legi de Farmac\u00e8utics de Barcelona\"},\"image\":{\"@id\":\"https:\/\/www.cofb.org\/#\/schema\/logo\/image\/\"},\"sameAs\":[\"https:\/\/www.facebook.com\/farmaceuticsbcn\/\",\"https:\/\/twitter.com\/farmaceuticsbcn\",\"https:\/\/www.instagram.com\/farmaceuticsbcn\/\",\"https:\/\/www.linkedin.com\/company\/farmaceuticsbcn\/\"]}]}<\/script>\n<!-- \/ Yoast SEO plugin. -->","yoast_head_json":{"title":"Vocal d'hospitals: David Conde Est\u00e9vez - Col\u00b7legi de Farmac\u00e8utics de Barcelona","robots":{"index":"index","follow":"follow","max-snippet":"max-snippet:-1","max-image-preview":"max-image-preview:large","max-video-preview":"max-video-preview:-1"},"canonical":"https:\/\/www.cofb.org\/es\/qui-som\/com-sorganitza\/junta-de-govern\/vocal-dhospitals-david-conde\/","og_locale":"es_ES","og_type":"article","og_title":"Vocal d'hospitals: David Conde Est\u00e9vez - Col\u00b7legi de Farmac\u00e8utics de Barcelona","og_description":"ACTIVITAT INSTITUCIONAL&nbsp; FORMACI\u00d3 ACAD\u00c8MICA&nbsp; ACTIVITAT PROFESSIONAL ALTRES","og_url":"https:\/\/www.cofb.org\/es\/qui-som\/com-sorganitza\/junta-de-govern\/vocal-dhospitals-david-conde\/","og_site_name":"Col\u00b7legi de Farmac\u00e8utics de Barcelona","article_publisher":"https:\/\/www.facebook.com\/farmaceuticsbcn\/","article_modified_time":"2024-06-27T17:21:01+00:00","og_image":[{"url":"https:\/\/www.cofb.org\/wp-content\/uploads\/2024\/06\/16-David-Conde.png"}],"twitter_card":"summary_large_image","twitter_site":"@farmaceuticsbcn","twitter_misc":{"Tiempo de lectura":"2 minutos"},"schema":{"@context":"https:\/\/schema.org","@graph":[{"@type":"WebPage","@id":"https:\/\/www.cofb.org\/qui-som\/com-sorganitza\/junta-de-govern\/vocal-dhospitals-david-conde\/","url":"https:\/\/www.cofb.org\/qui-som\/com-sorganitza\/junta-de-govern\/vocal-dhospitals-david-conde\/","name":"Vocal d'hospitals: David Conde Est\u00e9vez - Col\u00b7legi de Farmac\u00e8utics de Barcelona","isPartOf":{"@id":"https:\/\/www.cofb.org\/#website"},"primaryImageOfPage":{"@id":"https:\/\/www.cofb.org\/qui-som\/com-sorganitza\/junta-de-govern\/vocal-dhospitals-david-conde\/#primaryimage"},"image":{"@id":"https:\/\/www.cofb.org\/qui-som\/com-sorganitza\/junta-de-govern\/vocal-dhospitals-david-conde\/#primaryimage"},"thumbnailUrl":"https:\/\/www.cofb.org\/wp-content\/uploads\/2024\/06\/16-David-Conde.png","datePublished":"2023-07-05T11:47:29+00:00","dateModified":"2024-06-27T17:21:01+00:00","breadcrumb":{"@id":"https:\/\/www.cofb.org\/qui-som\/com-sorganitza\/junta-de-govern\/vocal-dhospitals-david-conde\/#breadcrumb"},"inLanguage":"es","potentialAction":[{"@type":"ReadAction","target":["https:\/\/www.cofb.org\/qui-som\/com-sorganitza\/junta-de-govern\/vocal-dhospitals-david-conde\/"]}]},{"@type":"ImageObject","inLanguage":"es","@id":"https:\/\/www.cofb.org\/qui-som\/com-sorganitza\/junta-de-govern\/vocal-dhospitals-david-conde\/#primaryimage","url":"https:\/\/www.cofb.org\/wp-content\/uploads\/2024\/06\/16-David-Conde.png","contentUrl":"https:\/\/www.cofb.org\/wp-content\/uploads\/2024\/06\/16-David-Conde.png"},{"@type":"BreadcrumbList","@id":"https:\/\/www.cofb.org\/qui-som\/com-sorganitza\/junta-de-govern\/vocal-dhospitals-david-conde\/#breadcrumb","itemListElement":[{"@type":"ListItem","position":1,"name":"Inici","item":"https:\/\/novaorg.cofb.net\/"},{"@type":"ListItem","position":2,"name":"Qui som?","item":"https:\/\/novaorg.cofb.net\/qui-som\/"},{"@type":"ListItem","position":3,"name":"Com s&#8217;organitza?","item":"https:\/\/novaorg.cofb.net\/qui-som\/com-sorganitza\/"},{"@type":"ListItem","position":4,"name":"Junta de Govern","item":"https:\/\/www.cofb.org\/qui-som\/com-sorganitza\/junta-de-govern\/"},{"@type":"ListItem","position":5,"name":"Vocal d&#8217;hospitals: David Conde Est\u00e9vez"}]},{"@type":"WebSite","@id":"https:\/\/www.cofb.org\/#website","url":"https:\/\/www.cofb.org\/","name":"Col\u00b7legi de Farmac\u00e8utics de Barcelona","description":"","publisher":{"@id":"https:\/\/www.cofb.org\/#organization"},"potentialAction":[{"@type":"SearchAction","target":{"@type":"EntryPoint","urlTemplate":"https:\/\/www.cofb.org\/?s={search_term_string}"},"query-input":"required name=search_term_string"}],"inLanguage":"es"},{"@type":"Organization","@id":"https:\/\/www.cofb.org\/#organization","name":"Col\u00b7legi de Farmac\u00e8utics de Barcelona","url":"https:\/\/www.cofb.org\/","logo":{"@type":"ImageObject","inLanguage":"es","@id":"https:\/\/www.cofb.org\/#\/schema\/logo\/image\/","url":"https:\/\/www.cofb.org\/wp-content\/uploads\/2023\/11\/cropped-Logotip-COFB.png","contentUrl":"https:\/\/www.cofb.org\/wp-content\/uploads\/2023\/11\/cropped-Logotip-COFB.png","width":500,"height":105,"caption":"Col\u00b7legi de Farmac\u00e8utics de Barcelona"},"image":{"@id":"https:\/\/www.cofb.org\/#\/schema\/logo\/image\/"},"sameAs":["https:\/\/www.facebook.com\/farmaceuticsbcn\/","https:\/\/twitter.com\/farmaceuticsbcn","https:\/\/www.instagram.com\/farmaceuticsbcn\/","https:\/\/www.linkedin.com\/company\/farmaceuticsbcn\/"]}]}},"uagb_featured_image_src":{"full":false,"thumbnail":false,"medium":false,"medium_large":false,"large":false,"1536x1536":false,"2048x2048":false,"trp-custom-language-flag":false},"uagb_author_info":{"display_name":"wpAdminCofbOrg","author_link":"https:\/\/www.cofb.org\/es\/author\/wpadmincofborg\/"},"uagb_comment_info":0,"uagb_excerpt":"ACTIVITAT INSTITUCIONAL&nbsp; FORMACI\u00d3 ACAD\u00c8MICA&nbsp; ACTIVITAT PROFESSIONAL ALTRES","_links":{"self":[{"href":"https:\/\/www.cofb.org\/es\/wp-json\/wp\/v2\/pages\/3599","targetHints":{"allow":["GET"]}}],"collection":[{"href":"https:\/\/www.cofb.org\/es\/wp-json\/wp\/v2\/pages"}],"about":[{"href":"https:\/\/www.cofb.org\/es\/wp-json\/wp\/v2\/types\/page"}],"author":[{"embeddable":true,"href":"https:\/\/www.cofb.org\/es\/wp-json\/wp\/v2\/users\/1"}],"replies":[{"embeddable":true,"href":"https:\/\/www.cofb.org\/es\/wp-json\/wp\/v2\/comments?post=3599"}],"version-history":[{"count":5,"href":"https:\/\/www.cofb.org\/es\/wp-json\/wp\/v2\/pages\/3599\/revisions"}],"predecessor-version":[{"id":78478,"href":"https:\/\/www.cofb.org\/es\/wp-json\/wp\/v2\/pages\/3599\/revisions\/78478"}],"up":[{"embeddable":true,"href":"https:\/\/www.cofb.org\/es\/wp-json\/wp\/v2\/pages\/2614"}],"wp:attachment":[{"href":"https:\/\/www.cofb.org\/es\/wp-json\/wp\/v2\/media?parent=3599"}],"curies":[{"name":"wp","href":"https:\/\/api.w.org\/{rel}","templated":true}]}}