{"id":3595,"date":"2023-07-05T11:44:31","date_gmt":"2023-07-05T11:44:31","guid":{"rendered":"https:\/\/novaorg.cofb.net\/?page_id=3595"},"modified":"2024-06-27T17:20:04","modified_gmt":"2024-06-27T17:20:04","slug":"vocal-de-dermofarmacia-i-productes-sanitaris-marta-alcalde-matarranz","status":"publish","type":"page","link":"https:\/\/www.cofb.org\/es\/qui-som\/com-sorganitza\/junta-de-govern\/vocal-de-dermofarmacia-i-productes-sanitaris-marta-alcalde-matarranz\/","title":{"rendered":"Vocal de Dermofarmacia y Productos Sanitarios: Marta Alcalde Matarranz"},"content":{"rendered":"<div class=\"wp-block-columns is-layout-flex wp-container-core-columns-is-layout-d7d455e7 wp-block-columns-is-layout-flex\" style=\"padding-top:0;padding-right:0;padding-bottom:0;padding-left:0\">\n<div class=\"wp-block-column is-layout-flow wp-block-column-is-layout-flow\" style=\"flex-basis:33.33%\">\n<div class=\"wp-block-uagb-image uagb-block-e58bcaac wp-block-uagb-image--layout-default wp-block-uagb-image--effect-static wp-block-uagb-image--align-none\"><figure class=\"wp-block-uagb-image__figure\"><img loading=\"lazy\" decoding=\"async\" srcset=\"https:\/\/www.cofb.org\/wp-content\/uploads\/2024\/06\/14-Marta-Alcalde.png ,https:\/\/www.cofb.org\/wp-content\/uploads\/2024\/06\/14-Marta-Alcalde.png 780w, https:\/\/www.cofb.org\/wp-content\/uploads\/2024\/06\/14-Marta-Alcalde.png 360w\" sizes=\"auto, (max-width: 480px) 150px\" src=\"https:\/\/www.cofb.org\/wp-content\/uploads\/2024\/06\/14-Marta-Alcalde.png\" alt=\"\" class=\"uag-image-78436\" width=\"683\" height=\"1024\" title=\"14 Marta Alcalde\" role=\"img\"\/><\/figure><\/div>\n<\/div>\n\n\n\n<div class=\"wp-block-column is-layout-flow wp-block-column-is-layout-flow\" style=\"flex-basis:66.66%\">\n<h4 class=\"wp-block-heading\">ACTIVIDAD INSTITUCIONAL&nbsp;<\/h4>\n\n\n\n<ul class=\"wp-block-list\">\n<li>Vocal de Dermofarmacia y Productos Sanitarios del Colegio de Farmac\u00e9uticos de Barcelona (2016\u2014actualidad)<\/li>\n<\/ul>\n\n\n\n<h4 class=\"wp-block-heading\">ACTIVIDAD PROFESIONAL&nbsp;<\/h4>\n\n\n\n<ul class=\"wp-block-list\">\n<li>Farmacia Jordi Su\u00f1er Lefort. Cargo de farmac\u00e9utica adjunta. Realizaci\u00f3n de trabajos de dispensaci\u00f3n, atenci\u00f3n farmac\u00e9utica y gesti\u00f3n de compras en laboratorios. Especialista en Dermocosm\u00e9tica y Nutrici\u00f3n. Responsable de la realizaci\u00f3n del servicio de SPD en la farmacia (2014\u2014actualidad)<\/li>\n\n\n\n<li>Farmacia Bellmunt. Cargo de farmac\u00e9utica sustituta. Realizaci\u00f3n de trabajos de dispensaci\u00f3n, compras en laboratorios, facturaci\u00f3n y atenci\u00f3n farmac\u00e9utica. Especialista en Dermocosm\u00e9tica, Diet\u00e9tica y Fitoterapia. Responsable del control de tres dep\u00f3sitos de medicamentos (2006-2014)<\/li>\n\n\n\n<li>Directora T\u00e9cnica en la empresa Genox Farma SL Encargada del control de calidad de sustancias qu\u00edmicas y diet\u00e9ticas. Responsable del sistema de calidad de la empresa y asesoramiento t\u00e9cnico a los clientes (2004-2005)<\/li>\n\n\n\n<li>Farmacia Ferrer-Gironella. Cargo de farmac\u00e9utica sustituta. Realizaci\u00f3n de trabajos de dispensaci\u00f3n, facturaci\u00f3n, atenci\u00f3n farmac\u00e9utica y formulaci\u00f3n magistral. Responsable del programa de mantenimiento con metadona. Colaboraci\u00f3n con el farmac\u00e9utico titular en la implantaci\u00f3n de un sistema de calidad en el laboratorio de formulaci\u00f3n magistral. (2001-2004)<\/li>\n\n\n\n<li>Estancia en la empresa Tecil SA durante la implantaci\u00f3n del Sistema de Gesti\u00f3n de Calidad siguiendo el ISO 9001: 00 (2005)<\/li>\n<\/ul>\n\n\n\n<h4 class=\"wp-block-heading\">FORMACI\u00d3N ACAD\u00c9MICA&nbsp;<\/h4>\n\n\n\n<ul class=\"wp-block-list\">\n<li>Licenciada en Ciencia y Tecnolog\u00eda de los Alimentos en la Facultad de Farmacia de la Universidad de Barcelona (2004)<\/li>\n\n\n\n<li>Licenciada en Farmacia por la Facultad de Farmacia de la Universidad de Barcelona. Realizaci\u00f3n de un Trabajo Pr\u00e1ctico anual en el Departamento de Fisiolog\u00eda Humana. Pr\u00e1cticas tuteladas realizadas en la Farmacia Ferrer-Gironella (2001)<\/li>\n<\/ul>\n<\/div>\n<\/div>","protected":false},"excerpt":{"rendered":"<p>ACTIVIDAD INSTITUCIONAL ACTIVIDAD PROFESIONAL FORMACI\u00d3N ACAD\u00c9MICA&nbsp;<\/p>","protected":false},"author":1,"featured_media":0,"parent":2614,"menu_order":0,"comment_status":"closed","ping_status":"closed","template":"","meta":{"_uag_custom_page_level_css":"","site-sidebar-layout":"default","site-content-layout":"","ast-site-content-layout":"default","site-content-style":"default","site-sidebar-style":"default","ast-global-header-display":"","ast-banner-title-visibility":"","ast-main-header-display":"","ast-hfb-above-header-display":"","ast-hfb-below-header-display":"","ast-hfb-mobile-header-display":"","site-post-title":"","ast-breadcrumbs-content":"","ast-featured-img":"","footer-sml-layout":"","theme-transparent-header-meta":"","adv-header-id-meta":"","stick-header-meta":"","header-above-stick-meta":"","header-main-stick-meta":"","header-below-stick-meta":"","astra-migrate-meta-layouts":"set","ast-page-background-enabled":"default","ast-page-background-meta":{"desktop":{"background-color":"var(--ast-global-color-4)","background-image":"","background-repeat":"repeat","background-position":"center center","background-size":"auto","background-attachment":"scroll","background-type":"","background-media":"","overlay-type":"","overlay-color":"","overlay-opacity":"","overlay-gradient":""},"tablet":{"background-color":"","background-image":"","background-repeat":"repeat","background-position":"center center","background-size":"auto","background-attachment":"scroll","background-type":"","background-media":"","overlay-type":"","overlay-color":"","overlay-opacity":"","overlay-gradient":""},"mobile":{"background-color":"","background-image":"","background-repeat":"repeat","background-position":"center center","background-size":"auto","background-attachment":"scroll","background-type":"","background-media":"","overlay-type":"","overlay-color":"","overlay-opacity":"","overlay-gradient":""}},"ast-content-background-meta":{"desktop":{"background-color":"var(--ast-global-color-5)","background-image":"","background-repeat":"repeat","background-position":"center center","background-size":"auto","background-attachment":"scroll","background-type":"","background-media":"","overlay-type":"","overlay-color":"","overlay-opacity":"","overlay-gradient":""},"tablet":{"background-color":"var(--ast-global-color-5)","background-image":"","background-repeat":"repeat","background-position":"center center","background-size":"auto","background-attachment":"scroll","background-type":"","background-media":"","overlay-type":"","overlay-color":"","overlay-opacity":"","overlay-gradient":""},"mobile":{"background-color":"var(--ast-global-color-5)","background-image":"","background-repeat":"repeat","background-position":"center center","background-size":"auto","background-attachment":"scroll","background-type":"","background-media":"","overlay-type":"","overlay-color":"","overlay-opacity":"","overlay-gradient":""}},"footnotes":""},"class_list":["post-3595","page","type-page","status-publish","hentry"],"yoast_head":"<!-- This site is optimized with the Yoast SEO plugin v22.4 - https:\/\/yoast.com\/wordpress\/plugins\/seo\/ -->\n<title>Vocal de Dermofarm\u00e0cia i Productes Sanitaris: Marta Alcalde Matarranz - Col\u00b7legi de Farmac\u00e8utics de Barcelona<\/title>\n<meta name=\"robots\" content=\"index, follow, max-snippet:-1, max-image-preview:large, max-video-preview:-1\" \/>\n<link rel=\"canonical\" href=\"https:\/\/www.cofb.org\/es\/qui-som\/com-sorganitza\/junta-de-govern\/vocal-de-dermofarmacia-i-productes-sanitaris-marta-alcalde-matarranz\/\" \/>\n<meta property=\"og:locale\" content=\"es_ES\" \/>\n<meta property=\"og:type\" content=\"article\" \/>\n<meta property=\"og:title\" content=\"Vocal de Dermofarm\u00e0cia i Productes Sanitaris: Marta Alcalde Matarranz - Col\u00b7legi de Farmac\u00e8utics de Barcelona\" \/>\n<meta property=\"og:description\" content=\"ACTIVITAT INSTITUCIONAL&nbsp; ACTIVITAT PROFESSIONAL&nbsp; FORMACI\u00d3 ACAD\u00c8MICA&nbsp;\" \/>\n<meta property=\"og:url\" content=\"https:\/\/www.cofb.org\/es\/qui-som\/com-sorganitza\/junta-de-govern\/vocal-de-dermofarmacia-i-productes-sanitaris-marta-alcalde-matarranz\/\" \/>\n<meta property=\"og:site_name\" content=\"Col\u00b7legi de Farmac\u00e8utics de Barcelona\" \/>\n<meta property=\"article:publisher\" content=\"https:\/\/www.facebook.com\/farmaceuticsbcn\/\" \/>\n<meta property=\"article:modified_time\" content=\"2024-06-27T17:20:04+00:00\" \/>\n<meta property=\"og:image\" content=\"https:\/\/www.cofb.org\/wp-content\/uploads\/2024\/06\/14-Marta-Alcalde.png\" \/>\n<meta name=\"twitter:card\" content=\"summary_large_image\" \/>\n<meta name=\"twitter:site\" content=\"@farmaceuticsbcn\" \/>\n<meta name=\"twitter:label1\" content=\"Tiempo de lectura\" \/>\n\t<meta name=\"twitter:data1\" content=\"2 minutos\" \/>\n<script type=\"application\/ld+json\" class=\"yoast-schema-graph\">{\"@context\":\"https:\/\/schema.org\",\"@graph\":[{\"@type\":\"WebPage\",\"@id\":\"https:\/\/www.cofb.org\/qui-som\/com-sorganitza\/junta-de-govern\/vocal-de-dermofarmacia-i-productes-sanitaris-marta-alcalde-matarranz\/\",\"url\":\"https:\/\/www.cofb.org\/qui-som\/com-sorganitza\/junta-de-govern\/vocal-de-dermofarmacia-i-productes-sanitaris-marta-alcalde-matarranz\/\",\"name\":\"Vocal de Dermofarm\u00e0cia i Productes Sanitaris: Marta Alcalde Matarranz - Col\u00b7legi de Farmac\u00e8utics de Barcelona\",\"isPartOf\":{\"@id\":\"https:\/\/www.cofb.org\/#website\"},\"primaryImageOfPage\":{\"@id\":\"https:\/\/www.cofb.org\/qui-som\/com-sorganitza\/junta-de-govern\/vocal-de-dermofarmacia-i-productes-sanitaris-marta-alcalde-matarranz\/#primaryimage\"},\"image\":{\"@id\":\"https:\/\/www.cofb.org\/qui-som\/com-sorganitza\/junta-de-govern\/vocal-de-dermofarmacia-i-productes-sanitaris-marta-alcalde-matarranz\/#primaryimage\"},\"thumbnailUrl\":\"https:\/\/www.cofb.org\/wp-content\/uploads\/2024\/06\/14-Marta-Alcalde.png\",\"datePublished\":\"2023-07-05T11:44:31+00:00\",\"dateModified\":\"2024-06-27T17:20:04+00:00\",\"breadcrumb\":{\"@id\":\"https:\/\/www.cofb.org\/qui-som\/com-sorganitza\/junta-de-govern\/vocal-de-dermofarmacia-i-productes-sanitaris-marta-alcalde-matarranz\/#breadcrumb\"},\"inLanguage\":\"es\",\"potentialAction\":[{\"@type\":\"ReadAction\",\"target\":[\"https:\/\/www.cofb.org\/qui-som\/com-sorganitza\/junta-de-govern\/vocal-de-dermofarmacia-i-productes-sanitaris-marta-alcalde-matarranz\/\"]}]},{\"@type\":\"ImageObject\",\"inLanguage\":\"es\",\"@id\":\"https:\/\/www.cofb.org\/qui-som\/com-sorganitza\/junta-de-govern\/vocal-de-dermofarmacia-i-productes-sanitaris-marta-alcalde-matarranz\/#primaryimage\",\"url\":\"https:\/\/www.cofb.org\/wp-content\/uploads\/2024\/06\/14-Marta-Alcalde.png\",\"contentUrl\":\"https:\/\/www.cofb.org\/wp-content\/uploads\/2024\/06\/14-Marta-Alcalde.png\"},{\"@type\":\"BreadcrumbList\",\"@id\":\"https:\/\/www.cofb.org\/qui-som\/com-sorganitza\/junta-de-govern\/vocal-de-dermofarmacia-i-productes-sanitaris-marta-alcalde-matarranz\/#breadcrumb\",\"itemListElement\":[{\"@type\":\"ListItem\",\"position\":1,\"name\":\"Inici\",\"item\":\"https:\/\/novaorg.cofb.net\/\"},{\"@type\":\"ListItem\",\"position\":2,\"name\":\"Qui som?\",\"item\":\"https:\/\/novaorg.cofb.net\/qui-som\/\"},{\"@type\":\"ListItem\",\"position\":3,\"name\":\"Com s&#8217;organitza?\",\"item\":\"https:\/\/novaorg.cofb.net\/qui-som\/com-sorganitza\/\"},{\"@type\":\"ListItem\",\"position\":4,\"name\":\"Junta de Govern\",\"item\":\"https:\/\/www.cofb.org\/qui-som\/com-sorganitza\/junta-de-govern\/\"},{\"@type\":\"ListItem\",\"position\":5,\"name\":\"Vocal de Dermofarm\u00e0cia i Productes Sanitaris: Marta Alcalde Matarranz\"}]},{\"@type\":\"WebSite\",\"@id\":\"https:\/\/www.cofb.org\/#website\",\"url\":\"https:\/\/www.cofb.org\/\",\"name\":\"Col\u00b7legi de Farmac\u00e8utics de Barcelona\",\"description\":\"\",\"publisher\":{\"@id\":\"https:\/\/www.cofb.org\/#organization\"},\"potentialAction\":[{\"@type\":\"SearchAction\",\"target\":{\"@type\":\"EntryPoint\",\"urlTemplate\":\"https:\/\/www.cofb.org\/?s={search_term_string}\"},\"query-input\":\"required name=search_term_string\"}],\"inLanguage\":\"es\"},{\"@type\":\"Organization\",\"@id\":\"https:\/\/www.cofb.org\/#organization\",\"name\":\"Col\u00b7legi de Farmac\u00e8utics de Barcelona\",\"url\":\"https:\/\/www.cofb.org\/\",\"logo\":{\"@type\":\"ImageObject\",\"inLanguage\":\"es\",\"@id\":\"https:\/\/www.cofb.org\/#\/schema\/logo\/image\/\",\"url\":\"https:\/\/www.cofb.org\/wp-content\/uploads\/2023\/11\/cropped-Logotip-COFB.png\",\"contentUrl\":\"https:\/\/www.cofb.org\/wp-content\/uploads\/2023\/11\/cropped-Logotip-COFB.png\",\"width\":500,\"height\":105,\"caption\":\"Col\u00b7legi de Farmac\u00e8utics de Barcelona\"},\"image\":{\"@id\":\"https:\/\/www.cofb.org\/#\/schema\/logo\/image\/\"},\"sameAs\":[\"https:\/\/www.facebook.com\/farmaceuticsbcn\/\",\"https:\/\/twitter.com\/farmaceuticsbcn\",\"https:\/\/www.instagram.com\/farmaceuticsbcn\/\",\"https:\/\/www.linkedin.com\/company\/farmaceuticsbcn\/\"]}]}<\/script>\n<!-- \/ Yoast SEO plugin. -->","yoast_head_json":{"title":"Vocal de Dermofarm\u00e0cia i Productes Sanitaris: Marta Alcalde Matarranz - Col\u00b7legi de Farmac\u00e8utics de Barcelona","robots":{"index":"index","follow":"follow","max-snippet":"max-snippet:-1","max-image-preview":"max-image-preview:large","max-video-preview":"max-video-preview:-1"},"canonical":"https:\/\/www.cofb.org\/es\/qui-som\/com-sorganitza\/junta-de-govern\/vocal-de-dermofarmacia-i-productes-sanitaris-marta-alcalde-matarranz\/","og_locale":"es_ES","og_type":"article","og_title":"Vocal de Dermofarm\u00e0cia i Productes Sanitaris: Marta Alcalde Matarranz - Col\u00b7legi de Farmac\u00e8utics de Barcelona","og_description":"ACTIVITAT INSTITUCIONAL&nbsp; ACTIVITAT PROFESSIONAL&nbsp; FORMACI\u00d3 ACAD\u00c8MICA&nbsp;","og_url":"https:\/\/www.cofb.org\/es\/qui-som\/com-sorganitza\/junta-de-govern\/vocal-de-dermofarmacia-i-productes-sanitaris-marta-alcalde-matarranz\/","og_site_name":"Col\u00b7legi de Farmac\u00e8utics de Barcelona","article_publisher":"https:\/\/www.facebook.com\/farmaceuticsbcn\/","article_modified_time":"2024-06-27T17:20:04+00:00","og_image":[{"url":"https:\/\/www.cofb.org\/wp-content\/uploads\/2024\/06\/14-Marta-Alcalde.png"}],"twitter_card":"summary_large_image","twitter_site":"@farmaceuticsbcn","twitter_misc":{"Tiempo de lectura":"2 minutos"},"schema":{"@context":"https:\/\/schema.org","@graph":[{"@type":"WebPage","@id":"https:\/\/www.cofb.org\/qui-som\/com-sorganitza\/junta-de-govern\/vocal-de-dermofarmacia-i-productes-sanitaris-marta-alcalde-matarranz\/","url":"https:\/\/www.cofb.org\/qui-som\/com-sorganitza\/junta-de-govern\/vocal-de-dermofarmacia-i-productes-sanitaris-marta-alcalde-matarranz\/","name":"Vocal de Dermofarm\u00e0cia i Productes Sanitaris: Marta Alcalde Matarranz - Col\u00b7legi de Farmac\u00e8utics de Barcelona","isPartOf":{"@id":"https:\/\/www.cofb.org\/#website"},"primaryImageOfPage":{"@id":"https:\/\/www.cofb.org\/qui-som\/com-sorganitza\/junta-de-govern\/vocal-de-dermofarmacia-i-productes-sanitaris-marta-alcalde-matarranz\/#primaryimage"},"image":{"@id":"https:\/\/www.cofb.org\/qui-som\/com-sorganitza\/junta-de-govern\/vocal-de-dermofarmacia-i-productes-sanitaris-marta-alcalde-matarranz\/#primaryimage"},"thumbnailUrl":"https:\/\/www.cofb.org\/wp-content\/uploads\/2024\/06\/14-Marta-Alcalde.png","datePublished":"2023-07-05T11:44:31+00:00","dateModified":"2024-06-27T17:20:04+00:00","breadcrumb":{"@id":"https:\/\/www.cofb.org\/qui-som\/com-sorganitza\/junta-de-govern\/vocal-de-dermofarmacia-i-productes-sanitaris-marta-alcalde-matarranz\/#breadcrumb"},"inLanguage":"es","potentialAction":[{"@type":"ReadAction","target":["https:\/\/www.cofb.org\/qui-som\/com-sorganitza\/junta-de-govern\/vocal-de-dermofarmacia-i-productes-sanitaris-marta-alcalde-matarranz\/"]}]},{"@type":"ImageObject","inLanguage":"es","@id":"https:\/\/www.cofb.org\/qui-som\/com-sorganitza\/junta-de-govern\/vocal-de-dermofarmacia-i-productes-sanitaris-marta-alcalde-matarranz\/#primaryimage","url":"https:\/\/www.cofb.org\/wp-content\/uploads\/2024\/06\/14-Marta-Alcalde.png","contentUrl":"https:\/\/www.cofb.org\/wp-content\/uploads\/2024\/06\/14-Marta-Alcalde.png"},{"@type":"BreadcrumbList","@id":"https:\/\/www.cofb.org\/qui-som\/com-sorganitza\/junta-de-govern\/vocal-de-dermofarmacia-i-productes-sanitaris-marta-alcalde-matarranz\/#breadcrumb","itemListElement":[{"@type":"ListItem","position":1,"name":"Inici","item":"https:\/\/novaorg.cofb.net\/"},{"@type":"ListItem","position":2,"name":"Qui som?","item":"https:\/\/novaorg.cofb.net\/qui-som\/"},{"@type":"ListItem","position":3,"name":"Com s&#8217;organitza?","item":"https:\/\/novaorg.cofb.net\/qui-som\/com-sorganitza\/"},{"@type":"ListItem","position":4,"name":"Junta de Govern","item":"https:\/\/www.cofb.org\/qui-som\/com-sorganitza\/junta-de-govern\/"},{"@type":"ListItem","position":5,"name":"Vocal de Dermofarm\u00e0cia i Productes Sanitaris: Marta Alcalde Matarranz"}]},{"@type":"WebSite","@id":"https:\/\/www.cofb.org\/#website","url":"https:\/\/www.cofb.org\/","name":"Col\u00b7legi de Farmac\u00e8utics de Barcelona","description":"","publisher":{"@id":"https:\/\/www.cofb.org\/#organization"},"potentialAction":[{"@type":"SearchAction","target":{"@type":"EntryPoint","urlTemplate":"https:\/\/www.cofb.org\/?s={search_term_string}"},"query-input":"required name=search_term_string"}],"inLanguage":"es"},{"@type":"Organization","@id":"https:\/\/www.cofb.org\/#organization","name":"Col\u00b7legi de Farmac\u00e8utics de Barcelona","url":"https:\/\/www.cofb.org\/","logo":{"@type":"ImageObject","inLanguage":"es","@id":"https:\/\/www.cofb.org\/#\/schema\/logo\/image\/","url":"https:\/\/www.cofb.org\/wp-content\/uploads\/2023\/11\/cropped-Logotip-COFB.png","contentUrl":"https:\/\/www.cofb.org\/wp-content\/uploads\/2023\/11\/cropped-Logotip-COFB.png","width":500,"height":105,"caption":"Col\u00b7legi de Farmac\u00e8utics de Barcelona"},"image":{"@id":"https:\/\/www.cofb.org\/#\/schema\/logo\/image\/"},"sameAs":["https:\/\/www.facebook.com\/farmaceuticsbcn\/","https:\/\/twitter.com\/farmaceuticsbcn","https:\/\/www.instagram.com\/farmaceuticsbcn\/","https:\/\/www.linkedin.com\/company\/farmaceuticsbcn\/"]}]}},"uagb_featured_image_src":{"full":false,"thumbnail":false,"medium":false,"medium_large":false,"large":false,"1536x1536":false,"2048x2048":false,"trp-custom-language-flag":false},"uagb_author_info":{"display_name":"wpAdminCofbOrg","author_link":"https:\/\/www.cofb.org\/es\/author\/wpadmincofborg\/"},"uagb_comment_info":0,"uagb_excerpt":"ACTIVITAT INSTITUCIONAL&nbsp; ACTIVITAT PROFESSIONAL&nbsp; FORMACI\u00d3 ACAD\u00c8MICA&nbsp;","_links":{"self":[{"href":"https:\/\/www.cofb.org\/es\/wp-json\/wp\/v2\/pages\/3595","targetHints":{"allow":["GET"]}}],"collection":[{"href":"https:\/\/www.cofb.org\/es\/wp-json\/wp\/v2\/pages"}],"about":[{"href":"https:\/\/www.cofb.org\/es\/wp-json\/wp\/v2\/types\/page"}],"author":[{"embeddable":true,"href":"https:\/\/www.cofb.org\/es\/wp-json\/wp\/v2\/users\/1"}],"replies":[{"embeddable":true,"href":"https:\/\/www.cofb.org\/es\/wp-json\/wp\/v2\/comments?post=3595"}],"version-history":[{"count":5,"href":"https:\/\/www.cofb.org\/es\/wp-json\/wp\/v2\/pages\/3595\/revisions"}],"predecessor-version":[{"id":78476,"href":"https:\/\/www.cofb.org\/es\/wp-json\/wp\/v2\/pages\/3595\/revisions\/78476"}],"up":[{"embeddable":true,"href":"https:\/\/www.cofb.org\/es\/wp-json\/wp\/v2\/pages\/2614"}],"wp:attachment":[{"href":"https:\/\/www.cofb.org\/es\/wp-json\/wp\/v2\/media?parent=3595"}],"curies":[{"name":"wp","href":"https:\/\/api.w.org\/{rel}","templated":true}]}}