{"id":3577,"date":"2023-07-05T11:29:35","date_gmt":"2023-07-05T11:29:35","guid":{"rendered":"https:\/\/novaorg.cofb.net\/?page_id=3577"},"modified":"2024-06-27T16:22:54","modified_gmt":"2024-06-27T16:22:54","slug":"miquel-recasens-isart","status":"publish","type":"page","link":"https:\/\/www.cofb.org\/es\/qui-som\/com-sorganitza\/junta-de-govern\/miquel-recasens-isart\/","title":{"rendered":"Tesorero: Miquel Recasens Isart"},"content":{"rendered":"<div class=\"wp-block-columns is-layout-flex wp-container-core-columns-is-layout-d7d455e7 wp-block-columns-is-layout-flex\" style=\"padding-top:0;padding-right:0;padding-bottom:0;padding-left:0\">\n<div class=\"wp-block-column is-layout-flow wp-block-column-is-layout-flow\" style=\"flex-basis:33.33%\">\n<div class=\"wp-block-uagb-image uagb-block-a0b9ba25 wp-block-uagb-image--layout-default wp-block-uagb-image--effect-static wp-block-uagb-image--align-none\"><figure class=\"wp-block-uagb-image__figure\"><img loading=\"lazy\" decoding=\"async\" srcset=\"https:\/\/www.cofb.org\/wp-content\/uploads\/2024\/06\/04-Miquel-Recasens.png ,https:\/\/www.cofb.org\/wp-content\/uploads\/2024\/06\/04-Miquel-Recasens.png 780w, https:\/\/www.cofb.org\/wp-content\/uploads\/2024\/06\/04-Miquel-Recasens.png 360w\" sizes=\"auto, (max-width: 480px) 150px\" src=\"https:\/\/www.cofb.org\/wp-content\/uploads\/2024\/06\/04-Miquel-Recasens.png\" alt=\"\" class=\"uag-image-78426\" width=\"683\" height=\"1024\" title=\"04 Miquel Recasens\" role=\"img\"\/><\/figure><\/div>\n<\/div>\n\n\n\n<div class=\"wp-block-column is-layout-flow wp-block-column-is-layout-flow\" style=\"flex-basis:66.66%\">\n<h4 class=\"wp-block-heading\">ACTIVIDAD INSTITUCIONAL<\/h4>\n\n\n\n<ul class=\"wp-block-list\">\n<li>Tesorero del Colegio de Farmac\u00e9uticos de Barcelona (2020 \u2013 actualidad)<\/li>\n\n\n\n<li>Delegado del Colegio de Farmac\u00e9uticos de Barcelona por el ABS de Piera y Hostalets<\/li>\n\n\n\n<li>Coordinador del Sector Sanitario de Anoia (2001 -2020)<\/li>\n<\/ul>\n\n\n\n<h4 class=\"wp-block-heading\">FORMACI\u00d3N ACAD\u00c9MICA&nbsp;<\/h4>\n\n\n\n<ul class=\"wp-block-list\">\n<li>Varios cursos de reciclaje t\u00e9cnico en materias cient\u00edficas farmac\u00e9uticas en el Colegio de Farmac\u00e9uticos de Barcelona, en el Consejo General de Colegios Oficiales de Farmac\u00e9uticos (CGCOF) y en la Federaci\u00f3n Farmac\u00e9utica (1992 \u2013 actualidad)<\/li>\n\n\n\n<li>Direcci\u00f3n y Administraci\u00f3n de Empresas (MBA). ESADE Barcelona (1989 \u2013 1992)<\/li>\n\n\n\n<li>M\u00e1ster de Enolog\u00eda. Universidad Polit\u00e9cnica de Catalu\u00f1a (1986 \u2013 1987)<\/li>\n\n\n\n<li>Licenciatura en Farmacia. Universidad de Barcelona (1980 \u2013 1985)<\/li>\n<\/ul>\n\n\n\n<h4 class=\"wp-block-heading\">ACTIVIDAD PROFESIONAL<\/h4>\n\n\n\n<ul class=\"wp-block-list\">\n<li>Titular de oficina de farmacia en Piera (2001 \u2013 actualidad)<\/li>\n\n\n\n<li>Profesor Asociado de asignaturas de Econom\u00eda y Marketing Vitivin\u00edcola. Universidad Rovira i Virgili de Tarragona (2002 \u2013 2006)<\/li>\n\n\n\n<li>Varias ediciones de libros publicadas de la Editorial Altamar sobre Oficina de Farmacia para ense\u00f1anza del Grado Profesional de Auxiliares Diplomados de Farmacia (2006 \u2013 presente)<\/li>\n\n\n\n<li>Director Comercial de Selfoods, empresa del sector agroalimentario comercializadora de conservas y vinos selectos (1997 \u2013 2001)<\/li>\n\n\n\n<li>Director Comercial de Cooperativa Insular Ganadera de Menorca (COINGA), dedicada a la elaboraci\u00f3n y comercializaci\u00f3n de productos l\u00e1cteos (1992 \u2013 1997)<\/li>\n\n\n\n<li>En\u00f3logo de las Cavas Vilarnau, empresa elaboradora de vinos y cavas filial de la multinacional Gonzalez Byass (1986 \u2013 1992)<\/li>\n\n\n\n<li>Profesor de Formaci\u00f3n Profesional en la Escuela Academia Apiaria de Piera (1985 \u2013 1986)<\/li>\n<\/ul>\n<\/div>\n<\/div>","protected":false},"excerpt":{"rendered":"<p>ACTIVIDAD INSTITUCIONAL FORMACI\u00d3N ACAD\u00c9MICA ACTIVIDAD PROFESIONAL<\/p>","protected":false},"author":1,"featured_media":0,"parent":2614,"menu_order":0,"comment_status":"closed","ping_status":"closed","template":"","meta":{"_uag_custom_page_level_css":"","site-sidebar-layout":"default","site-content-layout":"","ast-site-content-layout":"default","site-content-style":"default","site-sidebar-style":"default","ast-global-header-display":"","ast-banner-title-visibility":"","ast-main-header-display":"","ast-hfb-above-header-display":"","ast-hfb-below-header-display":"","ast-hfb-mobile-header-display":"","site-post-title":"","ast-breadcrumbs-content":"","ast-featured-img":"","footer-sml-layout":"","theme-transparent-header-meta":"","adv-header-id-meta":"","stick-header-meta":"","header-above-stick-meta":"","header-main-stick-meta":"","header-below-stick-meta":"","astra-migrate-meta-layouts":"set","ast-page-background-enabled":"default","ast-page-background-meta":{"desktop":{"background-color":"var(--ast-global-color-4)","background-image":"","background-repeat":"repeat","background-position":"center center","background-size":"auto","background-attachment":"scroll","background-type":"","background-media":"","overlay-type":"","overlay-color":"","overlay-opacity":"","overlay-gradient":""},"tablet":{"background-color":"","background-image":"","background-repeat":"repeat","background-position":"center center","background-size":"auto","background-attachment":"scroll","background-type":"","background-media":"","overlay-type":"","overlay-color":"","overlay-opacity":"","overlay-gradient":""},"mobile":{"background-color":"","background-image":"","background-repeat":"repeat","background-position":"center center","background-size":"auto","background-attachment":"scroll","background-type":"","background-media":"","overlay-type":"","overlay-color":"","overlay-opacity":"","overlay-gradient":""}},"ast-content-background-meta":{"desktop":{"background-color":"var(--ast-global-color-5)","background-image":"","background-repeat":"repeat","background-position":"center center","background-size":"auto","background-attachment":"scroll","background-type":"","background-media":"","overlay-type":"","overlay-color":"","overlay-opacity":"","overlay-gradient":""},"tablet":{"background-color":"var(--ast-global-color-5)","background-image":"","background-repeat":"repeat","background-position":"center center","background-size":"auto","background-attachment":"scroll","background-type":"","background-media":"","overlay-type":"","overlay-color":"","overlay-opacity":"","overlay-gradient":""},"mobile":{"background-color":"var(--ast-global-color-5)","background-image":"","background-repeat":"repeat","background-position":"center center","background-size":"auto","background-attachment":"scroll","background-type":"","background-media":"","overlay-type":"","overlay-color":"","overlay-opacity":"","overlay-gradient":""}},"footnotes":""},"class_list":["post-3577","page","type-page","status-publish","hentry"],"yoast_head":"<!-- This site is optimized with the Yoast SEO plugin v22.4 - https:\/\/yoast.com\/wordpress\/plugins\/seo\/ -->\n<title>Tresorer: Miquel Recasens Isart - Col\u00b7legi de Farmac\u00e8utics de Barcelona<\/title>\n<meta name=\"robots\" content=\"index, follow, max-snippet:-1, max-image-preview:large, max-video-preview:-1\" \/>\n<link rel=\"canonical\" href=\"https:\/\/www.cofb.org\/es\/qui-som\/com-sorganitza\/junta-de-govern\/miquel-recasens-isart\/\" \/>\n<meta property=\"og:locale\" content=\"es_ES\" \/>\n<meta property=\"og:type\" content=\"article\" \/>\n<meta property=\"og:title\" content=\"Tresorer: Miquel Recasens Isart - Col\u00b7legi de Farmac\u00e8utics de Barcelona\" \/>\n<meta property=\"og:description\" content=\"ACTIVITAT INSTITUCIONAL FORMACI\u00d3 ACAD\u00c8MICA&nbsp; ACTIVITAT PROFESSIONAL\" \/>\n<meta property=\"og:url\" content=\"https:\/\/www.cofb.org\/es\/qui-som\/com-sorganitza\/junta-de-govern\/miquel-recasens-isart\/\" \/>\n<meta property=\"og:site_name\" content=\"Col\u00b7legi de Farmac\u00e8utics de Barcelona\" \/>\n<meta property=\"article:publisher\" content=\"https:\/\/www.facebook.com\/farmaceuticsbcn\/\" \/>\n<meta property=\"article:modified_time\" content=\"2024-06-27T16:22:54+00:00\" \/>\n<meta property=\"og:image\" content=\"https:\/\/www.cofb.org\/wp-content\/uploads\/2024\/06\/04-Miquel-Recasens.png\" \/>\n<meta name=\"twitter:card\" content=\"summary_large_image\" \/>\n<meta name=\"twitter:site\" content=\"@farmaceuticsbcn\" \/>\n<meta name=\"twitter:label1\" content=\"Tiempo de lectura\" \/>\n\t<meta name=\"twitter:data1\" content=\"2 minutos\" \/>\n<script type=\"application\/ld+json\" class=\"yoast-schema-graph\">{\"@context\":\"https:\/\/schema.org\",\"@graph\":[{\"@type\":\"WebPage\",\"@id\":\"https:\/\/www.cofb.org\/qui-som\/com-sorganitza\/junta-de-govern\/miquel-recasens-isart\/\",\"url\":\"https:\/\/www.cofb.org\/qui-som\/com-sorganitza\/junta-de-govern\/miquel-recasens-isart\/\",\"name\":\"Tresorer: Miquel Recasens Isart - Col\u00b7legi de Farmac\u00e8utics de Barcelona\",\"isPartOf\":{\"@id\":\"https:\/\/www.cofb.org\/#website\"},\"primaryImageOfPage\":{\"@id\":\"https:\/\/www.cofb.org\/qui-som\/com-sorganitza\/junta-de-govern\/miquel-recasens-isart\/#primaryimage\"},\"image\":{\"@id\":\"https:\/\/www.cofb.org\/qui-som\/com-sorganitza\/junta-de-govern\/miquel-recasens-isart\/#primaryimage\"},\"thumbnailUrl\":\"https:\/\/www.cofb.org\/wp-content\/uploads\/2024\/06\/04-Miquel-Recasens.png\",\"datePublished\":\"2023-07-05T11:29:35+00:00\",\"dateModified\":\"2024-06-27T16:22:54+00:00\",\"breadcrumb\":{\"@id\":\"https:\/\/www.cofb.org\/qui-som\/com-sorganitza\/junta-de-govern\/miquel-recasens-isart\/#breadcrumb\"},\"inLanguage\":\"es\",\"potentialAction\":[{\"@type\":\"ReadAction\",\"target\":[\"https:\/\/www.cofb.org\/qui-som\/com-sorganitza\/junta-de-govern\/miquel-recasens-isart\/\"]}]},{\"@type\":\"ImageObject\",\"inLanguage\":\"es\",\"@id\":\"https:\/\/www.cofb.org\/qui-som\/com-sorganitza\/junta-de-govern\/miquel-recasens-isart\/#primaryimage\",\"url\":\"https:\/\/www.cofb.org\/wp-content\/uploads\/2024\/06\/04-Miquel-Recasens.png\",\"contentUrl\":\"https:\/\/www.cofb.org\/wp-content\/uploads\/2024\/06\/04-Miquel-Recasens.png\"},{\"@type\":\"BreadcrumbList\",\"@id\":\"https:\/\/www.cofb.org\/qui-som\/com-sorganitza\/junta-de-govern\/miquel-recasens-isart\/#breadcrumb\",\"itemListElement\":[{\"@type\":\"ListItem\",\"position\":1,\"name\":\"Inici\",\"item\":\"https:\/\/novaorg.cofb.net\/\"},{\"@type\":\"ListItem\",\"position\":2,\"name\":\"Qui som?\",\"item\":\"https:\/\/novaorg.cofb.net\/qui-som\/\"},{\"@type\":\"ListItem\",\"position\":3,\"name\":\"Com s&#8217;organitza?\",\"item\":\"https:\/\/novaorg.cofb.net\/qui-som\/com-sorganitza\/\"},{\"@type\":\"ListItem\",\"position\":4,\"name\":\"Junta de Govern\",\"item\":\"https:\/\/www.cofb.org\/qui-som\/com-sorganitza\/junta-de-govern\/\"},{\"@type\":\"ListItem\",\"position\":5,\"name\":\"Tresorer: Miquel Recasens Isart\"}]},{\"@type\":\"WebSite\",\"@id\":\"https:\/\/www.cofb.org\/#website\",\"url\":\"https:\/\/www.cofb.org\/\",\"name\":\"Col\u00b7legi de Farmac\u00e8utics de Barcelona\",\"description\":\"\",\"publisher\":{\"@id\":\"https:\/\/www.cofb.org\/#organization\"},\"potentialAction\":[{\"@type\":\"SearchAction\",\"target\":{\"@type\":\"EntryPoint\",\"urlTemplate\":\"https:\/\/www.cofb.org\/?s={search_term_string}\"},\"query-input\":\"required name=search_term_string\"}],\"inLanguage\":\"es\"},{\"@type\":\"Organization\",\"@id\":\"https:\/\/www.cofb.org\/#organization\",\"name\":\"Col\u00b7legi de Farmac\u00e8utics de Barcelona\",\"url\":\"https:\/\/www.cofb.org\/\",\"logo\":{\"@type\":\"ImageObject\",\"inLanguage\":\"es\",\"@id\":\"https:\/\/www.cofb.org\/#\/schema\/logo\/image\/\",\"url\":\"https:\/\/www.cofb.org\/wp-content\/uploads\/2023\/11\/cropped-Logotip-COFB.png\",\"contentUrl\":\"https:\/\/www.cofb.org\/wp-content\/uploads\/2023\/11\/cropped-Logotip-COFB.png\",\"width\":500,\"height\":105,\"caption\":\"Col\u00b7legi de Farmac\u00e8utics de Barcelona\"},\"image\":{\"@id\":\"https:\/\/www.cofb.org\/#\/schema\/logo\/image\/\"},\"sameAs\":[\"https:\/\/www.facebook.com\/farmaceuticsbcn\/\",\"https:\/\/twitter.com\/farmaceuticsbcn\",\"https:\/\/www.instagram.com\/farmaceuticsbcn\/\",\"https:\/\/www.linkedin.com\/company\/farmaceuticsbcn\/\"]}]}<\/script>\n<!-- \/ Yoast SEO plugin. -->","yoast_head_json":{"title":"Tresorer: Miquel Recasens Isart - Col\u00b7legi de Farmac\u00e8utics de Barcelona","robots":{"index":"index","follow":"follow","max-snippet":"max-snippet:-1","max-image-preview":"max-image-preview:large","max-video-preview":"max-video-preview:-1"},"canonical":"https:\/\/www.cofb.org\/es\/qui-som\/com-sorganitza\/junta-de-govern\/miquel-recasens-isart\/","og_locale":"es_ES","og_type":"article","og_title":"Tresorer: Miquel Recasens Isart - Col\u00b7legi de Farmac\u00e8utics de Barcelona","og_description":"ACTIVITAT INSTITUCIONAL FORMACI\u00d3 ACAD\u00c8MICA&nbsp; ACTIVITAT PROFESSIONAL","og_url":"https:\/\/www.cofb.org\/es\/qui-som\/com-sorganitza\/junta-de-govern\/miquel-recasens-isart\/","og_site_name":"Col\u00b7legi de Farmac\u00e8utics de Barcelona","article_publisher":"https:\/\/www.facebook.com\/farmaceuticsbcn\/","article_modified_time":"2024-06-27T16:22:54+00:00","og_image":[{"url":"https:\/\/www.cofb.org\/wp-content\/uploads\/2024\/06\/04-Miquel-Recasens.png"}],"twitter_card":"summary_large_image","twitter_site":"@farmaceuticsbcn","twitter_misc":{"Tiempo de lectura":"2 minutos"},"schema":{"@context":"https:\/\/schema.org","@graph":[{"@type":"WebPage","@id":"https:\/\/www.cofb.org\/qui-som\/com-sorganitza\/junta-de-govern\/miquel-recasens-isart\/","url":"https:\/\/www.cofb.org\/qui-som\/com-sorganitza\/junta-de-govern\/miquel-recasens-isart\/","name":"Tresorer: Miquel Recasens Isart - Col\u00b7legi de Farmac\u00e8utics de Barcelona","isPartOf":{"@id":"https:\/\/www.cofb.org\/#website"},"primaryImageOfPage":{"@id":"https:\/\/www.cofb.org\/qui-som\/com-sorganitza\/junta-de-govern\/miquel-recasens-isart\/#primaryimage"},"image":{"@id":"https:\/\/www.cofb.org\/qui-som\/com-sorganitza\/junta-de-govern\/miquel-recasens-isart\/#primaryimage"},"thumbnailUrl":"https:\/\/www.cofb.org\/wp-content\/uploads\/2024\/06\/04-Miquel-Recasens.png","datePublished":"2023-07-05T11:29:35+00:00","dateModified":"2024-06-27T16:22:54+00:00","breadcrumb":{"@id":"https:\/\/www.cofb.org\/qui-som\/com-sorganitza\/junta-de-govern\/miquel-recasens-isart\/#breadcrumb"},"inLanguage":"es","potentialAction":[{"@type":"ReadAction","target":["https:\/\/www.cofb.org\/qui-som\/com-sorganitza\/junta-de-govern\/miquel-recasens-isart\/"]}]},{"@type":"ImageObject","inLanguage":"es","@id":"https:\/\/www.cofb.org\/qui-som\/com-sorganitza\/junta-de-govern\/miquel-recasens-isart\/#primaryimage","url":"https:\/\/www.cofb.org\/wp-content\/uploads\/2024\/06\/04-Miquel-Recasens.png","contentUrl":"https:\/\/www.cofb.org\/wp-content\/uploads\/2024\/06\/04-Miquel-Recasens.png"},{"@type":"BreadcrumbList","@id":"https:\/\/www.cofb.org\/qui-som\/com-sorganitza\/junta-de-govern\/miquel-recasens-isart\/#breadcrumb","itemListElement":[{"@type":"ListItem","position":1,"name":"Inici","item":"https:\/\/novaorg.cofb.net\/"},{"@type":"ListItem","position":2,"name":"Qui som?","item":"https:\/\/novaorg.cofb.net\/qui-som\/"},{"@type":"ListItem","position":3,"name":"Com s&#8217;organitza?","item":"https:\/\/novaorg.cofb.net\/qui-som\/com-sorganitza\/"},{"@type":"ListItem","position":4,"name":"Junta de Govern","item":"https:\/\/www.cofb.org\/qui-som\/com-sorganitza\/junta-de-govern\/"},{"@type":"ListItem","position":5,"name":"Tresorer: Miquel Recasens Isart"}]},{"@type":"WebSite","@id":"https:\/\/www.cofb.org\/#website","url":"https:\/\/www.cofb.org\/","name":"Col\u00b7legi de Farmac\u00e8utics de Barcelona","description":"","publisher":{"@id":"https:\/\/www.cofb.org\/#organization"},"potentialAction":[{"@type":"SearchAction","target":{"@type":"EntryPoint","urlTemplate":"https:\/\/www.cofb.org\/?s={search_term_string}"},"query-input":"required name=search_term_string"}],"inLanguage":"es"},{"@type":"Organization","@id":"https:\/\/www.cofb.org\/#organization","name":"Col\u00b7legi de Farmac\u00e8utics de Barcelona","url":"https:\/\/www.cofb.org\/","logo":{"@type":"ImageObject","inLanguage":"es","@id":"https:\/\/www.cofb.org\/#\/schema\/logo\/image\/","url":"https:\/\/www.cofb.org\/wp-content\/uploads\/2023\/11\/cropped-Logotip-COFB.png","contentUrl":"https:\/\/www.cofb.org\/wp-content\/uploads\/2023\/11\/cropped-Logotip-COFB.png","width":500,"height":105,"caption":"Col\u00b7legi de Farmac\u00e8utics de Barcelona"},"image":{"@id":"https:\/\/www.cofb.org\/#\/schema\/logo\/image\/"},"sameAs":["https:\/\/www.facebook.com\/farmaceuticsbcn\/","https:\/\/twitter.com\/farmaceuticsbcn","https:\/\/www.instagram.com\/farmaceuticsbcn\/","https:\/\/www.linkedin.com\/company\/farmaceuticsbcn\/"]}]}},"uagb_featured_image_src":{"full":false,"thumbnail":false,"medium":false,"medium_large":false,"large":false,"1536x1536":false,"2048x2048":false,"trp-custom-language-flag":false},"uagb_author_info":{"display_name":"wpAdminCofbOrg","author_link":"https:\/\/www.cofb.org\/es\/author\/wpadmincofborg\/"},"uagb_comment_info":0,"uagb_excerpt":"ACTIVITAT INSTITUCIONAL FORMACI\u00d3 ACAD\u00c8MICA&nbsp; ACTIVITAT PROFESSIONAL","_links":{"self":[{"href":"https:\/\/www.cofb.org\/es\/wp-json\/wp\/v2\/pages\/3577","targetHints":{"allow":["GET"]}}],"collection":[{"href":"https:\/\/www.cofb.org\/es\/wp-json\/wp\/v2\/pages"}],"about":[{"href":"https:\/\/www.cofb.org\/es\/wp-json\/wp\/v2\/types\/page"}],"author":[{"embeddable":true,"href":"https:\/\/www.cofb.org\/es\/wp-json\/wp\/v2\/users\/1"}],"replies":[{"embeddable":true,"href":"https:\/\/www.cofb.org\/es\/wp-json\/wp\/v2\/comments?post=3577"}],"version-history":[{"count":6,"href":"https:\/\/www.cofb.org\/es\/wp-json\/wp\/v2\/pages\/3577\/revisions"}],"predecessor-version":[{"id":78454,"href":"https:\/\/www.cofb.org\/es\/wp-json\/wp\/v2\/pages\/3577\/revisions\/78454"}],"up":[{"embeddable":true,"href":"https:\/\/www.cofb.org\/es\/wp-json\/wp\/v2\/pages\/2614"}],"wp:attachment":[{"href":"https:\/\/www.cofb.org\/es\/wp-json\/wp\/v2\/media?parent=3577"}],"curies":[{"name":"wp","href":"https:\/\/api.w.org\/{rel}","templated":true}]}}