{"id":2994,"date":"2023-06-15T09:08:11","date_gmt":"2023-06-15T09:08:11","guid":{"rendered":"https:\/\/novaorg.cofb.net\/?page_id=2994"},"modified":"2023-09-08T09:45:12","modified_gmt":"2023-09-08T09:45:12","slug":"el-cofb-als-mitjans","status":"publish","type":"page","link":"https:\/\/www.cofb.org\/es\/premsa\/sala-de-premsa\/el-cofb-als-mitjans\/","title":{"rendered":"El COFB en los medios"},"content":{"rendered":"<div class=\"wp-block-uagb-image uagb-block-8274b669 wp-block-uagb-image--layout-default wp-block-uagb-image--effect-static wp-block-uagb-image--align-none\"><figure class=\"wp-block-uagb-image__figure\"><img decoding=\"async\" srcset=\"https:\/\/www.cofb.org\/wp-content\/uploads\/2023\/07\/Premsa-SalaDePremsa2.PNG-1024x316.png \" sizes=\"auto, (max-width: 480px) 150px\" src=\"https:\/\/www.cofb.org\/wp-content\/uploads\/2023\/07\/Premsa-SalaDePremsa2.PNG-1024x316.png\" alt=\"\" class=\"uag-image-67339\" width=\"1024\" height=\"316\" title=\"\" loading=\"lazy\"\/><\/figure><\/div>\n\n\n\n<p id=\"yui_patched_v3_11_0_1_1689765938350_285\">Cada mes, el Blog del Colegio recoge los temas en los que el COFB ha sido noticia o fuente de informaci\u00f3n, y que han tenido mayor repercusi\u00f3n en los medios. Los servicios profesionales, la actividad formativa del COFB o las consultas relacionadas con medicamentos son algunos ejemplos.&nbsp;<\/p>\n\n\n\n<p id=\"yui_patched_v3_11_0_1_1689765938350_311\">En\u00a0<a href=\"\/es\/blog\/\">este enlace<\/a>\u00a0puedes consultar las recopilaciones publicadas \u00faltimamente.\u00a0<a href=\"javascript: window.print()\"><\/a><\/p>","protected":false},"excerpt":{"rendered":"<p>Cada mes, el Blog del Colegio recoge los temas en los que el COFB ha sido noticia o fuente de informaci\u00f3n, y que han tenido mayor repercusi\u00f3n en los medios. Los servicios profesionales, la actividad formativa del COFB o las consultas relacionadas con medicamentos son algunos ejemplos. En este enlace puedes consultar las recopilaciones publicadas \u00faltimamente.\u00a0<\/p>","protected":false},"author":1,"featured_media":0,"parent":2987,"menu_order":3,"comment_status":"closed","ping_status":"closed","template":"","meta":{"_uag_custom_page_level_css":"","site-sidebar-layout":"default","site-content-layout":"","ast-site-content-layout":"default","site-content-style":"default","site-sidebar-style":"default","ast-global-header-display":"","ast-banner-title-visibility":"","ast-main-header-display":"","ast-hfb-above-header-display":"","ast-hfb-below-header-display":"","ast-hfb-mobile-header-display":"","site-post-title":"","ast-breadcrumbs-content":"","ast-featured-img":"","footer-sml-layout":"","theme-transparent-header-meta":"","adv-header-id-meta":"","stick-header-meta":"","header-above-stick-meta":"","header-main-stick-meta":"","header-below-stick-meta":"","astra-migrate-meta-layouts":"default","ast-page-background-enabled":"default","ast-page-background-meta":{"desktop":{"background-color":"var(--ast-global-color-4)","background-image":"","background-repeat":"repeat","background-position":"center center","background-size":"auto","background-attachment":"scroll","background-type":"","background-media":"","overlay-type":"","overlay-color":"","overlay-opacity":"","overlay-gradient":""},"tablet":{"background-color":"","background-image":"","background-repeat":"repeat","background-position":"center center","background-size":"auto","background-attachment":"scroll","background-type":"","background-media":"","overlay-type":"","overlay-color":"","overlay-opacity":"","overlay-gradient":""},"mobile":{"background-color":"","background-image":"","background-repeat":"repeat","background-position":"center center","background-size":"auto","background-attachment":"scroll","background-type":"","background-media":"","overlay-type":"","overlay-color":"","overlay-opacity":"","overlay-gradient":""}},"ast-content-background-meta":{"desktop":{"background-color":"var(--ast-global-color-5)","background-image":"","background-repeat":"repeat","background-position":"center center","background-size":"auto","background-attachment":"scroll","background-type":"","background-media":"","overlay-type":"","overlay-color":"","overlay-opacity":"","overlay-gradient":""},"tablet":{"background-color":"var(--ast-global-color-5)","background-image":"","background-repeat":"repeat","background-position":"center center","background-size":"auto","background-attachment":"scroll","background-type":"","background-media":"","overlay-type":"","overlay-color":"","overlay-opacity":"","overlay-gradient":""},"mobile":{"background-color":"var(--ast-global-color-5)","background-image":"","background-repeat":"repeat","background-position":"center center","background-size":"auto","background-attachment":"scroll","background-type":"","background-media":"","overlay-type":"","overlay-color":"","overlay-opacity":"","overlay-gradient":""}},"footnotes":""},"class_list":["post-2994","page","type-page","status-publish","hentry"],"yoast_head":"<!-- This site is optimized with the Yoast SEO plugin v22.4 - https:\/\/yoast.com\/wordpress\/plugins\/seo\/ -->\n<title>El COFB als mitjans - Col\u00b7legi de Farmac\u00e8utics de Barcelona<\/title>\n<meta name=\"robots\" content=\"index, follow, max-snippet:-1, max-image-preview:large, max-video-preview:-1\" \/>\n<link rel=\"canonical\" href=\"https:\/\/novaorg.cofb.net\/premsa\/sala-de-premsa\/el-cofb-als-mitjans\/\" \/>\n<meta property=\"og:locale\" content=\"es_ES\" \/>\n<meta property=\"og:type\" content=\"article\" \/>\n<meta property=\"og:title\" content=\"El COFB als mitjans - Col\u00b7legi de Farmac\u00e8utics de Barcelona\" \/>\n<meta property=\"og:description\" content=\"Cada mes, el&nbsp;Blog del Col\u00b7legi&nbsp;recull els temes en qu\u00e8 el COFB ha estat not\u00edcia o font d&#8217;informaci\u00f3, i que han tingut m\u00e9s repercussi\u00f3 en els mitjans. Els serveis professionals, l&#8217;activitat formativa del COFB o&nbsp;les&nbsp;consultes relacionades amb medicaments en s\u00f3n alguns exemples.&nbsp; En\u00a0aquest enlla\u00e7\u00a0pots consultar els reculls publicats darrerament.\u00a0\" \/>\n<meta property=\"og:url\" content=\"https:\/\/novaorg.cofb.net\/premsa\/sala-de-premsa\/el-cofb-als-mitjans\/\" \/>\n<meta property=\"og:site_name\" content=\"Col\u00b7legi de Farmac\u00e8utics de Barcelona\" \/>\n<meta property=\"article:publisher\" content=\"https:\/\/www.facebook.com\/farmaceuticsbcn\/\" \/>\n<meta property=\"article:modified_time\" content=\"2023-09-08T09:45:12+00:00\" \/>\n<meta property=\"og:image\" content=\"https:\/\/novaorg.cofb.net\/wp-content\/uploads\/2023\/07\/Premsa-SalaDePremsa2.PNG-1024x316.png\" \/>\n<meta name=\"twitter:card\" content=\"summary_large_image\" \/>\n<meta name=\"twitter:site\" content=\"@farmaceuticsbcn\" \/>\n<script type=\"application\/ld+json\" class=\"yoast-schema-graph\">{\"@context\":\"https:\/\/schema.org\",\"@graph\":[{\"@type\":\"WebPage\",\"@id\":\"https:\/\/novaorg.cofb.net\/premsa\/sala-de-premsa\/el-cofb-als-mitjans\/\",\"url\":\"https:\/\/novaorg.cofb.net\/premsa\/sala-de-premsa\/el-cofb-als-mitjans\/\",\"name\":\"El COFB als mitjans - Col\u00b7legi de Farmac\u00e8utics de Barcelona\",\"isPartOf\":{\"@id\":\"https:\/\/www.cofb.org\/#website\"},\"primaryImageOfPage\":{\"@id\":\"https:\/\/novaorg.cofb.net\/premsa\/sala-de-premsa\/el-cofb-als-mitjans\/#primaryimage\"},\"image\":{\"@id\":\"https:\/\/novaorg.cofb.net\/premsa\/sala-de-premsa\/el-cofb-als-mitjans\/#primaryimage\"},\"thumbnailUrl\":\"https:\/\/www.cofb.org\/wp-content\/uploads\/2023\/07\/Premsa-SalaDePremsa2.PNG-1024x316.png\",\"datePublished\":\"2023-06-15T09:08:11+00:00\",\"dateModified\":\"2023-09-08T09:45:12+00:00\",\"breadcrumb\":{\"@id\":\"https:\/\/novaorg.cofb.net\/premsa\/sala-de-premsa\/el-cofb-als-mitjans\/#breadcrumb\"},\"inLanguage\":\"es\",\"potentialAction\":[{\"@type\":\"ReadAction\",\"target\":[\"https:\/\/novaorg.cofb.net\/premsa\/sala-de-premsa\/el-cofb-als-mitjans\/\"]}]},{\"@type\":\"ImageObject\",\"inLanguage\":\"es\",\"@id\":\"https:\/\/novaorg.cofb.net\/premsa\/sala-de-premsa\/el-cofb-als-mitjans\/#primaryimage\",\"url\":\"https:\/\/www.cofb.org\/wp-content\/uploads\/2023\/07\/Premsa-SalaDePremsa2.PNG-1024x316.png\",\"contentUrl\":\"https:\/\/www.cofb.org\/wp-content\/uploads\/2023\/07\/Premsa-SalaDePremsa2.PNG-1024x316.png\"},{\"@type\":\"BreadcrumbList\",\"@id\":\"https:\/\/novaorg.cofb.net\/premsa\/sala-de-premsa\/el-cofb-als-mitjans\/#breadcrumb\",\"itemListElement\":[{\"@type\":\"ListItem\",\"position\":1,\"name\":\"Inici\",\"item\":\"https:\/\/novaorg.cofb.net\/\"},{\"@type\":\"ListItem\",\"position\":2,\"name\":\"Premsa\",\"item\":\"https:\/\/novaorg.cofb.net\/premsa\/\"},{\"@type\":\"ListItem\",\"position\":3,\"name\":\"Sala de premsa\",\"item\":\"https:\/\/novaorg.cofb.net\/premsa\/sala-de-premsa\/\"},{\"@type\":\"ListItem\",\"position\":4,\"name\":\"El COFB als mitjans\"}]},{\"@type\":\"WebSite\",\"@id\":\"https:\/\/www.cofb.org\/#website\",\"url\":\"https:\/\/www.cofb.org\/\",\"name\":\"Col\u00b7legi de Farmac\u00e8utics de Barcelona\",\"description\":\"\",\"publisher\":{\"@id\":\"https:\/\/www.cofb.org\/#organization\"},\"potentialAction\":[{\"@type\":\"SearchAction\",\"target\":{\"@type\":\"EntryPoint\",\"urlTemplate\":\"https:\/\/www.cofb.org\/?s={search_term_string}\"},\"query-input\":\"required name=search_term_string\"}],\"inLanguage\":\"es\"},{\"@type\":\"Organization\",\"@id\":\"https:\/\/www.cofb.org\/#organization\",\"name\":\"Col\u00b7legi de Farmac\u00e8utics de Barcelona\",\"url\":\"https:\/\/www.cofb.org\/\",\"logo\":{\"@type\":\"ImageObject\",\"inLanguage\":\"es\",\"@id\":\"https:\/\/www.cofb.org\/#\/schema\/logo\/image\/\",\"url\":\"https:\/\/www.cofb.org\/wp-content\/uploads\/2023\/11\/cropped-Logotip-COFB.png\",\"contentUrl\":\"https:\/\/www.cofb.org\/wp-content\/uploads\/2023\/11\/cropped-Logotip-COFB.png\",\"width\":500,\"height\":105,\"caption\":\"Col\u00b7legi de Farmac\u00e8utics de Barcelona\"},\"image\":{\"@id\":\"https:\/\/www.cofb.org\/#\/schema\/logo\/image\/\"},\"sameAs\":[\"https:\/\/www.facebook.com\/farmaceuticsbcn\/\",\"https:\/\/twitter.com\/farmaceuticsbcn\",\"https:\/\/www.instagram.com\/farmaceuticsbcn\/\",\"https:\/\/www.linkedin.com\/company\/farmaceuticsbcn\/\"]}]}<\/script>\n<!-- \/ Yoast SEO plugin. -->","yoast_head_json":{"title":"El COFB als mitjans - Col\u00b7legi de Farmac\u00e8utics de Barcelona","robots":{"index":"index","follow":"follow","max-snippet":"max-snippet:-1","max-image-preview":"max-image-preview:large","max-video-preview":"max-video-preview:-1"},"canonical":"https:\/\/novaorg.cofb.net\/premsa\/sala-de-premsa\/el-cofb-als-mitjans\/","og_locale":"es_ES","og_type":"article","og_title":"El COFB als mitjans - Col\u00b7legi de Farmac\u00e8utics de Barcelona","og_description":"Cada mes, el&nbsp;Blog del Col\u00b7legi&nbsp;recull els temes en qu\u00e8 el COFB ha estat not\u00edcia o font d&#8217;informaci\u00f3, i que han tingut m\u00e9s repercussi\u00f3 en els mitjans. Els serveis professionals, l&#8217;activitat formativa del COFB o&nbsp;les&nbsp;consultes relacionades amb medicaments en s\u00f3n alguns exemples.&nbsp; En\u00a0aquest enlla\u00e7\u00a0pots consultar els reculls publicats darrerament.\u00a0","og_url":"https:\/\/novaorg.cofb.net\/premsa\/sala-de-premsa\/el-cofb-als-mitjans\/","og_site_name":"Col\u00b7legi de Farmac\u00e8utics de Barcelona","article_publisher":"https:\/\/www.facebook.com\/farmaceuticsbcn\/","article_modified_time":"2023-09-08T09:45:12+00:00","og_image":[{"url":"https:\/\/novaorg.cofb.net\/wp-content\/uploads\/2023\/07\/Premsa-SalaDePremsa2.PNG-1024x316.png"}],"twitter_card":"summary_large_image","twitter_site":"@farmaceuticsbcn","schema":{"@context":"https:\/\/schema.org","@graph":[{"@type":"WebPage","@id":"https:\/\/novaorg.cofb.net\/premsa\/sala-de-premsa\/el-cofb-als-mitjans\/","url":"https:\/\/novaorg.cofb.net\/premsa\/sala-de-premsa\/el-cofb-als-mitjans\/","name":"El COFB als mitjans - Col\u00b7legi de Farmac\u00e8utics de Barcelona","isPartOf":{"@id":"https:\/\/www.cofb.org\/#website"},"primaryImageOfPage":{"@id":"https:\/\/novaorg.cofb.net\/premsa\/sala-de-premsa\/el-cofb-als-mitjans\/#primaryimage"},"image":{"@id":"https:\/\/novaorg.cofb.net\/premsa\/sala-de-premsa\/el-cofb-als-mitjans\/#primaryimage"},"thumbnailUrl":"https:\/\/www.cofb.org\/wp-content\/uploads\/2023\/07\/Premsa-SalaDePremsa2.PNG-1024x316.png","datePublished":"2023-06-15T09:08:11+00:00","dateModified":"2023-09-08T09:45:12+00:00","breadcrumb":{"@id":"https:\/\/novaorg.cofb.net\/premsa\/sala-de-premsa\/el-cofb-als-mitjans\/#breadcrumb"},"inLanguage":"es","potentialAction":[{"@type":"ReadAction","target":["https:\/\/novaorg.cofb.net\/premsa\/sala-de-premsa\/el-cofb-als-mitjans\/"]}]},{"@type":"ImageObject","inLanguage":"es","@id":"https:\/\/novaorg.cofb.net\/premsa\/sala-de-premsa\/el-cofb-als-mitjans\/#primaryimage","url":"https:\/\/www.cofb.org\/wp-content\/uploads\/2023\/07\/Premsa-SalaDePremsa2.PNG-1024x316.png","contentUrl":"https:\/\/www.cofb.org\/wp-content\/uploads\/2023\/07\/Premsa-SalaDePremsa2.PNG-1024x316.png"},{"@type":"BreadcrumbList","@id":"https:\/\/novaorg.cofb.net\/premsa\/sala-de-premsa\/el-cofb-als-mitjans\/#breadcrumb","itemListElement":[{"@type":"ListItem","position":1,"name":"Inici","item":"https:\/\/novaorg.cofb.net\/"},{"@type":"ListItem","position":2,"name":"Premsa","item":"https:\/\/novaorg.cofb.net\/premsa\/"},{"@type":"ListItem","position":3,"name":"Sala de premsa","item":"https:\/\/novaorg.cofb.net\/premsa\/sala-de-premsa\/"},{"@type":"ListItem","position":4,"name":"El COFB als mitjans"}]},{"@type":"WebSite","@id":"https:\/\/www.cofb.org\/#website","url":"https:\/\/www.cofb.org\/","name":"Col\u00b7legi de Farmac\u00e8utics de Barcelona","description":"","publisher":{"@id":"https:\/\/www.cofb.org\/#organization"},"potentialAction":[{"@type":"SearchAction","target":{"@type":"EntryPoint","urlTemplate":"https:\/\/www.cofb.org\/?s={search_term_string}"},"query-input":"required name=search_term_string"}],"inLanguage":"es"},{"@type":"Organization","@id":"https:\/\/www.cofb.org\/#organization","name":"Col\u00b7legi de Farmac\u00e8utics de Barcelona","url":"https:\/\/www.cofb.org\/","logo":{"@type":"ImageObject","inLanguage":"es","@id":"https:\/\/www.cofb.org\/#\/schema\/logo\/image\/","url":"https:\/\/www.cofb.org\/wp-content\/uploads\/2023\/11\/cropped-Logotip-COFB.png","contentUrl":"https:\/\/www.cofb.org\/wp-content\/uploads\/2023\/11\/cropped-Logotip-COFB.png","width":500,"height":105,"caption":"Col\u00b7legi de Farmac\u00e8utics de Barcelona"},"image":{"@id":"https:\/\/www.cofb.org\/#\/schema\/logo\/image\/"},"sameAs":["https:\/\/www.facebook.com\/farmaceuticsbcn\/","https:\/\/twitter.com\/farmaceuticsbcn","https:\/\/www.instagram.com\/farmaceuticsbcn\/","https:\/\/www.linkedin.com\/company\/farmaceuticsbcn\/"]}]}},"uagb_featured_image_src":{"full":false,"thumbnail":false,"medium":false,"medium_large":false,"large":false,"1536x1536":false,"2048x2048":false,"trp-custom-language-flag":false},"uagb_author_info":{"display_name":"wpAdminCofbOrg","author_link":"https:\/\/www.cofb.org\/es\/author\/wpadmincofborg\/"},"uagb_comment_info":0,"uagb_excerpt":"Cada mes, el&nbsp;Blog del Col\u00b7legi&nbsp;recull els temes en qu\u00e8 el COFB ha estat not\u00edcia o font d&#8217;informaci\u00f3, i que han tingut m\u00e9s repercussi\u00f3 en els mitjans. Els serveis professionals, l&#8217;activitat formativa del COFB o&nbsp;les&nbsp;consultes relacionades amb medicaments en s\u00f3n alguns exemples.&nbsp; En\u00a0aquest enlla\u00e7\u00a0pots consultar els reculls publicats darrerament.\u00a0","_links":{"self":[{"href":"https:\/\/www.cofb.org\/es\/wp-json\/wp\/v2\/pages\/2994","targetHints":{"allow":["GET"]}}],"collection":[{"href":"https:\/\/www.cofb.org\/es\/wp-json\/wp\/v2\/pages"}],"about":[{"href":"https:\/\/www.cofb.org\/es\/wp-json\/wp\/v2\/types\/page"}],"author":[{"embeddable":true,"href":"https:\/\/www.cofb.org\/es\/wp-json\/wp\/v2\/users\/1"}],"replies":[{"embeddable":true,"href":"https:\/\/www.cofb.org\/es\/wp-json\/wp\/v2\/comments?post=2994"}],"version-history":[{"count":4,"href":"https:\/\/www.cofb.org\/es\/wp-json\/wp\/v2\/pages\/2994\/revisions"}],"predecessor-version":[{"id":68389,"href":"https:\/\/www.cofb.org\/es\/wp-json\/wp\/v2\/pages\/2994\/revisions\/68389"}],"up":[{"embeddable":true,"href":"https:\/\/www.cofb.org\/es\/wp-json\/wp\/v2\/pages\/2987"}],"wp:attachment":[{"href":"https:\/\/www.cofb.org\/es\/wp-json\/wp\/v2\/media?parent=2994"}],"curies":[{"name":"wp","href":"https:\/\/api.w.org\/{rel}","templated":true}]}}