{"id":2969,"date":"2023-06-14T13:54:14","date_gmt":"2023-06-14T13:54:14","guid":{"rendered":"https:\/\/novaorg.cofb.net\/?page_id=2969"},"modified":"2023-07-26T10:22:29","modified_gmt":"2023-07-26T10:22:29","slug":"borsa-de-treball","status":"publish","type":"page","link":"https:\/\/www.cofb.org\/es\/que-oferim\/empreses-entitats\/borsa-de-treball\/","title":{"rendered":"Bolsa de trabajo"},"content":{"rendered":"<p id=\"yui_patched_v3_11_0_1_1689752163159_284\">La&nbsp;<strong>bolsa de trabajo&nbsp;<\/strong>del<strong>&nbsp;Col\u00b7legi de Farmac\u00e8utics de Barcelona&nbsp;<\/strong>se caracteriza por ser pr\u00e1ctica y f\u00e1cil de utilizar, tanto por las&nbsp;<strong>empresas&nbsp;<\/strong>como por los&nbsp;<strong>candidatos\/as<\/strong>. Adem\u00e1s, entre otras funcionalidades, ahora tambi\u00e9n ofrece la posibilidad de que&nbsp;<strong>farmac\u00e9uticos no colegiados en la provincia de Barcelona<\/strong>, previa validaci\u00f3n de su titulaci\u00f3n, puedan acceder. Con todo ello, se consigue dotar al portal de&nbsp;<strong>m\u00e1s calidad<\/strong>, con una&nbsp;<strong>oferta de candidatos m\u00e1s amplia y renovada.<\/strong><\/p>\n\n\n\n<div class=\"wp-block-uagb-image uagb-block-dd4fa4a7 wp-block-uagb-image--layout-default wp-block-uagb-image--effect-static wp-block-uagb-image--align-none\"><figure class=\"wp-block-uagb-image__figure\"><img loading=\"lazy\" decoding=\"async\" srcset=\"https:\/\/www.cofb.org\/wp-content\/uploads\/2023\/07\/COFB_imatgeBorsadetreball_cat_2-1024x508.jpg \" sizes=\"auto, (max-width: 480px) 150px\" src=\"https:\/\/www.cofb.org\/wp-content\/uploads\/2023\/07\/COFB_imatgeBorsadetreball_cat_2-1024x508.jpg\" alt=\"\" class=\"uag-image-67318\" width=\"1450\" height=\"508\" title=\"\"\/><\/figure><\/div>\n\n\n\n<h2 class=\"wp-block-heading\">Acceso candidatos\/as<\/h2>\n\n\n\n<div class=\"wp-block-uagb-container uagb-block-821e0111 alignfull uagb-is-root-container\"><div class=\"uagb-container-inner-blocks-wrap\">\n<div class=\"wp-block-uagb-container uagb-block-b7d8c2a8\">\n<figure class=\"wp-block-image size-full\"><img fetchpriority=\"high\" decoding=\"async\" width=\"300\" height=\"281\" src=\"https:\/\/www.cofb.org\/wp-content\/uploads\/2023\/07\/image-1.png\" alt=\"\" class=\"wp-image-67554\"\/><\/figure>\n<\/div>\n\n\n\n<div class=\"wp-block-uagb-container uagb-block-ff1637dd\">\n<ul class=\"wp-block-list\">\n<li>Si eres colegiado o precolegiado del COF de Barcelona, podr\u00e1s realizar estas gestiones a trav\u00e9s de la&nbsp;<a rel=\"noreferrer noopener\" href=\"https:\/\/farmaceutics.cofb.net\/group\/guest\/borsa-de-treball\" target=\"_blank\">web de colegiados<\/a>.<\/li>\n\n\n\n<li>Si no est\u00e1s colegiado en el COF de Barcelona, una vez que te hayas&nbsp;<a rel=\"noreferrer noopener\" href=\"https:\/\/cofb.cvtools.com\/persona\/WebLinkEntryPoint.php?idowner=34511&amp;code=AltaCandidatos-Externos\" target=\"_blank\">registrado&nbsp;<\/a>como candidato, podr\u00e1s acceder a la bolsa de trabajo a trav\u00e9s&nbsp;<a rel=\"noreferrer noopener\" href=\"https:\/\/cofb.cvtools.com\/persona\/WebLinkEntryPoint.php?idowner=34511&amp;code=AccesoCandidatos-Externos\" target=\"_blank\">de este enlace<\/a>.<\/li>\n<\/ul>\n<\/div>\n<\/div><\/div>\n\n\n\n<cite id=\"yui_patched_v3_11_0_1_1687961721061_298\">Si no est\u00e1s colegiado en el COF de Barcelona, tendr\u00e1s que enviar documentaci\u00f3n acreditativa de la titulaci\u00f3n como Farmac\u00e9utico con validez en el Estado espa\u00f1ol. Este tr\u00e1mite es imprescindible para poder acceder a la bolsa de trabajo del COFB. <\/cite>\n\n\n\n<h2 class=\"wp-block-heading\">Acceso empresas<a href=\"javascript: window.print()\"><\/a><\/h2>\n\n\n\n<div class=\"wp-block-uagb-container uagb-block-1b89562f alignfull uagb-is-root-container\"><div class=\"uagb-container-inner-blocks-wrap\">\n<div class=\"wp-block-uagb-container uagb-block-ce5f5ad5\">\n<figure class=\"wp-block-image size-full\"><img decoding=\"async\" width=\"300\" height=\"281\" src=\"https:\/\/www.cofb.org\/wp-content\/uploads\/2023\/07\/image-2.png\" alt=\"\" class=\"wp-image-67556\"\/><\/figure>\n<\/div>\n\n\n\n<div class=\"wp-block-uagb-container uagb-block-f97ea0f9\">\n<ul class=\"wp-block-list\">\n<li>Si accedes como oficina de farmacia de la provincia de Barcelona, podr\u00e1s hacer estas gestiones a trav\u00e9s de la la&nbsp;<a rel=\"noreferrer noopener\" href=\"https:\/\/farmaceutics.cofb.net\/group\/guest\/borsa-de-treball\" target=\"_blank\">web de colegiados<\/a>.<\/li>\n\n\n\n<li>Para el resto de situaciones, podr\u00e1s publicar tus ofertas entrando&nbsp;<a rel=\"noreferrer noopener\" href=\"https:\/\/cofb.cvtools.com\/persona\/WebLinkEntryPoint.php?idowner=34511&amp;code=Empresa_login\" target=\"_blank\">aqu\u00ed<\/a>.<\/li>\n<\/ul>\n<\/div>\n<\/div><\/div>\n\n\n\n<h2 class=\"wp-block-heading\">Ventajas de la bolsa de trabajo<\/h2>\n\n\n\n<h3 class=\"wp-block-heading\">Ventajas para los candidatos\/as<\/h3>\n\n\n\n<p><strong>Si eres farmac\u00e9utico\/a y est\u00e1s buscando trabajo, la bolsa de trabajo online del COFB te ofrece una serie de ofertas que puedes consultar. Cuando te hayas registrado como candidato, podr\u00e1s inscribirte en las ofertas que te interesen en el momento que desees, as\u00ed como actualizar la informaci\u00f3n personal de tu perfil.<\/strong><\/p>\n\n\n\n<h3 class=\"wp-block-heading\">Ventajas para las empresas<\/h3>\n\n\n\n<p><strong>El Col\u00b7legi de Farmac\u00e8utics de Barcelona pone a disposici\u00f3n de las oficinas de farmacia y las empresas una bolsa de trabajo en l\u00ednea, la cual permite publicar de manera r\u00e1pida y gratuita las ofertas de trabajo y contactar directamente con los candidatos.<\/strong><\/p>\n\n\n\n<p>Los farmac\u00e9uticos que se registren como candidatos a la bolsa de trabajo, tienen acceso a todas las ofertas publicadas. En el momento en que un candidato se inscriba en tu oferta, como empresa podr\u00e1s consultar la informaci\u00f3n de su perfil, visualizar todos los candidatos inscritos en la oferta y escoger el que m\u00e1s se adapte al puesto de trabajo deseado cubrir.<\/p>\n\n\n\n<ul class=\"wp-block-list\">\n<li>Se puede optar porque aparezca o no el nombre de la farmacia o empresa.<\/li>\n\n\n\n<li>Una vez publicada, la empresa recibir\u00e1 un aviso cada vez que se inscriba a un nuevo candidato.<\/li>\n<\/ul>","protected":false},"excerpt":{"rendered":"<p>La bolsa de trabajo del Colegio de Farmac\u00e9uticos de Barcelona se caracteriza por ser pr\u00e1ctica y f\u00e1cil de utilizar, tanto por las empresas como por los candidatos\/as. Adem\u00e1s, entre otras funcionalidades, ahora tambi\u00e9n ofrece la posibilidad de que farmac\u00e9uticos no colegiados en la provincia de Barcelona, previa validaci\u00f3n de su titulaci\u00f3n, puedan acceder a ellos. Con todo ello, se consigue dotar al portal de mayor calidad, con una oferta [\u2026]<\/p>","protected":false},"author":1,"featured_media":0,"parent":2963,"menu_order":0,"comment_status":"closed","ping_status":"closed","template":"","meta":{"_uag_custom_page_level_css":"","site-sidebar-layout":"default","site-content-layout":"","ast-site-content-layout":"default","site-content-style":"default","site-sidebar-style":"default","ast-global-header-display":"","ast-banner-title-visibility":"","ast-main-header-display":"","ast-hfb-above-header-display":"","ast-hfb-below-header-display":"","ast-hfb-mobile-header-display":"","site-post-title":"","ast-breadcrumbs-content":"","ast-featured-img":"","footer-sml-layout":"","theme-transparent-header-meta":"","adv-header-id-meta":"","stick-header-meta":"","header-above-stick-meta":"","header-main-stick-meta":"","header-below-stick-meta":"","astra-migrate-meta-layouts":"default","ast-page-background-enabled":"default","ast-page-background-meta":{"desktop":{"background-color":"var(--ast-global-color-4)","background-image":"","background-repeat":"repeat","background-position":"center center","background-size":"auto","background-attachment":"scroll","background-type":"","background-media":"","overlay-type":"","overlay-color":"","overlay-opacity":"","overlay-gradient":""},"tablet":{"background-color":"","background-image":"","background-repeat":"repeat","background-position":"center center","background-size":"auto","background-attachment":"scroll","background-type":"","background-media":"","overlay-type":"","overlay-color":"","overlay-opacity":"","overlay-gradient":""},"mobile":{"background-color":"","background-image":"","background-repeat":"repeat","background-position":"center center","background-size":"auto","background-attachment":"scroll","background-type":"","background-media":"","overlay-type":"","overlay-color":"","overlay-opacity":"","overlay-gradient":""}},"ast-content-background-meta":{"desktop":{"background-color":"var(--ast-global-color-5)","background-image":"","background-repeat":"repeat","background-position":"center center","background-size":"auto","background-attachment":"scroll","background-type":"","background-media":"","overlay-type":"","overlay-color":"","overlay-opacity":"","overlay-gradient":""},"tablet":{"background-color":"var(--ast-global-color-5)","background-image":"","background-repeat":"repeat","background-position":"center center","background-size":"auto","background-attachment":"scroll","background-type":"","background-media":"","overlay-type":"","overlay-color":"","overlay-opacity":"","overlay-gradient":""},"mobile":{"background-color":"var(--ast-global-color-5)","background-image":"","background-repeat":"repeat","background-position":"center center","background-size":"auto","background-attachment":"scroll","background-type":"","background-media":"","overlay-type":"","overlay-color":"","overlay-opacity":"","overlay-gradient":""}},"footnotes":""},"class_list":["post-2969","page","type-page","status-publish","hentry"],"yoast_head":"<!-- This site is optimized with the Yoast SEO plugin v22.4 - https:\/\/yoast.com\/wordpress\/plugins\/seo\/ -->\n<title>Borsa de treball - Col\u00b7legi de Farmac\u00e8utics de Barcelona<\/title>\n<meta name=\"robots\" content=\"index, follow, max-snippet:-1, max-image-preview:large, max-video-preview:-1\" \/>\n<link rel=\"canonical\" href=\"https:\/\/novaorg.cofb.net\/que-oferim\/empreses-entitats\/borsa-de-treball\/\" \/>\n<meta property=\"og:locale\" content=\"es_ES\" \/>\n<meta property=\"og:type\" content=\"article\" \/>\n<meta property=\"og:title\" content=\"Borsa de treball - Col\u00b7legi de Farmac\u00e8utics de Barcelona\" \/>\n<meta property=\"og:description\" content=\"La&nbsp;borsa de treball&nbsp;del&nbsp;Col\u00b7legi de Farmac\u00e8utics de Barcelona&nbsp;es caracteritza per ser&nbsp;pr\u00e0ctica i f\u00e0cil d&#8217;utilitzar,&nbsp;tant per les&nbsp;empreses&nbsp;com pels&nbsp;candidats\/es. A m\u00e9s, entre altres funcionalitats, ara tamb\u00e9 ofereix la possibilitat que&nbsp;farmac\u00e8utics no col\u00b7legiats a la prov\u00edncia de Barcelona,&nbsp;pr\u00e8via validaci\u00f3 de la seva titulaci\u00f3,&nbsp;puguin accedir-hi.&nbsp;Amb tot plegat, s\u2019aconsegueix dotar al portal de&nbsp;m\u00e9s qualitat, amb una&nbsp;oferta [&hellip;]\" \/>\n<meta property=\"og:url\" content=\"https:\/\/novaorg.cofb.net\/que-oferim\/empreses-entitats\/borsa-de-treball\/\" \/>\n<meta property=\"og:site_name\" content=\"Col\u00b7legi de Farmac\u00e8utics de Barcelona\" \/>\n<meta property=\"article:publisher\" content=\"https:\/\/www.facebook.com\/farmaceuticsbcn\/\" \/>\n<meta property=\"article:modified_time\" content=\"2023-07-26T10:22:29+00:00\" \/>\n<meta property=\"og:image\" content=\"https:\/\/novaorg.cofb.net\/wp-content\/uploads\/2023\/07\/COFB_imatgeBorsadetreball_cat_2-1024x508.jpg\" \/>\n<meta name=\"twitter:card\" content=\"summary_large_image\" \/>\n<meta name=\"twitter:site\" content=\"@farmaceuticsbcn\" \/>\n<meta name=\"twitter:label1\" content=\"Tiempo de lectura\" \/>\n\t<meta name=\"twitter:data1\" content=\"2 minutos\" \/>\n<script type=\"application\/ld+json\" class=\"yoast-schema-graph\">{\"@context\":\"https:\/\/schema.org\",\"@graph\":[{\"@type\":\"WebPage\",\"@id\":\"https:\/\/novaorg.cofb.net\/que-oferim\/empreses-entitats\/borsa-de-treball\/\",\"url\":\"https:\/\/novaorg.cofb.net\/que-oferim\/empreses-entitats\/borsa-de-treball\/\",\"name\":\"Borsa de treball - Col\u00b7legi de Farmac\u00e8utics de Barcelona\",\"isPartOf\":{\"@id\":\"https:\/\/www.cofb.org\/#website\"},\"primaryImageOfPage\":{\"@id\":\"https:\/\/novaorg.cofb.net\/que-oferim\/empreses-entitats\/borsa-de-treball\/#primaryimage\"},\"image\":{\"@id\":\"https:\/\/novaorg.cofb.net\/que-oferim\/empreses-entitats\/borsa-de-treball\/#primaryimage\"},\"thumbnailUrl\":\"https:\/\/www.cofb.org\/wp-content\/uploads\/2023\/07\/COFB_imatgeBorsadetreball_cat_2-1024x508.jpg\",\"datePublished\":\"2023-06-14T13:54:14+00:00\",\"dateModified\":\"2023-07-26T10:22:29+00:00\",\"breadcrumb\":{\"@id\":\"https:\/\/novaorg.cofb.net\/que-oferim\/empreses-entitats\/borsa-de-treball\/#breadcrumb\"},\"inLanguage\":\"es\",\"potentialAction\":[{\"@type\":\"ReadAction\",\"target\":[\"https:\/\/novaorg.cofb.net\/que-oferim\/empreses-entitats\/borsa-de-treball\/\"]}]},{\"@type\":\"ImageObject\",\"inLanguage\":\"es\",\"@id\":\"https:\/\/novaorg.cofb.net\/que-oferim\/empreses-entitats\/borsa-de-treball\/#primaryimage\",\"url\":\"https:\/\/www.cofb.org\/wp-content\/uploads\/2023\/07\/COFB_imatgeBorsadetreball_cat_2-1024x508.jpg\",\"contentUrl\":\"https:\/\/www.cofb.org\/wp-content\/uploads\/2023\/07\/COFB_imatgeBorsadetreball_cat_2-1024x508.jpg\"},{\"@type\":\"BreadcrumbList\",\"@id\":\"https:\/\/novaorg.cofb.net\/que-oferim\/empreses-entitats\/borsa-de-treball\/#breadcrumb\",\"itemListElement\":[{\"@type\":\"ListItem\",\"position\":1,\"name\":\"Inici\",\"item\":\"https:\/\/novaorg.cofb.net\/\"},{\"@type\":\"ListItem\",\"position\":2,\"name\":\"Qu\u00e8 oferim?\",\"item\":\"https:\/\/novaorg.cofb.net\/que-oferim\/\"},{\"@type\":\"ListItem\",\"position\":3,\"name\":\"Empreses\/Entitats\",\"item\":\"https:\/\/novaorg.cofb.net\/que-oferim\/empreses-entitats\/\"},{\"@type\":\"ListItem\",\"position\":4,\"name\":\"Borsa de treball\"}]},{\"@type\":\"WebSite\",\"@id\":\"https:\/\/www.cofb.org\/#website\",\"url\":\"https:\/\/www.cofb.org\/\",\"name\":\"Col\u00b7legi de Farmac\u00e8utics de Barcelona\",\"description\":\"\",\"publisher\":{\"@id\":\"https:\/\/www.cofb.org\/#organization\"},\"potentialAction\":[{\"@type\":\"SearchAction\",\"target\":{\"@type\":\"EntryPoint\",\"urlTemplate\":\"https:\/\/www.cofb.org\/?s={search_term_string}\"},\"query-input\":\"required name=search_term_string\"}],\"inLanguage\":\"es\"},{\"@type\":\"Organization\",\"@id\":\"https:\/\/www.cofb.org\/#organization\",\"name\":\"Col\u00b7legi de Farmac\u00e8utics de Barcelona\",\"url\":\"https:\/\/www.cofb.org\/\",\"logo\":{\"@type\":\"ImageObject\",\"inLanguage\":\"es\",\"@id\":\"https:\/\/www.cofb.org\/#\/schema\/logo\/image\/\",\"url\":\"https:\/\/www.cofb.org\/wp-content\/uploads\/2023\/11\/cropped-Logotip-COFB.png\",\"contentUrl\":\"https:\/\/www.cofb.org\/wp-content\/uploads\/2023\/11\/cropped-Logotip-COFB.png\",\"width\":500,\"height\":105,\"caption\":\"Col\u00b7legi de Farmac\u00e8utics de Barcelona\"},\"image\":{\"@id\":\"https:\/\/www.cofb.org\/#\/schema\/logo\/image\/\"},\"sameAs\":[\"https:\/\/www.facebook.com\/farmaceuticsbcn\/\",\"https:\/\/twitter.com\/farmaceuticsbcn\",\"https:\/\/www.instagram.com\/farmaceuticsbcn\/\",\"https:\/\/www.linkedin.com\/company\/farmaceuticsbcn\/\"]}]}<\/script>\n<!-- \/ Yoast SEO plugin. -->","yoast_head_json":{"title":"Borsa de treball - Col\u00b7legi de Farmac\u00e8utics de Barcelona","robots":{"index":"index","follow":"follow","max-snippet":"max-snippet:-1","max-image-preview":"max-image-preview:large","max-video-preview":"max-video-preview:-1"},"canonical":"https:\/\/novaorg.cofb.net\/que-oferim\/empreses-entitats\/borsa-de-treball\/","og_locale":"es_ES","og_type":"article","og_title":"Borsa de treball - Col\u00b7legi de Farmac\u00e8utics de Barcelona","og_description":"La&nbsp;borsa de treball&nbsp;del&nbsp;Col\u00b7legi de Farmac\u00e8utics de Barcelona&nbsp;es caracteritza per ser&nbsp;pr\u00e0ctica i f\u00e0cil d&#8217;utilitzar,&nbsp;tant per les&nbsp;empreses&nbsp;com pels&nbsp;candidats\/es. A m\u00e9s, entre altres funcionalitats, ara tamb\u00e9 ofereix la possibilitat que&nbsp;farmac\u00e8utics no col\u00b7legiats a la prov\u00edncia de Barcelona,&nbsp;pr\u00e8via validaci\u00f3 de la seva titulaci\u00f3,&nbsp;puguin accedir-hi.&nbsp;Amb tot plegat, s\u2019aconsegueix dotar al portal de&nbsp;m\u00e9s qualitat, amb una&nbsp;oferta [&hellip;]","og_url":"https:\/\/novaorg.cofb.net\/que-oferim\/empreses-entitats\/borsa-de-treball\/","og_site_name":"Col\u00b7legi de Farmac\u00e8utics de Barcelona","article_publisher":"https:\/\/www.facebook.com\/farmaceuticsbcn\/","article_modified_time":"2023-07-26T10:22:29+00:00","og_image":[{"url":"https:\/\/novaorg.cofb.net\/wp-content\/uploads\/2023\/07\/COFB_imatgeBorsadetreball_cat_2-1024x508.jpg"}],"twitter_card":"summary_large_image","twitter_site":"@farmaceuticsbcn","twitter_misc":{"Tiempo de lectura":"2 minutos"},"schema":{"@context":"https:\/\/schema.org","@graph":[{"@type":"WebPage","@id":"https:\/\/novaorg.cofb.net\/que-oferim\/empreses-entitats\/borsa-de-treball\/","url":"https:\/\/novaorg.cofb.net\/que-oferim\/empreses-entitats\/borsa-de-treball\/","name":"Borsa de treball - Col\u00b7legi de Farmac\u00e8utics de Barcelona","isPartOf":{"@id":"https:\/\/www.cofb.org\/#website"},"primaryImageOfPage":{"@id":"https:\/\/novaorg.cofb.net\/que-oferim\/empreses-entitats\/borsa-de-treball\/#primaryimage"},"image":{"@id":"https:\/\/novaorg.cofb.net\/que-oferim\/empreses-entitats\/borsa-de-treball\/#primaryimage"},"thumbnailUrl":"https:\/\/www.cofb.org\/wp-content\/uploads\/2023\/07\/COFB_imatgeBorsadetreball_cat_2-1024x508.jpg","datePublished":"2023-06-14T13:54:14+00:00","dateModified":"2023-07-26T10:22:29+00:00","breadcrumb":{"@id":"https:\/\/novaorg.cofb.net\/que-oferim\/empreses-entitats\/borsa-de-treball\/#breadcrumb"},"inLanguage":"es","potentialAction":[{"@type":"ReadAction","target":["https:\/\/novaorg.cofb.net\/que-oferim\/empreses-entitats\/borsa-de-treball\/"]}]},{"@type":"ImageObject","inLanguage":"es","@id":"https:\/\/novaorg.cofb.net\/que-oferim\/empreses-entitats\/borsa-de-treball\/#primaryimage","url":"https:\/\/www.cofb.org\/wp-content\/uploads\/2023\/07\/COFB_imatgeBorsadetreball_cat_2-1024x508.jpg","contentUrl":"https:\/\/www.cofb.org\/wp-content\/uploads\/2023\/07\/COFB_imatgeBorsadetreball_cat_2-1024x508.jpg"},{"@type":"BreadcrumbList","@id":"https:\/\/novaorg.cofb.net\/que-oferim\/empreses-entitats\/borsa-de-treball\/#breadcrumb","itemListElement":[{"@type":"ListItem","position":1,"name":"Inici","item":"https:\/\/novaorg.cofb.net\/"},{"@type":"ListItem","position":2,"name":"Qu\u00e8 oferim?","item":"https:\/\/novaorg.cofb.net\/que-oferim\/"},{"@type":"ListItem","position":3,"name":"Empreses\/Entitats","item":"https:\/\/novaorg.cofb.net\/que-oferim\/empreses-entitats\/"},{"@type":"ListItem","position":4,"name":"Borsa de treball"}]},{"@type":"WebSite","@id":"https:\/\/www.cofb.org\/#website","url":"https:\/\/www.cofb.org\/","name":"Col\u00b7legi de Farmac\u00e8utics de Barcelona","description":"","publisher":{"@id":"https:\/\/www.cofb.org\/#organization"},"potentialAction":[{"@type":"SearchAction","target":{"@type":"EntryPoint","urlTemplate":"https:\/\/www.cofb.org\/?s={search_term_string}"},"query-input":"required name=search_term_string"}],"inLanguage":"es"},{"@type":"Organization","@id":"https:\/\/www.cofb.org\/#organization","name":"Col\u00b7legi de Farmac\u00e8utics de Barcelona","url":"https:\/\/www.cofb.org\/","logo":{"@type":"ImageObject","inLanguage":"es","@id":"https:\/\/www.cofb.org\/#\/schema\/logo\/image\/","url":"https:\/\/www.cofb.org\/wp-content\/uploads\/2023\/11\/cropped-Logotip-COFB.png","contentUrl":"https:\/\/www.cofb.org\/wp-content\/uploads\/2023\/11\/cropped-Logotip-COFB.png","width":500,"height":105,"caption":"Col\u00b7legi de Farmac\u00e8utics de Barcelona"},"image":{"@id":"https:\/\/www.cofb.org\/#\/schema\/logo\/image\/"},"sameAs":["https:\/\/www.facebook.com\/farmaceuticsbcn\/","https:\/\/twitter.com\/farmaceuticsbcn","https:\/\/www.instagram.com\/farmaceuticsbcn\/","https:\/\/www.linkedin.com\/company\/farmaceuticsbcn\/"]}]}},"uagb_featured_image_src":{"full":false,"thumbnail":false,"medium":false,"medium_large":false,"large":false,"1536x1536":false,"2048x2048":false,"trp-custom-language-flag":false},"uagb_author_info":{"display_name":"wpAdminCofbOrg","author_link":"https:\/\/www.cofb.org\/es\/author\/wpadmincofborg\/"},"uagb_comment_info":0,"uagb_excerpt":"La&nbsp;borsa de treball&nbsp;del&nbsp;Col\u00b7legi de Farmac\u00e8utics de Barcelona&nbsp;es caracteritza per ser&nbsp;pr\u00e0ctica i f\u00e0cil d&#8217;utilitzar,&nbsp;tant per les&nbsp;empreses&nbsp;com pels&nbsp;candidats\/es. A m\u00e9s, entre altres funcionalitats, ara tamb\u00e9 ofereix la possibilitat que&nbsp;farmac\u00e8utics no col\u00b7legiats a la prov\u00edncia de Barcelona,&nbsp;pr\u00e8via validaci\u00f3 de la seva titulaci\u00f3,&nbsp;puguin accedir-hi.&nbsp;Amb tot plegat, s\u2019aconsegueix dotar al portal de&nbsp;m\u00e9s qualitat, amb una&nbsp;oferta [&hellip;]","_links":{"self":[{"href":"https:\/\/www.cofb.org\/es\/wp-json\/wp\/v2\/pages\/2969","targetHints":{"allow":["GET"]}}],"collection":[{"href":"https:\/\/www.cofb.org\/es\/wp-json\/wp\/v2\/pages"}],"about":[{"href":"https:\/\/www.cofb.org\/es\/wp-json\/wp\/v2\/types\/page"}],"author":[{"embeddable":true,"href":"https:\/\/www.cofb.org\/es\/wp-json\/wp\/v2\/users\/1"}],"replies":[{"embeddable":true,"href":"https:\/\/www.cofb.org\/es\/wp-json\/wp\/v2\/comments?post=2969"}],"version-history":[{"count":3,"href":"https:\/\/www.cofb.org\/es\/wp-json\/wp\/v2\/pages\/2969\/revisions"}],"predecessor-version":[{"id":67559,"href":"https:\/\/www.cofb.org\/es\/wp-json\/wp\/v2\/pages\/2969\/revisions\/67559"}],"up":[{"embeddable":true,"href":"https:\/\/www.cofb.org\/es\/wp-json\/wp\/v2\/pages\/2963"}],"wp:attachment":[{"href":"https:\/\/www.cofb.org\/es\/wp-json\/wp\/v2\/media?parent=2969"}],"curies":[{"name":"wp","href":"https:\/\/api.w.org\/{rel}","templated":true}]}}