{"id":2965,"date":"2023-06-14T13:53:19","date_gmt":"2023-06-14T13:53:19","guid":{"rendered":"https:\/\/novaorg.cofb.net\/?page_id=2965"},"modified":"2023-10-06T07:08:49","modified_gmt":"2023-10-06T07:08:49","slug":"patrocinis-i-collaboracions","status":"publish","type":"page","link":"https:\/\/www.cofb.org\/es\/que-oferim\/empreses-entitats\/patrocinis-i-collaboracions\/","title":{"rendered":"Patrocinios y colaboraciones"},"content":{"rendered":"<h2 class=\"wp-block-heading\">\u00bfQu\u00e9 te aporta como empresa?<\/h2>\n\n\n\n<ul class=\"wp-block-list\">\n<li>Posibilidad de ofrecer a los farmac\u00e9uticos<strong>&nbsp;formaci\u00f3n espec\u00edfica y orientada a sus necesidades.<\/strong><\/li>\n\n\n\n<li>Posicionamiento como<strong>&nbsp;a empresa innovadora que apuesta por el desarrollo de la profesi\u00f3n farmac\u00e9utica.<\/strong><\/li>\n\n\n\n<li><strong>Fortalecer el compromiso con el bienestar y la salud de las personas.<\/strong><\/li>\n\n\n\n<li><strong>\u200bUna mejor estrategia comercial y de marketing.<\/strong><\/li>\n<\/ul>\n\n\n\n<h2 class=\"wp-block-heading\">\u00bfQu\u00e9 te puede ofrecer el COFB?<\/h2>\n\n\n\n<p><\/p>\n\n\n\n<h3 class=\"wp-block-heading\">Colaboraci\u00f3n en formaci\u00f3n<\/h3>\n\n\n\n<p>Cada a\u00f1o el&nbsp;<strong>Col\u00b7legi de Farmac\u00e8utics de Barcelona<\/strong>&nbsp;programa diferentes&nbsp;<a href=\"https:\/\/www.cofb.org\/es\/que-oferim\/farmaceutics\/serveis\/formacio-i-projectes\/activitats\/\" target=\"_blank\" rel=\"noreferrer noopener\">actividades de formaci\u00f3n continuada<\/a>&nbsp;para los farmac\u00e9uticos de&nbsp;<strong>farmacia comunitaria, hospital y atenci\u00f3n primaria<\/strong>, entre otros \u00e1mbitos de ejercicio de la profesi\u00f3n. Esta actividad formativa es fruto de las inquietudes del colectivo por estar actualizado y bien preparado y est\u00e1 motivada por la necesidad de adaptaci\u00f3n a este sector tan din\u00e1mico.<\/p>\n\n\n\n<p>Cada vez m\u00e1s, las pol\u00edticas de marketing y comunicaci\u00f3n de las empresas relacionadas con el sector incluyen la formaci\u00f3n de los profesionales sanitarios, tanto en el \u00e1mbito del conocimiento de los medicamentos y la atenci\u00f3n farmac\u00e9utica como en el de las habilidades directivas. En este sentido, los temas que se abordan en las&nbsp;<a rel=\"noreferrer noopener\" href=\"https:\/\/www.cofb.org\/es\/que-oferim\/farmaceutics\/serveis\/formacio-i-projectes\/activitats\/\" target=\"_blank\">diferentes actividades<\/a><strong>&nbsp;<\/strong>programadas por el COFB<strong>&nbsp;pueden ser de su inter\u00e9s por establecer una acci\u00f3n de patrocinio o colaboraci\u00f3n.<\/strong> <\/p>\n\n\n\n<p>Estamos abiertos a recibir propuestas o iniciativas que ayuden a ampliar los conocimientos del colectivo y desarrollar la profesi\u00f3n.<\/p>\n\n\n\n<p class=\"icones\"><img decoding=\"async\" src=\"https:\/\/www.cofb.org\/documents\/10136\/1067764\/flecha.png\/71d65293-c5b9-480e-a666-8b56fbeb34d0?t=1542979928000\" alt=\"\">&nbsp;<a href=\"https:\/\/www.cofb.org\/es\/que-oferim\/empreses-entitats\/patrocinis-i-collaboracions\/casos-dexit-formacio\/\" data-type=\"page\" data-id=\"68535\">Ejemplos de \u00e9xito<\/a><\/p>\n\n\n\n<h3 class=\"wp-block-heading\">Implicaci\u00f3n en proyectos y campa\u00f1as sanitarias<\/h3>\n\n\n\n<p>Desde el <strong>COFB <\/strong>se impulsan diferentes&nbsp;<strong>proyectos y campa\u00f1as sanitarias<\/strong>&nbsp;con el objetivo de contribuir a&nbsp;<strong>mejorar la salud del entorno, fortalecer la profesi\u00f3n farmac\u00e9utica&nbsp;<\/strong>y&nbsp;<strong>contribuir al desarrollo profesional de los farmac\u00e9uticos.<\/strong><\/p>\n\n\n\n<p class=\"translation-block\">En este marco, el Col\u00b7legi gestiona iniciativas relacionadas con la atenci\u00f3n farmac\u00e9utica, la promoci\u00f3n de la salud y la prevenci\u00f3n de la enfermedad, muchas veces en colaboraci\u00f3n con otras instituciones, empresas o la Administraci\u00f3n sanitaria.<\/p>\n\n\n\n<p>Para dar continuidad a esta \u00e1rea de trabajo contamos con las aportaciones y colaboraciones de empresas del sector farmac\u00e9utico que apuestan por el futuro de la profesi\u00f3n farmac\u00e9utica.<\/p>\n\n\n\n<p class=\"icones\"><img decoding=\"async\" src=\"https:\/\/www.cofb.org\/documents\/10136\/1067764\/flecha.png\/71d65293-c5b9-480e-a666-8b56fbeb34d0?t=1542979928000\" alt=\"\">&nbsp;<a href=\"https:\/\/www.cofb.org\/es\/que-oferim\/empreses-entitats\/patrocinis-i-collaboracions\/casos-dexit-formacio\/\" data-type=\"page\" data-id=\"68535\">Ejemplos de \u00e9xito<\/a><\/p>\n\n\n\n<h2 class=\"wp-block-heading\">Empresas colaboradoras durante el curso 2021\/2022<\/h2>\n\n\n\n<p>Desde el Col\u00b7legi queremos agradecer a todas las empresas e instituciones que han apostado por nuestro Programa de Formaci\u00f3n Continua 2021-2022 y por nuestras campa\u00f1as sanitarias, contribuyendo al desarrollo de la profesi\u00f3n.&nbsp;<\/p>\n\n\n\n<figure class=\"wp-block-image\"><img decoding=\"async\" src=\"https:\/\/www.cofb.org\/documents\/10136\/1063826\/COFB_Agra%C3%AFmentInd%C3%BAstria_20072022.jpg\/dd042138-70d6-4a12-90b3-208967cf666f?t=1658301710430\" alt=\"\"\/><\/figure>\n\n\n\n<h2 class=\"wp-block-heading\">Contacta<\/h2>\n\n\n\n<p class=\"icones\"><img decoding=\"async\" alt=\"\" src=\"https:\/\/www.cofb.org\/documents\/10136\/1067764\/Correu.png\/69f7b5c4-3c19-447d-9ff6-25e8e46c97cf?t=1542018760000\">&nbsp;Correo electr\u00f3nico:&nbsp;<a href=\"mailto:institucions@cofb.net\">institucions@cofb.net<\/a><\/p>\n\n\n\n<p class=\"icones\"><img decoding=\"async\" alt=\"\" src=\"https:\/\/www.cofb.org\/documents\/10136\/1067764\/Tel%C3%A9fono.png\/83de66f5-8867-4acf-ba6c-ea129dc67556?t=1542018738000\">&nbsp;Tel\u00e9fono: 93 244 07 10 (Ext. 108)&nbsp;<\/p>","protected":false},"excerpt":{"rendered":"<p>\u00bfQu\u00e9 te aporta como empresa? \u00bfQu\u00e9 te puede ofrecer el COFB? Colaboraci\u00f3n en formaci\u00f3n Cada a\u00f1o el Colegio de Farmac\u00e9uticos de Barcelona programa diversas actividades de formaci\u00f3n continuada para los farmac\u00e9uticos de farmacia comunitaria, hospital y atenci\u00f3n primaria, entre otros \u00e1mbitos de ejercicio de la profesi\u00f3n. Esta actividad formativa es fruto de las inquietudes del colectivo por [\u2026]<\/p>","protected":false},"author":1,"featured_media":0,"parent":2963,"menu_order":1,"comment_status":"closed","ping_status":"closed","template":"","meta":{"_uag_custom_page_level_css":"","site-sidebar-layout":"default","site-content-layout":"","ast-site-content-layout":"default","site-content-style":"default","site-sidebar-style":"default","ast-global-header-display":"","ast-banner-title-visibility":"","ast-main-header-display":"","ast-hfb-above-header-display":"","ast-hfb-below-header-display":"","ast-hfb-mobile-header-display":"","site-post-title":"","ast-breadcrumbs-content":"","ast-featured-img":"","footer-sml-layout":"","theme-transparent-header-meta":"","adv-header-id-meta":"","stick-header-meta":"","header-above-stick-meta":"","header-main-stick-meta":"","header-below-stick-meta":"","astra-migrate-meta-layouts":"default","ast-page-background-enabled":"default","ast-page-background-meta":{"desktop":{"background-color":"var(--ast-global-color-4)","background-image":"","background-repeat":"repeat","background-position":"center center","background-size":"auto","background-attachment":"scroll","background-type":"","background-media":"","overlay-type":"","overlay-color":"","overlay-opacity":"","overlay-gradient":""},"tablet":{"background-color":"","background-image":"","background-repeat":"repeat","background-position":"center center","background-size":"auto","background-attachment":"scroll","background-type":"","background-media":"","overlay-type":"","overlay-color":"","overlay-opacity":"","overlay-gradient":""},"mobile":{"background-color":"","background-image":"","background-repeat":"repeat","background-position":"center center","background-size":"auto","background-attachment":"scroll","background-type":"","background-media":"","overlay-type":"","overlay-color":"","overlay-opacity":"","overlay-gradient":""}},"ast-content-background-meta":{"desktop":{"background-color":"var(--ast-global-color-5)","background-image":"","background-repeat":"repeat","background-position":"center center","background-size":"auto","background-attachment":"scroll","background-type":"","background-media":"","overlay-type":"","overlay-color":"","overlay-opacity":"","overlay-gradient":""},"tablet":{"background-color":"var(--ast-global-color-5)","background-image":"","background-repeat":"repeat","background-position":"center center","background-size":"auto","background-attachment":"scroll","background-type":"","background-media":"","overlay-type":"","overlay-color":"","overlay-opacity":"","overlay-gradient":""},"mobile":{"background-color":"var(--ast-global-color-5)","background-image":"","background-repeat":"repeat","background-position":"center center","background-size":"auto","background-attachment":"scroll","background-type":"","background-media":"","overlay-type":"","overlay-color":"","overlay-opacity":"","overlay-gradient":""}},"footnotes":""},"class_list":["post-2965","page","type-page","status-publish","hentry"],"yoast_head":"<!-- This site is optimized with the Yoast SEO plugin v22.4 - https:\/\/yoast.com\/wordpress\/plugins\/seo\/ -->\n<title>Patrocinis i col\u00b7laboracions - Col\u00b7legi de Farmac\u00e8utics de Barcelona<\/title>\n<meta name=\"robots\" content=\"index, follow, max-snippet:-1, max-image-preview:large, max-video-preview:-1\" \/>\n<link rel=\"canonical\" href=\"https:\/\/novaorg.cofb.net\/que-oferim\/empreses-entitats\/patrocinis-i-collaboracions\/\" \/>\n<meta property=\"og:locale\" content=\"es_ES\" \/>\n<meta property=\"og:type\" content=\"article\" \/>\n<meta property=\"og:title\" content=\"Patrocinis i col\u00b7laboracions - Col\u00b7legi de Farmac\u00e8utics de Barcelona\" \/>\n<meta property=\"og:description\" content=\"Qu\u00e8 t&#8217;aporta com a empresa? Qu\u00e8 et pot oferir el COFB? Col\u00b7laboraci\u00f3 en formaci\u00f3 Cada any el&nbsp;Col\u00b7legi de Farmac\u00e8utics de Barcelona&nbsp;programa diverses&nbsp;activitats de&nbsp;formaci\u00f3 continuada&nbsp;per als farmac\u00e8utics de&nbsp;farm\u00e0cia comunit\u00e0ria, hospital i atenci\u00f3 prim\u00e0ria, entre altres \u00e0mbits d\u2019exercici de la professi\u00f3. Aquesta activitat formativa \u00e9s fruit de les inquietuds del col\u00b7lectiu per [&hellip;]\" \/>\n<meta property=\"og:url\" content=\"https:\/\/novaorg.cofb.net\/que-oferim\/empreses-entitats\/patrocinis-i-collaboracions\/\" \/>\n<meta property=\"og:site_name\" content=\"Col\u00b7legi de Farmac\u00e8utics de Barcelona\" \/>\n<meta property=\"article:publisher\" content=\"https:\/\/www.facebook.com\/farmaceuticsbcn\/\" \/>\n<meta property=\"article:modified_time\" content=\"2023-10-06T07:08:49+00:00\" \/>\n<meta property=\"og:image\" content=\"https:\/\/www.cofb.org\/documents\/10136\/1067764\/flecha.png\/71d65293-c5b9-480e-a666-8b56fbeb34d0?t=1542979928000\" \/>\n<meta name=\"twitter:card\" content=\"summary_large_image\" \/>\n<meta name=\"twitter:site\" content=\"@farmaceuticsbcn\" \/>\n<meta name=\"twitter:label1\" content=\"Tiempo de lectura\" \/>\n\t<meta name=\"twitter:data1\" content=\"2 minutos\" \/>\n<script type=\"application\/ld+json\" class=\"yoast-schema-graph\">{\"@context\":\"https:\/\/schema.org\",\"@graph\":[{\"@type\":\"WebPage\",\"@id\":\"https:\/\/novaorg.cofb.net\/que-oferim\/empreses-entitats\/patrocinis-i-collaboracions\/\",\"url\":\"https:\/\/novaorg.cofb.net\/que-oferim\/empreses-entitats\/patrocinis-i-collaboracions\/\",\"name\":\"Patrocinis i col\u00b7laboracions - Col\u00b7legi de Farmac\u00e8utics de Barcelona\",\"isPartOf\":{\"@id\":\"https:\/\/www.cofb.org\/#website\"},\"primaryImageOfPage\":{\"@id\":\"https:\/\/novaorg.cofb.net\/que-oferim\/empreses-entitats\/patrocinis-i-collaboracions\/#primaryimage\"},\"image\":{\"@id\":\"https:\/\/novaorg.cofb.net\/que-oferim\/empreses-entitats\/patrocinis-i-collaboracions\/#primaryimage\"},\"thumbnailUrl\":\"https:\/\/www.cofb.org\/documents\/10136\/1067764\/flecha.png\/71d65293-c5b9-480e-a666-8b56fbeb34d0?t=1542979928000\",\"datePublished\":\"2023-06-14T13:53:19+00:00\",\"dateModified\":\"2023-10-06T07:08:49+00:00\",\"breadcrumb\":{\"@id\":\"https:\/\/novaorg.cofb.net\/que-oferim\/empreses-entitats\/patrocinis-i-collaboracions\/#breadcrumb\"},\"inLanguage\":\"es\",\"potentialAction\":[{\"@type\":\"ReadAction\",\"target\":[\"https:\/\/novaorg.cofb.net\/que-oferim\/empreses-entitats\/patrocinis-i-collaboracions\/\"]}]},{\"@type\":\"ImageObject\",\"inLanguage\":\"es\",\"@id\":\"https:\/\/novaorg.cofb.net\/que-oferim\/empreses-entitats\/patrocinis-i-collaboracions\/#primaryimage\",\"url\":\"https:\/\/www.cofb.org\/documents\/10136\/1067764\/flecha.png\/71d65293-c5b9-480e-a666-8b56fbeb34d0?t=1542979928000\",\"contentUrl\":\"https:\/\/www.cofb.org\/documents\/10136\/1067764\/flecha.png\/71d65293-c5b9-480e-a666-8b56fbeb34d0?t=1542979928000\"},{\"@type\":\"BreadcrumbList\",\"@id\":\"https:\/\/novaorg.cofb.net\/que-oferim\/empreses-entitats\/patrocinis-i-collaboracions\/#breadcrumb\",\"itemListElement\":[{\"@type\":\"ListItem\",\"position\":1,\"name\":\"Inici\",\"item\":\"https:\/\/novaorg.cofb.net\/\"},{\"@type\":\"ListItem\",\"position\":2,\"name\":\"Qu\u00e8 oferim?\",\"item\":\"https:\/\/novaorg.cofb.net\/que-oferim\/\"},{\"@type\":\"ListItem\",\"position\":3,\"name\":\"Empreses\/Entitats\",\"item\":\"https:\/\/novaorg.cofb.net\/que-oferim\/empreses-entitats\/\"},{\"@type\":\"ListItem\",\"position\":4,\"name\":\"Patrocinis i col\u00b7laboracions\"}]},{\"@type\":\"WebSite\",\"@id\":\"https:\/\/www.cofb.org\/#website\",\"url\":\"https:\/\/www.cofb.org\/\",\"name\":\"Col\u00b7legi de Farmac\u00e8utics de Barcelona\",\"description\":\"\",\"publisher\":{\"@id\":\"https:\/\/www.cofb.org\/#organization\"},\"potentialAction\":[{\"@type\":\"SearchAction\",\"target\":{\"@type\":\"EntryPoint\",\"urlTemplate\":\"https:\/\/www.cofb.org\/?s={search_term_string}\"},\"query-input\":\"required name=search_term_string\"}],\"inLanguage\":\"es\"},{\"@type\":\"Organization\",\"@id\":\"https:\/\/www.cofb.org\/#organization\",\"name\":\"Col\u00b7legi de Farmac\u00e8utics de Barcelona\",\"url\":\"https:\/\/www.cofb.org\/\",\"logo\":{\"@type\":\"ImageObject\",\"inLanguage\":\"es\",\"@id\":\"https:\/\/www.cofb.org\/#\/schema\/logo\/image\/\",\"url\":\"https:\/\/www.cofb.org\/wp-content\/uploads\/2023\/11\/cropped-Logotip-COFB.png\",\"contentUrl\":\"https:\/\/www.cofb.org\/wp-content\/uploads\/2023\/11\/cropped-Logotip-COFB.png\",\"width\":500,\"height\":105,\"caption\":\"Col\u00b7legi de Farmac\u00e8utics de Barcelona\"},\"image\":{\"@id\":\"https:\/\/www.cofb.org\/#\/schema\/logo\/image\/\"},\"sameAs\":[\"https:\/\/www.facebook.com\/farmaceuticsbcn\/\",\"https:\/\/twitter.com\/farmaceuticsbcn\",\"https:\/\/www.instagram.com\/farmaceuticsbcn\/\",\"https:\/\/www.linkedin.com\/company\/farmaceuticsbcn\/\"]}]}<\/script>\n<!-- \/ Yoast SEO plugin. -->","yoast_head_json":{"title":"Patrocinis i col\u00b7laboracions - Col\u00b7legi de Farmac\u00e8utics de Barcelona","robots":{"index":"index","follow":"follow","max-snippet":"max-snippet:-1","max-image-preview":"max-image-preview:large","max-video-preview":"max-video-preview:-1"},"canonical":"https:\/\/novaorg.cofb.net\/que-oferim\/empreses-entitats\/patrocinis-i-collaboracions\/","og_locale":"es_ES","og_type":"article","og_title":"Patrocinis i col\u00b7laboracions - Col\u00b7legi de Farmac\u00e8utics de Barcelona","og_description":"Qu\u00e8 t&#8217;aporta com a empresa? Qu\u00e8 et pot oferir el COFB? Col\u00b7laboraci\u00f3 en formaci\u00f3 Cada any el&nbsp;Col\u00b7legi de Farmac\u00e8utics de Barcelona&nbsp;programa diverses&nbsp;activitats de&nbsp;formaci\u00f3 continuada&nbsp;per als farmac\u00e8utics de&nbsp;farm\u00e0cia comunit\u00e0ria, hospital i atenci\u00f3 prim\u00e0ria, entre altres \u00e0mbits d\u2019exercici de la professi\u00f3. Aquesta activitat formativa \u00e9s fruit de les inquietuds del col\u00b7lectiu per [&hellip;]","og_url":"https:\/\/novaorg.cofb.net\/que-oferim\/empreses-entitats\/patrocinis-i-collaboracions\/","og_site_name":"Col\u00b7legi de Farmac\u00e8utics de Barcelona","article_publisher":"https:\/\/www.facebook.com\/farmaceuticsbcn\/","article_modified_time":"2023-10-06T07:08:49+00:00","og_image":[{"url":"https:\/\/www.cofb.org\/documents\/10136\/1067764\/flecha.png\/71d65293-c5b9-480e-a666-8b56fbeb34d0?t=1542979928000"}],"twitter_card":"summary_large_image","twitter_site":"@farmaceuticsbcn","twitter_misc":{"Tiempo de lectura":"2 minutos"},"schema":{"@context":"https:\/\/schema.org","@graph":[{"@type":"WebPage","@id":"https:\/\/novaorg.cofb.net\/que-oferim\/empreses-entitats\/patrocinis-i-collaboracions\/","url":"https:\/\/novaorg.cofb.net\/que-oferim\/empreses-entitats\/patrocinis-i-collaboracions\/","name":"Patrocinis i col\u00b7laboracions - Col\u00b7legi de Farmac\u00e8utics de Barcelona","isPartOf":{"@id":"https:\/\/www.cofb.org\/#website"},"primaryImageOfPage":{"@id":"https:\/\/novaorg.cofb.net\/que-oferim\/empreses-entitats\/patrocinis-i-collaboracions\/#primaryimage"},"image":{"@id":"https:\/\/novaorg.cofb.net\/que-oferim\/empreses-entitats\/patrocinis-i-collaboracions\/#primaryimage"},"thumbnailUrl":"https:\/\/www.cofb.org\/documents\/10136\/1067764\/flecha.png\/71d65293-c5b9-480e-a666-8b56fbeb34d0?t=1542979928000","datePublished":"2023-06-14T13:53:19+00:00","dateModified":"2023-10-06T07:08:49+00:00","breadcrumb":{"@id":"https:\/\/novaorg.cofb.net\/que-oferim\/empreses-entitats\/patrocinis-i-collaboracions\/#breadcrumb"},"inLanguage":"es","potentialAction":[{"@type":"ReadAction","target":["https:\/\/novaorg.cofb.net\/que-oferim\/empreses-entitats\/patrocinis-i-collaboracions\/"]}]},{"@type":"ImageObject","inLanguage":"es","@id":"https:\/\/novaorg.cofb.net\/que-oferim\/empreses-entitats\/patrocinis-i-collaboracions\/#primaryimage","url":"https:\/\/www.cofb.org\/documents\/10136\/1067764\/flecha.png\/71d65293-c5b9-480e-a666-8b56fbeb34d0?t=1542979928000","contentUrl":"https:\/\/www.cofb.org\/documents\/10136\/1067764\/flecha.png\/71d65293-c5b9-480e-a666-8b56fbeb34d0?t=1542979928000"},{"@type":"BreadcrumbList","@id":"https:\/\/novaorg.cofb.net\/que-oferim\/empreses-entitats\/patrocinis-i-collaboracions\/#breadcrumb","itemListElement":[{"@type":"ListItem","position":1,"name":"Inici","item":"https:\/\/novaorg.cofb.net\/"},{"@type":"ListItem","position":2,"name":"Qu\u00e8 oferim?","item":"https:\/\/novaorg.cofb.net\/que-oferim\/"},{"@type":"ListItem","position":3,"name":"Empreses\/Entitats","item":"https:\/\/novaorg.cofb.net\/que-oferim\/empreses-entitats\/"},{"@type":"ListItem","position":4,"name":"Patrocinis i col\u00b7laboracions"}]},{"@type":"WebSite","@id":"https:\/\/www.cofb.org\/#website","url":"https:\/\/www.cofb.org\/","name":"Col\u00b7legi de Farmac\u00e8utics de Barcelona","description":"","publisher":{"@id":"https:\/\/www.cofb.org\/#organization"},"potentialAction":[{"@type":"SearchAction","target":{"@type":"EntryPoint","urlTemplate":"https:\/\/www.cofb.org\/?s={search_term_string}"},"query-input":"required name=search_term_string"}],"inLanguage":"es"},{"@type":"Organization","@id":"https:\/\/www.cofb.org\/#organization","name":"Col\u00b7legi de Farmac\u00e8utics de Barcelona","url":"https:\/\/www.cofb.org\/","logo":{"@type":"ImageObject","inLanguage":"es","@id":"https:\/\/www.cofb.org\/#\/schema\/logo\/image\/","url":"https:\/\/www.cofb.org\/wp-content\/uploads\/2023\/11\/cropped-Logotip-COFB.png","contentUrl":"https:\/\/www.cofb.org\/wp-content\/uploads\/2023\/11\/cropped-Logotip-COFB.png","width":500,"height":105,"caption":"Col\u00b7legi de Farmac\u00e8utics de Barcelona"},"image":{"@id":"https:\/\/www.cofb.org\/#\/schema\/logo\/image\/"},"sameAs":["https:\/\/www.facebook.com\/farmaceuticsbcn\/","https:\/\/twitter.com\/farmaceuticsbcn","https:\/\/www.instagram.com\/farmaceuticsbcn\/","https:\/\/www.linkedin.com\/company\/farmaceuticsbcn\/"]}]}},"uagb_featured_image_src":{"full":false,"thumbnail":false,"medium":false,"medium_large":false,"large":false,"1536x1536":false,"2048x2048":false,"trp-custom-language-flag":false},"uagb_author_info":{"display_name":"wpAdminCofbOrg","author_link":"https:\/\/www.cofb.org\/es\/author\/wpadmincofborg\/"},"uagb_comment_info":0,"uagb_excerpt":"Qu\u00e8 t&#8217;aporta com a empresa? Qu\u00e8 et pot oferir el COFB? Col\u00b7laboraci\u00f3 en formaci\u00f3 Cada any el&nbsp;Col\u00b7legi de Farmac\u00e8utics de Barcelona&nbsp;programa diverses&nbsp;activitats de&nbsp;formaci\u00f3 continuada&nbsp;per als farmac\u00e8utics de&nbsp;farm\u00e0cia comunit\u00e0ria, hospital i atenci\u00f3 prim\u00e0ria, entre altres \u00e0mbits d\u2019exercici de la professi\u00f3. Aquesta activitat formativa \u00e9s fruit de les inquietuds del col\u00b7lectiu per [&hellip;]","_links":{"self":[{"href":"https:\/\/www.cofb.org\/es\/wp-json\/wp\/v2\/pages\/2965","targetHints":{"allow":["GET"]}}],"collection":[{"href":"https:\/\/www.cofb.org\/es\/wp-json\/wp\/v2\/pages"}],"about":[{"href":"https:\/\/www.cofb.org\/es\/wp-json\/wp\/v2\/types\/page"}],"author":[{"embeddable":true,"href":"https:\/\/www.cofb.org\/es\/wp-json\/wp\/v2\/users\/1"}],"replies":[{"embeddable":true,"href":"https:\/\/www.cofb.org\/es\/wp-json\/wp\/v2\/comments?post=2965"}],"version-history":[{"count":14,"href":"https:\/\/www.cofb.org\/es\/wp-json\/wp\/v2\/pages\/2965\/revisions"}],"predecessor-version":[{"id":68852,"href":"https:\/\/www.cofb.org\/es\/wp-json\/wp\/v2\/pages\/2965\/revisions\/68852"}],"up":[{"embeddable":true,"href":"https:\/\/www.cofb.org\/es\/wp-json\/wp\/v2\/pages\/2963"}],"wp:attachment":[{"href":"https:\/\/www.cofb.org\/es\/wp-json\/wp\/v2\/media?parent=2965"}],"curies":[{"name":"wp","href":"https:\/\/api.w.org\/{rel}","templated":true}]}}