{"id":2953,"date":"2023-06-14T13:37:49","date_gmt":"2023-06-14T13:37:49","guid":{"rendered":"https:\/\/novaorg.cofb.net\/?page_id=2953"},"modified":"2023-07-26T10:13:50","modified_gmt":"2023-07-26T10:13:50","slug":"serveis-per-escoles","status":"publish","type":"page","link":"https:\/\/www.cofb.org\/es\/que-oferim\/ciutadans\/serveis-per-escoles\/","title":{"rendered":"Servicios para escuelas"},"content":{"rendered":"<p id=\"yui_patched_v3_11_0_1_1689764892608_284\">Educar a los ni\u00f1os en h\u00e1bitos de vida saludables es uno de los objetivos del Col\u00b7legi. Para ello, trabaja principalmente en dos l\u00edneas.<\/p>\n\n\n\n<h2 class=\"wp-block-heading\">Espacio web en el farmaceuticonline<\/h2>\n\n\n\n<p><\/p>\n\n\n\n<h3 class=\"wp-block-heading\">\u00bfEn qu\u00e9 consiste?<\/h3>\n\n\n\n<p id=\"yui_patched_v3_11_0_1_1689764892608_294\">En este espacio los ni\u00f1os y maestros tienen acceso a todo tipo de materiales did\u00e1cticos para trabajar temas de salud en combinaci\u00f3n con el uso de las Tecnolog\u00edas de la Informaci\u00f3n y la Comunicaci\u00f3n (TIC), desde juegos hasta fichas. La web recoge temas como la&nbsp;<strong>protecci\u00f3n solar<\/strong>, la&nbsp;<strong>importancia de lavarse las manos, por qu\u00e9 tenemos tos, la otitis, los piojos, la higiene bucal y la caries<\/strong>, etc.<\/p>\n\n\n\n<p id=\"yui_patched_v3_11_0_1_1689764892608_298\">Los materiales se adaptan a tres franjas de edad,&nbsp;<strong>de entre 6 y 8 a\u00f1os, de 8 a 12, y de 12 a 16<\/strong>. Adem\u00e1s, todos los materiales pueden encontrarse en ingl\u00e9s.<\/p>\n\n\n\n<h3 class=\"wp-block-heading\">El jarabe de los idiomas<\/h3>\n\n\n\n<p id=\"yui_patched_v3_11_0_1_1689764892608_303\">Para que los ni\u00f1os adquieran vocabulario de salud en varios idiomas, en 2006 se cre\u00f3&nbsp;<strong><em>El jarabe de los idiomas<\/em><\/strong>, una iniciativa incluida en el listado de la UNESCO&nbsp;<strong>\u201cde iniciativas educacionales de promoci\u00f3n de la integraci\u00f3n y de la educaci\u00f3n de calidad mediante el apoyo a la educaci\u00f3n biling\u00fce y pluriling\u00fce, especialmente la utilizaci\u00f3n de lenguas maternas, en todos los niveles de educaci\u00f3n y en los contextos formales y no formales , prestando especial atenci\u00f3n a la formaci\u00f3n de los docentes, alfabetizaci\u00f3n y la educaci\u00f3n para la salud\u201d.<\/strong><\/p>\n\n\n\n<p id=\"yui_patched_v3_11_0_1_1689764892608_305\">Los materiales incluidos en&nbsp;<em>El jarabe de los idiomas<\/em>&nbsp;son de<strong>especial utilidad<\/strong>&nbsp;para los maestros con alumnos que todav\u00eda<strong>&nbsp;no dominan la lengua del pa\u00eds de acogida<\/strong>&nbsp;y, por tanto, pueden tener&nbsp;<strong>carencias de vocabulario en el \u00e1mbito de la salud<\/strong>, por ejemplo, para explicar qu\u00e9 les duele cuando se encuentran mal. Su objetivo es facilitarles herramientas para comunicarse y aprender la nueva lengua sin perder el v\u00ednculo de conexi\u00f3n con la lengua materna.<\/p>\n\n\n\n<p id=\"yui_patched_v3_11_0_1_1689764892608_321\">En la web de salud del Col\u00b7legi&nbsp;<a rel=\"noreferrer noopener\" href=\"https:\/\/www.farmaceuticonline.com\/\" target=\"_blank\">Farmaceuticonline<\/a>&nbsp;encontrar\u00e1s informaci\u00f3n \u00fatil y comprensible sobre diversas cuestiones de salud, desde&nbsp;<strong>c\u00f3mo preparar un viaje, qu\u00e9 hacer en caso de picadura de medusa, deshidrataci\u00f3n, quemadura, herida, diarrea\u2026, a qu\u00e9 debemos tener en cuenta con los f\u00e1rmacos cuando hace calor o c\u00f3mo evitar interacciones entre medicamentos y alimentos<\/strong>, entre otros.<a href=\"javascript: window.print()\"><\/a><\/p>","protected":false},"excerpt":{"rendered":"<p>Educar a los ni\u00f1os en h\u00e1bitos de vida saludables es uno de los objetivos del Colegio. Para ello, trabaja principalmente en dos l\u00edneas. Espacio web en farmaceuticonline \u00bfEn qu\u00e9 consiste? En este espacio los ni\u00f1os y maestros tienen acceso a todo tipo de materiales did\u00e1cticos para trabajar temas de salud en [\u2026]<\/p>","protected":false},"author":1,"featured_media":0,"parent":2945,"menu_order":0,"comment_status":"closed","ping_status":"closed","template":"","meta":{"_uag_custom_page_level_css":"","site-sidebar-layout":"default","site-content-layout":"","ast-site-content-layout":"default","site-content-style":"default","site-sidebar-style":"default","ast-global-header-display":"","ast-banner-title-visibility":"","ast-main-header-display":"","ast-hfb-above-header-display":"","ast-hfb-below-header-display":"","ast-hfb-mobile-header-display":"","site-post-title":"","ast-breadcrumbs-content":"","ast-featured-img":"","footer-sml-layout":"","theme-transparent-header-meta":"","adv-header-id-meta":"","stick-header-meta":"","header-above-stick-meta":"","header-main-stick-meta":"","header-below-stick-meta":"","astra-migrate-meta-layouts":"default","ast-page-background-enabled":"default","ast-page-background-meta":{"desktop":{"background-color":"var(--ast-global-color-4)","background-image":"","background-repeat":"repeat","background-position":"center center","background-size":"auto","background-attachment":"scroll","background-type":"","background-media":"","overlay-type":"","overlay-color":"","overlay-opacity":"","overlay-gradient":""},"tablet":{"background-color":"","background-image":"","background-repeat":"repeat","background-position":"center center","background-size":"auto","background-attachment":"scroll","background-type":"","background-media":"","overlay-type":"","overlay-color":"","overlay-opacity":"","overlay-gradient":""},"mobile":{"background-color":"","background-image":"","background-repeat":"repeat","background-position":"center center","background-size":"auto","background-attachment":"scroll","background-type":"","background-media":"","overlay-type":"","overlay-color":"","overlay-opacity":"","overlay-gradient":""}},"ast-content-background-meta":{"desktop":{"background-color":"var(--ast-global-color-5)","background-image":"","background-repeat":"repeat","background-position":"center center","background-size":"auto","background-attachment":"scroll","background-type":"","background-media":"","overlay-type":"","overlay-color":"","overlay-opacity":"","overlay-gradient":""},"tablet":{"background-color":"var(--ast-global-color-5)","background-image":"","background-repeat":"repeat","background-position":"center center","background-size":"auto","background-attachment":"scroll","background-type":"","background-media":"","overlay-type":"","overlay-color":"","overlay-opacity":"","overlay-gradient":""},"mobile":{"background-color":"var(--ast-global-color-5)","background-image":"","background-repeat":"repeat","background-position":"center center","background-size":"auto","background-attachment":"scroll","background-type":"","background-media":"","overlay-type":"","overlay-color":"","overlay-opacity":"","overlay-gradient":""}},"footnotes":""},"class_list":["post-2953","page","type-page","status-publish","hentry"],"yoast_head":"<!-- This site is optimized with the Yoast SEO plugin v22.4 - https:\/\/yoast.com\/wordpress\/plugins\/seo\/ -->\n<title>Serveis per escoles - Col\u00b7legi de Farmac\u00e8utics de Barcelona<\/title>\n<meta name=\"robots\" content=\"index, follow, max-snippet:-1, max-image-preview:large, max-video-preview:-1\" \/>\n<link rel=\"canonical\" href=\"https:\/\/novaorg.cofb.net\/que-oferim\/ciutadans\/serveis-per-escoles\/\" \/>\n<meta property=\"og:locale\" content=\"es_ES\" \/>\n<meta property=\"og:type\" content=\"article\" \/>\n<meta property=\"og:title\" content=\"Serveis per escoles - Col\u00b7legi de Farmac\u00e8utics de Barcelona\" \/>\n<meta property=\"og:description\" content=\"Educar els nens en h\u00e0bits de vida saludables \u00e9s un dels objectius del Col\u00b7legi. Per aconseguir-ho, treballa principalment en dues l\u00ednies. Espai web al farmaceuticonline En qu\u00e8 consisteix? En aquest espai els nens i els mestres tenen acc\u00e9s a tota mena de materials did\u00e0ctics per treballar temes de salut en [&hellip;]\" \/>\n<meta property=\"og:url\" content=\"https:\/\/novaorg.cofb.net\/que-oferim\/ciutadans\/serveis-per-escoles\/\" \/>\n<meta property=\"og:site_name\" content=\"Col\u00b7legi de Farmac\u00e8utics de Barcelona\" \/>\n<meta property=\"article:publisher\" content=\"https:\/\/www.facebook.com\/farmaceuticsbcn\/\" \/>\n<meta property=\"article:modified_time\" content=\"2023-07-26T10:13:50+00:00\" \/>\n<meta name=\"twitter:card\" content=\"summary_large_image\" \/>\n<meta name=\"twitter:site\" content=\"@farmaceuticsbcn\" \/>\n<meta name=\"twitter:label1\" content=\"Tiempo de lectura\" \/>\n\t<meta name=\"twitter:data1\" content=\"2 minutos\" \/>\n<script type=\"application\/ld+json\" class=\"yoast-schema-graph\">{\"@context\":\"https:\/\/schema.org\",\"@graph\":[{\"@type\":\"WebPage\",\"@id\":\"https:\/\/novaorg.cofb.net\/que-oferim\/ciutadans\/serveis-per-escoles\/\",\"url\":\"https:\/\/novaorg.cofb.net\/que-oferim\/ciutadans\/serveis-per-escoles\/\",\"name\":\"Serveis per escoles - Col\u00b7legi de Farmac\u00e8utics de Barcelona\",\"isPartOf\":{\"@id\":\"https:\/\/www.cofb.org\/#website\"},\"datePublished\":\"2023-06-14T13:37:49+00:00\",\"dateModified\":\"2023-07-26T10:13:50+00:00\",\"breadcrumb\":{\"@id\":\"https:\/\/novaorg.cofb.net\/que-oferim\/ciutadans\/serveis-per-escoles\/#breadcrumb\"},\"inLanguage\":\"es\",\"potentialAction\":[{\"@type\":\"ReadAction\",\"target\":[\"https:\/\/novaorg.cofb.net\/que-oferim\/ciutadans\/serveis-per-escoles\/\"]}]},{\"@type\":\"BreadcrumbList\",\"@id\":\"https:\/\/novaorg.cofb.net\/que-oferim\/ciutadans\/serveis-per-escoles\/#breadcrumb\",\"itemListElement\":[{\"@type\":\"ListItem\",\"position\":1,\"name\":\"Inici\",\"item\":\"https:\/\/novaorg.cofb.net\/\"},{\"@type\":\"ListItem\",\"position\":2,\"name\":\"Qu\u00e8 oferim?\",\"item\":\"https:\/\/novaorg.cofb.net\/que-oferim\/\"},{\"@type\":\"ListItem\",\"position\":3,\"name\":\"Ciutadans\",\"item\":\"https:\/\/novaorg.cofb.net\/que-oferim\/ciutadans\/\"},{\"@type\":\"ListItem\",\"position\":4,\"name\":\"Serveis per escoles\"}]},{\"@type\":\"WebSite\",\"@id\":\"https:\/\/www.cofb.org\/#website\",\"url\":\"https:\/\/www.cofb.org\/\",\"name\":\"Col\u00b7legi de Farmac\u00e8utics de Barcelona\",\"description\":\"\",\"publisher\":{\"@id\":\"https:\/\/www.cofb.org\/#organization\"},\"potentialAction\":[{\"@type\":\"SearchAction\",\"target\":{\"@type\":\"EntryPoint\",\"urlTemplate\":\"https:\/\/www.cofb.org\/?s={search_term_string}\"},\"query-input\":\"required name=search_term_string\"}],\"inLanguage\":\"es\"},{\"@type\":\"Organization\",\"@id\":\"https:\/\/www.cofb.org\/#organization\",\"name\":\"Col\u00b7legi de Farmac\u00e8utics de Barcelona\",\"url\":\"https:\/\/www.cofb.org\/\",\"logo\":{\"@type\":\"ImageObject\",\"inLanguage\":\"es\",\"@id\":\"https:\/\/www.cofb.org\/#\/schema\/logo\/image\/\",\"url\":\"https:\/\/www.cofb.org\/wp-content\/uploads\/2023\/11\/cropped-Logotip-COFB.png\",\"contentUrl\":\"https:\/\/www.cofb.org\/wp-content\/uploads\/2023\/11\/cropped-Logotip-COFB.png\",\"width\":500,\"height\":105,\"caption\":\"Col\u00b7legi de Farmac\u00e8utics de Barcelona\"},\"image\":{\"@id\":\"https:\/\/www.cofb.org\/#\/schema\/logo\/image\/\"},\"sameAs\":[\"https:\/\/www.facebook.com\/farmaceuticsbcn\/\",\"https:\/\/twitter.com\/farmaceuticsbcn\",\"https:\/\/www.instagram.com\/farmaceuticsbcn\/\",\"https:\/\/www.linkedin.com\/company\/farmaceuticsbcn\/\"]}]}<\/script>\n<!-- \/ Yoast SEO plugin. -->","yoast_head_json":{"title":"Serveis per escoles - Col\u00b7legi de Farmac\u00e8utics de Barcelona","robots":{"index":"index","follow":"follow","max-snippet":"max-snippet:-1","max-image-preview":"max-image-preview:large","max-video-preview":"max-video-preview:-1"},"canonical":"https:\/\/novaorg.cofb.net\/que-oferim\/ciutadans\/serveis-per-escoles\/","og_locale":"es_ES","og_type":"article","og_title":"Serveis per escoles - Col\u00b7legi de Farmac\u00e8utics de Barcelona","og_description":"Educar els nens en h\u00e0bits de vida saludables \u00e9s un dels objectius del Col\u00b7legi. Per aconseguir-ho, treballa principalment en dues l\u00ednies. Espai web al farmaceuticonline En qu\u00e8 consisteix? En aquest espai els nens i els mestres tenen acc\u00e9s a tota mena de materials did\u00e0ctics per treballar temes de salut en [&hellip;]","og_url":"https:\/\/novaorg.cofb.net\/que-oferim\/ciutadans\/serveis-per-escoles\/","og_site_name":"Col\u00b7legi de Farmac\u00e8utics de Barcelona","article_publisher":"https:\/\/www.facebook.com\/farmaceuticsbcn\/","article_modified_time":"2023-07-26T10:13:50+00:00","twitter_card":"summary_large_image","twitter_site":"@farmaceuticsbcn","twitter_misc":{"Tiempo de lectura":"2 minutos"},"schema":{"@context":"https:\/\/schema.org","@graph":[{"@type":"WebPage","@id":"https:\/\/novaorg.cofb.net\/que-oferim\/ciutadans\/serveis-per-escoles\/","url":"https:\/\/novaorg.cofb.net\/que-oferim\/ciutadans\/serveis-per-escoles\/","name":"Serveis per escoles - Col\u00b7legi de Farmac\u00e8utics de Barcelona","isPartOf":{"@id":"https:\/\/www.cofb.org\/#website"},"datePublished":"2023-06-14T13:37:49+00:00","dateModified":"2023-07-26T10:13:50+00:00","breadcrumb":{"@id":"https:\/\/novaorg.cofb.net\/que-oferim\/ciutadans\/serveis-per-escoles\/#breadcrumb"},"inLanguage":"es","potentialAction":[{"@type":"ReadAction","target":["https:\/\/novaorg.cofb.net\/que-oferim\/ciutadans\/serveis-per-escoles\/"]}]},{"@type":"BreadcrumbList","@id":"https:\/\/novaorg.cofb.net\/que-oferim\/ciutadans\/serveis-per-escoles\/#breadcrumb","itemListElement":[{"@type":"ListItem","position":1,"name":"Inici","item":"https:\/\/novaorg.cofb.net\/"},{"@type":"ListItem","position":2,"name":"Qu\u00e8 oferim?","item":"https:\/\/novaorg.cofb.net\/que-oferim\/"},{"@type":"ListItem","position":3,"name":"Ciutadans","item":"https:\/\/novaorg.cofb.net\/que-oferim\/ciutadans\/"},{"@type":"ListItem","position":4,"name":"Serveis per escoles"}]},{"@type":"WebSite","@id":"https:\/\/www.cofb.org\/#website","url":"https:\/\/www.cofb.org\/","name":"Col\u00b7legi de Farmac\u00e8utics de Barcelona","description":"","publisher":{"@id":"https:\/\/www.cofb.org\/#organization"},"potentialAction":[{"@type":"SearchAction","target":{"@type":"EntryPoint","urlTemplate":"https:\/\/www.cofb.org\/?s={search_term_string}"},"query-input":"required name=search_term_string"}],"inLanguage":"es"},{"@type":"Organization","@id":"https:\/\/www.cofb.org\/#organization","name":"Col\u00b7legi de Farmac\u00e8utics de Barcelona","url":"https:\/\/www.cofb.org\/","logo":{"@type":"ImageObject","inLanguage":"es","@id":"https:\/\/www.cofb.org\/#\/schema\/logo\/image\/","url":"https:\/\/www.cofb.org\/wp-content\/uploads\/2023\/11\/cropped-Logotip-COFB.png","contentUrl":"https:\/\/www.cofb.org\/wp-content\/uploads\/2023\/11\/cropped-Logotip-COFB.png","width":500,"height":105,"caption":"Col\u00b7legi de Farmac\u00e8utics de Barcelona"},"image":{"@id":"https:\/\/www.cofb.org\/#\/schema\/logo\/image\/"},"sameAs":["https:\/\/www.facebook.com\/farmaceuticsbcn\/","https:\/\/twitter.com\/farmaceuticsbcn","https:\/\/www.instagram.com\/farmaceuticsbcn\/","https:\/\/www.linkedin.com\/company\/farmaceuticsbcn\/"]}]}},"uagb_featured_image_src":{"full":false,"thumbnail":false,"medium":false,"medium_large":false,"large":false,"1536x1536":false,"2048x2048":false,"trp-custom-language-flag":false},"uagb_author_info":{"display_name":"wpAdminCofbOrg","author_link":"https:\/\/www.cofb.org\/es\/author\/wpadmincofborg\/"},"uagb_comment_info":0,"uagb_excerpt":"Educar els nens en h\u00e0bits de vida saludables \u00e9s un dels objectius del Col\u00b7legi. Per aconseguir-ho, treballa principalment en dues l\u00ednies. Espai web al farmaceuticonline En qu\u00e8 consisteix? En aquest espai els nens i els mestres tenen acc\u00e9s a tota mena de materials did\u00e0ctics per treballar temes de salut en [&hellip;]","_links":{"self":[{"href":"https:\/\/www.cofb.org\/es\/wp-json\/wp\/v2\/pages\/2953","targetHints":{"allow":["GET"]}}],"collection":[{"href":"https:\/\/www.cofb.org\/es\/wp-json\/wp\/v2\/pages"}],"about":[{"href":"https:\/\/www.cofb.org\/es\/wp-json\/wp\/v2\/types\/page"}],"author":[{"embeddable":true,"href":"https:\/\/www.cofb.org\/es\/wp-json\/wp\/v2\/users\/1"}],"replies":[{"embeddable":true,"href":"https:\/\/www.cofb.org\/es\/wp-json\/wp\/v2\/comments?post=2953"}],"version-history":[{"count":3,"href":"https:\/\/www.cofb.org\/es\/wp-json\/wp\/v2\/pages\/2953\/revisions"}],"predecessor-version":[{"id":67541,"href":"https:\/\/www.cofb.org\/es\/wp-json\/wp\/v2\/pages\/2953\/revisions\/67541"}],"up":[{"embeddable":true,"href":"https:\/\/www.cofb.org\/es\/wp-json\/wp\/v2\/pages\/2945"}],"wp:attachment":[{"href":"https:\/\/www.cofb.org\/es\/wp-json\/wp\/v2\/media?parent=2953"}],"curies":[{"name":"wp","href":"https:\/\/api.w.org\/{rel}","templated":true}]}}