{"id":2881,"date":"2023-06-14T10:09:31","date_gmt":"2023-06-14T10:09:31","guid":{"rendered":"https:\/\/novaorg.cofb.net\/?page_id=2881"},"modified":"2023-07-19T10:51:23","modified_gmt":"2023-07-19T10:51:23","slug":"noves-farmacies","status":"publish","type":"page","link":"https:\/\/www.cofb.org\/es\/que-oferim\/farmaceutics\/serveis-als-collegiats\/noves-farmacies\/","title":{"rendered":"Nuevas farmacias"},"content":{"rendered":"<div class=\"wp-block-uagb-image uagb-block-417e8b29 wp-block-uagb-image--layout-default wp-block-uagb-image--effect-static wp-block-uagb-image--align-none\"><figure class=\"wp-block-uagb-image__figure\"><img loading=\"lazy\" decoding=\"async\" srcset=\"https:\/\/www.cofb.org\/wp-content\/uploads\/2023\/07\/ServeisNoves-farmacies.jpg \" sizes=\"auto, (max-width: 480px) 150px\" src=\"https:\/\/www.cofb.org\/wp-content\/uploads\/2023\/07\/ServeisNoves-farmacies.jpg\" alt=\"\" class=\"uag-image-67307\" width=\"864\" height=\"350\" title=\"\"\/><\/figure><\/div>\n\n\n\n<p id=\"yui_patched_v3_11_0_1_1689763770040_288\">Las oficinas de farmacia son establecimientos sanitarios sujetos a regulaci\u00f3n por razones de garant\u00eda sanitaria. El marco de la regulaci\u00f3n actualmente vigente est\u00e1 en el art\u00edculo 103 de la Ley General de Sanidad 14\/1986 de 25 de abril, que introduce los principios de planificaci\u00f3n y ordenaci\u00f3n, y contin\u00faa con la figura de la autorizaci\u00f3n administrativa como requisito previo para las nuevas instalaciones, el cierre, el traslado y modificaci\u00f3n de local, y su transmisi\u00f3n.<\/p>\n\n\n\n<p id=\"yui_patched_v3_11_0_1_1689763770040_302\">A partir de la Ley General de Sanidad y al asumir las competencias,  los parlamentos de las Comunidades Aut\u00f3nomas  fueron aprobando las Leyes de ordenaci\u00f3n farmac\u00e9utica, estableciendo criterios de planificaci\u00f3n de acuerdo con las caracter\u00edsticas de cada territorio, la proporci\u00f3n de habitantes por oficina de farmacia y las distancias entre estas, y entre estas y los centros de atenci\u00f3n primaria.<\/p>\n\n\n\n<p id=\"yui_patched_v3_11_0_1_1689763770040_304\">La Ley 31\/1991 de 13 de diciembre es la Ley de Ordenaci\u00f3n Farmac\u00e9utica actualmente en vigor en Catalu\u00f1a, establece que el \u00e1mbito territorial a tener en cuenta en cuanto a la ordenaci\u00f3n y planificaci\u00f3n de las oficinas de farmacia es el \u00e1rea b\u00e1sica de salud.<\/p>\n\n\n\n<p id=\"yui_patched_v3_11_0_1_1689763770040_306\">Por delegaci\u00f3n del\/a Consejero\/a de Salud, los Colegios de Farmac\u00e9uticos de Catalu\u00f1a ejercen la competencia de tramitaci\u00f3n y resoluci\u00f3n de las solicitudes sobre nuevas instalaciones, traslado, modificaciones de local y transmisi\u00f3n de las oficinas de farmacia, as\u00ed como los nombramientos de regentes, adjuntos i substitutos,  el cierre temporal y definitivo, conforme establece el Decreto 12\/1992 de 20 de enero y la Orden de 23 de enero de 1992.<\/p>\n\n\n\n<p id=\"yui_patched_v3_11_0_1_1689763770040_308\">El procedimiento para la tramitaci\u00f3n de estas solicitudes est\u00e1 regulado en el Decreto 40\/1992 de 17 de febrero.<\/p>\n\n\n\n<h2 class=\"wp-block-heading\">\u00bfC\u00f3mo realizar el tr\u00e1mite?<\/h2>\n\n\n\n<p id=\"yui_patched_v3_11_0_1_1689763770040_310\">A trav\u00e9s del\u00a0<a rel=\"noreferrer noopener\" href=\"https:\/\/tramits.cofb.net\/Ciutadania\/DetallTramit.aspx?IdPerfil=2&amp;IdTramit=6&amp;IdPerfil=2\" target=\"_blank\">portal de tr\u00e1mites del COFB<\/a>.\u00a0<a href=\"mailto:ajuridica@cofb.cat\"><\/a><\/p>","protected":false},"excerpt":{"rendered":"<p>Las oficinas de farmacia son establecimientos sanitarios sujetos a regulaci\u00f3n por razones de garant\u00eda sanitaria. El marco de la regulaci\u00f3n actualmente vigente est\u00e1 en el art\u00edculo 103 de la Ley General de Sanidad 14\/1986 de 25 de abril, que introduce los principios de planificaci\u00f3n y ordenaci\u00f3n, y contin\u00faa con la figura de [\u2026]<\/p>","protected":false},"author":1,"featured_media":0,"parent":2750,"menu_order":8,"comment_status":"closed","ping_status":"closed","template":"","meta":{"_uag_custom_page_level_css":"","site-sidebar-layout":"default","site-content-layout":"","ast-site-content-layout":"default","site-content-style":"default","site-sidebar-style":"default","ast-global-header-display":"","ast-banner-title-visibility":"","ast-main-header-display":"","ast-hfb-above-header-display":"","ast-hfb-below-header-display":"","ast-hfb-mobile-header-display":"","site-post-title":"","ast-breadcrumbs-content":"","ast-featured-img":"","footer-sml-layout":"","theme-transparent-header-meta":"","adv-header-id-meta":"","stick-header-meta":"","header-above-stick-meta":"","header-main-stick-meta":"","header-below-stick-meta":"","astra-migrate-meta-layouts":"default","ast-page-background-enabled":"default","ast-page-background-meta":{"desktop":{"background-color":"var(--ast-global-color-4)","background-image":"","background-repeat":"repeat","background-position":"center center","background-size":"auto","background-attachment":"scroll","background-type":"","background-media":"","overlay-type":"","overlay-color":"","overlay-opacity":"","overlay-gradient":""},"tablet":{"background-color":"","background-image":"","background-repeat":"repeat","background-position":"center center","background-size":"auto","background-attachment":"scroll","background-type":"","background-media":"","overlay-type":"","overlay-color":"","overlay-opacity":"","overlay-gradient":""},"mobile":{"background-color":"","background-image":"","background-repeat":"repeat","background-position":"center center","background-size":"auto","background-attachment":"scroll","background-type":"","background-media":"","overlay-type":"","overlay-color":"","overlay-opacity":"","overlay-gradient":""}},"ast-content-background-meta":{"desktop":{"background-color":"var(--ast-global-color-5)","background-image":"","background-repeat":"repeat","background-position":"center center","background-size":"auto","background-attachment":"scroll","background-type":"","background-media":"","overlay-type":"","overlay-color":"","overlay-opacity":"","overlay-gradient":""},"tablet":{"background-color":"var(--ast-global-color-5)","background-image":"","background-repeat":"repeat","background-position":"center center","background-size":"auto","background-attachment":"scroll","background-type":"","background-media":"","overlay-type":"","overlay-color":"","overlay-opacity":"","overlay-gradient":""},"mobile":{"background-color":"var(--ast-global-color-5)","background-image":"","background-repeat":"repeat","background-position":"center center","background-size":"auto","background-attachment":"scroll","background-type":"","background-media":"","overlay-type":"","overlay-color":"","overlay-opacity":"","overlay-gradient":""}},"footnotes":""},"class_list":["post-2881","page","type-page","status-publish","hentry"],"yoast_head":"<!-- This site is optimized with the Yoast SEO plugin v22.4 - https:\/\/yoast.com\/wordpress\/plugins\/seo\/ -->\n<title>Noves farm\u00e0cies - Col\u00b7legi de Farmac\u00e8utics de Barcelona<\/title>\n<meta name=\"robots\" content=\"index, follow, max-snippet:-1, max-image-preview:large, max-video-preview:-1\" \/>\n<link rel=\"canonical\" href=\"https:\/\/www.cofb.org\/es\/que-oferim\/farmaceutics\/serveis-als-collegiats\/noves-farmacies\/\" \/>\n<meta property=\"og:locale\" content=\"es_ES\" \/>\n<meta property=\"og:type\" content=\"article\" \/>\n<meta property=\"og:title\" content=\"Noves farm\u00e0cies - Col\u00b7legi de Farmac\u00e8utics de Barcelona\" \/>\n<meta property=\"og:description\" content=\"Les oficines de farm\u00e0cia s\u00f3n establiments sanitaris subjectes a regulaci\u00f3 per raons de garantia sanit\u00e0ria. El marc de la regulaci\u00f3 actualment vigent est\u00e0 en l\u2019article 103 de la Llei general de sanitat 14\/1986 de 25 d\u2019abril, que introdueix els principis de planificaci\u00f3 i ordenaci\u00f3, i continua amb la figura de [&hellip;]\" \/>\n<meta property=\"og:url\" content=\"https:\/\/www.cofb.org\/es\/que-oferim\/farmaceutics\/serveis-als-collegiats\/noves-farmacies\/\" \/>\n<meta property=\"og:site_name\" content=\"Col\u00b7legi de Farmac\u00e8utics de Barcelona\" \/>\n<meta property=\"article:publisher\" content=\"https:\/\/www.facebook.com\/farmaceuticsbcn\/\" \/>\n<meta property=\"article:modified_time\" content=\"2023-07-19T10:51:23+00:00\" \/>\n<meta property=\"og:image\" content=\"https:\/\/novaorg.cofb.net\/wp-content\/uploads\/2023\/07\/ServeisNoves-farmacies.jpg\" \/>\n<meta name=\"twitter:card\" content=\"summary_large_image\" \/>\n<meta name=\"twitter:site\" content=\"@farmaceuticsbcn\" \/>\n<meta name=\"twitter:label1\" content=\"Tiempo de lectura\" \/>\n\t<meta name=\"twitter:data1\" content=\"2 minutos\" \/>\n<script type=\"application\/ld+json\" class=\"yoast-schema-graph\">{\"@context\":\"https:\/\/schema.org\",\"@graph\":[{\"@type\":\"WebPage\",\"@id\":\"https:\/\/www.cofb.org\/que-oferim\/farmaceutics\/serveis-als-collegiats\/noves-farmacies\/\",\"url\":\"https:\/\/www.cofb.org\/que-oferim\/farmaceutics\/serveis-als-collegiats\/noves-farmacies\/\",\"name\":\"Noves farm\u00e0cies - Col\u00b7legi de Farmac\u00e8utics de Barcelona\",\"isPartOf\":{\"@id\":\"https:\/\/www.cofb.org\/#website\"},\"primaryImageOfPage\":{\"@id\":\"https:\/\/www.cofb.org\/que-oferim\/farmaceutics\/serveis-als-collegiats\/noves-farmacies\/#primaryimage\"},\"image\":{\"@id\":\"https:\/\/www.cofb.org\/que-oferim\/farmaceutics\/serveis-als-collegiats\/noves-farmacies\/#primaryimage\"},\"thumbnailUrl\":\"https:\/\/www.cofb.org\/wp-content\/uploads\/2023\/07\/ServeisNoves-farmacies.jpg\",\"datePublished\":\"2023-06-14T10:09:31+00:00\",\"dateModified\":\"2023-07-19T10:51:23+00:00\",\"breadcrumb\":{\"@id\":\"https:\/\/www.cofb.org\/que-oferim\/farmaceutics\/serveis-als-collegiats\/noves-farmacies\/#breadcrumb\"},\"inLanguage\":\"es\",\"potentialAction\":[{\"@type\":\"ReadAction\",\"target\":[\"https:\/\/www.cofb.org\/que-oferim\/farmaceutics\/serveis-als-collegiats\/noves-farmacies\/\"]}]},{\"@type\":\"ImageObject\",\"inLanguage\":\"es\",\"@id\":\"https:\/\/www.cofb.org\/que-oferim\/farmaceutics\/serveis-als-collegiats\/noves-farmacies\/#primaryimage\",\"url\":\"https:\/\/www.cofb.org\/wp-content\/uploads\/2023\/07\/ServeisNoves-farmacies.jpg\",\"contentUrl\":\"https:\/\/www.cofb.org\/wp-content\/uploads\/2023\/07\/ServeisNoves-farmacies.jpg\"},{\"@type\":\"BreadcrumbList\",\"@id\":\"https:\/\/www.cofb.org\/que-oferim\/farmaceutics\/serveis-als-collegiats\/noves-farmacies\/#breadcrumb\",\"itemListElement\":[{\"@type\":\"ListItem\",\"position\":1,\"name\":\"Inici\",\"item\":\"https:\/\/novaorg.cofb.net\/\"},{\"@type\":\"ListItem\",\"position\":2,\"name\":\"Qu\u00e8 oferim?\",\"item\":\"https:\/\/novaorg.cofb.net\/que-oferim\/\"},{\"@type\":\"ListItem\",\"position\":3,\"name\":\"Farmac\u00e8utics\",\"item\":\"https:\/\/novaorg.cofb.net\/que-oferim\/farmaceutics\/\"},{\"@type\":\"ListItem\",\"position\":4,\"name\":\"Serveis als col\u00b7legiats\",\"item\":\"https:\/\/www.cofb.org\/que-oferim\/farmaceutics\/serveis-als-collegiats\/\"},{\"@type\":\"ListItem\",\"position\":5,\"name\":\"Noves farm\u00e0cies\"}]},{\"@type\":\"WebSite\",\"@id\":\"https:\/\/www.cofb.org\/#website\",\"url\":\"https:\/\/www.cofb.org\/\",\"name\":\"Col\u00b7legi de Farmac\u00e8utics de Barcelona\",\"description\":\"\",\"publisher\":{\"@id\":\"https:\/\/www.cofb.org\/#organization\"},\"potentialAction\":[{\"@type\":\"SearchAction\",\"target\":{\"@type\":\"EntryPoint\",\"urlTemplate\":\"https:\/\/www.cofb.org\/?s={search_term_string}\"},\"query-input\":\"required name=search_term_string\"}],\"inLanguage\":\"es\"},{\"@type\":\"Organization\",\"@id\":\"https:\/\/www.cofb.org\/#organization\",\"name\":\"Col\u00b7legi de Farmac\u00e8utics de Barcelona\",\"url\":\"https:\/\/www.cofb.org\/\",\"logo\":{\"@type\":\"ImageObject\",\"inLanguage\":\"es\",\"@id\":\"https:\/\/www.cofb.org\/#\/schema\/logo\/image\/\",\"url\":\"https:\/\/www.cofb.org\/wp-content\/uploads\/2023\/11\/cropped-Logotip-COFB.png\",\"contentUrl\":\"https:\/\/www.cofb.org\/wp-content\/uploads\/2023\/11\/cropped-Logotip-COFB.png\",\"width\":500,\"height\":105,\"caption\":\"Col\u00b7legi de Farmac\u00e8utics de Barcelona\"},\"image\":{\"@id\":\"https:\/\/www.cofb.org\/#\/schema\/logo\/image\/\"},\"sameAs\":[\"https:\/\/www.facebook.com\/farmaceuticsbcn\/\",\"https:\/\/twitter.com\/farmaceuticsbcn\",\"https:\/\/www.instagram.com\/farmaceuticsbcn\/\",\"https:\/\/www.linkedin.com\/company\/farmaceuticsbcn\/\"]}]}<\/script>\n<!-- \/ Yoast SEO plugin. -->","yoast_head_json":{"title":"Noves farm\u00e0cies - Col\u00b7legi de Farmac\u00e8utics de Barcelona","robots":{"index":"index","follow":"follow","max-snippet":"max-snippet:-1","max-image-preview":"max-image-preview:large","max-video-preview":"max-video-preview:-1"},"canonical":"https:\/\/www.cofb.org\/es\/que-oferim\/farmaceutics\/serveis-als-collegiats\/noves-farmacies\/","og_locale":"es_ES","og_type":"article","og_title":"Noves farm\u00e0cies - Col\u00b7legi de Farmac\u00e8utics de Barcelona","og_description":"Les oficines de farm\u00e0cia s\u00f3n establiments sanitaris subjectes a regulaci\u00f3 per raons de garantia sanit\u00e0ria. El marc de la regulaci\u00f3 actualment vigent est\u00e0 en l\u2019article 103 de la Llei general de sanitat 14\/1986 de 25 d\u2019abril, que introdueix els principis de planificaci\u00f3 i ordenaci\u00f3, i continua amb la figura de [&hellip;]","og_url":"https:\/\/www.cofb.org\/es\/que-oferim\/farmaceutics\/serveis-als-collegiats\/noves-farmacies\/","og_site_name":"Col\u00b7legi de Farmac\u00e8utics de Barcelona","article_publisher":"https:\/\/www.facebook.com\/farmaceuticsbcn\/","article_modified_time":"2023-07-19T10:51:23+00:00","og_image":[{"url":"https:\/\/novaorg.cofb.net\/wp-content\/uploads\/2023\/07\/ServeisNoves-farmacies.jpg"}],"twitter_card":"summary_large_image","twitter_site":"@farmaceuticsbcn","twitter_misc":{"Tiempo de lectura":"2 minutos"},"schema":{"@context":"https:\/\/schema.org","@graph":[{"@type":"WebPage","@id":"https:\/\/www.cofb.org\/que-oferim\/farmaceutics\/serveis-als-collegiats\/noves-farmacies\/","url":"https:\/\/www.cofb.org\/que-oferim\/farmaceutics\/serveis-als-collegiats\/noves-farmacies\/","name":"Noves farm\u00e0cies - Col\u00b7legi de Farmac\u00e8utics de Barcelona","isPartOf":{"@id":"https:\/\/www.cofb.org\/#website"},"primaryImageOfPage":{"@id":"https:\/\/www.cofb.org\/que-oferim\/farmaceutics\/serveis-als-collegiats\/noves-farmacies\/#primaryimage"},"image":{"@id":"https:\/\/www.cofb.org\/que-oferim\/farmaceutics\/serveis-als-collegiats\/noves-farmacies\/#primaryimage"},"thumbnailUrl":"https:\/\/www.cofb.org\/wp-content\/uploads\/2023\/07\/ServeisNoves-farmacies.jpg","datePublished":"2023-06-14T10:09:31+00:00","dateModified":"2023-07-19T10:51:23+00:00","breadcrumb":{"@id":"https:\/\/www.cofb.org\/que-oferim\/farmaceutics\/serveis-als-collegiats\/noves-farmacies\/#breadcrumb"},"inLanguage":"es","potentialAction":[{"@type":"ReadAction","target":["https:\/\/www.cofb.org\/que-oferim\/farmaceutics\/serveis-als-collegiats\/noves-farmacies\/"]}]},{"@type":"ImageObject","inLanguage":"es","@id":"https:\/\/www.cofb.org\/que-oferim\/farmaceutics\/serveis-als-collegiats\/noves-farmacies\/#primaryimage","url":"https:\/\/www.cofb.org\/wp-content\/uploads\/2023\/07\/ServeisNoves-farmacies.jpg","contentUrl":"https:\/\/www.cofb.org\/wp-content\/uploads\/2023\/07\/ServeisNoves-farmacies.jpg"},{"@type":"BreadcrumbList","@id":"https:\/\/www.cofb.org\/que-oferim\/farmaceutics\/serveis-als-collegiats\/noves-farmacies\/#breadcrumb","itemListElement":[{"@type":"ListItem","position":1,"name":"Inici","item":"https:\/\/novaorg.cofb.net\/"},{"@type":"ListItem","position":2,"name":"Qu\u00e8 oferim?","item":"https:\/\/novaorg.cofb.net\/que-oferim\/"},{"@type":"ListItem","position":3,"name":"Farmac\u00e8utics","item":"https:\/\/novaorg.cofb.net\/que-oferim\/farmaceutics\/"},{"@type":"ListItem","position":4,"name":"Serveis als col\u00b7legiats","item":"https:\/\/www.cofb.org\/que-oferim\/farmaceutics\/serveis-als-collegiats\/"},{"@type":"ListItem","position":5,"name":"Noves farm\u00e0cies"}]},{"@type":"WebSite","@id":"https:\/\/www.cofb.org\/#website","url":"https:\/\/www.cofb.org\/","name":"Col\u00b7legi de Farmac\u00e8utics de Barcelona","description":"","publisher":{"@id":"https:\/\/www.cofb.org\/#organization"},"potentialAction":[{"@type":"SearchAction","target":{"@type":"EntryPoint","urlTemplate":"https:\/\/www.cofb.org\/?s={search_term_string}"},"query-input":"required name=search_term_string"}],"inLanguage":"es"},{"@type":"Organization","@id":"https:\/\/www.cofb.org\/#organization","name":"Col\u00b7legi de Farmac\u00e8utics de Barcelona","url":"https:\/\/www.cofb.org\/","logo":{"@type":"ImageObject","inLanguage":"es","@id":"https:\/\/www.cofb.org\/#\/schema\/logo\/image\/","url":"https:\/\/www.cofb.org\/wp-content\/uploads\/2023\/11\/cropped-Logotip-COFB.png","contentUrl":"https:\/\/www.cofb.org\/wp-content\/uploads\/2023\/11\/cropped-Logotip-COFB.png","width":500,"height":105,"caption":"Col\u00b7legi de Farmac\u00e8utics de Barcelona"},"image":{"@id":"https:\/\/www.cofb.org\/#\/schema\/logo\/image\/"},"sameAs":["https:\/\/www.facebook.com\/farmaceuticsbcn\/","https:\/\/twitter.com\/farmaceuticsbcn","https:\/\/www.instagram.com\/farmaceuticsbcn\/","https:\/\/www.linkedin.com\/company\/farmaceuticsbcn\/"]}]}},"uagb_featured_image_src":{"full":false,"thumbnail":false,"medium":false,"medium_large":false,"large":false,"1536x1536":false,"2048x2048":false,"trp-custom-language-flag":false},"uagb_author_info":{"display_name":"wpAdminCofbOrg","author_link":"https:\/\/www.cofb.org\/es\/author\/wpadmincofborg\/"},"uagb_comment_info":0,"uagb_excerpt":"Les oficines de farm\u00e0cia s\u00f3n establiments sanitaris subjectes a regulaci\u00f3 per raons de garantia sanit\u00e0ria. El marc de la regulaci\u00f3 actualment vigent est\u00e0 en l\u2019article 103 de la Llei general de sanitat 14\/1986 de 25 d\u2019abril, que introdueix els principis de planificaci\u00f3 i ordenaci\u00f3, i continua amb la figura de [&hellip;]","_links":{"self":[{"href":"https:\/\/www.cofb.org\/es\/wp-json\/wp\/v2\/pages\/2881","targetHints":{"allow":["GET"]}}],"collection":[{"href":"https:\/\/www.cofb.org\/es\/wp-json\/wp\/v2\/pages"}],"about":[{"href":"https:\/\/www.cofb.org\/es\/wp-json\/wp\/v2\/types\/page"}],"author":[{"embeddable":true,"href":"https:\/\/www.cofb.org\/es\/wp-json\/wp\/v2\/users\/1"}],"replies":[{"embeddable":true,"href":"https:\/\/www.cofb.org\/es\/wp-json\/wp\/v2\/comments?post=2881"}],"version-history":[{"count":3,"href":"https:\/\/www.cofb.org\/es\/wp-json\/wp\/v2\/pages\/2881\/revisions"}],"predecessor-version":[{"id":67311,"href":"https:\/\/www.cofb.org\/es\/wp-json\/wp\/v2\/pages\/2881\/revisions\/67311"}],"up":[{"embeddable":true,"href":"https:\/\/www.cofb.org\/es\/wp-json\/wp\/v2\/pages\/2750"}],"wp:attachment":[{"href":"https:\/\/www.cofb.org\/es\/wp-json\/wp\/v2\/media?parent=2881"}],"curies":[{"name":"wp","href":"https:\/\/api.w.org\/{rel}","templated":true}]}}