{"id":2877,"date":"2023-06-14T10:09:31","date_gmt":"2023-06-14T10:09:31","guid":{"rendered":"https:\/\/novaorg.cofb.net\/?page_id=2877"},"modified":"2025-07-25T10:35:26","modified_gmt":"2025-07-25T10:35:26","slug":"deontologia","status":"publish","type":"page","link":"https:\/\/www.cofb.org\/es\/que-oferim\/farmaceutics\/serveis-als-collegiats\/deontologia\/","title":{"rendered":"Deontolog\u00eda"},"content":{"rendered":"<div class=\"wp-block-uagb-image uagb-block-bf2ae5ca wp-block-uagb-image--layout-default wp-block-uagb-image--effect-static wp-block-uagb-image--align-none\"><figure class=\"wp-block-uagb-image__figure\"><img decoding=\"async\" srcset=\"https:\/\/www.cofb.org\/wp-content\/uploads\/2023\/07\/QueOferimCiutadans_deontologiaOK.png \" sizes=\"auto, (max-width: 480px) 150px\" src=\"https:\/\/www.cofb.org\/wp-content\/uploads\/2023\/07\/QueOferimCiutadans_deontologiaOK.png\" alt=\"\" class=\"uag-image-67286\" width=\"864\" height=\"300\" title=\"\" loading=\"lazy\" role=\"img\"\/><\/figure><\/div>\n\n\n\n<p id=\"yui_patched_v3_11_0_1_1689761670434_284\">Una de las funciones primordiales de los colegios profesionales es velar para que el colectivo que representa, ejerza la profesi\u00f3n de acuerdo con su C\u00f3digo deontol\u00f3gico y la legislaci\u00f3n vigente. La Comisi\u00f3n de Deontolog\u00eda, delegada de la Junta de Gobierno, y el Servicio de Inspecci\u00f3n son los encargados de esta tarea.<\/p>\n\n\n\n<h2 class=\"wp-block-heading\">Tareas<\/h2>\n\n\n\n<p id=\"yui_patched_v3_11_0_1_1689761670434_300\">El farmac\u00e9utico se&nbsp;<strong>puede ponerse en contacto con Deontolog\u00eda<\/strong>&nbsp;por&nbsp;<strong>despejar dudas relacionadas con la actividad diaria de la oficina de farmacia&nbsp;<\/strong>(legislaci\u00f3n, actividades, servicios autorizados, contenido de p\u00e1ginas web, etc.).<\/p>\n\n\n\n<p id=\"yui_patched_v3_11_0_1_1689761670434_303\">Tambi\u00e9n&nbsp;<strong>puede pedir asesoramiento en la misma oficina de farmacia para comprobar si cumple de forma correcta la normativa vigente<\/strong>. Esta visita equivale a aquella que peri\u00f3dicamente realiza el Servicio de Inspecci\u00f3n del Col\u00b7legi.<\/p>\n\n\n\n<p id=\"yui_patched_v3_11_0_1_1689761670434_305\">Deontolog\u00eda tambi\u00e9n<strong>&nbsp;atiende consultas de farmac\u00e9uticos de otros \u00e1mbitos profesionales y de usuarios<\/strong>.<\/p>\n\n\n\n<p id=\"yui_patched_v3_11_0_1_1689761670434_308\">La Comisi\u00f3n de Deontolog\u00eda delegada de la Junta de Gobierno&nbsp;<a rel=\"noreferrer noopener\" href=\"https:\/\/tramits.cofb.net\/Ciutadania\/DetallTramit.aspx?Cercador=True&amp;IdTramit=22\" target=\"_blank\">tramita las quejas, reclamaciones o denuncias<\/a>&nbsp;presentadas a trav\u00e9s del portal de tr\u00e1mites del COFB contra una actuaci\u00f3n determinada de un farmac\u00e9utico de oficina de farmacia.<\/p>\n\n\n\n<h2 class=\"wp-block-heading\">Tramitar una queja, reclamaci\u00f3n o denuncia<\/h2>\n\n\n\n<p>Lo podr\u00e1s hacer a trav\u00e9s del&nbsp;<a href=\"https:\/\/tramits.cofb.net\/Ciutadania\/DetallTramit.aspx?Cercador=True&amp;IdTramit=22\" target=\"_blank\" rel=\"noreferrer noopener\">portal de tr\u00e1mites del COFB<\/a>.&nbsp;<\/p>\n\n\n\n<h2 class=\"wp-block-heading\">Consulta o sugerencia no asociada a ning\u00fan tr\u00e1mite<\/h2>\n\n\n\n<p>Para hacer llegar al Departamento de Deontolog\u00eda una consulta o sugerencia no asociada a ning\u00fan tr\u00e1mite, podr\u00e1s hacerlo a trav\u00e9s de&nbsp;<a href=\"https:\/\/tramits.cofb.net\/Ciutadania\/DetallTramit.aspx?IdTema=11&amp;IdTramit=54&amp;IdTema=11\" target=\"_blank\" rel=\"noreferrer noopener\">este enlace del portal de tr\u00e1mites<\/a>.<\/p>","protected":false},"excerpt":{"rendered":"<p>Una de las funciones primordiales de los colegios profesionales es velar por que el colectivo que representa, ejerza la profesi\u00f3n de acuerdo con su C\u00f3digo deontol\u00f3gico y la legislaci\u00f3n vigente. La Comisi\u00f3n de Deontolog\u00eda, delegada de la Junta de Gobierno, y el Servicio de Inspecci\u00f3n son los encargados de esta labor. Tareas El farmac\u00e9utico se puede [\u2026]<\/p>","protected":false},"author":1,"featured_media":0,"parent":2750,"menu_order":4,"comment_status":"closed","ping_status":"closed","template":"","meta":{"_uag_custom_page_level_css":"","site-sidebar-layout":"default","site-content-layout":"","ast-site-content-layout":"default","site-content-style":"default","site-sidebar-style":"default","ast-global-header-display":"","ast-banner-title-visibility":"","ast-main-header-display":"","ast-hfb-above-header-display":"","ast-hfb-below-header-display":"","ast-hfb-mobile-header-display":"","site-post-title":"","ast-breadcrumbs-content":"","ast-featured-img":"","footer-sml-layout":"","theme-transparent-header-meta":"","adv-header-id-meta":"","stick-header-meta":"","header-above-stick-meta":"","header-main-stick-meta":"","header-below-stick-meta":"","astra-migrate-meta-layouts":"set","ast-page-background-enabled":"default","ast-page-background-meta":{"desktop":{"background-color":"var(--ast-global-color-4)","background-image":"","background-repeat":"repeat","background-position":"center center","background-size":"auto","background-attachment":"scroll","background-type":"","background-media":"","overlay-type":"","overlay-color":"","overlay-opacity":"","overlay-gradient":""},"tablet":{"background-color":"","background-image":"","background-repeat":"repeat","background-position":"center center","background-size":"auto","background-attachment":"scroll","background-type":"","background-media":"","overlay-type":"","overlay-color":"","overlay-opacity":"","overlay-gradient":""},"mobile":{"background-color":"","background-image":"","background-repeat":"repeat","background-position":"center center","background-size":"auto","background-attachment":"scroll","background-type":"","background-media":"","overlay-type":"","overlay-color":"","overlay-opacity":"","overlay-gradient":""}},"ast-content-background-meta":{"desktop":{"background-color":"var(--ast-global-color-5)","background-image":"","background-repeat":"repeat","background-position":"center center","background-size":"auto","background-attachment":"scroll","background-type":"","background-media":"","overlay-type":"","overlay-color":"","overlay-opacity":"","overlay-gradient":""},"tablet":{"background-color":"var(--ast-global-color-5)","background-image":"","background-repeat":"repeat","background-position":"center center","background-size":"auto","background-attachment":"scroll","background-type":"","background-media":"","overlay-type":"","overlay-color":"","overlay-opacity":"","overlay-gradient":""},"mobile":{"background-color":"var(--ast-global-color-5)","background-image":"","background-repeat":"repeat","background-position":"center center","background-size":"auto","background-attachment":"scroll","background-type":"","background-media":"","overlay-type":"","overlay-color":"","overlay-opacity":"","overlay-gradient":""}},"footnotes":""},"class_list":["post-2877","page","type-page","status-publish","hentry"],"yoast_head":"<!-- This site is optimized with the Yoast SEO plugin v22.4 - https:\/\/yoast.com\/wordpress\/plugins\/seo\/ -->\n<title>Deontologia - Col\u00b7legi de Farmac\u00e8utics de Barcelona<\/title>\n<meta name=\"robots\" content=\"index, follow, max-snippet:-1, max-image-preview:large, max-video-preview:-1\" \/>\n<link rel=\"canonical\" href=\"https:\/\/www.cofb.org\/es\/que-oferim\/farmaceutics\/serveis-als-collegiats\/deontologia\/\" \/>\n<meta property=\"og:locale\" content=\"es_ES\" \/>\n<meta property=\"og:type\" content=\"article\" \/>\n<meta property=\"og:title\" content=\"Deontologia - Col\u00b7legi de Farmac\u00e8utics de Barcelona\" \/>\n<meta property=\"og:description\" content=\"Una de les funcions primordials dels&nbsp;col\u00b7legis professionals \u00e9s vetllar perqu\u00e8 el col\u00b7lectiu que representa, exerceixi la professi\u00f3 d\u2019acord amb el seu Codi deontol\u00f2gic i la legislaci\u00f3 vigent. La Comissi\u00f3 de Deontologia, delegada de la Junta de Govern, i el Servei d\u2019Inspecci\u00f3 s\u00f3n els encarregats d\u2019aquesta tasca. Tasques El farmac\u00e8utic es&nbsp;pot [&hellip;]\" \/>\n<meta property=\"og:url\" content=\"https:\/\/www.cofb.org\/es\/que-oferim\/farmaceutics\/serveis-als-collegiats\/deontologia\/\" \/>\n<meta property=\"og:site_name\" content=\"Col\u00b7legi de Farmac\u00e8utics de Barcelona\" \/>\n<meta property=\"article:publisher\" content=\"https:\/\/www.facebook.com\/farmaceuticsbcn\/\" \/>\n<meta property=\"article:modified_time\" content=\"2025-07-25T10:35:26+00:00\" \/>\n<meta property=\"og:image\" content=\"https:\/\/www.cofb.org\/wp-content\/uploads\/2023\/07\/QueOferimCiutadans_deontologiaOK.png\" \/>\n<meta name=\"twitter:card\" content=\"summary_large_image\" \/>\n<meta name=\"twitter:site\" content=\"@farmaceuticsbcn\" \/>\n<meta name=\"twitter:label1\" content=\"Tiempo de lectura\" \/>\n\t<meta name=\"twitter:data1\" content=\"2 minutos\" \/>\n<script type=\"application\/ld+json\" class=\"yoast-schema-graph\">{\"@context\":\"https:\/\/schema.org\",\"@graph\":[{\"@type\":\"WebPage\",\"@id\":\"https:\/\/www.cofb.org\/que-oferim\/farmaceutics\/serveis-als-collegiats\/deontologia\/\",\"url\":\"https:\/\/www.cofb.org\/que-oferim\/farmaceutics\/serveis-als-collegiats\/deontologia\/\",\"name\":\"Deontologia - Col\u00b7legi de Farmac\u00e8utics de Barcelona\",\"isPartOf\":{\"@id\":\"https:\/\/www.cofb.org\/#website\"},\"primaryImageOfPage\":{\"@id\":\"https:\/\/www.cofb.org\/que-oferim\/farmaceutics\/serveis-als-collegiats\/deontologia\/#primaryimage\"},\"image\":{\"@id\":\"https:\/\/www.cofb.org\/que-oferim\/farmaceutics\/serveis-als-collegiats\/deontologia\/#primaryimage\"},\"thumbnailUrl\":\"https:\/\/www.cofb.org\/wp-content\/uploads\/2023\/07\/QueOferimCiutadans_deontologiaOK.png\",\"datePublished\":\"2023-06-14T10:09:31+00:00\",\"dateModified\":\"2025-07-25T10:35:26+00:00\",\"breadcrumb\":{\"@id\":\"https:\/\/www.cofb.org\/que-oferim\/farmaceutics\/serveis-als-collegiats\/deontologia\/#breadcrumb\"},\"inLanguage\":\"es\",\"potentialAction\":[{\"@type\":\"ReadAction\",\"target\":[\"https:\/\/www.cofb.org\/que-oferim\/farmaceutics\/serveis-als-collegiats\/deontologia\/\"]}]},{\"@type\":\"ImageObject\",\"inLanguage\":\"es\",\"@id\":\"https:\/\/www.cofb.org\/que-oferim\/farmaceutics\/serveis-als-collegiats\/deontologia\/#primaryimage\",\"url\":\"https:\/\/www.cofb.org\/wp-content\/uploads\/2023\/07\/QueOferimCiutadans_deontologiaOK.png\",\"contentUrl\":\"https:\/\/www.cofb.org\/wp-content\/uploads\/2023\/07\/QueOferimCiutadans_deontologiaOK.png\"},{\"@type\":\"BreadcrumbList\",\"@id\":\"https:\/\/www.cofb.org\/que-oferim\/farmaceutics\/serveis-als-collegiats\/deontologia\/#breadcrumb\",\"itemListElement\":[{\"@type\":\"ListItem\",\"position\":1,\"name\":\"Inici\",\"item\":\"https:\/\/novaorg.cofb.net\/\"},{\"@type\":\"ListItem\",\"position\":2,\"name\":\"Qu\u00e8 oferim?\",\"item\":\"https:\/\/novaorg.cofb.net\/que-oferim\/\"},{\"@type\":\"ListItem\",\"position\":3,\"name\":\"Farmac\u00e8utics\",\"item\":\"https:\/\/novaorg.cofb.net\/que-oferim\/farmaceutics\/\"},{\"@type\":\"ListItem\",\"position\":4,\"name\":\"Serveis als col\u00b7legiats\",\"item\":\"https:\/\/www.cofb.org\/que-oferim\/farmaceutics\/serveis-als-collegiats\/\"},{\"@type\":\"ListItem\",\"position\":5,\"name\":\"Deontologia\"}]},{\"@type\":\"WebSite\",\"@id\":\"https:\/\/www.cofb.org\/#website\",\"url\":\"https:\/\/www.cofb.org\/\",\"name\":\"Col\u00b7legi de Farmac\u00e8utics de Barcelona\",\"description\":\"\",\"publisher\":{\"@id\":\"https:\/\/www.cofb.org\/#organization\"},\"potentialAction\":[{\"@type\":\"SearchAction\",\"target\":{\"@type\":\"EntryPoint\",\"urlTemplate\":\"https:\/\/www.cofb.org\/?s={search_term_string}\"},\"query-input\":\"required name=search_term_string\"}],\"inLanguage\":\"es\"},{\"@type\":\"Organization\",\"@id\":\"https:\/\/www.cofb.org\/#organization\",\"name\":\"Col\u00b7legi de Farmac\u00e8utics de Barcelona\",\"url\":\"https:\/\/www.cofb.org\/\",\"logo\":{\"@type\":\"ImageObject\",\"inLanguage\":\"es\",\"@id\":\"https:\/\/www.cofb.org\/#\/schema\/logo\/image\/\",\"url\":\"https:\/\/www.cofb.org\/wp-content\/uploads\/2023\/11\/cropped-Logotip-COFB.png\",\"contentUrl\":\"https:\/\/www.cofb.org\/wp-content\/uploads\/2023\/11\/cropped-Logotip-COFB.png\",\"width\":500,\"height\":105,\"caption\":\"Col\u00b7legi de Farmac\u00e8utics de Barcelona\"},\"image\":{\"@id\":\"https:\/\/www.cofb.org\/#\/schema\/logo\/image\/\"},\"sameAs\":[\"https:\/\/www.facebook.com\/farmaceuticsbcn\/\",\"https:\/\/twitter.com\/farmaceuticsbcn\",\"https:\/\/www.instagram.com\/farmaceuticsbcn\/\",\"https:\/\/www.linkedin.com\/company\/farmaceuticsbcn\/\"]}]}<\/script>\n<!-- \/ Yoast SEO plugin. -->","yoast_head_json":{"title":"Deontologia - Col\u00b7legi de Farmac\u00e8utics de Barcelona","robots":{"index":"index","follow":"follow","max-snippet":"max-snippet:-1","max-image-preview":"max-image-preview:large","max-video-preview":"max-video-preview:-1"},"canonical":"https:\/\/www.cofb.org\/es\/que-oferim\/farmaceutics\/serveis-als-collegiats\/deontologia\/","og_locale":"es_ES","og_type":"article","og_title":"Deontologia - Col\u00b7legi de Farmac\u00e8utics de Barcelona","og_description":"Una de les funcions primordials dels&nbsp;col\u00b7legis professionals \u00e9s vetllar perqu\u00e8 el col\u00b7lectiu que representa, exerceixi la professi\u00f3 d\u2019acord amb el seu Codi deontol\u00f2gic i la legislaci\u00f3 vigent. La Comissi\u00f3 de Deontologia, delegada de la Junta de Govern, i el Servei d\u2019Inspecci\u00f3 s\u00f3n els encarregats d\u2019aquesta tasca. Tasques El farmac\u00e8utic es&nbsp;pot [&hellip;]","og_url":"https:\/\/www.cofb.org\/es\/que-oferim\/farmaceutics\/serveis-als-collegiats\/deontologia\/","og_site_name":"Col\u00b7legi de Farmac\u00e8utics de Barcelona","article_publisher":"https:\/\/www.facebook.com\/farmaceuticsbcn\/","article_modified_time":"2025-07-25T10:35:26+00:00","og_image":[{"url":"https:\/\/www.cofb.org\/wp-content\/uploads\/2023\/07\/QueOferimCiutadans_deontologiaOK.png"}],"twitter_card":"summary_large_image","twitter_site":"@farmaceuticsbcn","twitter_misc":{"Tiempo de lectura":"2 minutos"},"schema":{"@context":"https:\/\/schema.org","@graph":[{"@type":"WebPage","@id":"https:\/\/www.cofb.org\/que-oferim\/farmaceutics\/serveis-als-collegiats\/deontologia\/","url":"https:\/\/www.cofb.org\/que-oferim\/farmaceutics\/serveis-als-collegiats\/deontologia\/","name":"Deontologia - Col\u00b7legi de Farmac\u00e8utics de Barcelona","isPartOf":{"@id":"https:\/\/www.cofb.org\/#website"},"primaryImageOfPage":{"@id":"https:\/\/www.cofb.org\/que-oferim\/farmaceutics\/serveis-als-collegiats\/deontologia\/#primaryimage"},"image":{"@id":"https:\/\/www.cofb.org\/que-oferim\/farmaceutics\/serveis-als-collegiats\/deontologia\/#primaryimage"},"thumbnailUrl":"https:\/\/www.cofb.org\/wp-content\/uploads\/2023\/07\/QueOferimCiutadans_deontologiaOK.png","datePublished":"2023-06-14T10:09:31+00:00","dateModified":"2025-07-25T10:35:26+00:00","breadcrumb":{"@id":"https:\/\/www.cofb.org\/que-oferim\/farmaceutics\/serveis-als-collegiats\/deontologia\/#breadcrumb"},"inLanguage":"es","potentialAction":[{"@type":"ReadAction","target":["https:\/\/www.cofb.org\/que-oferim\/farmaceutics\/serveis-als-collegiats\/deontologia\/"]}]},{"@type":"ImageObject","inLanguage":"es","@id":"https:\/\/www.cofb.org\/que-oferim\/farmaceutics\/serveis-als-collegiats\/deontologia\/#primaryimage","url":"https:\/\/www.cofb.org\/wp-content\/uploads\/2023\/07\/QueOferimCiutadans_deontologiaOK.png","contentUrl":"https:\/\/www.cofb.org\/wp-content\/uploads\/2023\/07\/QueOferimCiutadans_deontologiaOK.png"},{"@type":"BreadcrumbList","@id":"https:\/\/www.cofb.org\/que-oferim\/farmaceutics\/serveis-als-collegiats\/deontologia\/#breadcrumb","itemListElement":[{"@type":"ListItem","position":1,"name":"Inici","item":"https:\/\/novaorg.cofb.net\/"},{"@type":"ListItem","position":2,"name":"Qu\u00e8 oferim?","item":"https:\/\/novaorg.cofb.net\/que-oferim\/"},{"@type":"ListItem","position":3,"name":"Farmac\u00e8utics","item":"https:\/\/novaorg.cofb.net\/que-oferim\/farmaceutics\/"},{"@type":"ListItem","position":4,"name":"Serveis als col\u00b7legiats","item":"https:\/\/www.cofb.org\/que-oferim\/farmaceutics\/serveis-als-collegiats\/"},{"@type":"ListItem","position":5,"name":"Deontologia"}]},{"@type":"WebSite","@id":"https:\/\/www.cofb.org\/#website","url":"https:\/\/www.cofb.org\/","name":"Col\u00b7legi de Farmac\u00e8utics de Barcelona","description":"","publisher":{"@id":"https:\/\/www.cofb.org\/#organization"},"potentialAction":[{"@type":"SearchAction","target":{"@type":"EntryPoint","urlTemplate":"https:\/\/www.cofb.org\/?s={search_term_string}"},"query-input":"required name=search_term_string"}],"inLanguage":"es"},{"@type":"Organization","@id":"https:\/\/www.cofb.org\/#organization","name":"Col\u00b7legi de Farmac\u00e8utics de Barcelona","url":"https:\/\/www.cofb.org\/","logo":{"@type":"ImageObject","inLanguage":"es","@id":"https:\/\/www.cofb.org\/#\/schema\/logo\/image\/","url":"https:\/\/www.cofb.org\/wp-content\/uploads\/2023\/11\/cropped-Logotip-COFB.png","contentUrl":"https:\/\/www.cofb.org\/wp-content\/uploads\/2023\/11\/cropped-Logotip-COFB.png","width":500,"height":105,"caption":"Col\u00b7legi de Farmac\u00e8utics de Barcelona"},"image":{"@id":"https:\/\/www.cofb.org\/#\/schema\/logo\/image\/"},"sameAs":["https:\/\/www.facebook.com\/farmaceuticsbcn\/","https:\/\/twitter.com\/farmaceuticsbcn","https:\/\/www.instagram.com\/farmaceuticsbcn\/","https:\/\/www.linkedin.com\/company\/farmaceuticsbcn\/"]}]}},"uagb_featured_image_src":{"full":false,"thumbnail":false,"medium":false,"medium_large":false,"large":false,"1536x1536":false,"2048x2048":false,"trp-custom-language-flag":false},"uagb_author_info":{"display_name":"wpAdminCofbOrg","author_link":"https:\/\/www.cofb.org\/es\/author\/wpadmincofborg\/"},"uagb_comment_info":0,"uagb_excerpt":"Una de les funcions primordials dels&nbsp;col\u00b7legis professionals \u00e9s vetllar perqu\u00e8 el col\u00b7lectiu que representa, exerceixi la professi\u00f3 d\u2019acord amb el seu Codi deontol\u00f2gic i la legislaci\u00f3 vigent. La Comissi\u00f3 de Deontologia, delegada de la Junta de Govern, i el Servei d\u2019Inspecci\u00f3 s\u00f3n els encarregats d\u2019aquesta tasca. Tasques El farmac\u00e8utic es&nbsp;pot [&hellip;]","_links":{"self":[{"href":"https:\/\/www.cofb.org\/es\/wp-json\/wp\/v2\/pages\/2877","targetHints":{"allow":["GET"]}}],"collection":[{"href":"https:\/\/www.cofb.org\/es\/wp-json\/wp\/v2\/pages"}],"about":[{"href":"https:\/\/www.cofb.org\/es\/wp-json\/wp\/v2\/types\/page"}],"author":[{"embeddable":true,"href":"https:\/\/www.cofb.org\/es\/wp-json\/wp\/v2\/users\/1"}],"replies":[{"embeddable":true,"href":"https:\/\/www.cofb.org\/es\/wp-json\/wp\/v2\/comments?post=2877"}],"version-history":[{"count":11,"href":"https:\/\/www.cofb.org\/es\/wp-json\/wp\/v2\/pages\/2877\/revisions"}],"predecessor-version":[{"id":82098,"href":"https:\/\/www.cofb.org\/es\/wp-json\/wp\/v2\/pages\/2877\/revisions\/82098"}],"up":[{"embeddable":true,"href":"https:\/\/www.cofb.org\/es\/wp-json\/wp\/v2\/pages\/2750"}],"wp:attachment":[{"href":"https:\/\/www.cofb.org\/es\/wp-json\/wp\/v2\/media?parent=2877"}],"curies":[{"name":"wp","href":"https:\/\/api.w.org\/{rel}","templated":true}]}}