{"id":2762,"date":"2023-06-13T09:28:07","date_gmt":"2023-06-13T09:28:07","guid":{"rendered":"https:\/\/novaorg.cofb.net\/?page_id=2762"},"modified":"2024-08-29T12:06:43","modified_gmt":"2024-08-29T12:06:43","slug":"collegiat","status":"publish","type":"page","link":"https:\/\/www.cofb.org\/es\/que-oferim\/farmaceutics\/collegiat\/","title":{"rendered":"Col\u00e9giate"},"content":{"rendered":"<div class=\"wp-block-uagb-image uagb-block-347581b0 wp-block-uagb-image--layout-default wp-block-uagb-image--effect-static wp-block-uagb-image--align-none\"><figure class=\"wp-block-uagb-image__figure\"><img loading=\"lazy\" decoding=\"async\" srcset=\"https:\/\/www.cofb.org\/wp-content\/uploads\/2023\/07\/QueOferimFarmaceutic_ColegiateOK.jpg \" sizes=\"auto, (max-width: 480px) 150px\" src=\"https:\/\/www.cofb.org\/wp-content\/uploads\/2023\/07\/QueOferimFarmaceutic_ColegiateOK.jpg\" alt=\"\" class=\"uag-image-67316\" width=\"864\" height=\"273\" title=\"\" role=\"img\"\/><\/figure><\/div>\n\n\n\n<h2 class=\"wp-block-heading\">\u00bfPor qu\u00e9 colegiarme?<\/h2>\n\n\n\n<p>Colegiarse representa formar parte de los cerca de 9.000 farmac\u00e9uticos que ejercen en la provincia de Barcelona en los diferentes \u00e1mbitos de la profesi\u00f3n, como el de oficina de farmacia, farmacia hospitalaria, industria farmac\u00e9utica, distribuci\u00f3n, salud p\u00fablica o docencia, entre otros.<\/p>\n\n\n\n<p>La excelencia y la \u00e9tica profesional son los valores que gu\u00edan las actuaciones del Col\u00b7legi y, como miembro, cuentas con el compromiso del COFB para:<\/p>\n\n\n\n<ul class=\"wp-block-list\">\n<li><strong>Defender tus leg\u00edtimos intereses como farmac\u00e9utico<\/strong>&nbsp;y poner a tu alcance los<strong>&nbsp;servicios y actividades<\/strong>&nbsp;para que puedas&nbsp;<strong>ampliar tus conocimientos, desarrollar<\/strong>&nbsp;tus<strong>&nbsp;capacidades profesionales<\/strong>&nbsp;y&nbsp;<strong>contribuir<\/strong>&nbsp;de forma decisiva en&nbsp;<strong>mejorar la salud de la poblaci\u00f3n.<\/strong><\/li>\n\n\n\n<li><strong>Impulsar la profesi\u00f3n farmac\u00e9utica<\/strong>, estando&nbsp;<strong>al d\u00eda de las novedades<\/strong>&nbsp;que se dan en el \u00e1mbito sanitario y de la farmacia para anticipar posibles escenarios,&nbsp;<strong>contribuir al progreso del sector y dar a conocer la labor<\/strong>&nbsp;y&nbsp;<strong>la opini\u00f3n del colectivo<\/strong>&nbsp;farmac\u00e9utico en la sociedad.<\/li>\n<\/ul>\n\n\n\n<h3 class=\"wp-block-heading\">Beneficios<\/h3>\n\n\n\n<p id=\"yui_patched_v3_11_0_1_1689751799635_312\">Como colegiado tienes acceso a los diferentes servicios que ofrece el Col\u00b7legi, como<strong>\u00a0el Asesoramiento en aspectos legales<\/strong>, la\u00a0<strong>Bolsa de Trabajo<\/strong>\u00a0o el\u00a0<strong>conjunto de actividades formativas<\/strong>. En este sentido, en 2023 se realizaron un total de 227 actividades formativas para, de este modo, seguir dando respuesta a las necesidades cambiantes de la profesi\u00f3n. Puede ver todos los dem\u00e1s servicios\u00a0<a href=\"\/es\/que-oferim\/farmaceutics\/serveis-als-collegiats\/\">aqu\u00ed<\/a>.<\/p>\n\n\n\n<p id=\"yui_patched_v3_11_0_1_1689751799635_315\">Adem\u00e1s, el Col\u00b7legi mantiene convenios con empresas y entidades que te ofrecen ventajas e importantes descuentos, disfrutando de beneficios en el precio en varios hoteles, compras y seguros. El COFB propone tambi\u00e9n actividades culturales y viajes con descuentos especiales. Puntualmente, se a\u00f1aden ofertas.<\/p>\n\n\n\n<p id=\"yui_patched_v3_11_0_1_1689751799635_318\">Para poder tramitar todas estas ventajas,&nbsp;<strong>es imprescindible presentar el carn\u00e9 de colegiado<\/strong>.<\/p>\n\n\n\n<h2 class=\"wp-block-heading\">Aspectos a tener en cuenta a la hora de colegiarse<\/h2>\n\n\n\n<ul class=\"wp-block-list\">\n<li><a href=\"https:\/\/www.cofb.org\/es\/que-oferim\/farmaceutics\/collegiat\/tramitacio-dalta-com-a-collegiat\/\" data-type=\"page\" data-id=\"3760\">Tramitaci\u00f3n de alta como colegiado<\/a><\/li>\n\n\n\n<li><a href=\"https:\/\/www.cofb.org\/es\/que-oferim\/farmaceutics__trashed\/collegiat-2\/quotes\/\" data-type=\"page\" data-id=\"3763\">Cuotas<\/a> <\/li>\n<\/ul>","protected":false},"excerpt":{"rendered":"<p>\u00bfPor qu\u00e9 colegiarme? Colegiarse representa formar parte de los cerca de 9.000 farmac\u00e9uticos que ejercen en la provincia de Barcelona en los distintos \u00e1mbitos de la profesi\u00f3n, como el de oficina de farmacia, farmacia hospitalaria, industria farmac\u00e9utica, distribuci\u00f3n, salud p\u00fablica o docencia, entre otros. La excelencia y la \u00e9tica profesional son los valores que [\u2026]<\/p>","protected":false},"author":1,"featured_media":0,"parent":3756,"menu_order":3,"comment_status":"closed","ping_status":"closed","template":"","meta":{"_uag_custom_page_level_css":"","site-sidebar-layout":"default","site-content-layout":"","ast-site-content-layout":"default","site-content-style":"default","site-sidebar-style":"default","ast-global-header-display":"","ast-banner-title-visibility":"","ast-main-header-display":"","ast-hfb-above-header-display":"","ast-hfb-below-header-display":"","ast-hfb-mobile-header-display":"","site-post-title":"","ast-breadcrumbs-content":"","ast-featured-img":"","footer-sml-layout":"","theme-transparent-header-meta":"","adv-header-id-meta":"","stick-header-meta":"","header-above-stick-meta":"","header-main-stick-meta":"","header-below-stick-meta":"","astra-migrate-meta-layouts":"set","ast-page-background-enabled":"default","ast-page-background-meta":{"desktop":{"background-color":"var(--ast-global-color-4)","background-image":"","background-repeat":"repeat","background-position":"center center","background-size":"auto","background-attachment":"scroll","background-type":"","background-media":"","overlay-type":"","overlay-color":"","overlay-opacity":"","overlay-gradient":""},"tablet":{"background-color":"","background-image":"","background-repeat":"repeat","background-position":"center center","background-size":"auto","background-attachment":"scroll","background-type":"","background-media":"","overlay-type":"","overlay-color":"","overlay-opacity":"","overlay-gradient":""},"mobile":{"background-color":"","background-image":"","background-repeat":"repeat","background-position":"center center","background-size":"auto","background-attachment":"scroll","background-type":"","background-media":"","overlay-type":"","overlay-color":"","overlay-opacity":"","overlay-gradient":""}},"ast-content-background-meta":{"desktop":{"background-color":"var(--ast-global-color-5)","background-image":"","background-repeat":"repeat","background-position":"center center","background-size":"auto","background-attachment":"scroll","background-type":"","background-media":"","overlay-type":"","overlay-color":"","overlay-opacity":"","overlay-gradient":""},"tablet":{"background-color":"var(--ast-global-color-5)","background-image":"","background-repeat":"repeat","background-position":"center center","background-size":"auto","background-attachment":"scroll","background-type":"","background-media":"","overlay-type":"","overlay-color":"","overlay-opacity":"","overlay-gradient":""},"mobile":{"background-color":"var(--ast-global-color-5)","background-image":"","background-repeat":"repeat","background-position":"center center","background-size":"auto","background-attachment":"scroll","background-type":"","background-media":"","overlay-type":"","overlay-color":"","overlay-opacity":"","overlay-gradient":""}},"footnotes":""},"class_list":["post-2762","page","type-page","status-publish","hentry"],"yoast_head":"<!-- This site is optimized with the Yoast SEO plugin v22.4 - https:\/\/yoast.com\/wordpress\/plugins\/seo\/ -->\n<title>Col\u00b7legia&#039;t - Col\u00b7legi de Farmac\u00e8utics de Barcelona<\/title>\n<meta name=\"robots\" content=\"index, follow, max-snippet:-1, max-image-preview:large, max-video-preview:-1\" \/>\n<link rel=\"canonical\" href=\"https:\/\/www.cofb.org\/es\/que-oferim\/farmaceutics\/collegiat\/\" \/>\n<meta property=\"og:locale\" content=\"es_ES\" \/>\n<meta property=\"og:type\" content=\"article\" \/>\n<meta property=\"og:title\" content=\"Col\u00b7legia&#039;t - Col\u00b7legi de Farmac\u00e8utics de Barcelona\" \/>\n<meta property=\"og:description\" content=\"Per qu\u00e8 col\u00b7legiar-me? Col\u00b7legiar-se representa formar part dels prop de 9.000 farmac\u00e8utics que exerceixen a la prov\u00edncia de Barcelona en els diferents \u00e0mbits de la professi\u00f3, com el d\u2019oficina de farm\u00e0cia, farm\u00e0cia hospital\u00e0ria, ind\u00fastria farmac\u00e8utica, distribuci\u00f3, salut p\u00fablica o doc\u00e8ncia, entre d&#8217;altres. L&#8217;excel\u00b7l\u00e8ncia i l&#8217;\u00e8tica professional s\u00f3n els valors que [&hellip;]\" \/>\n<meta property=\"og:url\" content=\"https:\/\/www.cofb.org\/es\/que-oferim\/farmaceutics\/collegiat\/\" \/>\n<meta property=\"og:site_name\" content=\"Col\u00b7legi de Farmac\u00e8utics de Barcelona\" \/>\n<meta property=\"article:publisher\" content=\"https:\/\/www.facebook.com\/farmaceuticsbcn\/\" \/>\n<meta property=\"article:modified_time\" content=\"2024-08-29T12:06:43+00:00\" \/>\n<meta property=\"og:image\" content=\"https:\/\/www.cofb.org\/wp-content\/uploads\/2023\/07\/QueOferimFarmaceutic_ColegiateOK.jpg\" \/>\n<meta name=\"twitter:card\" content=\"summary_large_image\" \/>\n<meta name=\"twitter:site\" content=\"@farmaceuticsbcn\" \/>\n<meta name=\"twitter:label1\" content=\"Tiempo de lectura\" \/>\n\t<meta name=\"twitter:data1\" content=\"2 minutos\" \/>\n<script type=\"application\/ld+json\" class=\"yoast-schema-graph\">{\"@context\":\"https:\/\/schema.org\",\"@graph\":[{\"@type\":\"WebPage\",\"@id\":\"https:\/\/www.cofb.org\/que-oferim\/farmaceutics\/collegiat\/\",\"url\":\"https:\/\/www.cofb.org\/que-oferim\/farmaceutics\/collegiat\/\",\"name\":\"Col\u00b7legia't - Col\u00b7legi de Farmac\u00e8utics de Barcelona\",\"isPartOf\":{\"@id\":\"https:\/\/www.cofb.org\/#website\"},\"primaryImageOfPage\":{\"@id\":\"https:\/\/www.cofb.org\/que-oferim\/farmaceutics\/collegiat\/#primaryimage\"},\"image\":{\"@id\":\"https:\/\/www.cofb.org\/que-oferim\/farmaceutics\/collegiat\/#primaryimage\"},\"thumbnailUrl\":\"https:\/\/www.cofb.org\/wp-content\/uploads\/2023\/07\/QueOferimFarmaceutic_ColegiateOK.jpg\",\"datePublished\":\"2023-06-13T09:28:07+00:00\",\"dateModified\":\"2024-08-29T12:06:43+00:00\",\"breadcrumb\":{\"@id\":\"https:\/\/www.cofb.org\/que-oferim\/farmaceutics\/collegiat\/#breadcrumb\"},\"inLanguage\":\"es\",\"potentialAction\":[{\"@type\":\"ReadAction\",\"target\":[\"https:\/\/www.cofb.org\/que-oferim\/farmaceutics\/collegiat\/\"]}]},{\"@type\":\"ImageObject\",\"inLanguage\":\"es\",\"@id\":\"https:\/\/www.cofb.org\/que-oferim\/farmaceutics\/collegiat\/#primaryimage\",\"url\":\"https:\/\/www.cofb.org\/wp-content\/uploads\/2023\/07\/QueOferimFarmaceutic_ColegiateOK.jpg\",\"contentUrl\":\"https:\/\/www.cofb.org\/wp-content\/uploads\/2023\/07\/QueOferimFarmaceutic_ColegiateOK.jpg\"},{\"@type\":\"BreadcrumbList\",\"@id\":\"https:\/\/www.cofb.org\/que-oferim\/farmaceutics\/collegiat\/#breadcrumb\",\"itemListElement\":[{\"@type\":\"ListItem\",\"position\":1,\"name\":\"Inici\",\"item\":\"https:\/\/novaorg.cofb.net\/\"},{\"@type\":\"ListItem\",\"position\":2,\"name\":\"Qu\u00e8 oferim?\",\"item\":\"https:\/\/novaorg.cofb.net\/que-oferim\/\"},{\"@type\":\"ListItem\",\"position\":3,\"name\":\"Farmac\u00e8utics\",\"item\":\"https:\/\/novaorg.cofb.net\/que-oferim\/farmaceutics\/\"},{\"@type\":\"ListItem\",\"position\":4,\"name\":\"Col\u00b7legia&#8217;t\"}]},{\"@type\":\"WebSite\",\"@id\":\"https:\/\/www.cofb.org\/#website\",\"url\":\"https:\/\/www.cofb.org\/\",\"name\":\"Col\u00b7legi de Farmac\u00e8utics de Barcelona\",\"description\":\"\",\"publisher\":{\"@id\":\"https:\/\/www.cofb.org\/#organization\"},\"potentialAction\":[{\"@type\":\"SearchAction\",\"target\":{\"@type\":\"EntryPoint\",\"urlTemplate\":\"https:\/\/www.cofb.org\/?s={search_term_string}\"},\"query-input\":\"required name=search_term_string\"}],\"inLanguage\":\"es\"},{\"@type\":\"Organization\",\"@id\":\"https:\/\/www.cofb.org\/#organization\",\"name\":\"Col\u00b7legi de Farmac\u00e8utics de Barcelona\",\"url\":\"https:\/\/www.cofb.org\/\",\"logo\":{\"@type\":\"ImageObject\",\"inLanguage\":\"es\",\"@id\":\"https:\/\/www.cofb.org\/#\/schema\/logo\/image\/\",\"url\":\"https:\/\/www.cofb.org\/wp-content\/uploads\/2023\/11\/cropped-Logotip-COFB.png\",\"contentUrl\":\"https:\/\/www.cofb.org\/wp-content\/uploads\/2023\/11\/cropped-Logotip-COFB.png\",\"width\":500,\"height\":105,\"caption\":\"Col\u00b7legi de Farmac\u00e8utics de Barcelona\"},\"image\":{\"@id\":\"https:\/\/www.cofb.org\/#\/schema\/logo\/image\/\"},\"sameAs\":[\"https:\/\/www.facebook.com\/farmaceuticsbcn\/\",\"https:\/\/twitter.com\/farmaceuticsbcn\",\"https:\/\/www.instagram.com\/farmaceuticsbcn\/\",\"https:\/\/www.linkedin.com\/company\/farmaceuticsbcn\/\"]}]}<\/script>\n<!-- \/ Yoast SEO plugin. -->","yoast_head_json":{"title":"Col\u00b7legia't - Col\u00b7legi de Farmac\u00e8utics de Barcelona","robots":{"index":"index","follow":"follow","max-snippet":"max-snippet:-1","max-image-preview":"max-image-preview:large","max-video-preview":"max-video-preview:-1"},"canonical":"https:\/\/www.cofb.org\/es\/que-oferim\/farmaceutics\/collegiat\/","og_locale":"es_ES","og_type":"article","og_title":"Col\u00b7legia't - Col\u00b7legi de Farmac\u00e8utics de Barcelona","og_description":"Per qu\u00e8 col\u00b7legiar-me? Col\u00b7legiar-se representa formar part dels prop de 9.000 farmac\u00e8utics que exerceixen a la prov\u00edncia de Barcelona en els diferents \u00e0mbits de la professi\u00f3, com el d\u2019oficina de farm\u00e0cia, farm\u00e0cia hospital\u00e0ria, ind\u00fastria farmac\u00e8utica, distribuci\u00f3, salut p\u00fablica o doc\u00e8ncia, entre d&#8217;altres. L&#8217;excel\u00b7l\u00e8ncia i l&#8217;\u00e8tica professional s\u00f3n els valors que [&hellip;]","og_url":"https:\/\/www.cofb.org\/es\/que-oferim\/farmaceutics\/collegiat\/","og_site_name":"Col\u00b7legi de Farmac\u00e8utics de Barcelona","article_publisher":"https:\/\/www.facebook.com\/farmaceuticsbcn\/","article_modified_time":"2024-08-29T12:06:43+00:00","og_image":[{"url":"https:\/\/www.cofb.org\/wp-content\/uploads\/2023\/07\/QueOferimFarmaceutic_ColegiateOK.jpg"}],"twitter_card":"summary_large_image","twitter_site":"@farmaceuticsbcn","twitter_misc":{"Tiempo de lectura":"2 minutos"},"schema":{"@context":"https:\/\/schema.org","@graph":[{"@type":"WebPage","@id":"https:\/\/www.cofb.org\/que-oferim\/farmaceutics\/collegiat\/","url":"https:\/\/www.cofb.org\/que-oferim\/farmaceutics\/collegiat\/","name":"Col\u00b7legia't - Col\u00b7legi de Farmac\u00e8utics de Barcelona","isPartOf":{"@id":"https:\/\/www.cofb.org\/#website"},"primaryImageOfPage":{"@id":"https:\/\/www.cofb.org\/que-oferim\/farmaceutics\/collegiat\/#primaryimage"},"image":{"@id":"https:\/\/www.cofb.org\/que-oferim\/farmaceutics\/collegiat\/#primaryimage"},"thumbnailUrl":"https:\/\/www.cofb.org\/wp-content\/uploads\/2023\/07\/QueOferimFarmaceutic_ColegiateOK.jpg","datePublished":"2023-06-13T09:28:07+00:00","dateModified":"2024-08-29T12:06:43+00:00","breadcrumb":{"@id":"https:\/\/www.cofb.org\/que-oferim\/farmaceutics\/collegiat\/#breadcrumb"},"inLanguage":"es","potentialAction":[{"@type":"ReadAction","target":["https:\/\/www.cofb.org\/que-oferim\/farmaceutics\/collegiat\/"]}]},{"@type":"ImageObject","inLanguage":"es","@id":"https:\/\/www.cofb.org\/que-oferim\/farmaceutics\/collegiat\/#primaryimage","url":"https:\/\/www.cofb.org\/wp-content\/uploads\/2023\/07\/QueOferimFarmaceutic_ColegiateOK.jpg","contentUrl":"https:\/\/www.cofb.org\/wp-content\/uploads\/2023\/07\/QueOferimFarmaceutic_ColegiateOK.jpg"},{"@type":"BreadcrumbList","@id":"https:\/\/www.cofb.org\/que-oferim\/farmaceutics\/collegiat\/#breadcrumb","itemListElement":[{"@type":"ListItem","position":1,"name":"Inici","item":"https:\/\/novaorg.cofb.net\/"},{"@type":"ListItem","position":2,"name":"Qu\u00e8 oferim?","item":"https:\/\/novaorg.cofb.net\/que-oferim\/"},{"@type":"ListItem","position":3,"name":"Farmac\u00e8utics","item":"https:\/\/novaorg.cofb.net\/que-oferim\/farmaceutics\/"},{"@type":"ListItem","position":4,"name":"Col\u00b7legia&#8217;t"}]},{"@type":"WebSite","@id":"https:\/\/www.cofb.org\/#website","url":"https:\/\/www.cofb.org\/","name":"Col\u00b7legi de Farmac\u00e8utics de Barcelona","description":"","publisher":{"@id":"https:\/\/www.cofb.org\/#organization"},"potentialAction":[{"@type":"SearchAction","target":{"@type":"EntryPoint","urlTemplate":"https:\/\/www.cofb.org\/?s={search_term_string}"},"query-input":"required name=search_term_string"}],"inLanguage":"es"},{"@type":"Organization","@id":"https:\/\/www.cofb.org\/#organization","name":"Col\u00b7legi de Farmac\u00e8utics de Barcelona","url":"https:\/\/www.cofb.org\/","logo":{"@type":"ImageObject","inLanguage":"es","@id":"https:\/\/www.cofb.org\/#\/schema\/logo\/image\/","url":"https:\/\/www.cofb.org\/wp-content\/uploads\/2023\/11\/cropped-Logotip-COFB.png","contentUrl":"https:\/\/www.cofb.org\/wp-content\/uploads\/2023\/11\/cropped-Logotip-COFB.png","width":500,"height":105,"caption":"Col\u00b7legi de Farmac\u00e8utics de Barcelona"},"image":{"@id":"https:\/\/www.cofb.org\/#\/schema\/logo\/image\/"},"sameAs":["https:\/\/www.facebook.com\/farmaceuticsbcn\/","https:\/\/twitter.com\/farmaceuticsbcn","https:\/\/www.instagram.com\/farmaceuticsbcn\/","https:\/\/www.linkedin.com\/company\/farmaceuticsbcn\/"]}]}},"uagb_featured_image_src":{"full":false,"thumbnail":false,"medium":false,"medium_large":false,"large":false,"1536x1536":false,"2048x2048":false,"trp-custom-language-flag":false},"uagb_author_info":{"display_name":"wpAdminCofbOrg","author_link":"https:\/\/www.cofb.org\/es\/author\/wpadmincofborg\/"},"uagb_comment_info":0,"uagb_excerpt":"Per qu\u00e8 col\u00b7legiar-me? Col\u00b7legiar-se representa formar part dels prop de 9.000 farmac\u00e8utics que exerceixen a la prov\u00edncia de Barcelona en els diferents \u00e0mbits de la professi\u00f3, com el d\u2019oficina de farm\u00e0cia, farm\u00e0cia hospital\u00e0ria, ind\u00fastria farmac\u00e8utica, distribuci\u00f3, salut p\u00fablica o doc\u00e8ncia, entre d&#8217;altres. L&#8217;excel\u00b7l\u00e8ncia i l&#8217;\u00e8tica professional s\u00f3n els valors que [&hellip;]","_links":{"self":[{"href":"https:\/\/www.cofb.org\/es\/wp-json\/wp\/v2\/pages\/2762","targetHints":{"allow":["GET"]}}],"collection":[{"href":"https:\/\/www.cofb.org\/es\/wp-json\/wp\/v2\/pages"}],"about":[{"href":"https:\/\/www.cofb.org\/es\/wp-json\/wp\/v2\/types\/page"}],"author":[{"embeddable":true,"href":"https:\/\/www.cofb.org\/es\/wp-json\/wp\/v2\/users\/1"}],"replies":[{"embeddable":true,"href":"https:\/\/www.cofb.org\/es\/wp-json\/wp\/v2\/comments?post=2762"}],"version-history":[{"count":9,"href":"https:\/\/www.cofb.org\/es\/wp-json\/wp\/v2\/pages\/2762\/revisions"}],"predecessor-version":[{"id":79511,"href":"https:\/\/www.cofb.org\/es\/wp-json\/wp\/v2\/pages\/2762\/revisions\/79511"}],"up":[{"embeddable":true,"href":"https:\/\/www.cofb.org\/es\/wp-json\/wp\/v2\/pages\/3756"}],"wp:attachment":[{"href":"https:\/\/www.cofb.org\/es\/wp-json\/wp\/v2\/media?parent=2762"}],"curies":[{"name":"wp","href":"https:\/\/api.w.org\/{rel}","templated":true}]}}