{"id":2750,"date":"2023-06-13T08:04:17","date_gmt":"2023-06-13T08:04:17","guid":{"rendered":"https:\/\/novaorg.cofb.net\/?page_id=2750"},"modified":"2024-11-19T16:57:58","modified_gmt":"2024-11-19T16:57:58","slug":"serveis-als-collegiats","status":"publish","type":"page","link":"https:\/\/www.cofb.org\/es\/que-oferim\/farmaceutics\/serveis-als-collegiats\/","title":{"rendered":"Servicios a los colegiados"},"content":{"rendered":"<p id=\"yui_patched_v3_11_0_1_1689073602358_278\">El COFB ofrece una serie de servicios pensados para&nbsp;<strong>facilitar el ejercicio de la profesi\u00f3n y el desarrollo como profesionales<\/strong>. En este apartado puedes ver la serie de prestaciones que el Col\u00b7legi te ofrece en los siguientes \u00e1mbitos:<a href=\"https:\/\/www.cofb.org\/es\/que-oferim\/farmaceutics\/serveis\/assessorament\/\"><\/a><\/p>\n\n\n\n<div class=\"wp-block-uagb-container uagb-block-2a55e472 alignfull uagb-is-root-container\"><div class=\"uagb-container-inner-blocks-wrap\">\n<div class=\"wp-block-uagb-container uagb-block-45976f6d\">\n<figure class=\"wp-block-image size-medium\"><a class=\"\" href=\"\/es\/que-oferim\/farmaceutics\/serveis-als-collegiats\/assessorament\/\"><img loading=\"lazy\" decoding=\"async\" width=\"300\" height=\"295\" src=\"https:\/\/www.cofb.org\/wp-content\/uploads\/2023\/07\/image-10-300x295.png\" alt=\"\" class=\"wp-image-67569\" srcset=\"https:\/\/www.cofb.org\/wp-content\/uploads\/2023\/07\/image-10-300x295.png 300w, https:\/\/www.cofb.org\/wp-content\/uploads\/2023\/07\/image-10.png 390w\" sizes=\"auto, (max-width: 300px) 100vw, 300px\" \/><\/a><\/figure>\n\n\n\n<a href=\"\/es\/que-oferim\/farmaceutics\/serveis-als-collegiats\/assessorament\/\">Asesoramiento jur\u00eddico<\/a>\n<\/div>\n\n\n\n<div class=\"wp-block-uagb-container uagb-block-37dce7ef\">\n<figure class=\"wp-block-image size-medium\"><a href=\"\/es\/que-oferim\/farmaceutics\/serveis-als-collegiats\/centre-de-documentacio\/\"><img loading=\"lazy\" decoding=\"async\" width=\"300\" height=\"295\" src=\"https:\/\/www.cofb.org\/wp-content\/uploads\/2023\/07\/image-4-300x295.png\" alt=\"\" class=\"wp-image-67561\" srcset=\"https:\/\/www.cofb.org\/wp-content\/uploads\/2023\/07\/image-4-300x295.png 300w, https:\/\/www.cofb.org\/wp-content\/uploads\/2023\/07\/image-4.png 390w\" sizes=\"auto, (max-width: 300px) 100vw, 300px\" \/><\/a><\/figure>\n\n\n\n<a href=\"\/es\/que-oferim\/farmaceutics\/serveis-als-collegiats\/centre-de-documentacio\/\">Centro documentaci\u00f3n<\/a>\n<\/div>\n\n\n\n<div class=\"wp-block-uagb-container uagb-block-9984483b\">\n<figure class=\"wp-block-image size-medium\"><a href=\"\/es\/que-oferim\/empreses-entitats\/borsa-de-treball\/\"><img loading=\"lazy\" decoding=\"async\" width=\"300\" height=\"295\" src=\"https:\/\/www.cofb.org\/wp-content\/uploads\/2023\/07\/2-300x295.png\" alt=\"\" class=\"wp-image-67592\" srcset=\"https:\/\/www.cofb.org\/wp-content\/uploads\/2023\/07\/2-300x295.png 300w, https:\/\/www.cofb.org\/wp-content\/uploads\/2023\/07\/2.png 390w\" sizes=\"auto, (max-width: 300px) 100vw, 300px\" \/><\/a><\/figure>\n\n\n\n<a href=\"\/es\/que-oferim\/empreses-entitats\/borsa-de-treball\/\">Bolsa de trabajo<\/a>\n<\/div>\n\n\n\n<div class=\"wp-block-uagb-container uagb-block-89793a70\">\n<figure class=\"wp-block-image size-medium\"><a href=\"\/es\/que-oferim\/farmaceutics\/serveis-als-collegiats\/certificat-digital\/\"><img loading=\"lazy\" decoding=\"async\" width=\"300\" height=\"295\" src=\"https:\/\/www.cofb.org\/wp-content\/uploads\/2023\/07\/image-5-300x295.png\" alt=\"\" class=\"wp-image-67563\" srcset=\"https:\/\/www.cofb.org\/wp-content\/uploads\/2023\/07\/image-5-300x295.png 300w, https:\/\/www.cofb.org\/wp-content\/uploads\/2023\/07\/image-5.png 390w\" sizes=\"auto, (max-width: 300px) 100vw, 300px\" \/><\/a><\/figure>\n\n\n\n<a href=\"\/es\/que-oferim\/farmaceutics\/serveis-als-collegiats\/certificat-digital\/\">Certificado digital\n<\/a>\n<\/div>\n\n\n\n<div class=\"wp-block-uagb-container uagb-block-48ed7566\">\n<figure class=\"wp-block-image size-medium\"><a href=\"\/es\/que-oferim\/farmaceutics\/serveis-als-collegiats\/deontologia\/\"><img loading=\"lazy\" decoding=\"async\" width=\"300\" height=\"295\" src=\"https:\/\/www.cofb.org\/wp-content\/uploads\/2023\/07\/1-300x295.png\" alt=\"\" class=\"wp-image-67595\" srcset=\"https:\/\/www.cofb.org\/wp-content\/uploads\/2023\/07\/1-300x295.png 300w, https:\/\/www.cofb.org\/wp-content\/uploads\/2023\/07\/1.png 390w\" sizes=\"auto, (max-width: 300px) 100vw, 300px\" \/><\/a><\/figure>\n\n\n\n<a href=\"\/es\/que-oferim\/farmaceutics\/serveis-als-collegiats\/deontologia\/\">Deontolog\u00eda<\/a>\n<\/div>\n\n\n\n<div class=\"wp-block-uagb-container uagb-block-91121f0f\">\n<figure class=\"wp-block-image size-medium\"><a href=\"\/es\/que-oferim\/farmaceutics\/serveis-als-collegiats\/formacio-i-projectes\/\"><img loading=\"lazy\" decoding=\"async\" width=\"300\" height=\"295\" src=\"https:\/\/www.cofb.org\/wp-content\/uploads\/2023\/07\/image-6-300x295.png\" alt=\"\" class=\"wp-image-67564\" srcset=\"https:\/\/www.cofb.org\/wp-content\/uploads\/2023\/07\/image-6-300x295.png 300w, https:\/\/www.cofb.org\/wp-content\/uploads\/2023\/07\/image-6.png 390w\" sizes=\"auto, (max-width: 300px) 100vw, 300px\" \/><\/a><\/figure>\n\n\n\n<a href=\"\/es\/que-oferim\/farmaceutics\/serveis-als-collegiats\/formacio-i-projectes\/\">Formaci\u00f3n y proyectos<\/a>\n<\/div>\n<\/div><\/div>\n\n\n\n<div class=\"wp-block-uagb-container uagb-block-0dbff5ab alignfull uagb-is-root-container\"><div class=\"uagb-container-inner-blocks-wrap\">\n<div class=\"wp-block-uagb-container uagb-block-405e7984\">\n<figure class=\"wp-block-image size-medium\"><a href=\"\/es\/que-oferim\/farmaceutics\/serveis-als-collegiats\/informacio-del-medicament\/\"><img loading=\"lazy\" decoding=\"async\" width=\"300\" height=\"295\" src=\"https:\/\/www.cofb.org\/wp-content\/uploads\/2023\/07\/image-7-300x295.png\" alt=\"\" class=\"wp-image-67565\" srcset=\"https:\/\/www.cofb.org\/wp-content\/uploads\/2023\/07\/image-7-300x295.png 300w, https:\/\/www.cofb.org\/wp-content\/uploads\/2023\/07\/image-7.png 390w\" sizes=\"auto, (max-width: 300px) 100vw, 300px\" \/><\/a><\/figure>\n\n\n\n<a href=\"\/es\/que-oferim\/farmaceutics\/serveis-als-collegiats\/informacio-del-medicament\/\" >Informaci\u00f3n del medicamento<\/a>\n<\/div>\n\n\n\n<div class=\"wp-block-uagb-container uagb-block-646cb9fb\">\n<figure class=\"wp-block-image size-medium\"><a href=\"\/es\/que-oferim\/farmaceutics\/serveis-als-collegiats\/itaca-farmaceutica\/\"><img loading=\"lazy\" decoding=\"async\" width=\"300\" height=\"295\" src=\"https:\/\/www.cofb.org\/wp-content\/uploads\/2023\/07\/image-8-300x295.png\" alt=\"\" class=\"wp-image-67566\" srcset=\"https:\/\/www.cofb.org\/wp-content\/uploads\/2023\/07\/image-8-300x295.png 300w, https:\/\/www.cofb.org\/wp-content\/uploads\/2023\/07\/image-8.png 390w\" sizes=\"auto, (max-width: 300px) 100vw, 300px\" \/><\/a><\/figure>\n\n\n\n<a href=\"\/es\/que-oferim\/farmaceutics\/serveis-als-collegiats\/itaca-farmaceutica\/\">Itaca farmac\u00e9utica<\/a>\n<\/div>\n\n\n\n<div class=\"wp-block-uagb-container uagb-block-abc34041\">\n<figure class=\"wp-block-image size-medium is-style-rounded\"><a href=\"\/es\/que-oferim\/farmaceutics\/serveis-als-collegiats\/noves-farmacies\/\"><img loading=\"lazy\" decoding=\"async\" width=\"300\" height=\"295\" src=\"https:\/\/www.cofb.org\/wp-content\/uploads\/2023\/07\/image-9-300x295.png\" alt=\"\" class=\"wp-image-67567\" srcset=\"https:\/\/www.cofb.org\/wp-content\/uploads\/2023\/07\/image-9-300x295.png 300w, https:\/\/www.cofb.org\/wp-content\/uploads\/2023\/07\/image-9.png 390w\" sizes=\"auto, (max-width: 300px) 100vw, 300px\" \/><\/a><\/figure>\n\n\n\n<a href=\"\/es\/que-oferim\/farmaceutics\/serveis-als-collegiats\/noves-farmacies\/\">Nuevas farmacias<\/a>\n<\/div>\n\n\n\n<div class=\"wp-block-uagb-container uagb-block-7c94077e\">\n<figure class=\"wp-block-image size-medium\"><a href=\"\/es\/que-oferim\/farmaceutics\/serveis-als-collegiats\/suport-informatic\/\"><img loading=\"lazy\" decoding=\"async\" width=\"300\" height=\"295\" src=\"https:\/\/www.cofb.org\/wp-content\/uploads\/2023\/07\/3-300x295.png\" alt=\"\" class=\"wp-image-67593\" srcset=\"https:\/\/www.cofb.org\/wp-content\/uploads\/2023\/07\/3-300x295.png 300w, https:\/\/www.cofb.org\/wp-content\/uploads\/2023\/07\/3.png 390w\" sizes=\"auto, (max-width: 300px) 100vw, 300px\" \/><\/a><\/figure>\n\n\n\n<a href=\"\/es\/que-oferim\/farmaceutics\/serveis-als-collegiats\/suport-informatic\/\">Soporte inform\u00e1tico<\/a>\n<\/div>\n\n\n\n<div class=\"wp-block-uagb-container uagb-block-6152aa30\">\n<figure class=\"wp-block-image size-medium\"><a href=\"\/es\/que-oferim\/serveis-als-collegiats\/correu-cofb\/\"><img loading=\"lazy\" decoding=\"async\" width=\"300\" height=\"295\" src=\"https:\/\/www.cofb.org\/wp-content\/uploads\/2023\/07\/4-300x295.png\" alt=\"\" class=\"wp-image-67594\" srcset=\"https:\/\/www.cofb.org\/wp-content\/uploads\/2023\/07\/4-300x295.png 300w, https:\/\/www.cofb.org\/wp-content\/uploads\/2023\/07\/4.png 390w\" sizes=\"auto, (max-width: 300px) 100vw, 300px\" \/><\/a><\/figure>\n\n\n\n<a href=\"\/es\/que-oferim\/serveis-als-collegiats\/correu-cofb\/\">Correo COFB<\/a>\n<\/div>\n\n\n\n<p><\/p>\n<\/div><\/div>\n\n\n\n<p><a href=\"javascript: window.print()\"><\/a><\/p>","protected":false},"excerpt":{"rendered":"<p>El COFB ofrece una serie de servicios pensados para facilitar el ejercicio de la profesi\u00f3n y el desarrollo como profesionales. En este apartado puedes ver la serie de prestaciones que el Colegio te ofrece en los siguientes \u00e1mbitos: Asesoramiento jur\u00eddico Centro documentaci\u00f3n Bolsa de trabajo Certificado digital Deontolog\u00eda Formaci\u00f3n y proyectos Informaci\u00f3n [\u2026]<\/p>","protected":false},"author":1,"featured_media":0,"parent":3756,"menu_order":3,"comment_status":"closed","ping_status":"closed","template":"","meta":{"_uag_custom_page_level_css":"","site-sidebar-layout":"default","site-content-layout":"","ast-site-content-layout":"default","site-content-style":"default","site-sidebar-style":"default","ast-global-header-display":"","ast-banner-title-visibility":"","ast-main-header-display":"","ast-hfb-above-header-display":"","ast-hfb-below-header-display":"","ast-hfb-mobile-header-display":"","site-post-title":"","ast-breadcrumbs-content":"","ast-featured-img":"","footer-sml-layout":"","theme-transparent-header-meta":"","adv-header-id-meta":"","stick-header-meta":"","header-above-stick-meta":"","header-main-stick-meta":"","header-below-stick-meta":"","astra-migrate-meta-layouts":"set","ast-page-background-enabled":"default","ast-page-background-meta":{"desktop":{"background-color":"var(--ast-global-color-4)","background-image":"","background-repeat":"repeat","background-position":"center center","background-size":"auto","background-attachment":"scroll","background-type":"","background-media":"","overlay-type":"","overlay-color":"","overlay-opacity":"","overlay-gradient":""},"tablet":{"background-color":"","background-image":"","background-repeat":"repeat","background-position":"center center","background-size":"auto","background-attachment":"scroll","background-type":"","background-media":"","overlay-type":"","overlay-color":"","overlay-opacity":"","overlay-gradient":""},"mobile":{"background-color":"","background-image":"","background-repeat":"repeat","background-position":"center center","background-size":"auto","background-attachment":"scroll","background-type":"","background-media":"","overlay-type":"","overlay-color":"","overlay-opacity":"","overlay-gradient":""}},"ast-content-background-meta":{"desktop":{"background-color":"var(--ast-global-color-5)","background-image":"","background-repeat":"repeat","background-position":"center center","background-size":"auto","background-attachment":"scroll","background-type":"","background-media":"","overlay-type":"","overlay-color":"","overlay-opacity":"","overlay-gradient":""},"tablet":{"background-color":"var(--ast-global-color-5)","background-image":"","background-repeat":"repeat","background-position":"center center","background-size":"auto","background-attachment":"scroll","background-type":"","background-media":"","overlay-type":"","overlay-color":"","overlay-opacity":"","overlay-gradient":""},"mobile":{"background-color":"var(--ast-global-color-5)","background-image":"","background-repeat":"repeat","background-position":"center center","background-size":"auto","background-attachment":"scroll","background-type":"","background-media":"","overlay-type":"","overlay-color":"","overlay-opacity":"","overlay-gradient":""}},"footnotes":""},"class_list":["post-2750","page","type-page","status-publish","hentry"],"yoast_head":"<!-- This site is optimized with the Yoast SEO plugin v22.4 - https:\/\/yoast.com\/wordpress\/plugins\/seo\/ -->\n<title>Serveis als col\u00b7legiats - Col\u00b7legi de Farmac\u00e8utics de Barcelona<\/title>\n<meta name=\"robots\" content=\"index, follow, max-snippet:-1, max-image-preview:large, max-video-preview:-1\" \/>\n<link rel=\"canonical\" href=\"https:\/\/www.cofb.org\/es\/que-oferim\/farmaceutics\/serveis-als-collegiats\/\" \/>\n<meta property=\"og:locale\" content=\"es_ES\" \/>\n<meta property=\"og:type\" content=\"article\" \/>\n<meta property=\"og:title\" content=\"Serveis als col\u00b7legiats - Col\u00b7legi de Farmac\u00e8utics de Barcelona\" \/>\n<meta property=\"og:description\" content=\"El COFB ofereix un seguit de serveis pensats per&nbsp;facilitar l\u2019exercici de la professi\u00f3 i el desenvolupament com a professionals. En aquest apartat pots veure el seguit de prestacions que el Col\u00b7legi t\u2019ofereix en els seg\u00fcents \u00e0mbits: Assesorament jur\u00eddic Centre documentaci\u00f3 Borsa de treball Certificat digital Deontologia Formaci\u00f3 i projectes Informaci\u00f3 [&hellip;]\" \/>\n<meta property=\"og:url\" content=\"https:\/\/www.cofb.org\/es\/que-oferim\/farmaceutics\/serveis-als-collegiats\/\" \/>\n<meta property=\"og:site_name\" content=\"Col\u00b7legi de Farmac\u00e8utics de Barcelona\" \/>\n<meta property=\"article:publisher\" content=\"https:\/\/www.facebook.com\/farmaceuticsbcn\/\" \/>\n<meta property=\"article:modified_time\" content=\"2024-11-19T16:57:58+00:00\" \/>\n<meta property=\"og:image\" content=\"https:\/\/www.cofb.org\/wp-content\/uploads\/2023\/07\/image-10-300x295.png\" \/>\n<meta name=\"twitter:card\" content=\"summary_large_image\" \/>\n<meta name=\"twitter:site\" content=\"@farmaceuticsbcn\" \/>\n<meta name=\"twitter:label1\" content=\"Tiempo de lectura\" \/>\n\t<meta name=\"twitter:data1\" content=\"3 minutos\" \/>\n<script type=\"application\/ld+json\" class=\"yoast-schema-graph\">{\"@context\":\"https:\/\/schema.org\",\"@graph\":[{\"@type\":\"WebPage\",\"@id\":\"https:\/\/www.cofb.org\/que-oferim\/farmaceutics\/serveis-als-collegiats\/\",\"url\":\"https:\/\/www.cofb.org\/que-oferim\/farmaceutics\/serveis-als-collegiats\/\",\"name\":\"Serveis als col\u00b7legiats - Col\u00b7legi de Farmac\u00e8utics de Barcelona\",\"isPartOf\":{\"@id\":\"https:\/\/www.cofb.org\/#website\"},\"primaryImageOfPage\":{\"@id\":\"https:\/\/www.cofb.org\/que-oferim\/farmaceutics\/serveis-als-collegiats\/#primaryimage\"},\"image\":{\"@id\":\"https:\/\/www.cofb.org\/que-oferim\/farmaceutics\/serveis-als-collegiats\/#primaryimage\"},\"thumbnailUrl\":\"https:\/\/www.cofb.org\/wp-content\/uploads\/2023\/07\/image-10-300x295.png\",\"datePublished\":\"2023-06-13T08:04:17+00:00\",\"dateModified\":\"2024-11-19T16:57:58+00:00\",\"breadcrumb\":{\"@id\":\"https:\/\/www.cofb.org\/que-oferim\/farmaceutics\/serveis-als-collegiats\/#breadcrumb\"},\"inLanguage\":\"es\",\"potentialAction\":[{\"@type\":\"ReadAction\",\"target\":[\"https:\/\/www.cofb.org\/que-oferim\/farmaceutics\/serveis-als-collegiats\/\"]}]},{\"@type\":\"ImageObject\",\"inLanguage\":\"es\",\"@id\":\"https:\/\/www.cofb.org\/que-oferim\/farmaceutics\/serveis-als-collegiats\/#primaryimage\",\"url\":\"https:\/\/www.cofb.org\/wp-content\/uploads\/2023\/07\/image-10-300x295.png\",\"contentUrl\":\"https:\/\/www.cofb.org\/wp-content\/uploads\/2023\/07\/image-10-300x295.png\"},{\"@type\":\"BreadcrumbList\",\"@id\":\"https:\/\/www.cofb.org\/que-oferim\/farmaceutics\/serveis-als-collegiats\/#breadcrumb\",\"itemListElement\":[{\"@type\":\"ListItem\",\"position\":1,\"name\":\"Inici\",\"item\":\"https:\/\/novaorg.cofb.net\/\"},{\"@type\":\"ListItem\",\"position\":2,\"name\":\"Qu\u00e8 oferim?\",\"item\":\"https:\/\/novaorg.cofb.net\/que-oferim\/\"},{\"@type\":\"ListItem\",\"position\":3,\"name\":\"Farmac\u00e8utics\",\"item\":\"https:\/\/novaorg.cofb.net\/que-oferim\/farmaceutics\/\"},{\"@type\":\"ListItem\",\"position\":4,\"name\":\"Serveis als col\u00b7legiats\"}]},{\"@type\":\"WebSite\",\"@id\":\"https:\/\/www.cofb.org\/#website\",\"url\":\"https:\/\/www.cofb.org\/\",\"name\":\"Col\u00b7legi de Farmac\u00e8utics de Barcelona\",\"description\":\"\",\"publisher\":{\"@id\":\"https:\/\/www.cofb.org\/#organization\"},\"potentialAction\":[{\"@type\":\"SearchAction\",\"target\":{\"@type\":\"EntryPoint\",\"urlTemplate\":\"https:\/\/www.cofb.org\/?s={search_term_string}\"},\"query-input\":\"required name=search_term_string\"}],\"inLanguage\":\"es\"},{\"@type\":\"Organization\",\"@id\":\"https:\/\/www.cofb.org\/#organization\",\"name\":\"Col\u00b7legi de Farmac\u00e8utics de Barcelona\",\"url\":\"https:\/\/www.cofb.org\/\",\"logo\":{\"@type\":\"ImageObject\",\"inLanguage\":\"es\",\"@id\":\"https:\/\/www.cofb.org\/#\/schema\/logo\/image\/\",\"url\":\"https:\/\/www.cofb.org\/wp-content\/uploads\/2023\/11\/cropped-Logotip-COFB.png\",\"contentUrl\":\"https:\/\/www.cofb.org\/wp-content\/uploads\/2023\/11\/cropped-Logotip-COFB.png\",\"width\":500,\"height\":105,\"caption\":\"Col\u00b7legi de Farmac\u00e8utics de Barcelona\"},\"image\":{\"@id\":\"https:\/\/www.cofb.org\/#\/schema\/logo\/image\/\"},\"sameAs\":[\"https:\/\/www.facebook.com\/farmaceuticsbcn\/\",\"https:\/\/twitter.com\/farmaceuticsbcn\",\"https:\/\/www.instagram.com\/farmaceuticsbcn\/\",\"https:\/\/www.linkedin.com\/company\/farmaceuticsbcn\/\"]}]}<\/script>\n<!-- \/ Yoast SEO plugin. -->","yoast_head_json":{"title":"Serveis als col\u00b7legiats - Col\u00b7legi de Farmac\u00e8utics de Barcelona","robots":{"index":"index","follow":"follow","max-snippet":"max-snippet:-1","max-image-preview":"max-image-preview:large","max-video-preview":"max-video-preview:-1"},"canonical":"https:\/\/www.cofb.org\/es\/que-oferim\/farmaceutics\/serveis-als-collegiats\/","og_locale":"es_ES","og_type":"article","og_title":"Serveis als col\u00b7legiats - Col\u00b7legi de Farmac\u00e8utics de Barcelona","og_description":"El COFB ofereix un seguit de serveis pensats per&nbsp;facilitar l\u2019exercici de la professi\u00f3 i el desenvolupament com a professionals. En aquest apartat pots veure el seguit de prestacions que el Col\u00b7legi t\u2019ofereix en els seg\u00fcents \u00e0mbits: Assesorament jur\u00eddic Centre documentaci\u00f3 Borsa de treball Certificat digital Deontologia Formaci\u00f3 i projectes Informaci\u00f3 [&hellip;]","og_url":"https:\/\/www.cofb.org\/es\/que-oferim\/farmaceutics\/serveis-als-collegiats\/","og_site_name":"Col\u00b7legi de Farmac\u00e8utics de Barcelona","article_publisher":"https:\/\/www.facebook.com\/farmaceuticsbcn\/","article_modified_time":"2024-11-19T16:57:58+00:00","og_image":[{"url":"https:\/\/www.cofb.org\/wp-content\/uploads\/2023\/07\/image-10-300x295.png"}],"twitter_card":"summary_large_image","twitter_site":"@farmaceuticsbcn","twitter_misc":{"Tiempo de lectura":"3 minutos"},"schema":{"@context":"https:\/\/schema.org","@graph":[{"@type":"WebPage","@id":"https:\/\/www.cofb.org\/que-oferim\/farmaceutics\/serveis-als-collegiats\/","url":"https:\/\/www.cofb.org\/que-oferim\/farmaceutics\/serveis-als-collegiats\/","name":"Serveis als col\u00b7legiats - Col\u00b7legi de Farmac\u00e8utics de Barcelona","isPartOf":{"@id":"https:\/\/www.cofb.org\/#website"},"primaryImageOfPage":{"@id":"https:\/\/www.cofb.org\/que-oferim\/farmaceutics\/serveis-als-collegiats\/#primaryimage"},"image":{"@id":"https:\/\/www.cofb.org\/que-oferim\/farmaceutics\/serveis-als-collegiats\/#primaryimage"},"thumbnailUrl":"https:\/\/www.cofb.org\/wp-content\/uploads\/2023\/07\/image-10-300x295.png","datePublished":"2023-06-13T08:04:17+00:00","dateModified":"2024-11-19T16:57:58+00:00","breadcrumb":{"@id":"https:\/\/www.cofb.org\/que-oferim\/farmaceutics\/serveis-als-collegiats\/#breadcrumb"},"inLanguage":"es","potentialAction":[{"@type":"ReadAction","target":["https:\/\/www.cofb.org\/que-oferim\/farmaceutics\/serveis-als-collegiats\/"]}]},{"@type":"ImageObject","inLanguage":"es","@id":"https:\/\/www.cofb.org\/que-oferim\/farmaceutics\/serveis-als-collegiats\/#primaryimage","url":"https:\/\/www.cofb.org\/wp-content\/uploads\/2023\/07\/image-10-300x295.png","contentUrl":"https:\/\/www.cofb.org\/wp-content\/uploads\/2023\/07\/image-10-300x295.png"},{"@type":"BreadcrumbList","@id":"https:\/\/www.cofb.org\/que-oferim\/farmaceutics\/serveis-als-collegiats\/#breadcrumb","itemListElement":[{"@type":"ListItem","position":1,"name":"Inici","item":"https:\/\/novaorg.cofb.net\/"},{"@type":"ListItem","position":2,"name":"Qu\u00e8 oferim?","item":"https:\/\/novaorg.cofb.net\/que-oferim\/"},{"@type":"ListItem","position":3,"name":"Farmac\u00e8utics","item":"https:\/\/novaorg.cofb.net\/que-oferim\/farmaceutics\/"},{"@type":"ListItem","position":4,"name":"Serveis als col\u00b7legiats"}]},{"@type":"WebSite","@id":"https:\/\/www.cofb.org\/#website","url":"https:\/\/www.cofb.org\/","name":"Col\u00b7legi de Farmac\u00e8utics de Barcelona","description":"","publisher":{"@id":"https:\/\/www.cofb.org\/#organization"},"potentialAction":[{"@type":"SearchAction","target":{"@type":"EntryPoint","urlTemplate":"https:\/\/www.cofb.org\/?s={search_term_string}"},"query-input":"required name=search_term_string"}],"inLanguage":"es"},{"@type":"Organization","@id":"https:\/\/www.cofb.org\/#organization","name":"Col\u00b7legi de Farmac\u00e8utics de Barcelona","url":"https:\/\/www.cofb.org\/","logo":{"@type":"ImageObject","inLanguage":"es","@id":"https:\/\/www.cofb.org\/#\/schema\/logo\/image\/","url":"https:\/\/www.cofb.org\/wp-content\/uploads\/2023\/11\/cropped-Logotip-COFB.png","contentUrl":"https:\/\/www.cofb.org\/wp-content\/uploads\/2023\/11\/cropped-Logotip-COFB.png","width":500,"height":105,"caption":"Col\u00b7legi de Farmac\u00e8utics de Barcelona"},"image":{"@id":"https:\/\/www.cofb.org\/#\/schema\/logo\/image\/"},"sameAs":["https:\/\/www.facebook.com\/farmaceuticsbcn\/","https:\/\/twitter.com\/farmaceuticsbcn","https:\/\/www.instagram.com\/farmaceuticsbcn\/","https:\/\/www.linkedin.com\/company\/farmaceuticsbcn\/"]}]}},"uagb_featured_image_src":{"full":false,"thumbnail":false,"medium":false,"medium_large":false,"large":false,"1536x1536":false,"2048x2048":false,"trp-custom-language-flag":false},"uagb_author_info":{"display_name":"wpAdminCofbOrg","author_link":"https:\/\/www.cofb.org\/es\/author\/wpadmincofborg\/"},"uagb_comment_info":0,"uagb_excerpt":"El COFB ofereix un seguit de serveis pensats per&nbsp;facilitar l\u2019exercici de la professi\u00f3 i el desenvolupament com a professionals. En aquest apartat pots veure el seguit de prestacions que el Col\u00b7legi t\u2019ofereix en els seg\u00fcents \u00e0mbits: Assesorament jur\u00eddic Centre documentaci\u00f3 Borsa de treball Certificat digital Deontologia Formaci\u00f3 i projectes Informaci\u00f3 [&hellip;]","_links":{"self":[{"href":"https:\/\/www.cofb.org\/es\/wp-json\/wp\/v2\/pages\/2750","targetHints":{"allow":["GET"]}}],"collection":[{"href":"https:\/\/www.cofb.org\/es\/wp-json\/wp\/v2\/pages"}],"about":[{"href":"https:\/\/www.cofb.org\/es\/wp-json\/wp\/v2\/types\/page"}],"author":[{"embeddable":true,"href":"https:\/\/www.cofb.org\/es\/wp-json\/wp\/v2\/users\/1"}],"replies":[{"embeddable":true,"href":"https:\/\/www.cofb.org\/es\/wp-json\/wp\/v2\/comments?post=2750"}],"version-history":[{"count":29,"href":"https:\/\/www.cofb.org\/es\/wp-json\/wp\/v2\/pages\/2750\/revisions"}],"predecessor-version":[{"id":79903,"href":"https:\/\/www.cofb.org\/es\/wp-json\/wp\/v2\/pages\/2750\/revisions\/79903"}],"up":[{"embeddable":true,"href":"https:\/\/www.cofb.org\/es\/wp-json\/wp\/v2\/pages\/3756"}],"wp:attachment":[{"href":"https:\/\/www.cofb.org\/es\/wp-json\/wp\/v2\/media?parent=2750"}],"curies":[{"name":"wp","href":"https:\/\/api.w.org\/{rel}","templated":true}]}}