{"id":2612,"date":"2023-06-12T09:28:10","date_gmt":"2023-06-12T09:28:10","guid":{"rendered":"https:\/\/novaorg.cofb.net\/?page_id=2612"},"modified":"2024-10-22T10:36:08","modified_gmt":"2024-10-22T10:36:08","slug":"que-es-el-collegi","status":"publish","type":"page","link":"https:\/\/www.cofb.org\/es\/qui-som\/el-collegi\/que-es-el-collegi\/","title":{"rendered":"\u00bfQu\u00e9 es el Col\u00b7legi?"},"content":{"rendered":"<div class=\"wp-block-uagb-image uagb-block-aab5a6a7 wp-block-uagb-image--layout-default wp-block-uagb-image--effect-static wp-block-uagb-image--align-none\"><figure class=\"wp-block-uagb-image__figure\"><img loading=\"lazy\" decoding=\"async\" srcset=\"https:\/\/www.cofb.org\/wp-content\/uploads\/2024\/01\/COFB_facana.jpg ,https:\/\/www.cofb.org\/wp-content\/uploads\/2024\/01\/COFB_facana.jpg 780w, https:\/\/www.cofb.org\/wp-content\/uploads\/2024\/01\/COFB_facana-1024x354.jpg 360w\" sizes=\"auto, (max-width: 480px) 150px\" src=\"https:\/\/www.cofb.org\/wp-content\/uploads\/2024\/01\/COFB_facana.jpg\" alt=\"\" class=\"uag-image-70961\" width=\"1448\" height=\"500\" title=\"\" role=\"img\"\/><\/figure><\/div>\n\n\n\n<p>\n\n\n\n<ul class=\"wp-block-list\">\n<li>Una <strong>corporaci\u00f3n de derecho p\u00fablico<\/strong>. <\/li>\n\n\n\n<li>Representa a <strong>9.325 farmac\u00e9uticos y farmac\u00e9uticas<\/strong>&nbsp;que trabajan en los \u00e1mbitos de la<strong><span> <\/span>alimentaci\u00f3n y nutrici\u00f3n<\/strong>, la<strong><span> <\/span>an\u00e1lisis<\/strong>, la<strong><span> <\/span>atenci\u00f3n primaria<\/strong>, la <strong>dermofarmacia<\/strong>, la <strong>distribuci\u00f3n<\/strong>, los <strong>hospitales<\/strong>, la <strong>industria<\/strong>, la <strong>investigaci\u00f3n y docencia<\/strong>, la<strong>oficina de farmacia<\/strong>, la<strong>ortopedia<\/strong>, las <strong>plantas medicinales<\/strong> y la <strong>salud p\u00fablica<\/strong>.<\/li>\n\n\n\n<li><strong>Vela por el buen ejercicio de la profesi\u00f3n<\/strong> siguiendo criterios \u00e9ticos y de calidad: consulta <a href=\"https:\/\/www.cofb.org\/es\/documents\/10136\/13337\/Codi+Deontol%C3%B2gic+professi%C3%B3+farmac%C3%A8utica.pdf\/a3a2d656-774d-4bf7-9852-0a35030fa986\/\" target=\"_blank\" rel=\"noreferrer noopener\">aqu\u00ed<\/a> el C\u00f3digo Deontol\u00f3gico.<\/li>\n\n\n\n<li><strong>Pone al alcance de los farmac\u00e9uticos servicios \/ actividades y formaci\u00f3n continuada<\/strong> para fomentar su desarrollo profesional para dar el mejor servicio a las personas.<\/li>\n\n\n\n<li><strong>Trabaja conjuntamente en el colectivo farmac\u00e9utico para hacer del mundo un lugar m\u00e1s saludable.<\/strong><\/li>\n<\/ul>\n\n\n\n<p><\/p>\n\n\n\n<cite id=\"yui_patched_v3_11_0_1_1687961721061_298\">Para m\u00e1s informaci\u00f3n, pod\u00e9is consultar la presentaci\u00f3n institucional del COFB, \u201c<a href=\"\/wp-content\/uploads\/2023\/09\/Amb-esperit-de-servei.-COFB.pdf\" target=\"_blank\" rel=\"noopener\">Con esp\u00edritu de servicio<\/a>\u201d y el apartado&nbsp;<a href=\"\/es\/qui-som\/el-collegi\/que-es-el-collegi\/el-col\u00b7legi-en-xifres\/\" rel=\"noopener\">El Col\u00b7legi, en cifras<\/a>.<\/cite>\n\n\n\n<p><\/p>\n\n\n\n<h2 class=\"wp-block-heading\">Misi\u00f3n del Col\u00b7legi<\/h2>\n\n\n\n<p><\/p>\n\n\n\n<ul class=\"wp-block-list\">\n<li><strong>Defender&nbsp;<\/strong>los <strong>intereses generales&nbsp;<\/strong>de sus&nbsp;<strong>colegiados&nbsp;<\/strong>y&nbsp;<strong>representarlos<\/strong>&nbsp;ante las autoridades, instituciones y sociedad en general.<\/li>\n\n\n\n<li class=\"translation-block\"><strong>Velar<\/strong> por la <strong> excelencia<\/strong>\u00a0en la actuaci\u00f3n de los <strong>profesionales<\/strong> y para que los farmac\u00e9uticos puedan desarrollar su potencial y aportar el m\u00e1ximo valor a la sociedad.<\/li>\n\n\n\n<li><strong>Impulsar<\/strong>&nbsp;la <strong>profesi\u00f3n<\/strong> y el <strong>desarrollo de nuevos servicios profesionales<\/strong> que contribuyan a mejorar la salud de la poblaci\u00f3n y los resultados de salud p\u00fablica.<\/li>\n\n\n\n<li><strong>Ordenar<\/strong>&nbsp;el ejercicio general de la profesi\u00f3n conforme a la legislaci\u00f3n vigente.<\/li>\n\n\n\n<li><strong>Promover y facilitar<\/strong> los <strong>servicios<\/strong>, las <strong>actividades<\/strong> y la <strong>formaci\u00f3n continuada<\/strong> necesarias para lo correcto<strong>&nbsp;desarrollo profesional<\/strong>&nbsp;del <strong>colegiado<\/strong>.<\/li>\n\n\n\n<li><strong>Proteger los intereses de los consumidores y usuarios<\/strong>&nbsp;de los servicios prestados por los <strong>colegiados.<\/strong><\/li>\n\n\n\n<li><strong>Fomentar la investigaci\u00f3n para mejorar los tratamientos<\/strong>, el uso que se hace y que consigan el efecto buscado.<\/li>\n\n\n\n<li><strong>Hacer difusi\u00f3n de informaci\u00f3n \u00fatil <\/strong>para ampliar el conocimiento de los ciudadanos en cuestiones de salud.<\/li>\n<\/ul>\n\n\n\n<h2 class=\"wp-block-heading\">Los estatutos del Col\u00b7legi<\/h2>\n\n\n\n<p>Los actuales <a rel=\"noreferrer noopener\" href=\"https:\/\/www.cofb.org\/es\/c\/document_library\/get_file\/?uuid=d7638dc5-8130-4d34-ac75-2e2c8516cfd6&amp;groupId=10136\" target=\"_blank\">Estatutos<\/a> del <strong>Col\u00b7legi de Farmac\u00e8utics de Barcelona<\/strong> fueron aprobados en mayo de 2008, adaptados a los preceptos de la Ley 7\/2006, de 31 de mayo, del ejercicio de las profesiones tituladas y de los colegios profesionales.<\/p>\n\n\n\n<h2 class=\"wp-block-heading\">Historia del COFB<\/h2>\n\n\n\n<p>El <strong>Col\u00b7legi de Farmac\u00e8utics de Barcelona (COFB)<\/strong>&nbsp;es una <strong>instituci\u00f3n centenaria<\/strong>&nbsp;que naci\u00f3 en 1898, con la publicaci\u00f3n del Real Decreto de creaci\u00f3n de los colegios oficiales provinciales de m\u00e9dicos y farmac\u00e9uticos.<\/p>\n\n\n\n<p>En sus inicios, la instituci\u00f3n contaba con 500 colegiados. La implicaci\u00f3n y dedicaci\u00f3n del COFB en todos los cambios que se han producido en el mundo farmac\u00e9utico y social le han convertido en una instituci\u00f3n fuerte con un peso relevante en el \u00e1mbito sanitario.<\/p>\n\n\n\n<cite id=\"yui_patched_v3_11_0_1_1687961721061_330\">Para m\u00e1s informaci\u00f3n, puedes acceder a la publicaci\u00f3n <a href=\"https:\/\/farmaceutics.cofb.net\/contingutsftp\/Colegio\/apuntssegle\/Apunts_d'un_segle_tot.pdf\" target=\"_blank\" rel=\"noopener\">&quot;Apuntes de un siglo del COFB&quot;&nbsp;<\/a>(v\u00eda web colegial).<\/cite>","protected":false},"excerpt":{"rendered":"<p>Para m\u00e1s informaci\u00f3n, puede consultar la presentaci\u00f3n institucional del COFB, \u201cCon esp\u00edritu de servicio\u201d y el apartado El Colegio, en cifras. Misi\u00f3n del Colegio Los estatutos del Colegio Los actuales Estatutos del Colegio de Farmac\u00e9uticos de Barcelona fueron aprobados en mayo de 2008, adaptados a los preceptos de la Ley 7\/2006, [\u2026]<\/p>","protected":false},"author":1,"featured_media":0,"parent":2980,"menu_order":1,"comment_status":"closed","ping_status":"closed","template":"","meta":{"_uag_custom_page_level_css":"","site-sidebar-layout":"default","site-content-layout":"","ast-site-content-layout":"default","site-content-style":"default","site-sidebar-style":"default","ast-global-header-display":"","ast-banner-title-visibility":"","ast-main-header-display":"","ast-hfb-above-header-display":"","ast-hfb-below-header-display":"","ast-hfb-mobile-header-display":"","site-post-title":"","ast-breadcrumbs-content":"","ast-featured-img":"","footer-sml-layout":"","theme-transparent-header-meta":"","adv-header-id-meta":"","stick-header-meta":"","header-above-stick-meta":"","header-main-stick-meta":"","header-below-stick-meta":"","astra-migrate-meta-layouts":"set","ast-page-background-enabled":"default","ast-page-background-meta":{"desktop":{"background-color":"var(--ast-global-color-4)","background-image":"","background-repeat":"repeat","background-position":"center center","background-size":"auto","background-attachment":"scroll","background-type":"","background-media":"","overlay-type":"","overlay-color":"","overlay-opacity":"","overlay-gradient":""},"tablet":{"background-color":"","background-image":"","background-repeat":"repeat","background-position":"center center","background-size":"auto","background-attachment":"scroll","background-type":"","background-media":"","overlay-type":"","overlay-color":"","overlay-opacity":"","overlay-gradient":""},"mobile":{"background-color":"","background-image":"","background-repeat":"repeat","background-position":"center center","background-size":"auto","background-attachment":"scroll","background-type":"","background-media":"","overlay-type":"","overlay-color":"","overlay-opacity":"","overlay-gradient":""}},"ast-content-background-meta":{"desktop":{"background-color":"var(--ast-global-color-5)","background-image":"","background-repeat":"repeat","background-position":"center center","background-size":"auto","background-attachment":"scroll","background-type":"","background-media":"","overlay-type":"","overlay-color":"","overlay-opacity":"","overlay-gradient":""},"tablet":{"background-color":"var(--ast-global-color-5)","background-image":"","background-repeat":"repeat","background-position":"center center","background-size":"auto","background-attachment":"scroll","background-type":"","background-media":"","overlay-type":"","overlay-color":"","overlay-opacity":"","overlay-gradient":""},"mobile":{"background-color":"var(--ast-global-color-5)","background-image":"","background-repeat":"repeat","background-position":"center center","background-size":"auto","background-attachment":"scroll","background-type":"","background-media":"","overlay-type":"","overlay-color":"","overlay-opacity":"","overlay-gradient":""}},"footnotes":""},"class_list":["post-2612","page","type-page","status-publish","hentry"],"yoast_head":"<!-- This site is optimized with the Yoast SEO plugin v22.4 - https:\/\/yoast.com\/wordpress\/plugins\/seo\/ -->\n<title>Qu\u00e8 \u00e9s el Col\u00b7legi? - Col\u00b7legi de Farmac\u00e8utics de Barcelona<\/title>\n<meta name=\"robots\" content=\"index, follow, max-snippet:-1, max-image-preview:large, max-video-preview:-1\" \/>\n<link rel=\"canonical\" href=\"https:\/\/www.cofb.org\/es\/qui-som\/el-collegi\/que-es-el-collegi\/\" \/>\n<meta property=\"og:locale\" content=\"es_ES\" \/>\n<meta property=\"og:type\" content=\"article\" \/>\n<meta property=\"og:title\" content=\"Qu\u00e8 \u00e9s el Col\u00b7legi? - Col\u00b7legi de Farmac\u00e8utics de Barcelona\" \/>\n<meta property=\"og:description\" content=\"Per a m\u00e9s informaci\u00f3, podeu consultar la presentaci\u00f3 institucional del COFB, &#8220;Amb esperit de servei&#8221; i l&#8217;apartat&nbsp;El Col\u00b7legi, en xifres. Missi\u00f3 del Col\u00b7legi Els estatuts del Col\u00b7legi Els actuals Estatuts del Col\u00b7legi de Farmac\u00e8utics de Barcelona van ser aprovats el maig de 2008, adaptats als preceptes de la Llei 7\/2006, [&hellip;]\" \/>\n<meta property=\"og:url\" content=\"https:\/\/www.cofb.org\/es\/qui-som\/el-collegi\/que-es-el-collegi\/\" \/>\n<meta property=\"og:site_name\" content=\"Col\u00b7legi de Farmac\u00e8utics de Barcelona\" \/>\n<meta property=\"article:publisher\" content=\"https:\/\/www.facebook.com\/farmaceuticsbcn\/\" \/>\n<meta property=\"article:modified_time\" content=\"2024-10-22T10:36:08+00:00\" \/>\n<meta property=\"og:image\" content=\"https:\/\/www.cofb.org\/wp-content\/uploads\/2024\/01\/COFB_facana.jpg\" \/>\n<meta name=\"twitter:card\" content=\"summary_large_image\" \/>\n<meta name=\"twitter:site\" content=\"@farmaceuticsbcn\" \/>\n<meta name=\"twitter:label1\" content=\"Tiempo de lectura\" \/>\n\t<meta name=\"twitter:data1\" content=\"3 minutos\" \/>\n<script type=\"application\/ld+json\" class=\"yoast-schema-graph\">{\"@context\":\"https:\/\/schema.org\",\"@graph\":[{\"@type\":\"WebPage\",\"@id\":\"https:\/\/www.cofb.org\/qui-som\/el-collegi\/que-es-el-collegi\/\",\"url\":\"https:\/\/www.cofb.org\/qui-som\/el-collegi\/que-es-el-collegi\/\",\"name\":\"Qu\u00e8 \u00e9s el Col\u00b7legi? - Col\u00b7legi de Farmac\u00e8utics de Barcelona\",\"isPartOf\":{\"@id\":\"https:\/\/www.cofb.org\/#website\"},\"primaryImageOfPage\":{\"@id\":\"https:\/\/www.cofb.org\/qui-som\/el-collegi\/que-es-el-collegi\/#primaryimage\"},\"image\":{\"@id\":\"https:\/\/www.cofb.org\/qui-som\/el-collegi\/que-es-el-collegi\/#primaryimage\"},\"thumbnailUrl\":\"https:\/\/www.cofb.org\/wp-content\/uploads\/2024\/01\/COFB_facana.jpg\",\"datePublished\":\"2023-06-12T09:28:10+00:00\",\"dateModified\":\"2024-10-22T10:36:08+00:00\",\"breadcrumb\":{\"@id\":\"https:\/\/www.cofb.org\/qui-som\/el-collegi\/que-es-el-collegi\/#breadcrumb\"},\"inLanguage\":\"es\",\"potentialAction\":[{\"@type\":\"ReadAction\",\"target\":[\"https:\/\/www.cofb.org\/qui-som\/el-collegi\/que-es-el-collegi\/\"]}]},{\"@type\":\"ImageObject\",\"inLanguage\":\"es\",\"@id\":\"https:\/\/www.cofb.org\/qui-som\/el-collegi\/que-es-el-collegi\/#primaryimage\",\"url\":\"https:\/\/www.cofb.org\/wp-content\/uploads\/2024\/01\/COFB_facana.jpg\",\"contentUrl\":\"https:\/\/www.cofb.org\/wp-content\/uploads\/2024\/01\/COFB_facana.jpg\"},{\"@type\":\"BreadcrumbList\",\"@id\":\"https:\/\/www.cofb.org\/qui-som\/el-collegi\/que-es-el-collegi\/#breadcrumb\",\"itemListElement\":[{\"@type\":\"ListItem\",\"position\":1,\"name\":\"Inici\",\"item\":\"https:\/\/novaorg.cofb.net\/\"},{\"@type\":\"ListItem\",\"position\":2,\"name\":\"Qui som?\",\"item\":\"https:\/\/novaorg.cofb.net\/qui-som\/\"},{\"@type\":\"ListItem\",\"position\":3,\"name\":\"El Col\u00b7legi\",\"item\":\"https:\/\/novaorg.cofb.net\/qui-som\/el-collegi\/\"},{\"@type\":\"ListItem\",\"position\":4,\"name\":\"Qu\u00e8 \u00e9s el Col\u00b7legi?\"}]},{\"@type\":\"WebSite\",\"@id\":\"https:\/\/www.cofb.org\/#website\",\"url\":\"https:\/\/www.cofb.org\/\",\"name\":\"Col\u00b7legi de Farmac\u00e8utics de Barcelona\",\"description\":\"\",\"publisher\":{\"@id\":\"https:\/\/www.cofb.org\/#organization\"},\"potentialAction\":[{\"@type\":\"SearchAction\",\"target\":{\"@type\":\"EntryPoint\",\"urlTemplate\":\"https:\/\/www.cofb.org\/?s={search_term_string}\"},\"query-input\":\"required name=search_term_string\"}],\"inLanguage\":\"es\"},{\"@type\":\"Organization\",\"@id\":\"https:\/\/www.cofb.org\/#organization\",\"name\":\"Col\u00b7legi de Farmac\u00e8utics de Barcelona\",\"url\":\"https:\/\/www.cofb.org\/\",\"logo\":{\"@type\":\"ImageObject\",\"inLanguage\":\"es\",\"@id\":\"https:\/\/www.cofb.org\/#\/schema\/logo\/image\/\",\"url\":\"https:\/\/www.cofb.org\/wp-content\/uploads\/2023\/11\/cropped-Logotip-COFB.png\",\"contentUrl\":\"https:\/\/www.cofb.org\/wp-content\/uploads\/2023\/11\/cropped-Logotip-COFB.png\",\"width\":500,\"height\":105,\"caption\":\"Col\u00b7legi de Farmac\u00e8utics de Barcelona\"},\"image\":{\"@id\":\"https:\/\/www.cofb.org\/#\/schema\/logo\/image\/\"},\"sameAs\":[\"https:\/\/www.facebook.com\/farmaceuticsbcn\/\",\"https:\/\/twitter.com\/farmaceuticsbcn\",\"https:\/\/www.instagram.com\/farmaceuticsbcn\/\",\"https:\/\/www.linkedin.com\/company\/farmaceuticsbcn\/\"]}]}<\/script>\n<!-- \/ Yoast SEO plugin. -->","yoast_head_json":{"title":"Qu\u00e8 \u00e9s el Col\u00b7legi? - Col\u00b7legi de Farmac\u00e8utics de Barcelona","robots":{"index":"index","follow":"follow","max-snippet":"max-snippet:-1","max-image-preview":"max-image-preview:large","max-video-preview":"max-video-preview:-1"},"canonical":"https:\/\/www.cofb.org\/es\/qui-som\/el-collegi\/que-es-el-collegi\/","og_locale":"es_ES","og_type":"article","og_title":"Qu\u00e8 \u00e9s el Col\u00b7legi? - Col\u00b7legi de Farmac\u00e8utics de Barcelona","og_description":"Per a m\u00e9s informaci\u00f3, podeu consultar la presentaci\u00f3 institucional del COFB, &#8220;Amb esperit de servei&#8221; i l&#8217;apartat&nbsp;El Col\u00b7legi, en xifres. Missi\u00f3 del Col\u00b7legi Els estatuts del Col\u00b7legi Els actuals Estatuts del Col\u00b7legi de Farmac\u00e8utics de Barcelona van ser aprovats el maig de 2008, adaptats als preceptes de la Llei 7\/2006, [&hellip;]","og_url":"https:\/\/www.cofb.org\/es\/qui-som\/el-collegi\/que-es-el-collegi\/","og_site_name":"Col\u00b7legi de Farmac\u00e8utics de Barcelona","article_publisher":"https:\/\/www.facebook.com\/farmaceuticsbcn\/","article_modified_time":"2024-10-22T10:36:08+00:00","og_image":[{"url":"https:\/\/www.cofb.org\/wp-content\/uploads\/2024\/01\/COFB_facana.jpg"}],"twitter_card":"summary_large_image","twitter_site":"@farmaceuticsbcn","twitter_misc":{"Tiempo de lectura":"3 minutos"},"schema":{"@context":"https:\/\/schema.org","@graph":[{"@type":"WebPage","@id":"https:\/\/www.cofb.org\/qui-som\/el-collegi\/que-es-el-collegi\/","url":"https:\/\/www.cofb.org\/qui-som\/el-collegi\/que-es-el-collegi\/","name":"Qu\u00e8 \u00e9s el Col\u00b7legi? - Col\u00b7legi de Farmac\u00e8utics de Barcelona","isPartOf":{"@id":"https:\/\/www.cofb.org\/#website"},"primaryImageOfPage":{"@id":"https:\/\/www.cofb.org\/qui-som\/el-collegi\/que-es-el-collegi\/#primaryimage"},"image":{"@id":"https:\/\/www.cofb.org\/qui-som\/el-collegi\/que-es-el-collegi\/#primaryimage"},"thumbnailUrl":"https:\/\/www.cofb.org\/wp-content\/uploads\/2024\/01\/COFB_facana.jpg","datePublished":"2023-06-12T09:28:10+00:00","dateModified":"2024-10-22T10:36:08+00:00","breadcrumb":{"@id":"https:\/\/www.cofb.org\/qui-som\/el-collegi\/que-es-el-collegi\/#breadcrumb"},"inLanguage":"es","potentialAction":[{"@type":"ReadAction","target":["https:\/\/www.cofb.org\/qui-som\/el-collegi\/que-es-el-collegi\/"]}]},{"@type":"ImageObject","inLanguage":"es","@id":"https:\/\/www.cofb.org\/qui-som\/el-collegi\/que-es-el-collegi\/#primaryimage","url":"https:\/\/www.cofb.org\/wp-content\/uploads\/2024\/01\/COFB_facana.jpg","contentUrl":"https:\/\/www.cofb.org\/wp-content\/uploads\/2024\/01\/COFB_facana.jpg"},{"@type":"BreadcrumbList","@id":"https:\/\/www.cofb.org\/qui-som\/el-collegi\/que-es-el-collegi\/#breadcrumb","itemListElement":[{"@type":"ListItem","position":1,"name":"Inici","item":"https:\/\/novaorg.cofb.net\/"},{"@type":"ListItem","position":2,"name":"Qui som?","item":"https:\/\/novaorg.cofb.net\/qui-som\/"},{"@type":"ListItem","position":3,"name":"El Col\u00b7legi","item":"https:\/\/novaorg.cofb.net\/qui-som\/el-collegi\/"},{"@type":"ListItem","position":4,"name":"Qu\u00e8 \u00e9s el Col\u00b7legi?"}]},{"@type":"WebSite","@id":"https:\/\/www.cofb.org\/#website","url":"https:\/\/www.cofb.org\/","name":"Col\u00b7legi de Farmac\u00e8utics de Barcelona","description":"","publisher":{"@id":"https:\/\/www.cofb.org\/#organization"},"potentialAction":[{"@type":"SearchAction","target":{"@type":"EntryPoint","urlTemplate":"https:\/\/www.cofb.org\/?s={search_term_string}"},"query-input":"required name=search_term_string"}],"inLanguage":"es"},{"@type":"Organization","@id":"https:\/\/www.cofb.org\/#organization","name":"Col\u00b7legi de Farmac\u00e8utics de Barcelona","url":"https:\/\/www.cofb.org\/","logo":{"@type":"ImageObject","inLanguage":"es","@id":"https:\/\/www.cofb.org\/#\/schema\/logo\/image\/","url":"https:\/\/www.cofb.org\/wp-content\/uploads\/2023\/11\/cropped-Logotip-COFB.png","contentUrl":"https:\/\/www.cofb.org\/wp-content\/uploads\/2023\/11\/cropped-Logotip-COFB.png","width":500,"height":105,"caption":"Col\u00b7legi de Farmac\u00e8utics de Barcelona"},"image":{"@id":"https:\/\/www.cofb.org\/#\/schema\/logo\/image\/"},"sameAs":["https:\/\/www.facebook.com\/farmaceuticsbcn\/","https:\/\/twitter.com\/farmaceuticsbcn","https:\/\/www.instagram.com\/farmaceuticsbcn\/","https:\/\/www.linkedin.com\/company\/farmaceuticsbcn\/"]}]}},"uagb_featured_image_src":{"full":false,"thumbnail":false,"medium":false,"medium_large":false,"large":false,"1536x1536":false,"2048x2048":false,"trp-custom-language-flag":false},"uagb_author_info":{"display_name":"wpAdminCofbOrg","author_link":"https:\/\/www.cofb.org\/es\/author\/wpadmincofborg\/"},"uagb_comment_info":0,"uagb_excerpt":"Per a m\u00e9s informaci\u00f3, podeu consultar la presentaci\u00f3 institucional del COFB, &#8220;Amb esperit de servei&#8221; i l&#8217;apartat&nbsp;El Col\u00b7legi, en xifres. Missi\u00f3 del Col\u00b7legi Els estatuts del Col\u00b7legi Els actuals Estatuts del Col\u00b7legi de Farmac\u00e8utics de Barcelona van ser aprovats el maig de 2008, adaptats als preceptes de la Llei 7\/2006, [&hellip;]","_links":{"self":[{"href":"https:\/\/www.cofb.org\/es\/wp-json\/wp\/v2\/pages\/2612","targetHints":{"allow":["GET"]}}],"collection":[{"href":"https:\/\/www.cofb.org\/es\/wp-json\/wp\/v2\/pages"}],"about":[{"href":"https:\/\/www.cofb.org\/es\/wp-json\/wp\/v2\/types\/page"}],"author":[{"embeddable":true,"href":"https:\/\/www.cofb.org\/es\/wp-json\/wp\/v2\/users\/1"}],"replies":[{"embeddable":true,"href":"https:\/\/www.cofb.org\/es\/wp-json\/wp\/v2\/comments?post=2612"}],"version-history":[{"count":22,"href":"https:\/\/www.cofb.org\/es\/wp-json\/wp\/v2\/pages\/2612\/revisions"}],"predecessor-version":[{"id":79757,"href":"https:\/\/www.cofb.org\/es\/wp-json\/wp\/v2\/pages\/2612\/revisions\/79757"}],"up":[{"embeddable":true,"href":"https:\/\/www.cofb.org\/es\/wp-json\/wp\/v2\/pages\/2980"}],"wp:attachment":[{"href":"https:\/\/www.cofb.org\/es\/wp-json\/wp\/v2\/media?parent=2612"}],"curies":[{"name":"wp","href":"https:\/\/api.w.org\/{rel}","templated":true}]}}