{"id":80079,"date":"2024-12-10T10:28:28","date_gmt":"2024-12-10T10:28:28","guid":{"rendered":"https:\/\/www.cofb.org\/?page_id=80079"},"modified":"2025-01-17T11:01:50","modified_gmt":"2025-01-17T11:01:50","slug":"politica-de-privacitat-i-avis-legal-app-del-cofb","status":"publish","type":"page","link":"https:\/\/www.cofb.org\/ca\/politica-de-privacitat-i-avis-legal-app-del-cofb\/","title":{"rendered":"Condicions d\u2019\u00fas i Pol\u00edtica de privacitat de l\u2019APP \u201cCOFB, eina treball farmac\u00e8utic\u201d"},"content":{"rendered":"\n<p><strong>Identificaci\u00f3<\/strong><br><br>El Col\u00b7legi de Farmac\u00e8utics de la Prov\u00edncia de Barcelona (en endavant COFB o Col\u00b7legi), \u00e9s una corporaci\u00f3 de dret p\u00fablic, registrada en el Registre de Col\u00b7legis Professionals del Departament de Just\u00edcia i Interior de la Generalitat de Catalunya, \u00e9s el responsable del desenvolupament, posada en producci\u00f3 i explotaci\u00f3 de l\u2019APP \u201cCOFB, eina treball farmac\u00e8utic\u201d, que proporciona la possibilitat a l\u2019usuari d\u2019interaccionar amb el Col\u00b7legi i per con\u00e8ixer i estar informat de l\u2019activitat col\u00b7legial.<\/p>\n\n\n\n<p><strong>Les seves dades contacte i identificaci\u00f3 s\u00f3n: <\/strong>carrer Girona, n\u00famero 64, baixos, 08009 BARCELONA, tel\u00e8fon 93 244 07 10, e-mail\u00a0<a href=\"mailto:cofb@cofb.net\">cofb@cofb.net<\/a>\u00a0i n\u00famero d&#8217;identificaci\u00f3 fiscal Q-0866002-I. Aquesta instituci\u00f3 es regeix per les Lleis de Col\u00b7legis Professionals estatal i auton\u00f2mica, i pels seus propis estatuts declarats adequats a la legalitat pel citat departament per resoluci\u00f3 JUS\/1414\/2008 de 6 de maig, publicats en el DOGC de 15 de maig de 2008. Inscripci\u00f3 n\u00famero F\/B 211.<\/p>\n\n\n\n<p><strong>Propietat intel\u00b7l<\/strong>e<strong>ctual<\/strong><br><br>Tot el contingut d&#8217;aquesta app \u00e9s propietat del Col\u00b7legi i compr\u00e8n, a t\u00edtol enunciatiu no limitatiu els seg\u00fcents elements : textos, gr\u00e0fics, imatges, logotips, arxius de software, colors, estructura, selecci\u00f3, ordenaci\u00f3 i presentaci\u00f3 de continguts, programa d&#8217;ordinador per a la creaci\u00f3 i el funcionament, i est\u00e0 totalment prohibida la reproducci\u00f3 total i\/o parcial , la comunicaci\u00f3 p\u00fablica i l&#8217;emmagatzematge d&#8217;aquesta app i de qualsevol altre material i\/o element, protegit per la Llei de propietat intel\u00b7lectual, sense obtenir el consentiment previ del Col\u00b7legi.<br><strong><br>Acc\u00e9s dels usuaris<\/strong><br><strong><br><\/strong>L\u2019acc\u00e9s a l\u2019app\u00a0requereix una autoritzaci\u00f3 pr\u00e8via mitjan\u00e7ant l&#8217;adjudicaci\u00f3 d&#8217;un nom d&#8217;usuari i d&#8217;una contrasenya que es concedeix als farmac\u00e8utics col\u00b7legiats, als empleats del Col\u00b7legi i a empreses, institucions o altres organismes relacionats amb el sector, per con\u00e8ixer i estar informat de l\u2019activitat col\u00b7legial.<br><br>L&#8217;usuari es compromet a utilitzar aquest servei de conformitat amb la Llei, les condicions generals que cont\u00e9 aquest av\u00eds legal, la moral, els bons costums i l&#8217;ordre p\u00fablic. En conseq\u00fc\u00e8ncia, l&#8217;usuari s&#8217;obliga a abstenir-se de fer un \u00fas que puguin lesionar els drets i els interessos de la instituci\u00f3 i de tercers o que de qualsevol manera pugui comportar un impediment en l&#8217;acc\u00e9s d&#8217;altres usuaris autoritzats i es fa responsable dels danys i perjudicis que el Col\u00b7legi hagi de suportar per motiu d&#8217;aquest \u00fas de l\u2019app.<br><br>Tanmateix, el Col\u00b7legi es reserva el dret a suspendre i\/o cancel\u00b7lar l&#8217;autoritzaci\u00f3 a l&#8217;acc\u00e9s, en cas que l&#8217;usuari en faci un \u00fas inadequat, quan es modifiquin les circumst\u00e0ncies en virtut de les quals se li va adjudicar, o quan en la modificaci\u00f3 de les claus d&#8217;acc\u00e9s utilitzi paraules malsonants, injurioses o degradadores contr\u00e0ries a la Llei, la moral i l&#8217;ordre p\u00fablic.<br><br><strong>Limitaci\u00f3 de responsabilitat<\/strong><br><br>El Col\u00b7legi adverteix que els continguts d&#8217;aquesta app s\u00f3n de car\u00e0cter informatiu per als col\u00b7legiats i declina tota responsabilitat sobre la informaci\u00f3 que s&#8217;ofereixi mitjan\u00e7ant la reproducci\u00f3 de documents elaborats per altres administracions p\u00fabliques, not\u00edcies de premsa i serveis que proporcionin companyies alienes al Col\u00b7legi, adre\u00e7ats als col\u00b7legiats, com per exemple, l&#8217;ag\u00e8ncia de viatges, la banca, i altres, que apareixen en l&#8217;\u00e0rea comercial de l\u2019app.<br><br>Tampoc es pot fer responsable de les versions electr\u00f2niques dels documents publicats en diaris oficials, quan es carreguin directament, de les not\u00edcies aparegudes a diaris i revistes d&#8217;informaci\u00f3, ni dels continguts dels links d&#8217;inter\u00e8s.<br><br>El Col\u00b7legi es reserva el dret de modificar, actualitzar o suprimir qualsevol dels continguts d&#8217;aquesta web.<br><br>Tampoc es responsabilitza dels danys i perjudicis ocasionats en el sistema operatiu dels m\u00f2bil dels usuaris per l&#8217;exist\u00e8ncia de virus no detectats o a altres elements lesius en els continguts.<br><br><strong>Pol\u00edtica de Privacitat \u00a0<\/strong><br><br>D&#8217;acord amb el Reglament del Parlament Europeu i del Consell de Protecci\u00f3 de Dades de 27 d&#8217;abril de 2016 i la llei\u00a0 3\/2018 de 5 de desembre de protecci\u00f3 de dades de car\u00e0cter personal i\u00a0 garantia dels drets digitals es proporciona informaci\u00f3 b\u00e0sica sobre el tractament de les dades:<br><br>El Col\u00b7legi de Farmac\u00e8utics de la Prov\u00edncia de Barcelona \u00e9s el responsable de tractament de la base de dades que es genera amb l&#8217;acc\u00e9s dels usuaris a aquesta app. Dades de contacte: C\/ Girona 64, 08009 Barcelona, tel\u00e8fon 932440710, e-mail <a href=\"mailto:cofb@cofb.net\">cofb@cofb.net<\/a><br><br>Dades del Representant: Sra. Mercedes Gras Balaguer, C\/ Girona 64, 08009 Barcelona Correu electr\u00f2nic\u00a0<a href=\"http:\/\/mailto.gerencia@cofb.net\/\">gerencia@cofb.net<\/a>Tel. 932440719<br><br>Dades del Delegat de Protecci\u00f3 de Dades : Mercedes Gras Balaguer, les seves dades de contacte s\u00f3n les seg\u00fcents: C\/ Girona 64, 08009 Barcelona Correu electr\u00f2nic\u00a0<a href=\"mailto:protecciodades.cofb@cofb.cat\">protecciodades.cofb@cofb.cat<\/a> \u00a0Tel. 932440719<\/p>\n\n\n\n<p><strong>Dades personals que tractem<\/strong><\/p>\n\n\n\n<p>A trav\u00e9s d\u2019aquesta app nom\u00e9s recopilem la informaci\u00f3 d\u2019identificaci\u00f3 de l\u2019usuari (ID) i la seva contrasenya necess\u00e0ria per donar-li acc\u00e9s a l\u2019app, i opcionalment, amb el consentiment de l\u2019usuari, recopilem la ID del seu dispositiu per poder enviar-li notificacions referents a la seva activitat col\u00b7legial.<br><br>Amb la finalitat d\u2019oferir un millor servei i per facilitar la usabilitat de l\u2019app, es comptabilitzen i s\u2019analitzen el nombre de p\u00e0gines visitades, el nombre de les visites i l\u2019activitat de les persones que les visiten, \u00fanicament amb finalitats estad\u00edstiques.<br><br>No s\u2019utilitzen cookies per recollir informaci\u00f3 de dades de car\u00e0cter personal i no es registren adreces IP.\u00a0 Nom\u00e9s s\u2019utilitzen cookies pr\u00f2pies, de sessi\u00f3, amb finalitat t\u00e8cnica. Els enlla\u00e7os a tercers que t\u00e9 aquesta app que no siguin del COFB\u00a0 tenen unes pol\u00edtiques de privacitat alienes i el COFB no se\u2019n fa responsable.\u00a0<br><br>Tractarem les seves dades personal \u00fanicament quan s\u2019estigui executant per acci\u00f3 de l\u2019usuari.<br><br><strong>Finalitat del tractament: <\/strong>Les finalitats pr\u00f2pies del funcionament de l&#8217;acc\u00e9s la correcta \u00a0identificaci\u00f3 dels usuraris a l\u2019app i altres funcions que permetin millorar la prestaci\u00f3 del servei, comunicar incid\u00e8ncies i fer acci\u00f3 comercial pr\u00f2pia de l\u2019app.<br><br><strong>Conservaci\u00f3 de les dades: <\/strong>La informaci\u00f3 dels accessos es conserva mentre l&#8217;usuari est\u00e0 connectat a l\u2019app, i una vegada finalitzat, les dades seran cancel\u00b7lades, fins al termini en qu\u00e8 prescriguin les accions legals contra l\u2019\u00fas inadequat d\u2019aquestes, transcorregut aquest per\u00edode, les dades seran destru\u00efdes.<br><strong><br><\/strong>No es produeixen decisions automatitzades, ni cap mena de perfils d&#8217;activitat de l&#8217;usuari en concret a trav\u00e9s de l\u2019app.<\/p>\n\n\n\n<p><strong>Legitimaci\u00f3: <\/strong>El Col\u00b7legi com a corporaci\u00f3 de dret p\u00fablic d\u2019acord amb les Lleis de Col\u00b7legis professionals i els seus Estatuts es comunica amb els seus col\u00b7legiats a trav\u00e9s d&#8217;aquesta eina, d&#8217;entre altres i el consentiment de l&#8217;usuari a accedir a l\u2019app i acceptar els criteris de navegaci\u00f3. L&#8217;interessat per con\u00e8ixer l&#8217;activitat col\u00b7legial ha d&#8217;accedir a l\u2018app<strong>.<br>\u00a0<br>Destinataris: <\/strong>no hi ha prevista cap cessi\u00f3 de dades ni transfer\u00e8ncies internacionals de les dades.<br><br><strong>Mesures de seguretat: <\/strong>Les dades personals seran tractades de forma absolutament confidencial El COFB ha implantat mesures t\u00e8cniques i organitzatives, com ara la doble autenticaci\u00f3, adequades per garantir-ne la seguretat i evitar la seva destrucci\u00f3, p\u00e8rdua, acc\u00e9s il\u00b7l\u00edcit o alteraci\u00f3 il\u00b7l\u00edcita de les dades personals dels usuaris de l\u2019app. A l\u2019hora de determinaraquestes mesures, s\u2019han tingut en compte criteris como l\u2019abast, els contextos i les finalitats del tractament, l\u2019estat de la t\u00e8cnica i els riscos existents<strong><br>\u00a0<br>Exercici de drets: <\/strong>L&#8217;usuari t\u00e9 dret a l&#8217;acc\u00e9s, la rectificaci\u00f3, la cancel\u00b7laci\u00f3, la supressi\u00f3, i portabilitat, aix\u00ed com a la limitaci\u00f3 i l&#8217;oposici\u00f3, al tractament de les seves dades, a retirar el consentiment prestat amb una comunicaci\u00f3 escrita dirigida al carrer Girona n\u00famero 64, 08009 Barcelona\u00a0 o per correu electr\u00f2nic a l&#8217;adre\u00e7a &#8220;<a href=\"http:\/\/mailto:protecciodades.cofb@cofb.cat\/\">protecciodades.cofb@cofb.cat<\/a>&#8220;, i a presentar una reclamaci\u00f3 davant l&#8217;autoritat de control l&#8217;Autoritat Catalana de Protecci\u00f3 de Dades.<\/p>\n\n\n\n<p><\/p>\n","protected":false},"excerpt":{"rendered":"<p>Identificaci\u00f3 El Col\u00b7legi de Farmac\u00e8utics de la Prov\u00edncia de Barcelona (en endavant COFB o Col\u00b7legi), \u00e9s una corporaci\u00f3 de dret p\u00fablic, registrada en el Registre de Col\u00b7legis Professionals del Departament de Just\u00edcia i Interior de la Generalitat de Catalunya, \u00e9s el responsable del desenvolupament, posada en producci\u00f3 i explotaci\u00f3 de [&hellip;]<\/p>\n","protected":false},"author":7,"featured_media":0,"parent":0,"menu_order":0,"comment_status":"closed","ping_status":"closed","template":"","meta":{"_uag_custom_page_level_css":"","site-sidebar-layout":"default","site-content-layout":"","ast-site-content-layout":"default","site-content-style":"default","site-sidebar-style":"default","ast-global-header-display":"","ast-banner-title-visibility":"","ast-main-header-display":"","ast-hfb-above-header-display":"","ast-hfb-below-header-display":"","ast-hfb-mobile-header-display":"","site-post-title":"","ast-breadcrumbs-content":"","ast-featured-img":"","footer-sml-layout":"","theme-transparent-header-meta":"","adv-header-id-meta":"","stick-header-meta":"","header-above-stick-meta":"","header-main-stick-meta":"","header-below-stick-meta":"","astra-migrate-meta-layouts":"set","ast-page-background-enabled":"default","ast-page-background-meta":{"desktop":{"background-color":"var(--ast-global-color-4)","background-image":"","background-repeat":"repeat","background-position":"center center","background-size":"auto","background-attachment":"scroll","background-type":"","background-media":"","overlay-type":"","overlay-color":"","overlay-opacity":"","overlay-gradient":""},"tablet":{"background-color":"","background-image":"","background-repeat":"repeat","background-position":"center center","background-size":"auto","background-attachment":"scroll","background-type":"","background-media":"","overlay-type":"","overlay-color":"","overlay-opacity":"","overlay-gradient":""},"mobile":{"background-color":"","background-image":"","background-repeat":"repeat","background-position":"center center","background-size":"auto","background-attachment":"scroll","background-type":"","background-media":"","overlay-type":"","overlay-color":"","overlay-opacity":"","overlay-gradient":""}},"ast-content-background-meta":{"desktop":{"background-color":"var(--ast-global-color-5)","background-image":"","background-repeat":"repeat","background-position":"center center","background-size":"auto","background-attachment":"scroll","background-type":"","background-media":"","overlay-type":"","overlay-color":"","overlay-opacity":"","overlay-gradient":""},"tablet":{"background-color":"var(--ast-global-color-5)","background-image":"","background-repeat":"repeat","background-position":"center center","background-size":"auto","background-attachment":"scroll","background-type":"","background-media":"","overlay-type":"","overlay-color":"","overlay-opacity":"","overlay-gradient":""},"mobile":{"background-color":"var(--ast-global-color-5)","background-image":"","background-repeat":"repeat","background-position":"center center","background-size":"auto","background-attachment":"scroll","background-type":"","background-media":"","overlay-type":"","overlay-color":"","overlay-opacity":"","overlay-gradient":""}},"footnotes":""},"class_list":["post-80079","page","type-page","status-publish","hentry"],"yoast_head":"<!-- This site is optimized with the Yoast SEO plugin v22.4 - https:\/\/yoast.com\/wordpress\/plugins\/seo\/ -->\n<title>Condicions d\u2019\u00fas i Pol\u00edtica de privacitat de l\u2019APP \u201cCOFB, eina treball farmac\u00e8utic\u201d - Col\u00b7legi de Farmac\u00e8utics de Barcelona<\/title>\n<meta name=\"robots\" content=\"index, follow, max-snippet:-1, max-image-preview:large, max-video-preview:-1\" \/>\n<link rel=\"canonical\" href=\"https:\/\/www.cofb.org\/ca\/politica-de-privacitat-i-avis-legal-app-del-cofb\/\" \/>\n<meta property=\"og:locale\" content=\"ca_ES\" \/>\n<meta property=\"og:type\" content=\"article\" \/>\n<meta property=\"og:title\" content=\"Condicions d\u2019\u00fas i Pol\u00edtica de privacitat de l\u2019APP \u201cCOFB, eina treball farmac\u00e8utic\u201d - Col\u00b7legi de Farmac\u00e8utics de Barcelona\" \/>\n<meta property=\"og:description\" content=\"Identificaci\u00f3 El Col\u00b7legi de Farmac\u00e8utics de la Prov\u00edncia de Barcelona (en endavant COFB o Col\u00b7legi), \u00e9s una corporaci\u00f3 de dret p\u00fablic, registrada en el Registre de Col\u00b7legis Professionals del Departament de Just\u00edcia i Interior de la Generalitat de Catalunya, \u00e9s el responsable del desenvolupament, posada en producci\u00f3 i explotaci\u00f3 de [&hellip;]\" \/>\n<meta property=\"og:url\" content=\"https:\/\/www.cofb.org\/ca\/politica-de-privacitat-i-avis-legal-app-del-cofb\/\" \/>\n<meta property=\"og:site_name\" content=\"Col\u00b7legi de Farmac\u00e8utics de Barcelona\" \/>\n<meta property=\"article:publisher\" content=\"https:\/\/www.facebook.com\/farmaceuticsbcn\/\" \/>\n<meta property=\"article:modified_time\" content=\"2025-01-17T11:01:50+00:00\" \/>\n<meta name=\"twitter:card\" content=\"summary_large_image\" \/>\n<meta name=\"twitter:site\" content=\"@farmaceuticsbcn\" \/>\n<meta name=\"twitter:label1\" content=\"Temps estimat de lectura\" \/>\n\t<meta name=\"twitter:data1\" content=\"7 minuts\" \/>\n<script type=\"application\/ld+json\" class=\"yoast-schema-graph\">{\"@context\":\"https:\/\/schema.org\",\"@graph\":[{\"@type\":\"WebPage\",\"@id\":\"https:\/\/www.cofb.org\/politica-de-privacitat-i-avis-legal-app-del-cofb\/\",\"url\":\"https:\/\/www.cofb.org\/politica-de-privacitat-i-avis-legal-app-del-cofb\/\",\"name\":\"Condicions d\u2019\u00fas i Pol\u00edtica de privacitat de l\u2019APP \u201cCOFB, eina treball farmac\u00e8utic\u201d - Col\u00b7legi de Farmac\u00e8utics de Barcelona\",\"isPartOf\":{\"@id\":\"https:\/\/www.cofb.org\/#website\"},\"datePublished\":\"2024-12-10T10:28:28+00:00\",\"dateModified\":\"2025-01-17T11:01:50+00:00\",\"breadcrumb\":{\"@id\":\"https:\/\/www.cofb.org\/politica-de-privacitat-i-avis-legal-app-del-cofb\/#breadcrumb\"},\"inLanguage\":\"ca\",\"potentialAction\":[{\"@type\":\"ReadAction\",\"target\":[\"https:\/\/www.cofb.org\/politica-de-privacitat-i-avis-legal-app-del-cofb\/\"]}]},{\"@type\":\"BreadcrumbList\",\"@id\":\"https:\/\/www.cofb.org\/politica-de-privacitat-i-avis-legal-app-del-cofb\/#breadcrumb\",\"itemListElement\":[{\"@type\":\"ListItem\",\"position\":1,\"name\":\"Inici\",\"item\":\"https:\/\/novaorg.cofb.net\/\"},{\"@type\":\"ListItem\",\"position\":2,\"name\":\"Condicions d\u2019\u00fas i Pol\u00edtica de privacitat de l\u2019APP \u201cCOFB, eina treball farmac\u00e8utic\u201d\"}]},{\"@type\":\"WebSite\",\"@id\":\"https:\/\/www.cofb.org\/#website\",\"url\":\"https:\/\/www.cofb.org\/\",\"name\":\"Col\u00b7legi de Farmac\u00e8utics de Barcelona\",\"description\":\"\",\"publisher\":{\"@id\":\"https:\/\/www.cofb.org\/#organization\"},\"potentialAction\":[{\"@type\":\"SearchAction\",\"target\":{\"@type\":\"EntryPoint\",\"urlTemplate\":\"https:\/\/www.cofb.org\/?s={search_term_string}\"},\"query-input\":\"required name=search_term_string\"}],\"inLanguage\":\"ca\"},{\"@type\":\"Organization\",\"@id\":\"https:\/\/www.cofb.org\/#organization\",\"name\":\"Col\u00b7legi de Farmac\u00e8utics de Barcelona\",\"url\":\"https:\/\/www.cofb.org\/\",\"logo\":{\"@type\":\"ImageObject\",\"inLanguage\":\"ca\",\"@id\":\"https:\/\/www.cofb.org\/#\/schema\/logo\/image\/\",\"url\":\"https:\/\/www.cofb.org\/wp-content\/uploads\/2023\/11\/cropped-Logotip-COFB.png\",\"contentUrl\":\"https:\/\/www.cofb.org\/wp-content\/uploads\/2023\/11\/cropped-Logotip-COFB.png\",\"width\":500,\"height\":105,\"caption\":\"Col\u00b7legi de Farmac\u00e8utics de Barcelona\"},\"image\":{\"@id\":\"https:\/\/www.cofb.org\/#\/schema\/logo\/image\/\"},\"sameAs\":[\"https:\/\/www.facebook.com\/farmaceuticsbcn\/\",\"https:\/\/twitter.com\/farmaceuticsbcn\",\"https:\/\/www.instagram.com\/farmaceuticsbcn\/\",\"https:\/\/www.linkedin.com\/company\/farmaceuticsbcn\/\"]}]}<\/script>\n<!-- \/ Yoast SEO plugin. -->","yoast_head_json":{"title":"Condicions d\u2019\u00fas i Pol\u00edtica de privacitat de l\u2019APP \u201cCOFB, eina treball farmac\u00e8utic\u201d - Col\u00b7legi de Farmac\u00e8utics de Barcelona","robots":{"index":"index","follow":"follow","max-snippet":"max-snippet:-1","max-image-preview":"max-image-preview:large","max-video-preview":"max-video-preview:-1"},"canonical":"https:\/\/www.cofb.org\/ca\/politica-de-privacitat-i-avis-legal-app-del-cofb\/","og_locale":"ca_ES","og_type":"article","og_title":"Condicions d\u2019\u00fas i Pol\u00edtica de privacitat de l\u2019APP \u201cCOFB, eina treball farmac\u00e8utic\u201d - Col\u00b7legi de Farmac\u00e8utics de Barcelona","og_description":"Identificaci\u00f3 El Col\u00b7legi de Farmac\u00e8utics de la Prov\u00edncia de Barcelona (en endavant COFB o Col\u00b7legi), \u00e9s una corporaci\u00f3 de dret p\u00fablic, registrada en el Registre de Col\u00b7legis Professionals del Departament de Just\u00edcia i Interior de la Generalitat de Catalunya, \u00e9s el responsable del desenvolupament, posada en producci\u00f3 i explotaci\u00f3 de [&hellip;]","og_url":"https:\/\/www.cofb.org\/ca\/politica-de-privacitat-i-avis-legal-app-del-cofb\/","og_site_name":"Col\u00b7legi de Farmac\u00e8utics de Barcelona","article_publisher":"https:\/\/www.facebook.com\/farmaceuticsbcn\/","article_modified_time":"2025-01-17T11:01:50+00:00","twitter_card":"summary_large_image","twitter_site":"@farmaceuticsbcn","twitter_misc":{"Temps estimat de lectura":"7 minuts"},"schema":{"@context":"https:\/\/schema.org","@graph":[{"@type":"WebPage","@id":"https:\/\/www.cofb.org\/politica-de-privacitat-i-avis-legal-app-del-cofb\/","url":"https:\/\/www.cofb.org\/politica-de-privacitat-i-avis-legal-app-del-cofb\/","name":"Condicions d\u2019\u00fas i Pol\u00edtica de privacitat de l\u2019APP \u201cCOFB, eina treball farmac\u00e8utic\u201d - Col\u00b7legi de Farmac\u00e8utics de Barcelona","isPartOf":{"@id":"https:\/\/www.cofb.org\/#website"},"datePublished":"2024-12-10T10:28:28+00:00","dateModified":"2025-01-17T11:01:50+00:00","breadcrumb":{"@id":"https:\/\/www.cofb.org\/politica-de-privacitat-i-avis-legal-app-del-cofb\/#breadcrumb"},"inLanguage":"ca","potentialAction":[{"@type":"ReadAction","target":["https:\/\/www.cofb.org\/politica-de-privacitat-i-avis-legal-app-del-cofb\/"]}]},{"@type":"BreadcrumbList","@id":"https:\/\/www.cofb.org\/politica-de-privacitat-i-avis-legal-app-del-cofb\/#breadcrumb","itemListElement":[{"@type":"ListItem","position":1,"name":"Inici","item":"https:\/\/novaorg.cofb.net\/"},{"@type":"ListItem","position":2,"name":"Condicions d\u2019\u00fas i Pol\u00edtica de privacitat de l\u2019APP \u201cCOFB, eina treball farmac\u00e8utic\u201d"}]},{"@type":"WebSite","@id":"https:\/\/www.cofb.org\/#website","url":"https:\/\/www.cofb.org\/","name":"Col\u00b7legi de Farmac\u00e8utics de Barcelona","description":"","publisher":{"@id":"https:\/\/www.cofb.org\/#organization"},"potentialAction":[{"@type":"SearchAction","target":{"@type":"EntryPoint","urlTemplate":"https:\/\/www.cofb.org\/?s={search_term_string}"},"query-input":"required name=search_term_string"}],"inLanguage":"ca"},{"@type":"Organization","@id":"https:\/\/www.cofb.org\/#organization","name":"Col\u00b7legi de Farmac\u00e8utics de Barcelona","url":"https:\/\/www.cofb.org\/","logo":{"@type":"ImageObject","inLanguage":"ca","@id":"https:\/\/www.cofb.org\/#\/schema\/logo\/image\/","url":"https:\/\/www.cofb.org\/wp-content\/uploads\/2023\/11\/cropped-Logotip-COFB.png","contentUrl":"https:\/\/www.cofb.org\/wp-content\/uploads\/2023\/11\/cropped-Logotip-COFB.png","width":500,"height":105,"caption":"Col\u00b7legi de Farmac\u00e8utics de Barcelona"},"image":{"@id":"https:\/\/www.cofb.org\/#\/schema\/logo\/image\/"},"sameAs":["https:\/\/www.facebook.com\/farmaceuticsbcn\/","https:\/\/twitter.com\/farmaceuticsbcn","https:\/\/www.instagram.com\/farmaceuticsbcn\/","https:\/\/www.linkedin.com\/company\/farmaceuticsbcn\/"]}]}},"uagb_featured_image_src":{"full":false,"thumbnail":false,"medium":false,"medium_large":false,"large":false,"1536x1536":false,"2048x2048":false,"trp-custom-language-flag":false},"uagb_author_info":{"display_name":"Gemma Gonz\u00e1lez","author_link":"https:\/\/www.cofb.org\/ca\/author\/ggonzalez\/"},"uagb_comment_info":0,"uagb_excerpt":"Identificaci\u00f3 El Col\u00b7legi de Farmac\u00e8utics de la Prov\u00edncia de Barcelona (en endavant COFB o Col\u00b7legi), \u00e9s una corporaci\u00f3 de dret p\u00fablic, registrada en el Registre de Col\u00b7legis Professionals del Departament de Just\u00edcia i Interior de la Generalitat de Catalunya, \u00e9s el responsable del desenvolupament, posada en producci\u00f3 i explotaci\u00f3 de [&hellip;]","_links":{"self":[{"href":"https:\/\/www.cofb.org\/ca\/wp-json\/wp\/v2\/pages\/80079","targetHints":{"allow":["GET"]}}],"collection":[{"href":"https:\/\/www.cofb.org\/ca\/wp-json\/wp\/v2\/pages"}],"about":[{"href":"https:\/\/www.cofb.org\/ca\/wp-json\/wp\/v2\/types\/page"}],"author":[{"embeddable":true,"href":"https:\/\/www.cofb.org\/ca\/wp-json\/wp\/v2\/users\/7"}],"replies":[{"embeddable":true,"href":"https:\/\/www.cofb.org\/ca\/wp-json\/wp\/v2\/comments?post=80079"}],"version-history":[{"count":4,"href":"https:\/\/www.cofb.org\/ca\/wp-json\/wp\/v2\/pages\/80079\/revisions"}],"predecessor-version":[{"id":80436,"href":"https:\/\/www.cofb.org\/ca\/wp-json\/wp\/v2\/pages\/80079\/revisions\/80436"}],"wp:attachment":[{"href":"https:\/\/www.cofb.org\/ca\/wp-json\/wp\/v2\/media?parent=80079"}],"curies":[{"name":"wp","href":"https:\/\/api.w.org\/{rel}","templated":true}]}}