{"id":78911,"date":"2024-07-12T07:18:13","date_gmt":"2024-07-12T07:18:13","guid":{"rendered":"https:\/\/www.cofb.org\/?page_id=78911"},"modified":"2024-12-10T14:15:28","modified_gmt":"2024-12-10T14:15:28","slug":"politica-privacitat-app","status":"publish","type":"page","link":"https:\/\/www.cofb.org\/ca\/politica-privacitat-app\/","title":{"rendered":"APPS &#8211; POL\u00cdTICA PRIVACITAT"},"content":{"rendered":"\n<h2>APP Farmaguia &#8211; POL\u00cdTICA PRIVACITAT<\/h2>\n<p>A trav\u00e9s d\u2019aquesta app no s\u2019obtenen dades de car\u00e0cter personal de les persones usu\u00e0ries sense el seu consentiment, ni es cedeixen a tercers.<br>Amb la finalitat d\u2019oferir un millor servei i per facilitar la usabilitat de l\u2019app, es contabilitzen i s\u2019analitzen el nombre de p\u00e0gines visitades, el nombre de les visites i l\u2019activitat de les persones que les visiten, \u00fanicament amb finalitats estad\u00edstiques<br>Tampoc s\u2019utilitzen cookies per recollir informaci\u00f3 de dades de car\u00e0cter personal i no es registren adreces IP. Nom\u00e9s s\u2019utilitzen cookies pr\u00f2pies, de sessi\u00f3, amb finalitat t\u00e8cnica. Els enlla\u00e7os a tercers que t\u00e9 aquesta app que no siguin del COFB tenen unes pol\u00edtiques de privacitat alienes i el COFB no se\u2019n fa responsable.<br>D\u2019acord amb el Reglament del Parlament Europeu i del Consell de Protecci\u00f3 de Dades de 27 d\u2019abril de 2016 I La llei 3\/2018 de 5 de desembre de protecci\u00f3 de dades de car\u00e0cter personal i garantia dels drets digitals es proporciona informaci\u00f3 b\u00e0sica sobre el tractament de les dades:<\/p>\n<h2 class=\"wp-block-heading\">Responsable de tractament:<\/h2>\n<p>El Col\u00b7legi de Farmac\u00e8utics de la Prov\u00edncia de Barcelona \u00e9s el responsable de tractament de la base de dades que es genera amb l&#8217;acc\u00e9s dels usuaris a aquesta app del COFB (Col\u00b7legi de Farmac\u00e8utics de la prov\u00edncia de Barcelona).<\/p>\n<p>Dades del Representant del COFB en aquesta mat\u00e8ria:<br>Sra. Mercedes Gras Balaguer, Gerent:<br>C\/ Girona 64<br>Correu electr\u00f2nic gerencia@cofb.net<br>Tel. 932440719<\/p>\n<h2 class=\"wp-block-heading\">Dades del Delegat de Protecci\u00f3 de Dades:<\/h2>\n<p>Mercedes Gras Balaguer.<br>C\/ Girona 64<br>Correu electr\u00f2nic protecciodades.cofb@cofb.cat<br>Tel. 932440719<\/p>\n<h2 class=\"wp-block-heading\">Finalitat del tractament de les dades:<\/h2>\n<p>Les finalitats pr\u00f2pies del funcionament de l\u2019acc\u00e9s i per a aquelles altres funcions que permetin millorar la prestaci\u00f3 del servei, comunicar incid\u00e8ncies i realitzar acci\u00f3 comercial pr\u00f2pia de la web.<\/p>\n<h2 class=\"wp-block-heading\">Conservaci\u00f3 de la informaci\u00f3:<\/h2>\n<p>La informaci\u00f3 dels accessos es conserva durant 38 mesos.<br>No es produeixen decisions automatitzades, ni cap mena de perfils d\u2019activitat de l\u2019usuari en concret a trav\u00e9s de l\u2019app.<\/p>\n<h2 class=\"wp-block-heading\">Legitimaci\u00f3:<\/h2>\n<p>El Col\u00b7legi ostenta aquesta legitimaci\u00f3 per la seva condici\u00f3 de corporaci\u00f3 de dret p\u00fablic d\u2019acord amb la Llei de Col\u00b7legis professionals, els seus Estatuts, la normativa sobre transpar\u00e8ncia, i el consentiment de l\u2019usuari en accedir a la p\u00e0gina i acceptar els criteris i requisits de navegaci\u00f3.<\/p>\n<h2 class=\"wp-block-heading\">Destinataris:<\/h2>\n<p>No hi ha prevista cap cessi\u00f3 de dades ni transfer\u00e8ncies internacionals de les dades.<\/p>\n<h2 class=\"wp-block-heading\">Exercici de drets:<\/h2>\n<p>L\u2019usuari t\u00e9 dret a l\u2019acc\u00e9s, la rectificaci\u00f3, la cancel\u00b7laci\u00f3, la supressi\u00f3, i portabilitat, aix\u00ed com la limitaci\u00f3 i l\u2019oposici\u00f3, al tractament de les seves dades, a retirar el consentiment prestat amb una comunicaci\u00f3 escrita dirigida al carrer Girona n\u00famero 64, 08009 Barcelona o per correu electr\u00f2nic a l\u2019adre\u00e7a \u201cprotecciodades.cofb@cofb.cat\u201d, i a presentar una reclamaci\u00f3 davant l\u2019autoritat de control l\u2019Autoritat Catalana de Protecci\u00f3 de Dades.<\/p>\n\n\n\n<h2>APP Traductor de s\u00edntomas de salud &#8211; POL\u00cdTICA PRIVACITAT<\/h2>\n<p>A trav\u00e9s d\u2019aquesta app no s\u2019obtenen dades de car\u00e0cter personal de les persones usu\u00e0ries sense el seu consentiment, ni es cedeixen a tercers.<br>Amb la finalitat d\u2019oferir un millor servei i per facilitar la usabilitat de l\u2019app, es contabilitzen i s\u2019analitzen el nombre de p\u00e0gines visitades, el nombre de les visites i l\u2019activitat de les persones que les visiten, \u00fanicament amb finalitats estad\u00edstiques<br>Tampoc s\u2019utilitzen cookies per recollir informaci\u00f3 de dades de car\u00e0cter personal i no es registren adreces IP. Nom\u00e9s s\u2019utilitzen cookies pr\u00f2pies, de sessi\u00f3, amb finalitat t\u00e8cnica. Els enlla\u00e7os a tercers que t\u00e9 aquesta app que no siguin del COFB tenen unes pol\u00edtiques de privacitat alienes i el COFB no se\u2019n fa responsable.<br>D\u2019acord amb el Reglament del Parlament Europeu i del Consell de Protecci\u00f3 de Dades de 27 d\u2019abril de 2016 I La llei 3\/2018 de 5 de desembre de protecci\u00f3 de dades de car\u00e0cter personal i garantia dels drets digitals es proporciona informaci\u00f3 b\u00e0sica sobre el tractament de les dades:<\/p>\n<h2 class=\"wp-block-heading\">Responsable de tractament:<\/h2>\n<p>El Col\u00b7legi de Farmac\u00e8utics de la Prov\u00edncia de Barcelona \u00e9s el responsable de tractament de la base de dades que es genera amb l&#8217;acc\u00e9s dels usuaris a aquesta app del COFB (Col\u00b7legi de Farmac\u00e8utics de la prov\u00edncia de Barcelona).<\/p>\n<p>Dades del Representant del COFB en aquesta mat\u00e8ria:<br>Sra. Mercedes Gras Balaguer, Gerent:<br>C\/ Girona 64<br>Correu electr\u00f2nic gerencia@cofb.net<br>Tel. 932440719<\/p>\n<h2 class=\"wp-block-heading\">Dades del Delegat de Protecci\u00f3 de Dades:<\/h2>\n<p>Mercedes Gras Balaguer.<br>C\/ Girona 64<br>Correu electr\u00f2nic protecciodades.cofb@cofb.cat<br>Tel. 932440719<\/p>\n<h2 class=\"wp-block-heading\">Finalitat del tractament de les dades:<\/h2>\n<p>Les finalitats pr\u00f2pies del funcionament de l\u2019acc\u00e9s i per a aquelles altres funcions que permetin millorar la prestaci\u00f3 del servei, comunicar incid\u00e8ncies i realitzar acci\u00f3 comercial pr\u00f2pia de la web.<\/p>\n<h2 class=\"wp-block-heading\">Conservaci\u00f3 de la informaci\u00f3:<\/h2>\n<p>La informaci\u00f3 dels accessos es conserva durant 38 mesos.<br>No es produeixen decisions automatitzades, ni cap mena de perfils d\u2019activitat de l\u2019usuari en concret a trav\u00e9s de l\u2019app.<\/p>\n<h2 class=\"wp-block-heading\">Legitimaci\u00f3:<\/h2>\n<p>El Col\u00b7legi ostenta aquesta legitimaci\u00f3 per la seva condici\u00f3 de corporaci\u00f3 de dret p\u00fablic d\u2019acord amb la Llei de Col\u00b7legis professionals, els seus Estatuts, la normativa sobre transpar\u00e8ncia, i el consentiment de l\u2019usuari en accedir a la p\u00e0gina i acceptar els criteris i requisits de navegaci\u00f3.<\/p>\n<h2 class=\"wp-block-heading\">Destinataris:<\/h2>\n<p>No hi ha prevista cap cessi\u00f3 de dades ni transfer\u00e8ncies internacionals de les dades.<\/p>\n<h2 class=\"wp-block-heading\">Exercici de drets:<\/h2>\n<p>L\u2019usuari t\u00e9 dret a l\u2019acc\u00e9s, la rectificaci\u00f3, la cancel\u00b7laci\u00f3, la supressi\u00f3, i portabilitat, aix\u00ed com la limitaci\u00f3 i l\u2019oposici\u00f3, al tractament de les seves dades, a retirar el consentiment prestat amb una comunicaci\u00f3 escrita dirigida al carrer Girona n\u00famero 64, 08009 Barcelona o per correu electr\u00f2nic a l\u2019adre\u00e7a \u201cprotecciodades.cofb@cofb.cat\u201d, i a presentar una reclamaci\u00f3 davant l\u2019autoritat de control l\u2019Autoritat Catalana de Protecci\u00f3 de Dades.<\/p>\n\n\n\n<h2>APP Comunicacions Push &#8211; POL\u00cdTICA PRIVACITAT<\/h2>\n<p>A trav\u00e9s d\u2019aquesta app no s\u2019obtenen dades de car\u00e0cter personal de les persones usu\u00e0ries sense el seu consentiment, ni es cedeixen a tercers.<br>Amb la finalitat d\u2019oferir un millor servei i per facilitar la usabilitat de l\u2019app, es contabilitzen i s\u2019analitzen el nombre de p\u00e0gines visitades, el nombre de les visites i l\u2019activitat de les persones que les visiten, \u00fanicament amb finalitats estad\u00edstiques<br>Tampoc s\u2019utilitzen cookies per recollir informaci\u00f3 de dades de car\u00e0cter personal i no es registren adreces IP. Nom\u00e9s s\u2019utilitzen cookies pr\u00f2pies, de sessi\u00f3, amb finalitat t\u00e8cnica. Els enlla\u00e7os a tercers que t\u00e9 aquesta app que no siguin del COFB tenen unes pol\u00edtiques de privacitat alienes i el COFB no se\u2019n fa responsable.<br>D\u2019acord amb el Reglament del Parlament Europeu i del Consell de Protecci\u00f3 de Dades de 27 d\u2019abril de 2016 I La llei 3\/2018 de 5 de desembre de protecci\u00f3 de dades de car\u00e0cter personal i garantia dels drets digitals es proporciona informaci\u00f3 b\u00e0sica sobre el tractament de les dades:<\/p>\n<h2 class=\"wp-block-heading\">Responsable de tractament:<\/h2>\n<p>El Col\u00b7legi de Farmac\u00e8utics de la Prov\u00edncia de Barcelona \u00e9s el responsable de tractament de la base de dades que es genera amb l&#8217;acc\u00e9s dels usuaris a aquesta app del COFB (Col\u00b7legi de Farmac\u00e8utics de la prov\u00edncia de Barcelona).<\/p>\n<p>Dades del Representant del COFB en aquesta mat\u00e8ria:<br>Sra. Mercedes Gras Balaguer, Gerent:<br>C\/ Girona 64<br>Correu electr\u00f2nic gerencia@cofb.net<br>Tel. 932440719<\/p>\n<h2 class=\"wp-block-heading\">Dades del Delegat de Protecci\u00f3 de Dades:<\/h2>\n<p>Mercedes Gras Balaguer.<br>C\/ Girona 64<br>Correu electr\u00f2nic protecciodades.cofb@cofb.cat<br>Tel. 932440719<\/p>\n<h2 class=\"wp-block-heading\">Finalitat del tractament de les dades:<\/h2>\n<p>Les finalitats pr\u00f2pies del funcionament de l\u2019acc\u00e9s i per a aquelles altres funcions que permetin millorar la prestaci\u00f3 del servei, comunicar incid\u00e8ncies i realitzar acci\u00f3 comercial pr\u00f2pia de la web.<\/p>\n<h2 class=\"wp-block-heading\">Conservaci\u00f3 de la informaci\u00f3:<\/h2>\n<p>La informaci\u00f3 dels accessos es conserva durant 38 mesos.<br>No es produeixen decisions automatitzades, ni cap mena de perfils d\u2019activitat de l\u2019usuari en concret a trav\u00e9s de l\u2019app.<\/p>\n<h2 class=\"wp-block-heading\">Legitimaci\u00f3:<\/h2>\n<p>El Col\u00b7legi ostenta aquesta legitimaci\u00f3 per la seva condici\u00f3 de corporaci\u00f3 de dret p\u00fablic d\u2019acord amb la Llei de Col\u00b7legis professionals, els seus Estatuts, la normativa sobre transpar\u00e8ncia, i el consentiment de l\u2019usuari en accedir a la p\u00e0gina i acceptar els criteris i requisits de navegaci\u00f3.<\/p>\n<h2 class=\"wp-block-heading\">Destinataris:<\/h2>\n<p>No hi ha prevista cap cessi\u00f3 de dades ni transfer\u00e8ncies internacionals de les dades.<\/p>\n<h2 class=\"wp-block-heading\">Exercici de drets:<\/h2>\n<p>L\u2019usuari t\u00e9 dret a l\u2019acc\u00e9s, la rectificaci\u00f3, la cancel\u00b7laci\u00f3, la supressi\u00f3, i portabilitat, aix\u00ed com la limitaci\u00f3 i l\u2019oposici\u00f3, al tractament de les seves dades, a retirar el consentiment prestat amb una comunicaci\u00f3 escrita dirigida al carrer Girona n\u00famero 64, 08009 Barcelona o per correu electr\u00f2nic a l\u2019adre\u00e7a \u201cprotecciodades.cofb@cofb.cat\u201d, i a presentar una reclamaci\u00f3 davant l\u2019autoritat de control l\u2019Autoritat Catalana de Protecci\u00f3 de Dades.<\/p>\n","protected":false},"excerpt":{"rendered":"<p>APP Farmaguia &#8211; POL\u00cdTICA PRIVACITAT A trav\u00e9s d\u2019aquesta app no s\u2019obtenen dades de car\u00e0cter personal de les persones usu\u00e0ries sense el seu consentiment, ni es cedeixen a tercers.Amb la finalitat d\u2019oferir un millor servei i per facilitar la usabilitat de l\u2019app, es contabilitzen i s\u2019analitzen el nombre de p\u00e0gines visitades, [&hellip;]<\/p>\n","protected":false},"author":7,"featured_media":0,"parent":0,"menu_order":0,"comment_status":"closed","ping_status":"closed","template":"","meta":{"_uag_custom_page_level_css":"","site-sidebar-layout":"no-sidebar","site-content-layout":"","ast-site-content-layout":"default","site-content-style":"default","site-sidebar-style":"default","ast-global-header-display":"","ast-banner-title-visibility":"","ast-main-header-display":"","ast-hfb-above-header-display":"","ast-hfb-below-header-display":"","ast-hfb-mobile-header-display":"","site-post-title":"","ast-breadcrumbs-content":"","ast-featured-img":"","footer-sml-layout":"","theme-transparent-header-meta":"","adv-header-id-meta":"","stick-header-meta":"","header-above-stick-meta":"","header-main-stick-meta":"","header-below-stick-meta":"","astra-migrate-meta-layouts":"set","ast-page-background-enabled":"default","ast-page-background-meta":{"desktop":{"background-color":"var(--ast-global-color-4)","background-image":"","background-repeat":"repeat","background-position":"center center","background-size":"auto","background-attachment":"scroll","background-type":"","background-media":"","overlay-type":"","overlay-color":"","overlay-opacity":"","overlay-gradient":""},"tablet":{"background-color":"","background-image":"","background-repeat":"repeat","background-position":"center center","background-size":"auto","background-attachment":"scroll","background-type":"","background-media":"","overlay-type":"","overlay-color":"","overlay-opacity":"","overlay-gradient":""},"mobile":{"background-color":"","background-image":"","background-repeat":"repeat","background-position":"center center","background-size":"auto","background-attachment":"scroll","background-type":"","background-media":"","overlay-type":"","overlay-color":"","overlay-opacity":"","overlay-gradient":""}},"ast-content-background-meta":{"desktop":{"background-color":"var(--ast-global-color-5)","background-image":"","background-repeat":"repeat","background-position":"center center","background-size":"auto","background-attachment":"scroll","background-type":"","background-media":"","overlay-type":"","overlay-color":"","overlay-opacity":"","overlay-gradient":""},"tablet":{"background-color":"var(--ast-global-color-5)","background-image":"","background-repeat":"repeat","background-position":"center center","background-size":"auto","background-attachment":"scroll","background-type":"","background-media":"","overlay-type":"","overlay-color":"","overlay-opacity":"","overlay-gradient":""},"mobile":{"background-color":"var(--ast-global-color-5)","background-image":"","background-repeat":"repeat","background-position":"center center","background-size":"auto","background-attachment":"scroll","background-type":"","background-media":"","overlay-type":"","overlay-color":"","overlay-opacity":"","overlay-gradient":""}},"footnotes":""},"class_list":["post-78911","page","type-page","status-publish","hentry"],"yoast_head":"<!-- This site is optimized with the Yoast SEO plugin v22.4 - https:\/\/yoast.com\/wordpress\/plugins\/seo\/ -->\n<title>APPS - POL\u00cdTICA PRIVACITAT - Col\u00b7legi de Farmac\u00e8utics de Barcelona<\/title>\n<meta name=\"robots\" content=\"index, follow, max-snippet:-1, max-image-preview:large, max-video-preview:-1\" \/>\n<link rel=\"canonical\" href=\"https:\/\/www.cofb.org\/ca\/politica-privacitat-app\/\" \/>\n<meta property=\"og:locale\" content=\"ca_ES\" \/>\n<meta property=\"og:type\" content=\"article\" \/>\n<meta property=\"og:title\" content=\"APPS - POL\u00cdTICA PRIVACITAT - Col\u00b7legi de Farmac\u00e8utics de Barcelona\" \/>\n<meta property=\"og:description\" content=\"APP Farmaguia &#8211; POL\u00cdTICA PRIVACITAT A trav\u00e9s d\u2019aquesta app no s\u2019obtenen dades de car\u00e0cter personal de les persones usu\u00e0ries sense el seu consentiment, ni es cedeixen a tercers.Amb la finalitat d\u2019oferir un millor servei i per facilitar la usabilitat de l\u2019app, es contabilitzen i s\u2019analitzen el nombre de p\u00e0gines visitades, [&hellip;]\" \/>\n<meta property=\"og:url\" content=\"https:\/\/www.cofb.org\/ca\/politica-privacitat-app\/\" \/>\n<meta property=\"og:site_name\" content=\"Col\u00b7legi de Farmac\u00e8utics de Barcelona\" \/>\n<meta property=\"article:publisher\" content=\"https:\/\/www.facebook.com\/farmaceuticsbcn\/\" \/>\n<meta property=\"article:modified_time\" content=\"2024-12-10T14:15:28+00:00\" \/>\n<meta name=\"twitter:card\" content=\"summary_large_image\" \/>\n<meta name=\"twitter:site\" content=\"@farmaceuticsbcn\" \/>\n<meta name=\"twitter:label1\" content=\"Temps estimat de lectura\" \/>\n\t<meta name=\"twitter:data1\" content=\"8 minuts\" \/>\n<script type=\"application\/ld+json\" class=\"yoast-schema-graph\">{\"@context\":\"https:\/\/schema.org\",\"@graph\":[{\"@type\":\"WebPage\",\"@id\":\"https:\/\/www.cofb.org\/politica-privacitat-app\/\",\"url\":\"https:\/\/www.cofb.org\/politica-privacitat-app\/\",\"name\":\"APPS - POL\u00cdTICA PRIVACITAT - Col\u00b7legi de Farmac\u00e8utics de Barcelona\",\"isPartOf\":{\"@id\":\"https:\/\/www.cofb.org\/#website\"},\"datePublished\":\"2024-07-12T07:18:13+00:00\",\"dateModified\":\"2024-12-10T14:15:28+00:00\",\"breadcrumb\":{\"@id\":\"https:\/\/www.cofb.org\/politica-privacitat-app\/#breadcrumb\"},\"inLanguage\":\"ca\",\"potentialAction\":[{\"@type\":\"ReadAction\",\"target\":[\"https:\/\/www.cofb.org\/politica-privacitat-app\/\"]}]},{\"@type\":\"BreadcrumbList\",\"@id\":\"https:\/\/www.cofb.org\/politica-privacitat-app\/#breadcrumb\",\"itemListElement\":[{\"@type\":\"ListItem\",\"position\":1,\"name\":\"Inici\",\"item\":\"https:\/\/novaorg.cofb.net\/\"},{\"@type\":\"ListItem\",\"position\":2,\"name\":\"APPS &#8211; POL\u00cdTICA PRIVACITAT\"}]},{\"@type\":\"WebSite\",\"@id\":\"https:\/\/www.cofb.org\/#website\",\"url\":\"https:\/\/www.cofb.org\/\",\"name\":\"Col\u00b7legi de Farmac\u00e8utics de Barcelona\",\"description\":\"\",\"publisher\":{\"@id\":\"https:\/\/www.cofb.org\/#organization\"},\"potentialAction\":[{\"@type\":\"SearchAction\",\"target\":{\"@type\":\"EntryPoint\",\"urlTemplate\":\"https:\/\/www.cofb.org\/?s={search_term_string}\"},\"query-input\":\"required name=search_term_string\"}],\"inLanguage\":\"ca\"},{\"@type\":\"Organization\",\"@id\":\"https:\/\/www.cofb.org\/#organization\",\"name\":\"Col\u00b7legi de Farmac\u00e8utics de Barcelona\",\"url\":\"https:\/\/www.cofb.org\/\",\"logo\":{\"@type\":\"ImageObject\",\"inLanguage\":\"ca\",\"@id\":\"https:\/\/www.cofb.org\/#\/schema\/logo\/image\/\",\"url\":\"https:\/\/www.cofb.org\/wp-content\/uploads\/2023\/11\/cropped-Logotip-COFB.png\",\"contentUrl\":\"https:\/\/www.cofb.org\/wp-content\/uploads\/2023\/11\/cropped-Logotip-COFB.png\",\"width\":500,\"height\":105,\"caption\":\"Col\u00b7legi de Farmac\u00e8utics de Barcelona\"},\"image\":{\"@id\":\"https:\/\/www.cofb.org\/#\/schema\/logo\/image\/\"},\"sameAs\":[\"https:\/\/www.facebook.com\/farmaceuticsbcn\/\",\"https:\/\/twitter.com\/farmaceuticsbcn\",\"https:\/\/www.instagram.com\/farmaceuticsbcn\/\",\"https:\/\/www.linkedin.com\/company\/farmaceuticsbcn\/\"]}]}<\/script>\n<!-- \/ Yoast SEO plugin. -->","yoast_head_json":{"title":"APPS - POL\u00cdTICA PRIVACITAT - Col\u00b7legi de Farmac\u00e8utics de Barcelona","robots":{"index":"index","follow":"follow","max-snippet":"max-snippet:-1","max-image-preview":"max-image-preview:large","max-video-preview":"max-video-preview:-1"},"canonical":"https:\/\/www.cofb.org\/ca\/politica-privacitat-app\/","og_locale":"ca_ES","og_type":"article","og_title":"APPS - POL\u00cdTICA PRIVACITAT - Col\u00b7legi de Farmac\u00e8utics de Barcelona","og_description":"APP Farmaguia &#8211; POL\u00cdTICA PRIVACITAT A trav\u00e9s d\u2019aquesta app no s\u2019obtenen dades de car\u00e0cter personal de les persones usu\u00e0ries sense el seu consentiment, ni es cedeixen a tercers.Amb la finalitat d\u2019oferir un millor servei i per facilitar la usabilitat de l\u2019app, es contabilitzen i s\u2019analitzen el nombre de p\u00e0gines visitades, [&hellip;]","og_url":"https:\/\/www.cofb.org\/ca\/politica-privacitat-app\/","og_site_name":"Col\u00b7legi de Farmac\u00e8utics de Barcelona","article_publisher":"https:\/\/www.facebook.com\/farmaceuticsbcn\/","article_modified_time":"2024-12-10T14:15:28+00:00","twitter_card":"summary_large_image","twitter_site":"@farmaceuticsbcn","twitter_misc":{"Temps estimat de lectura":"8 minuts"},"schema":{"@context":"https:\/\/schema.org","@graph":[{"@type":"WebPage","@id":"https:\/\/www.cofb.org\/politica-privacitat-app\/","url":"https:\/\/www.cofb.org\/politica-privacitat-app\/","name":"APPS - POL\u00cdTICA PRIVACITAT - Col\u00b7legi de Farmac\u00e8utics de Barcelona","isPartOf":{"@id":"https:\/\/www.cofb.org\/#website"},"datePublished":"2024-07-12T07:18:13+00:00","dateModified":"2024-12-10T14:15:28+00:00","breadcrumb":{"@id":"https:\/\/www.cofb.org\/politica-privacitat-app\/#breadcrumb"},"inLanguage":"ca","potentialAction":[{"@type":"ReadAction","target":["https:\/\/www.cofb.org\/politica-privacitat-app\/"]}]},{"@type":"BreadcrumbList","@id":"https:\/\/www.cofb.org\/politica-privacitat-app\/#breadcrumb","itemListElement":[{"@type":"ListItem","position":1,"name":"Inici","item":"https:\/\/novaorg.cofb.net\/"},{"@type":"ListItem","position":2,"name":"APPS &#8211; POL\u00cdTICA PRIVACITAT"}]},{"@type":"WebSite","@id":"https:\/\/www.cofb.org\/#website","url":"https:\/\/www.cofb.org\/","name":"Col\u00b7legi de Farmac\u00e8utics de Barcelona","description":"","publisher":{"@id":"https:\/\/www.cofb.org\/#organization"},"potentialAction":[{"@type":"SearchAction","target":{"@type":"EntryPoint","urlTemplate":"https:\/\/www.cofb.org\/?s={search_term_string}"},"query-input":"required name=search_term_string"}],"inLanguage":"ca"},{"@type":"Organization","@id":"https:\/\/www.cofb.org\/#organization","name":"Col\u00b7legi de Farmac\u00e8utics de Barcelona","url":"https:\/\/www.cofb.org\/","logo":{"@type":"ImageObject","inLanguage":"ca","@id":"https:\/\/www.cofb.org\/#\/schema\/logo\/image\/","url":"https:\/\/www.cofb.org\/wp-content\/uploads\/2023\/11\/cropped-Logotip-COFB.png","contentUrl":"https:\/\/www.cofb.org\/wp-content\/uploads\/2023\/11\/cropped-Logotip-COFB.png","width":500,"height":105,"caption":"Col\u00b7legi de Farmac\u00e8utics de Barcelona"},"image":{"@id":"https:\/\/www.cofb.org\/#\/schema\/logo\/image\/"},"sameAs":["https:\/\/www.facebook.com\/farmaceuticsbcn\/","https:\/\/twitter.com\/farmaceuticsbcn","https:\/\/www.instagram.com\/farmaceuticsbcn\/","https:\/\/www.linkedin.com\/company\/farmaceuticsbcn\/"]}]}},"uagb_featured_image_src":{"full":false,"thumbnail":false,"medium":false,"medium_large":false,"large":false,"1536x1536":false,"2048x2048":false,"trp-custom-language-flag":false},"uagb_author_info":{"display_name":"Gemma Gonz\u00e1lez","author_link":"https:\/\/www.cofb.org\/ca\/author\/ggonzalez\/"},"uagb_comment_info":0,"uagb_excerpt":"APP Farmaguia &#8211; POL\u00cdTICA PRIVACITAT A trav\u00e9s d\u2019aquesta app no s\u2019obtenen dades de car\u00e0cter personal de les persones usu\u00e0ries sense el seu consentiment, ni es cedeixen a tercers.Amb la finalitat d\u2019oferir un millor servei i per facilitar la usabilitat de l\u2019app, es contabilitzen i s\u2019analitzen el nombre de p\u00e0gines visitades, [&hellip;]","_links":{"self":[{"href":"https:\/\/www.cofb.org\/ca\/wp-json\/wp\/v2\/pages\/78911","targetHints":{"allow":["GET"]}}],"collection":[{"href":"https:\/\/www.cofb.org\/ca\/wp-json\/wp\/v2\/pages"}],"about":[{"href":"https:\/\/www.cofb.org\/ca\/wp-json\/wp\/v2\/types\/page"}],"author":[{"embeddable":true,"href":"https:\/\/www.cofb.org\/ca\/wp-json\/wp\/v2\/users\/7"}],"replies":[{"embeddable":true,"href":"https:\/\/www.cofb.org\/ca\/wp-json\/wp\/v2\/comments?post=78911"}],"version-history":[{"count":17,"href":"https:\/\/www.cofb.org\/ca\/wp-json\/wp\/v2\/pages\/78911\/revisions"}],"predecessor-version":[{"id":80085,"href":"https:\/\/www.cofb.org\/ca\/wp-json\/wp\/v2\/pages\/78911\/revisions\/80085"}],"wp:attachment":[{"href":"https:\/\/www.cofb.org\/ca\/wp-json\/wp\/v2\/media?parent=78911"}],"curies":[{"name":"wp","href":"https:\/\/api.w.org\/{rel}","templated":true}]}}