{"id":69564,"date":"2023-11-17T09:37:08","date_gmt":"2023-11-17T09:37:08","guid":{"rendered":"https:\/\/novaorg.cofb.net\/?page_id=69564"},"modified":"2025-07-28T09:11:14","modified_gmt":"2025-07-28T09:11:14","slug":"catsalut","status":"publish","type":"page","link":"https:\/\/www.cofb.org\/ca\/qui-som\/el-collegi\/transparencia\/publicitat-activa\/convenis\/catsalut\/","title":{"rendered":"CatSalut"},"content":{"rendered":"\n<h2 class=\"wp-block-heading\">Concert CCFC &#8211; SCS<\/h2>\n\n\n\n<p id=\"yui_patched_v3_11_0_1_1700213346870_290\"><strong><em>Concert d\u2019atenci\u00f3 farmac\u00e8utica entre el Servei&nbsp;Catal\u00e0 de la Salut i el Consell&nbsp;de Col\u00b7legis Farmac\u00e8utics de&nbsp;Catalunya&nbsp;<\/em><\/strong><\/p>\n\n\n\n<ul class=\"wp-block-list\">\n<li><a rel=\"noreferrer noopener\" href=\"https:\/\/www.cofb.org\/documents\/10136\/1075572\/Text+ref%C3%B3s+Concert+2020_23.04.2021+amb+data_signat.pdf\/0917c1c5-54d8-4ebd-ac90-348a3a860636\" target=\"_blank\">Text ref\u00f3s del Concert d&#8217;Atenci\u00f3 Farmac\u00e8utica. Aquest text agrupa en un \u00fanic document els annexos i convenis vigents del Concert i, per tant, incorpora tamb\u00e9 aquells que s&#8217;han anat signant des del darrer text ref\u00f3s de l&#8217;any 2010. Pel que fa al seu contingut, b\u00e0sicament s&#8217;ha fet una adaptaci\u00f3 de la citaci\u00f3 de les normatives aplicables en aquells casos en qu\u00e8 hi hagut algun canvi<\/a><\/li>\n\n\n\n<li><a rel=\"noreferrer noopener\" href=\"https:\/\/www.cofb.org\/documents\/10136\/1075572\/Conveni+Text+ref%C3%B3s+Octubre+2020_23.04.2021_signat.pdf\/57157ee7-606e-4630-a126-cec0f6139df3\" target=\"_blank\">Conveni d&#8217;acceptaci\u00f3 del text<\/a><\/li>\n<\/ul>\n\n\n\n<h2 class=\"wp-block-heading\">Conveni &#8220;Pilot Programa de detecci\u00f3 preco\u00e7 de c\u00e0ncer de coll uter\u00ed&#8221;<\/h2>\n\n\n\n<ul class=\"wp-block-list\">\n<li><a href=\"https:\/\/www.cofb.org\/wp-content\/uploads\/2025\/07\/Conveni_Programa_pilot_DP_Cancer_Coll_Uteri_2025_VF_signat_signed.pdf\" target=\"_blank\" rel=\"noreferrer noopener\">Conveni de col\u00b7laboraci\u00f3 entre el Servei Catal\u00e0 de la Salut i el Consell de Col\u00b7legis de Farmac\u00e8utics de Catalunya amb l&#8217;objecte de desenvolupar la fase pilot del programa de detecci\u00f3 preco\u00e7 de c\u00e0ncer de coll uter\u00ed mitjan\u00e7ant automostra a les oficines de farm\u00e0cia<\/a><\/li>\n<\/ul>\n\n\n\n<h2 class=\"wp-block-heading\">Conveni de programa &#8220;TAR&#8221; (Test Antig\u00e8nic R\u00e0pid)<\/h2>\n\n\n\n<p id=\"yui_patched_v3_11_0_1_1700213346870_336\"><strong>Conveni CCFC-SCS<\/strong><\/p>\n\n\n\n<ul class=\"wp-block-list\">\n<li><a rel=\"noreferrer noopener\" href=\"https:\/\/www.cofb.org\/documents\/10136\/1068959\/CCFC+TAR+21+VDEF+29.07.21+-+ANNEXES_signat.pdf\/cfc7a537-2de2-47c9-92d7-7a9c838d677d\" target=\"_blank\">Conveni de col\u00b7laboraci\u00f3 entre el Servei Catal\u00e0 de la Salut i el Consell de Col\u00b7legis Farmac\u00e8utics de Catalunya per al desenvolupament del programa de &#8220;TAR&#8221; (Test Antig\u00e8nic R\u00e0pid) voluntari a les oficines de farm\u00e0cia de Catalunya<\/a>&nbsp;<\/li>\n\n\n\n<li><a rel=\"noreferrer noopener\" href=\"https:\/\/www.cofb.org\/documents\/10136\/1068959\/Addenda+TAR+en+centres+educatius+05.10.21_revCCFC_signat.pdf\/31c3dda2-77c1-4c45-900d-f4949eb6bf66\" target=\"_blank\">Addenda reguladora de la segona fase de desenvolupament del programa de &#8220;TAR&#8221; (Test Antig\u00e8nic R\u00e0pid) voluntari a les oficines de farm\u00e0cia de Catalunya, en el marc de col\u00b7laboraci\u00f3 establert entre el Servei Catal\u00e0 de la Salut i el Consell de Col\u00b7legis Farmac\u00e8utics de Catalunya mitjan\u00e7ant el conveni subscrit en data 30 de juliol de 2021<\/a><\/li>\n\n\n\n<li><a rel=\"noreferrer noopener\" href=\"https:\/\/www.cofb.org\/documents\/10136\/1075572\/CCFC+TAR+21+Addenda+2+V_11012022_signat+JC_GC.pdf\/cd46dab2-839d-4cd8-8137-0a0e69387614\" target=\"_blank\">Addenda 2 reguladora&nbsp;de la tercera fase de desenvolupament del programa de &#8220;TAR&#8221; (test antig\u00e8nic r\u00e0pid) a les oficines de farm\u00e0cia de Catalunya, en el marc de&nbsp;col\u00b7laboraci\u00f3 establert entre el Servei Catal\u00e0 de la Salut i el Consell de Col\u00b7legis Farmac\u00e8utics de Catalunya mitjan\u00e7ant el conveni subscrit en data 30 de juliol de 2021<\/a><\/li>\n<\/ul>\n\n\n\n<h2 class=\"wp-block-heading\">Conveni entre el Servei Catal\u00e0 de Salut i el CCFC per al desenvolupament de la campanya &#8220;Mascareta\/Salut&#8221;<\/h2>\n\n\n\n<ul class=\"wp-block-list\">\n<li><a rel=\"noreferrer noopener\" href=\"https:\/\/www.cofb.org\/documents\/10136\/1075572\/Conveni+mascaretes_CCFC_CatSalut_20200421_vdef_signat.pdf\/1ebcbf61-4600-413e-b8f7-c39de2a9f563\" target=\"_blank\">Conveni de col\u00b7laboraci\u00f3 entre el Servei Catal\u00e0 de la Salut i el Consell de Col\u00b7legis de Farmac\u00e8utics de Catalunya (CCFC)&nbsp; per al desenvolupament de la campanya \u201cMascareta \/Salut\u201d<\/a><\/li>\n<\/ul>\n\n\n\n<h2 class=\"wp-block-heading\">Conveni entre CatSalut i CCFC per fomentar el desplegament de l&#8217;atenci\u00f3 farmac\u00e8utica comunit\u00e0ria en el sistema p\u00fablic de salut<\/h2>\n\n\n\n<ul class=\"wp-block-list\">\n<li><a rel=\"noreferrer noopener\" href=\"https:\/\/www.cofb.org\/documents\/10136\/1075572\/20210209_Conveni_collaboracio_desenvolupament_projectes_destinats_foment_AF_sistema_public_salut.pdf\/c76481f7-75e9-4c6f-be08-fd0476d8304b\" target=\"_blank\">Conveni de col\u00b7laboraci\u00f3 entre el Servei Catal\u00e0 de la Salut i el Consell de Col\u00b7legis Farmac\u00e8utics de Catalunya amb l\u2019objecte de desenvolupar projectes destinats a fomentar el desplegament de l\u2019atenci\u00f3 farmac\u00e8utica comunit\u00e0ria en el sistema p\u00fablic de Salut de Catalunya<\/a><\/li>\n<\/ul>\n\n\n\n<h2 class=\"wp-block-heading\">Conveni Servei Personalitzat de Dosificaci\u00f3 (SPD)<\/h2>\n\n\n\n<ul class=\"wp-block-list\">\n<li><a rel=\"noreferrer noopener\" href=\"https:\/\/www.cofb.org\/documents\/10136\/1075572\/20140509_conveni_collaboracio_adhesio_SPD_signat.pdf\/4a9c6301-2de6-4fef-8375-f95e2734b249\" target=\"_blank\">Conveni de col\u00b7laboraci\u00f3 entre el Departament de Salut i el Consell de Col\u00b7legis de Farmac\u00e8utics de Catalunya per a la prestaci\u00f3 del servei professional de seguiment farmacoterap\u00f9tic amb sistemes personalitzats de dosificaci\u00f3<\/a><a href=\"javascript: window.print()\"><\/a><\/li>\n<\/ul>\n","protected":false},"excerpt":{"rendered":"<p>Concert CCFC &#8211; SCS Concert d\u2019atenci\u00f3 farmac\u00e8utica entre el Servei&nbsp;Catal\u00e0 de la Salut i el Consell&nbsp;de Col\u00b7legis Farmac\u00e8utics de&nbsp;Catalunya&nbsp; Conveni &#8220;Pilot Programa de detecci\u00f3 preco\u00e7 de c\u00e0ncer de coll uter\u00ed&#8221; Conveni de programa &#8220;TAR&#8221; (Test Antig\u00e8nic R\u00e0pid) Conveni CCFC-SCS Conveni entre el Servei Catal\u00e0 de Salut i el CCFC per [&hellip;]<\/p>\n","protected":false},"author":1,"featured_media":0,"parent":3006,"menu_order":0,"comment_status":"closed","ping_status":"closed","template":"","meta":{"_uag_custom_page_level_css":"","site-sidebar-layout":"default","site-content-layout":"","ast-site-content-layout":"default","site-content-style":"default","site-sidebar-style":"default","ast-global-header-display":"","ast-banner-title-visibility":"","ast-main-header-display":"","ast-hfb-above-header-display":"","ast-hfb-below-header-display":"","ast-hfb-mobile-header-display":"","site-post-title":"","ast-breadcrumbs-content":"","ast-featured-img":"","footer-sml-layout":"","theme-transparent-header-meta":"","adv-header-id-meta":"","stick-header-meta":"","header-above-stick-meta":"","header-main-stick-meta":"","header-below-stick-meta":"","astra-migrate-meta-layouts":"set","ast-page-background-enabled":"default","ast-page-background-meta":{"desktop":{"background-color":"var(--ast-global-color-4)","background-image":"","background-repeat":"repeat","background-position":"center center","background-size":"auto","background-attachment":"scroll","background-type":"","background-media":"","overlay-type":"","overlay-color":"","overlay-opacity":"","overlay-gradient":""},"tablet":{"background-color":"","background-image":"","background-repeat":"repeat","background-position":"center center","background-size":"auto","background-attachment":"scroll","background-type":"","background-media":"","overlay-type":"","overlay-color":"","overlay-opacity":"","overlay-gradient":""},"mobile":{"background-color":"","background-image":"","background-repeat":"repeat","background-position":"center center","background-size":"auto","background-attachment":"scroll","background-type":"","background-media":"","overlay-type":"","overlay-color":"","overlay-opacity":"","overlay-gradient":""}},"ast-content-background-meta":{"desktop":{"background-color":"var(--ast-global-color-5)","background-image":"","background-repeat":"repeat","background-position":"center center","background-size":"auto","background-attachment":"scroll","background-type":"","background-media":"","overlay-type":"","overlay-color":"","overlay-opacity":"","overlay-gradient":""},"tablet":{"background-color":"var(--ast-global-color-5)","background-image":"","background-repeat":"repeat","background-position":"center center","background-size":"auto","background-attachment":"scroll","background-type":"","background-media":"","overlay-type":"","overlay-color":"","overlay-opacity":"","overlay-gradient":""},"mobile":{"background-color":"var(--ast-global-color-5)","background-image":"","background-repeat":"repeat","background-position":"center center","background-size":"auto","background-attachment":"scroll","background-type":"","background-media":"","overlay-type":"","overlay-color":"","overlay-opacity":"","overlay-gradient":""}},"footnotes":""},"class_list":["post-69564","page","type-page","status-publish","hentry"],"yoast_head":"<!-- This site is optimized with the Yoast SEO plugin v22.4 - https:\/\/yoast.com\/wordpress\/plugins\/seo\/ -->\n<title>CatSalut - Col\u00b7legi de Farmac\u00e8utics de Barcelona<\/title>\n<meta name=\"robots\" content=\"index, follow, max-snippet:-1, max-image-preview:large, max-video-preview:-1\" \/>\n<link rel=\"canonical\" href=\"https:\/\/www.cofb.org\/ca\/qui-som\/el-collegi\/transparencia\/publicitat-activa\/convenis\/catsalut\/\" \/>\n<meta property=\"og:locale\" content=\"ca_ES\" \/>\n<meta property=\"og:type\" content=\"article\" \/>\n<meta property=\"og:title\" content=\"CatSalut - Col\u00b7legi de Farmac\u00e8utics de Barcelona\" \/>\n<meta property=\"og:description\" content=\"Concert CCFC &#8211; SCS Concert d\u2019atenci\u00f3 farmac\u00e8utica entre el Servei&nbsp;Catal\u00e0 de la Salut i el Consell&nbsp;de Col\u00b7legis Farmac\u00e8utics de&nbsp;Catalunya&nbsp; Conveni &#8220;Pilot Programa de detecci\u00f3 preco\u00e7 de c\u00e0ncer de coll uter\u00ed&#8221; Conveni de programa &#8220;TAR&#8221; (Test Antig\u00e8nic R\u00e0pid) Conveni CCFC-SCS Conveni entre el Servei Catal\u00e0 de Salut i el CCFC per [&hellip;]\" \/>\n<meta property=\"og:url\" content=\"https:\/\/www.cofb.org\/ca\/qui-som\/el-collegi\/transparencia\/publicitat-activa\/convenis\/catsalut\/\" \/>\n<meta property=\"og:site_name\" content=\"Col\u00b7legi de Farmac\u00e8utics de Barcelona\" \/>\n<meta property=\"article:publisher\" content=\"https:\/\/www.facebook.com\/farmaceuticsbcn\/\" \/>\n<meta property=\"article:modified_time\" content=\"2025-07-28T09:11:14+00:00\" \/>\n<meta name=\"twitter:card\" content=\"summary_large_image\" \/>\n<meta name=\"twitter:site\" content=\"@farmaceuticsbcn\" \/>\n<meta name=\"twitter:label1\" content=\"Temps estimat de lectura\" \/>\n\t<meta name=\"twitter:data1\" content=\"3 minuts\" \/>\n<script type=\"application\/ld+json\" class=\"yoast-schema-graph\">{\"@context\":\"https:\/\/schema.org\",\"@graph\":[{\"@type\":\"WebPage\",\"@id\":\"https:\/\/www.cofb.org\/qui-som\/el-collegi\/transparencia\/publicitat-activa\/convenis\/catsalut\/\",\"url\":\"https:\/\/www.cofb.org\/qui-som\/el-collegi\/transparencia\/publicitat-activa\/convenis\/catsalut\/\",\"name\":\"CatSalut - Col\u00b7legi de Farmac\u00e8utics de Barcelona\",\"isPartOf\":{\"@id\":\"https:\/\/www.cofb.org\/#website\"},\"datePublished\":\"2023-11-17T09:37:08+00:00\",\"dateModified\":\"2025-07-28T09:11:14+00:00\",\"breadcrumb\":{\"@id\":\"https:\/\/www.cofb.org\/qui-som\/el-collegi\/transparencia\/publicitat-activa\/convenis\/catsalut\/#breadcrumb\"},\"inLanguage\":\"ca\",\"potentialAction\":[{\"@type\":\"ReadAction\",\"target\":[\"https:\/\/www.cofb.org\/qui-som\/el-collegi\/transparencia\/publicitat-activa\/convenis\/catsalut\/\"]}]},{\"@type\":\"BreadcrumbList\",\"@id\":\"https:\/\/www.cofb.org\/qui-som\/el-collegi\/transparencia\/publicitat-activa\/convenis\/catsalut\/#breadcrumb\",\"itemListElement\":[{\"@type\":\"ListItem\",\"position\":1,\"name\":\"Inici\",\"item\":\"https:\/\/novaorg.cofb.net\/\"},{\"@type\":\"ListItem\",\"position\":2,\"name\":\"Qui som?\",\"item\":\"https:\/\/novaorg.cofb.net\/qui-som\/\"},{\"@type\":\"ListItem\",\"position\":3,\"name\":\"El Col\u00b7legi\",\"item\":\"https:\/\/novaorg.cofb.net\/qui-som\/el-collegi\/\"},{\"@type\":\"ListItem\",\"position\":4,\"name\":\"Transpar\u00e8ncia\",\"item\":\"https:\/\/novaorg.cofb.net\/qui-som\/el-collegi\/transparencia\/\"},{\"@type\":\"ListItem\",\"position\":5,\"name\":\"Publicitat activa\",\"item\":\"https:\/\/novaorg.cofb.net\/qui-som\/el-collegi\/transparencia\/publicitat-activa\/\"},{\"@type\":\"ListItem\",\"position\":6,\"name\":\"Convenis\",\"item\":\"https:\/\/www.cofb.org\/qui-som\/el-collegi\/transparencia\/publicitat-activa\/convenis\/\"},{\"@type\":\"ListItem\",\"position\":7,\"name\":\"CatSalut\"}]},{\"@type\":\"WebSite\",\"@id\":\"https:\/\/www.cofb.org\/#website\",\"url\":\"https:\/\/www.cofb.org\/\",\"name\":\"Col\u00b7legi de Farmac\u00e8utics de Barcelona\",\"description\":\"\",\"publisher\":{\"@id\":\"https:\/\/www.cofb.org\/#organization\"},\"potentialAction\":[{\"@type\":\"SearchAction\",\"target\":{\"@type\":\"EntryPoint\",\"urlTemplate\":\"https:\/\/www.cofb.org\/?s={search_term_string}\"},\"query-input\":\"required name=search_term_string\"}],\"inLanguage\":\"ca\"},{\"@type\":\"Organization\",\"@id\":\"https:\/\/www.cofb.org\/#organization\",\"name\":\"Col\u00b7legi de Farmac\u00e8utics de Barcelona\",\"url\":\"https:\/\/www.cofb.org\/\",\"logo\":{\"@type\":\"ImageObject\",\"inLanguage\":\"ca\",\"@id\":\"https:\/\/www.cofb.org\/#\/schema\/logo\/image\/\",\"url\":\"https:\/\/www.cofb.org\/wp-content\/uploads\/2023\/11\/cropped-Logotip-COFB.png\",\"contentUrl\":\"https:\/\/www.cofb.org\/wp-content\/uploads\/2023\/11\/cropped-Logotip-COFB.png\",\"width\":500,\"height\":105,\"caption\":\"Col\u00b7legi de Farmac\u00e8utics de Barcelona\"},\"image\":{\"@id\":\"https:\/\/www.cofb.org\/#\/schema\/logo\/image\/\"},\"sameAs\":[\"https:\/\/www.facebook.com\/farmaceuticsbcn\/\",\"https:\/\/twitter.com\/farmaceuticsbcn\",\"https:\/\/www.instagram.com\/farmaceuticsbcn\/\",\"https:\/\/www.linkedin.com\/company\/farmaceuticsbcn\/\"]}]}<\/script>\n<!-- \/ Yoast SEO plugin. -->","yoast_head_json":{"title":"CatSalut - Col\u00b7legi de Farmac\u00e8utics de Barcelona","robots":{"index":"index","follow":"follow","max-snippet":"max-snippet:-1","max-image-preview":"max-image-preview:large","max-video-preview":"max-video-preview:-1"},"canonical":"https:\/\/www.cofb.org\/ca\/qui-som\/el-collegi\/transparencia\/publicitat-activa\/convenis\/catsalut\/","og_locale":"ca_ES","og_type":"article","og_title":"CatSalut - Col\u00b7legi de Farmac\u00e8utics de Barcelona","og_description":"Concert CCFC &#8211; SCS Concert d\u2019atenci\u00f3 farmac\u00e8utica entre el Servei&nbsp;Catal\u00e0 de la Salut i el Consell&nbsp;de Col\u00b7legis Farmac\u00e8utics de&nbsp;Catalunya&nbsp; Conveni &#8220;Pilot Programa de detecci\u00f3 preco\u00e7 de c\u00e0ncer de coll uter\u00ed&#8221; Conveni de programa &#8220;TAR&#8221; (Test Antig\u00e8nic R\u00e0pid) Conveni CCFC-SCS Conveni entre el Servei Catal\u00e0 de Salut i el CCFC per [&hellip;]","og_url":"https:\/\/www.cofb.org\/ca\/qui-som\/el-collegi\/transparencia\/publicitat-activa\/convenis\/catsalut\/","og_site_name":"Col\u00b7legi de Farmac\u00e8utics de Barcelona","article_publisher":"https:\/\/www.facebook.com\/farmaceuticsbcn\/","article_modified_time":"2025-07-28T09:11:14+00:00","twitter_card":"summary_large_image","twitter_site":"@farmaceuticsbcn","twitter_misc":{"Temps estimat de lectura":"3 minuts"},"schema":{"@context":"https:\/\/schema.org","@graph":[{"@type":"WebPage","@id":"https:\/\/www.cofb.org\/qui-som\/el-collegi\/transparencia\/publicitat-activa\/convenis\/catsalut\/","url":"https:\/\/www.cofb.org\/qui-som\/el-collegi\/transparencia\/publicitat-activa\/convenis\/catsalut\/","name":"CatSalut - Col\u00b7legi de Farmac\u00e8utics de Barcelona","isPartOf":{"@id":"https:\/\/www.cofb.org\/#website"},"datePublished":"2023-11-17T09:37:08+00:00","dateModified":"2025-07-28T09:11:14+00:00","breadcrumb":{"@id":"https:\/\/www.cofb.org\/qui-som\/el-collegi\/transparencia\/publicitat-activa\/convenis\/catsalut\/#breadcrumb"},"inLanguage":"ca","potentialAction":[{"@type":"ReadAction","target":["https:\/\/www.cofb.org\/qui-som\/el-collegi\/transparencia\/publicitat-activa\/convenis\/catsalut\/"]}]},{"@type":"BreadcrumbList","@id":"https:\/\/www.cofb.org\/qui-som\/el-collegi\/transparencia\/publicitat-activa\/convenis\/catsalut\/#breadcrumb","itemListElement":[{"@type":"ListItem","position":1,"name":"Inici","item":"https:\/\/novaorg.cofb.net\/"},{"@type":"ListItem","position":2,"name":"Qui som?","item":"https:\/\/novaorg.cofb.net\/qui-som\/"},{"@type":"ListItem","position":3,"name":"El Col\u00b7legi","item":"https:\/\/novaorg.cofb.net\/qui-som\/el-collegi\/"},{"@type":"ListItem","position":4,"name":"Transpar\u00e8ncia","item":"https:\/\/novaorg.cofb.net\/qui-som\/el-collegi\/transparencia\/"},{"@type":"ListItem","position":5,"name":"Publicitat activa","item":"https:\/\/novaorg.cofb.net\/qui-som\/el-collegi\/transparencia\/publicitat-activa\/"},{"@type":"ListItem","position":6,"name":"Convenis","item":"https:\/\/www.cofb.org\/qui-som\/el-collegi\/transparencia\/publicitat-activa\/convenis\/"},{"@type":"ListItem","position":7,"name":"CatSalut"}]},{"@type":"WebSite","@id":"https:\/\/www.cofb.org\/#website","url":"https:\/\/www.cofb.org\/","name":"Col\u00b7legi de Farmac\u00e8utics de Barcelona","description":"","publisher":{"@id":"https:\/\/www.cofb.org\/#organization"},"potentialAction":[{"@type":"SearchAction","target":{"@type":"EntryPoint","urlTemplate":"https:\/\/www.cofb.org\/?s={search_term_string}"},"query-input":"required name=search_term_string"}],"inLanguage":"ca"},{"@type":"Organization","@id":"https:\/\/www.cofb.org\/#organization","name":"Col\u00b7legi de Farmac\u00e8utics de Barcelona","url":"https:\/\/www.cofb.org\/","logo":{"@type":"ImageObject","inLanguage":"ca","@id":"https:\/\/www.cofb.org\/#\/schema\/logo\/image\/","url":"https:\/\/www.cofb.org\/wp-content\/uploads\/2023\/11\/cropped-Logotip-COFB.png","contentUrl":"https:\/\/www.cofb.org\/wp-content\/uploads\/2023\/11\/cropped-Logotip-COFB.png","width":500,"height":105,"caption":"Col\u00b7legi de Farmac\u00e8utics de Barcelona"},"image":{"@id":"https:\/\/www.cofb.org\/#\/schema\/logo\/image\/"},"sameAs":["https:\/\/www.facebook.com\/farmaceuticsbcn\/","https:\/\/twitter.com\/farmaceuticsbcn","https:\/\/www.instagram.com\/farmaceuticsbcn\/","https:\/\/www.linkedin.com\/company\/farmaceuticsbcn\/"]}]}},"uagb_featured_image_src":{"full":false,"thumbnail":false,"medium":false,"medium_large":false,"large":false,"1536x1536":false,"2048x2048":false,"trp-custom-language-flag":false},"uagb_author_info":{"display_name":"wpAdminCofbOrg","author_link":"https:\/\/www.cofb.org\/ca\/author\/wpadmincofborg\/"},"uagb_comment_info":0,"uagb_excerpt":"Concert CCFC &#8211; SCS Concert d\u2019atenci\u00f3 farmac\u00e8utica entre el Servei&nbsp;Catal\u00e0 de la Salut i el Consell&nbsp;de Col\u00b7legis Farmac\u00e8utics de&nbsp;Catalunya&nbsp; Conveni &#8220;Pilot Programa de detecci\u00f3 preco\u00e7 de c\u00e0ncer de coll uter\u00ed&#8221; Conveni de programa &#8220;TAR&#8221; (Test Antig\u00e8nic R\u00e0pid) Conveni CCFC-SCS Conveni entre el Servei Catal\u00e0 de Salut i el CCFC per [&hellip;]","_links":{"self":[{"href":"https:\/\/www.cofb.org\/ca\/wp-json\/wp\/v2\/pages\/69564","targetHints":{"allow":["GET"]}}],"collection":[{"href":"https:\/\/www.cofb.org\/ca\/wp-json\/wp\/v2\/pages"}],"about":[{"href":"https:\/\/www.cofb.org\/ca\/wp-json\/wp\/v2\/types\/page"}],"author":[{"embeddable":true,"href":"https:\/\/www.cofb.org\/ca\/wp-json\/wp\/v2\/users\/1"}],"replies":[{"embeddable":true,"href":"https:\/\/www.cofb.org\/ca\/wp-json\/wp\/v2\/comments?post=69564"}],"version-history":[{"count":2,"href":"https:\/\/www.cofb.org\/ca\/wp-json\/wp\/v2\/pages\/69564\/revisions"}],"predecessor-version":[{"id":82106,"href":"https:\/\/www.cofb.org\/ca\/wp-json\/wp\/v2\/pages\/69564\/revisions\/82106"}],"up":[{"embeddable":true,"href":"https:\/\/www.cofb.org\/ca\/wp-json\/wp\/v2\/pages\/3006"}],"wp:attachment":[{"href":"https:\/\/www.cofb.org\/ca\/wp-json\/wp\/v2\/media?parent=69564"}],"curies":[{"name":"wp","href":"https:\/\/api.w.org\/{rel}","templated":true}]}}