{"id":69104,"date":"2023-10-11T06:25:15","date_gmt":"2023-10-11T06:25:15","guid":{"rendered":"https:\/\/novaorg.cofb.net\/?page_id=69104"},"modified":"2023-10-11T06:25:15","modified_gmt":"2023-10-11T06:25:15","slug":"collegiacio","status":"publish","type":"page","link":"https:\/\/www.cofb.org\/ca\/qui-som\/el-collegi\/transparencia\/publicitat-activa\/informacio-i-tramits\/collegiacio\/","title":{"rendered":"Col\u00b7legiaci\u00f3"},"content":{"rendered":"\n<h2 class=\"wp-block-heading\">Sol\u00b7licitud per col\u00b7legiar-se<\/h2>\n\n\n\n<p>Per sol\u00b7licitar la col\u00b7legiaci\u00f3<strong>\u00a0<\/strong>l&#8217;interessat ha de presentar una inst\u00e0ncia i acreditar les condicions seg\u00fcents:<\/p>\n\n\n\n<ol class=\"wp-block-list\">\n<li>Tenir la nacionalitat espanyola o la d&#8217;algun dels pa\u00efsos membres de la Uni\u00f3 Europea.<\/li>\n\n\n\n<li>En cas de ser persona estrangera i no pert\u00e0nyer a cap dels&nbsp;pa\u00efsos de la UE, tenir el perm\u00eds de resid\u00e8ncia i\/o de treball.<\/li>\n\n\n\n<li>Ser major d&#8217;edat.<\/li>\n\n\n\n<li>Estar en possessi\u00f3 del t\u00edtol de llicenciat en farm\u00e0cia expedit per l&#8217;Estat espanyol o per un altre Estat, sempre que estigui convenientment homologat o convalidat pel Ministeri d&#8217;Educaci\u00f3 i Ci\u00e8ncia.<\/li>\n\n\n\n<li>Abonar la quota d&#8217;ingr\u00e9s que fixa la Junta General dintre dels pressupostos anuals.<\/li>\n\n\n\n<li>Per al tr\u00e0mit de col\u00b7legiaci\u00f3 \u00e9s obligatori presentar el t\u00edtol de llicenciat en farm\u00e0cia. No obstant aix\u00f2, per agilitar el procediment, provisionalment s&#8217;accepta el resguard de la universitat que \u00e9s justificant d&#8217;haver-ho demanat, sense que aix\u00f2 impliqui que s&#8217;eximeix l&#8217;interessat de la presentaci\u00f3.&nbsp;No caldr\u00e0 la presentaci\u00f3 del t\u00edtol quan el Col\u00b7legi pugui obtenir-lo a trav\u00e9s de la p\u00e0gina&nbsp; de Consulta de T\u00edtols Oficials del Ministeri d&#8217;educaci\u00f3, Cultura i Esport.&nbsp;&nbsp;<\/li>\n\n\n\n<li>Quan l&#8217;interessat prov\u00e9 d&#8217;un altre col\u00b7legi de l&#8217;Estat espanyol, els requisits anteriors tamb\u00e9 s&#8217;han d&#8217;acreditar i aportar un certificat del col\u00b7legi d&#8217;origen assegurant que estava al corrent de pagament de les quotes de col\u00b7legiaci\u00f3 fins a la baixa efectiva.<\/li>\n\n\n\n<li>Els estrangers poden incorporar-se al Col\u00b7legi quan compleixen els requisits per exercir la professi\u00f3 de farmac\u00e8utic en l&#8217;Estat espanyol.<\/li>\n\n\n\n<li>L&#8217;exercici professional est\u00e0 subjecte al r\u00e8gim d&#8217;incompatibilitats que en cada cas estableixen les normatives estatals i auton\u00f2miques que regulen l&#8217;activitat professional.<\/li>\n<\/ol>\n\n\n\n<h2 class=\"wp-block-heading\">Expedient de col\u00b7legiaci\u00f3 <\/h2>\n\n\n\n<p>L&#8217;expedient de col\u00b7legiaci\u00f3 s&#8217;ha de tramitar en un temps no superior a 30 dies h\u00e0bils comptats a partir de la data en qu\u00e8 el sol\u00b7licitant ha aportat la documentaci\u00f3 requerida. Si la sol\u00b7licitud presentada no compleix els requisits establerts o falta algun dels documents preceptius, el Col\u00b7legi enviar\u00e0 una comunicaci\u00f3 a l&#8217;interessat perqu\u00e8 en el termini de 10 dies esmeni els defectes detectats. Al mateix temps l&#8217;advertir\u00e0 que transcorregut el termini citat sense haver-ho fet s&#8217;arxivar\u00e0 l&#8217;expedient sense m\u00e9s tr\u00e0mit. Un cop esmenats els defectes, l&#8217;expedient ser\u00e0 presentat a la Junta de Govern perqu\u00e8 dicti la resoluci\u00f3 corresponent.<\/p>\n\n\n\n<p>La resoluci\u00f3 de la Junta de Govern es comunicar\u00e0 al sol\u00b7licitant en el termini dels cinc dies seg\u00fcents a la data de l&#8217;acord. Si la resoluci\u00f3 fos denegat\u00f2ria, ha d&#8217;estar motivada, amb indicaci\u00f3 dels recursos que s&#8217;hi poden interposar i davant de quin organisme.<\/p>\n\n\n\n<p>La desestimaci\u00f3 de la sol\u00b7licitud de col\u00b7legiaci\u00f3 podr\u00e0 ser fruit d&#8217;un acord per manca dels requisits exigits per les disposicions vigents i per aquests&nbsp;<a href=\"https:\/\/www.cofb.org\/documents\/10136\/13337\/estatuts08.pdf\/d7638dc5-8130-4d34-ac75-2e2c8516cfd6\" target=\"_blank\" rel=\"noreferrer noopener\">Estatuts<\/a>&nbsp;i, a m\u00e9s, per:<\/p>\n\n\n\n<ol class=\"wp-block-list\">\n<li>No haver estat rehabilitat de sancions administratives i\/o penals que impliquin la inhabilitaci\u00f3 professional, sempre que les resolucions que imposin aquestes sancions administratives hagin posat fi a la via administrativa, d&#8217;acord amb el que disposen els articles 23 i 48.4.b) de la Llei 7\/2006.<\/li>\n\n\n\n<li>Incompliment dels requisits legals per a l&#8217;exercici de la professi\u00f3.<\/li>\n\n\n\n<li>Estar en situaci\u00f3 d&#8217;expulsi\u00f3 d&#8217;un altre col\u00b7legi professional.<\/li>\n\n\n\n<li>Tenir un deute pendent amb el Col\u00b7legi per quotes ven\u00e7udes i no abonades. Transcorregut el termini d&#8217;un mes sense que la Junta hagi resolt la petici\u00f3 de col\u00b7legiaci\u00f3, s&#8217;entendr\u00e0 desestimada i quedar\u00e0 oberta la via del recurs corresponent.<\/li>\n<\/ol>\n\n\n\n<p>La incorporaci\u00f3 al Col\u00b7legi comporta l&#8217;alta autom\u00e0tica a la Vocalia corresponent a la modalitat d&#8217;exercici.<\/p>\n","protected":false},"excerpt":{"rendered":"<p>Sol\u00b7licitud per col\u00b7legiar-se Per sol\u00b7licitar la col\u00b7legiaci\u00f3\u00a0l&#8217;interessat ha de presentar una inst\u00e0ncia i acreditar les condicions seg\u00fcents: Expedient de col\u00b7legiaci\u00f3 L&#8217;expedient de col\u00b7legiaci\u00f3 s&#8217;ha de tramitar en un temps no superior a 30 dies h\u00e0bils comptats a partir de la data en qu\u00e8 el sol\u00b7licitant ha aportat la documentaci\u00f3 requerida. [&hellip;]<\/p>\n","protected":false},"author":1,"featured_media":0,"parent":3656,"menu_order":1,"comment_status":"closed","ping_status":"closed","template":"","meta":{"_uag_custom_page_level_css":"","site-sidebar-layout":"default","site-content-layout":"","ast-site-content-layout":"default","site-content-style":"default","site-sidebar-style":"default","ast-global-header-display":"","ast-banner-title-visibility":"","ast-main-header-display":"","ast-hfb-above-header-display":"","ast-hfb-below-header-display":"","ast-hfb-mobile-header-display":"","site-post-title":"","ast-breadcrumbs-content":"","ast-featured-img":"","footer-sml-layout":"","theme-transparent-header-meta":"","adv-header-id-meta":"","stick-header-meta":"","header-above-stick-meta":"","header-main-stick-meta":"","header-below-stick-meta":"","astra-migrate-meta-layouts":"default","ast-page-background-enabled":"default","ast-page-background-meta":{"desktop":{"background-color":"var(--ast-global-color-4)","background-image":"","background-repeat":"repeat","background-position":"center center","background-size":"auto","background-attachment":"scroll","background-type":"","background-media":"","overlay-type":"","overlay-color":"","overlay-opacity":"","overlay-gradient":""},"tablet":{"background-color":"","background-image":"","background-repeat":"repeat","background-position":"center center","background-size":"auto","background-attachment":"scroll","background-type":"","background-media":"","overlay-type":"","overlay-color":"","overlay-opacity":"","overlay-gradient":""},"mobile":{"background-color":"","background-image":"","background-repeat":"repeat","background-position":"center center","background-size":"auto","background-attachment":"scroll","background-type":"","background-media":"","overlay-type":"","overlay-color":"","overlay-opacity":"","overlay-gradient":""}},"ast-content-background-meta":{"desktop":{"background-color":"var(--ast-global-color-5)","background-image":"","background-repeat":"repeat","background-position":"center center","background-size":"auto","background-attachment":"scroll","background-type":"","background-media":"","overlay-type":"","overlay-color":"","overlay-opacity":"","overlay-gradient":""},"tablet":{"background-color":"var(--ast-global-color-5)","background-image":"","background-repeat":"repeat","background-position":"center center","background-size":"auto","background-attachment":"scroll","background-type":"","background-media":"","overlay-type":"","overlay-color":"","overlay-opacity":"","overlay-gradient":""},"mobile":{"background-color":"var(--ast-global-color-5)","background-image":"","background-repeat":"repeat","background-position":"center center","background-size":"auto","background-attachment":"scroll","background-type":"","background-media":"","overlay-type":"","overlay-color":"","overlay-opacity":"","overlay-gradient":""}},"footnotes":""},"class_list":["post-69104","page","type-page","status-publish","hentry"],"yoast_head":"<!-- This site is optimized with the Yoast SEO plugin v22.4 - https:\/\/yoast.com\/wordpress\/plugins\/seo\/ -->\n<title>Col\u00b7legiaci\u00f3 - Col\u00b7legi de Farmac\u00e8utics de Barcelona<\/title>\n<meta name=\"robots\" content=\"index, follow, max-snippet:-1, max-image-preview:large, max-video-preview:-1\" \/>\n<link rel=\"canonical\" href=\"https:\/\/novaorg.cofb.net\/qui-som\/el-collegi\/transparencia\/publicitat-activa\/informacio-i-tramits\/collegiacio\/\" \/>\n<meta property=\"og:locale\" content=\"ca_ES\" \/>\n<meta property=\"og:type\" content=\"article\" \/>\n<meta property=\"og:title\" content=\"Col\u00b7legiaci\u00f3 - Col\u00b7legi de Farmac\u00e8utics de Barcelona\" \/>\n<meta property=\"og:description\" content=\"Sol\u00b7licitud per col\u00b7legiar-se Per sol\u00b7licitar la col\u00b7legiaci\u00f3\u00a0l&#8217;interessat ha de presentar una inst\u00e0ncia i acreditar les condicions seg\u00fcents: Expedient de col\u00b7legiaci\u00f3 L&#8217;expedient de col\u00b7legiaci\u00f3 s&#8217;ha de tramitar en un temps no superior a 30 dies h\u00e0bils comptats a partir de la data en qu\u00e8 el sol\u00b7licitant ha aportat la documentaci\u00f3 requerida. [&hellip;]\" \/>\n<meta property=\"og:url\" content=\"https:\/\/novaorg.cofb.net\/qui-som\/el-collegi\/transparencia\/publicitat-activa\/informacio-i-tramits\/collegiacio\/\" \/>\n<meta property=\"og:site_name\" content=\"Col\u00b7legi de Farmac\u00e8utics de Barcelona\" \/>\n<meta property=\"article:publisher\" content=\"https:\/\/www.facebook.com\/farmaceuticsbcn\/\" \/>\n<meta name=\"twitter:card\" content=\"summary_large_image\" \/>\n<meta name=\"twitter:site\" content=\"@farmaceuticsbcn\" \/>\n<meta name=\"twitter:label1\" content=\"Temps estimat de lectura\" \/>\n\t<meta name=\"twitter:data1\" content=\"3 minuts\" \/>\n<script type=\"application\/ld+json\" class=\"yoast-schema-graph\">{\"@context\":\"https:\/\/schema.org\",\"@graph\":[{\"@type\":\"WebPage\",\"@id\":\"https:\/\/novaorg.cofb.net\/qui-som\/el-collegi\/transparencia\/publicitat-activa\/informacio-i-tramits\/collegiacio\/\",\"url\":\"https:\/\/novaorg.cofb.net\/qui-som\/el-collegi\/transparencia\/publicitat-activa\/informacio-i-tramits\/collegiacio\/\",\"name\":\"Col\u00b7legiaci\u00f3 - Col\u00b7legi de Farmac\u00e8utics de Barcelona\",\"isPartOf\":{\"@id\":\"https:\/\/www.cofb.org\/#website\"},\"datePublished\":\"2023-10-11T06:25:15+00:00\",\"dateModified\":\"2023-10-11T06:25:15+00:00\",\"breadcrumb\":{\"@id\":\"https:\/\/novaorg.cofb.net\/qui-som\/el-collegi\/transparencia\/publicitat-activa\/informacio-i-tramits\/collegiacio\/#breadcrumb\"},\"inLanguage\":\"ca\",\"potentialAction\":[{\"@type\":\"ReadAction\",\"target\":[\"https:\/\/novaorg.cofb.net\/qui-som\/el-collegi\/transparencia\/publicitat-activa\/informacio-i-tramits\/collegiacio\/\"]}]},{\"@type\":\"BreadcrumbList\",\"@id\":\"https:\/\/novaorg.cofb.net\/qui-som\/el-collegi\/transparencia\/publicitat-activa\/informacio-i-tramits\/collegiacio\/#breadcrumb\",\"itemListElement\":[{\"@type\":\"ListItem\",\"position\":1,\"name\":\"Inici\",\"item\":\"https:\/\/novaorg.cofb.net\/\"},{\"@type\":\"ListItem\",\"position\":2,\"name\":\"Qui som?\",\"item\":\"https:\/\/novaorg.cofb.net\/qui-som\/\"},{\"@type\":\"ListItem\",\"position\":3,\"name\":\"El Col\u00b7legi\",\"item\":\"https:\/\/novaorg.cofb.net\/qui-som\/el-collegi\/\"},{\"@type\":\"ListItem\",\"position\":4,\"name\":\"Transpar\u00e8ncia\",\"item\":\"https:\/\/novaorg.cofb.net\/qui-som\/el-collegi\/transparencia\/\"},{\"@type\":\"ListItem\",\"position\":5,\"name\":\"Publicitat activa\",\"item\":\"https:\/\/novaorg.cofb.net\/qui-som\/el-collegi\/transparencia\/publicitat-activa\/\"},{\"@type\":\"ListItem\",\"position\":6,\"name\":\"Informaci\u00f3 i tr\u00e0mits\",\"item\":\"https:\/\/novaorg.cofb.net\/qui-som\/el-collegi\/transparencia\/publicitat-activa\/informacio-i-tramits\/\"},{\"@type\":\"ListItem\",\"position\":7,\"name\":\"Col\u00b7legiaci\u00f3\"}]},{\"@type\":\"WebSite\",\"@id\":\"https:\/\/www.cofb.org\/#website\",\"url\":\"https:\/\/www.cofb.org\/\",\"name\":\"Col\u00b7legi de Farmac\u00e8utics de Barcelona\",\"description\":\"\",\"publisher\":{\"@id\":\"https:\/\/www.cofb.org\/#organization\"},\"potentialAction\":[{\"@type\":\"SearchAction\",\"target\":{\"@type\":\"EntryPoint\",\"urlTemplate\":\"https:\/\/www.cofb.org\/?s={search_term_string}\"},\"query-input\":\"required name=search_term_string\"}],\"inLanguage\":\"ca\"},{\"@type\":\"Organization\",\"@id\":\"https:\/\/www.cofb.org\/#organization\",\"name\":\"Col\u00b7legi de Farmac\u00e8utics de Barcelona\",\"url\":\"https:\/\/www.cofb.org\/\",\"logo\":{\"@type\":\"ImageObject\",\"inLanguage\":\"ca\",\"@id\":\"https:\/\/www.cofb.org\/#\/schema\/logo\/image\/\",\"url\":\"https:\/\/www.cofb.org\/wp-content\/uploads\/2023\/11\/cropped-Logotip-COFB.png\",\"contentUrl\":\"https:\/\/www.cofb.org\/wp-content\/uploads\/2023\/11\/cropped-Logotip-COFB.png\",\"width\":500,\"height\":105,\"caption\":\"Col\u00b7legi de Farmac\u00e8utics de Barcelona\"},\"image\":{\"@id\":\"https:\/\/www.cofb.org\/#\/schema\/logo\/image\/\"},\"sameAs\":[\"https:\/\/www.facebook.com\/farmaceuticsbcn\/\",\"https:\/\/twitter.com\/farmaceuticsbcn\",\"https:\/\/www.instagram.com\/farmaceuticsbcn\/\",\"https:\/\/www.linkedin.com\/company\/farmaceuticsbcn\/\"]}]}<\/script>\n<!-- \/ Yoast SEO plugin. -->","yoast_head_json":{"title":"Col\u00b7legiaci\u00f3 - Col\u00b7legi de Farmac\u00e8utics de Barcelona","robots":{"index":"index","follow":"follow","max-snippet":"max-snippet:-1","max-image-preview":"max-image-preview:large","max-video-preview":"max-video-preview:-1"},"canonical":"https:\/\/novaorg.cofb.net\/qui-som\/el-collegi\/transparencia\/publicitat-activa\/informacio-i-tramits\/collegiacio\/","og_locale":"ca_ES","og_type":"article","og_title":"Col\u00b7legiaci\u00f3 - Col\u00b7legi de Farmac\u00e8utics de Barcelona","og_description":"Sol\u00b7licitud per col\u00b7legiar-se Per sol\u00b7licitar la col\u00b7legiaci\u00f3\u00a0l&#8217;interessat ha de presentar una inst\u00e0ncia i acreditar les condicions seg\u00fcents: Expedient de col\u00b7legiaci\u00f3 L&#8217;expedient de col\u00b7legiaci\u00f3 s&#8217;ha de tramitar en un temps no superior a 30 dies h\u00e0bils comptats a partir de la data en qu\u00e8 el sol\u00b7licitant ha aportat la documentaci\u00f3 requerida. [&hellip;]","og_url":"https:\/\/novaorg.cofb.net\/qui-som\/el-collegi\/transparencia\/publicitat-activa\/informacio-i-tramits\/collegiacio\/","og_site_name":"Col\u00b7legi de Farmac\u00e8utics de Barcelona","article_publisher":"https:\/\/www.facebook.com\/farmaceuticsbcn\/","twitter_card":"summary_large_image","twitter_site":"@farmaceuticsbcn","twitter_misc":{"Temps estimat de lectura":"3 minuts"},"schema":{"@context":"https:\/\/schema.org","@graph":[{"@type":"WebPage","@id":"https:\/\/novaorg.cofb.net\/qui-som\/el-collegi\/transparencia\/publicitat-activa\/informacio-i-tramits\/collegiacio\/","url":"https:\/\/novaorg.cofb.net\/qui-som\/el-collegi\/transparencia\/publicitat-activa\/informacio-i-tramits\/collegiacio\/","name":"Col\u00b7legiaci\u00f3 - Col\u00b7legi de Farmac\u00e8utics de Barcelona","isPartOf":{"@id":"https:\/\/www.cofb.org\/#website"},"datePublished":"2023-10-11T06:25:15+00:00","dateModified":"2023-10-11T06:25:15+00:00","breadcrumb":{"@id":"https:\/\/novaorg.cofb.net\/qui-som\/el-collegi\/transparencia\/publicitat-activa\/informacio-i-tramits\/collegiacio\/#breadcrumb"},"inLanguage":"ca","potentialAction":[{"@type":"ReadAction","target":["https:\/\/novaorg.cofb.net\/qui-som\/el-collegi\/transparencia\/publicitat-activa\/informacio-i-tramits\/collegiacio\/"]}]},{"@type":"BreadcrumbList","@id":"https:\/\/novaorg.cofb.net\/qui-som\/el-collegi\/transparencia\/publicitat-activa\/informacio-i-tramits\/collegiacio\/#breadcrumb","itemListElement":[{"@type":"ListItem","position":1,"name":"Inici","item":"https:\/\/novaorg.cofb.net\/"},{"@type":"ListItem","position":2,"name":"Qui som?","item":"https:\/\/novaorg.cofb.net\/qui-som\/"},{"@type":"ListItem","position":3,"name":"El Col\u00b7legi","item":"https:\/\/novaorg.cofb.net\/qui-som\/el-collegi\/"},{"@type":"ListItem","position":4,"name":"Transpar\u00e8ncia","item":"https:\/\/novaorg.cofb.net\/qui-som\/el-collegi\/transparencia\/"},{"@type":"ListItem","position":5,"name":"Publicitat activa","item":"https:\/\/novaorg.cofb.net\/qui-som\/el-collegi\/transparencia\/publicitat-activa\/"},{"@type":"ListItem","position":6,"name":"Informaci\u00f3 i tr\u00e0mits","item":"https:\/\/novaorg.cofb.net\/qui-som\/el-collegi\/transparencia\/publicitat-activa\/informacio-i-tramits\/"},{"@type":"ListItem","position":7,"name":"Col\u00b7legiaci\u00f3"}]},{"@type":"WebSite","@id":"https:\/\/www.cofb.org\/#website","url":"https:\/\/www.cofb.org\/","name":"Col\u00b7legi de Farmac\u00e8utics de Barcelona","description":"","publisher":{"@id":"https:\/\/www.cofb.org\/#organization"},"potentialAction":[{"@type":"SearchAction","target":{"@type":"EntryPoint","urlTemplate":"https:\/\/www.cofb.org\/?s={search_term_string}"},"query-input":"required name=search_term_string"}],"inLanguage":"ca"},{"@type":"Organization","@id":"https:\/\/www.cofb.org\/#organization","name":"Col\u00b7legi de Farmac\u00e8utics de Barcelona","url":"https:\/\/www.cofb.org\/","logo":{"@type":"ImageObject","inLanguage":"ca","@id":"https:\/\/www.cofb.org\/#\/schema\/logo\/image\/","url":"https:\/\/www.cofb.org\/wp-content\/uploads\/2023\/11\/cropped-Logotip-COFB.png","contentUrl":"https:\/\/www.cofb.org\/wp-content\/uploads\/2023\/11\/cropped-Logotip-COFB.png","width":500,"height":105,"caption":"Col\u00b7legi de Farmac\u00e8utics de Barcelona"},"image":{"@id":"https:\/\/www.cofb.org\/#\/schema\/logo\/image\/"},"sameAs":["https:\/\/www.facebook.com\/farmaceuticsbcn\/","https:\/\/twitter.com\/farmaceuticsbcn","https:\/\/www.instagram.com\/farmaceuticsbcn\/","https:\/\/www.linkedin.com\/company\/farmaceuticsbcn\/"]}]}},"uagb_featured_image_src":{"full":false,"thumbnail":false,"medium":false,"medium_large":false,"large":false,"1536x1536":false,"2048x2048":false,"trp-custom-language-flag":false},"uagb_author_info":{"display_name":"wpAdminCofbOrg","author_link":"https:\/\/www.cofb.org\/ca\/author\/wpadmincofborg\/"},"uagb_comment_info":0,"uagb_excerpt":"Sol\u00b7licitud per col\u00b7legiar-se Per sol\u00b7licitar la col\u00b7legiaci\u00f3\u00a0l&#8217;interessat ha de presentar una inst\u00e0ncia i acreditar les condicions seg\u00fcents: Expedient de col\u00b7legiaci\u00f3 L&#8217;expedient de col\u00b7legiaci\u00f3 s&#8217;ha de tramitar en un temps no superior a 30 dies h\u00e0bils comptats a partir de la data en qu\u00e8 el sol\u00b7licitant ha aportat la documentaci\u00f3 requerida. [&hellip;]","_links":{"self":[{"href":"https:\/\/www.cofb.org\/ca\/wp-json\/wp\/v2\/pages\/69104","targetHints":{"allow":["GET"]}}],"collection":[{"href":"https:\/\/www.cofb.org\/ca\/wp-json\/wp\/v2\/pages"}],"about":[{"href":"https:\/\/www.cofb.org\/ca\/wp-json\/wp\/v2\/types\/page"}],"author":[{"embeddable":true,"href":"https:\/\/www.cofb.org\/ca\/wp-json\/wp\/v2\/users\/1"}],"replies":[{"embeddable":true,"href":"https:\/\/www.cofb.org\/ca\/wp-json\/wp\/v2\/comments?post=69104"}],"version-history":[{"count":1,"href":"https:\/\/www.cofb.org\/ca\/wp-json\/wp\/v2\/pages\/69104\/revisions"}],"predecessor-version":[{"id":69105,"href":"https:\/\/www.cofb.org\/ca\/wp-json\/wp\/v2\/pages\/69104\/revisions\/69105"}],"up":[{"embeddable":true,"href":"https:\/\/www.cofb.org\/ca\/wp-json\/wp\/v2\/pages\/3656"}],"wp:attachment":[{"href":"https:\/\/www.cofb.org\/ca\/wp-json\/wp\/v2\/media?parent=69104"}],"curies":[{"name":"wp","href":"https:\/\/api.w.org\/{rel}","templated":true}]}}