{"id":68535,"date":"2023-09-14T11:09:27","date_gmt":"2023-09-14T11:09:27","guid":{"rendered":"https:\/\/novaorg.cofb.net\/?page_id=68535"},"modified":"2023-09-14T11:10:06","modified_gmt":"2023-09-14T11:10:06","slug":"casos-dexit-formacio","status":"publish","type":"page","link":"https:\/\/www.cofb.org\/ca\/que-oferim\/empreses-entitats\/patrocinis-i-collaboracions\/casos-dexit-formacio\/","title":{"rendered":"Casos d&#8217;\u00e8xit: Formaci\u00f3"},"content":{"rendered":"\n<h2 class=\"wp-block-heading\">Els matins PROA<\/h2>\n\n\n\n<p>Per segon any consecutiu, organitzem un cicle de sessions dirigides a fomentar l\u2019<strong>optimitzaci\u00f3 de l\u2019\u00fas dels antimicrobians<\/strong> a trav\u00e9s de diferents estrat\u00e8gies que afecten a diversos aspectes del tractament i \u00e0mbits de la professi\u00f3. En la primera edici\u00f3 vam centrar la formaci\u00f3 en experi\u00e8ncies pr\u00e0ctiques en l\u2019\u00e0mbit hospitalari i enguany ho farem en les estrat\u00e8gies per millorar de l\u2019\u00fas dels antimicrobians.<\/p>\n\n\n\n<p><strong>Edicions 2021 i 2022 amb el patrocini de: <\/strong><\/p>\n\n\n\n<div class=\"wp-block-uagb-image uagb-block-ab8dd137 wp-block-uagb-image--layout-default wp-block-uagb-image--effect-static wp-block-uagb-image--align-none\"><figure class=\"wp-block-uagb-image__figure\"><img decoding=\"async\" srcset=\"https:\/\/www.cofb.org\/wp-content\/uploads\/2023\/09\/grupo.png \" sizes=\"auto, (max-width: 480px) 150px\" src=\"https:\/\/www.cofb.org\/wp-content\/uploads\/2023\/09\/grupo.png\" alt=\"\" class=\"uag-image-68536\" width=\"310\" height=\"88\" title=\"\" loading=\"lazy\"\/><\/figure><\/div>\n\n\n\n<p><\/p>\n\n\n\n<h2 class=\"wp-block-heading\">Salut mental<\/h2>\n\n\n\n<p>Al llarg de diversos anys acad\u00e8mics hem desenvolupat formacions en format webinar sobre tem\u00e0tiques relacionades amb la <strong>salut mental<\/strong> per fomentar el coneixement i millorar el consell farmac\u00e8utic:<\/p>\n\n\n\n<ul class=\"wp-block-list\">\n<li>Abordatge del pacient psiqui\u00e0tric a la farm\u00e0cia (2018)<\/li>\n\n\n\n<li>Influ\u00e8ncia de la dieta en la prevenci\u00f3 i tractament de les malalties neurol\u00f2giques (2019)<\/li>\n\n\n\n<li>Estr\u00e8s posttraum\u00e0tic i COVID-19. Com ho gestionem a la farm\u00e0cia? (2020)<\/li>\n\n\n\n<li>Pisicobi\u00f2tics: els bacteris que equilibren la salut mental (2020)<\/li>\n\n\n\n<li>Abordatge de la salut mental: amb qu\u00e8 ens estem trobant? (2022)<\/li>\n\n\n\n<li>Trending topics en nutrici\u00f3. De la nutrici\u00f3 a la neuroci\u00e8ncia (2022)<\/li>\n<\/ul>\n\n\n\n<p><strong>Amb el patrocini de:<\/strong><\/p>\n\n\n\n<div class=\"wp-block-uagb-image uagb-block-e2b05efa wp-block-uagb-image--layout-default wp-block-uagb-image--effect-static wp-block-uagb-image--align-none\"><figure class=\"wp-block-uagb-image__figure\"><img decoding=\"async\" srcset=\"https:\/\/www.cofb.org\/wp-content\/uploads\/2023\/09\/neura.png \" sizes=\"auto, (max-width: 480px) 150px\" src=\"https:\/\/www.cofb.org\/wp-content\/uploads\/2023\/09\/neura.png\" alt=\"\" class=\"uag-image-68537\" width=\"308\" height=\"86\" title=\"\" loading=\"lazy\"\/><\/figure><\/div>\n\n\n\n<h2 class=\"wp-block-heading\">\u00c0gora de nutrici\u00f3 i salut<\/h2>\n\n\n\n<p>\u00c9s una \u00e0rea formativa del portal <a href=\"http:\/\/www.agorasanitaria.com\" data-type=\"link\" data-id=\"www.agorasanitaria.com\">www.agorasanitaria.com <\/a>que t\u00e9 per objectiu promoure la formaci\u00f3 i coneixement en temes d\u2019alimentaci\u00f3 i nutrici\u00f3 de l\u2019adult a trav\u00e9s de diferents formats de formaci\u00f3 online. Des dels seus inicis el 2019, s\u2019han publicat m\u00e9s de 50 recursos (infografies, bibliografies, v\u00eddeos i casos pr\u00e0ctics) i s\u2019han format <strong>m\u00e9s de 3.500 farmac\u00e8utics<\/strong> en els cursos d\u2019<strong>alimentaci\u00f3 saludable, disf\u00e0gia i control de pes.<\/strong><\/p>\n\n\n\n<div class=\"wp-block-uagb-image uagb-block-d761a710 wp-block-uagb-image--layout-default wp-block-uagb-image--effect-static wp-block-uagb-image--align-none\"><figure class=\"wp-block-uagb-image__figure\"><img decoding=\"async\" srcset=\"https:\/\/www.cofb.org\/wp-content\/uploads\/2023\/09\/nestle.jpg \" sizes=\"auto, (max-width: 480px) 150px\" src=\"https:\/\/www.cofb.org\/wp-content\/uploads\/2023\/09\/nestle.jpg\" alt=\"\" class=\"uag-image-68538\" width=\"292\" height=\"86\" title=\"\" loading=\"lazy\"\/><\/figure><\/div>\n","protected":false},"excerpt":{"rendered":"<p>Els matins PROA Per segon any consecutiu, organitzem un cicle de sessions dirigides a fomentar l\u2019optimitzaci\u00f3 de l\u2019\u00fas dels antimicrobians a trav\u00e9s de diferents estrat\u00e8gies que afecten a diversos aspectes del tractament i \u00e0mbits de la professi\u00f3. En la primera edici\u00f3 vam centrar la formaci\u00f3 en experi\u00e8ncies pr\u00e0ctiques en l\u2019\u00e0mbit [&hellip;]<\/p>\n","protected":false},"author":1,"featured_media":0,"parent":2965,"menu_order":1,"comment_status":"closed","ping_status":"closed","template":"","meta":{"_uag_custom_page_level_css":"","site-sidebar-layout":"default","site-content-layout":"","ast-site-content-layout":"default","site-content-style":"default","site-sidebar-style":"default","ast-global-header-display":"","ast-banner-title-visibility":"","ast-main-header-display":"","ast-hfb-above-header-display":"","ast-hfb-below-header-display":"","ast-hfb-mobile-header-display":"","site-post-title":"","ast-breadcrumbs-content":"","ast-featured-img":"","footer-sml-layout":"","theme-transparent-header-meta":"","adv-header-id-meta":"","stick-header-meta":"","header-above-stick-meta":"","header-main-stick-meta":"","header-below-stick-meta":"","astra-migrate-meta-layouts":"default","ast-page-background-enabled":"default","ast-page-background-meta":{"desktop":{"background-color":"var(--ast-global-color-4)","background-image":"","background-repeat":"repeat","background-position":"center center","background-size":"auto","background-attachment":"scroll","background-type":"","background-media":"","overlay-type":"","overlay-color":"","overlay-opacity":"","overlay-gradient":""},"tablet":{"background-color":"","background-image":"","background-repeat":"repeat","background-position":"center center","background-size":"auto","background-attachment":"scroll","background-type":"","background-media":"","overlay-type":"","overlay-color":"","overlay-opacity":"","overlay-gradient":""},"mobile":{"background-color":"","background-image":"","background-repeat":"repeat","background-position":"center center","background-size":"auto","background-attachment":"scroll","background-type":"","background-media":"","overlay-type":"","overlay-color":"","overlay-opacity":"","overlay-gradient":""}},"ast-content-background-meta":{"desktop":{"background-color":"var(--ast-global-color-5)","background-image":"","background-repeat":"repeat","background-position":"center center","background-size":"auto","background-attachment":"scroll","background-type":"","background-media":"","overlay-type":"","overlay-color":"","overlay-opacity":"","overlay-gradient":""},"tablet":{"background-color":"var(--ast-global-color-5)","background-image":"","background-repeat":"repeat","background-position":"center center","background-size":"auto","background-attachment":"scroll","background-type":"","background-media":"","overlay-type":"","overlay-color":"","overlay-opacity":"","overlay-gradient":""},"mobile":{"background-color":"var(--ast-global-color-5)","background-image":"","background-repeat":"repeat","background-position":"center center","background-size":"auto","background-attachment":"scroll","background-type":"","background-media":"","overlay-type":"","overlay-color":"","overlay-opacity":"","overlay-gradient":""}},"footnotes":""},"class_list":["post-68535","page","type-page","status-publish","hentry"],"yoast_head":"<!-- This site is optimized with the Yoast SEO plugin v22.4 - https:\/\/yoast.com\/wordpress\/plugins\/seo\/ -->\n<title>Casos d&#039;\u00e8xit: Formaci\u00f3 - Col\u00b7legi de Farmac\u00e8utics de Barcelona<\/title>\n<meta name=\"robots\" content=\"index, follow, max-snippet:-1, max-image-preview:large, max-video-preview:-1\" \/>\n<link rel=\"canonical\" href=\"https:\/\/novaorg.cofb.net\/que-oferim\/empreses-entitats\/patrocinis-i-collaboracions\/casos-dexit-formacio\/\" \/>\n<meta property=\"og:locale\" content=\"ca_ES\" \/>\n<meta property=\"og:type\" content=\"article\" \/>\n<meta property=\"og:title\" content=\"Casos d&#039;\u00e8xit: Formaci\u00f3 - Col\u00b7legi de Farmac\u00e8utics de Barcelona\" \/>\n<meta property=\"og:description\" content=\"Els matins PROA Per segon any consecutiu, organitzem un cicle de sessions dirigides a fomentar l\u2019optimitzaci\u00f3 de l\u2019\u00fas dels antimicrobians a trav\u00e9s de diferents estrat\u00e8gies que afecten a diversos aspectes del tractament i \u00e0mbits de la professi\u00f3. En la primera edici\u00f3 vam centrar la formaci\u00f3 en experi\u00e8ncies pr\u00e0ctiques en l\u2019\u00e0mbit [&hellip;]\" \/>\n<meta property=\"og:url\" content=\"https:\/\/novaorg.cofb.net\/que-oferim\/empreses-entitats\/patrocinis-i-collaboracions\/casos-dexit-formacio\/\" \/>\n<meta property=\"og:site_name\" content=\"Col\u00b7legi de Farmac\u00e8utics de Barcelona\" \/>\n<meta property=\"article:publisher\" content=\"https:\/\/www.facebook.com\/farmaceuticsbcn\/\" \/>\n<meta property=\"article:modified_time\" content=\"2023-09-14T11:10:06+00:00\" \/>\n<meta property=\"og:image\" content=\"https:\/\/novaorg.cofb.net\/wp-content\/uploads\/2023\/09\/grupo.png\" \/>\n<meta name=\"twitter:card\" content=\"summary_large_image\" \/>\n<meta name=\"twitter:site\" content=\"@farmaceuticsbcn\" \/>\n<meta name=\"twitter:label1\" content=\"Temps estimat de lectura\" \/>\n\t<meta name=\"twitter:data1\" content=\"1 minut\" \/>\n<script type=\"application\/ld+json\" class=\"yoast-schema-graph\">{\"@context\":\"https:\/\/schema.org\",\"@graph\":[{\"@type\":\"WebPage\",\"@id\":\"https:\/\/novaorg.cofb.net\/que-oferim\/empreses-entitats\/patrocinis-i-collaboracions\/casos-dexit-formacio\/\",\"url\":\"https:\/\/novaorg.cofb.net\/que-oferim\/empreses-entitats\/patrocinis-i-collaboracions\/casos-dexit-formacio\/\",\"name\":\"Casos d'\u00e8xit: Formaci\u00f3 - Col\u00b7legi de Farmac\u00e8utics de Barcelona\",\"isPartOf\":{\"@id\":\"https:\/\/www.cofb.org\/#website\"},\"primaryImageOfPage\":{\"@id\":\"https:\/\/novaorg.cofb.net\/que-oferim\/empreses-entitats\/patrocinis-i-collaboracions\/casos-dexit-formacio\/#primaryimage\"},\"image\":{\"@id\":\"https:\/\/novaorg.cofb.net\/que-oferim\/empreses-entitats\/patrocinis-i-collaboracions\/casos-dexit-formacio\/#primaryimage\"},\"thumbnailUrl\":\"https:\/\/www.cofb.org\/wp-content\/uploads\/2023\/09\/grupo.png\",\"datePublished\":\"2023-09-14T11:09:27+00:00\",\"dateModified\":\"2023-09-14T11:10:06+00:00\",\"breadcrumb\":{\"@id\":\"https:\/\/novaorg.cofb.net\/que-oferim\/empreses-entitats\/patrocinis-i-collaboracions\/casos-dexit-formacio\/#breadcrumb\"},\"inLanguage\":\"ca\",\"potentialAction\":[{\"@type\":\"ReadAction\",\"target\":[\"https:\/\/novaorg.cofb.net\/que-oferim\/empreses-entitats\/patrocinis-i-collaboracions\/casos-dexit-formacio\/\"]}]},{\"@type\":\"ImageObject\",\"inLanguage\":\"ca\",\"@id\":\"https:\/\/novaorg.cofb.net\/que-oferim\/empreses-entitats\/patrocinis-i-collaboracions\/casos-dexit-formacio\/#primaryimage\",\"url\":\"https:\/\/www.cofb.org\/wp-content\/uploads\/2023\/09\/grupo.png\",\"contentUrl\":\"https:\/\/www.cofb.org\/wp-content\/uploads\/2023\/09\/grupo.png\"},{\"@type\":\"BreadcrumbList\",\"@id\":\"https:\/\/novaorg.cofb.net\/que-oferim\/empreses-entitats\/patrocinis-i-collaboracions\/casos-dexit-formacio\/#breadcrumb\",\"itemListElement\":[{\"@type\":\"ListItem\",\"position\":1,\"name\":\"Inici\",\"item\":\"https:\/\/novaorg.cofb.net\/\"},{\"@type\":\"ListItem\",\"position\":2,\"name\":\"Qu\u00e8 oferim?\",\"item\":\"https:\/\/novaorg.cofb.net\/que-oferim\/\"},{\"@type\":\"ListItem\",\"position\":3,\"name\":\"Empreses\/Entitats\",\"item\":\"https:\/\/novaorg.cofb.net\/que-oferim\/empreses-entitats\/\"},{\"@type\":\"ListItem\",\"position\":4,\"name\":\"Patrocinis i col\u00b7laboracions\",\"item\":\"https:\/\/novaorg.cofb.net\/que-oferim\/empreses-entitats\/patrocinis-i-collaboracions\/\"},{\"@type\":\"ListItem\",\"position\":5,\"name\":\"Casos d&#8217;\u00e8xit: Formaci\u00f3\"}]},{\"@type\":\"WebSite\",\"@id\":\"https:\/\/www.cofb.org\/#website\",\"url\":\"https:\/\/www.cofb.org\/\",\"name\":\"Col\u00b7legi de Farmac\u00e8utics de Barcelona\",\"description\":\"\",\"publisher\":{\"@id\":\"https:\/\/www.cofb.org\/#organization\"},\"potentialAction\":[{\"@type\":\"SearchAction\",\"target\":{\"@type\":\"EntryPoint\",\"urlTemplate\":\"https:\/\/www.cofb.org\/?s={search_term_string}\"},\"query-input\":\"required name=search_term_string\"}],\"inLanguage\":\"ca\"},{\"@type\":\"Organization\",\"@id\":\"https:\/\/www.cofb.org\/#organization\",\"name\":\"Col\u00b7legi de Farmac\u00e8utics de Barcelona\",\"url\":\"https:\/\/www.cofb.org\/\",\"logo\":{\"@type\":\"ImageObject\",\"inLanguage\":\"ca\",\"@id\":\"https:\/\/www.cofb.org\/#\/schema\/logo\/image\/\",\"url\":\"https:\/\/www.cofb.org\/wp-content\/uploads\/2023\/11\/cropped-Logotip-COFB.png\",\"contentUrl\":\"https:\/\/www.cofb.org\/wp-content\/uploads\/2023\/11\/cropped-Logotip-COFB.png\",\"width\":500,\"height\":105,\"caption\":\"Col\u00b7legi de Farmac\u00e8utics de Barcelona\"},\"image\":{\"@id\":\"https:\/\/www.cofb.org\/#\/schema\/logo\/image\/\"},\"sameAs\":[\"https:\/\/www.facebook.com\/farmaceuticsbcn\/\",\"https:\/\/twitter.com\/farmaceuticsbcn\",\"https:\/\/www.instagram.com\/farmaceuticsbcn\/\",\"https:\/\/www.linkedin.com\/company\/farmaceuticsbcn\/\"]}]}<\/script>\n<!-- \/ Yoast SEO plugin. -->","yoast_head_json":{"title":"Casos d'\u00e8xit: Formaci\u00f3 - Col\u00b7legi de Farmac\u00e8utics de Barcelona","robots":{"index":"index","follow":"follow","max-snippet":"max-snippet:-1","max-image-preview":"max-image-preview:large","max-video-preview":"max-video-preview:-1"},"canonical":"https:\/\/novaorg.cofb.net\/que-oferim\/empreses-entitats\/patrocinis-i-collaboracions\/casos-dexit-formacio\/","og_locale":"ca_ES","og_type":"article","og_title":"Casos d'\u00e8xit: Formaci\u00f3 - Col\u00b7legi de Farmac\u00e8utics de Barcelona","og_description":"Els matins PROA Per segon any consecutiu, organitzem un cicle de sessions dirigides a fomentar l\u2019optimitzaci\u00f3 de l\u2019\u00fas dels antimicrobians a trav\u00e9s de diferents estrat\u00e8gies que afecten a diversos aspectes del tractament i \u00e0mbits de la professi\u00f3. En la primera edici\u00f3 vam centrar la formaci\u00f3 en experi\u00e8ncies pr\u00e0ctiques en l\u2019\u00e0mbit [&hellip;]","og_url":"https:\/\/novaorg.cofb.net\/que-oferim\/empreses-entitats\/patrocinis-i-collaboracions\/casos-dexit-formacio\/","og_site_name":"Col\u00b7legi de Farmac\u00e8utics de Barcelona","article_publisher":"https:\/\/www.facebook.com\/farmaceuticsbcn\/","article_modified_time":"2023-09-14T11:10:06+00:00","og_image":[{"url":"https:\/\/novaorg.cofb.net\/wp-content\/uploads\/2023\/09\/grupo.png"}],"twitter_card":"summary_large_image","twitter_site":"@farmaceuticsbcn","twitter_misc":{"Temps estimat de lectura":"1 minut"},"schema":{"@context":"https:\/\/schema.org","@graph":[{"@type":"WebPage","@id":"https:\/\/novaorg.cofb.net\/que-oferim\/empreses-entitats\/patrocinis-i-collaboracions\/casos-dexit-formacio\/","url":"https:\/\/novaorg.cofb.net\/que-oferim\/empreses-entitats\/patrocinis-i-collaboracions\/casos-dexit-formacio\/","name":"Casos d'\u00e8xit: Formaci\u00f3 - Col\u00b7legi de Farmac\u00e8utics de Barcelona","isPartOf":{"@id":"https:\/\/www.cofb.org\/#website"},"primaryImageOfPage":{"@id":"https:\/\/novaorg.cofb.net\/que-oferim\/empreses-entitats\/patrocinis-i-collaboracions\/casos-dexit-formacio\/#primaryimage"},"image":{"@id":"https:\/\/novaorg.cofb.net\/que-oferim\/empreses-entitats\/patrocinis-i-collaboracions\/casos-dexit-formacio\/#primaryimage"},"thumbnailUrl":"https:\/\/www.cofb.org\/wp-content\/uploads\/2023\/09\/grupo.png","datePublished":"2023-09-14T11:09:27+00:00","dateModified":"2023-09-14T11:10:06+00:00","breadcrumb":{"@id":"https:\/\/novaorg.cofb.net\/que-oferim\/empreses-entitats\/patrocinis-i-collaboracions\/casos-dexit-formacio\/#breadcrumb"},"inLanguage":"ca","potentialAction":[{"@type":"ReadAction","target":["https:\/\/novaorg.cofb.net\/que-oferim\/empreses-entitats\/patrocinis-i-collaboracions\/casos-dexit-formacio\/"]}]},{"@type":"ImageObject","inLanguage":"ca","@id":"https:\/\/novaorg.cofb.net\/que-oferim\/empreses-entitats\/patrocinis-i-collaboracions\/casos-dexit-formacio\/#primaryimage","url":"https:\/\/www.cofb.org\/wp-content\/uploads\/2023\/09\/grupo.png","contentUrl":"https:\/\/www.cofb.org\/wp-content\/uploads\/2023\/09\/grupo.png"},{"@type":"BreadcrumbList","@id":"https:\/\/novaorg.cofb.net\/que-oferim\/empreses-entitats\/patrocinis-i-collaboracions\/casos-dexit-formacio\/#breadcrumb","itemListElement":[{"@type":"ListItem","position":1,"name":"Inici","item":"https:\/\/novaorg.cofb.net\/"},{"@type":"ListItem","position":2,"name":"Qu\u00e8 oferim?","item":"https:\/\/novaorg.cofb.net\/que-oferim\/"},{"@type":"ListItem","position":3,"name":"Empreses\/Entitats","item":"https:\/\/novaorg.cofb.net\/que-oferim\/empreses-entitats\/"},{"@type":"ListItem","position":4,"name":"Patrocinis i col\u00b7laboracions","item":"https:\/\/novaorg.cofb.net\/que-oferim\/empreses-entitats\/patrocinis-i-collaboracions\/"},{"@type":"ListItem","position":5,"name":"Casos d&#8217;\u00e8xit: Formaci\u00f3"}]},{"@type":"WebSite","@id":"https:\/\/www.cofb.org\/#website","url":"https:\/\/www.cofb.org\/","name":"Col\u00b7legi de Farmac\u00e8utics de Barcelona","description":"","publisher":{"@id":"https:\/\/www.cofb.org\/#organization"},"potentialAction":[{"@type":"SearchAction","target":{"@type":"EntryPoint","urlTemplate":"https:\/\/www.cofb.org\/?s={search_term_string}"},"query-input":"required name=search_term_string"}],"inLanguage":"ca"},{"@type":"Organization","@id":"https:\/\/www.cofb.org\/#organization","name":"Col\u00b7legi de Farmac\u00e8utics de Barcelona","url":"https:\/\/www.cofb.org\/","logo":{"@type":"ImageObject","inLanguage":"ca","@id":"https:\/\/www.cofb.org\/#\/schema\/logo\/image\/","url":"https:\/\/www.cofb.org\/wp-content\/uploads\/2023\/11\/cropped-Logotip-COFB.png","contentUrl":"https:\/\/www.cofb.org\/wp-content\/uploads\/2023\/11\/cropped-Logotip-COFB.png","width":500,"height":105,"caption":"Col\u00b7legi de Farmac\u00e8utics de Barcelona"},"image":{"@id":"https:\/\/www.cofb.org\/#\/schema\/logo\/image\/"},"sameAs":["https:\/\/www.facebook.com\/farmaceuticsbcn\/","https:\/\/twitter.com\/farmaceuticsbcn","https:\/\/www.instagram.com\/farmaceuticsbcn\/","https:\/\/www.linkedin.com\/company\/farmaceuticsbcn\/"]}]}},"uagb_featured_image_src":{"full":false,"thumbnail":false,"medium":false,"medium_large":false,"large":false,"1536x1536":false,"2048x2048":false,"trp-custom-language-flag":false},"uagb_author_info":{"display_name":"wpAdminCofbOrg","author_link":"https:\/\/www.cofb.org\/ca\/author\/wpadmincofborg\/"},"uagb_comment_info":0,"uagb_excerpt":"Els matins PROA Per segon any consecutiu, organitzem un cicle de sessions dirigides a fomentar l\u2019optimitzaci\u00f3 de l\u2019\u00fas dels antimicrobians a trav\u00e9s de diferents estrat\u00e8gies que afecten a diversos aspectes del tractament i \u00e0mbits de la professi\u00f3. En la primera edici\u00f3 vam centrar la formaci\u00f3 en experi\u00e8ncies pr\u00e0ctiques en l\u2019\u00e0mbit [&hellip;]","_links":{"self":[{"href":"https:\/\/www.cofb.org\/ca\/wp-json\/wp\/v2\/pages\/68535","targetHints":{"allow":["GET"]}}],"collection":[{"href":"https:\/\/www.cofb.org\/ca\/wp-json\/wp\/v2\/pages"}],"about":[{"href":"https:\/\/www.cofb.org\/ca\/wp-json\/wp\/v2\/types\/page"}],"author":[{"embeddable":true,"href":"https:\/\/www.cofb.org\/ca\/wp-json\/wp\/v2\/users\/1"}],"replies":[{"embeddable":true,"href":"https:\/\/www.cofb.org\/ca\/wp-json\/wp\/v2\/comments?post=68535"}],"version-history":[{"count":2,"href":"https:\/\/www.cofb.org\/ca\/wp-json\/wp\/v2\/pages\/68535\/revisions"}],"predecessor-version":[{"id":68540,"href":"https:\/\/www.cofb.org\/ca\/wp-json\/wp\/v2\/pages\/68535\/revisions\/68540"}],"up":[{"embeddable":true,"href":"https:\/\/www.cofb.org\/ca\/wp-json\/wp\/v2\/pages\/2965"}],"wp:attachment":[{"href":"https:\/\/www.cofb.org\/ca\/wp-json\/wp\/v2\/media?parent=68535"}],"curies":[{"name":"wp","href":"https:\/\/api.w.org\/{rel}","templated":true}]}}