{"id":68425,"date":"2023-09-12T10:17:59","date_gmt":"2023-09-12T10:17:59","guid":{"rendered":"https:\/\/novaorg.cofb.net\/?page_id=68425"},"modified":"2025-05-28T15:45:57","modified_gmt":"2025-05-28T15:45:57","slug":"documentacio-tecnica","status":"publish","type":"page","link":"https:\/\/www.cofb.org\/ca\/que-oferim\/serveis-als-collegiats\/correu-cofb\/documentacio-tecnica\/","title":{"rendered":"Documentaci\u00f3 t\u00e8cnica"},"content":{"rendered":"\n<h2 class=\"wp-block-heading\">Correu web COFB<\/h2>\n\n\n\n<div class=\"wp-block-uagb-tabs uagb-block-e5672cbd uagb-tabs__wrap uagb-tabs__hstyle1-desktop uagb-tabs__vstyle6-tablet uagb-tabs__stack1-mobile\" data-tab-active=\"0\"><ul class=\"uagb-tabs__panel uagb-tabs__align-left\" role=\"tablist\"><li class=\"uagb-tab uagb-tabs__active\" role=\"none\"><a href=\"#uagb-tabs__tab0\" class=\"uagb-tabs-list uagb-tabs__icon-position-left\" data-tab=\"0\" role=\"tab\"><div>Acc\u00e9s al correu<\/div><\/a><\/li><li class=\"uagb-tab \" role=\"none\"><a href=\"#uagb-tabs__tab1\" class=\"uagb-tabs-list uagb-tabs__icon-position-left\" data-tab=\"1\" role=\"tab\"><div>Gesti\u00f3 del correu<\/div><\/a><\/li><li class=\"uagb-tab \" role=\"none\"><a href=\"#uagb-tabs__tab2\" class=\"uagb-tabs-list uagb-tabs__icon-position-left\" data-tab=\"2\" role=\"tab\"><div>Enviar missatges<\/div><\/a><\/li><li class=\"uagb-tab \" role=\"none\"><a href=\"#uagb-tabs__tab3\" class=\"uagb-tabs-list uagb-tabs__icon-position-left\" data-tab=\"3\" role=\"tab\"><div>Redireccionar correus<\/div><\/a><\/li><li class=\"uagb-tab \" role=\"none\"><a href=\"#uagb-tabs__tab4\" class=\"uagb-tabs-list uagb-tabs__icon-position-left\" data-tab=\"4\" role=\"tab\"><div>Gestionar SPAM<\/div><\/a><\/li><\/ul><div class=\"uagb-tabs__body-wrap\">\n<div class=\"wp-block-uagb-tabs-child uagb-tabs__body-container uagb-inner-tab-0\" aria-labelledby=\"uagb-tabs__tab0\">\n<p>Per accedir al correu del COFB: URL&nbsp;<a rel=\"noreferrer noopener\" href=\"https:\/\/correu.cofb.net\/\" target=\"_blank\">https:\/\/correu.cofb.net<\/a>&nbsp;(usuari i contrasenya la mateixa amb la que s&#8217;accedeix a la web de col\u00b7legiats)<\/p>\n\n\n\n<iframe loading=\"lazy\" allow=\"autoplay; fullscreen\" allowfullscreen=\"\" frameborder=\"0\" height=\"360\" scrolling=\"no\" src=\"https:\/\/player.vimeo.com\/video\/395919843\" width=\"640\"><\/iframe>\n<\/div>\n\n\n\n<div class=\"wp-block-uagb-tabs-child uagb-tabs__body-container uagb-inner-tab-1\" aria-labelledby=\"uagb-tabs__tab1\">\n<iframe loading=\"lazy\" allow=\"autoplay; fullscreen\" allowfullscreen=\"\" frameborder=\"0\" height=\"360\" scrolling=\"no\" src=\"https:\/\/player.vimeo.com\/video\/440605800\" width=\"640\"><\/iframe>\n<\/div>\n\n\n\n<div class=\"wp-block-uagb-tabs-child uagb-tabs__body-container uagb-inner-tab-2\" aria-labelledby=\"uagb-tabs__tab2\">\n<p>Per visualitzar i poder descarregar el manual feu clic <a href=\"https:\/\/www.cofb.org\/documents\/10136\/1165421\/2.-Redactar_nou_correu.pdf\/9d2372f4-1eee-4be8-a2a4-88877a920eab\" data-type=\"link\" data-id=\"https:\/\/www.cofb.org\/documents\/10136\/1165421\/2.-Redactar_nou_correu.pdf\/9d2372f4-1eee-4be8-a2a4-88877a920eab\">aqu\u00ed<\/a>.  <\/p>\n\n\n\n<iframe loading=\"lazy\" allow=\"autoplay; fullscreen\" allowfullscreen=\"\" frameborder=\"0\" height=\"360\" scrolling=\"no\" src=\"https:\/\/player.vimeo.com\/video\/395922820\" width=\"640\"><\/iframe>\n<\/div>\n\n\n\n<div class=\"wp-block-uagb-tabs-child uagb-tabs__body-container uagb-inner-tab-3\" aria-labelledby=\"uagb-tabs__tab3\">\n<p>Per visualitzar i poder descarregar el manual feu clic <a href=\"https:\/\/www.cofb.org\/documents\/10136\/1165421\/Redireccionar+el+correu+cofb\/d3a89e44-058b-4698-90e3-cfb3cab37128\" data-type=\"link\" data-id=\"https:\/\/www.cofb.org\/documents\/10136\/1165421\/Redireccionar+el+correu+cofb\/d3a89e44-058b-4698-90e3-cfb3cab37128\">aqu\u00ed<\/a>. <\/p>\n\n\n\n<iframe loading=\"lazy\" allow=\"autoplay; fullscreen\" allowfullscreen=\"\" frameborder=\"0\" height=\"360\" scrolling=\"no\" src=\"https:\/\/player.vimeo.com\/video\/438466359\" width=\"640\"><\/iframe>\n<\/div>\n\n\n\n<div class=\"wp-block-uagb-tabs-child uagb-tabs__body-container uagb-inner-tab-4\" aria-labelledby=\"uagb-tabs__tab4\">\n<p>Per visualitzar i poder descarregar el manual feu clic <a href=\"https:\/\/www.cofb.org\/documents\/10136\/1165421\/9.-Configurar_SPAM.pdf\/2b843eb9-9096-4805-8f8f-057867764edf\" data-type=\"link\" data-id=\"https:\/\/www.cofb.org\/documents\/10136\/1165421\/9.-Configurar_SPAM.pdf\/2b843eb9-9096-4805-8f8f-057867764edf\">aqu\u00ed<\/a>. <\/p>\n\n\n\n<iframe loading=\"lazy\" allow=\"autoplay; fullscreen\" allowfullscreen=\"\" frameborder=\"0\" height=\"360\" scrolling=\"no\" src=\"https:\/\/player.vimeo.com\/video\/440604642\" width=\"640\"><\/iframe>\n<\/div>\n<\/div><\/div>\n\n\n\n<h2 class=\"wp-block-heading\">Agenda correu COFB<\/h2>\n\n\n\n<ul class=\"wp-block-list\">\n<li><a href=\"https:\/\/www.cofb.org\/documents\/10136\/1165421\/\u00das+de+l%27agenda\/37f3ec58-c819-4fdb-8840-ae5b607ec5ff\" data-type=\"link\" data-id=\"https:\/\/www.cofb.org\/documents\/10136\/1165421\/\u00das+de+l%27agenda\/37f3ec58-c819-4fdb-8840-ae5b607ec5ff\">\u00das de l&#8217;agenda de correu del COFB<\/a><\/li>\n<\/ul>\n\n\n\n<h2 class=\"wp-block-heading\">Contactes correu COFB<\/h2>\n\n\n\n<ul class=\"wp-block-list\">\n<li><a href=\"https:\/\/www.cofb.org\/documents\/10136\/1165421\/\u00das+de+la+llibreta+d%27adreces\/faa8c603-8066-47f7-abdc-08b2adb46289\" data-type=\"link\" data-id=\"https:\/\/www.cofb.org\/documents\/10136\/1165421\/\u00das+de+la+llibreta+d%27adreces\/faa8c603-8066-47f7-abdc-08b2adb46289\">\u00das de l&#8217;agenda de correu del COFB<\/a><\/li>\n<\/ul>\n\n\n\n<h2 class=\"wp-block-heading\">Configuraci\u00f3 correu COFB en altres entorns<\/h2>\n\n\n\n<div class=\"wp-block-uagb-tabs uagb-block-b38579d1 uagb-tabs__wrap uagb-tabs__hstyle1-desktop uagb-tabs__vstyle6-tablet uagb-tabs__stack1-mobile\" data-tab-active=\"0\"><ul class=\"uagb-tabs__panel uagb-tabs__align-left\" role=\"tablist\"><li class=\"uagb-tab uagb-tabs__active\" role=\"none\"><a href=\"#uagb-tabs__tab0\" class=\"uagb-tabs-list uagb-tabs__icon-position-left\" data-tab=\"0\" role=\"tab\"><div>Configurar Gmail per enviar correus com COFB<\/div><\/a><\/li><li class=\"uagb-tab \" role=\"none\"><a href=\"#uagb-tabs__tab1\" class=\"uagb-tabs-list uagb-tabs__icon-position-left\" data-tab=\"1\" role=\"tab\"><div>Configurar el gestor de correu del Thunderbird<\/div><\/a><\/li><li class=\"uagb-tab \" role=\"none\"><a href=\"#uagb-tabs__tab2\" class=\"uagb-tabs-list uagb-tabs__icon-position-left\" data-tab=\"2\" role=\"tab\"><div>Configurar el gestor de correu d&#8217;Android<\/div><\/a><\/li><li class=\"uagb-tab \" role=\"none\"><a href=\"#uagb-tabs__tab3\" class=\"uagb-tabs-list uagb-tabs__icon-position-left\" data-tab=\"3\" role=\"tab\"><div>Configurar el gestor de correu d&#8217;IOs<\/div><\/a><\/li><li class=\"uagb-tab \" role=\"none\"><a href=\"#uagb-tabs__tab4\" class=\"uagb-tabs-list uagb-tabs__icon-position-left\" data-tab=\"4\" role=\"tab\"><div>Configurar el gestor de correu d&#8217;Outlook<\/div><\/a><\/li><\/ul><div class=\"uagb-tabs__body-wrap\">\n<div class=\"wp-block-uagb-tabs-child uagb-tabs__body-container uagb-inner-tab-0\" aria-labelledby=\"uagb-tabs__tab0\">\n<p>Per visualitzar i poder descarregar el manual feu clic <a href=\"https:\/\/www.cofb.org\/documents\/10136\/1165421\/21.-Configurar+Gmail+x+enviar+correus+cofb.pdf\/91c924c4-883b-49be-b368-62c6bb64eb26\" data-type=\"link\" data-id=\"https:\/\/www.cofb.org\/documents\/10136\/1165421\/21.-Configurar+Gmail+x+enviar+correus+cofb.pdf\/91c924c4-883b-49be-b368-62c6bb64eb26\">aqu\u00ed<\/a>.<\/p>\n\n\n\n<iframe loading=\"lazy\" allow=\"autoplay; fullscreen\" allowfullscreen=\"\" frameborder=\"0\" height=\"360\" scrolling=\"no\" src=\"https:\/\/player.vimeo.com\/video\/375407145\" width=\"640\"><\/iframe>\n<\/div>\n\n\n\n<div class=\"wp-block-uagb-tabs-child uagb-tabs__body-container uagb-inner-tab-1\" aria-labelledby=\"uagb-tabs__tab1\">\n<p>Per visualitzar i poder descarregar el manual feu clic <a href=\"https:\/\/www.cofb.org\/documents\/10136\/1165421\/44.-Configuraci\u00f3_correu_Thunderbird.pdf\/510665cc-4cce-4825-b36d-a2c8345d48f0\" data-type=\"link\" data-id=\"https:\/\/www.cofb.org\/documents\/10136\/1165421\/44.-Configuraci\u00f3_correu_Thunderbird.pdf\/510665cc-4cce-4825-b36d-a2c8345d48f0\">aqu\u00ed<\/a>.<\/p>\n<\/div>\n\n\n\n<div class=\"wp-block-uagb-tabs-child uagb-tabs__body-container uagb-inner-tab-2\" aria-labelledby=\"uagb-tabs__tab2\">\n<p>Per visualitzar i poder descarregar el manual feu clic <a href=\"https:\/\/www.cofb.org\/documents\/10136\/1165421\/45.-Configuraci\u00f3_correu_m\u00f2bil.pdf\/e98c5e7b-dc46-4932-97f4-5e431f0ec023\" data-type=\"link\" data-id=\"https:\/\/www.cofb.org\/documents\/10136\/1165421\/45.-Configuraci\u00f3_correu_m\u00f2bil.pdf\/e98c5e7b-dc46-4932-97f4-5e431f0ec023\">aqu\u00ed<\/a>. <\/p>\n<\/div>\n\n\n\n<div class=\"wp-block-uagb-tabs-child uagb-tabs__body-container uagb-inner-tab-3\" aria-labelledby=\"uagb-tabs__tab3\">\n<p>Per visualitzar i poder descarregar el manual feu clic <a href=\"https:\/\/www.cofb.org\/documents\/10136\/1165421\/47.-Configuracio_IOS.pdf\/85e8c87f-ff74-4d31-998c-b71cf7887770\" data-type=\"link\" data-id=\"https:\/\/www.cofb.org\/documents\/10136\/1165421\/47.-Configuracio_IOS.pdf\/85e8c87f-ff74-4d31-998c-b71cf7887770\">aqu\u00ed<\/a>.<\/p>\n<\/div>\n\n\n\n<div class=\"wp-block-uagb-tabs-child uagb-tabs__body-container uagb-inner-tab-4\" aria-labelledby=\"uagb-tabs__tab4\">\n<p>Per visualitzar i poder descarregar el manual feu clic <a href=\"https:\/\/www.cofb.org\/documents\/10136\/1165421\/46.-Configuraci\u00f3_correu_Outlook2010.pdf\/4e48b3c1-5600-4ce5-8859-1d9ad2d51741\" data-type=\"link\" data-id=\"https:\/\/www.cofb.org\/documents\/10136\/1165421\/46.-Configuraci\u00f3_correu_Outlook2010.pdf\/4e48b3c1-5600-4ce5-8859-1d9ad2d51741\">aqu\u00ed<\/a>. <\/p>\n<\/div>\n<\/div><\/div>\n\n\n\n<h2 class=\"wp-block-heading\">Configuraci\u00f3 SPAM gestors<\/h2>\n\n\n\n<ul class=\"wp-block-list\">\n<li><a href=\"https:\/\/www.cofb.org\/documents\/10136\/1165421\/Crear+flitres+thunderbird.pdf\/d22f6d51-def1-4311-aea8-4474892884ef\" data-type=\"link\" data-id=\"https:\/\/www.cofb.org\/documents\/10136\/1165421\/Crear+flitres+thunderbird.pdf\/d22f6d51-def1-4311-aea8-4474892884ef\">Configurar el gestor del correu Thunderbird<\/a><\/li>\n\n\n\n<li><a href=\"https:\/\/www.cofb.org\/documents\/10136\/1165421\/Crear+flitres+outlook.pdf\/26a74117-ec75-4464-97b7-e15e8ebfced0\" data-type=\"link\" data-id=\"https:\/\/www.cofb.org\/documents\/10136\/1165421\/Crear+flitres+outlook.pdf\/26a74117-ec75-4464-97b7-e15e8ebfced0\">Configurar el gestor de correu d&#8217;Outlook<\/a><\/li>\n<\/ul>\n\n\n\n<p id=\"yui_patched_v3_11_0_1_1694515526936_521\">* En cas de trobar-te en aquesta situaci\u00f3 i no saps com solucionar-ho, pots contactar amb el departament de Sistemes del col\u00b7legi. Telf. 932 44 07 10 Ext.4<\/p>\n","protected":false},"excerpt":{"rendered":"<p>Correu web COFB Agenda correu COFB Contactes correu COFB Configuraci\u00f3 correu COFB en altres entorns Configuraci\u00f3 SPAM gestors * En cas de trobar-te en aquesta situaci\u00f3 i no saps com solucionar-ho, pots contactar amb el departament de Sistemes del col\u00b7legi. Telf. 932 44 07 10 Ext.4<\/p>\n","protected":false},"author":1,"featured_media":0,"parent":67617,"menu_order":2,"comment_status":"closed","ping_status":"closed","template":"","meta":{"_uag_custom_page_level_css":"","site-sidebar-layout":"default","site-content-layout":"","ast-site-content-layout":"default","site-content-style":"default","site-sidebar-style":"default","ast-global-header-display":"","ast-banner-title-visibility":"","ast-main-header-display":"","ast-hfb-above-header-display":"","ast-hfb-below-header-display":"","ast-hfb-mobile-header-display":"","site-post-title":"","ast-breadcrumbs-content":"","ast-featured-img":"","footer-sml-layout":"","theme-transparent-header-meta":"","adv-header-id-meta":"","stick-header-meta":"","header-above-stick-meta":"","header-main-stick-meta":"","header-below-stick-meta":"","astra-migrate-meta-layouts":"set","ast-page-background-enabled":"default","ast-page-background-meta":{"desktop":{"background-color":"var(--ast-global-color-4)","background-image":"","background-repeat":"repeat","background-position":"center center","background-size":"auto","background-attachment":"scroll","background-type":"","background-media":"","overlay-type":"","overlay-color":"","overlay-opacity":"","overlay-gradient":""},"tablet":{"background-color":"","background-image":"","background-repeat":"repeat","background-position":"center center","background-size":"auto","background-attachment":"scroll","background-type":"","background-media":"","overlay-type":"","overlay-color":"","overlay-opacity":"","overlay-gradient":""},"mobile":{"background-color":"","background-image":"","background-repeat":"repeat","background-position":"center center","background-size":"auto","background-attachment":"scroll","background-type":"","background-media":"","overlay-type":"","overlay-color":"","overlay-opacity":"","overlay-gradient":""}},"ast-content-background-meta":{"desktop":{"background-color":"var(--ast-global-color-5)","background-image":"","background-repeat":"repeat","background-position":"center center","background-size":"auto","background-attachment":"scroll","background-type":"","background-media":"","overlay-type":"","overlay-color":"","overlay-opacity":"","overlay-gradient":""},"tablet":{"background-color":"var(--ast-global-color-5)","background-image":"","background-repeat":"repeat","background-position":"center center","background-size":"auto","background-attachment":"scroll","background-type":"","background-media":"","overlay-type":"","overlay-color":"","overlay-opacity":"","overlay-gradient":""},"mobile":{"background-color":"var(--ast-global-color-5)","background-image":"","background-repeat":"repeat","background-position":"center center","background-size":"auto","background-attachment":"scroll","background-type":"","background-media":"","overlay-type":"","overlay-color":"","overlay-opacity":"","overlay-gradient":""}},"footnotes":""},"class_list":["post-68425","page","type-page","status-publish","hentry"],"yoast_head":"<!-- This site is optimized with the Yoast SEO plugin v22.4 - https:\/\/yoast.com\/wordpress\/plugins\/seo\/ -->\n<title>Documentaci\u00f3 t\u00e8cnica - Col\u00b7legi de Farmac\u00e8utics de Barcelona<\/title>\n<meta name=\"robots\" content=\"index, follow, max-snippet:-1, max-image-preview:large, max-video-preview:-1\" \/>\n<link rel=\"canonical\" href=\"https:\/\/www.cofb.org\/ca\/que-oferim\/farmaceutics__trashed\/serveis-als-collegiats\/correu-cofb\/documentacio-tecnica\/\" \/>\n<meta property=\"og:locale\" content=\"ca_ES\" \/>\n<meta property=\"og:type\" content=\"article\" \/>\n<meta property=\"og:title\" content=\"Documentaci\u00f3 t\u00e8cnica - Col\u00b7legi de Farmac\u00e8utics de Barcelona\" \/>\n<meta property=\"og:description\" content=\"Correu web COFB Agenda correu COFB Contactes correu COFB Configuraci\u00f3 correu COFB en altres entorns Configuraci\u00f3 SPAM gestors * En cas de trobar-te en aquesta situaci\u00f3 i no saps com solucionar-ho, pots contactar amb el departament de Sistemes del col\u00b7legi. Telf. 932 44 07 10 Ext.4\" \/>\n<meta property=\"og:url\" content=\"https:\/\/www.cofb.org\/ca\/que-oferim\/farmaceutics__trashed\/serveis-als-collegiats\/correu-cofb\/documentacio-tecnica\/\" \/>\n<meta property=\"og:site_name\" content=\"Col\u00b7legi de Farmac\u00e8utics de Barcelona\" \/>\n<meta property=\"article:publisher\" content=\"https:\/\/www.facebook.com\/farmaceuticsbcn\/\" \/>\n<meta property=\"article:modified_time\" content=\"2025-05-28T15:45:57+00:00\" \/>\n<meta name=\"twitter:card\" content=\"summary_large_image\" \/>\n<meta name=\"twitter:site\" content=\"@farmaceuticsbcn\" \/>\n<meta name=\"twitter:label1\" content=\"Temps estimat de lectura\" \/>\n\t<meta name=\"twitter:data1\" content=\"2 minuts\" \/>\n<script type=\"application\/ld+json\" class=\"yoast-schema-graph\">{\"@context\":\"https:\/\/schema.org\",\"@graph\":[{\"@type\":\"WebPage\",\"@id\":\"https:\/\/www.cofb.org\/que-oferim\/farmaceutics__trashed\/serveis-als-collegiats\/correu-cofb\/documentacio-tecnica\/\",\"url\":\"https:\/\/www.cofb.org\/que-oferim\/farmaceutics__trashed\/serveis-als-collegiats\/correu-cofb\/documentacio-tecnica\/\",\"name\":\"Documentaci\u00f3 t\u00e8cnica - Col\u00b7legi de Farmac\u00e8utics de Barcelona\",\"isPartOf\":{\"@id\":\"https:\/\/www.cofb.org\/#website\"},\"datePublished\":\"2023-09-12T10:17:59+00:00\",\"dateModified\":\"2025-05-28T15:45:57+00:00\",\"breadcrumb\":{\"@id\":\"https:\/\/www.cofb.org\/que-oferim\/farmaceutics__trashed\/serveis-als-collegiats\/correu-cofb\/documentacio-tecnica\/#breadcrumb\"},\"inLanguage\":\"ca\",\"potentialAction\":[{\"@type\":\"ReadAction\",\"target\":[\"https:\/\/www.cofb.org\/que-oferim\/farmaceutics__trashed\/serveis-als-collegiats\/correu-cofb\/documentacio-tecnica\/\"]}]},{\"@type\":\"BreadcrumbList\",\"@id\":\"https:\/\/www.cofb.org\/que-oferim\/farmaceutics__trashed\/serveis-als-collegiats\/correu-cofb\/documentacio-tecnica\/#breadcrumb\",\"itemListElement\":[{\"@type\":\"ListItem\",\"position\":1,\"name\":\"Inici\",\"item\":\"https:\/\/novaorg.cofb.net\/\"},{\"@type\":\"ListItem\",\"position\":2,\"name\":\"Qu\u00e8 oferim?\",\"item\":\"https:\/\/novaorg.cofb.net\/que-oferim\/\"},{\"@type\":\"ListItem\",\"position\":3,\"name\":\"Serveis als col\u00b7legiats\",\"item\":\"https:\/\/novaorg.cofb.net\/que-oferim\/farmaceutics__trashed\/serveis-als-collegiats\/\"},{\"@type\":\"ListItem\",\"position\":4,\"name\":\"Correu COFB\",\"item\":\"https:\/\/novaorg.cofb.net\/que-oferim\/farmaceutics__trashed\/serveis-als-collegiats\/correu-cofb\/\"},{\"@type\":\"ListItem\",\"position\":5,\"name\":\"Documentaci\u00f3 t\u00e8cnica\"}]},{\"@type\":\"WebSite\",\"@id\":\"https:\/\/www.cofb.org\/#website\",\"url\":\"https:\/\/www.cofb.org\/\",\"name\":\"Col\u00b7legi de Farmac\u00e8utics de Barcelona\",\"description\":\"\",\"publisher\":{\"@id\":\"https:\/\/www.cofb.org\/#organization\"},\"potentialAction\":[{\"@type\":\"SearchAction\",\"target\":{\"@type\":\"EntryPoint\",\"urlTemplate\":\"https:\/\/www.cofb.org\/?s={search_term_string}\"},\"query-input\":\"required name=search_term_string\"}],\"inLanguage\":\"ca\"},{\"@type\":\"Organization\",\"@id\":\"https:\/\/www.cofb.org\/#organization\",\"name\":\"Col\u00b7legi de Farmac\u00e8utics de Barcelona\",\"url\":\"https:\/\/www.cofb.org\/\",\"logo\":{\"@type\":\"ImageObject\",\"inLanguage\":\"ca\",\"@id\":\"https:\/\/www.cofb.org\/#\/schema\/logo\/image\/\",\"url\":\"https:\/\/www.cofb.org\/wp-content\/uploads\/2023\/11\/cropped-Logotip-COFB.png\",\"contentUrl\":\"https:\/\/www.cofb.org\/wp-content\/uploads\/2023\/11\/cropped-Logotip-COFB.png\",\"width\":500,\"height\":105,\"caption\":\"Col\u00b7legi de Farmac\u00e8utics de Barcelona\"},\"image\":{\"@id\":\"https:\/\/www.cofb.org\/#\/schema\/logo\/image\/\"},\"sameAs\":[\"https:\/\/www.facebook.com\/farmaceuticsbcn\/\",\"https:\/\/twitter.com\/farmaceuticsbcn\",\"https:\/\/www.instagram.com\/farmaceuticsbcn\/\",\"https:\/\/www.linkedin.com\/company\/farmaceuticsbcn\/\"]}]}<\/script>\n<!-- \/ Yoast SEO plugin. -->","yoast_head_json":{"title":"Documentaci\u00f3 t\u00e8cnica - Col\u00b7legi de Farmac\u00e8utics de Barcelona","robots":{"index":"index","follow":"follow","max-snippet":"max-snippet:-1","max-image-preview":"max-image-preview:large","max-video-preview":"max-video-preview:-1"},"canonical":"https:\/\/www.cofb.org\/ca\/que-oferim\/farmaceutics__trashed\/serveis-als-collegiats\/correu-cofb\/documentacio-tecnica\/","og_locale":"ca_ES","og_type":"article","og_title":"Documentaci\u00f3 t\u00e8cnica - Col\u00b7legi de Farmac\u00e8utics de Barcelona","og_description":"Correu web COFB Agenda correu COFB Contactes correu COFB Configuraci\u00f3 correu COFB en altres entorns Configuraci\u00f3 SPAM gestors * En cas de trobar-te en aquesta situaci\u00f3 i no saps com solucionar-ho, pots contactar amb el departament de Sistemes del col\u00b7legi. Telf. 932 44 07 10 Ext.4","og_url":"https:\/\/www.cofb.org\/ca\/que-oferim\/farmaceutics__trashed\/serveis-als-collegiats\/correu-cofb\/documentacio-tecnica\/","og_site_name":"Col\u00b7legi de Farmac\u00e8utics de Barcelona","article_publisher":"https:\/\/www.facebook.com\/farmaceuticsbcn\/","article_modified_time":"2025-05-28T15:45:57+00:00","twitter_card":"summary_large_image","twitter_site":"@farmaceuticsbcn","twitter_misc":{"Temps estimat de lectura":"2 minuts"},"schema":{"@context":"https:\/\/schema.org","@graph":[{"@type":"WebPage","@id":"https:\/\/www.cofb.org\/que-oferim\/farmaceutics__trashed\/serveis-als-collegiats\/correu-cofb\/documentacio-tecnica\/","url":"https:\/\/www.cofb.org\/que-oferim\/farmaceutics__trashed\/serveis-als-collegiats\/correu-cofb\/documentacio-tecnica\/","name":"Documentaci\u00f3 t\u00e8cnica - Col\u00b7legi de Farmac\u00e8utics de Barcelona","isPartOf":{"@id":"https:\/\/www.cofb.org\/#website"},"datePublished":"2023-09-12T10:17:59+00:00","dateModified":"2025-05-28T15:45:57+00:00","breadcrumb":{"@id":"https:\/\/www.cofb.org\/que-oferim\/farmaceutics__trashed\/serveis-als-collegiats\/correu-cofb\/documentacio-tecnica\/#breadcrumb"},"inLanguage":"ca","potentialAction":[{"@type":"ReadAction","target":["https:\/\/www.cofb.org\/que-oferim\/farmaceutics__trashed\/serveis-als-collegiats\/correu-cofb\/documentacio-tecnica\/"]}]},{"@type":"BreadcrumbList","@id":"https:\/\/www.cofb.org\/que-oferim\/farmaceutics__trashed\/serveis-als-collegiats\/correu-cofb\/documentacio-tecnica\/#breadcrumb","itemListElement":[{"@type":"ListItem","position":1,"name":"Inici","item":"https:\/\/novaorg.cofb.net\/"},{"@type":"ListItem","position":2,"name":"Qu\u00e8 oferim?","item":"https:\/\/novaorg.cofb.net\/que-oferim\/"},{"@type":"ListItem","position":3,"name":"Serveis als col\u00b7legiats","item":"https:\/\/novaorg.cofb.net\/que-oferim\/farmaceutics__trashed\/serveis-als-collegiats\/"},{"@type":"ListItem","position":4,"name":"Correu COFB","item":"https:\/\/novaorg.cofb.net\/que-oferim\/farmaceutics__trashed\/serveis-als-collegiats\/correu-cofb\/"},{"@type":"ListItem","position":5,"name":"Documentaci\u00f3 t\u00e8cnica"}]},{"@type":"WebSite","@id":"https:\/\/www.cofb.org\/#website","url":"https:\/\/www.cofb.org\/","name":"Col\u00b7legi de Farmac\u00e8utics de Barcelona","description":"","publisher":{"@id":"https:\/\/www.cofb.org\/#organization"},"potentialAction":[{"@type":"SearchAction","target":{"@type":"EntryPoint","urlTemplate":"https:\/\/www.cofb.org\/?s={search_term_string}"},"query-input":"required name=search_term_string"}],"inLanguage":"ca"},{"@type":"Organization","@id":"https:\/\/www.cofb.org\/#organization","name":"Col\u00b7legi de Farmac\u00e8utics de Barcelona","url":"https:\/\/www.cofb.org\/","logo":{"@type":"ImageObject","inLanguage":"ca","@id":"https:\/\/www.cofb.org\/#\/schema\/logo\/image\/","url":"https:\/\/www.cofb.org\/wp-content\/uploads\/2023\/11\/cropped-Logotip-COFB.png","contentUrl":"https:\/\/www.cofb.org\/wp-content\/uploads\/2023\/11\/cropped-Logotip-COFB.png","width":500,"height":105,"caption":"Col\u00b7legi de Farmac\u00e8utics de Barcelona"},"image":{"@id":"https:\/\/www.cofb.org\/#\/schema\/logo\/image\/"},"sameAs":["https:\/\/www.facebook.com\/farmaceuticsbcn\/","https:\/\/twitter.com\/farmaceuticsbcn","https:\/\/www.instagram.com\/farmaceuticsbcn\/","https:\/\/www.linkedin.com\/company\/farmaceuticsbcn\/"]}]}},"uagb_featured_image_src":{"full":false,"thumbnail":false,"medium":false,"medium_large":false,"large":false,"1536x1536":false,"2048x2048":false,"trp-custom-language-flag":false},"uagb_author_info":{"display_name":"wpAdminCofbOrg","author_link":"https:\/\/www.cofb.org\/ca\/author\/wpadmincofborg\/"},"uagb_comment_info":0,"uagb_excerpt":"Correu web COFB Agenda correu COFB Contactes correu COFB Configuraci\u00f3 correu COFB en altres entorns Configuraci\u00f3 SPAM gestors * En cas de trobar-te en aquesta situaci\u00f3 i no saps com solucionar-ho, pots contactar amb el departament de Sistemes del col\u00b7legi. Telf. 932 44 07 10 Ext.4","_links":{"self":[{"href":"https:\/\/www.cofb.org\/ca\/wp-json\/wp\/v2\/pages\/68425","targetHints":{"allow":["GET"]}}],"collection":[{"href":"https:\/\/www.cofb.org\/ca\/wp-json\/wp\/v2\/pages"}],"about":[{"href":"https:\/\/www.cofb.org\/ca\/wp-json\/wp\/v2\/types\/page"}],"author":[{"embeddable":true,"href":"https:\/\/www.cofb.org\/ca\/wp-json\/wp\/v2\/users\/1"}],"replies":[{"embeddable":true,"href":"https:\/\/www.cofb.org\/ca\/wp-json\/wp\/v2\/comments?post=68425"}],"version-history":[{"count":14,"href":"https:\/\/www.cofb.org\/ca\/wp-json\/wp\/v2\/pages\/68425\/revisions"}],"predecessor-version":[{"id":81257,"href":"https:\/\/www.cofb.org\/ca\/wp-json\/wp\/v2\/pages\/68425\/revisions\/81257"}],"up":[{"embeddable":true,"href":"https:\/\/www.cofb.org\/ca\/wp-json\/wp\/v2\/pages\/67617"}],"wp:attachment":[{"href":"https:\/\/www.cofb.org\/ca\/wp-json\/wp\/v2\/media?parent=68425"}],"curies":[{"name":"wp","href":"https:\/\/api.w.org\/{rel}","templated":true}]}}