{"id":68375,"date":"2023-09-08T09:28:26","date_gmt":"2023-09-08T09:28:26","guid":{"rendered":"https:\/\/novaorg.cofb.net\/?page_id=68375"},"modified":"2023-09-08T09:28:26","modified_gmt":"2023-09-08T09:28:26","slug":"gravacio-de-trucades-telefoniques-avis-legal","status":"publish","type":"page","link":"https:\/\/www.cofb.org\/ca\/qui-som\/el-collegi\/transparencia\/publicitat-activa\/normativa\/gravacio-de-trucades-telefoniques-avis-legal\/","title":{"rendered":"Gravaci\u00f3 de trucades telef\u00f2niques: Av\u00eds legal"},"content":{"rendered":"\n<h2 class=\"wp-block-heading\">Dades del responsable de tractament:<\/h2>\n\n\n\n<p class=\"icones\"><img decoding=\"async\" width=\"75\" height=\"88\" class=\"wp-image-68376\" style=\"width: 75px;\" src=\"https:\/\/www.cofb.org\/wp-content\/uploads\/2023\/09\/logo-cofb-negre.jpg\" alt=\"\" srcset=\"https:\/\/www.cofb.org\/wp-content\/uploads\/2023\/09\/logo-cofb-negre.jpg 255w, https:\/\/www.cofb.org\/wp-content\/uploads\/2023\/09\/logo-cofb-negre-10x12.jpg 10w\" sizes=\"(max-width: 75px) 100vw, 75px\" \/>\u00a0Col\u00b7legi de Farmac\u00e8utics de la Prov\u00edncia de Barcelona<\/p>\n\n\n\n<p class=\"icones\"><img decoding=\"async\" width=\"70\" height=\"70\" class=\"wp-image-68377\" style=\"width: 70px;\" src=\"https:\/\/www.cofb.org\/wp-content\/uploads\/2023\/09\/Localitzacio.png\" alt=\"\" srcset=\"https:\/\/www.cofb.org\/wp-content\/uploads\/2023\/09\/Localitzacio.png 70w, https:\/\/www.cofb.org\/wp-content\/uploads\/2023\/09\/Localitzacio-12x12.png 12w\" sizes=\"(max-width: 70px) 100vw, 70px\" \/>\u00a0Adre\u00e7a: C\/ Girona 64, 08009 Barcelona<\/p>\n\n\n\n<p class=\"icones\"><img decoding=\"async\" src=\"https:\/\/www.cofb.org\/documents\/10136\/1067764\/Tel%C3%A9fono.png\/83de66f5-8867-4acf-ba6c-ea129dc67556?t=1542018738546\" alt=\"\">&nbsp;Tel\u00e8fon:&nbsp;93 244 07 10<\/p>\n\n\n\n<p class=\"icones\"><img decoding=\"async\" src=\"https:\/\/www.cofb.org\/documents\/10136\/1067764\/Correu.png\/69f7b5c4-3c19-447d-9ff6-25e8e46c97cf?t=1542018760660\" alt=\"\">\u00a0Correu electr\u00f2nic: <a href=\"mailto:cofb@cofb.net\">cofb@cofb.net<\/a><\/p>\n\n\n\n<h3 class=\"wp-block-heading\">Finalitat del tractament<\/h3>\n\n\n\n<p>Gestionar les dades per a la prestaci\u00f3 de serveis que el Col\u00b7legi proporciona als col\u00b7legiats. Promoci\u00f3, informaci\u00f3, atendre consultes, fer un seguiment dels serveis que es presten i de tot all\u00f2 que fa refer\u00e8ncia al compliment de les finalitats i funcions del Col\u00b7legi. Les dades s&#8217;obtenen per la condici\u00f3 de l&#8217;interessat com a col\u00b7legiat i no col\u00b7legiat.<\/p>\n\n\n\n<p>En el moment en qu\u00e8 el Col\u00b7legi decideixi projectar una altra finalitat no recollida en les anteriors, informar\u00e0 a l&#8217;interessat amb antelaci\u00f3 suficient perqu\u00e8 aquest s&#8217;hi pugui oposar.<\/p>\n\n\n\n<p>El Col\u00b7legi no realitzar\u00e0 amb les dades personals cap tractament automatitzat de perfils, \u00fanicament les utilitzar\u00e0 per complir amb les finalitats per les quals es recaven.<\/p>\n\n\n\n<p>Les dades personals seran cancel\u00b7lades en el moment en qu\u00e8 l&#8217;interessat deixi de tenir la relaci\u00f3 de col\u00b7legiat o finalitzi la prestaci\u00f3 del servei sol\u00b7licitat per l&#8217;interlocutor no col\u00b7legiat amb el Col\u00b7legi. Per\u00f2 es conservaran durant el termini que estableixi la normativa vigent o durant el temps en qu\u00e8 es pugui exigir algun tipus de responsabilitat derivada del tractament de les dades.<\/p>\n\n\n\n<h3 class=\"wp-block-heading\">Legitimaci\u00f3<\/h3>\n\n\n\n<p>La legitimaci\u00f3 que empara el Col\u00b7legi a tractar les seves dades es basa en el compliment de les obligacions i les funcions recollides en els seus Estatuts i per proporcionar seguretat jur\u00eddica a les converses telef\u00f2niques.<\/p>\n\n\n\n<p>En el moment en qu\u00e8 l&#8217;interlocutor mant\u00e9 una conversa telef\u00f2nica amb qualsevol de les persones que responen des del Col\u00b7legi, en la seva qualitat d&#8217;empleats o de representats s&#8217;ent\u00e9n que consent la gravaci\u00f3 i es dona per informat de tot all\u00f2 que la Llei exigeix en l&#8217;\u00e0mbit de la protecci\u00f3 de les dades de car\u00e0cter personal. El consentiment de l&#8217;interessat legitima en tot cas al Col\u00b7legi a tractar les seves dades personals.<\/p>\n\n\n\n<h3 class=\"wp-block-heading\">Destinataris<\/h3>\n\n\n\n<p>En aquest cas no es preveuen destinataris de les dades, la qual cosa vol dir que en principi el Col\u00b7legi no far\u00e0 cap cessi\u00f3 d&#8217;aquesta informaci\u00f3, sens perjudici que en moments puntuals hagi de contractar els serveis d&#8217;altres empreses o professionals per fer algun tractament espec\u00edfic d&#8217;acord amb les finalitats descrites. En aquest cas, aquests tercers tindran la consideraci\u00f3 d&#8217;encarregats de tractament, cosa que no implicar\u00e0 cap cessi\u00f3.<\/p>\n\n\n\n<h3 class=\"wp-block-heading\">Drets<\/h3>\n\n\n\n<p>Els interessats podran exercir els drets que a continuaci\u00f3 es relacionen:<\/p>\n\n\n\n<ul class=\"wp-block-list\">\n<li>Dret a sol\u00b7licitar l&#8217;acc\u00e9s a les seves dades personals<\/li>\n\n\n\n<li>Dret a sol\u00b7licitar la seva rectificaci\u00f3 o supressi\u00f3<\/li>\n\n\n\n<li>Dret a sol\u00b7licitar la seva limitaci\u00f3 al tractament<\/li>\n\n\n\n<li>Dret a oposar-se al tractament<\/li>\n\n\n\n<li>Dret a la portabilitat de les seves dades<\/li>\n\n\n\n<li>Tamb\u00e9 t\u00e9 dret a retirar el consentiment d&#8217;un tractament autoritzat per una finalitat concreta <\/li>\n<\/ul>\n\n\n\n<p>Per exercir els citats drets, l&#8217;interessat haur\u00e0 de dirigir un escrit per e-mail a l&#8217;adre\u00e7a cofb@cofb.net, o per correu postal al Carrer Girona 64, 08009 Barcelona.<\/p>\n\n\n\n<p>En el cas que no s&#8217;hagi obtingut satisfacci\u00f3 per la presentaci\u00f3 de la sol\u00b7licitud per exercitar qualsevol dels drets relacionats, l&#8217;interessat podr\u00e0 presentar reclamaci\u00f3 davant de l&#8217;autoritzat de control competent (Agencia Espa\u00f1ola de Protecci\u00f3n de Datos, Jorge Juan num. 6, 28001 Madrid, NIF Q2813014D).<\/p>\n\n\n\n<h3 class=\"wp-block-heading\">Proced\u00e8ncia de les dades<\/h3>\n\n\n\n<ul class=\"wp-block-list\">\n<li>Les dades han estat obtingudes dels propis interessats.<\/li>\n\n\n\n<li>Les dades objecte de tractament s\u00f3n el nom, cognoms, en el seu cas adre\u00e7a de la farm\u00e0cia, postal i electr\u00f2nica del\/la farmac\u00e8utic\/a titular d&#8217;oficina de farm\u00e0cia, i aquelles dades que hagin proporcionat per motiu de la sol\u00b7licitud i\/o contractaci\u00f3 d&#8217;alguns dels serveis que ofereix el Col\u00b7legi, o de la relaci\u00f3 del col\u00b7legiat i\/o interlocutor no col\u00b7legiat i necessiten mesures de seguretat de nivell baix per garantir la seguretat en el seu tractament.<\/li>\n<\/ul>\n","protected":false},"excerpt":{"rendered":"<p>Dades del responsable de tractament: \u00a0Col\u00b7legi de Farmac\u00e8utics de la Prov\u00edncia de Barcelona \u00a0Adre\u00e7a: C\/ Girona 64, 08009 Barcelona &nbsp;Tel\u00e8fon:&nbsp;93 244 07 10 \u00a0Correu electr\u00f2nic: cofb@cofb.net Finalitat del tractament Gestionar les dades per a la prestaci\u00f3 de serveis que el Col\u00b7legi proporciona als col\u00b7legiats. Promoci\u00f3, informaci\u00f3, atendre consultes, fer un [&hellip;]<\/p>\n","protected":false},"author":1,"featured_media":0,"parent":3650,"menu_order":1,"comment_status":"closed","ping_status":"closed","template":"","meta":{"_uag_custom_page_level_css":"","site-sidebar-layout":"default","site-content-layout":"","ast-site-content-layout":"default","site-content-style":"default","site-sidebar-style":"default","ast-global-header-display":"","ast-banner-title-visibility":"","ast-main-header-display":"","ast-hfb-above-header-display":"","ast-hfb-below-header-display":"","ast-hfb-mobile-header-display":"","site-post-title":"","ast-breadcrumbs-content":"","ast-featured-img":"","footer-sml-layout":"","theme-transparent-header-meta":"","adv-header-id-meta":"","stick-header-meta":"","header-above-stick-meta":"","header-main-stick-meta":"","header-below-stick-meta":"","astra-migrate-meta-layouts":"default","ast-page-background-enabled":"default","ast-page-background-meta":{"desktop":{"background-color":"var(--ast-global-color-4)","background-image":"","background-repeat":"repeat","background-position":"center center","background-size":"auto","background-attachment":"scroll","background-type":"","background-media":"","overlay-type":"","overlay-color":"","overlay-opacity":"","overlay-gradient":""},"tablet":{"background-color":"","background-image":"","background-repeat":"repeat","background-position":"center center","background-size":"auto","background-attachment":"scroll","background-type":"","background-media":"","overlay-type":"","overlay-color":"","overlay-opacity":"","overlay-gradient":""},"mobile":{"background-color":"","background-image":"","background-repeat":"repeat","background-position":"center center","background-size":"auto","background-attachment":"scroll","background-type":"","background-media":"","overlay-type":"","overlay-color":"","overlay-opacity":"","overlay-gradient":""}},"ast-content-background-meta":{"desktop":{"background-color":"var(--ast-global-color-5)","background-image":"","background-repeat":"repeat","background-position":"center center","background-size":"auto","background-attachment":"scroll","background-type":"","background-media":"","overlay-type":"","overlay-color":"","overlay-opacity":"","overlay-gradient":""},"tablet":{"background-color":"var(--ast-global-color-5)","background-image":"","background-repeat":"repeat","background-position":"center center","background-size":"auto","background-attachment":"scroll","background-type":"","background-media":"","overlay-type":"","overlay-color":"","overlay-opacity":"","overlay-gradient":""},"mobile":{"background-color":"var(--ast-global-color-5)","background-image":"","background-repeat":"repeat","background-position":"center center","background-size":"auto","background-attachment":"scroll","background-type":"","background-media":"","overlay-type":"","overlay-color":"","overlay-opacity":"","overlay-gradient":""}},"footnotes":""},"class_list":["post-68375","page","type-page","status-publish","hentry"],"yoast_head":"<!-- This site is optimized with the Yoast SEO plugin v22.4 - https:\/\/yoast.com\/wordpress\/plugins\/seo\/ -->\n<title>Gravaci\u00f3 de trucades telef\u00f2niques: Av\u00eds legal - Col\u00b7legi de Farmac\u00e8utics de Barcelona<\/title>\n<meta name=\"robots\" content=\"index, follow, max-snippet:-1, max-image-preview:large, max-video-preview:-1\" \/>\n<link rel=\"canonical\" href=\"https:\/\/www.cofb.org\/ca\/qui-som\/el-collegi\/transparencia\/publicitat-activa\/normativa\/gravacio-de-trucades-telefoniques-avis-legal\/\" \/>\n<meta property=\"og:locale\" content=\"ca_ES\" \/>\n<meta property=\"og:type\" content=\"article\" \/>\n<meta property=\"og:title\" content=\"Gravaci\u00f3 de trucades telef\u00f2niques: Av\u00eds legal - Col\u00b7legi de Farmac\u00e8utics de Barcelona\" \/>\n<meta property=\"og:description\" content=\"Dades del responsable de tractament: \u00a0Col\u00b7legi de Farmac\u00e8utics de la Prov\u00edncia de Barcelona \u00a0Adre\u00e7a: C\/ Girona 64, 08009 Barcelona &nbsp;Tel\u00e8fon:&nbsp;93 244 07 10 \u00a0Correu electr\u00f2nic: cofb@cofb.net Finalitat del tractament Gestionar les dades per a la prestaci\u00f3 de serveis que el Col\u00b7legi proporciona als col\u00b7legiats. Promoci\u00f3, informaci\u00f3, atendre consultes, fer un [&hellip;]\" \/>\n<meta property=\"og:url\" content=\"https:\/\/www.cofb.org\/ca\/qui-som\/el-collegi\/transparencia\/publicitat-activa\/normativa\/gravacio-de-trucades-telefoniques-avis-legal\/\" \/>\n<meta property=\"og:site_name\" content=\"Col\u00b7legi de Farmac\u00e8utics de Barcelona\" \/>\n<meta property=\"article:publisher\" content=\"https:\/\/www.facebook.com\/farmaceuticsbcn\/\" \/>\n<meta property=\"og:image\" content=\"https:\/\/novaorg.cofb.net\/wp-content\/uploads\/2023\/09\/logo-cofb-negre.jpg\" \/>\n<meta name=\"twitter:card\" content=\"summary_large_image\" \/>\n<meta name=\"twitter:site\" content=\"@farmaceuticsbcn\" \/>\n<meta name=\"twitter:label1\" content=\"Temps estimat de lectura\" \/>\n\t<meta name=\"twitter:data1\" content=\"3 minuts\" \/>\n<script type=\"application\/ld+json\" class=\"yoast-schema-graph\">{\"@context\":\"https:\/\/schema.org\",\"@graph\":[{\"@type\":\"WebPage\",\"@id\":\"https:\/\/www.cofb.org\/qui-som\/el-collegi\/transparencia\/publicitat-activa\/normativa\/gravacio-de-trucades-telefoniques-avis-legal\/\",\"url\":\"https:\/\/www.cofb.org\/qui-som\/el-collegi\/transparencia\/publicitat-activa\/normativa\/gravacio-de-trucades-telefoniques-avis-legal\/\",\"name\":\"Gravaci\u00f3 de trucades telef\u00f2niques: Av\u00eds legal - Col\u00b7legi de Farmac\u00e8utics de Barcelona\",\"isPartOf\":{\"@id\":\"https:\/\/www.cofb.org\/#website\"},\"primaryImageOfPage\":{\"@id\":\"https:\/\/www.cofb.org\/qui-som\/el-collegi\/transparencia\/publicitat-activa\/normativa\/gravacio-de-trucades-telefoniques-avis-legal\/#primaryimage\"},\"image\":{\"@id\":\"https:\/\/www.cofb.org\/qui-som\/el-collegi\/transparencia\/publicitat-activa\/normativa\/gravacio-de-trucades-telefoniques-avis-legal\/#primaryimage\"},\"thumbnailUrl\":\"https:\/\/www.cofb.org\/wp-content\/uploads\/2023\/09\/logo-cofb-negre.jpg\",\"datePublished\":\"2023-09-08T09:28:26+00:00\",\"dateModified\":\"2023-09-08T09:28:26+00:00\",\"breadcrumb\":{\"@id\":\"https:\/\/www.cofb.org\/qui-som\/el-collegi\/transparencia\/publicitat-activa\/normativa\/gravacio-de-trucades-telefoniques-avis-legal\/#breadcrumb\"},\"inLanguage\":\"ca\",\"potentialAction\":[{\"@type\":\"ReadAction\",\"target\":[\"https:\/\/www.cofb.org\/qui-som\/el-collegi\/transparencia\/publicitat-activa\/normativa\/gravacio-de-trucades-telefoniques-avis-legal\/\"]}]},{\"@type\":\"ImageObject\",\"inLanguage\":\"ca\",\"@id\":\"https:\/\/www.cofb.org\/qui-som\/el-collegi\/transparencia\/publicitat-activa\/normativa\/gravacio-de-trucades-telefoniques-avis-legal\/#primaryimage\",\"url\":\"https:\/\/www.cofb.org\/wp-content\/uploads\/2023\/09\/logo-cofb-negre.jpg\",\"contentUrl\":\"https:\/\/www.cofb.org\/wp-content\/uploads\/2023\/09\/logo-cofb-negre.jpg\"},{\"@type\":\"BreadcrumbList\",\"@id\":\"https:\/\/www.cofb.org\/qui-som\/el-collegi\/transparencia\/publicitat-activa\/normativa\/gravacio-de-trucades-telefoniques-avis-legal\/#breadcrumb\",\"itemListElement\":[{\"@type\":\"ListItem\",\"position\":1,\"name\":\"Inici\",\"item\":\"https:\/\/novaorg.cofb.net\/\"},{\"@type\":\"ListItem\",\"position\":2,\"name\":\"Qui som?\",\"item\":\"https:\/\/novaorg.cofb.net\/qui-som\/\"},{\"@type\":\"ListItem\",\"position\":3,\"name\":\"El Col\u00b7legi\",\"item\":\"https:\/\/novaorg.cofb.net\/qui-som\/el-collegi\/\"},{\"@type\":\"ListItem\",\"position\":4,\"name\":\"Transpar\u00e8ncia\",\"item\":\"https:\/\/novaorg.cofb.net\/qui-som\/el-collegi\/transparencia\/\"},{\"@type\":\"ListItem\",\"position\":5,\"name\":\"Publicitat activa\",\"item\":\"https:\/\/novaorg.cofb.net\/qui-som\/el-collegi\/transparencia\/publicitat-activa\/\"},{\"@type\":\"ListItem\",\"position\":6,\"name\":\"Normativa\",\"item\":\"https:\/\/www.cofb.org\/qui-som\/el-collegi\/transparencia\/publicitat-activa\/normativa\/\"},{\"@type\":\"ListItem\",\"position\":7,\"name\":\"Gravaci\u00f3 de trucades telef\u00f2niques: Av\u00eds legal\"}]},{\"@type\":\"WebSite\",\"@id\":\"https:\/\/www.cofb.org\/#website\",\"url\":\"https:\/\/www.cofb.org\/\",\"name\":\"Col\u00b7legi de Farmac\u00e8utics de Barcelona\",\"description\":\"\",\"publisher\":{\"@id\":\"https:\/\/www.cofb.org\/#organization\"},\"potentialAction\":[{\"@type\":\"SearchAction\",\"target\":{\"@type\":\"EntryPoint\",\"urlTemplate\":\"https:\/\/www.cofb.org\/?s={search_term_string}\"},\"query-input\":\"required name=search_term_string\"}],\"inLanguage\":\"ca\"},{\"@type\":\"Organization\",\"@id\":\"https:\/\/www.cofb.org\/#organization\",\"name\":\"Col\u00b7legi de Farmac\u00e8utics de Barcelona\",\"url\":\"https:\/\/www.cofb.org\/\",\"logo\":{\"@type\":\"ImageObject\",\"inLanguage\":\"ca\",\"@id\":\"https:\/\/www.cofb.org\/#\/schema\/logo\/image\/\",\"url\":\"https:\/\/www.cofb.org\/wp-content\/uploads\/2023\/11\/cropped-Logotip-COFB.png\",\"contentUrl\":\"https:\/\/www.cofb.org\/wp-content\/uploads\/2023\/11\/cropped-Logotip-COFB.png\",\"width\":500,\"height\":105,\"caption\":\"Col\u00b7legi de Farmac\u00e8utics de Barcelona\"},\"image\":{\"@id\":\"https:\/\/www.cofb.org\/#\/schema\/logo\/image\/\"},\"sameAs\":[\"https:\/\/www.facebook.com\/farmaceuticsbcn\/\",\"https:\/\/twitter.com\/farmaceuticsbcn\",\"https:\/\/www.instagram.com\/farmaceuticsbcn\/\",\"https:\/\/www.linkedin.com\/company\/farmaceuticsbcn\/\"]}]}<\/script>\n<!-- \/ Yoast SEO plugin. -->","yoast_head_json":{"title":"Gravaci\u00f3 de trucades telef\u00f2niques: Av\u00eds legal - Col\u00b7legi de Farmac\u00e8utics de Barcelona","robots":{"index":"index","follow":"follow","max-snippet":"max-snippet:-1","max-image-preview":"max-image-preview:large","max-video-preview":"max-video-preview:-1"},"canonical":"https:\/\/www.cofb.org\/ca\/qui-som\/el-collegi\/transparencia\/publicitat-activa\/normativa\/gravacio-de-trucades-telefoniques-avis-legal\/","og_locale":"ca_ES","og_type":"article","og_title":"Gravaci\u00f3 de trucades telef\u00f2niques: Av\u00eds legal - Col\u00b7legi de Farmac\u00e8utics de Barcelona","og_description":"Dades del responsable de tractament: \u00a0Col\u00b7legi de Farmac\u00e8utics de la Prov\u00edncia de Barcelona \u00a0Adre\u00e7a: C\/ Girona 64, 08009 Barcelona &nbsp;Tel\u00e8fon:&nbsp;93 244 07 10 \u00a0Correu electr\u00f2nic: cofb@cofb.net Finalitat del tractament Gestionar les dades per a la prestaci\u00f3 de serveis que el Col\u00b7legi proporciona als col\u00b7legiats. Promoci\u00f3, informaci\u00f3, atendre consultes, fer un [&hellip;]","og_url":"https:\/\/www.cofb.org\/ca\/qui-som\/el-collegi\/transparencia\/publicitat-activa\/normativa\/gravacio-de-trucades-telefoniques-avis-legal\/","og_site_name":"Col\u00b7legi de Farmac\u00e8utics de Barcelona","article_publisher":"https:\/\/www.facebook.com\/farmaceuticsbcn\/","og_image":[{"url":"https:\/\/novaorg.cofb.net\/wp-content\/uploads\/2023\/09\/logo-cofb-negre.jpg"}],"twitter_card":"summary_large_image","twitter_site":"@farmaceuticsbcn","twitter_misc":{"Temps estimat de lectura":"3 minuts"},"schema":{"@context":"https:\/\/schema.org","@graph":[{"@type":"WebPage","@id":"https:\/\/www.cofb.org\/qui-som\/el-collegi\/transparencia\/publicitat-activa\/normativa\/gravacio-de-trucades-telefoniques-avis-legal\/","url":"https:\/\/www.cofb.org\/qui-som\/el-collegi\/transparencia\/publicitat-activa\/normativa\/gravacio-de-trucades-telefoniques-avis-legal\/","name":"Gravaci\u00f3 de trucades telef\u00f2niques: Av\u00eds legal - Col\u00b7legi de Farmac\u00e8utics de Barcelona","isPartOf":{"@id":"https:\/\/www.cofb.org\/#website"},"primaryImageOfPage":{"@id":"https:\/\/www.cofb.org\/qui-som\/el-collegi\/transparencia\/publicitat-activa\/normativa\/gravacio-de-trucades-telefoniques-avis-legal\/#primaryimage"},"image":{"@id":"https:\/\/www.cofb.org\/qui-som\/el-collegi\/transparencia\/publicitat-activa\/normativa\/gravacio-de-trucades-telefoniques-avis-legal\/#primaryimage"},"thumbnailUrl":"https:\/\/www.cofb.org\/wp-content\/uploads\/2023\/09\/logo-cofb-negre.jpg","datePublished":"2023-09-08T09:28:26+00:00","dateModified":"2023-09-08T09:28:26+00:00","breadcrumb":{"@id":"https:\/\/www.cofb.org\/qui-som\/el-collegi\/transparencia\/publicitat-activa\/normativa\/gravacio-de-trucades-telefoniques-avis-legal\/#breadcrumb"},"inLanguage":"ca","potentialAction":[{"@type":"ReadAction","target":["https:\/\/www.cofb.org\/qui-som\/el-collegi\/transparencia\/publicitat-activa\/normativa\/gravacio-de-trucades-telefoniques-avis-legal\/"]}]},{"@type":"ImageObject","inLanguage":"ca","@id":"https:\/\/www.cofb.org\/qui-som\/el-collegi\/transparencia\/publicitat-activa\/normativa\/gravacio-de-trucades-telefoniques-avis-legal\/#primaryimage","url":"https:\/\/www.cofb.org\/wp-content\/uploads\/2023\/09\/logo-cofb-negre.jpg","contentUrl":"https:\/\/www.cofb.org\/wp-content\/uploads\/2023\/09\/logo-cofb-negre.jpg"},{"@type":"BreadcrumbList","@id":"https:\/\/www.cofb.org\/qui-som\/el-collegi\/transparencia\/publicitat-activa\/normativa\/gravacio-de-trucades-telefoniques-avis-legal\/#breadcrumb","itemListElement":[{"@type":"ListItem","position":1,"name":"Inici","item":"https:\/\/novaorg.cofb.net\/"},{"@type":"ListItem","position":2,"name":"Qui som?","item":"https:\/\/novaorg.cofb.net\/qui-som\/"},{"@type":"ListItem","position":3,"name":"El Col\u00b7legi","item":"https:\/\/novaorg.cofb.net\/qui-som\/el-collegi\/"},{"@type":"ListItem","position":4,"name":"Transpar\u00e8ncia","item":"https:\/\/novaorg.cofb.net\/qui-som\/el-collegi\/transparencia\/"},{"@type":"ListItem","position":5,"name":"Publicitat activa","item":"https:\/\/novaorg.cofb.net\/qui-som\/el-collegi\/transparencia\/publicitat-activa\/"},{"@type":"ListItem","position":6,"name":"Normativa","item":"https:\/\/www.cofb.org\/qui-som\/el-collegi\/transparencia\/publicitat-activa\/normativa\/"},{"@type":"ListItem","position":7,"name":"Gravaci\u00f3 de trucades telef\u00f2niques: Av\u00eds legal"}]},{"@type":"WebSite","@id":"https:\/\/www.cofb.org\/#website","url":"https:\/\/www.cofb.org\/","name":"Col\u00b7legi de Farmac\u00e8utics de Barcelona","description":"","publisher":{"@id":"https:\/\/www.cofb.org\/#organization"},"potentialAction":[{"@type":"SearchAction","target":{"@type":"EntryPoint","urlTemplate":"https:\/\/www.cofb.org\/?s={search_term_string}"},"query-input":"required name=search_term_string"}],"inLanguage":"ca"},{"@type":"Organization","@id":"https:\/\/www.cofb.org\/#organization","name":"Col\u00b7legi de Farmac\u00e8utics de Barcelona","url":"https:\/\/www.cofb.org\/","logo":{"@type":"ImageObject","inLanguage":"ca","@id":"https:\/\/www.cofb.org\/#\/schema\/logo\/image\/","url":"https:\/\/www.cofb.org\/wp-content\/uploads\/2023\/11\/cropped-Logotip-COFB.png","contentUrl":"https:\/\/www.cofb.org\/wp-content\/uploads\/2023\/11\/cropped-Logotip-COFB.png","width":500,"height":105,"caption":"Col\u00b7legi de Farmac\u00e8utics de Barcelona"},"image":{"@id":"https:\/\/www.cofb.org\/#\/schema\/logo\/image\/"},"sameAs":["https:\/\/www.facebook.com\/farmaceuticsbcn\/","https:\/\/twitter.com\/farmaceuticsbcn","https:\/\/www.instagram.com\/farmaceuticsbcn\/","https:\/\/www.linkedin.com\/company\/farmaceuticsbcn\/"]}]}},"uagb_featured_image_src":{"full":false,"thumbnail":false,"medium":false,"medium_large":false,"large":false,"1536x1536":false,"2048x2048":false,"trp-custom-language-flag":false},"uagb_author_info":{"display_name":"wpAdminCofbOrg","author_link":"https:\/\/www.cofb.org\/ca\/author\/wpadmincofborg\/"},"uagb_comment_info":0,"uagb_excerpt":"Dades del responsable de tractament: \u00a0Col\u00b7legi de Farmac\u00e8utics de la Prov\u00edncia de Barcelona \u00a0Adre\u00e7a: C\/ Girona 64, 08009 Barcelona &nbsp;Tel\u00e8fon:&nbsp;93 244 07 10 \u00a0Correu electr\u00f2nic: cofb@cofb.net Finalitat del tractament Gestionar les dades per a la prestaci\u00f3 de serveis que el Col\u00b7legi proporciona als col\u00b7legiats. Promoci\u00f3, informaci\u00f3, atendre consultes, fer un [&hellip;]","_links":{"self":[{"href":"https:\/\/www.cofb.org\/ca\/wp-json\/wp\/v2\/pages\/68375","targetHints":{"allow":["GET"]}}],"collection":[{"href":"https:\/\/www.cofb.org\/ca\/wp-json\/wp\/v2\/pages"}],"about":[{"href":"https:\/\/www.cofb.org\/ca\/wp-json\/wp\/v2\/types\/page"}],"author":[{"embeddable":true,"href":"https:\/\/www.cofb.org\/ca\/wp-json\/wp\/v2\/users\/1"}],"replies":[{"embeddable":true,"href":"https:\/\/www.cofb.org\/ca\/wp-json\/wp\/v2\/comments?post=68375"}],"version-history":[{"count":1,"href":"https:\/\/www.cofb.org\/ca\/wp-json\/wp\/v2\/pages\/68375\/revisions"}],"predecessor-version":[{"id":68378,"href":"https:\/\/www.cofb.org\/ca\/wp-json\/wp\/v2\/pages\/68375\/revisions\/68378"}],"up":[{"embeddable":true,"href":"https:\/\/www.cofb.org\/ca\/wp-json\/wp\/v2\/pages\/3650"}],"wp:attachment":[{"href":"https:\/\/www.cofb.org\/ca\/wp-json\/wp\/v2\/media?parent=68375"}],"curies":[{"name":"wp","href":"https:\/\/api.w.org\/{rel}","templated":true}]}}