{"id":68363,"date":"2023-09-08T07:13:44","date_gmt":"2023-09-08T07:13:44","guid":{"rendered":"https:\/\/novaorg.cofb.net\/?page_id=68363"},"modified":"2024-06-27T17:19:45","modified_gmt":"2024-06-27T17:19:45","slug":"vocal-datencio-primaria-cristina-morales-navajas","status":"publish","type":"page","link":"https:\/\/www.cofb.org\/ca\/qui-som\/com-sorganitza\/junta-de-govern\/vocal-datencio-primaria-cristina-morales-navajas\/","title":{"rendered":"Vocal d&#8217;Atenci\u00f3 Prim\u00e0ria: Cristina Morales Navajas"},"content":{"rendered":"\n<div class=\"wp-block-columns is-layout-flex wp-container-core-columns-is-layout-d7d455e7 wp-block-columns-is-layout-flex\" style=\"padding-top:0;padding-right:0;padding-bottom:0;padding-left:0\">\n<div class=\"wp-block-column is-layout-flow wp-block-column-is-layout-flow\" style=\"flex-basis:33.33%\">\n<div class=\"wp-block-uagb-image uagb-block-70b8c924 wp-block-uagb-image--layout-default wp-block-uagb-image--effect-static wp-block-uagb-image--align-none\"><figure class=\"wp-block-uagb-image__figure\"><img loading=\"lazy\" decoding=\"async\" srcset=\"https:\/\/www.cofb.org\/wp-content\/uploads\/2024\/06\/13-Cristina-Morales.png ,https:\/\/www.cofb.org\/wp-content\/uploads\/2024\/06\/13-Cristina-Morales.png 780w, https:\/\/www.cofb.org\/wp-content\/uploads\/2024\/06\/13-Cristina-Morales.png 360w\" sizes=\"auto, (max-width: 480px) 150px\" src=\"https:\/\/www.cofb.org\/wp-content\/uploads\/2024\/06\/13-Cristina-Morales.png\" alt=\"\" class=\"uag-image-78435\" width=\"683\" height=\"1024\" title=\"13 Cristina Morales\" loading=\"lazy\" role=\"img\"\/><\/figure><\/div>\n<\/div>\n\n\n\n<div class=\"wp-block-column is-layout-flow wp-block-column-is-layout-flow\" style=\"flex-basis:66.66%\">\n<h4 class=\"wp-block-heading\">ACTIVITAT INSTITUCIONAL<\/h4>\n\n\n\n<ul class=\"wp-block-list\">\n<li>Vocal d&#8217;Atenci\u00f3 Prim\u00e0ria del Col\u00b7legi de Farmac\u00e8utics de Barcelona (2024\u2014actualitat)<\/li>\n\n\n\n<li>Vocal del Comit\u00e8 d&#8217;\u00c8tica d&#8217;Investigaci\u00f3 amb medicaments (CEIm) de l&#8217;Hospital General de Granollers<\/li>\n\n\n\n<li>S\u00f2cia de la Societat Espa\u00f1ola de Farmac\u00e8uticos de Atenci\u00f3n Primaria (SEFAP)<\/li>\n<\/ul>\n\n\n\n<h4 class=\"wp-block-heading\">FORMACI\u00d3 PROFESSIONAL<\/h4>\n\n\n\n<ul class=\"wp-block-list\">\n<li>Farmac\u00e8utica d\u2019oficina de farm\u00e0cia. Farm\u00e0cia Dalmau Civit. Granollers (1999-2006)<\/li>\n\n\n\n<li>Farmac\u00e8utica d&#8217;atenci\u00f3 prim\u00e0ria. Direcci\u00f3 d&#8217;Atenci\u00f3 Prim\u00e0ria Metropolitana Sud (2006-2009)&nbsp;<\/li>\n\n\n\n<li>Farmac\u00e8utica d&#8217;atenci\u00f3 prim\u00e0ria. Servei d&#8217;Atenci\u00f3 Prim\u00e0ria Vall\u00e8s Oriental. Direcci\u00f3 d&#8217;Atenci\u00f3 Prim\u00e0ria Metropolitana Nord (2009-actualment)<\/li>\n<\/ul>\n\n\n\n<h4 class=\"wp-block-heading\">ACTIVITAT ACAD\u00c8MICA<\/h4>\n\n\n\n<ul class=\"wp-block-list\">\n<li>Llicenciatura de Farm\u00e0cia. Universitat de barcelona, 2003<\/li>\n\n\n\n<li>XII \u00e8 Curs de Postgrau 2007-2008. Diploma de Gesti\u00f3 de la Qualitat a l&#8217;Atenci\u00f3 Prim\u00e0ria. Institut Catal\u00e0 de la Salut, 2008.<\/li>\n\n\n\n<li>M\u00e0ster en Economia de la Salud y el Medicamento. Universitat Pompeu Fabra &#8211; Barcelona School of Management, 2012.<\/li>\n\n\n\n<li>Actualment cursant el M\u00e0ster en Gesti\u00f3 Integral de Serveis en Atenci\u00f3 Prim\u00e0ria, Socials i Hospitalaris. GESAPH. Institut de Formaci\u00f3 Cont\u00ednua IL-3. Universitat de Barcelona.<\/li>\n<\/ul>\n\n\n\n<h4 class=\"wp-block-heading\">ALTRES ACTIVITATS CIENT\u00cdFIQUES<\/h4>\n\n\n\n<ul class=\"wp-block-list\">\n<li>Doc\u00e8ncia en diversos cursos de l&#8217;Institut Catal\u00e0 de la Salut (2019-actualitat)<\/li>\n\n\n\n<li>Formaci\u00f3 per a professionals de medicina, infermeria i pediatria en diverses edicions des de l&#8217;inici de l&#8217;exercici professional a l&#8217;\u00e0mbit de l&#8217;Atenci\u00f3 Prim\u00e0ria.&nbsp;<\/li>\n\n\n\n<li>Publicaci\u00f3 d&#8217;articles cient\u00edfics, protocols i guies.<\/li>\n<\/ul>\n<\/div>\n<\/div>\n","protected":false},"excerpt":{"rendered":"<p>ACTIVITAT INSTITUCIONAL FORMACI\u00d3 PROFESSIONAL ACTIVITAT ACAD\u00c8MICA ALTRES ACTIVITATS CIENT\u00cdFIQUES<\/p>\n","protected":false},"author":1,"featured_media":0,"parent":2614,"menu_order":0,"comment_status":"closed","ping_status":"closed","template":"","meta":{"_uag_custom_page_level_css":"","site-sidebar-layout":"default","site-content-layout":"","ast-site-content-layout":"default","site-content-style":"default","site-sidebar-style":"default","ast-global-header-display":"","ast-banner-title-visibility":"","ast-main-header-display":"","ast-hfb-above-header-display":"","ast-hfb-below-header-display":"","ast-hfb-mobile-header-display":"","site-post-title":"","ast-breadcrumbs-content":"","ast-featured-img":"","footer-sml-layout":"","theme-transparent-header-meta":"","adv-header-id-meta":"","stick-header-meta":"","header-above-stick-meta":"","header-main-stick-meta":"","header-below-stick-meta":"","astra-migrate-meta-layouts":"set","ast-page-background-enabled":"default","ast-page-background-meta":{"desktop":{"background-color":"var(--ast-global-color-4)","background-image":"","background-repeat":"repeat","background-position":"center center","background-size":"auto","background-attachment":"scroll","background-type":"","background-media":"","overlay-type":"","overlay-color":"","overlay-opacity":"","overlay-gradient":""},"tablet":{"background-color":"","background-image":"","background-repeat":"repeat","background-position":"center center","background-size":"auto","background-attachment":"scroll","background-type":"","background-media":"","overlay-type":"","overlay-color":"","overlay-opacity":"","overlay-gradient":""},"mobile":{"background-color":"","background-image":"","background-repeat":"repeat","background-position":"center center","background-size":"auto","background-attachment":"scroll","background-type":"","background-media":"","overlay-type":"","overlay-color":"","overlay-opacity":"","overlay-gradient":""}},"ast-content-background-meta":{"desktop":{"background-color":"var(--ast-global-color-5)","background-image":"","background-repeat":"repeat","background-position":"center center","background-size":"auto","background-attachment":"scroll","background-type":"","background-media":"","overlay-type":"","overlay-color":"","overlay-opacity":"","overlay-gradient":""},"tablet":{"background-color":"var(--ast-global-color-5)","background-image":"","background-repeat":"repeat","background-position":"center center","background-size":"auto","background-attachment":"scroll","background-type":"","background-media":"","overlay-type":"","overlay-color":"","overlay-opacity":"","overlay-gradient":""},"mobile":{"background-color":"var(--ast-global-color-5)","background-image":"","background-repeat":"repeat","background-position":"center center","background-size":"auto","background-attachment":"scroll","background-type":"","background-media":"","overlay-type":"","overlay-color":"","overlay-opacity":"","overlay-gradient":""}},"footnotes":""},"class_list":["post-68363","page","type-page","status-publish","hentry"],"yoast_head":"<!-- This site is optimized with the Yoast SEO plugin v22.4 - https:\/\/yoast.com\/wordpress\/plugins\/seo\/ -->\n<title>Vocal d&#039;Atenci\u00f3 Prim\u00e0ria: Cristina Morales Navajas - Col\u00b7legi de Farmac\u00e8utics de Barcelona<\/title>\n<meta name=\"robots\" content=\"index, follow, max-snippet:-1, max-image-preview:large, max-video-preview:-1\" \/>\n<link rel=\"canonical\" href=\"https:\/\/www.cofb.org\/ca\/qui-som\/com-sorganitza\/junta-de-govern\/vocal-datencio-primaria-cristina-morales-navajas\/\" \/>\n<meta property=\"og:locale\" content=\"ca_ES\" \/>\n<meta property=\"og:type\" content=\"article\" \/>\n<meta property=\"og:title\" content=\"Vocal d&#039;Atenci\u00f3 Prim\u00e0ria: Cristina Morales Navajas - Col\u00b7legi de Farmac\u00e8utics de Barcelona\" \/>\n<meta property=\"og:description\" content=\"ACTIVITAT INSTITUCIONAL FORMACI\u00d3 PROFESSIONAL ACTIVITAT ACAD\u00c8MICA ALTRES ACTIVITATS CIENT\u00cdFIQUES\" \/>\n<meta property=\"og:url\" content=\"https:\/\/www.cofb.org\/ca\/qui-som\/com-sorganitza\/junta-de-govern\/vocal-datencio-primaria-cristina-morales-navajas\/\" \/>\n<meta property=\"og:site_name\" content=\"Col\u00b7legi de Farmac\u00e8utics de Barcelona\" \/>\n<meta property=\"article:publisher\" content=\"https:\/\/www.facebook.com\/farmaceuticsbcn\/\" \/>\n<meta property=\"article:modified_time\" content=\"2024-06-27T17:19:45+00:00\" \/>\n<meta property=\"og:image\" content=\"https:\/\/www.cofb.org\/wp-content\/uploads\/2024\/06\/13-Cristina-Morales.png\" \/>\n<meta name=\"twitter:card\" content=\"summary_large_image\" \/>\n<meta name=\"twitter:site\" content=\"@farmaceuticsbcn\" \/>\n<meta name=\"twitter:label1\" content=\"Temps estimat de lectura\" \/>\n\t<meta name=\"twitter:data1\" content=\"2 minuts\" \/>\n<script type=\"application\/ld+json\" class=\"yoast-schema-graph\">{\"@context\":\"https:\/\/schema.org\",\"@graph\":[{\"@type\":\"WebPage\",\"@id\":\"https:\/\/www.cofb.org\/qui-som\/com-sorganitza\/junta-de-govern\/vocal-datencio-primaria-cristina-morales-navajas\/\",\"url\":\"https:\/\/www.cofb.org\/qui-som\/com-sorganitza\/junta-de-govern\/vocal-datencio-primaria-cristina-morales-navajas\/\",\"name\":\"Vocal d'Atenci\u00f3 Prim\u00e0ria: Cristina Morales Navajas - Col\u00b7legi de Farmac\u00e8utics de Barcelona\",\"isPartOf\":{\"@id\":\"https:\/\/www.cofb.org\/#website\"},\"primaryImageOfPage\":{\"@id\":\"https:\/\/www.cofb.org\/qui-som\/com-sorganitza\/junta-de-govern\/vocal-datencio-primaria-cristina-morales-navajas\/#primaryimage\"},\"image\":{\"@id\":\"https:\/\/www.cofb.org\/qui-som\/com-sorganitza\/junta-de-govern\/vocal-datencio-primaria-cristina-morales-navajas\/#primaryimage\"},\"thumbnailUrl\":\"https:\/\/www.cofb.org\/wp-content\/uploads\/2024\/06\/13-Cristina-Morales.png\",\"datePublished\":\"2023-09-08T07:13:44+00:00\",\"dateModified\":\"2024-06-27T17:19:45+00:00\",\"breadcrumb\":{\"@id\":\"https:\/\/www.cofb.org\/qui-som\/com-sorganitza\/junta-de-govern\/vocal-datencio-primaria-cristina-morales-navajas\/#breadcrumb\"},\"inLanguage\":\"ca\",\"potentialAction\":[{\"@type\":\"ReadAction\",\"target\":[\"https:\/\/www.cofb.org\/qui-som\/com-sorganitza\/junta-de-govern\/vocal-datencio-primaria-cristina-morales-navajas\/\"]}]},{\"@type\":\"ImageObject\",\"inLanguage\":\"ca\",\"@id\":\"https:\/\/www.cofb.org\/qui-som\/com-sorganitza\/junta-de-govern\/vocal-datencio-primaria-cristina-morales-navajas\/#primaryimage\",\"url\":\"https:\/\/www.cofb.org\/wp-content\/uploads\/2024\/06\/13-Cristina-Morales.png\",\"contentUrl\":\"https:\/\/www.cofb.org\/wp-content\/uploads\/2024\/06\/13-Cristina-Morales.png\"},{\"@type\":\"BreadcrumbList\",\"@id\":\"https:\/\/www.cofb.org\/qui-som\/com-sorganitza\/junta-de-govern\/vocal-datencio-primaria-cristina-morales-navajas\/#breadcrumb\",\"itemListElement\":[{\"@type\":\"ListItem\",\"position\":1,\"name\":\"Inici\",\"item\":\"https:\/\/novaorg.cofb.net\/\"},{\"@type\":\"ListItem\",\"position\":2,\"name\":\"Qui som?\",\"item\":\"https:\/\/novaorg.cofb.net\/qui-som\/\"},{\"@type\":\"ListItem\",\"position\":3,\"name\":\"Com s&#8217;organitza?\",\"item\":\"https:\/\/novaorg.cofb.net\/qui-som\/com-sorganitza\/\"},{\"@type\":\"ListItem\",\"position\":4,\"name\":\"Junta de Govern\",\"item\":\"https:\/\/www.cofb.org\/qui-som\/com-sorganitza\/junta-de-govern\/\"},{\"@type\":\"ListItem\",\"position\":5,\"name\":\"Vocal d&#8217;Atenci\u00f3 Prim\u00e0ria: Cristina Morales Navajas\"}]},{\"@type\":\"WebSite\",\"@id\":\"https:\/\/www.cofb.org\/#website\",\"url\":\"https:\/\/www.cofb.org\/\",\"name\":\"Col\u00b7legi de Farmac\u00e8utics de Barcelona\",\"description\":\"\",\"publisher\":{\"@id\":\"https:\/\/www.cofb.org\/#organization\"},\"potentialAction\":[{\"@type\":\"SearchAction\",\"target\":{\"@type\":\"EntryPoint\",\"urlTemplate\":\"https:\/\/www.cofb.org\/?s={search_term_string}\"},\"query-input\":\"required name=search_term_string\"}],\"inLanguage\":\"ca\"},{\"@type\":\"Organization\",\"@id\":\"https:\/\/www.cofb.org\/#organization\",\"name\":\"Col\u00b7legi de Farmac\u00e8utics de Barcelona\",\"url\":\"https:\/\/www.cofb.org\/\",\"logo\":{\"@type\":\"ImageObject\",\"inLanguage\":\"ca\",\"@id\":\"https:\/\/www.cofb.org\/#\/schema\/logo\/image\/\",\"url\":\"https:\/\/www.cofb.org\/wp-content\/uploads\/2023\/11\/cropped-Logotip-COFB.png\",\"contentUrl\":\"https:\/\/www.cofb.org\/wp-content\/uploads\/2023\/11\/cropped-Logotip-COFB.png\",\"width\":500,\"height\":105,\"caption\":\"Col\u00b7legi de Farmac\u00e8utics de Barcelona\"},\"image\":{\"@id\":\"https:\/\/www.cofb.org\/#\/schema\/logo\/image\/\"},\"sameAs\":[\"https:\/\/www.facebook.com\/farmaceuticsbcn\/\",\"https:\/\/twitter.com\/farmaceuticsbcn\",\"https:\/\/www.instagram.com\/farmaceuticsbcn\/\",\"https:\/\/www.linkedin.com\/company\/farmaceuticsbcn\/\"]}]}<\/script>\n<!-- \/ Yoast SEO plugin. -->","yoast_head_json":{"title":"Vocal d'Atenci\u00f3 Prim\u00e0ria: Cristina Morales Navajas - Col\u00b7legi de Farmac\u00e8utics de Barcelona","robots":{"index":"index","follow":"follow","max-snippet":"max-snippet:-1","max-image-preview":"max-image-preview:large","max-video-preview":"max-video-preview:-1"},"canonical":"https:\/\/www.cofb.org\/ca\/qui-som\/com-sorganitza\/junta-de-govern\/vocal-datencio-primaria-cristina-morales-navajas\/","og_locale":"ca_ES","og_type":"article","og_title":"Vocal d'Atenci\u00f3 Prim\u00e0ria: Cristina Morales Navajas - Col\u00b7legi de Farmac\u00e8utics de Barcelona","og_description":"ACTIVITAT INSTITUCIONAL FORMACI\u00d3 PROFESSIONAL ACTIVITAT ACAD\u00c8MICA ALTRES ACTIVITATS CIENT\u00cdFIQUES","og_url":"https:\/\/www.cofb.org\/ca\/qui-som\/com-sorganitza\/junta-de-govern\/vocal-datencio-primaria-cristina-morales-navajas\/","og_site_name":"Col\u00b7legi de Farmac\u00e8utics de Barcelona","article_publisher":"https:\/\/www.facebook.com\/farmaceuticsbcn\/","article_modified_time":"2024-06-27T17:19:45+00:00","og_image":[{"url":"https:\/\/www.cofb.org\/wp-content\/uploads\/2024\/06\/13-Cristina-Morales.png"}],"twitter_card":"summary_large_image","twitter_site":"@farmaceuticsbcn","twitter_misc":{"Temps estimat de lectura":"2 minuts"},"schema":{"@context":"https:\/\/schema.org","@graph":[{"@type":"WebPage","@id":"https:\/\/www.cofb.org\/qui-som\/com-sorganitza\/junta-de-govern\/vocal-datencio-primaria-cristina-morales-navajas\/","url":"https:\/\/www.cofb.org\/qui-som\/com-sorganitza\/junta-de-govern\/vocal-datencio-primaria-cristina-morales-navajas\/","name":"Vocal d'Atenci\u00f3 Prim\u00e0ria: Cristina Morales Navajas - Col\u00b7legi de Farmac\u00e8utics de Barcelona","isPartOf":{"@id":"https:\/\/www.cofb.org\/#website"},"primaryImageOfPage":{"@id":"https:\/\/www.cofb.org\/qui-som\/com-sorganitza\/junta-de-govern\/vocal-datencio-primaria-cristina-morales-navajas\/#primaryimage"},"image":{"@id":"https:\/\/www.cofb.org\/qui-som\/com-sorganitza\/junta-de-govern\/vocal-datencio-primaria-cristina-morales-navajas\/#primaryimage"},"thumbnailUrl":"https:\/\/www.cofb.org\/wp-content\/uploads\/2024\/06\/13-Cristina-Morales.png","datePublished":"2023-09-08T07:13:44+00:00","dateModified":"2024-06-27T17:19:45+00:00","breadcrumb":{"@id":"https:\/\/www.cofb.org\/qui-som\/com-sorganitza\/junta-de-govern\/vocal-datencio-primaria-cristina-morales-navajas\/#breadcrumb"},"inLanguage":"ca","potentialAction":[{"@type":"ReadAction","target":["https:\/\/www.cofb.org\/qui-som\/com-sorganitza\/junta-de-govern\/vocal-datencio-primaria-cristina-morales-navajas\/"]}]},{"@type":"ImageObject","inLanguage":"ca","@id":"https:\/\/www.cofb.org\/qui-som\/com-sorganitza\/junta-de-govern\/vocal-datencio-primaria-cristina-morales-navajas\/#primaryimage","url":"https:\/\/www.cofb.org\/wp-content\/uploads\/2024\/06\/13-Cristina-Morales.png","contentUrl":"https:\/\/www.cofb.org\/wp-content\/uploads\/2024\/06\/13-Cristina-Morales.png"},{"@type":"BreadcrumbList","@id":"https:\/\/www.cofb.org\/qui-som\/com-sorganitza\/junta-de-govern\/vocal-datencio-primaria-cristina-morales-navajas\/#breadcrumb","itemListElement":[{"@type":"ListItem","position":1,"name":"Inici","item":"https:\/\/novaorg.cofb.net\/"},{"@type":"ListItem","position":2,"name":"Qui som?","item":"https:\/\/novaorg.cofb.net\/qui-som\/"},{"@type":"ListItem","position":3,"name":"Com s&#8217;organitza?","item":"https:\/\/novaorg.cofb.net\/qui-som\/com-sorganitza\/"},{"@type":"ListItem","position":4,"name":"Junta de Govern","item":"https:\/\/www.cofb.org\/qui-som\/com-sorganitza\/junta-de-govern\/"},{"@type":"ListItem","position":5,"name":"Vocal d&#8217;Atenci\u00f3 Prim\u00e0ria: Cristina Morales Navajas"}]},{"@type":"WebSite","@id":"https:\/\/www.cofb.org\/#website","url":"https:\/\/www.cofb.org\/","name":"Col\u00b7legi de Farmac\u00e8utics de Barcelona","description":"","publisher":{"@id":"https:\/\/www.cofb.org\/#organization"},"potentialAction":[{"@type":"SearchAction","target":{"@type":"EntryPoint","urlTemplate":"https:\/\/www.cofb.org\/?s={search_term_string}"},"query-input":"required name=search_term_string"}],"inLanguage":"ca"},{"@type":"Organization","@id":"https:\/\/www.cofb.org\/#organization","name":"Col\u00b7legi de Farmac\u00e8utics de Barcelona","url":"https:\/\/www.cofb.org\/","logo":{"@type":"ImageObject","inLanguage":"ca","@id":"https:\/\/www.cofb.org\/#\/schema\/logo\/image\/","url":"https:\/\/www.cofb.org\/wp-content\/uploads\/2023\/11\/cropped-Logotip-COFB.png","contentUrl":"https:\/\/www.cofb.org\/wp-content\/uploads\/2023\/11\/cropped-Logotip-COFB.png","width":500,"height":105,"caption":"Col\u00b7legi de Farmac\u00e8utics de Barcelona"},"image":{"@id":"https:\/\/www.cofb.org\/#\/schema\/logo\/image\/"},"sameAs":["https:\/\/www.facebook.com\/farmaceuticsbcn\/","https:\/\/twitter.com\/farmaceuticsbcn","https:\/\/www.instagram.com\/farmaceuticsbcn\/","https:\/\/www.linkedin.com\/company\/farmaceuticsbcn\/"]}]}},"uagb_featured_image_src":{"full":false,"thumbnail":false,"medium":false,"medium_large":false,"large":false,"1536x1536":false,"2048x2048":false,"trp-custom-language-flag":false},"uagb_author_info":{"display_name":"wpAdminCofbOrg","author_link":"https:\/\/www.cofb.org\/ca\/author\/wpadmincofborg\/"},"uagb_comment_info":0,"uagb_excerpt":"ACTIVITAT INSTITUCIONAL FORMACI\u00d3 PROFESSIONAL ACTIVITAT ACAD\u00c8MICA ALTRES ACTIVITATS CIENT\u00cdFIQUES","_links":{"self":[{"href":"https:\/\/www.cofb.org\/ca\/wp-json\/wp\/v2\/pages\/68363","targetHints":{"allow":["GET"]}}],"collection":[{"href":"https:\/\/www.cofb.org\/ca\/wp-json\/wp\/v2\/pages"}],"about":[{"href":"https:\/\/www.cofb.org\/ca\/wp-json\/wp\/v2\/types\/page"}],"author":[{"embeddable":true,"href":"https:\/\/www.cofb.org\/ca\/wp-json\/wp\/v2\/users\/1"}],"replies":[{"embeddable":true,"href":"https:\/\/www.cofb.org\/ca\/wp-json\/wp\/v2\/comments?post=68363"}],"version-history":[{"count":5,"href":"https:\/\/www.cofb.org\/ca\/wp-json\/wp\/v2\/pages\/68363\/revisions"}],"predecessor-version":[{"id":78475,"href":"https:\/\/www.cofb.org\/ca\/wp-json\/wp\/v2\/pages\/68363\/revisions\/78475"}],"up":[{"embeddable":true,"href":"https:\/\/www.cofb.org\/ca\/wp-json\/wp\/v2\/pages\/2614"}],"wp:attachment":[{"href":"https:\/\/www.cofb.org\/ca\/wp-json\/wp\/v2\/media?parent=68363"}],"curies":[{"name":"wp","href":"https:\/\/api.w.org\/{rel}","templated":true}]}}