{"id":67765,"date":"2023-07-27T09:23:46","date_gmt":"2023-07-27T09:23:46","guid":{"rendered":"https:\/\/novaorg.cofb.net\/?page_id=67765"},"modified":"2024-08-22T12:01:07","modified_gmt":"2024-08-22T12:01:07","slug":"programa-dintercanvi-de-xeringues-pix","status":"publish","type":"page","link":"https:\/\/www.cofb.org\/ca\/que-oferim\/ciutadans\/serveis-a-la-poblacio\/programa-dintercanvi-de-xeringues-pix\/","title":{"rendered":"Programa d&#8217;intercanvi de xeringues (PIX)"},"content":{"rendered":"\n<div class=\"wp-block-uagb-image uagb-block-cab483d7 wp-block-uagb-image--layout-default wp-block-uagb-image--effect-static wp-block-uagb-image--align-none\"><figure class=\"wp-block-uagb-image__figure\"><img loading=\"lazy\" decoding=\"async\" srcset=\"https:\/\/www.cofb.org\/wp-content\/uploads\/2023\/07\/programa-intercanvi-xeringues.jpg \" sizes=\"auto, (max-width: 480px) 150px\" src=\"https:\/\/www.cofb.org\/wp-content\/uploads\/2023\/07\/programa-intercanvi-xeringues.jpg\" alt=\"\" class=\"uag-image-67766\" width=\"840\" height=\"310\" title=\"\" loading=\"lazy\" role=\"img\"\/><\/figure><\/div>\n\n\n\n<h2 class=\"wp-block-heading\">Qu\u00e8 \u00e9s el PIX?<\/h2>\n\n\n\n<p id=\"yui_patched_v3_11_0_1_1690449469378_303\">El Programa d\u2019intercanvi de xeringues (PIX) \u00e9s un&nbsp;<strong>programa de reducci\u00f3 de danys adre\u00e7at a usuaris de drogues injectables.&nbsp;<\/strong><\/p>\n\n\n\n<h2 class=\"wp-block-heading\">Quin objectiu t\u00e9? <\/h2>\n\n\n\n<p id=\"yui_patched_v3_11_0_1_1690449469378_316\">T\u00e9 per&nbsp;objectiu&nbsp;<strong>evitar que els usuaris de drogues injectables<\/strong>&nbsp;<strong>comparteixin les xeringues utilitzades per administrar-se subst\u00e0ncies psicoactives&nbsp;i, conseg\u00fcentment,&nbsp;que&nbsp;no afegeixin al seu problema de toxicomania altres patologies org\u00e0niques com la sida o l&#8217;hepatitis<\/strong>,<strong>&nbsp;<\/strong>que deterioren encara m\u00e9s la seva salut.<\/p>\n\n\n\n<p id=\"yui_patched_v3_11_0_1_1690449469378_314\">En definitiva, pret\u00e9n&nbsp;<strong>evitar que aquests usuaris&nbsp;es trobin amb malalties associades<\/strong>&nbsp;que dificultin la millora global el dia que decideixin abordar el seu problema de base.<\/p>\n\n\n\n<h2 class=\"wp-block-heading\">Com funciona?<\/h2>\n\n\n\n<p id=\"yui_patched_v3_11_0_1_1690449469378_320\">El programa consisteix en la&nbsp;<strong>distribuci\u00f3 gratu\u00efta a les oficines de farm\u00e0cia d&#8217;uns &#8220;kits&#8221; que contenen una xeringa<\/strong>&nbsp;amb la seva corresponent funda, aigua destil\u00b7lada, cot\u00f3 humit amb antis\u00e8ptic i un preservatiu. Es demana a l&#8217;usuari que retorni la xeringa a l&#8217;oficina de farm\u00e0cia&nbsp; un cop usada.<\/p>\n\n\n\n<p id=\"yui_patched_v3_11_0_1_1690449469378_324\">El&nbsp;farmac\u00e8utic tamb\u00e9 ofereix consell<strong>&nbsp;sobre prevenci\u00f3 i higiene, i d\u00f3na suport i orientaci\u00f3<\/strong>&nbsp;en cas que l\u2019usuari es plantegi alguna opci\u00f3 terap\u00e8utica.<\/p>\n\n\n\n<h2 class=\"wp-block-heading\">Qu\u00e8 s&#8217;ha aconseguit? <\/h2>\n\n\n\n<p><strong>L&#8217;any 2023:<\/strong><\/p>\n\n\n\n<ul class=\"wp-block-list\">\n<li>Van col\u00b7laborar-hi&nbsp;<strong>291&nbsp;farm\u00e0cies<\/strong>&nbsp;de la prov\u00edncia de Barcelona, que al llarg de l\u2019any han registrat <strong>44.039 kits dispensats<\/strong>.<\/li>\n<\/ul>\n\n\n\n<p>Actualment, l\u2019actuaci\u00f3 de les farm\u00e0cies est\u00e0 recollida en el&nbsp;<a rel=\"noreferrer noopener\" href=\"http:\/\/drogues.gencat.cat\/ca\/detalls\/Article\/interncavi-xeringues\" target=\"_blank\">Pla Funcional del programa d\u2019intercanvi de xeringues a les farm\u00e0cies comunit\u00e0ries<\/a>.<\/p>\n\n\n\n<h2 class=\"wp-block-heading\">On es duu a terme?<\/h2>\n\n\n\n<p>A les&nbsp;<strong>farm\u00e0cies de Barcelona<\/strong>&nbsp;que estiguin adherides a la prestaci\u00f3 del servei. Les pots consultar a&nbsp;<a rel=\"noreferrer noopener\" href=\"https:\/\/www.farmaceuticonline.com\/serveis-addicionals\/programa-dintercanvi-de-xeringues-pix\/\" target=\"_blank\">farmaceuticonline.com<\/a>.&nbsp;<\/p>\n\n\n\n<h2 class=\"wp-block-heading\">Material de suport<\/h2>\n\n\n\n<div class=\"wp-block-uagb-image uagb-block-c506aa07 wp-block-uagb-image--layout-default wp-block-uagb-image--effect-static wp-block-uagb-image--align-none\"><figure class=\"wp-block-uagb-image__figure\"><img loading=\"lazy\" decoding=\"async\" srcset=\"https:\/\/www.cofb.org\/wp-content\/uploads\/2023\/09\/xeringues.jpg \" sizes=\"auto, (max-width: 480px) 150px\" src=\"https:\/\/www.cofb.org\/wp-content\/uploads\/2023\/09\/xeringues.jpg\" alt=\"\" class=\"uag-image-68527\" width=\"233\" height=\"141\" title=\"\" loading=\"lazy\" role=\"img\"\/><\/figure><\/div>\n\n\n\n<h2 class=\"wp-block-heading\">M\u00e9s informaci\u00f3<\/h2>\n\n\n\n<p class=\"icones\"><img decoding=\"async\" width=\"150\" height=\"176\" class=\"wp-image-67596\" style=\"width: 150px;\" src=\"https:\/\/www.cofb.org\/wp-content\/uploads\/2023\/07\/logo-cofb-negre.jpg\" alt=\"\">&nbsp;Departament de&nbsp;Formaci\u00f3 i Desenvolupament Professional del COFB<\/p>\n\n\n\n<p class=\"icones\"><img decoding=\"async\" alt=\"\" src=\"https:\/\/www.cofb.org\/documents\/10136\/1067764\/Correu.png\/69f7b5c4-3c19-447d-9ff6-25e8e46c97cf?t=1542018760660\">&nbsp;Correu electr\u00f2nic:&nbsp;<a href=\"mailto:projectes@cofb.net\">projectes@cofb.net<\/a><\/p>\n\n\n\n<p class=\"icones\"><img decoding=\"async\" src=\"https:\/\/www.cofb.org\/documents\/10136\/1067764\/Tel%C3%A9fono.png\/83de66f5-8867-4acf-ba6c-ea129dc67556?t=1542018738546\" alt=\"\">&nbsp;Tel\u00e8fon:&nbsp;93 244 07 10 (ext. 2)<\/p>\n\n\n\n<p class=\"icones\"><img decoding=\"async\" width=\"70\" height=\"70\" class=\"wp-image-67601\" style=\"width: 70px;\" src=\"https:\/\/www.cofb.org\/wp-content\/uploads\/2023\/07\/web-cofb-1.png\" alt=\"\">\u00a0<a href=\"https:\/\/drogues.gencat.cat\/ca\/detalls\/Article\/interncavi-xeringues\" target=\"_blank\" rel=\"noreferrer noopener\">Pla funcional del programa d&#8217;intercanvi de xeringues a les farm\u00e0cies comunit\u00e0ries<\/a><\/p>\n","protected":false},"excerpt":{"rendered":"<p>Qu\u00e8 \u00e9s el PIX? El Programa d\u2019intercanvi de xeringues (PIX) \u00e9s un&nbsp;programa de reducci\u00f3 de danys adre\u00e7at a usuaris de drogues injectables.&nbsp; Quin objectiu t\u00e9? T\u00e9 per&nbsp;objectiu&nbsp;evitar que els usuaris de drogues injectables&nbsp;comparteixin les xeringues utilitzades per administrar-se subst\u00e0ncies psicoactives&nbsp;i, conseg\u00fcentment,&nbsp;que&nbsp;no afegeixin al seu problema de toxicomania altres patologies org\u00e0niques [&hellip;]<\/p>\n","protected":false},"author":1,"featured_media":0,"parent":2951,"menu_order":9,"comment_status":"closed","ping_status":"closed","template":"","meta":{"_uag_custom_page_level_css":"","site-sidebar-layout":"default","site-content-layout":"","ast-site-content-layout":"default","site-content-style":"default","site-sidebar-style":"default","ast-global-header-display":"","ast-banner-title-visibility":"","ast-main-header-display":"","ast-hfb-above-header-display":"","ast-hfb-below-header-display":"","ast-hfb-mobile-header-display":"","site-post-title":"","ast-breadcrumbs-content":"","ast-featured-img":"","footer-sml-layout":"","theme-transparent-header-meta":"","adv-header-id-meta":"","stick-header-meta":"","header-above-stick-meta":"","header-main-stick-meta":"","header-below-stick-meta":"","astra-migrate-meta-layouts":"set","ast-page-background-enabled":"default","ast-page-background-meta":{"desktop":{"background-color":"var(--ast-global-color-4)","background-image":"","background-repeat":"repeat","background-position":"center center","background-size":"auto","background-attachment":"scroll","background-type":"","background-media":"","overlay-type":"","overlay-color":"","overlay-opacity":"","overlay-gradient":""},"tablet":{"background-color":"","background-image":"","background-repeat":"repeat","background-position":"center center","background-size":"auto","background-attachment":"scroll","background-type":"","background-media":"","overlay-type":"","overlay-color":"","overlay-opacity":"","overlay-gradient":""},"mobile":{"background-color":"","background-image":"","background-repeat":"repeat","background-position":"center center","background-size":"auto","background-attachment":"scroll","background-type":"","background-media":"","overlay-type":"","overlay-color":"","overlay-opacity":"","overlay-gradient":""}},"ast-content-background-meta":{"desktop":{"background-color":"var(--ast-global-color-5)","background-image":"","background-repeat":"repeat","background-position":"center center","background-size":"auto","background-attachment":"scroll","background-type":"","background-media":"","overlay-type":"","overlay-color":"","overlay-opacity":"","overlay-gradient":""},"tablet":{"background-color":"var(--ast-global-color-5)","background-image":"","background-repeat":"repeat","background-position":"center center","background-size":"auto","background-attachment":"scroll","background-type":"","background-media":"","overlay-type":"","overlay-color":"","overlay-opacity":"","overlay-gradient":""},"mobile":{"background-color":"var(--ast-global-color-5)","background-image":"","background-repeat":"repeat","background-position":"center center","background-size":"auto","background-attachment":"scroll","background-type":"","background-media":"","overlay-type":"","overlay-color":"","overlay-opacity":"","overlay-gradient":""}},"footnotes":""},"class_list":["post-67765","page","type-page","status-publish","hentry"],"yoast_head":"<!-- This site is optimized with the Yoast SEO plugin v22.4 - https:\/\/yoast.com\/wordpress\/plugins\/seo\/ -->\n<title>Programa d&#039;intercanvi de xeringues (PIX) - Col\u00b7legi de Farmac\u00e8utics de Barcelona<\/title>\n<meta name=\"robots\" content=\"index, follow, max-snippet:-1, max-image-preview:large, max-video-preview:-1\" \/>\n<link rel=\"canonical\" href=\"https:\/\/www.cofb.org\/ca\/que-oferim\/ciutadans\/serveis-a-la-poblacio\/programa-dintercanvi-de-xeringues-pix\/\" \/>\n<meta property=\"og:locale\" content=\"ca_ES\" \/>\n<meta property=\"og:type\" content=\"article\" \/>\n<meta property=\"og:title\" content=\"Programa d&#039;intercanvi de xeringues (PIX) - Col\u00b7legi de Farmac\u00e8utics de Barcelona\" \/>\n<meta property=\"og:description\" content=\"Qu\u00e8 \u00e9s el PIX? El Programa d\u2019intercanvi de xeringues (PIX) \u00e9s un&nbsp;programa de reducci\u00f3 de danys adre\u00e7at a usuaris de drogues injectables.&nbsp; Quin objectiu t\u00e9? T\u00e9 per&nbsp;objectiu&nbsp;evitar que els usuaris de drogues injectables&nbsp;comparteixin les xeringues utilitzades per administrar-se subst\u00e0ncies psicoactives&nbsp;i, conseg\u00fcentment,&nbsp;que&nbsp;no afegeixin al seu problema de toxicomania altres patologies org\u00e0niques [&hellip;]\" \/>\n<meta property=\"og:url\" content=\"https:\/\/www.cofb.org\/ca\/que-oferim\/ciutadans\/serveis-a-la-poblacio\/programa-dintercanvi-de-xeringues-pix\/\" \/>\n<meta property=\"og:site_name\" content=\"Col\u00b7legi de Farmac\u00e8utics de Barcelona\" \/>\n<meta property=\"article:publisher\" content=\"https:\/\/www.facebook.com\/farmaceuticsbcn\/\" \/>\n<meta property=\"article:modified_time\" content=\"2024-08-22T12:01:07+00:00\" \/>\n<meta property=\"og:image\" content=\"https:\/\/www.cofb.org\/wp-content\/uploads\/2023\/07\/programa-intercanvi-xeringues.jpg\" \/>\n<meta name=\"twitter:card\" content=\"summary_large_image\" \/>\n<meta name=\"twitter:site\" content=\"@farmaceuticsbcn\" \/>\n<meta name=\"twitter:label1\" content=\"Temps estimat de lectura\" \/>\n\t<meta name=\"twitter:data1\" content=\"3 minuts\" \/>\n<script type=\"application\/ld+json\" class=\"yoast-schema-graph\">{\"@context\":\"https:\/\/schema.org\",\"@graph\":[{\"@type\":\"WebPage\",\"@id\":\"https:\/\/www.cofb.org\/que-oferim\/ciutadans\/serveis-a-la-poblacio\/programa-dintercanvi-de-xeringues-pix\/\",\"url\":\"https:\/\/www.cofb.org\/que-oferim\/ciutadans\/serveis-a-la-poblacio\/programa-dintercanvi-de-xeringues-pix\/\",\"name\":\"Programa d'intercanvi de xeringues (PIX) - Col\u00b7legi de Farmac\u00e8utics de Barcelona\",\"isPartOf\":{\"@id\":\"https:\/\/www.cofb.org\/#website\"},\"primaryImageOfPage\":{\"@id\":\"https:\/\/www.cofb.org\/que-oferim\/ciutadans\/serveis-a-la-poblacio\/programa-dintercanvi-de-xeringues-pix\/#primaryimage\"},\"image\":{\"@id\":\"https:\/\/www.cofb.org\/que-oferim\/ciutadans\/serveis-a-la-poblacio\/programa-dintercanvi-de-xeringues-pix\/#primaryimage\"},\"thumbnailUrl\":\"https:\/\/www.cofb.org\/wp-content\/uploads\/2023\/07\/programa-intercanvi-xeringues.jpg\",\"datePublished\":\"2023-07-27T09:23:46+00:00\",\"dateModified\":\"2024-08-22T12:01:07+00:00\",\"breadcrumb\":{\"@id\":\"https:\/\/www.cofb.org\/que-oferim\/ciutadans\/serveis-a-la-poblacio\/programa-dintercanvi-de-xeringues-pix\/#breadcrumb\"},\"inLanguage\":\"ca\",\"potentialAction\":[{\"@type\":\"ReadAction\",\"target\":[\"https:\/\/www.cofb.org\/que-oferim\/ciutadans\/serveis-a-la-poblacio\/programa-dintercanvi-de-xeringues-pix\/\"]}]},{\"@type\":\"ImageObject\",\"inLanguage\":\"ca\",\"@id\":\"https:\/\/www.cofb.org\/que-oferim\/ciutadans\/serveis-a-la-poblacio\/programa-dintercanvi-de-xeringues-pix\/#primaryimage\",\"url\":\"https:\/\/www.cofb.org\/wp-content\/uploads\/2023\/07\/programa-intercanvi-xeringues.jpg\",\"contentUrl\":\"https:\/\/www.cofb.org\/wp-content\/uploads\/2023\/07\/programa-intercanvi-xeringues.jpg\"},{\"@type\":\"BreadcrumbList\",\"@id\":\"https:\/\/www.cofb.org\/que-oferim\/ciutadans\/serveis-a-la-poblacio\/programa-dintercanvi-de-xeringues-pix\/#breadcrumb\",\"itemListElement\":[{\"@type\":\"ListItem\",\"position\":1,\"name\":\"Inici\",\"item\":\"https:\/\/novaorg.cofb.net\/\"},{\"@type\":\"ListItem\",\"position\":2,\"name\":\"Qu\u00e8 oferim?\",\"item\":\"https:\/\/novaorg.cofb.net\/que-oferim\/\"},{\"@type\":\"ListItem\",\"position\":3,\"name\":\"Ciutadans\",\"item\":\"https:\/\/novaorg.cofb.net\/que-oferim\/ciutadans\/\"},{\"@type\":\"ListItem\",\"position\":4,\"name\":\"Serveis a la poblaci\u00f3\",\"item\":\"https:\/\/www.cofb.org\/que-oferim\/ciutadans\/serveis-a-la-poblacio\/\"},{\"@type\":\"ListItem\",\"position\":5,\"name\":\"Programa d&#8217;intercanvi de xeringues (PIX)\"}]},{\"@type\":\"WebSite\",\"@id\":\"https:\/\/www.cofb.org\/#website\",\"url\":\"https:\/\/www.cofb.org\/\",\"name\":\"Col\u00b7legi de Farmac\u00e8utics de Barcelona\",\"description\":\"\",\"publisher\":{\"@id\":\"https:\/\/www.cofb.org\/#organization\"},\"potentialAction\":[{\"@type\":\"SearchAction\",\"target\":{\"@type\":\"EntryPoint\",\"urlTemplate\":\"https:\/\/www.cofb.org\/?s={search_term_string}\"},\"query-input\":\"required name=search_term_string\"}],\"inLanguage\":\"ca\"},{\"@type\":\"Organization\",\"@id\":\"https:\/\/www.cofb.org\/#organization\",\"name\":\"Col\u00b7legi de Farmac\u00e8utics de Barcelona\",\"url\":\"https:\/\/www.cofb.org\/\",\"logo\":{\"@type\":\"ImageObject\",\"inLanguage\":\"ca\",\"@id\":\"https:\/\/www.cofb.org\/#\/schema\/logo\/image\/\",\"url\":\"https:\/\/www.cofb.org\/wp-content\/uploads\/2023\/11\/cropped-Logotip-COFB.png\",\"contentUrl\":\"https:\/\/www.cofb.org\/wp-content\/uploads\/2023\/11\/cropped-Logotip-COFB.png\",\"width\":500,\"height\":105,\"caption\":\"Col\u00b7legi de Farmac\u00e8utics de Barcelona\"},\"image\":{\"@id\":\"https:\/\/www.cofb.org\/#\/schema\/logo\/image\/\"},\"sameAs\":[\"https:\/\/www.facebook.com\/farmaceuticsbcn\/\",\"https:\/\/twitter.com\/farmaceuticsbcn\",\"https:\/\/www.instagram.com\/farmaceuticsbcn\/\",\"https:\/\/www.linkedin.com\/company\/farmaceuticsbcn\/\"]}]}<\/script>\n<!-- \/ Yoast SEO plugin. -->","yoast_head_json":{"title":"Programa d'intercanvi de xeringues (PIX) - Col\u00b7legi de Farmac\u00e8utics de Barcelona","robots":{"index":"index","follow":"follow","max-snippet":"max-snippet:-1","max-image-preview":"max-image-preview:large","max-video-preview":"max-video-preview:-1"},"canonical":"https:\/\/www.cofb.org\/ca\/que-oferim\/ciutadans\/serveis-a-la-poblacio\/programa-dintercanvi-de-xeringues-pix\/","og_locale":"ca_ES","og_type":"article","og_title":"Programa d'intercanvi de xeringues (PIX) - Col\u00b7legi de Farmac\u00e8utics de Barcelona","og_description":"Qu\u00e8 \u00e9s el PIX? El Programa d\u2019intercanvi de xeringues (PIX) \u00e9s un&nbsp;programa de reducci\u00f3 de danys adre\u00e7at a usuaris de drogues injectables.&nbsp; Quin objectiu t\u00e9? T\u00e9 per&nbsp;objectiu&nbsp;evitar que els usuaris de drogues injectables&nbsp;comparteixin les xeringues utilitzades per administrar-se subst\u00e0ncies psicoactives&nbsp;i, conseg\u00fcentment,&nbsp;que&nbsp;no afegeixin al seu problema de toxicomania altres patologies org\u00e0niques [&hellip;]","og_url":"https:\/\/www.cofb.org\/ca\/que-oferim\/ciutadans\/serveis-a-la-poblacio\/programa-dintercanvi-de-xeringues-pix\/","og_site_name":"Col\u00b7legi de Farmac\u00e8utics de Barcelona","article_publisher":"https:\/\/www.facebook.com\/farmaceuticsbcn\/","article_modified_time":"2024-08-22T12:01:07+00:00","og_image":[{"url":"https:\/\/www.cofb.org\/wp-content\/uploads\/2023\/07\/programa-intercanvi-xeringues.jpg"}],"twitter_card":"summary_large_image","twitter_site":"@farmaceuticsbcn","twitter_misc":{"Temps estimat de lectura":"3 minuts"},"schema":{"@context":"https:\/\/schema.org","@graph":[{"@type":"WebPage","@id":"https:\/\/www.cofb.org\/que-oferim\/ciutadans\/serveis-a-la-poblacio\/programa-dintercanvi-de-xeringues-pix\/","url":"https:\/\/www.cofb.org\/que-oferim\/ciutadans\/serveis-a-la-poblacio\/programa-dintercanvi-de-xeringues-pix\/","name":"Programa d'intercanvi de xeringues (PIX) - Col\u00b7legi de Farmac\u00e8utics de Barcelona","isPartOf":{"@id":"https:\/\/www.cofb.org\/#website"},"primaryImageOfPage":{"@id":"https:\/\/www.cofb.org\/que-oferim\/ciutadans\/serveis-a-la-poblacio\/programa-dintercanvi-de-xeringues-pix\/#primaryimage"},"image":{"@id":"https:\/\/www.cofb.org\/que-oferim\/ciutadans\/serveis-a-la-poblacio\/programa-dintercanvi-de-xeringues-pix\/#primaryimage"},"thumbnailUrl":"https:\/\/www.cofb.org\/wp-content\/uploads\/2023\/07\/programa-intercanvi-xeringues.jpg","datePublished":"2023-07-27T09:23:46+00:00","dateModified":"2024-08-22T12:01:07+00:00","breadcrumb":{"@id":"https:\/\/www.cofb.org\/que-oferim\/ciutadans\/serveis-a-la-poblacio\/programa-dintercanvi-de-xeringues-pix\/#breadcrumb"},"inLanguage":"ca","potentialAction":[{"@type":"ReadAction","target":["https:\/\/www.cofb.org\/que-oferim\/ciutadans\/serveis-a-la-poblacio\/programa-dintercanvi-de-xeringues-pix\/"]}]},{"@type":"ImageObject","inLanguage":"ca","@id":"https:\/\/www.cofb.org\/que-oferim\/ciutadans\/serveis-a-la-poblacio\/programa-dintercanvi-de-xeringues-pix\/#primaryimage","url":"https:\/\/www.cofb.org\/wp-content\/uploads\/2023\/07\/programa-intercanvi-xeringues.jpg","contentUrl":"https:\/\/www.cofb.org\/wp-content\/uploads\/2023\/07\/programa-intercanvi-xeringues.jpg"},{"@type":"BreadcrumbList","@id":"https:\/\/www.cofb.org\/que-oferim\/ciutadans\/serveis-a-la-poblacio\/programa-dintercanvi-de-xeringues-pix\/#breadcrumb","itemListElement":[{"@type":"ListItem","position":1,"name":"Inici","item":"https:\/\/novaorg.cofb.net\/"},{"@type":"ListItem","position":2,"name":"Qu\u00e8 oferim?","item":"https:\/\/novaorg.cofb.net\/que-oferim\/"},{"@type":"ListItem","position":3,"name":"Ciutadans","item":"https:\/\/novaorg.cofb.net\/que-oferim\/ciutadans\/"},{"@type":"ListItem","position":4,"name":"Serveis a la poblaci\u00f3","item":"https:\/\/www.cofb.org\/que-oferim\/ciutadans\/serveis-a-la-poblacio\/"},{"@type":"ListItem","position":5,"name":"Programa d&#8217;intercanvi de xeringues (PIX)"}]},{"@type":"WebSite","@id":"https:\/\/www.cofb.org\/#website","url":"https:\/\/www.cofb.org\/","name":"Col\u00b7legi de Farmac\u00e8utics de Barcelona","description":"","publisher":{"@id":"https:\/\/www.cofb.org\/#organization"},"potentialAction":[{"@type":"SearchAction","target":{"@type":"EntryPoint","urlTemplate":"https:\/\/www.cofb.org\/?s={search_term_string}"},"query-input":"required name=search_term_string"}],"inLanguage":"ca"},{"@type":"Organization","@id":"https:\/\/www.cofb.org\/#organization","name":"Col\u00b7legi de Farmac\u00e8utics de Barcelona","url":"https:\/\/www.cofb.org\/","logo":{"@type":"ImageObject","inLanguage":"ca","@id":"https:\/\/www.cofb.org\/#\/schema\/logo\/image\/","url":"https:\/\/www.cofb.org\/wp-content\/uploads\/2023\/11\/cropped-Logotip-COFB.png","contentUrl":"https:\/\/www.cofb.org\/wp-content\/uploads\/2023\/11\/cropped-Logotip-COFB.png","width":500,"height":105,"caption":"Col\u00b7legi de Farmac\u00e8utics de Barcelona"},"image":{"@id":"https:\/\/www.cofb.org\/#\/schema\/logo\/image\/"},"sameAs":["https:\/\/www.facebook.com\/farmaceuticsbcn\/","https:\/\/twitter.com\/farmaceuticsbcn","https:\/\/www.instagram.com\/farmaceuticsbcn\/","https:\/\/www.linkedin.com\/company\/farmaceuticsbcn\/"]}]}},"uagb_featured_image_src":{"full":false,"thumbnail":false,"medium":false,"medium_large":false,"large":false,"1536x1536":false,"2048x2048":false,"trp-custom-language-flag":false},"uagb_author_info":{"display_name":"wpAdminCofbOrg","author_link":"https:\/\/www.cofb.org\/ca\/author\/wpadmincofborg\/"},"uagb_comment_info":0,"uagb_excerpt":"Qu\u00e8 \u00e9s el PIX? El Programa d\u2019intercanvi de xeringues (PIX) \u00e9s un&nbsp;programa de reducci\u00f3 de danys adre\u00e7at a usuaris de drogues injectables.&nbsp; Quin objectiu t\u00e9? T\u00e9 per&nbsp;objectiu&nbsp;evitar que els usuaris de drogues injectables&nbsp;comparteixin les xeringues utilitzades per administrar-se subst\u00e0ncies psicoactives&nbsp;i, conseg\u00fcentment,&nbsp;que&nbsp;no afegeixin al seu problema de toxicomania altres patologies org\u00e0niques [&hellip;]","_links":{"self":[{"href":"https:\/\/www.cofb.org\/ca\/wp-json\/wp\/v2\/pages\/67765","targetHints":{"allow":["GET"]}}],"collection":[{"href":"https:\/\/www.cofb.org\/ca\/wp-json\/wp\/v2\/pages"}],"about":[{"href":"https:\/\/www.cofb.org\/ca\/wp-json\/wp\/v2\/types\/page"}],"author":[{"embeddable":true,"href":"https:\/\/www.cofb.org\/ca\/wp-json\/wp\/v2\/users\/1"}],"replies":[{"embeddable":true,"href":"https:\/\/www.cofb.org\/ca\/wp-json\/wp\/v2\/comments?post=67765"}],"version-history":[{"count":4,"href":"https:\/\/www.cofb.org\/ca\/wp-json\/wp\/v2\/pages\/67765\/revisions"}],"predecessor-version":[{"id":79364,"href":"https:\/\/www.cofb.org\/ca\/wp-json\/wp\/v2\/pages\/67765\/revisions\/79364"}],"up":[{"embeddable":true,"href":"https:\/\/www.cofb.org\/ca\/wp-json\/wp\/v2\/pages\/2951"}],"wp:attachment":[{"href":"https:\/\/www.cofb.org\/ca\/wp-json\/wp\/v2\/media?parent=67765"}],"curies":[{"name":"wp","href":"https:\/\/api.w.org\/{rel}","templated":true}]}}