{"id":67760,"date":"2023-07-27T09:16:59","date_gmt":"2023-07-27T09:16:59","guid":{"rendered":"https:\/\/novaorg.cofb.net\/?page_id=67760"},"modified":"2024-08-22T12:00:13","modified_gmt":"2024-08-22T12:00:13","slug":"programa-de-manteniment-amb-metadona-pmm","status":"publish","type":"page","link":"https:\/\/www.cofb.org\/ca\/que-oferim\/ciutadans\/serveis-a-la-poblacio\/programa-de-manteniment-amb-metadona-pmm\/","title":{"rendered":"Programa de manteniment amb metadona (PMM)"},"content":{"rendered":"\n<div class=\"wp-block-uagb-image uagb-block-e774a8dc wp-block-uagb-image--layout-default wp-block-uagb-image--effect-static wp-block-uagb-image--align-none\"><figure class=\"wp-block-uagb-image__figure\"><img loading=\"lazy\" decoding=\"async\" srcset=\"https:\/\/www.cofb.org\/wp-content\/uploads\/2023\/07\/Programa-de-Manteniment-amb-Metadona-capcalera.JPG-1024x457.jpg \" sizes=\"auto, (max-width: 480px) 150px\" src=\"https:\/\/www.cofb.org\/wp-content\/uploads\/2023\/07\/Programa-de-Manteniment-amb-Metadona-capcalera.JPG-1024x457.jpg\" alt=\"\" class=\"uag-image-67761\" width=\"1024\" height=\"457\" title=\"\" loading=\"lazy\" role=\"img\"\/><\/figure><\/div>\n\n\n\n<h2 class=\"wp-block-heading\">Qu\u00e8 \u00e9s el programa de manteniment amb metadona (PMM)?<\/h2>\n\n\n\n<p id=\"yui_patched_v3_11_0_1_1690448760751_320\">El Programa de&nbsp;Manteniment amb Metadona (PMM) \u00e9s un dels t<strong>ractaments d&#8217;elecci\u00f3 utilitzats per a&nbsp;la depend\u00e8ncia de l&#8217;hero\u00efna<\/strong>.&nbsp;Les&nbsp;<strong>farm\u00e0cies hi participen des del 1990<\/strong>&nbsp;i ho fan&nbsp;juntament amb altres agents sanitaris i socials.<\/p>\n\n\n\n<h2 class=\"wp-block-heading\">Quin objectiu t\u00e9?<\/h2>\n\n\n\n<p id=\"yui_patched_v3_11_0_1_1690448760751_327\">Apropar els tractaments de manteniment amb agonistes opiacis als usuaris,&nbsp;<strong>fent-los m\u00e9s accessibles<\/strong>&nbsp;i&nbsp;<strong>incrementant la cobertura<\/strong>&nbsp;per millorar el tractament i&nbsp;<strong>modificar les pr\u00e0ctiques de risc<\/strong>.&nbsp;<\/p>\n\n\n\n<h2 class=\"wp-block-heading\">Com funciona?<\/h2>\n\n\n\n<p id=\"yui_patched_v3_11_0_1_1690448760751_331\">El tractament inclou l&#8217;<strong>administraci\u00f3 individualitzada de l\u2019agonista opioide (metadona)<\/strong>&nbsp;juntament amb actuacions multidisciplin\u00e0ries en l&#8217;\u00e0rea m\u00e8dica, social, de salut i legal de les persones usu\u00e0ries.<\/p>\n\n\n\n<p id=\"yui_patched_v3_11_0_1_1690448760751_335\">S&#8217;emmarca dins de les&nbsp;<strong>actuacions i estrat\u00e8gies de&nbsp;reducci\u00f3 de danys,&nbsp;<\/strong>\u00e9s a dir,&nbsp;en el conjunt de mesures socials i sanit\u00e0ries individuals i col\u00b7lectives que pretenen disminuir els efectes negatius del consum de drogues tan&nbsp;f\u00edsics, ps\u00edquics o socials.<\/p>\n\n\n\n<p id=\"yui_patched_v3_11_0_1_1690448760751_342\">Actualment, a Catalunya podem trobar el programa en<strong>&nbsp;diferents recursos de la xarxa sanit\u00e0ria pr\u00e8viament autoritzats<\/strong>: centres d&#8217;atenci\u00f3 i seguiment a les drogodepend\u00e8ncies&nbsp;(CAS), ambulatoris, farm\u00e0cies, centres d&#8217;atenci\u00f3 prim\u00e0ria i&nbsp;centres de salut mental.<\/p>\n\n\n\n<h2 class=\"wp-block-heading\">Qu\u00e8 s&#8217;ha aconseguit? <\/h2>\n\n\n\n<p>L&#8217;any 2023:<\/p>\n\n\n\n<ul class=\"wp-block-list\">\n<li>Hi han col\u00b7laborat&nbsp;<strong>79 farm\u00e0cies<\/strong>.<\/li>\n<\/ul>\n\n\n\n<h2 class=\"wp-block-heading\">On es duu a terme? <\/h2>\n\n\n\n<p id=\"yui_patched_v3_11_0_1_1690448760751_352\">En aquelles<strong>&nbsp;farm\u00e0cies de Barcelona que estiguin adherides a la prestaci\u00f3 del servei<\/strong>,&nbsp;concertat pel Departament de Salut de la Generalitat de Catalunya.&nbsp;<a href=\"mailto:projectes@cofb.net\"><\/a><\/p>\n\n\n\n<h2 class=\"wp-block-heading\">Material de suport<\/h2>\n\n\n\n<div class=\"wp-block-uagb-image uagb-block-671bd70f wp-block-uagb-image--layout-default wp-block-uagb-image--effect-static wp-block-uagb-image--align-none\"><figure class=\"wp-block-uagb-image__figure\"><a class=\"\" href=\"https:\/\/www.cofb.org\/wp-content\/uploads\/2023\/09\/metadona.jpg\" target=\"_blank\" rel=\"noreferrer noopener\"><img loading=\"lazy\" decoding=\"async\" srcset=\"https:\/\/www.cofb.org\/wp-content\/uploads\/2023\/09\/metadona.jpg \" sizes=\"auto, (max-width: 480px) 150px\" src=\"https:\/\/www.cofb.org\/wp-content\/uploads\/2023\/09\/metadona.jpg\" alt=\"\" class=\"uag-image-68525\" width=\"302\" height=\"377\" title=\"\" loading=\"lazy\" role=\"img\"\/><\/a><\/figure><\/div>\n\n\n\n<h2 class=\"wp-block-heading\">M\u00e9s informaci\u00f3<\/h2>\n\n\n\n<p class=\"icones\"><img decoding=\"async\" width=\"150\" height=\"176\" class=\"wp-image-67596\" style=\"width: 150px;\" src=\"https:\/\/www.cofb.org\/wp-content\/uploads\/2023\/07\/logo-cofb-negre.jpg\" alt=\"\">&nbsp;Departament de&nbsp;Formaci\u00f3 i Desenvolupament Professional del COFB<\/p>\n\n\n\n<p class=\"icones\"><img decoding=\"async\" alt=\"\" src=\"https:\/\/www.cofb.org\/documents\/10136\/1067764\/Correu.png\/69f7b5c4-3c19-447d-9ff6-25e8e46c97cf?t=1542018760660\">&nbsp;Correu electr\u00f2nic:&nbsp;<a href=\"mailto:projectes@cofb.net\">projectes@cofb.net<\/a><\/p>\n\n\n\n<p class=\"icones\"><img decoding=\"async\" src=\"https:\/\/www.cofb.org\/documents\/10136\/1067764\/Tel%C3%A9fono.png\/83de66f5-8867-4acf-ba6c-ea129dc67556?t=1542018738546\" alt=\"\">&nbsp;Tel\u00e8fon:&nbsp;93 244 07 10 (ext. 2)<\/p>\n\n\n\n<p class=\"icones\"><img decoding=\"async\" width=\"70\" height=\"70\" class=\"wp-image-67601\" style=\"width: 70px;\" src=\"https:\/\/www.cofb.org\/wp-content\/uploads\/2023\/07\/web-cofb-1.png\" alt=\"\">\u00a0<a href=\"https:\/\/www.farmaceuticonline.com\/serveis-addicionals\/programa-de-manteniment-amb-metadona-pmm\/\" target=\"_blank\" rel=\"noreferrer noopener\">Farmaceuticonline <\/a>i <a href=\"https:\/\/medicaments.gencat.cat\/ca\/empreses\/oficines-de-farmacia\/serveis-professionals\/metadona\/programa-de-manteniment-amb-metadona-a-oficines-de-farmacia\/\" target=\"_blank\" rel=\"noreferrer noopener\">Gencat<\/a><\/p>\n","protected":false},"excerpt":{"rendered":"<p>Qu\u00e8 \u00e9s el programa de manteniment amb metadona (PMM)? El Programa de&nbsp;Manteniment amb Metadona (PMM) \u00e9s un dels tractaments d&#8217;elecci\u00f3 utilitzats per a&nbsp;la depend\u00e8ncia de l&#8217;hero\u00efna.&nbsp;Les&nbsp;farm\u00e0cies hi participen des del 1990&nbsp;i ho fan&nbsp;juntament amb altres agents sanitaris i socials. Quin objectiu t\u00e9? Apropar els tractaments de manteniment amb agonistes opiacis [&hellip;]<\/p>\n","protected":false},"author":1,"featured_media":0,"parent":2951,"menu_order":9,"comment_status":"closed","ping_status":"closed","template":"","meta":{"_uag_custom_page_level_css":"","site-sidebar-layout":"default","site-content-layout":"","ast-site-content-layout":"default","site-content-style":"default","site-sidebar-style":"default","ast-global-header-display":"","ast-banner-title-visibility":"","ast-main-header-display":"","ast-hfb-above-header-display":"","ast-hfb-below-header-display":"","ast-hfb-mobile-header-display":"","site-post-title":"","ast-breadcrumbs-content":"","ast-featured-img":"","footer-sml-layout":"","theme-transparent-header-meta":"","adv-header-id-meta":"","stick-header-meta":"","header-above-stick-meta":"","header-main-stick-meta":"","header-below-stick-meta":"","astra-migrate-meta-layouts":"set","ast-page-background-enabled":"default","ast-page-background-meta":{"desktop":{"background-color":"var(--ast-global-color-4)","background-image":"","background-repeat":"repeat","background-position":"center center","background-size":"auto","background-attachment":"scroll","background-type":"","background-media":"","overlay-type":"","overlay-color":"","overlay-opacity":"","overlay-gradient":""},"tablet":{"background-color":"","background-image":"","background-repeat":"repeat","background-position":"center center","background-size":"auto","background-attachment":"scroll","background-type":"","background-media":"","overlay-type":"","overlay-color":"","overlay-opacity":"","overlay-gradient":""},"mobile":{"background-color":"","background-image":"","background-repeat":"repeat","background-position":"center center","background-size":"auto","background-attachment":"scroll","background-type":"","background-media":"","overlay-type":"","overlay-color":"","overlay-opacity":"","overlay-gradient":""}},"ast-content-background-meta":{"desktop":{"background-color":"var(--ast-global-color-5)","background-image":"","background-repeat":"repeat","background-position":"center center","background-size":"auto","background-attachment":"scroll","background-type":"","background-media":"","overlay-type":"","overlay-color":"","overlay-opacity":"","overlay-gradient":""},"tablet":{"background-color":"var(--ast-global-color-5)","background-image":"","background-repeat":"repeat","background-position":"center center","background-size":"auto","background-attachment":"scroll","background-type":"","background-media":"","overlay-type":"","overlay-color":"","overlay-opacity":"","overlay-gradient":""},"mobile":{"background-color":"var(--ast-global-color-5)","background-image":"","background-repeat":"repeat","background-position":"center center","background-size":"auto","background-attachment":"scroll","background-type":"","background-media":"","overlay-type":"","overlay-color":"","overlay-opacity":"","overlay-gradient":""}},"footnotes":""},"class_list":["post-67760","page","type-page","status-publish","hentry"],"yoast_head":"<!-- This site is optimized with the Yoast SEO plugin v22.4 - https:\/\/yoast.com\/wordpress\/plugins\/seo\/ -->\n<title>Programa de manteniment amb metadona (PMM) - Col\u00b7legi de Farmac\u00e8utics de Barcelona<\/title>\n<meta name=\"robots\" content=\"index, follow, max-snippet:-1, max-image-preview:large, max-video-preview:-1\" \/>\n<link rel=\"canonical\" href=\"https:\/\/www.cofb.org\/ca\/que-oferim\/ciutadans\/serveis-a-la-poblacio\/programa-de-manteniment-amb-metadona-pmm\/\" \/>\n<meta property=\"og:locale\" content=\"ca_ES\" \/>\n<meta property=\"og:type\" content=\"article\" \/>\n<meta property=\"og:title\" content=\"Programa de manteniment amb metadona (PMM) - Col\u00b7legi de Farmac\u00e8utics de Barcelona\" \/>\n<meta property=\"og:description\" content=\"Qu\u00e8 \u00e9s el programa de manteniment amb metadona (PMM)? El Programa de&nbsp;Manteniment amb Metadona (PMM) \u00e9s un dels tractaments d&#8217;elecci\u00f3 utilitzats per a&nbsp;la depend\u00e8ncia de l&#8217;hero\u00efna.&nbsp;Les&nbsp;farm\u00e0cies hi participen des del 1990&nbsp;i ho fan&nbsp;juntament amb altres agents sanitaris i socials. Quin objectiu t\u00e9? Apropar els tractaments de manteniment amb agonistes opiacis [&hellip;]\" \/>\n<meta property=\"og:url\" content=\"https:\/\/www.cofb.org\/ca\/que-oferim\/ciutadans\/serveis-a-la-poblacio\/programa-de-manteniment-amb-metadona-pmm\/\" \/>\n<meta property=\"og:site_name\" content=\"Col\u00b7legi de Farmac\u00e8utics de Barcelona\" \/>\n<meta property=\"article:publisher\" content=\"https:\/\/www.facebook.com\/farmaceuticsbcn\/\" \/>\n<meta property=\"article:modified_time\" content=\"2024-08-22T12:00:13+00:00\" \/>\n<meta property=\"og:image\" content=\"https:\/\/www.cofb.org\/wp-content\/uploads\/2023\/07\/Programa-de-Manteniment-amb-Metadona-capcalera.JPG-1024x457.jpg\" \/>\n<meta name=\"twitter:card\" content=\"summary_large_image\" \/>\n<meta name=\"twitter:site\" content=\"@farmaceuticsbcn\" \/>\n<meta name=\"twitter:label1\" content=\"Temps estimat de lectura\" \/>\n\t<meta name=\"twitter:data1\" content=\"3 minuts\" \/>\n<script type=\"application\/ld+json\" class=\"yoast-schema-graph\">{\"@context\":\"https:\/\/schema.org\",\"@graph\":[{\"@type\":\"WebPage\",\"@id\":\"https:\/\/www.cofb.org\/que-oferim\/ciutadans\/serveis-a-la-poblacio\/programa-de-manteniment-amb-metadona-pmm\/\",\"url\":\"https:\/\/www.cofb.org\/que-oferim\/ciutadans\/serveis-a-la-poblacio\/programa-de-manteniment-amb-metadona-pmm\/\",\"name\":\"Programa de manteniment amb metadona (PMM) - Col\u00b7legi de Farmac\u00e8utics de Barcelona\",\"isPartOf\":{\"@id\":\"https:\/\/www.cofb.org\/#website\"},\"primaryImageOfPage\":{\"@id\":\"https:\/\/www.cofb.org\/que-oferim\/ciutadans\/serveis-a-la-poblacio\/programa-de-manteniment-amb-metadona-pmm\/#primaryimage\"},\"image\":{\"@id\":\"https:\/\/www.cofb.org\/que-oferim\/ciutadans\/serveis-a-la-poblacio\/programa-de-manteniment-amb-metadona-pmm\/#primaryimage\"},\"thumbnailUrl\":\"https:\/\/www.cofb.org\/wp-content\/uploads\/2023\/07\/Programa-de-Manteniment-amb-Metadona-capcalera.JPG-1024x457.jpg\",\"datePublished\":\"2023-07-27T09:16:59+00:00\",\"dateModified\":\"2024-08-22T12:00:13+00:00\",\"breadcrumb\":{\"@id\":\"https:\/\/www.cofb.org\/que-oferim\/ciutadans\/serveis-a-la-poblacio\/programa-de-manteniment-amb-metadona-pmm\/#breadcrumb\"},\"inLanguage\":\"ca\",\"potentialAction\":[{\"@type\":\"ReadAction\",\"target\":[\"https:\/\/www.cofb.org\/que-oferim\/ciutadans\/serveis-a-la-poblacio\/programa-de-manteniment-amb-metadona-pmm\/\"]}]},{\"@type\":\"ImageObject\",\"inLanguage\":\"ca\",\"@id\":\"https:\/\/www.cofb.org\/que-oferim\/ciutadans\/serveis-a-la-poblacio\/programa-de-manteniment-amb-metadona-pmm\/#primaryimage\",\"url\":\"https:\/\/www.cofb.org\/wp-content\/uploads\/2023\/07\/Programa-de-Manteniment-amb-Metadona-capcalera.JPG-1024x457.jpg\",\"contentUrl\":\"https:\/\/www.cofb.org\/wp-content\/uploads\/2023\/07\/Programa-de-Manteniment-amb-Metadona-capcalera.JPG-1024x457.jpg\"},{\"@type\":\"BreadcrumbList\",\"@id\":\"https:\/\/www.cofb.org\/que-oferim\/ciutadans\/serveis-a-la-poblacio\/programa-de-manteniment-amb-metadona-pmm\/#breadcrumb\",\"itemListElement\":[{\"@type\":\"ListItem\",\"position\":1,\"name\":\"Inici\",\"item\":\"https:\/\/novaorg.cofb.net\/\"},{\"@type\":\"ListItem\",\"position\":2,\"name\":\"Qu\u00e8 oferim?\",\"item\":\"https:\/\/novaorg.cofb.net\/que-oferim\/\"},{\"@type\":\"ListItem\",\"position\":3,\"name\":\"Ciutadans\",\"item\":\"https:\/\/novaorg.cofb.net\/que-oferim\/ciutadans\/\"},{\"@type\":\"ListItem\",\"position\":4,\"name\":\"Serveis a la poblaci\u00f3\",\"item\":\"https:\/\/www.cofb.org\/que-oferim\/ciutadans\/serveis-a-la-poblacio\/\"},{\"@type\":\"ListItem\",\"position\":5,\"name\":\"Programa de manteniment amb metadona (PMM)\"}]},{\"@type\":\"WebSite\",\"@id\":\"https:\/\/www.cofb.org\/#website\",\"url\":\"https:\/\/www.cofb.org\/\",\"name\":\"Col\u00b7legi de Farmac\u00e8utics de Barcelona\",\"description\":\"\",\"publisher\":{\"@id\":\"https:\/\/www.cofb.org\/#organization\"},\"potentialAction\":[{\"@type\":\"SearchAction\",\"target\":{\"@type\":\"EntryPoint\",\"urlTemplate\":\"https:\/\/www.cofb.org\/?s={search_term_string}\"},\"query-input\":\"required name=search_term_string\"}],\"inLanguage\":\"ca\"},{\"@type\":\"Organization\",\"@id\":\"https:\/\/www.cofb.org\/#organization\",\"name\":\"Col\u00b7legi de Farmac\u00e8utics de Barcelona\",\"url\":\"https:\/\/www.cofb.org\/\",\"logo\":{\"@type\":\"ImageObject\",\"inLanguage\":\"ca\",\"@id\":\"https:\/\/www.cofb.org\/#\/schema\/logo\/image\/\",\"url\":\"https:\/\/www.cofb.org\/wp-content\/uploads\/2023\/11\/cropped-Logotip-COFB.png\",\"contentUrl\":\"https:\/\/www.cofb.org\/wp-content\/uploads\/2023\/11\/cropped-Logotip-COFB.png\",\"width\":500,\"height\":105,\"caption\":\"Col\u00b7legi de Farmac\u00e8utics de Barcelona\"},\"image\":{\"@id\":\"https:\/\/www.cofb.org\/#\/schema\/logo\/image\/\"},\"sameAs\":[\"https:\/\/www.facebook.com\/farmaceuticsbcn\/\",\"https:\/\/twitter.com\/farmaceuticsbcn\",\"https:\/\/www.instagram.com\/farmaceuticsbcn\/\",\"https:\/\/www.linkedin.com\/company\/farmaceuticsbcn\/\"]}]}<\/script>\n<!-- \/ Yoast SEO plugin. -->","yoast_head_json":{"title":"Programa de manteniment amb metadona (PMM) - Col\u00b7legi de Farmac\u00e8utics de Barcelona","robots":{"index":"index","follow":"follow","max-snippet":"max-snippet:-1","max-image-preview":"max-image-preview:large","max-video-preview":"max-video-preview:-1"},"canonical":"https:\/\/www.cofb.org\/ca\/que-oferim\/ciutadans\/serveis-a-la-poblacio\/programa-de-manteniment-amb-metadona-pmm\/","og_locale":"ca_ES","og_type":"article","og_title":"Programa de manteniment amb metadona (PMM) - Col\u00b7legi de Farmac\u00e8utics de Barcelona","og_description":"Qu\u00e8 \u00e9s el programa de manteniment amb metadona (PMM)? El Programa de&nbsp;Manteniment amb Metadona (PMM) \u00e9s un dels tractaments d&#8217;elecci\u00f3 utilitzats per a&nbsp;la depend\u00e8ncia de l&#8217;hero\u00efna.&nbsp;Les&nbsp;farm\u00e0cies hi participen des del 1990&nbsp;i ho fan&nbsp;juntament amb altres agents sanitaris i socials. Quin objectiu t\u00e9? Apropar els tractaments de manteniment amb agonistes opiacis [&hellip;]","og_url":"https:\/\/www.cofb.org\/ca\/que-oferim\/ciutadans\/serveis-a-la-poblacio\/programa-de-manteniment-amb-metadona-pmm\/","og_site_name":"Col\u00b7legi de Farmac\u00e8utics de Barcelona","article_publisher":"https:\/\/www.facebook.com\/farmaceuticsbcn\/","article_modified_time":"2024-08-22T12:00:13+00:00","og_image":[{"url":"https:\/\/www.cofb.org\/wp-content\/uploads\/2023\/07\/Programa-de-Manteniment-amb-Metadona-capcalera.JPG-1024x457.jpg"}],"twitter_card":"summary_large_image","twitter_site":"@farmaceuticsbcn","twitter_misc":{"Temps estimat de lectura":"3 minuts"},"schema":{"@context":"https:\/\/schema.org","@graph":[{"@type":"WebPage","@id":"https:\/\/www.cofb.org\/que-oferim\/ciutadans\/serveis-a-la-poblacio\/programa-de-manteniment-amb-metadona-pmm\/","url":"https:\/\/www.cofb.org\/que-oferim\/ciutadans\/serveis-a-la-poblacio\/programa-de-manteniment-amb-metadona-pmm\/","name":"Programa de manteniment amb metadona (PMM) - Col\u00b7legi de Farmac\u00e8utics de Barcelona","isPartOf":{"@id":"https:\/\/www.cofb.org\/#website"},"primaryImageOfPage":{"@id":"https:\/\/www.cofb.org\/que-oferim\/ciutadans\/serveis-a-la-poblacio\/programa-de-manteniment-amb-metadona-pmm\/#primaryimage"},"image":{"@id":"https:\/\/www.cofb.org\/que-oferim\/ciutadans\/serveis-a-la-poblacio\/programa-de-manteniment-amb-metadona-pmm\/#primaryimage"},"thumbnailUrl":"https:\/\/www.cofb.org\/wp-content\/uploads\/2023\/07\/Programa-de-Manteniment-amb-Metadona-capcalera.JPG-1024x457.jpg","datePublished":"2023-07-27T09:16:59+00:00","dateModified":"2024-08-22T12:00:13+00:00","breadcrumb":{"@id":"https:\/\/www.cofb.org\/que-oferim\/ciutadans\/serveis-a-la-poblacio\/programa-de-manteniment-amb-metadona-pmm\/#breadcrumb"},"inLanguage":"ca","potentialAction":[{"@type":"ReadAction","target":["https:\/\/www.cofb.org\/que-oferim\/ciutadans\/serveis-a-la-poblacio\/programa-de-manteniment-amb-metadona-pmm\/"]}]},{"@type":"ImageObject","inLanguage":"ca","@id":"https:\/\/www.cofb.org\/que-oferim\/ciutadans\/serveis-a-la-poblacio\/programa-de-manteniment-amb-metadona-pmm\/#primaryimage","url":"https:\/\/www.cofb.org\/wp-content\/uploads\/2023\/07\/Programa-de-Manteniment-amb-Metadona-capcalera.JPG-1024x457.jpg","contentUrl":"https:\/\/www.cofb.org\/wp-content\/uploads\/2023\/07\/Programa-de-Manteniment-amb-Metadona-capcalera.JPG-1024x457.jpg"},{"@type":"BreadcrumbList","@id":"https:\/\/www.cofb.org\/que-oferim\/ciutadans\/serveis-a-la-poblacio\/programa-de-manteniment-amb-metadona-pmm\/#breadcrumb","itemListElement":[{"@type":"ListItem","position":1,"name":"Inici","item":"https:\/\/novaorg.cofb.net\/"},{"@type":"ListItem","position":2,"name":"Qu\u00e8 oferim?","item":"https:\/\/novaorg.cofb.net\/que-oferim\/"},{"@type":"ListItem","position":3,"name":"Ciutadans","item":"https:\/\/novaorg.cofb.net\/que-oferim\/ciutadans\/"},{"@type":"ListItem","position":4,"name":"Serveis a la poblaci\u00f3","item":"https:\/\/www.cofb.org\/que-oferim\/ciutadans\/serveis-a-la-poblacio\/"},{"@type":"ListItem","position":5,"name":"Programa de manteniment amb metadona (PMM)"}]},{"@type":"WebSite","@id":"https:\/\/www.cofb.org\/#website","url":"https:\/\/www.cofb.org\/","name":"Col\u00b7legi de Farmac\u00e8utics de Barcelona","description":"","publisher":{"@id":"https:\/\/www.cofb.org\/#organization"},"potentialAction":[{"@type":"SearchAction","target":{"@type":"EntryPoint","urlTemplate":"https:\/\/www.cofb.org\/?s={search_term_string}"},"query-input":"required name=search_term_string"}],"inLanguage":"ca"},{"@type":"Organization","@id":"https:\/\/www.cofb.org\/#organization","name":"Col\u00b7legi de Farmac\u00e8utics de Barcelona","url":"https:\/\/www.cofb.org\/","logo":{"@type":"ImageObject","inLanguage":"ca","@id":"https:\/\/www.cofb.org\/#\/schema\/logo\/image\/","url":"https:\/\/www.cofb.org\/wp-content\/uploads\/2023\/11\/cropped-Logotip-COFB.png","contentUrl":"https:\/\/www.cofb.org\/wp-content\/uploads\/2023\/11\/cropped-Logotip-COFB.png","width":500,"height":105,"caption":"Col\u00b7legi de Farmac\u00e8utics de Barcelona"},"image":{"@id":"https:\/\/www.cofb.org\/#\/schema\/logo\/image\/"},"sameAs":["https:\/\/www.facebook.com\/farmaceuticsbcn\/","https:\/\/twitter.com\/farmaceuticsbcn","https:\/\/www.instagram.com\/farmaceuticsbcn\/","https:\/\/www.linkedin.com\/company\/farmaceuticsbcn\/"]}]}},"uagb_featured_image_src":{"full":false,"thumbnail":false,"medium":false,"medium_large":false,"large":false,"1536x1536":false,"2048x2048":false,"trp-custom-language-flag":false},"uagb_author_info":{"display_name":"wpAdminCofbOrg","author_link":"https:\/\/www.cofb.org\/ca\/author\/wpadmincofborg\/"},"uagb_comment_info":0,"uagb_excerpt":"Qu\u00e8 \u00e9s el programa de manteniment amb metadona (PMM)? El Programa de&nbsp;Manteniment amb Metadona (PMM) \u00e9s un dels tractaments d&#8217;elecci\u00f3 utilitzats per a&nbsp;la depend\u00e8ncia de l&#8217;hero\u00efna.&nbsp;Les&nbsp;farm\u00e0cies hi participen des del 1990&nbsp;i ho fan&nbsp;juntament amb altres agents sanitaris i socials. Quin objectiu t\u00e9? Apropar els tractaments de manteniment amb agonistes opiacis [&hellip;]","_links":{"self":[{"href":"https:\/\/www.cofb.org\/ca\/wp-json\/wp\/v2\/pages\/67760","targetHints":{"allow":["GET"]}}],"collection":[{"href":"https:\/\/www.cofb.org\/ca\/wp-json\/wp\/v2\/pages"}],"about":[{"href":"https:\/\/www.cofb.org\/ca\/wp-json\/wp\/v2\/types\/page"}],"author":[{"embeddable":true,"href":"https:\/\/www.cofb.org\/ca\/wp-json\/wp\/v2\/users\/1"}],"replies":[{"embeddable":true,"href":"https:\/\/www.cofb.org\/ca\/wp-json\/wp\/v2\/comments?post=67760"}],"version-history":[{"count":5,"href":"https:\/\/www.cofb.org\/ca\/wp-json\/wp\/v2\/pages\/67760\/revisions"}],"predecessor-version":[{"id":79363,"href":"https:\/\/www.cofb.org\/ca\/wp-json\/wp\/v2\/pages\/67760\/revisions\/79363"}],"up":[{"embeddable":true,"href":"https:\/\/www.cofb.org\/ca\/wp-json\/wp\/v2\/pages\/2951"}],"wp:attachment":[{"href":"https:\/\/www.cofb.org\/ca\/wp-json\/wp\/v2\/media?parent=67760"}],"curies":[{"name":"wp","href":"https:\/\/api.w.org\/{rel}","templated":true}]}}