{"id":67544,"date":"2023-07-26T10:20:32","date_gmt":"2023-07-26T10:20:32","guid":{"rendered":"https:\/\/novaorg.cofb.net\/?page_id=67544"},"modified":"2026-01-14T14:02:01","modified_gmt":"2026-01-14T14:02:01","slug":"programa-deducacio-sanitaria-pel-bon-us-dels-medicaments","status":"publish","type":"page","link":"https:\/\/www.cofb.org\/ca\/que-oferim\/ciutadans\/serveis-a-la-poblacio\/programa-deducacio-sanitaria-pel-bon-us-dels-medicaments\/","title":{"rendered":"Programa d&#8217;educaci\u00f3 sanit\u00e0ria pel bon \u00fas dels medicaments"},"content":{"rendered":"\n<div class=\"wp-block-uagb-image uagb-block-64ec559e wp-block-uagb-image--layout-default wp-block-uagb-image--effect-static wp-block-uagb-image--align-none\"><figure class=\"wp-block-uagb-image__figure\"><img loading=\"lazy\" decoding=\"async\" srcset=\"https:\/\/www.cofb.org\/wp-content\/uploads\/2023\/07\/bon-us-medicaments.jpg \" sizes=\"auto, (max-width: 480px) 150px\" src=\"https:\/\/www.cofb.org\/wp-content\/uploads\/2023\/07\/bon-us-medicaments.jpg\" alt=\"\" class=\"uag-image-67546\" width=\"800\" height=\"390\" title=\"\" loading=\"lazy\" role=\"img\"\/><\/figure><\/div>\n\n\n\n<h2 class=\"wp-block-heading\">Qu\u00e8 \u00e9s el programa d&#8217;educaci\u00f3 sanit\u00e0ria en el bon \u00fas dels medicaments?<\/h2>\n\n\n\n<p id=\"yui_patched_v3_11_0_1_1690366472436_290\">El&nbsp;<strong>Programa d\u2019educaci\u00f3 sanit\u00e0ria en el bon \u00fas dels medicaments (PESBUM)<\/strong>&nbsp;\u00e9s una iniciativa que consta de&nbsp;<strong>xerrades informatives impartides per farmac\u00e8utics comunitaris<\/strong>.<\/p>\n\n\n\n<h2 class=\"wp-block-heading\">Quin objectiu t\u00e9? <\/h2>\n\n\n\n<p id=\"yui_patched_v3_11_0_1_1690366472436_299\"><strong>Augmentar el coneixement sobre l\u2019\u00fas dels medicaments&nbsp;<\/strong>i millorar les habilitats en el seu maneig.<\/p>\n\n\n\n<h2 class=\"wp-block-heading\">Com funciona?<\/h2>\n\n\n\n<p id=\"yui_patched_v3_11_0_1_1690366472436_301\">El farmac\u00e8utic&nbsp;<strong>imparteix &nbsp;les xerrades en format taller en els equipaments de les entitats i organitzacions que ho demanin,<\/strong>&nbsp;com poden&nbsp;ser biblioteques, locals comunitaris municipals, casals de la gent gran, centres c\u00edvics,&nbsp; centres d\u2019atenci\u00f3 prim\u00e0ria, o la mateixa farm\u00e0cia,&nbsp;entre altres.<\/p>\n\n\n\n<p id=\"yui_patched_v3_11_0_1_1690366472436_303\">El Programa s&#8217;emmarca en les\u00a0<strong>l\u00ednies estrat\u00e8giques del CatSalut i del Pla de salut<\/strong>\u00a0i ofereix els seg\u00fcents temes:\u00a0<strong>\u201cQu\u00e8 cal saber dels antibi\u00f2tics\u201d, \u201cQu\u00e8 cal saber del dolor\u201d, \u201cQu\u00e8 cal saber de la diabetis\u201d, \u201cQu\u00e8 cal saber de la hipercolesterol\u00e8mia\u201d, \u201cQu\u00e8 cal saber de la hipertensi\u00f3 arterial\u201d,\u00a0&#8220;Qu\u00e8 cal saber de l&#8217;insomni&#8221;\u00a0<\/strong>i\u00a0<strong>&#8220;Qu\u00e8 cal saber de la incontin\u00e8ncia urin\u00e0ria&#8221;, &#8220;Qu\u00e8 cal saber de les vacunes&#8221;, &#8220;Qu\u00e8 cal saber de la malaltia d&#8217;Alzheimer&#8221;, &#8220;Qu\u00e8 cal saber de l&#8217;osteoporosi&#8221;, i &#8220;Qu\u00e8 cal saber de la menopausa&#8221;.<\/strong><\/p>\n\n\n\n<p id=\"yui_patched_v3_11_0_1_1690366472436_303\"><strong>\u00a0<\/strong>A banda, ofereix\u00a0<strong>dues sessions sobre la salut bucodental<\/strong>\u00a0i un cicle de dues xerrades:\u00a0una primera amb conceptes b\u00e0sics sobre\u00a0<strong>\u201cEl bon \u00fas dels medicaments\u201d<\/strong>\u00a0i una segona sessi\u00f3 en format taller sobre la\u00a0<strong>\u201cImport\u00e0ncia de seguir b\u00e9 els tractaments\u201d<\/strong>.<\/p>\n\n\n\n<p id=\"yui_patched_v3_11_0_1_1690366472436_306\">Les sessions&nbsp;<strong>tenen una durada aproximada de 45 minuts i l\u2019assist\u00e8ncia \u00e9s volunt\u00e0ria i sense cap cost pels participants<\/strong>. .<\/p>\n\n\n\n<p id=\"yui_patched_v3_11_0_1_1690366472436_309\">El PESBUM&nbsp;\u00e9s fruit de la col\u00b7laboraci\u00f3 entre el Consell de Col\u00b7legis Farmac\u00e8utics de Catalunya i el CatSalut.<\/p>\n\n\n\n<h2 class=\"wp-block-heading\">Qu\u00e8 s&#8217;ha aconseguit?<\/h2>\n\n\n\n<ul class=\"wp-block-list\">\n<li>L&#8217;any 2025\u00a0s&#8217;han realitzat\u00a0<strong>117 sessions\u00a0<\/strong>en\u00a0<strong>20 poblacions\u00a0<\/strong>(77 sessions a Barcelona ciutat i 40 sessions fora de Barcelona), amb un total de <strong>1.895 assistents<\/strong> i <strong>43 formadors\/es<\/strong>.<\/li>\n<\/ul>\n\n\n\n<h2 class=\"wp-block-heading\">On es duu a terme?<\/h2>\n\n\n\n<p>Barcelona ciutat i prov\u00edncia. <\/p>\n\n\n\n<h2 class=\"wp-block-heading\">Material de suport<\/h2>\n\n\n\n<div class=\"wp-block-uagb-image uagb-block-82e93d26 wp-block-uagb-image--layout-default wp-block-uagb-image--effect-static wp-block-uagb-image--align-none\"><figure class=\"wp-block-uagb-image__figure\"><a class=\"\" href=\"https:\/\/www.cofb.org\/wp-content\/uploads\/2026\/01\/pesbum-2026.jpg\" target=\"_blank\" rel=\"noreferrer noopener\"><img loading=\"lazy\" decoding=\"async\" srcset=\"https:\/\/www.cofb.org\/wp-content\/uploads\/2026\/01\/pesbum-2026-724x1024.jpg ,https:\/\/www.cofb.org\/wp-content\/uploads\/2026\/01\/pesbum-2026.jpg 780w, https:\/\/www.cofb.org\/wp-content\/uploads\/2026\/01\/pesbum-2026.jpg 360w\" sizes=\"auto, (max-width: 480px) 150px\" src=\"https:\/\/www.cofb.org\/wp-content\/uploads\/2026\/01\/pesbum-2026-724x1024.jpg\" alt=\"\" class=\"uag-image-83837\" width=\"577\" height=\"833\" title=\"pesbum 2026\" loading=\"lazy\" role=\"img\"\/><\/a><\/figure><\/div>\n\n\n\n<h2 class=\"wp-block-heading\">M\u00e9s informaci\u00f3<\/h2>\n\n\n\n<p class=\"icones\"><img decoding=\"async\" width=\"70\" height=\"70\" class=\"wp-image-67601\" style=\"width: 70px;\" src=\"https:\/\/www.cofb.org\/wp-content\/uploads\/2023\/07\/web-cofb-1.png\" alt=\"\">&nbsp;<a data-type=\"URL\" data-id=\"https:\/\/medicaments.gencat.cat\/ca\/ciutadania\/formacio\/programa-educacio-sanitaria-bon-us-medicaments\/index.html\" href=\"https:\/\/medicaments.gencat.cat\/ca\/ciutadania\/formacio\/programa-educacio-sanitaria-bon-us-medicaments\/index.html\">Gener<\/a><a data-type=\"URL\" data-id=\"https:\/\/medicaments.gencat.cat\/ca\/ciutadania\/formacio\/programa-educacio-sanitaria-bon-us-medicaments\/index.html\" href=\"https:\/\/medicaments.gencat.cat\/ca\/ciutadania\/formacio\/programa-educacio-sanitaria-bon-us-medicaments\/index.html\" target=\"_blank\" rel=\"noreferrer noopener\">alitat de Catalunya<\/a><\/p>\n\n\n\n<h2 class=\"wp-block-heading\">Per reservar sessions<\/h2>\n\n\n\n<p><a href=\"https:\/\/pesbum.cofb.net\/public\/registre-entitats\" data-type=\"URL\" data-id=\"https:\/\/pesbum.cofb.net\/public\/registre-entitats\" target=\"_blank\" rel=\"noreferrer noopener\">Registra&#8217;t com Entitat col\u00b7laboradora PESBUM<\/a><\/p>\n\n\n\n<p class=\"icones\"><img decoding=\"async\" width=\"150\" height=\"176\" class=\"wp-image-67596\" style=\"width: 150px;\" src=\"https:\/\/www.cofb.org\/wp-content\/uploads\/2023\/07\/logo-cofb-negre.jpg\" alt=\"\">&nbsp;Departament de&nbsp;Formaci\u00f3 i Desenvolupament Professional del COFB<\/p>\n\n\n\n<p class=\"icones\"><img decoding=\"async\" width=\"70\" height=\"70\" class=\"wp-image-67631\" style=\"width: 70px;\" src=\"https:\/\/www.cofb.org\/wp-content\/uploads\/2023\/07\/Telefono.png\" alt=\"\">&nbsp;93 244 07 10 (ext. 2)<\/p>\n","protected":false},"excerpt":{"rendered":"<p>Qu\u00e8 \u00e9s el programa d&#8217;educaci\u00f3 sanit\u00e0ria en el bon \u00fas dels medicaments? El&nbsp;Programa d\u2019educaci\u00f3 sanit\u00e0ria en el bon \u00fas dels medicaments (PESBUM)&nbsp;\u00e9s una iniciativa que consta de&nbsp;xerrades informatives impartides per farmac\u00e8utics comunitaris. Quin objectiu t\u00e9? Augmentar el coneixement sobre l\u2019\u00fas dels medicaments&nbsp;i millorar les habilitats en el seu maneig. Com [&hellip;]<\/p>\n","protected":false},"author":1,"featured_media":0,"parent":2951,"menu_order":3,"comment_status":"closed","ping_status":"closed","template":"","meta":{"_uag_custom_page_level_css":"","site-sidebar-layout":"default","site-content-layout":"","ast-site-content-layout":"default","site-content-style":"default","site-sidebar-style":"default","ast-global-header-display":"","ast-banner-title-visibility":"","ast-main-header-display":"","ast-hfb-above-header-display":"","ast-hfb-below-header-display":"","ast-hfb-mobile-header-display":"","site-post-title":"","ast-breadcrumbs-content":"","ast-featured-img":"","footer-sml-layout":"","theme-transparent-header-meta":"","adv-header-id-meta":"","stick-header-meta":"","header-above-stick-meta":"","header-main-stick-meta":"","header-below-stick-meta":"","astra-migrate-meta-layouts":"set","ast-page-background-enabled":"default","ast-page-background-meta":{"desktop":{"background-color":"var(--ast-global-color-4)","background-image":"","background-repeat":"repeat","background-position":"center center","background-size":"auto","background-attachment":"scroll","background-type":"","background-media":"","overlay-type":"","overlay-color":"","overlay-opacity":"","overlay-gradient":""},"tablet":{"background-color":"","background-image":"","background-repeat":"repeat","background-position":"center center","background-size":"auto","background-attachment":"scroll","background-type":"","background-media":"","overlay-type":"","overlay-color":"","overlay-opacity":"","overlay-gradient":""},"mobile":{"background-color":"","background-image":"","background-repeat":"repeat","background-position":"center center","background-size":"auto","background-attachment":"scroll","background-type":"","background-media":"","overlay-type":"","overlay-color":"","overlay-opacity":"","overlay-gradient":""}},"ast-content-background-meta":{"desktop":{"background-color":"var(--ast-global-color-5)","background-image":"","background-repeat":"repeat","background-position":"center center","background-size":"auto","background-attachment":"scroll","background-type":"","background-media":"","overlay-type":"","overlay-color":"","overlay-opacity":"","overlay-gradient":""},"tablet":{"background-color":"var(--ast-global-color-5)","background-image":"","background-repeat":"repeat","background-position":"center center","background-size":"auto","background-attachment":"scroll","background-type":"","background-media":"","overlay-type":"","overlay-color":"","overlay-opacity":"","overlay-gradient":""},"mobile":{"background-color":"var(--ast-global-color-5)","background-image":"","background-repeat":"repeat","background-position":"center center","background-size":"auto","background-attachment":"scroll","background-type":"","background-media":"","overlay-type":"","overlay-color":"","overlay-opacity":"","overlay-gradient":""}},"footnotes":""},"class_list":["post-67544","page","type-page","status-publish","hentry"],"yoast_head":"<!-- This site is optimized with the Yoast SEO plugin v22.4 - https:\/\/yoast.com\/wordpress\/plugins\/seo\/ -->\n<title>Programa d&#039;educaci\u00f3 sanit\u00e0ria pel bon \u00fas dels medicaments - Col\u00b7legi de Farmac\u00e8utics de Barcelona<\/title>\n<meta name=\"robots\" content=\"index, follow, max-snippet:-1, max-image-preview:large, max-video-preview:-1\" \/>\n<link rel=\"canonical\" href=\"https:\/\/www.cofb.org\/ca\/que-oferim\/ciutadans\/serveis-a-la-poblacio\/programa-deducacio-sanitaria-pel-bon-us-dels-medicaments\/\" \/>\n<meta property=\"og:locale\" content=\"ca_ES\" \/>\n<meta property=\"og:type\" content=\"article\" \/>\n<meta property=\"og:title\" content=\"Programa d&#039;educaci\u00f3 sanit\u00e0ria pel bon \u00fas dels medicaments - Col\u00b7legi de Farmac\u00e8utics de Barcelona\" \/>\n<meta property=\"og:description\" content=\"Qu\u00e8 \u00e9s el programa d&#8217;educaci\u00f3 sanit\u00e0ria en el bon \u00fas dels medicaments? El&nbsp;Programa d\u2019educaci\u00f3 sanit\u00e0ria en el bon \u00fas dels medicaments (PESBUM)&nbsp;\u00e9s una iniciativa que consta de&nbsp;xerrades informatives impartides per farmac\u00e8utics comunitaris. Quin objectiu t\u00e9? Augmentar el coneixement sobre l\u2019\u00fas dels medicaments&nbsp;i millorar les habilitats en el seu maneig. Com [&hellip;]\" \/>\n<meta property=\"og:url\" content=\"https:\/\/www.cofb.org\/ca\/que-oferim\/ciutadans\/serveis-a-la-poblacio\/programa-deducacio-sanitaria-pel-bon-us-dels-medicaments\/\" \/>\n<meta property=\"og:site_name\" content=\"Col\u00b7legi de Farmac\u00e8utics de Barcelona\" \/>\n<meta property=\"article:publisher\" content=\"https:\/\/www.facebook.com\/farmaceuticsbcn\/\" \/>\n<meta property=\"article:modified_time\" content=\"2026-01-14T14:02:01+00:00\" \/>\n<meta property=\"og:image\" content=\"https:\/\/www.cofb.org\/wp-content\/uploads\/2023\/07\/bon-us-medicaments.jpg\" \/>\n<meta name=\"twitter:card\" content=\"summary_large_image\" \/>\n<meta name=\"twitter:site\" content=\"@farmaceuticsbcn\" \/>\n<meta name=\"twitter:label1\" content=\"Temps estimat de lectura\" \/>\n\t<meta name=\"twitter:data1\" content=\"3 minuts\" \/>\n<script type=\"application\/ld+json\" class=\"yoast-schema-graph\">{\"@context\":\"https:\/\/schema.org\",\"@graph\":[{\"@type\":\"WebPage\",\"@id\":\"https:\/\/www.cofb.org\/que-oferim\/ciutadans\/serveis-a-la-poblacio\/programa-deducacio-sanitaria-pel-bon-us-dels-medicaments\/\",\"url\":\"https:\/\/www.cofb.org\/que-oferim\/ciutadans\/serveis-a-la-poblacio\/programa-deducacio-sanitaria-pel-bon-us-dels-medicaments\/\",\"name\":\"Programa d'educaci\u00f3 sanit\u00e0ria pel bon \u00fas dels medicaments - Col\u00b7legi de Farmac\u00e8utics de Barcelona\",\"isPartOf\":{\"@id\":\"https:\/\/www.cofb.org\/#website\"},\"primaryImageOfPage\":{\"@id\":\"https:\/\/www.cofb.org\/que-oferim\/ciutadans\/serveis-a-la-poblacio\/programa-deducacio-sanitaria-pel-bon-us-dels-medicaments\/#primaryimage\"},\"image\":{\"@id\":\"https:\/\/www.cofb.org\/que-oferim\/ciutadans\/serveis-a-la-poblacio\/programa-deducacio-sanitaria-pel-bon-us-dels-medicaments\/#primaryimage\"},\"thumbnailUrl\":\"https:\/\/www.cofb.org\/wp-content\/uploads\/2023\/07\/bon-us-medicaments.jpg\",\"datePublished\":\"2023-07-26T10:20:32+00:00\",\"dateModified\":\"2026-01-14T14:02:01+00:00\",\"breadcrumb\":{\"@id\":\"https:\/\/www.cofb.org\/que-oferim\/ciutadans\/serveis-a-la-poblacio\/programa-deducacio-sanitaria-pel-bon-us-dels-medicaments\/#breadcrumb\"},\"inLanguage\":\"ca\",\"potentialAction\":[{\"@type\":\"ReadAction\",\"target\":[\"https:\/\/www.cofb.org\/que-oferim\/ciutadans\/serveis-a-la-poblacio\/programa-deducacio-sanitaria-pel-bon-us-dels-medicaments\/\"]}]},{\"@type\":\"ImageObject\",\"inLanguage\":\"ca\",\"@id\":\"https:\/\/www.cofb.org\/que-oferim\/ciutadans\/serveis-a-la-poblacio\/programa-deducacio-sanitaria-pel-bon-us-dels-medicaments\/#primaryimage\",\"url\":\"https:\/\/www.cofb.org\/wp-content\/uploads\/2023\/07\/bon-us-medicaments.jpg\",\"contentUrl\":\"https:\/\/www.cofb.org\/wp-content\/uploads\/2023\/07\/bon-us-medicaments.jpg\"},{\"@type\":\"BreadcrumbList\",\"@id\":\"https:\/\/www.cofb.org\/que-oferim\/ciutadans\/serveis-a-la-poblacio\/programa-deducacio-sanitaria-pel-bon-us-dels-medicaments\/#breadcrumb\",\"itemListElement\":[{\"@type\":\"ListItem\",\"position\":1,\"name\":\"Inici\",\"item\":\"https:\/\/novaorg.cofb.net\/\"},{\"@type\":\"ListItem\",\"position\":2,\"name\":\"Qu\u00e8 oferim?\",\"item\":\"https:\/\/novaorg.cofb.net\/que-oferim\/\"},{\"@type\":\"ListItem\",\"position\":3,\"name\":\"Ciutadans\",\"item\":\"https:\/\/novaorg.cofb.net\/que-oferim\/ciutadans\/\"},{\"@type\":\"ListItem\",\"position\":4,\"name\":\"Serveis a la poblaci\u00f3\",\"item\":\"https:\/\/www.cofb.org\/que-oferim\/ciutadans\/serveis-a-la-poblacio\/\"},{\"@type\":\"ListItem\",\"position\":5,\"name\":\"Programa d&#8217;educaci\u00f3 sanit\u00e0ria pel bon \u00fas dels medicaments\"}]},{\"@type\":\"WebSite\",\"@id\":\"https:\/\/www.cofb.org\/#website\",\"url\":\"https:\/\/www.cofb.org\/\",\"name\":\"Col\u00b7legi de Farmac\u00e8utics de Barcelona\",\"description\":\"\",\"publisher\":{\"@id\":\"https:\/\/www.cofb.org\/#organization\"},\"potentialAction\":[{\"@type\":\"SearchAction\",\"target\":{\"@type\":\"EntryPoint\",\"urlTemplate\":\"https:\/\/www.cofb.org\/?s={search_term_string}\"},\"query-input\":\"required name=search_term_string\"}],\"inLanguage\":\"ca\"},{\"@type\":\"Organization\",\"@id\":\"https:\/\/www.cofb.org\/#organization\",\"name\":\"Col\u00b7legi de Farmac\u00e8utics de Barcelona\",\"url\":\"https:\/\/www.cofb.org\/\",\"logo\":{\"@type\":\"ImageObject\",\"inLanguage\":\"ca\",\"@id\":\"https:\/\/www.cofb.org\/#\/schema\/logo\/image\/\",\"url\":\"https:\/\/www.cofb.org\/wp-content\/uploads\/2023\/11\/cropped-Logotip-COFB.png\",\"contentUrl\":\"https:\/\/www.cofb.org\/wp-content\/uploads\/2023\/11\/cropped-Logotip-COFB.png\",\"width\":500,\"height\":105,\"caption\":\"Col\u00b7legi de Farmac\u00e8utics de Barcelona\"},\"image\":{\"@id\":\"https:\/\/www.cofb.org\/#\/schema\/logo\/image\/\"},\"sameAs\":[\"https:\/\/www.facebook.com\/farmaceuticsbcn\/\",\"https:\/\/twitter.com\/farmaceuticsbcn\",\"https:\/\/www.instagram.com\/farmaceuticsbcn\/\",\"https:\/\/www.linkedin.com\/company\/farmaceuticsbcn\/\"]}]}<\/script>\n<!-- \/ Yoast SEO plugin. -->","yoast_head_json":{"title":"Programa d'educaci\u00f3 sanit\u00e0ria pel bon \u00fas dels medicaments - Col\u00b7legi de Farmac\u00e8utics de Barcelona","robots":{"index":"index","follow":"follow","max-snippet":"max-snippet:-1","max-image-preview":"max-image-preview:large","max-video-preview":"max-video-preview:-1"},"canonical":"https:\/\/www.cofb.org\/ca\/que-oferim\/ciutadans\/serveis-a-la-poblacio\/programa-deducacio-sanitaria-pel-bon-us-dels-medicaments\/","og_locale":"ca_ES","og_type":"article","og_title":"Programa d'educaci\u00f3 sanit\u00e0ria pel bon \u00fas dels medicaments - Col\u00b7legi de Farmac\u00e8utics de Barcelona","og_description":"Qu\u00e8 \u00e9s el programa d&#8217;educaci\u00f3 sanit\u00e0ria en el bon \u00fas dels medicaments? El&nbsp;Programa d\u2019educaci\u00f3 sanit\u00e0ria en el bon \u00fas dels medicaments (PESBUM)&nbsp;\u00e9s una iniciativa que consta de&nbsp;xerrades informatives impartides per farmac\u00e8utics comunitaris. Quin objectiu t\u00e9? Augmentar el coneixement sobre l\u2019\u00fas dels medicaments&nbsp;i millorar les habilitats en el seu maneig. Com [&hellip;]","og_url":"https:\/\/www.cofb.org\/ca\/que-oferim\/ciutadans\/serveis-a-la-poblacio\/programa-deducacio-sanitaria-pel-bon-us-dels-medicaments\/","og_site_name":"Col\u00b7legi de Farmac\u00e8utics de Barcelona","article_publisher":"https:\/\/www.facebook.com\/farmaceuticsbcn\/","article_modified_time":"2026-01-14T14:02:01+00:00","og_image":[{"url":"https:\/\/www.cofb.org\/wp-content\/uploads\/2023\/07\/bon-us-medicaments.jpg"}],"twitter_card":"summary_large_image","twitter_site":"@farmaceuticsbcn","twitter_misc":{"Temps estimat de lectura":"3 minuts"},"schema":{"@context":"https:\/\/schema.org","@graph":[{"@type":"WebPage","@id":"https:\/\/www.cofb.org\/que-oferim\/ciutadans\/serveis-a-la-poblacio\/programa-deducacio-sanitaria-pel-bon-us-dels-medicaments\/","url":"https:\/\/www.cofb.org\/que-oferim\/ciutadans\/serveis-a-la-poblacio\/programa-deducacio-sanitaria-pel-bon-us-dels-medicaments\/","name":"Programa d'educaci\u00f3 sanit\u00e0ria pel bon \u00fas dels medicaments - Col\u00b7legi de Farmac\u00e8utics de Barcelona","isPartOf":{"@id":"https:\/\/www.cofb.org\/#website"},"primaryImageOfPage":{"@id":"https:\/\/www.cofb.org\/que-oferim\/ciutadans\/serveis-a-la-poblacio\/programa-deducacio-sanitaria-pel-bon-us-dels-medicaments\/#primaryimage"},"image":{"@id":"https:\/\/www.cofb.org\/que-oferim\/ciutadans\/serveis-a-la-poblacio\/programa-deducacio-sanitaria-pel-bon-us-dels-medicaments\/#primaryimage"},"thumbnailUrl":"https:\/\/www.cofb.org\/wp-content\/uploads\/2023\/07\/bon-us-medicaments.jpg","datePublished":"2023-07-26T10:20:32+00:00","dateModified":"2026-01-14T14:02:01+00:00","breadcrumb":{"@id":"https:\/\/www.cofb.org\/que-oferim\/ciutadans\/serveis-a-la-poblacio\/programa-deducacio-sanitaria-pel-bon-us-dels-medicaments\/#breadcrumb"},"inLanguage":"ca","potentialAction":[{"@type":"ReadAction","target":["https:\/\/www.cofb.org\/que-oferim\/ciutadans\/serveis-a-la-poblacio\/programa-deducacio-sanitaria-pel-bon-us-dels-medicaments\/"]}]},{"@type":"ImageObject","inLanguage":"ca","@id":"https:\/\/www.cofb.org\/que-oferim\/ciutadans\/serveis-a-la-poblacio\/programa-deducacio-sanitaria-pel-bon-us-dels-medicaments\/#primaryimage","url":"https:\/\/www.cofb.org\/wp-content\/uploads\/2023\/07\/bon-us-medicaments.jpg","contentUrl":"https:\/\/www.cofb.org\/wp-content\/uploads\/2023\/07\/bon-us-medicaments.jpg"},{"@type":"BreadcrumbList","@id":"https:\/\/www.cofb.org\/que-oferim\/ciutadans\/serveis-a-la-poblacio\/programa-deducacio-sanitaria-pel-bon-us-dels-medicaments\/#breadcrumb","itemListElement":[{"@type":"ListItem","position":1,"name":"Inici","item":"https:\/\/novaorg.cofb.net\/"},{"@type":"ListItem","position":2,"name":"Qu\u00e8 oferim?","item":"https:\/\/novaorg.cofb.net\/que-oferim\/"},{"@type":"ListItem","position":3,"name":"Ciutadans","item":"https:\/\/novaorg.cofb.net\/que-oferim\/ciutadans\/"},{"@type":"ListItem","position":4,"name":"Serveis a la poblaci\u00f3","item":"https:\/\/www.cofb.org\/que-oferim\/ciutadans\/serveis-a-la-poblacio\/"},{"@type":"ListItem","position":5,"name":"Programa d&#8217;educaci\u00f3 sanit\u00e0ria pel bon \u00fas dels medicaments"}]},{"@type":"WebSite","@id":"https:\/\/www.cofb.org\/#website","url":"https:\/\/www.cofb.org\/","name":"Col\u00b7legi de Farmac\u00e8utics de Barcelona","description":"","publisher":{"@id":"https:\/\/www.cofb.org\/#organization"},"potentialAction":[{"@type":"SearchAction","target":{"@type":"EntryPoint","urlTemplate":"https:\/\/www.cofb.org\/?s={search_term_string}"},"query-input":"required name=search_term_string"}],"inLanguage":"ca"},{"@type":"Organization","@id":"https:\/\/www.cofb.org\/#organization","name":"Col\u00b7legi de Farmac\u00e8utics de Barcelona","url":"https:\/\/www.cofb.org\/","logo":{"@type":"ImageObject","inLanguage":"ca","@id":"https:\/\/www.cofb.org\/#\/schema\/logo\/image\/","url":"https:\/\/www.cofb.org\/wp-content\/uploads\/2023\/11\/cropped-Logotip-COFB.png","contentUrl":"https:\/\/www.cofb.org\/wp-content\/uploads\/2023\/11\/cropped-Logotip-COFB.png","width":500,"height":105,"caption":"Col\u00b7legi de Farmac\u00e8utics de Barcelona"},"image":{"@id":"https:\/\/www.cofb.org\/#\/schema\/logo\/image\/"},"sameAs":["https:\/\/www.facebook.com\/farmaceuticsbcn\/","https:\/\/twitter.com\/farmaceuticsbcn","https:\/\/www.instagram.com\/farmaceuticsbcn\/","https:\/\/www.linkedin.com\/company\/farmaceuticsbcn\/"]}]}},"uagb_featured_image_src":{"full":false,"thumbnail":false,"medium":false,"medium_large":false,"large":false,"1536x1536":false,"2048x2048":false,"trp-custom-language-flag":false},"uagb_author_info":{"display_name":"wpAdminCofbOrg","author_link":"https:\/\/www.cofb.org\/ca\/author\/wpadmincofborg\/"},"uagb_comment_info":0,"uagb_excerpt":"Qu\u00e8 \u00e9s el programa d&#8217;educaci\u00f3 sanit\u00e0ria en el bon \u00fas dels medicaments? El&nbsp;Programa d\u2019educaci\u00f3 sanit\u00e0ria en el bon \u00fas dels medicaments (PESBUM)&nbsp;\u00e9s una iniciativa que consta de&nbsp;xerrades informatives impartides per farmac\u00e8utics comunitaris. Quin objectiu t\u00e9? Augmentar el coneixement sobre l\u2019\u00fas dels medicaments&nbsp;i millorar les habilitats en el seu maneig. Com [&hellip;]","_links":{"self":[{"href":"https:\/\/www.cofb.org\/ca\/wp-json\/wp\/v2\/pages\/67544","targetHints":{"allow":["GET"]}}],"collection":[{"href":"https:\/\/www.cofb.org\/ca\/wp-json\/wp\/v2\/pages"}],"about":[{"href":"https:\/\/www.cofb.org\/ca\/wp-json\/wp\/v2\/types\/page"}],"author":[{"embeddable":true,"href":"https:\/\/www.cofb.org\/ca\/wp-json\/wp\/v2\/users\/1"}],"replies":[{"embeddable":true,"href":"https:\/\/www.cofb.org\/ca\/wp-json\/wp\/v2\/comments?post=67544"}],"version-history":[{"count":11,"href":"https:\/\/www.cofb.org\/ca\/wp-json\/wp\/v2\/pages\/67544\/revisions"}],"predecessor-version":[{"id":83838,"href":"https:\/\/www.cofb.org\/ca\/wp-json\/wp\/v2\/pages\/67544\/revisions\/83838"}],"up":[{"embeddable":true,"href":"https:\/\/www.cofb.org\/ca\/wp-json\/wp\/v2\/pages\/2951"}],"wp:attachment":[{"href":"https:\/\/www.cofb.org\/ca\/wp-json\/wp\/v2\/media?parent=67544"}],"curies":[{"name":"wp","href":"https:\/\/api.w.org\/{rel}","templated":true}]}}