{"id":67371,"date":"2023-07-25T07:13:33","date_gmt":"2023-07-25T07:13:33","guid":{"rendered":"https:\/\/novaorg.cofb.net\/?page_id=67371"},"modified":"2024-07-15T09:50:45","modified_gmt":"2024-07-15T09:50:45","slug":"avis-legal","status":"publish","type":"page","link":"https:\/\/www.cofb.org\/ca\/mes-informacio\/avis-legal\/","title":{"rendered":"AV\u00cdS LEGAL"},"content":{"rendered":"\n<h2 class=\"wp-block-heading\">IDENTIFICACI\u00d3<\/h2>\n\n\n\n<p>El Col\u00b7legi de Farmac\u00e8utics de la Prov\u00edncia de Barcelona, \u00e9s una corporaci\u00f3 de dret p\u00fablic, registrada en el Registre de Col\u00b7legis Professionals del Departament de Just\u00edcia i Interior de la Generalitat de Catalunya, situat al carrer Girona, n\u00famero 64, baixos, 08009 BARCELONA, tel\u00e8fon 93 244 07 10, e-mail&nbsp;cofb@cofb.net&nbsp;i n\u00famero d&#8217;identificaci\u00f3 fiscal Q-0866002-I. Aquesta instituci\u00f3 es regeix per les Lleis de col\u00b7legis professionals estatal i auton\u00f2mica, i pels seus propis estatuts declarats adequats a la legalitat pel citat departament per Resoluci\u00f3 JUS\/1414\/2008 de 6 de maig, publicats en el DOGC de 15 de maig de 2008. Inscripci\u00f3 n\u00famero F\/B 211.<\/p>\n\n\n\n<h2 class=\"wp-block-heading\">PROPIETAT INTEL\u00b7LECTUAL<\/h2>\n\n\n\n<p>Tot el contingut de les p\u00e0gines d\u2019aquesta web (http:\/\/www.cofb.org\/) \u00e9s propietat del Col\u00b7legi, i compr\u00e8n, a t\u00edtol enunciatiu no limitatiu els seg\u00fcents elements: textos, gr\u00e0fics, imatges, logotips, arxius de sotfware, colors, estructura, selecci\u00f3, ordenaci\u00f3 i presentaci\u00f3 de continguts, programa d\u2019ordinador&nbsp; per a la seva creaci\u00f3 i el seu funcionament, i est\u00e0 totalment prohibida la reproducci\u00f3 total i\/o parcial, la comunicaci\u00f3 p\u00fablica i l\u2019emmagatzematge&nbsp; d\u2019aquesta p\u00e0gina i de qualsevol altre material i\/o element que la integri protegit per la Llei de propietat intel\u00b7lectual, sense obtenir el consentiment previ del Col\u00b7legi.<\/p>\n\n\n\n<h2 class=\"wp-block-heading\">ACC\u00c9S DELS USUARIS<\/h2>\n\n\n\n<p>L\u2019usuari es compromet a utilitzar aquest servei de conformitat amb la Llei, les condicions generals que cont\u00e9 aquest av\u00eds legal, la moral, els bons costums i l\u2019ordre p\u00fablic. En conseq\u00fc\u00e8ncia, l\u2019usuari s\u2019obliga a abstenir-se de fer un \u00fas&nbsp; mitjan\u00e7ant el qual es lesionin els drets i els interessos de la instituci\u00f3 i de tercers o que de qualsevol manera pugui comportar un impediment en l\u2019acc\u00e9s d\u2019altres usuaris autoritzats i es fa responsable dels danys i perjudicis que el col\u00b7legi hagi de suportar per motiu d\u2019aquest \u00fas&nbsp; del portal.<\/p>\n\n\n\n<h2 class=\"wp-block-heading\">LIMITACI\u00d3 DE RESPONSABILITAT<\/h2>\n\n\n\n<p>El Col\u00b7legi adverteix que els continguts d\u2019aquesta web s\u00f3n de car\u00e0cter informatiu i declina tota responsabilitat sobre la informaci\u00f3 que s\u2019ofereixi mitjan\u00e7ant la reproducci\u00f3 de documents elaborats per altres administracions p\u00fabliques, not\u00edcies de premsa i serveis que proporcionin companyies alienes al Col\u00b7legi.<\/p>\n\n\n\n<p>Tampoc es pot fer responsable de les versions electr\u00f2niques dels documents publicats en diaris oficials, quan es carreguin directament, de les not\u00edcies aparegudes en diaris&nbsp; i revistes d\u2019informaci\u00f3, ni dels continguts dels links d\u2019inter\u00e8s.<\/p>\n\n\n\n<p>El Col\u00b7legi es reserva el dret de modificar, actualitzar o suprimir qualsevol dels continguts d\u2019aquesta web.<\/p>\n\n\n\n<p>Tampoc es responsabilitza dels danys i perjudicis ocasionats en el sistema inform\u00e0tic dels usuaris per l\u2019exist\u00e8ncia de virus no detectats o altres elements lesius en els seus continguts.<\/p>\n\n\n\n<h2 class=\"wp-block-heading\">PROTECCI\u00d3 DE DADES:<\/h2>\n\n\n\n<p>D\u2019acord amb el Reglament del Parlament Europeu i del Consell de Protecci\u00f3 de Dades de 27 d\u2019abril de 2016,&nbsp;<br>El Col\u00b7legi de Farmac\u00e8utics de la Prov\u00edncia de Barcelona \u00e9s el responsable de tractament de la base de dades que es genera amb l&#8217;acc\u00e9s dels usuaris a aquesta web.<\/p>\n\n\n\n<p>Dades del Representant:<br>Sra. Mercedes Gras Balaguer, Gerent:<br>C\/ Girona 64<br>Correu electr\u00f2nic gerencia@cofb.net<br>Tel. 932440719<\/p>\n\n\n\n<p>Dades del Delegat de Protecci\u00f3 de Dades:<br>Sra. Mercedes Gras Balaguer.<br>C\/ Girona 64<br>Correu electr\u00f2nic protecciodades.cofb@cofb.cat<br>Tel. 932440719<\/p>\n\n\n\n<p><em>Finalitat del tractament:&nbsp;<\/em><br>les finalitats pr\u00f2pies del funcionament de l\u2019acc\u00e9s i per a aquelles altres funcions que permetin millorar la prestaci\u00f3 del servei, comunicar incid\u00e8ncies i realitzar acci\u00f3 comercial pr\u00f2pia de la web.<\/p>\n\n\n\n<p><em>Conservaci\u00f3 de la informaci\u00f3:<\/em><br>La informaci\u00f3 dels accessos es conserva durant 38 mesos.<br>No es produeixen decisions automatitzades, ni cap mena de perfils d\u2019activitat de l\u2019usuari en concret a trav\u00e9s de la web.<\/p>\n\n\n\n<p><em>Legitimaci\u00f3<\/em>:&nbsp;El Col\u00b7legi com a corporaci\u00f3 de dret p\u00fablic d\u2019acord amb la Llei de Col\u00b7legis professionals, els seus Estatuts, la normativa sobre transpar\u00e8ncia, i el consentiment de l\u2019usuari en accedir a la p\u00e0gina i acceptar els criteris de navegaci\u00f3.<\/p>\n\n\n\n<p><em>Destinataris<\/em>:&nbsp;no hi ha prevista cap cessi\u00f3 de dades ni transfer\u00e8ncies internacionals de les dades.<\/p>\n\n\n\n<p><em>Exercici de drets<\/em>:&nbsp;L\u2019usuari t\u00e9 dret a l\u2019acc\u00e9s, la rectificaci\u00f3, la cancel\u00b7laci\u00f3, la supressi\u00f3, i portabilitat, aix\u00ed com la limitaci\u00f3 i l\u2019oposici\u00f3, al tractament de les seves dades, a retirar el consentiment prestat amb una comunicaci\u00f3 escrita dirigida al carrer Girona n\u00famero 64, 08009 Barcelona o per correu electr\u00f2nic a l\u2019adre\u00e7a \u201cprotecciodades.cofb@cofb.cat\u201d, i a presentar una reclamaci\u00f3 davant l\u2019autoritat de control l\u2019Autoritat Catalana de Protecci\u00f3 de Dades.<\/p>\n","protected":false},"excerpt":{"rendered":"<p>IDENTIFICACI\u00d3 El Col\u00b7legi de Farmac\u00e8utics de la Prov\u00edncia de Barcelona, \u00e9s una corporaci\u00f3 de dret p\u00fablic, registrada en el Registre de Col\u00b7legis Professionals del Departament de Just\u00edcia i Interior de la Generalitat de Catalunya, situat al carrer Girona, n\u00famero 64, baixos, 08009 BARCELONA, tel\u00e8fon 93 244 07 10, e-mail&nbsp;cofb@cofb.net&nbsp;i n\u00famero [&hellip;]<\/p>\n","protected":false},"author":1,"featured_media":0,"parent":67454,"menu_order":0,"comment_status":"closed","ping_status":"closed","template":"","meta":{"_uag_custom_page_level_css":"","site-sidebar-layout":"default","site-content-layout":"","ast-site-content-layout":"default","site-content-style":"default","site-sidebar-style":"default","ast-global-header-display":"","ast-banner-title-visibility":"","ast-main-header-display":"","ast-hfb-above-header-display":"","ast-hfb-below-header-display":"","ast-hfb-mobile-header-display":"","site-post-title":"","ast-breadcrumbs-content":"","ast-featured-img":"","footer-sml-layout":"","theme-transparent-header-meta":"","adv-header-id-meta":"","stick-header-meta":"","header-above-stick-meta":"","header-main-stick-meta":"","header-below-stick-meta":"","astra-migrate-meta-layouts":"set","ast-page-background-enabled":"default","ast-page-background-meta":{"desktop":{"background-color":"var(--ast-global-color-4)","background-image":"","background-repeat":"repeat","background-position":"center center","background-size":"auto","background-attachment":"scroll","background-type":"","background-media":"","overlay-type":"","overlay-color":"","overlay-opacity":"","overlay-gradient":""},"tablet":{"background-color":"","background-image":"","background-repeat":"repeat","background-position":"center center","background-size":"auto","background-attachment":"scroll","background-type":"","background-media":"","overlay-type":"","overlay-color":"","overlay-opacity":"","overlay-gradient":""},"mobile":{"background-color":"","background-image":"","background-repeat":"repeat","background-position":"center center","background-size":"auto","background-attachment":"scroll","background-type":"","background-media":"","overlay-type":"","overlay-color":"","overlay-opacity":"","overlay-gradient":""}},"ast-content-background-meta":{"desktop":{"background-color":"var(--ast-global-color-5)","background-image":"","background-repeat":"repeat","background-position":"center center","background-size":"auto","background-attachment":"scroll","background-type":"","background-media":"","overlay-type":"","overlay-color":"","overlay-opacity":"","overlay-gradient":""},"tablet":{"background-color":"var(--ast-global-color-5)","background-image":"","background-repeat":"repeat","background-position":"center center","background-size":"auto","background-attachment":"scroll","background-type":"","background-media":"","overlay-type":"","overlay-color":"","overlay-opacity":"","overlay-gradient":""},"mobile":{"background-color":"var(--ast-global-color-5)","background-image":"","background-repeat":"repeat","background-position":"center center","background-size":"auto","background-attachment":"scroll","background-type":"","background-media":"","overlay-type":"","overlay-color":"","overlay-opacity":"","overlay-gradient":""}},"footnotes":""},"class_list":["post-67371","page","type-page","status-publish","hentry"],"yoast_head":"<!-- This site is optimized with the Yoast SEO plugin v22.4 - https:\/\/yoast.com\/wordpress\/plugins\/seo\/ -->\n<title>AV\u00cdS LEGAL - Col\u00b7legi de Farmac\u00e8utics de Barcelona<\/title>\n<meta name=\"robots\" content=\"index, follow, max-snippet:-1, max-image-preview:large, max-video-preview:-1\" \/>\n<link rel=\"canonical\" href=\"https:\/\/www.cofb.org\/ca\/mes-informacio\/avis-legal\/\" \/>\n<meta property=\"og:locale\" content=\"ca_ES\" \/>\n<meta property=\"og:type\" content=\"article\" \/>\n<meta property=\"og:title\" content=\"AV\u00cdS LEGAL - Col\u00b7legi de Farmac\u00e8utics de Barcelona\" \/>\n<meta property=\"og:description\" content=\"IDENTIFICACI\u00d3 El Col\u00b7legi de Farmac\u00e8utics de la Prov\u00edncia de Barcelona, \u00e9s una corporaci\u00f3 de dret p\u00fablic, registrada en el Registre de Col\u00b7legis Professionals del Departament de Just\u00edcia i Interior de la Generalitat de Catalunya, situat al carrer Girona, n\u00famero 64, baixos, 08009 BARCELONA, tel\u00e8fon 93 244 07 10, e-mail&nbsp;cofb@cofb.net&nbsp;i n\u00famero [&hellip;]\" \/>\n<meta property=\"og:url\" content=\"https:\/\/www.cofb.org\/ca\/mes-informacio\/avis-legal\/\" \/>\n<meta property=\"og:site_name\" content=\"Col\u00b7legi de Farmac\u00e8utics de Barcelona\" \/>\n<meta property=\"article:publisher\" content=\"https:\/\/www.facebook.com\/farmaceuticsbcn\/\" \/>\n<meta property=\"article:modified_time\" content=\"2024-07-15T09:50:45+00:00\" \/>\n<meta name=\"twitter:card\" content=\"summary_large_image\" \/>\n<meta name=\"twitter:site\" content=\"@farmaceuticsbcn\" \/>\n<meta name=\"twitter:label1\" content=\"Temps estimat de lectura\" \/>\n\t<meta name=\"twitter:data1\" content=\"4 minuts\" \/>\n<script type=\"application\/ld+json\" class=\"yoast-schema-graph\">{\"@context\":\"https:\/\/schema.org\",\"@graph\":[{\"@type\":\"WebPage\",\"@id\":\"https:\/\/www.cofb.org\/mes-informacio\/avis-legal\/\",\"url\":\"https:\/\/www.cofb.org\/mes-informacio\/avis-legal\/\",\"name\":\"AV\u00cdS LEGAL - Col\u00b7legi de Farmac\u00e8utics de Barcelona\",\"isPartOf\":{\"@id\":\"https:\/\/www.cofb.org\/#website\"},\"datePublished\":\"2023-07-25T07:13:33+00:00\",\"dateModified\":\"2024-07-15T09:50:45+00:00\",\"breadcrumb\":{\"@id\":\"https:\/\/www.cofb.org\/mes-informacio\/avis-legal\/#breadcrumb\"},\"inLanguage\":\"ca\",\"potentialAction\":[{\"@type\":\"ReadAction\",\"target\":[\"https:\/\/www.cofb.org\/mes-informacio\/avis-legal\/\"]}]},{\"@type\":\"BreadcrumbList\",\"@id\":\"https:\/\/www.cofb.org\/mes-informacio\/avis-legal\/#breadcrumb\",\"itemListElement\":[{\"@type\":\"ListItem\",\"position\":1,\"name\":\"Inici\",\"item\":\"https:\/\/novaorg.cofb.net\/\"},{\"@type\":\"ListItem\",\"position\":2,\"name\":\"M\u00e9s informaci\u00f3\",\"item\":\"https:\/\/novaorg.cofb.net\/mes-informacio\/\"},{\"@type\":\"ListItem\",\"position\":3,\"name\":\"AV\u00cdS LEGAL\"}]},{\"@type\":\"WebSite\",\"@id\":\"https:\/\/www.cofb.org\/#website\",\"url\":\"https:\/\/www.cofb.org\/\",\"name\":\"Col\u00b7legi de Farmac\u00e8utics de Barcelona\",\"description\":\"\",\"publisher\":{\"@id\":\"https:\/\/www.cofb.org\/#organization\"},\"potentialAction\":[{\"@type\":\"SearchAction\",\"target\":{\"@type\":\"EntryPoint\",\"urlTemplate\":\"https:\/\/www.cofb.org\/?s={search_term_string}\"},\"query-input\":\"required name=search_term_string\"}],\"inLanguage\":\"ca\"},{\"@type\":\"Organization\",\"@id\":\"https:\/\/www.cofb.org\/#organization\",\"name\":\"Col\u00b7legi de Farmac\u00e8utics de Barcelona\",\"url\":\"https:\/\/www.cofb.org\/\",\"logo\":{\"@type\":\"ImageObject\",\"inLanguage\":\"ca\",\"@id\":\"https:\/\/www.cofb.org\/#\/schema\/logo\/image\/\",\"url\":\"https:\/\/www.cofb.org\/wp-content\/uploads\/2023\/11\/cropped-Logotip-COFB.png\",\"contentUrl\":\"https:\/\/www.cofb.org\/wp-content\/uploads\/2023\/11\/cropped-Logotip-COFB.png\",\"width\":500,\"height\":105,\"caption\":\"Col\u00b7legi de Farmac\u00e8utics de Barcelona\"},\"image\":{\"@id\":\"https:\/\/www.cofb.org\/#\/schema\/logo\/image\/\"},\"sameAs\":[\"https:\/\/www.facebook.com\/farmaceuticsbcn\/\",\"https:\/\/twitter.com\/farmaceuticsbcn\",\"https:\/\/www.instagram.com\/farmaceuticsbcn\/\",\"https:\/\/www.linkedin.com\/company\/farmaceuticsbcn\/\"]}]}<\/script>\n<!-- \/ Yoast SEO plugin. -->","yoast_head_json":{"title":"AV\u00cdS LEGAL - Col\u00b7legi de Farmac\u00e8utics de Barcelona","robots":{"index":"index","follow":"follow","max-snippet":"max-snippet:-1","max-image-preview":"max-image-preview:large","max-video-preview":"max-video-preview:-1"},"canonical":"https:\/\/www.cofb.org\/ca\/mes-informacio\/avis-legal\/","og_locale":"ca_ES","og_type":"article","og_title":"AV\u00cdS LEGAL - Col\u00b7legi de Farmac\u00e8utics de Barcelona","og_description":"IDENTIFICACI\u00d3 El Col\u00b7legi de Farmac\u00e8utics de la Prov\u00edncia de Barcelona, \u00e9s una corporaci\u00f3 de dret p\u00fablic, registrada en el Registre de Col\u00b7legis Professionals del Departament de Just\u00edcia i Interior de la Generalitat de Catalunya, situat al carrer Girona, n\u00famero 64, baixos, 08009 BARCELONA, tel\u00e8fon 93 244 07 10, e-mail&nbsp;cofb@cofb.net&nbsp;i n\u00famero [&hellip;]","og_url":"https:\/\/www.cofb.org\/ca\/mes-informacio\/avis-legal\/","og_site_name":"Col\u00b7legi de Farmac\u00e8utics de Barcelona","article_publisher":"https:\/\/www.facebook.com\/farmaceuticsbcn\/","article_modified_time":"2024-07-15T09:50:45+00:00","twitter_card":"summary_large_image","twitter_site":"@farmaceuticsbcn","twitter_misc":{"Temps estimat de lectura":"4 minuts"},"schema":{"@context":"https:\/\/schema.org","@graph":[{"@type":"WebPage","@id":"https:\/\/www.cofb.org\/mes-informacio\/avis-legal\/","url":"https:\/\/www.cofb.org\/mes-informacio\/avis-legal\/","name":"AV\u00cdS LEGAL - Col\u00b7legi de Farmac\u00e8utics de Barcelona","isPartOf":{"@id":"https:\/\/www.cofb.org\/#website"},"datePublished":"2023-07-25T07:13:33+00:00","dateModified":"2024-07-15T09:50:45+00:00","breadcrumb":{"@id":"https:\/\/www.cofb.org\/mes-informacio\/avis-legal\/#breadcrumb"},"inLanguage":"ca","potentialAction":[{"@type":"ReadAction","target":["https:\/\/www.cofb.org\/mes-informacio\/avis-legal\/"]}]},{"@type":"BreadcrumbList","@id":"https:\/\/www.cofb.org\/mes-informacio\/avis-legal\/#breadcrumb","itemListElement":[{"@type":"ListItem","position":1,"name":"Inici","item":"https:\/\/novaorg.cofb.net\/"},{"@type":"ListItem","position":2,"name":"M\u00e9s informaci\u00f3","item":"https:\/\/novaorg.cofb.net\/mes-informacio\/"},{"@type":"ListItem","position":3,"name":"AV\u00cdS LEGAL"}]},{"@type":"WebSite","@id":"https:\/\/www.cofb.org\/#website","url":"https:\/\/www.cofb.org\/","name":"Col\u00b7legi de Farmac\u00e8utics de Barcelona","description":"","publisher":{"@id":"https:\/\/www.cofb.org\/#organization"},"potentialAction":[{"@type":"SearchAction","target":{"@type":"EntryPoint","urlTemplate":"https:\/\/www.cofb.org\/?s={search_term_string}"},"query-input":"required name=search_term_string"}],"inLanguage":"ca"},{"@type":"Organization","@id":"https:\/\/www.cofb.org\/#organization","name":"Col\u00b7legi de Farmac\u00e8utics de Barcelona","url":"https:\/\/www.cofb.org\/","logo":{"@type":"ImageObject","inLanguage":"ca","@id":"https:\/\/www.cofb.org\/#\/schema\/logo\/image\/","url":"https:\/\/www.cofb.org\/wp-content\/uploads\/2023\/11\/cropped-Logotip-COFB.png","contentUrl":"https:\/\/www.cofb.org\/wp-content\/uploads\/2023\/11\/cropped-Logotip-COFB.png","width":500,"height":105,"caption":"Col\u00b7legi de Farmac\u00e8utics de Barcelona"},"image":{"@id":"https:\/\/www.cofb.org\/#\/schema\/logo\/image\/"},"sameAs":["https:\/\/www.facebook.com\/farmaceuticsbcn\/","https:\/\/twitter.com\/farmaceuticsbcn","https:\/\/www.instagram.com\/farmaceuticsbcn\/","https:\/\/www.linkedin.com\/company\/farmaceuticsbcn\/"]}]}},"uagb_featured_image_src":{"full":false,"thumbnail":false,"medium":false,"medium_large":false,"large":false,"1536x1536":false,"2048x2048":false,"trp-custom-language-flag":false},"uagb_author_info":{"display_name":"wpAdminCofbOrg","author_link":"https:\/\/www.cofb.org\/ca\/author\/wpadmincofborg\/"},"uagb_comment_info":0,"uagb_excerpt":"IDENTIFICACI\u00d3 El Col\u00b7legi de Farmac\u00e8utics de la Prov\u00edncia de Barcelona, \u00e9s una corporaci\u00f3 de dret p\u00fablic, registrada en el Registre de Col\u00b7legis Professionals del Departament de Just\u00edcia i Interior de la Generalitat de Catalunya, situat al carrer Girona, n\u00famero 64, baixos, 08009 BARCELONA, tel\u00e8fon 93 244 07 10, e-mail&nbsp;cofb@cofb.net&nbsp;i n\u00famero [&hellip;]","_links":{"self":[{"href":"https:\/\/www.cofb.org\/ca\/wp-json\/wp\/v2\/pages\/67371","targetHints":{"allow":["GET"]}}],"collection":[{"href":"https:\/\/www.cofb.org\/ca\/wp-json\/wp\/v2\/pages"}],"about":[{"href":"https:\/\/www.cofb.org\/ca\/wp-json\/wp\/v2\/types\/page"}],"author":[{"embeddable":true,"href":"https:\/\/www.cofb.org\/ca\/wp-json\/wp\/v2\/users\/1"}],"replies":[{"embeddable":true,"href":"https:\/\/www.cofb.org\/ca\/wp-json\/wp\/v2\/comments?post=67371"}],"version-history":[{"count":4,"href":"https:\/\/www.cofb.org\/ca\/wp-json\/wp\/v2\/pages\/67371\/revisions"}],"predecessor-version":[{"id":78935,"href":"https:\/\/www.cofb.org\/ca\/wp-json\/wp\/v2\/pages\/67371\/revisions\/78935"}],"up":[{"embeddable":true,"href":"https:\/\/www.cofb.org\/ca\/wp-json\/wp\/v2\/pages\/67454"}],"wp:attachment":[{"href":"https:\/\/www.cofb.org\/ca\/wp-json\/wp\/v2\/media?parent=67371"}],"curies":[{"name":"wp","href":"https:\/\/api.w.org\/{rel}","templated":true}]}}