{"id":3760,"date":"2023-07-07T11:17:20","date_gmt":"2023-07-07T11:17:20","guid":{"rendered":"https:\/\/novaorg.cofb.net\/?page_id=3760"},"modified":"2024-08-29T12:13:19","modified_gmt":"2024-08-29T12:13:19","slug":"tramitacio-dalta-com-a-collegiat","status":"publish","type":"page","link":"https:\/\/www.cofb.org\/ca\/que-oferim\/farmaceutics\/collegiat\/tramitacio-dalta-com-a-collegiat\/","title":{"rendered":"Tramitaci\u00f3 d&#8217;alta com a col\u00b7legiat"},"content":{"rendered":"\n<p id=\"yui_patched_v3_11_0_1_1688728516677_286\">Perqu\u00e8 et puguis donar d\u2019alta com a col\u00b7legiat, \u00e9s imprescindible haver cursat la llicenciatura\/grau en Farm\u00e0cia.<\/p>\n\n\n\n<p>La incorporaci\u00f3 al col\u00b7legi professional corresponent \u00e9s un requisit necessari per a l&#8217;exercici de les professions col\u00b7legiades, segons la Llei 7\/2006, de 31 de maig, de l&#8217;exercici de professions titulades i dels col\u00b7legis professionals.<\/p>\n\n\n\n<p>L&#8217;ingr\u00e9s al Col\u00b7legi \u00e9s condici\u00f3 pr\u00e8via i requisit indispensable per poder exercir la professi\u00f3 en qualsevol de les modalitats, sempre que el domicili professional \u00fanic o principal estigui situat en aquesta prov\u00edncia.<\/p>\n\n\n\n<p>Si ets un professional col\u00b7legiat en un altre col\u00b7legi de l&#8217;Estat, haur\u00e0s de comunicar-ho al COFB abans de comen\u00e7ar a exercir. En el cas dels farmac\u00e8utics intercomunitaris, es necessitar\u00e0 un&nbsp;<strong>reconeixement&nbsp;<\/strong>del t\u00edtol i pels extracomunitaris, una&nbsp;<strong>homologaci\u00f3&nbsp;<\/strong>d\u2019aquest.<\/p>\n\n\n\n<p>Per a m\u00e9s informaci\u00f3, consulta l&#8217;apartat&nbsp;<a data-type=\"page\" data-id=\"69104\" href=\"https:\/\/www.cofb.org\/qui-som\/el-collegi\/transparencia\/publicitat-activa\/informacio-i-tramits\/collegiacio\/\" target=\"_blank\" rel=\"noreferrer noopener\">Col\u00b7legiaci\u00f3<\/a>&nbsp;del&nbsp;<a data-type=\"page\" data-id=\"2616\" href=\"https:\/\/www.cofb.org\/qui-som\/el-collegi\/transparencia\/\" target=\"_blank\" rel=\"noreferrer noopener\">Portal de Transpar\u00e8ncia<\/a>.<\/p>\n\n\n\n<h2 class=\"wp-block-heading\">Col\u00b7legiaci\u00f3 presencial<\/h2>\n\n\n\n<p>Per col\u00b7legiar-te presencialment, nom\u00e9s cal que presentis la seg\u00fcent documentaci\u00f3 a la Secretaria del Col\u00b7legi:<\/p>\n\n\n\n<ul class=\"wp-block-list\">\n<li>T\u00edtol original expedit per la Facultat de Farm\u00e0cia o, en cas de no tenir-lo, c\u00f2pia del resguard<\/li>\n\n\n\n<li>Document Nacional d&#8217;Identitat (DNI) o NIE<\/li>\n\n\n\n<li>Dades banc\u00e0ries (compte corrent)<\/li>\n\n\n\n<li>Certificat de baixa de col\u00b7legiaci\u00f3 en cas de procedir d&#8217;un altre col\u00b7legi de farmac\u00e8utics.<\/li>\n<\/ul>\n\n\n\n<p>Horari:<\/p>\n\n\n\n<p><a href=\"https:\/\/tramits.cofb.net\/Ciutadania\/DetallTramit.aspx?Cercador=True&amp;IdTramit=55\" target=\"_blank\" rel=\"noreferrer noopener\"><strong>Ser\u00e0 necessari sol\u00b7licitar cita pr\u00e8via:&nbsp;<\/strong><\/a><\/p>\n\n\n\n<ul class=\"wp-block-list\">\n<li>De dilluns a dijous:&nbsp;de 9 h&nbsp;a 14:30 h<\/li>\n\n\n\n<li>Divendres: de 8:30 h&nbsp;a 14:30 h<\/li>\n<\/ul>\n\n\n\n<p><strong>Horari d&#8217;estiu (del 15&nbsp;de juliol al 31 d&#8217;agost):<\/strong><br>De dilluns a divendres: de 8:00 h a 14:30 h<\/p>\n\n\n\n<h2 class=\"wp-block-heading\">Col\u00b7legiaci\u00f3 online<\/h2>\n\n\n\n<p>Consulta com fer-ho a trav\u00e9s del&nbsp;<a href=\"https:\/\/tramits.cofb.net\/Ciutadania\/DetallTramit.aspx?Cercador=True&amp;IdTramit=5\" target=\"_blank\" rel=\"noreferrer noopener\">portal de tr\u00e0mits del COFB<\/a>.&nbsp;<\/p>\n\n\n\n<p><a href=\"javascript: window.print()\"><\/a><\/p>\n","protected":false},"excerpt":{"rendered":"<p>Perqu\u00e8 et puguis donar d\u2019alta com a col\u00b7legiat, \u00e9s imprescindible haver cursat la llicenciatura\/grau en Farm\u00e0cia. La incorporaci\u00f3 al col\u00b7legi professional corresponent \u00e9s un requisit necessari per a l&#8217;exercici de les professions col\u00b7legiades, segons la Llei 7\/2006, de 31 de maig, de l&#8217;exercici de professions titulades i dels col\u00b7legis professionals. [&hellip;]<\/p>\n","protected":false},"author":1,"featured_media":0,"parent":2762,"menu_order":0,"comment_status":"closed","ping_status":"closed","template":"","meta":{"_uag_custom_page_level_css":"","site-sidebar-layout":"default","site-content-layout":"","ast-site-content-layout":"default","site-content-style":"default","site-sidebar-style":"default","ast-global-header-display":"","ast-banner-title-visibility":"","ast-main-header-display":"","ast-hfb-above-header-display":"","ast-hfb-below-header-display":"","ast-hfb-mobile-header-display":"","site-post-title":"","ast-breadcrumbs-content":"","ast-featured-img":"","footer-sml-layout":"","theme-transparent-header-meta":"","adv-header-id-meta":"","stick-header-meta":"","header-above-stick-meta":"","header-main-stick-meta":"","header-below-stick-meta":"","astra-migrate-meta-layouts":"set","ast-page-background-enabled":"default","ast-page-background-meta":{"desktop":{"background-color":"var(--ast-global-color-4)","background-image":"","background-repeat":"repeat","background-position":"center center","background-size":"auto","background-attachment":"scroll","background-type":"","background-media":"","overlay-type":"","overlay-color":"","overlay-opacity":"","overlay-gradient":""},"tablet":{"background-color":"","background-image":"","background-repeat":"repeat","background-position":"center center","background-size":"auto","background-attachment":"scroll","background-type":"","background-media":"","overlay-type":"","overlay-color":"","overlay-opacity":"","overlay-gradient":""},"mobile":{"background-color":"","background-image":"","background-repeat":"repeat","background-position":"center center","background-size":"auto","background-attachment":"scroll","background-type":"","background-media":"","overlay-type":"","overlay-color":"","overlay-opacity":"","overlay-gradient":""}},"ast-content-background-meta":{"desktop":{"background-color":"var(--ast-global-color-5)","background-image":"","background-repeat":"repeat","background-position":"center center","background-size":"auto","background-attachment":"scroll","background-type":"","background-media":"","overlay-type":"","overlay-color":"","overlay-opacity":"","overlay-gradient":""},"tablet":{"background-color":"var(--ast-global-color-5)","background-image":"","background-repeat":"repeat","background-position":"center center","background-size":"auto","background-attachment":"scroll","background-type":"","background-media":"","overlay-type":"","overlay-color":"","overlay-opacity":"","overlay-gradient":""},"mobile":{"background-color":"var(--ast-global-color-5)","background-image":"","background-repeat":"repeat","background-position":"center center","background-size":"auto","background-attachment":"scroll","background-type":"","background-media":"","overlay-type":"","overlay-color":"","overlay-opacity":"","overlay-gradient":""}},"footnotes":""},"class_list":["post-3760","page","type-page","status-publish","hentry"],"yoast_head":"<!-- This site is optimized with the Yoast SEO plugin v22.4 - https:\/\/yoast.com\/wordpress\/plugins\/seo\/ -->\n<title>Tramitaci\u00f3 d&#039;alta com a col\u00b7legiat - Col\u00b7legi de Farmac\u00e8utics de Barcelona<\/title>\n<meta name=\"robots\" content=\"index, follow, max-snippet:-1, max-image-preview:large, max-video-preview:-1\" \/>\n<link rel=\"canonical\" href=\"https:\/\/www.cofb.org\/ca\/que-oferim\/farmaceutics\/collegiat\/tramitacio-dalta-com-a-collegiat\/\" \/>\n<meta property=\"og:locale\" content=\"ca_ES\" \/>\n<meta property=\"og:type\" content=\"article\" \/>\n<meta property=\"og:title\" content=\"Tramitaci\u00f3 d&#039;alta com a col\u00b7legiat - Col\u00b7legi de Farmac\u00e8utics de Barcelona\" \/>\n<meta property=\"og:description\" content=\"Perqu\u00e8 et puguis donar d\u2019alta com a col\u00b7legiat, \u00e9s imprescindible haver cursat la llicenciatura\/grau en Farm\u00e0cia. La incorporaci\u00f3 al col\u00b7legi professional corresponent \u00e9s un requisit necessari per a l&#8217;exercici de les professions col\u00b7legiades, segons la Llei 7\/2006, de 31 de maig, de l&#8217;exercici de professions titulades i dels col\u00b7legis professionals. [&hellip;]\" \/>\n<meta property=\"og:url\" content=\"https:\/\/www.cofb.org\/ca\/que-oferim\/farmaceutics\/collegiat\/tramitacio-dalta-com-a-collegiat\/\" \/>\n<meta property=\"og:site_name\" content=\"Col\u00b7legi de Farmac\u00e8utics de Barcelona\" \/>\n<meta property=\"article:publisher\" content=\"https:\/\/www.facebook.com\/farmaceuticsbcn\/\" \/>\n<meta property=\"article:modified_time\" content=\"2024-08-29T12:13:19+00:00\" \/>\n<meta name=\"twitter:card\" content=\"summary_large_image\" \/>\n<meta name=\"twitter:site\" content=\"@farmaceuticsbcn\" \/>\n<meta name=\"twitter:label1\" content=\"Temps estimat de lectura\" \/>\n\t<meta name=\"twitter:data1\" content=\"2 minuts\" \/>\n<script type=\"application\/ld+json\" class=\"yoast-schema-graph\">{\"@context\":\"https:\/\/schema.org\",\"@graph\":[{\"@type\":\"WebPage\",\"@id\":\"https:\/\/www.cofb.org\/que-oferim\/farmaceutics\/collegiat\/tramitacio-dalta-com-a-collegiat\/\",\"url\":\"https:\/\/www.cofb.org\/que-oferim\/farmaceutics\/collegiat\/tramitacio-dalta-com-a-collegiat\/\",\"name\":\"Tramitaci\u00f3 d'alta com a col\u00b7legiat - Col\u00b7legi de Farmac\u00e8utics de Barcelona\",\"isPartOf\":{\"@id\":\"https:\/\/www.cofb.org\/#website\"},\"datePublished\":\"2023-07-07T11:17:20+00:00\",\"dateModified\":\"2024-08-29T12:13:19+00:00\",\"breadcrumb\":{\"@id\":\"https:\/\/www.cofb.org\/que-oferim\/farmaceutics\/collegiat\/tramitacio-dalta-com-a-collegiat\/#breadcrumb\"},\"inLanguage\":\"ca\",\"potentialAction\":[{\"@type\":\"ReadAction\",\"target\":[\"https:\/\/www.cofb.org\/que-oferim\/farmaceutics\/collegiat\/tramitacio-dalta-com-a-collegiat\/\"]}]},{\"@type\":\"BreadcrumbList\",\"@id\":\"https:\/\/www.cofb.org\/que-oferim\/farmaceutics\/collegiat\/tramitacio-dalta-com-a-collegiat\/#breadcrumb\",\"itemListElement\":[{\"@type\":\"ListItem\",\"position\":1,\"name\":\"Inici\",\"item\":\"https:\/\/novaorg.cofb.net\/\"},{\"@type\":\"ListItem\",\"position\":2,\"name\":\"Qu\u00e8 oferim?\",\"item\":\"https:\/\/novaorg.cofb.net\/que-oferim\/\"},{\"@type\":\"ListItem\",\"position\":3,\"name\":\"Farmac\u00e8utics\",\"item\":\"https:\/\/novaorg.cofb.net\/que-oferim\/farmaceutics\/\"},{\"@type\":\"ListItem\",\"position\":4,\"name\":\"Col\u00b7legia&#8217;t\",\"item\":\"https:\/\/www.cofb.org\/que-oferim\/farmaceutics\/collegiat\/\"},{\"@type\":\"ListItem\",\"position\":5,\"name\":\"Tramitaci\u00f3 d&#8217;alta com a col\u00b7legiat\"}]},{\"@type\":\"WebSite\",\"@id\":\"https:\/\/www.cofb.org\/#website\",\"url\":\"https:\/\/www.cofb.org\/\",\"name\":\"Col\u00b7legi de Farmac\u00e8utics de Barcelona\",\"description\":\"\",\"publisher\":{\"@id\":\"https:\/\/www.cofb.org\/#organization\"},\"potentialAction\":[{\"@type\":\"SearchAction\",\"target\":{\"@type\":\"EntryPoint\",\"urlTemplate\":\"https:\/\/www.cofb.org\/?s={search_term_string}\"},\"query-input\":\"required name=search_term_string\"}],\"inLanguage\":\"ca\"},{\"@type\":\"Organization\",\"@id\":\"https:\/\/www.cofb.org\/#organization\",\"name\":\"Col\u00b7legi de Farmac\u00e8utics de Barcelona\",\"url\":\"https:\/\/www.cofb.org\/\",\"logo\":{\"@type\":\"ImageObject\",\"inLanguage\":\"ca\",\"@id\":\"https:\/\/www.cofb.org\/#\/schema\/logo\/image\/\",\"url\":\"https:\/\/www.cofb.org\/wp-content\/uploads\/2023\/11\/cropped-Logotip-COFB.png\",\"contentUrl\":\"https:\/\/www.cofb.org\/wp-content\/uploads\/2023\/11\/cropped-Logotip-COFB.png\",\"width\":500,\"height\":105,\"caption\":\"Col\u00b7legi de Farmac\u00e8utics de Barcelona\"},\"image\":{\"@id\":\"https:\/\/www.cofb.org\/#\/schema\/logo\/image\/\"},\"sameAs\":[\"https:\/\/www.facebook.com\/farmaceuticsbcn\/\",\"https:\/\/twitter.com\/farmaceuticsbcn\",\"https:\/\/www.instagram.com\/farmaceuticsbcn\/\",\"https:\/\/www.linkedin.com\/company\/farmaceuticsbcn\/\"]}]}<\/script>\n<!-- \/ Yoast SEO plugin. -->","yoast_head_json":{"title":"Tramitaci\u00f3 d'alta com a col\u00b7legiat - Col\u00b7legi de Farmac\u00e8utics de Barcelona","robots":{"index":"index","follow":"follow","max-snippet":"max-snippet:-1","max-image-preview":"max-image-preview:large","max-video-preview":"max-video-preview:-1"},"canonical":"https:\/\/www.cofb.org\/ca\/que-oferim\/farmaceutics\/collegiat\/tramitacio-dalta-com-a-collegiat\/","og_locale":"ca_ES","og_type":"article","og_title":"Tramitaci\u00f3 d'alta com a col\u00b7legiat - Col\u00b7legi de Farmac\u00e8utics de Barcelona","og_description":"Perqu\u00e8 et puguis donar d\u2019alta com a col\u00b7legiat, \u00e9s imprescindible haver cursat la llicenciatura\/grau en Farm\u00e0cia. La incorporaci\u00f3 al col\u00b7legi professional corresponent \u00e9s un requisit necessari per a l&#8217;exercici de les professions col\u00b7legiades, segons la Llei 7\/2006, de 31 de maig, de l&#8217;exercici de professions titulades i dels col\u00b7legis professionals. [&hellip;]","og_url":"https:\/\/www.cofb.org\/ca\/que-oferim\/farmaceutics\/collegiat\/tramitacio-dalta-com-a-collegiat\/","og_site_name":"Col\u00b7legi de Farmac\u00e8utics de Barcelona","article_publisher":"https:\/\/www.facebook.com\/farmaceuticsbcn\/","article_modified_time":"2024-08-29T12:13:19+00:00","twitter_card":"summary_large_image","twitter_site":"@farmaceuticsbcn","twitter_misc":{"Temps estimat de lectura":"2 minuts"},"schema":{"@context":"https:\/\/schema.org","@graph":[{"@type":"WebPage","@id":"https:\/\/www.cofb.org\/que-oferim\/farmaceutics\/collegiat\/tramitacio-dalta-com-a-collegiat\/","url":"https:\/\/www.cofb.org\/que-oferim\/farmaceutics\/collegiat\/tramitacio-dalta-com-a-collegiat\/","name":"Tramitaci\u00f3 d'alta com a col\u00b7legiat - Col\u00b7legi de Farmac\u00e8utics de Barcelona","isPartOf":{"@id":"https:\/\/www.cofb.org\/#website"},"datePublished":"2023-07-07T11:17:20+00:00","dateModified":"2024-08-29T12:13:19+00:00","breadcrumb":{"@id":"https:\/\/www.cofb.org\/que-oferim\/farmaceutics\/collegiat\/tramitacio-dalta-com-a-collegiat\/#breadcrumb"},"inLanguage":"ca","potentialAction":[{"@type":"ReadAction","target":["https:\/\/www.cofb.org\/que-oferim\/farmaceutics\/collegiat\/tramitacio-dalta-com-a-collegiat\/"]}]},{"@type":"BreadcrumbList","@id":"https:\/\/www.cofb.org\/que-oferim\/farmaceutics\/collegiat\/tramitacio-dalta-com-a-collegiat\/#breadcrumb","itemListElement":[{"@type":"ListItem","position":1,"name":"Inici","item":"https:\/\/novaorg.cofb.net\/"},{"@type":"ListItem","position":2,"name":"Qu\u00e8 oferim?","item":"https:\/\/novaorg.cofb.net\/que-oferim\/"},{"@type":"ListItem","position":3,"name":"Farmac\u00e8utics","item":"https:\/\/novaorg.cofb.net\/que-oferim\/farmaceutics\/"},{"@type":"ListItem","position":4,"name":"Col\u00b7legia&#8217;t","item":"https:\/\/www.cofb.org\/que-oferim\/farmaceutics\/collegiat\/"},{"@type":"ListItem","position":5,"name":"Tramitaci\u00f3 d&#8217;alta com a col\u00b7legiat"}]},{"@type":"WebSite","@id":"https:\/\/www.cofb.org\/#website","url":"https:\/\/www.cofb.org\/","name":"Col\u00b7legi de Farmac\u00e8utics de Barcelona","description":"","publisher":{"@id":"https:\/\/www.cofb.org\/#organization"},"potentialAction":[{"@type":"SearchAction","target":{"@type":"EntryPoint","urlTemplate":"https:\/\/www.cofb.org\/?s={search_term_string}"},"query-input":"required name=search_term_string"}],"inLanguage":"ca"},{"@type":"Organization","@id":"https:\/\/www.cofb.org\/#organization","name":"Col\u00b7legi de Farmac\u00e8utics de Barcelona","url":"https:\/\/www.cofb.org\/","logo":{"@type":"ImageObject","inLanguage":"ca","@id":"https:\/\/www.cofb.org\/#\/schema\/logo\/image\/","url":"https:\/\/www.cofb.org\/wp-content\/uploads\/2023\/11\/cropped-Logotip-COFB.png","contentUrl":"https:\/\/www.cofb.org\/wp-content\/uploads\/2023\/11\/cropped-Logotip-COFB.png","width":500,"height":105,"caption":"Col\u00b7legi de Farmac\u00e8utics de Barcelona"},"image":{"@id":"https:\/\/www.cofb.org\/#\/schema\/logo\/image\/"},"sameAs":["https:\/\/www.facebook.com\/farmaceuticsbcn\/","https:\/\/twitter.com\/farmaceuticsbcn","https:\/\/www.instagram.com\/farmaceuticsbcn\/","https:\/\/www.linkedin.com\/company\/farmaceuticsbcn\/"]}]}},"uagb_featured_image_src":{"full":false,"thumbnail":false,"medium":false,"medium_large":false,"large":false,"1536x1536":false,"2048x2048":false,"trp-custom-language-flag":false},"uagb_author_info":{"display_name":"wpAdminCofbOrg","author_link":"https:\/\/www.cofb.org\/ca\/author\/wpadmincofborg\/"},"uagb_comment_info":0,"uagb_excerpt":"Perqu\u00e8 et puguis donar d\u2019alta com a col\u00b7legiat, \u00e9s imprescindible haver cursat la llicenciatura\/grau en Farm\u00e0cia. La incorporaci\u00f3 al col\u00b7legi professional corresponent \u00e9s un requisit necessari per a l&#8217;exercici de les professions col\u00b7legiades, segons la Llei 7\/2006, de 31 de maig, de l&#8217;exercici de professions titulades i dels col\u00b7legis professionals. [&hellip;]","_links":{"self":[{"href":"https:\/\/www.cofb.org\/ca\/wp-json\/wp\/v2\/pages\/3760","targetHints":{"allow":["GET"]}}],"collection":[{"href":"https:\/\/www.cofb.org\/ca\/wp-json\/wp\/v2\/pages"}],"about":[{"href":"https:\/\/www.cofb.org\/ca\/wp-json\/wp\/v2\/types\/page"}],"author":[{"embeddable":true,"href":"https:\/\/www.cofb.org\/ca\/wp-json\/wp\/v2\/users\/1"}],"replies":[{"embeddable":true,"href":"https:\/\/www.cofb.org\/ca\/wp-json\/wp\/v2\/comments?post=3760"}],"version-history":[{"count":8,"href":"https:\/\/www.cofb.org\/ca\/wp-json\/wp\/v2\/pages\/3760\/revisions"}],"predecessor-version":[{"id":79518,"href":"https:\/\/www.cofb.org\/ca\/wp-json\/wp\/v2\/pages\/3760\/revisions\/79518"}],"up":[{"embeddable":true,"href":"https:\/\/www.cofb.org\/ca\/wp-json\/wp\/v2\/pages\/2762"}],"wp:attachment":[{"href":"https:\/\/www.cofb.org\/ca\/wp-json\/wp\/v2\/media?parent=3760"}],"curies":[{"name":"wp","href":"https:\/\/api.w.org\/{rel}","templated":true}]}}