{"id":3662,"date":"2023-07-07T09:44:41","date_gmt":"2023-07-07T09:44:41","guid":{"rendered":"https:\/\/novaorg.cofb.net\/?page_id=3662"},"modified":"2023-07-18T07:08:06","modified_gmt":"2023-07-18T07:08:06","slug":"procediment","status":"publish","type":"page","link":"https:\/\/www.cofb.org\/ca\/qui-som\/el-collegi\/transparencia\/acces-a-la-informacio-publica\/procediment\/","title":{"rendered":"Procediment"},"content":{"rendered":"\n<p>Les sol\u00b7licituds d&#8217;acc\u00e9s a la informaci\u00f3 p\u00fablica es poden fer per qualsevol mitj\u00e0 que permeti tenir const\u00e0ncia de la identitat del sol\u00b7licitant, la informaci\u00f3 precisa a la qual es vol tenir acc\u00e9s, sense necessitat d&#8217;indicar cap document ni expedient concrets, la forma o el format en qu\u00e8 es prefereix tenir acc\u00e9s a la informaci\u00f3, i una adre\u00e7a de contacte, preferentment electr\u00f2nica, que serveixi per a les comunicacions entre el sol\u00b7licitant i l&#8217;Administraci\u00f3.<\/p>\n\n\n\n<p><strong>Les sol\u00b7licituds presentades per mitjans electr\u00f2nics s&#8217;han de poder tramitar amb l&#8217;\u00fas de la signatura electr\u00f2nica, per mitj\u00e0 d&#8217;un formulari electr\u00f2nic senzill i f\u00e0cilment accessible que el Portal de la Transpar\u00e8ncia<\/strong>&nbsp;ha de posar a disposici\u00f3 dels ciutadans, o per qualsevol altre mitj\u00e0 que s&#8217;estableixi per reglament.<\/p>\n\n\n\n<p>Una vegada presentada la sol\u00b7licitud, es notifica al sol\u00b7licitant la recepci\u00f3 de la sol\u00b7licitud indicant el dia de recepci\u00f3, la data m\u00e0xima per a resoldre i la persona responsable de la tramitaci\u00f3.<\/p>\n\n\n\n<p>Si una sol\u00b7licitud d&#8217;acc\u00e9s a la informaci\u00f3 p\u00fablica s&#8217;ha formulat en termes imprecisos o massa gen\u00e8rics, el Col\u00b7legi&nbsp; ho comunicar\u00e0 al sol\u00b7licitant i&nbsp; li demanar\u00e0&nbsp; que concreti la informaci\u00f3 a la qual vol tenir acc\u00e9s en un termini de 10 dies a comptar a partir de l&#8217;endem\u00e0 de la rebuda del requeriment.<\/p>\n\n\n\n<p>Si l&#8217;interessat no contesta dins el termini establert, se&#8217;l tindr\u00e0 per desistit.<\/p>\n\n\n\n<p>Inadmissi\u00f3 de sol\u00b7licituds: No seran admeses a tr\u00e0mit les sol\u00b7licituds d&#8217;acc\u00e9s a la informaci\u00f3 p\u00fablica en els sup\u00f2sits seg\u00fcents:<\/p>\n\n\n\n<p>a) Si demanen notes, esborranys, resums, opinions o qualsevol document de treball intern sense rellev\u00e0ncia o inter\u00e8s p\u00fablic.<\/p>\n\n\n\n<p>b) Si per a obtenir la informaci\u00f3 que demanen cal una tasca complexa d&#8217;elaboraci\u00f3 o reelaboraci\u00f3. En aquest cas, es pot donar la informaci\u00f3 de manera desglossada, amb l&#8217;audi\u00e8ncia pr\u00e8via del sol\u00b7licitant.<\/p>\n\n\n\n<p>c) Si la informaci\u00f3 que demanen \u00e9s en fase d&#8217;elaboraci\u00f3 i s&#8217;ha de fer p\u00fablica, d&#8217;acord amb les obligacions de transpar\u00e8ncia del t\u00edtol II, dins el termini de tres mesos.<\/p>\n\n\n\n<p>Tampoc no seran admeses a&nbsp; tr\u00e0mit les sol\u00b7licituds d&#8217;informaci\u00f3 consistents en consultes jur\u00eddiques o peticions d&#8217;informes o dict\u00e0mens, sens perjudici dels sup\u00f2sits de consulta o orientaci\u00f3 establerts per la legislaci\u00f3 general de procediment administratiu i per les lleis sectorials que es demanin d&#8217;acord amb la normativa corresponent.<\/p>\n\n\n\n<p>La inadmissi\u00f3 de sol\u00b7licituds ha de ser motivada i comunicada al sol\u00b7licitant.<\/p>\n\n\n\n<h2 class=\"wp-block-heading\">Termini per a resoldre:<\/h2>\n\n\n\n<ol class=\"wp-block-list\">\n<li>Les sol\u00b7licituds&nbsp; s&#8217;han de resoldre en el termini d&#8217;un mes, a comptar des de l&#8217;endem\u00e0 a la recepci\u00f3 de la sol\u00b7licitud.<\/li>\n\n\n\n<li>El Col\u00b7legi pot prorrogar aquest termini, si ho justifiquen el volum o la complexitat de la informaci\u00f3 requerida, fins a un termini igual a la meitat de l&#8217;inicial.<\/li>\n<\/ol>\n\n\n\n<p>Resoluci\u00f3: La resoluci\u00f3 ha de ser estimat\u00f2ria de la sol\u00b7licitud, llevat que sigui aplicable algun dels l\u00edmits establerts de la Llei de transpar\u00e8ncia.<\/p>\n\n\n\n<p>La resoluci\u00f3 haur\u00e0 d&#8217;indicar els recursos que l&#8217;interessat&nbsp; en el cas que&nbsp; s&#8217;estimi parcialment&nbsp; l&#8217;acc\u00e9s a la informaci\u00f3, o es desestimi en la seva totalitat.<\/p>\n\n\n\n<h2 class=\"wp-block-heading\">Silenci administratiu:<\/h2>\n\n\n\n<ol class=\"wp-block-list\">\n<li>Si l&#8217;Administraci\u00f3 no resol i notifica dins el termini establert, la sol\u00b7licitud s&#8217;ent\u00e9n estimada, llevat que una norma amb rang de llei estableixi expressament un efecte desestimatori, total o parcial, amb relaci\u00f3 a una determinada informaci\u00f3.<\/li>\n\n\n\n<li>En el cas de silenci administratiu estimatori, el Col\u00b7legi est\u00e0 obligat a facilitar l&#8217;acc\u00e9s a la informaci\u00f3 p\u00fablica en el termini&nbsp; de 30 dies, a comptar des del moment en qu\u00e8 el Col\u00b7legi incorre en silenci.<\/li>\n<\/ol>\n\n\n\n<h2 class=\"wp-block-heading\">Gratu\u00eftat i contraprestacions<\/h2>\n\n\n\n<ol class=\"wp-block-list\">\n<li>L&#8217;acc\u00e9s a la informaci\u00f3 p\u00fablica \u00e9s gratu\u00eft si les dades s\u00f3n consultades en el lloc on es troben dipositades, o b\u00e9 si existeixen en format electr\u00f2nic, cas en el qual han de ser lliurades per correu electr\u00f2nic.<\/li>\n\n\n\n<li>L&#8217;expedici\u00f3 de c\u00f2pies i la transposici\u00f3 a formats diferents de l&#8217;original poden restar subjectes a una contraprestaci\u00f3 econ\u00f2mica, la qual no pot excedir el cost de l&#8217;operaci\u00f3.<\/li>\n<\/ol>\n\n\n\n<p><a href=\"javascript: window.print()\"><\/a><\/p>\n","protected":false},"excerpt":{"rendered":"<p>Les sol\u00b7licituds d&#8217;acc\u00e9s a la informaci\u00f3 p\u00fablica es poden fer per qualsevol mitj\u00e0 que permeti tenir const\u00e0ncia de la identitat del sol\u00b7licitant, la informaci\u00f3 precisa a la qual es vol tenir acc\u00e9s, sense necessitat d&#8217;indicar cap document ni expedient concrets, la forma o el format en qu\u00e8 es prefereix tenir [&hellip;]<\/p>\n","protected":false},"author":1,"featured_media":0,"parent":3658,"menu_order":0,"comment_status":"closed","ping_status":"closed","template":"","meta":{"_uag_custom_page_level_css":"","site-sidebar-layout":"default","site-content-layout":"","ast-site-content-layout":"default","site-content-style":"default","site-sidebar-style":"default","ast-global-header-display":"","ast-banner-title-visibility":"","ast-main-header-display":"","ast-hfb-above-header-display":"","ast-hfb-below-header-display":"","ast-hfb-mobile-header-display":"","site-post-title":"","ast-breadcrumbs-content":"","ast-featured-img":"","footer-sml-layout":"","theme-transparent-header-meta":"","adv-header-id-meta":"","stick-header-meta":"","header-above-stick-meta":"","header-main-stick-meta":"","header-below-stick-meta":"","astra-migrate-meta-layouts":"default","ast-page-background-enabled":"default","ast-page-background-meta":{"desktop":{"background-color":"var(--ast-global-color-4)","background-image":"","background-repeat":"repeat","background-position":"center center","background-size":"auto","background-attachment":"scroll","background-type":"","background-media":"","overlay-type":"","overlay-color":"","overlay-opacity":"","overlay-gradient":""},"tablet":{"background-color":"","background-image":"","background-repeat":"repeat","background-position":"center center","background-size":"auto","background-attachment":"scroll","background-type":"","background-media":"","overlay-type":"","overlay-color":"","overlay-opacity":"","overlay-gradient":""},"mobile":{"background-color":"","background-image":"","background-repeat":"repeat","background-position":"center center","background-size":"auto","background-attachment":"scroll","background-type":"","background-media":"","overlay-type":"","overlay-color":"","overlay-opacity":"","overlay-gradient":""}},"ast-content-background-meta":{"desktop":{"background-color":"var(--ast-global-color-5)","background-image":"","background-repeat":"repeat","background-position":"center center","background-size":"auto","background-attachment":"scroll","background-type":"","background-media":"","overlay-type":"","overlay-color":"","overlay-opacity":"","overlay-gradient":""},"tablet":{"background-color":"var(--ast-global-color-5)","background-image":"","background-repeat":"repeat","background-position":"center center","background-size":"auto","background-attachment":"scroll","background-type":"","background-media":"","overlay-type":"","overlay-color":"","overlay-opacity":"","overlay-gradient":""},"mobile":{"background-color":"var(--ast-global-color-5)","background-image":"","background-repeat":"repeat","background-position":"center center","background-size":"auto","background-attachment":"scroll","background-type":"","background-media":"","overlay-type":"","overlay-color":"","overlay-opacity":"","overlay-gradient":""}},"footnotes":""},"class_list":["post-3662","page","type-page","status-publish","hentry"],"yoast_head":"<!-- This site is optimized with the Yoast SEO plugin v22.4 - https:\/\/yoast.com\/wordpress\/plugins\/seo\/ -->\n<title>Procediment - Col\u00b7legi de Farmac\u00e8utics de Barcelona<\/title>\n<meta name=\"robots\" content=\"index, follow, max-snippet:-1, max-image-preview:large, max-video-preview:-1\" \/>\n<link rel=\"canonical\" href=\"https:\/\/novaorg.cofb.net\/qui-som\/el-collegi\/transparencia\/acces-a-la-informacio-publica\/procediment\/\" \/>\n<meta property=\"og:locale\" content=\"ca_ES\" \/>\n<meta property=\"og:type\" content=\"article\" \/>\n<meta property=\"og:title\" content=\"Procediment - Col\u00b7legi de Farmac\u00e8utics de Barcelona\" \/>\n<meta property=\"og:description\" content=\"Les sol\u00b7licituds d&#8217;acc\u00e9s a la informaci\u00f3 p\u00fablica es poden fer per qualsevol mitj\u00e0 que permeti tenir const\u00e0ncia de la identitat del sol\u00b7licitant, la informaci\u00f3 precisa a la qual es vol tenir acc\u00e9s, sense necessitat d&#8217;indicar cap document ni expedient concrets, la forma o el format en qu\u00e8 es prefereix tenir [&hellip;]\" \/>\n<meta property=\"og:url\" content=\"https:\/\/novaorg.cofb.net\/qui-som\/el-collegi\/transparencia\/acces-a-la-informacio-publica\/procediment\/\" \/>\n<meta property=\"og:site_name\" content=\"Col\u00b7legi de Farmac\u00e8utics de Barcelona\" \/>\n<meta property=\"article:publisher\" content=\"https:\/\/www.facebook.com\/farmaceuticsbcn\/\" \/>\n<meta property=\"article:modified_time\" content=\"2023-07-18T07:08:06+00:00\" \/>\n<meta name=\"twitter:card\" content=\"summary_large_image\" \/>\n<meta name=\"twitter:site\" content=\"@farmaceuticsbcn\" \/>\n<meta name=\"twitter:label1\" content=\"Temps estimat de lectura\" \/>\n\t<meta name=\"twitter:data1\" content=\"3 minuts\" \/>\n<script type=\"application\/ld+json\" class=\"yoast-schema-graph\">{\"@context\":\"https:\/\/schema.org\",\"@graph\":[{\"@type\":\"WebPage\",\"@id\":\"https:\/\/novaorg.cofb.net\/qui-som\/el-collegi\/transparencia\/acces-a-la-informacio-publica\/procediment\/\",\"url\":\"https:\/\/novaorg.cofb.net\/qui-som\/el-collegi\/transparencia\/acces-a-la-informacio-publica\/procediment\/\",\"name\":\"Procediment - Col\u00b7legi de Farmac\u00e8utics de Barcelona\",\"isPartOf\":{\"@id\":\"https:\/\/www.cofb.org\/#website\"},\"datePublished\":\"2023-07-07T09:44:41+00:00\",\"dateModified\":\"2023-07-18T07:08:06+00:00\",\"breadcrumb\":{\"@id\":\"https:\/\/novaorg.cofb.net\/qui-som\/el-collegi\/transparencia\/acces-a-la-informacio-publica\/procediment\/#breadcrumb\"},\"inLanguage\":\"ca\",\"potentialAction\":[{\"@type\":\"ReadAction\",\"target\":[\"https:\/\/novaorg.cofb.net\/qui-som\/el-collegi\/transparencia\/acces-a-la-informacio-publica\/procediment\/\"]}]},{\"@type\":\"BreadcrumbList\",\"@id\":\"https:\/\/novaorg.cofb.net\/qui-som\/el-collegi\/transparencia\/acces-a-la-informacio-publica\/procediment\/#breadcrumb\",\"itemListElement\":[{\"@type\":\"ListItem\",\"position\":1,\"name\":\"Inici\",\"item\":\"https:\/\/novaorg.cofb.net\/\"},{\"@type\":\"ListItem\",\"position\":2,\"name\":\"Qui som?\",\"item\":\"https:\/\/novaorg.cofb.net\/qui-som\/\"},{\"@type\":\"ListItem\",\"position\":3,\"name\":\"El Col\u00b7legi\",\"item\":\"https:\/\/novaorg.cofb.net\/qui-som\/el-collegi\/\"},{\"@type\":\"ListItem\",\"position\":4,\"name\":\"Transpar\u00e8ncia\",\"item\":\"https:\/\/novaorg.cofb.net\/qui-som\/el-collegi\/transparencia\/\"},{\"@type\":\"ListItem\",\"position\":5,\"name\":\"Acc\u00e9s a la informaci\u00f3 p\u00fablica\",\"item\":\"https:\/\/novaorg.cofb.net\/qui-som\/el-collegi\/transparencia\/acces-a-la-informacio-publica\/\"},{\"@type\":\"ListItem\",\"position\":6,\"name\":\"Procediment\"}]},{\"@type\":\"WebSite\",\"@id\":\"https:\/\/www.cofb.org\/#website\",\"url\":\"https:\/\/www.cofb.org\/\",\"name\":\"Col\u00b7legi de Farmac\u00e8utics de Barcelona\",\"description\":\"\",\"publisher\":{\"@id\":\"https:\/\/www.cofb.org\/#organization\"},\"potentialAction\":[{\"@type\":\"SearchAction\",\"target\":{\"@type\":\"EntryPoint\",\"urlTemplate\":\"https:\/\/www.cofb.org\/?s={search_term_string}\"},\"query-input\":\"required name=search_term_string\"}],\"inLanguage\":\"ca\"},{\"@type\":\"Organization\",\"@id\":\"https:\/\/www.cofb.org\/#organization\",\"name\":\"Col\u00b7legi de Farmac\u00e8utics de Barcelona\",\"url\":\"https:\/\/www.cofb.org\/\",\"logo\":{\"@type\":\"ImageObject\",\"inLanguage\":\"ca\",\"@id\":\"https:\/\/www.cofb.org\/#\/schema\/logo\/image\/\",\"url\":\"https:\/\/www.cofb.org\/wp-content\/uploads\/2023\/11\/cropped-Logotip-COFB.png\",\"contentUrl\":\"https:\/\/www.cofb.org\/wp-content\/uploads\/2023\/11\/cropped-Logotip-COFB.png\",\"width\":500,\"height\":105,\"caption\":\"Col\u00b7legi de Farmac\u00e8utics de Barcelona\"},\"image\":{\"@id\":\"https:\/\/www.cofb.org\/#\/schema\/logo\/image\/\"},\"sameAs\":[\"https:\/\/www.facebook.com\/farmaceuticsbcn\/\",\"https:\/\/twitter.com\/farmaceuticsbcn\",\"https:\/\/www.instagram.com\/farmaceuticsbcn\/\",\"https:\/\/www.linkedin.com\/company\/farmaceuticsbcn\/\"]}]}<\/script>\n<!-- \/ Yoast SEO plugin. -->","yoast_head_json":{"title":"Procediment - Col\u00b7legi de Farmac\u00e8utics de Barcelona","robots":{"index":"index","follow":"follow","max-snippet":"max-snippet:-1","max-image-preview":"max-image-preview:large","max-video-preview":"max-video-preview:-1"},"canonical":"https:\/\/novaorg.cofb.net\/qui-som\/el-collegi\/transparencia\/acces-a-la-informacio-publica\/procediment\/","og_locale":"ca_ES","og_type":"article","og_title":"Procediment - Col\u00b7legi de Farmac\u00e8utics de Barcelona","og_description":"Les sol\u00b7licituds d&#8217;acc\u00e9s a la informaci\u00f3 p\u00fablica es poden fer per qualsevol mitj\u00e0 que permeti tenir const\u00e0ncia de la identitat del sol\u00b7licitant, la informaci\u00f3 precisa a la qual es vol tenir acc\u00e9s, sense necessitat d&#8217;indicar cap document ni expedient concrets, la forma o el format en qu\u00e8 es prefereix tenir [&hellip;]","og_url":"https:\/\/novaorg.cofb.net\/qui-som\/el-collegi\/transparencia\/acces-a-la-informacio-publica\/procediment\/","og_site_name":"Col\u00b7legi de Farmac\u00e8utics de Barcelona","article_publisher":"https:\/\/www.facebook.com\/farmaceuticsbcn\/","article_modified_time":"2023-07-18T07:08:06+00:00","twitter_card":"summary_large_image","twitter_site":"@farmaceuticsbcn","twitter_misc":{"Temps estimat de lectura":"3 minuts"},"schema":{"@context":"https:\/\/schema.org","@graph":[{"@type":"WebPage","@id":"https:\/\/novaorg.cofb.net\/qui-som\/el-collegi\/transparencia\/acces-a-la-informacio-publica\/procediment\/","url":"https:\/\/novaorg.cofb.net\/qui-som\/el-collegi\/transparencia\/acces-a-la-informacio-publica\/procediment\/","name":"Procediment - Col\u00b7legi de Farmac\u00e8utics de Barcelona","isPartOf":{"@id":"https:\/\/www.cofb.org\/#website"},"datePublished":"2023-07-07T09:44:41+00:00","dateModified":"2023-07-18T07:08:06+00:00","breadcrumb":{"@id":"https:\/\/novaorg.cofb.net\/qui-som\/el-collegi\/transparencia\/acces-a-la-informacio-publica\/procediment\/#breadcrumb"},"inLanguage":"ca","potentialAction":[{"@type":"ReadAction","target":["https:\/\/novaorg.cofb.net\/qui-som\/el-collegi\/transparencia\/acces-a-la-informacio-publica\/procediment\/"]}]},{"@type":"BreadcrumbList","@id":"https:\/\/novaorg.cofb.net\/qui-som\/el-collegi\/transparencia\/acces-a-la-informacio-publica\/procediment\/#breadcrumb","itemListElement":[{"@type":"ListItem","position":1,"name":"Inici","item":"https:\/\/novaorg.cofb.net\/"},{"@type":"ListItem","position":2,"name":"Qui som?","item":"https:\/\/novaorg.cofb.net\/qui-som\/"},{"@type":"ListItem","position":3,"name":"El Col\u00b7legi","item":"https:\/\/novaorg.cofb.net\/qui-som\/el-collegi\/"},{"@type":"ListItem","position":4,"name":"Transpar\u00e8ncia","item":"https:\/\/novaorg.cofb.net\/qui-som\/el-collegi\/transparencia\/"},{"@type":"ListItem","position":5,"name":"Acc\u00e9s a la informaci\u00f3 p\u00fablica","item":"https:\/\/novaorg.cofb.net\/qui-som\/el-collegi\/transparencia\/acces-a-la-informacio-publica\/"},{"@type":"ListItem","position":6,"name":"Procediment"}]},{"@type":"WebSite","@id":"https:\/\/www.cofb.org\/#website","url":"https:\/\/www.cofb.org\/","name":"Col\u00b7legi de Farmac\u00e8utics de Barcelona","description":"","publisher":{"@id":"https:\/\/www.cofb.org\/#organization"},"potentialAction":[{"@type":"SearchAction","target":{"@type":"EntryPoint","urlTemplate":"https:\/\/www.cofb.org\/?s={search_term_string}"},"query-input":"required name=search_term_string"}],"inLanguage":"ca"},{"@type":"Organization","@id":"https:\/\/www.cofb.org\/#organization","name":"Col\u00b7legi de Farmac\u00e8utics de Barcelona","url":"https:\/\/www.cofb.org\/","logo":{"@type":"ImageObject","inLanguage":"ca","@id":"https:\/\/www.cofb.org\/#\/schema\/logo\/image\/","url":"https:\/\/www.cofb.org\/wp-content\/uploads\/2023\/11\/cropped-Logotip-COFB.png","contentUrl":"https:\/\/www.cofb.org\/wp-content\/uploads\/2023\/11\/cropped-Logotip-COFB.png","width":500,"height":105,"caption":"Col\u00b7legi de Farmac\u00e8utics de Barcelona"},"image":{"@id":"https:\/\/www.cofb.org\/#\/schema\/logo\/image\/"},"sameAs":["https:\/\/www.facebook.com\/farmaceuticsbcn\/","https:\/\/twitter.com\/farmaceuticsbcn","https:\/\/www.instagram.com\/farmaceuticsbcn\/","https:\/\/www.linkedin.com\/company\/farmaceuticsbcn\/"]}]}},"uagb_featured_image_src":{"full":false,"thumbnail":false,"medium":false,"medium_large":false,"large":false,"1536x1536":false,"2048x2048":false,"trp-custom-language-flag":false},"uagb_author_info":{"display_name":"wpAdminCofbOrg","author_link":"https:\/\/www.cofb.org\/ca\/author\/wpadmincofborg\/"},"uagb_comment_info":0,"uagb_excerpt":"Les sol\u00b7licituds d&#8217;acc\u00e9s a la informaci\u00f3 p\u00fablica es poden fer per qualsevol mitj\u00e0 que permeti tenir const\u00e0ncia de la identitat del sol\u00b7licitant, la informaci\u00f3 precisa a la qual es vol tenir acc\u00e9s, sense necessitat d&#8217;indicar cap document ni expedient concrets, la forma o el format en qu\u00e8 es prefereix tenir [&hellip;]","_links":{"self":[{"href":"https:\/\/www.cofb.org\/ca\/wp-json\/wp\/v2\/pages\/3662","targetHints":{"allow":["GET"]}}],"collection":[{"href":"https:\/\/www.cofb.org\/ca\/wp-json\/wp\/v2\/pages"}],"about":[{"href":"https:\/\/www.cofb.org\/ca\/wp-json\/wp\/v2\/types\/page"}],"author":[{"embeddable":true,"href":"https:\/\/www.cofb.org\/ca\/wp-json\/wp\/v2\/users\/1"}],"replies":[{"embeddable":true,"href":"https:\/\/www.cofb.org\/ca\/wp-json\/wp\/v2\/comments?post=3662"}],"version-history":[{"count":4,"href":"https:\/\/www.cofb.org\/ca\/wp-json\/wp\/v2\/pages\/3662\/revisions"}],"predecessor-version":[{"id":67187,"href":"https:\/\/www.cofb.org\/ca\/wp-json\/wp\/v2\/pages\/3662\/revisions\/67187"}],"up":[{"embeddable":true,"href":"https:\/\/www.cofb.org\/ca\/wp-json\/wp\/v2\/pages\/3658"}],"wp:attachment":[{"href":"https:\/\/www.cofb.org\/ca\/wp-json\/wp\/v2\/media?parent=3662"}],"curies":[{"name":"wp","href":"https:\/\/api.w.org\/{rel}","templated":true}]}}